{"id":11722,"date":"2016-04-14T16:50:43","date_gmt":"2016-04-14T14:50:43","guid":{"rendered":"http:\/\/whynotwein.eu\/en\/weinregionen\/niederoesterreich\/wachau\/"},"modified":"2022-11-29T09:01:58","modified_gmt":"2022-11-29T08:01:58","slug":"wachau","status":"publish","type":"page","link":"https:\/\/whynotwein.eu\/en\/wine-regions\/lower-austria\/wachau\/","title":{"rendered":"Wachau"},"content":{"rendered":"\n<div class=\"wp-block-uagb-container uagb-block-498466fc alignfull uagb-is-root-container\"><div class=\"uagb-container-inner-blocks-wrap\">\n<div class=\"wp-block-uagb-container uagb-block-b03e3121 alignfull uagb-is-root-container\"><div class=\"uagb-container-inner-blocks-wrap\">\n<div class=\"wp-block-uagb-image uagb-block-b86c5c4b wp-block-uagb-image--layout-default wp-block-uagb-image--effect-static wp-block-uagb-image--align-center\"><figure class=\"wp-block-uagb-image__figure\"><a class=\"\" href=\"https:\/\/pswp.fra1.digitaloceanspaces.com\/w\/20250922165934\/website-steiermark-wappen.jpeg\" target=\"\" rel=\"noopener\"><img decoding=\"async\" srcset=\"https:\/\/pswp.fra1.digitaloceanspaces.com\/w\/20250922165937\/website-niederoesterreich-wappen-176x300.png \" src=\"https:\/\/pswp.fra1.digitaloceanspaces.com\/w\/20250922165937\/website-niederoesterreich-wappen-176x300.png\" alt=\"\" class=\"uag-image-26454\" width=\"176\" height=\"300\" title=\"\"\/><\/a><\/figure><\/div>\n\n\n\n<div class=\"wp-block-uagb-icon-list uagb-block-c739a6ca\"><div class=\"uagb-icon-list__wrap\">\n<div class=\"wp-block-uagb-icon-list-child uagb-block-be41af99\"><span class=\"uagb-icon-list__source-wrap\"><svg xmlns=\"https:\/\/www.w3.org\/2000\/svg\" viewbox=\"0 0 512 512\"><path d=\"M256 0C114.6 0 0 114.6 0 256c0 141.4 114.6 256 256 256s256-114.6 256-256C512 114.6 397.4 0 256 0zM406.6 278.6l-103.1 103.1c-12.5 12.5-32.75 12.5-45.25 0s-12.5-32.75 0-45.25L306.8 288H128C110.3 288 96 273.7 96 256s14.31-32 32-32h178.8l-49.38-49.38c-12.5-12.5-12.5-32.75 0-45.25s32.75-12.5 45.25 0l103.1 103.1C414.6 241.3 416 251.1 416 256C416 260.9 414.6 270.7 406.6 278.6z\"><\/path><\/svg><\/span><span class=\"uagb-icon-list__label\">Steep terraces, noble vines, monumental wines<\/span><\/div>\n\n\n\n<div class=\"wp-block-uagb-icon-list-child uagb-block-f4ed8cbf\"><span class=\"uagb-icon-list__source-wrap\"><svg xmlns=\"https:\/\/www.w3.org\/2000\/svg\" viewbox=\"0 0 512 512\"><path d=\"M256 0C114.6 0 0 114.6 0 256c0 141.4 114.6 256 256 256s256-114.6 256-256C512 114.6 397.4 0 256 0zM406.6 278.6l-103.1 103.1c-12.5 12.5-32.75 12.5-45.25 0s-12.5-32.75 0-45.25L306.8 288H128C110.3 288 96 273.7 96 256s14.31-32 32-32h178.8l-49.38-49.38c-12.5-12.5-12.5-32.75 0-45.25s32.75-12.5 45.25 0l103.1 103.1C414.6 241.3 416 251.1 416 256C416 260.9 414.6 270.7 406.6 278.6z\"><\/path><\/svg><\/span><span class=\"uagb-icon-list__label\">Cool downdrafts<\/span><\/div>\n\n\n\n<div class=\"wp-block-uagb-icon-list-child uagb-block-debe96bb\"><span class=\"uagb-icon-list__source-wrap\"><svg xmlns=\"https:\/\/www.w3.org\/2000\/svg\" viewbox=\"0 0 512 512\"><path d=\"M256 0C114.6 0 0 114.6 0 256c0 141.4 114.6 256 256 256s256-114.6 256-256C512 114.6 397.4 0 256 0zM406.6 278.6l-103.1 103.1c-12.5 12.5-32.75 12.5-45.25 0s-12.5-32.75 0-45.25L306.8 288H128C110.3 288 96 273.7 96 256s14.31-32 32-32h178.8l-49.38-49.38c-12.5-12.5-12.5-32.75 0-45.25s32.75-12.5 45.25 0l103.1 103.1C414.6 241.3 416 251.1 416 256C416 260.9 414.6 270.7 406.6 278.6z\"><\/path><\/svg><\/span><span class=\"uagb-icon-list__label\">Hillside<\/span><\/div>\n<\/div><\/div>\n<\/div><\/div>\n\n\n\n<div class=\"wp-block-uagb-container uagb-block-024dc45e alignfull uagb-is-root-container\"><div class=\"uagb-container-inner-blocks-wrap\">\n<h3 class=\"wp-block-heading\">Wine region Wachau<\/h3>\n\n\n\n<p>World Heritage Site and enchanting feel-good landscape &#8211; that is the Wachau, the narrow Danube valley between Melk and Krems. On 1350 hectares, partly on steep terraces, are mainly Gr\u00fcner Veltliner and Riesling. The wine categories &#8220;Steinfeder&#8221;, &#8220;Federspiel&#8221; and &#8220;Smaragd&#8221; stand for the naturalness of the Wachau wines. The history of the origins of one of Austria&#8217;s most fascinating wine-growing regions is exciting. In the post-glacial period, dusty soils settled in the lee of the mountains, which became today&#8217;s loess soils on the one hand, and the steep slopes of Gf\u00f6hler gneiss on the other. Also the Danube contributed its part by depositing sand, gravel and alluvial loess in the flat areas. These geological terrain conditions in combination with the terraces created by man as &#8220;landscape caretakers&#8221; for the cultivation of the best steep slopes draw the striking picture of the Wachau wine landscape. The climate is also exciting, because here two strong influences meet &#8211; not head-on, but closely interlocked: the western Atlantic and the eastern Pannonian climate. Depending on the slope, exposition, terrain formation as well as the heat-storing walls and rocks, micro-climatic zones become effective.<\/p>\n\n\n\n<p>The hot, dry summers and the severe winters are balanced by the large water surface of the Danube. The cool downdrafts from the northern Waldviertel cause large fluctuations between day and night temperatures, especially in the months before harvest. From the cooler Spitzer Graben to the warmer Loibenberg, this interaction gives rise to the multi-layered aromas of the grapes. This becomes noticeable in the wines as cool fruit with sometimes exotic hints: from the slender Steinfeder to the elegant Federspiel to the noble Smaragd, defined by the indispensable protective association &#8220;Vinea Wachau&#8221;. And once again it will be exciting to go in search of wine-culinary addresses in the historic ambience of the wine villages. Top vintners and top restaurateurs can be found at every turn in the Wachau, from Spitz to Wei\u00dfenkirchen, W\u00f6sendorf and Joching to D\u00fcrnstein and Loiben; although one or two side trips to the right bank of the Danube are recommended. In addition to the ruling pair of Riesling and Veltliner &#8211; praised for their exceptional aging potential &#8211; Pinot Blanc, Neuburger, Muscat or Sauvignon Blanc also guarantee excellent taste experiences.<\/p>\n<\/div><\/div>\n<\/div><\/div>\n\n<figure class=\"wp-block-gallery has-nested-images columns-default is-cropped wp-block-gallery-1 is-layout-flex wp-block-gallery-is-layout-flex\">\n<figure class=\"wp-block-image size-full\"><a href=\"https:\/\/pswp.fra1.digitaloceanspaces.com\/w\/20250922170208\/website-weinreben-wachau.jpg\"><img decoding=\"async\" data-id=\"21319\" src=\"https:\/\/pswp.fra1.digitaloceanspaces.com\/w\/20250922170208\/website-weinreben-wachau.jpg\" alt=\"\" class=\"wp-image-21319\"\/><\/a><\/figure>\n\n\n\n<figure class=\"wp-block-image size-full\"><a href=\"https:\/\/pswp.fra1.digitaloceanspaces.com\/w\/20250922170442\/website-domaene-wachau2.png\"><img decoding=\"async\" width=\"540\" height=\"359\" data-id=\"12920\" src=\"https:\/\/pswp.fra1.digitaloceanspaces.com\/w\/20250922170442\/website-domaene-wachau2.png\" alt=\"\" class=\"wp-image-12920\" srcset=\"https:\/\/pswp.fra1.digitaloceanspaces.com\/w\/20250922170442\/website-domaene-wachau2.png 540w, https:\/\/pswp.fra1.digitaloceanspaces.com\/w\/20250922170442\/website-domaene-wachau2-450x299.png 450w, https:\/\/pswp.fra1.digitaloceanspaces.com\/w\/20250922170442\/website-domaene-wachau2-300x199.png 300w\" sizes=\"(max-width: 540px) 100vw, 540px\" \/><\/a><\/figure>\n\n\n\n<figure class=\"wp-block-image size-large\"><a href=\"https:\/\/pswp.fra1.digitaloceanspaces.com\/w\/20250922170207\/website-weinreben-wachau-stein.jpg\"><img decoding=\"async\" width=\"1030\" height=\"773\" data-id=\"21324\" src=\"https:\/\/pswp.fra1.digitaloceanspaces.com\/w\/20250922170207\/website-weinreben-wachau-stein-1030x773.jpg\" alt=\"\" class=\"wp-image-21324\" srcset=\"https:\/\/pswp.fra1.digitaloceanspaces.com\/w\/20250922170207\/website-weinreben-wachau-stein-1030x773.jpg 1030w, https:\/\/pswp.fra1.digitaloceanspaces.com\/w\/20250922170207\/website-weinreben-wachau-stein-450x338.jpg 450w, https:\/\/pswp.fra1.digitaloceanspaces.com\/w\/20250922170207\/website-weinreben-wachau-stein-300x225.jpg 300w, https:\/\/pswp.fra1.digitaloceanspaces.com\/w\/20250922170207\/website-weinreben-wachau-stein-768x576.jpg 768w, https:\/\/pswp.fra1.digitaloceanspaces.com\/w\/20250922170207\/website-weinreben-wachau-stein-1536x1152.jpg 1536w, https:\/\/pswp.fra1.digitaloceanspaces.com\/w\/20250922170207\/website-weinreben-wachau-stein-2048x1536.jpg 2048w, https:\/\/pswp.fra1.digitaloceanspaces.com\/w\/20250922170207\/website-weinreben-wachau-stein-1500x1125.jpg 1500w, https:\/\/pswp.fra1.digitaloceanspaces.com\/w\/20250922170207\/website-weinreben-wachau-stein-705x529.jpg 705w, https:\/\/pswp.fra1.digitaloceanspaces.com\/w\/20250922170207\/website-weinreben-wachau-stein.jpg 1600w\" sizes=\"(max-width: 1030px) 100vw, 1030px\" \/><\/a><\/figure>\n<\/figure>\n","protected":false},"excerpt":{"rendered":"<p>Wine region Wachau World Heritage Site and enchanting feel-good landscape &#8211; that is the Wachau, the narrow Danube valley between Melk and Krems. On 1350 hectares, partly on steep terraces, are mainly Gr\u00fcner Veltliner and Riesling. The wine categories &#8220;Steinfeder&#8221;, &#8220;Federspiel&#8221; and &#8220;Smaragd&#8221; stand for the naturalness of the Wachau wines. The history of the [&hellip;]<\/p>\n","protected":false},"author":2345,"featured_media":0,"parent":11641,"menu_order":0,"comment_status":"closed","ping_status":"closed","template":"","meta":{"_eb_attr":"","_uag_custom_page_level_css":"","site-sidebar-layout":"default","site-content-layout":"","ast-site-content-layout":"default","site-content-style":"default","site-sidebar-style":"default","ast-global-header-display":"","ast-banner-title-visibility":"","ast-main-header-display":"","ast-hfb-above-header-display":"","ast-hfb-below-header-display":"","ast-hfb-mobile-header-display":"","site-post-title":"","ast-breadcrumbs-content":"","ast-featured-img":"","footer-sml-layout":"","ast-disable-related-posts":"","theme-transparent-header-meta":"","adv-header-id-meta":"","stick-header-meta":"","header-above-stick-meta":"","header-main-stick-meta":"","header-below-stick-meta":"","astra-migrate-meta-layouts":"default","ast-page-background-enabled":"default","ast-page-background-meta":{"desktop":{"background-color":"var(--ast-global-color-4)","background-image":"","background-repeat":"repeat","background-position":"center center","background-size":"auto","background-attachment":"scroll","background-type":"","background-media":"","overlay-type":"","overlay-color":"","overlay-opacity":"","overlay-gradient":""},"tablet":{"background-color":"","background-image":"","background-repeat":"repeat","background-position":"center center","background-size":"auto","background-attachment":"scroll","background-type":"","background-media":"","overlay-type":"","overlay-color":"","overlay-opacity":"","overlay-gradient":""},"mobile":{"background-color":"","background-image":"","background-repeat":"repeat","background-position":"center center","background-size":"auto","background-attachment":"scroll","background-type":"","background-media":"","overlay-type":"","overlay-color":"","overlay-opacity":"","overlay-gradient":""}},"ast-content-background-meta":{"desktop":{"background-color":"var(--ast-global-color-5)","background-image":"","background-repeat":"repeat","background-position":"center center","background-size":"auto","background-attachment":"scroll","background-type":"","background-media":"","overlay-type":"","overlay-color":"","overlay-opacity":"","overlay-gradient":""},"tablet":{"background-color":"var(--ast-global-color-5)","background-image":"","background-repeat":"repeat","background-position":"center center","background-size":"auto","background-attachment":"scroll","background-type":"","background-media":"","overlay-type":"","overlay-color":"","overlay-opacity":"","overlay-gradient":""},"mobile":{"background-color":"var(--ast-global-color-5)","background-image":"","background-repeat":"repeat","background-position":"center center","background-size":"auto","background-attachment":"scroll","background-type":"","background-media":"","overlay-type":"","overlay-color":"","overlay-opacity":"","overlay-gradient":""}},"footnotes":""},"class_list":["post-11722","page","type-page","status-publish","hentry"],"yoast_head":"<!-- This site is optimized with the Yoast SEO plugin v27.3 - https:\/\/yoast.com\/product\/yoast-seo-wordpress\/ -->\n<title>Wachau - WhyNotWein<\/title>\n<meta name=\"robots\" content=\"index, follow, max-snippet:-1, max-image-preview:large, max-video-preview:-1\" \/>\n<link rel=\"canonical\" href=\"https:\/\/whynotwein.eu\/en\/wine-regions\/lower-austria\/wachau\/\" \/>\n<meta property=\"og:locale\" content=\"en_US\" \/>\n<meta property=\"og:type\" content=\"article\" \/>\n<meta property=\"og:title\" content=\"Wachau - WhyNotWein\" \/>\n<meta property=\"og:description\" content=\"Wine region Wachau World Heritage Site and enchanting feel-good landscape &#8211; that is the Wachau, the narrow Danube valley between Melk and Krems. On 1350 hectares, partly on steep terraces, are mainly Gr\u00fcner Veltliner and Riesling. The wine categories &#8220;Steinfeder&#8221;, &#8220;Federspiel&#8221; and &#8220;Smaragd&#8221; stand for the naturalness of the Wachau wines. The history of the [&hellip;]\" \/>\n<meta property=\"og:url\" content=\"https:\/\/whynotwein.eu\/en\/wine-regions\/lower-austria\/wachau\/\" \/>\n<meta property=\"og:site_name\" content=\"WhyNotWein\" \/>\n<meta property=\"article:modified_time\" content=\"2022-11-29T08:01:58+00:00\" \/>\n<meta property=\"og:image\" content=\"https:\/\/whynotwein.eu\/wp-content\/uploads\/2022\/11\/website-niederoesterreich-wappen-176x300.png\" \/>\n<meta name=\"twitter:card\" content=\"summary_large_image\" \/>\n<meta name=\"twitter:label1\" content=\"Est. reading time\" \/>\n\t<meta name=\"twitter:data1\" content=\"2 minutes\" \/>\n<script type=\"application\/ld+json\" class=\"yoast-schema-graph\">{\"@context\":\"https:\\\/\\\/schema.org\",\"@graph\":[{\"@type\":\"WebPage\",\"@id\":\"https:\\\/\\\/whynotwein.eu\\\/en\\\/wine-regions\\\/lower-austria\\\/wachau\\\/\",\"url\":\"https:\\\/\\\/whynotwein.eu\\\/en\\\/wine-regions\\\/lower-austria\\\/wachau\\\/\",\"name\":\"Wachau - WhyNotWein\",\"isPartOf\":{\"@id\":\"https:\\\/\\\/whynotwein.eu\\\/en\\\/#website\"},\"primaryImageOfPage\":{\"@id\":\"https:\\\/\\\/whynotwein.eu\\\/en\\\/wine-regions\\\/lower-austria\\\/wachau\\\/#primaryimage\"},\"image\":{\"@id\":\"https:\\\/\\\/whynotwein.eu\\\/en\\\/wine-regions\\\/lower-austria\\\/wachau\\\/#primaryimage\"},\"thumbnailUrl\":\"https:\\\/\\\/whynotwein.eu\\\/wp-content\\\/uploads\\\/2022\\\/11\\\/website-niederoesterreich-wappen-176x300.png\",\"datePublished\":\"2016-04-14T14:50:43+00:00\",\"dateModified\":\"2022-11-29T08:01:58+00:00\",\"breadcrumb\":{\"@id\":\"https:\\\/\\\/whynotwein.eu\\\/en\\\/wine-regions\\\/lower-austria\\\/wachau\\\/#breadcrumb\"},\"inLanguage\":\"en-US\",\"potentialAction\":[{\"@type\":\"ReadAction\",\"target\":[\"https:\\\/\\\/whynotwein.eu\\\/en\\\/wine-regions\\\/lower-austria\\\/wachau\\\/\"]}]},{\"@type\":\"ImageObject\",\"inLanguage\":\"en-US\",\"@id\":\"https:\\\/\\\/whynotwein.eu\\\/en\\\/wine-regions\\\/lower-austria\\\/wachau\\\/#primaryimage\",\"url\":\"https:\\\/\\\/whynotwein.eu\\\/wp-content\\\/uploads\\\/2022\\\/11\\\/website-niederoesterreich-wappen-176x300.png\",\"contentUrl\":\"https:\\\/\\\/whynotwein.eu\\\/wp-content\\\/uploads\\\/2022\\\/11\\\/website-niederoesterreich-wappen-176x300.png\"},{\"@type\":\"BreadcrumbList\",\"@id\":\"https:\\\/\\\/whynotwein.eu\\\/en\\\/wine-regions\\\/lower-austria\\\/wachau\\\/#breadcrumb\",\"itemListElement\":[{\"@type\":\"ListItem\",\"position\":1,\"name\":\"Home\",\"item\":\"https:\\\/\\\/whynotwein.eu\\\/en\\\/\"},{\"@type\":\"ListItem\",\"position\":2,\"name\":\"Wine regions\",\"item\":\"https:\\\/\\\/whynotwein.eu\\\/en\\\/wine-regions\\\/\"},{\"@type\":\"ListItem\",\"position\":3,\"name\":\"Lower Austria\",\"item\":\"https:\\\/\\\/whynotwein.eu\\\/en\\\/wine-regions\\\/lower-austria\\\/\"},{\"@type\":\"ListItem\",\"position\":4,\"name\":\"Wachau\"}]},{\"@type\":\"WebSite\",\"@id\":\"https:\\\/\\\/whynotwein.eu\\\/en\\\/#website\",\"url\":\"https:\\\/\\\/whynotwein.eu\\\/en\\\/\",\"name\":\"WhyNotWein\",\"description\":\"Austrian Wines in Belgium\",\"publisher\":{\"@id\":\"https:\\\/\\\/whynotwein.eu\\\/en\\\/#organization\"},\"potentialAction\":[{\"@type\":\"SearchAction\",\"target\":{\"@type\":\"EntryPoint\",\"urlTemplate\":\"https:\\\/\\\/whynotwein.eu\\\/en\\\/?s={search_term_string}\"},\"query-input\":{\"@type\":\"PropertyValueSpecification\",\"valueRequired\":true,\"valueName\":\"search_term_string\"}}],\"inLanguage\":\"en-US\"},{\"@type\":\"Organization\",\"@id\":\"https:\\\/\\\/whynotwein.eu\\\/en\\\/#organization\",\"name\":\"WhyNotWein\",\"url\":\"https:\\\/\\\/whynotwein.eu\\\/en\\\/\",\"logo\":{\"@type\":\"ImageObject\",\"inLanguage\":\"en-US\",\"@id\":\"https:\\\/\\\/whynotwein.eu\\\/en\\\/#\\\/schema\\\/logo\\\/image\\\/\",\"url\":\"https:\\\/\\\/whynotwein.eu\\\/wp-content\\\/uploads\\\/2015\\\/12\\\/WhyNotWein_Logo_340.png\",\"contentUrl\":\"https:\\\/\\\/whynotwein.eu\\\/wp-content\\\/uploads\\\/2015\\\/12\\\/WhyNotWein_Logo_340.png\",\"width\":340,\"height\":156,\"caption\":\"WhyNotWein\"},\"image\":{\"@id\":\"https:\\\/\\\/whynotwein.eu\\\/en\\\/#\\\/schema\\\/logo\\\/image\\\/\"}}]}<\/script>\n<!-- \/ Yoast SEO plugin. -->","yoast_head_json":{"title":"Wachau - WhyNotWein","robots":{"index":"index","follow":"follow","max-snippet":"max-snippet:-1","max-image-preview":"max-image-preview:large","max-video-preview":"max-video-preview:-1"},"canonical":"https:\/\/whynotwein.eu\/en\/wine-regions\/lower-austria\/wachau\/","og_locale":"en_US","og_type":"article","og_title":"Wachau - WhyNotWein","og_description":"Wine region Wachau World Heritage Site and enchanting feel-good landscape &#8211; that is the Wachau, the narrow Danube valley between Melk and Krems. On 1350 hectares, partly on steep terraces, are mainly Gr\u00fcner Veltliner and Riesling. The wine categories &#8220;Steinfeder&#8221;, &#8220;Federspiel&#8221; and &#8220;Smaragd&#8221; stand for the naturalness of the Wachau wines. The history of the [&hellip;]","og_url":"https:\/\/whynotwein.eu\/en\/wine-regions\/lower-austria\/wachau\/","og_site_name":"WhyNotWein","article_modified_time":"2022-11-29T08:01:58+00:00","og_image":[{"url":"https:\/\/whynotwein.eu\/wp-content\/uploads\/2022\/11\/website-niederoesterreich-wappen-176x300.png","type":"","width":"","height":""}],"twitter_card":"summary_large_image","twitter_misc":{"Est. reading time":"2 minutes"},"schema":{"@context":"https:\/\/schema.org","@graph":[{"@type":"WebPage","@id":"https:\/\/whynotwein.eu\/en\/wine-regions\/lower-austria\/wachau\/","url":"https:\/\/whynotwein.eu\/en\/wine-regions\/lower-austria\/wachau\/","name":"Wachau - WhyNotWein","isPartOf":{"@id":"https:\/\/whynotwein.eu\/en\/#website"},"primaryImageOfPage":{"@id":"https:\/\/whynotwein.eu\/en\/wine-regions\/lower-austria\/wachau\/#primaryimage"},"image":{"@id":"https:\/\/whynotwein.eu\/en\/wine-regions\/lower-austria\/wachau\/#primaryimage"},"thumbnailUrl":"https:\/\/whynotwein.eu\/wp-content\/uploads\/2022\/11\/website-niederoesterreich-wappen-176x300.png","datePublished":"2016-04-14T14:50:43+00:00","dateModified":"2022-11-29T08:01:58+00:00","breadcrumb":{"@id":"https:\/\/whynotwein.eu\/en\/wine-regions\/lower-austria\/wachau\/#breadcrumb"},"inLanguage":"en-US","potentialAction":[{"@type":"ReadAction","target":["https:\/\/whynotwein.eu\/en\/wine-regions\/lower-austria\/wachau\/"]}]},{"@type":"ImageObject","inLanguage":"en-US","@id":"https:\/\/whynotwein.eu\/en\/wine-regions\/lower-austria\/wachau\/#primaryimage","url":"https:\/\/whynotwein.eu\/wp-content\/uploads\/2022\/11\/website-niederoesterreich-wappen-176x300.png","contentUrl":"https:\/\/whynotwein.eu\/wp-content\/uploads\/2022\/11\/website-niederoesterreich-wappen-176x300.png"},{"@type":"BreadcrumbList","@id":"https:\/\/whynotwein.eu\/en\/wine-regions\/lower-austria\/wachau\/#breadcrumb","itemListElement":[{"@type":"ListItem","position":1,"name":"Home","item":"https:\/\/whynotwein.eu\/en\/"},{"@type":"ListItem","position":2,"name":"Wine regions","item":"https:\/\/whynotwein.eu\/en\/wine-regions\/"},{"@type":"ListItem","position":3,"name":"Lower Austria","item":"https:\/\/whynotwein.eu\/en\/wine-regions\/lower-austria\/"},{"@type":"ListItem","position":4,"name":"Wachau"}]},{"@type":"WebSite","@id":"https:\/\/whynotwein.eu\/en\/#website","url":"https:\/\/whynotwein.eu\/en\/","name":"WhyNotWein","description":"Austrian Wines in Belgium","publisher":{"@id":"https:\/\/whynotwein.eu\/en\/#organization"},"potentialAction":[{"@type":"SearchAction","target":{"@type":"EntryPoint","urlTemplate":"https:\/\/whynotwein.eu\/en\/?s={search_term_string}"},"query-input":{"@type":"PropertyValueSpecification","valueRequired":true,"valueName":"search_term_string"}}],"inLanguage":"en-US"},{"@type":"Organization","@id":"https:\/\/whynotwein.eu\/en\/#organization","name":"WhyNotWein","url":"https:\/\/whynotwein.eu\/en\/","logo":{"@type":"ImageObject","inLanguage":"en-US","@id":"https:\/\/whynotwein.eu\/en\/#\/schema\/logo\/image\/","url":"https:\/\/whynotwein.eu\/wp-content\/uploads\/2015\/12\/WhyNotWein_Logo_340.png","contentUrl":"https:\/\/whynotwein.eu\/wp-content\/uploads\/2015\/12\/WhyNotWein_Logo_340.png","width":340,"height":156,"caption":"WhyNotWein"},"image":{"@id":"https:\/\/whynotwein.eu\/en\/#\/schema\/logo\/image\/"}}]}},"uagb_featured_image_src":{"full":false,"thumbnail":false,"medium":false,"medium_large":false,"large":false,"1536x1536":false,"2048x2048":false,"gform-image-choice-sm":false,"gform-image-choice-md":false,"gform-image-choice-lg":false,"woocommerce_thumbnail":false,"woocommerce_single":false,"woocommerce_gallery_thumbnail":false},"uagb_author_info":{"display_name":"Ren\u00e9 Clausen","author_link":"https:\/\/whynotwein.eu\/en\/author\/rene\/"},"uagb_comment_info":0,"uagb_excerpt":"Wine region Wachau World Heritage Site and enchanting feel-good landscape &#8211; that is the Wachau, the narrow Danube valley between Melk and Krems. On 1350 hectares, partly on steep terraces, are mainly Gr\u00fcner Veltliner and Riesling. The wine categories &#8220;Steinfeder&#8221;, &#8220;Federspiel&#8221; and &#8220;Smaragd&#8221; stand for the naturalness of the Wachau wines. The history of the&hellip;","_links":{"self":[{"href":"https:\/\/whynotwein.eu\/en\/wp-json\/wp\/v2\/pages\/11722","targetHints":{"allow":["GET"]}}],"collection":[{"href":"https:\/\/whynotwein.eu\/en\/wp-json\/wp\/v2\/pages"}],"about":[{"href":"https:\/\/whynotwein.eu\/en\/wp-json\/wp\/v2\/types\/page"}],"author":[{"embeddable":true,"href":"https:\/\/whynotwein.eu\/en\/wp-json\/wp\/v2\/users\/2345"}],"replies":[{"embeddable":true,"href":"https:\/\/whynotwein.eu\/en\/wp-json\/wp\/v2\/comments?post=11722"}],"version-history":[{"count":7,"href":"https:\/\/whynotwein.eu\/en\/wp-json\/wp\/v2\/pages\/11722\/revisions"}],"predecessor-version":[{"id":27100,"href":"https:\/\/whynotwein.eu\/en\/wp-json\/wp\/v2\/pages\/11722\/revisions\/27100"}],"up":[{"embeddable":true,"href":"https:\/\/whynotwein.eu\/en\/wp-json\/wp\/v2\/pages\/11641"}],"wp:attachment":[{"href":"https:\/\/whynotwein.eu\/en\/wp-json\/wp\/v2\/media?parent=11722"}],"curies":[{"name":"wp","href":"https:\/\/api.w.org\/{rel}","templated":true}]}}