{"id":3941,"date":"2015-10-12T15:34:40","date_gmt":"2015-10-12T13:34:40","guid":{"rendered":"http:\/\/k047968.hosting.kinamo.be\/produkt\/heideboden-2011-cuvee-zw-bf\/"},"modified":"2025-11-11T10:42:25","modified_gmt":"2025-11-11T09:42:25","slug":"heideboden","status":"publish","type":"product","link":"https:\/\/whynotwein.eu\/en\/product\/heideboden\/","title":{"rendered":"&#8220;Heideboden&#8221; 2020\/21 Cuv\u00e9e"},"content":{"rendered":"<p>Cuv\u00e9e of Blaufr\u00e4nkisch and Zweigelt<\/p>\n<p>Medium ruby garnet, violet reflections, wider edge brightening<\/p>\n<p>Tender after dried plums and figs, chocolaty touch, floral nuances<\/p>\n<p>Medium body, somewhat wide-meshed, plums in the reverberation, offers uncomplicated drinking pleasure<\/p>\n<p><strong>89 FALSTAFF points<\/strong><\/p>\n<p>With screw top<\/p>\n<p>Also available in 1.5 litre magum and 3 litre double magnum bottles<\/p>\n","protected":false},"excerpt":{"rendered":"<p>Juicy soft with compact tannins<\/p>\n","protected":false},"featured_media":5396,"comment_status":"closed","ping_status":"closed","template":"","meta":{"_eb_attr":"","_uag_custom_page_level_css":"","site-sidebar-layout":"default","site-content-layout":"default","ast-site-content-layout":"default","site-content-style":"default","site-sidebar-style":"default","ast-global-header-display":"","ast-banner-title-visibility":"","ast-main-header-display":"","ast-hfb-above-header-display":"","ast-hfb-below-header-display":"","ast-hfb-mobile-header-display":"","site-post-title":"","ast-breadcrumbs-content":"","ast-featured-img":"","footer-sml-layout":"","ast-disable-related-posts":"","theme-transparent-header-meta":"default","adv-header-id-meta":"","stick-header-meta":"default","header-above-stick-meta":"","header-main-stick-meta":"","header-below-stick-meta":"","astra-migrate-meta-layouts":"set","ast-page-background-enabled":"default","ast-page-background-meta":{"desktop":{"background-color":"var(--ast-global-color-4)","background-image":"","background-repeat":"repeat","background-position":"center center","background-size":"auto","background-attachment":"scroll","background-type":"","background-media":"","overlay-type":"","overlay-color":"","overlay-opacity":"","overlay-gradient":""},"tablet":{"background-color":"","background-image":"","background-repeat":"repeat","background-position":"center center","background-size":"auto","background-attachment":"scroll","background-type":"","background-media":"","overlay-type":"","overlay-color":"","overlay-opacity":"","overlay-gradient":""},"mobile":{"background-color":"","background-image":"","background-repeat":"repeat","background-position":"center center","background-size":"auto","background-attachment":"scroll","background-type":"","background-media":"","overlay-type":"","overlay-color":"","overlay-opacity":"","overlay-gradient":""}},"ast-content-background-meta":{"desktop":{"background-color":"var(--ast-global-color-5)","background-image":"","background-repeat":"repeat","background-position":"center center","background-size":"auto","background-attachment":"scroll","background-type":"","background-media":"","overlay-type":"","overlay-color":"","overlay-opacity":"","overlay-gradient":""},"tablet":{"background-color":"var(--ast-global-color-5)","background-image":"","background-repeat":"repeat","background-position":"center center","background-size":"auto","background-attachment":"scroll","background-type":"","background-media":"","overlay-type":"","overlay-color":"","overlay-opacity":"","overlay-gradient":""},"mobile":{"background-color":"var(--ast-global-color-5)","background-image":"","background-repeat":"repeat","background-position":"center center","background-size":"auto","background-attachment":"scroll","background-type":"","background-media":"","overlay-type":"","overlay-color":"","overlay-opacity":"","overlay-gradient":""}}},"product_brand":[],"product_cat":[270,643,797,271],"product_tag":[],"class_list":{"0":"post-3941","1":"product","2":"type-product","3":"status-publish","4":"has-post-thumbnail","6":"product_cat-burgenland-de-6","7":"product_cat-min-6-en","8":"product_cat-neusiedlersee-en-2","9":"product_cat-red-wines","10":"pa_weingut-stiegelmar-neusiedlersee-en","11":"pa_whynotwein-siegel-2-of-3-en","12":"desktop-align-left","13":"tablet-align-left","14":"mobile-align-left","15":"ast-product-gallery-layout-horizontal-slider","16":"ast-product-gallery-with-no-image","17":"ast-product-tabs-layout-vertical","18":"ast-qv-on-image","20":"first","21":"instock","22":"featured","23":"taxable","24":"shipping-taxable","25":"purchasable","26":"product-type-simple"},"yoast_head":"<!-- This site is optimized with the Yoast SEO plugin v27.3 - https:\/\/yoast.com\/product\/yoast-seo-wordpress\/ -->\n<title>&quot;Heideboden&quot; 2020\/21 Cuv\u00e9e - WhyNotWein<\/title>\n<meta name=\"robots\" content=\"index, follow, max-snippet:-1, max-image-preview:large, max-video-preview:-1\" \/>\n<link rel=\"canonical\" href=\"https:\/\/whynotwein.eu\/en\/product\/heideboden\/\" \/>\n<meta property=\"og:locale\" content=\"en_US\" \/>\n<meta property=\"og:type\" content=\"article\" \/>\n<meta property=\"og:title\" content=\"&quot;Heideboden&quot; 2020\/21 Cuv\u00e9e - WhyNotWein\" \/>\n<meta property=\"og:description\" content=\"Juicy soft with compact tannins\" \/>\n<meta property=\"og:url\" content=\"https:\/\/whynotwein.eu\/en\/product\/heideboden\/\" \/>\n<meta property=\"og:site_name\" content=\"WhyNotWein\" \/>\n<meta property=\"article:modified_time\" content=\"2025-11-11T09:42:25+00:00\" \/>\n<meta property=\"og:image\" content=\"https:\/\/pswp.fra1.digitaloceanspaces.com\/w\/20250922171553\/stiegelmar-heideboden.png\" \/>\n\t<meta property=\"og:image:width\" content=\"450\" \/>\n\t<meta property=\"og:image:height\" content=\"450\" \/>\n\t<meta property=\"og:image:type\" content=\"image\/png\" \/>\n<meta name=\"twitter:card\" content=\"summary_large_image\" \/>\n<meta name=\"twitter:label1\" content=\"Est. reading time\" \/>\n\t<meta name=\"twitter:data1\" content=\"1 minute\" \/>\n<script type=\"application\/ld+json\" class=\"yoast-schema-graph\">{\"@context\":\"https:\\\/\\\/schema.org\",\"@graph\":[{\"@type\":\"WebPage\",\"@id\":\"https:\\\/\\\/whynotwein.eu\\\/en\\\/product\\\/heideboden\\\/\",\"url\":\"https:\\\/\\\/whynotwein.eu\\\/en\\\/product\\\/heideboden\\\/\",\"name\":\"\\\"Heideboden\\\" 2020\\\/21 Cuv\u00e9e - WhyNotWein\",\"isPartOf\":{\"@id\":\"https:\\\/\\\/whynotwein.eu\\\/en\\\/#website\"},\"primaryImageOfPage\":{\"@id\":\"https:\\\/\\\/whynotwein.eu\\\/en\\\/product\\\/heideboden\\\/#primaryimage\"},\"image\":{\"@id\":\"https:\\\/\\\/whynotwein.eu\\\/en\\\/product\\\/heideboden\\\/#primaryimage\"},\"thumbnailUrl\":\"https:\\\/\\\/pswp.fra1.digitaloceanspaces.com\\\/w\\\/20250922171553\\\/stiegelmar-heideboden.png\",\"datePublished\":\"2015-10-12T13:34:40+00:00\",\"dateModified\":\"2025-11-11T09:42:25+00:00\",\"breadcrumb\":{\"@id\":\"https:\\\/\\\/whynotwein.eu\\\/en\\\/product\\\/heideboden\\\/#breadcrumb\"},\"inLanguage\":\"en-US\",\"potentialAction\":[{\"@type\":\"ReadAction\",\"target\":[\"https:\\\/\\\/whynotwein.eu\\\/en\\\/product\\\/heideboden\\\/\"]}]},{\"@type\":\"ImageObject\",\"inLanguage\":\"en-US\",\"@id\":\"https:\\\/\\\/whynotwein.eu\\\/en\\\/product\\\/heideboden\\\/#primaryimage\",\"url\":\"https:\\\/\\\/pswp.fra1.digitaloceanspaces.com\\\/w\\\/20250922171553\\\/stiegelmar-heideboden.png\",\"contentUrl\":\"https:\\\/\\\/pswp.fra1.digitaloceanspaces.com\\\/w\\\/20250922171553\\\/stiegelmar-heideboden.png\",\"width\":450,\"height\":450},{\"@type\":\"BreadcrumbList\",\"@id\":\"https:\\\/\\\/whynotwein.eu\\\/en\\\/product\\\/heideboden\\\/#breadcrumb\",\"itemListElement\":[{\"@type\":\"ListItem\",\"position\":1,\"name\":\"Home\",\"item\":\"https:\\\/\\\/whynotwein.eu\\\/en\\\/\"},{\"@type\":\"ListItem\",\"position\":2,\"name\":\"Shop\",\"item\":\"https:\\\/\\\/whynotwein.eu\\\/en\\\/shop\\\/\"},{\"@type\":\"ListItem\",\"position\":3,\"name\":\"&#8222;Heideboden&#8220; 2020\\\/21 Cuv\u00e9e\"}]},{\"@type\":\"WebSite\",\"@id\":\"https:\\\/\\\/whynotwein.eu\\\/en\\\/#website\",\"url\":\"https:\\\/\\\/whynotwein.eu\\\/en\\\/\",\"name\":\"WhyNotWein\",\"description\":\"Austrian Wines in Belgium\",\"publisher\":{\"@id\":\"https:\\\/\\\/whynotwein.eu\\\/en\\\/#organization\"},\"potentialAction\":[{\"@type\":\"SearchAction\",\"target\":{\"@type\":\"EntryPoint\",\"urlTemplate\":\"https:\\\/\\\/whynotwein.eu\\\/en\\\/?s={search_term_string}\"},\"query-input\":{\"@type\":\"PropertyValueSpecification\",\"valueRequired\":true,\"valueName\":\"search_term_string\"}}],\"inLanguage\":\"en-US\"},{\"@type\":\"Organization\",\"@id\":\"https:\\\/\\\/whynotwein.eu\\\/en\\\/#organization\",\"name\":\"WhyNotWein\",\"url\":\"https:\\\/\\\/whynotwein.eu\\\/en\\\/\",\"logo\":{\"@type\":\"ImageObject\",\"inLanguage\":\"en-US\",\"@id\":\"https:\\\/\\\/whynotwein.eu\\\/en\\\/#\\\/schema\\\/logo\\\/image\\\/\",\"url\":\"https:\\\/\\\/whynotwein.eu\\\/wp-content\\\/uploads\\\/2015\\\/12\\\/WhyNotWein_Logo_340.png\",\"contentUrl\":\"https:\\\/\\\/whynotwein.eu\\\/wp-content\\\/uploads\\\/2015\\\/12\\\/WhyNotWein_Logo_340.png\",\"width\":340,\"height\":156,\"caption\":\"WhyNotWein\"},\"image\":{\"@id\":\"https:\\\/\\\/whynotwein.eu\\\/en\\\/#\\\/schema\\\/logo\\\/image\\\/\"}}]}<\/script>\n<!-- \/ Yoast SEO plugin. -->","yoast_head_json":{"title":"\"Heideboden\" 2020\/21 Cuv\u00e9e - WhyNotWein","robots":{"index":"index","follow":"follow","max-snippet":"max-snippet:-1","max-image-preview":"max-image-preview:large","max-video-preview":"max-video-preview:-1"},"canonical":"https:\/\/whynotwein.eu\/en\/product\/heideboden\/","og_locale":"en_US","og_type":"article","og_title":"\"Heideboden\" 2020\/21 Cuv\u00e9e - WhyNotWein","og_description":"Juicy soft with compact tannins","og_url":"https:\/\/whynotwein.eu\/en\/product\/heideboden\/","og_site_name":"WhyNotWein","article_modified_time":"2025-11-11T09:42:25+00:00","og_image":[{"width":450,"height":450,"url":"https:\/\/pswp.fra1.digitaloceanspaces.com\/w\/20250922171553\/stiegelmar-heideboden.png","type":"image\/png"}],"twitter_card":"summary_large_image","twitter_misc":{"Est. reading time":"1 minute"},"schema":{"@context":"https:\/\/schema.org","@graph":[{"@type":"WebPage","@id":"https:\/\/whynotwein.eu\/en\/product\/heideboden\/","url":"https:\/\/whynotwein.eu\/en\/product\/heideboden\/","name":"\"Heideboden\" 2020\/21 Cuv\u00e9e - WhyNotWein","isPartOf":{"@id":"https:\/\/whynotwein.eu\/en\/#website"},"primaryImageOfPage":{"@id":"https:\/\/whynotwein.eu\/en\/product\/heideboden\/#primaryimage"},"image":{"@id":"https:\/\/whynotwein.eu\/en\/product\/heideboden\/#primaryimage"},"thumbnailUrl":"https:\/\/pswp.fra1.digitaloceanspaces.com\/w\/20250922171553\/stiegelmar-heideboden.png","datePublished":"2015-10-12T13:34:40+00:00","dateModified":"2025-11-11T09:42:25+00:00","breadcrumb":{"@id":"https:\/\/whynotwein.eu\/en\/product\/heideboden\/#breadcrumb"},"inLanguage":"en-US","potentialAction":[{"@type":"ReadAction","target":["https:\/\/whynotwein.eu\/en\/product\/heideboden\/"]}]},{"@type":"ImageObject","inLanguage":"en-US","@id":"https:\/\/whynotwein.eu\/en\/product\/heideboden\/#primaryimage","url":"https:\/\/pswp.fra1.digitaloceanspaces.com\/w\/20250922171553\/stiegelmar-heideboden.png","contentUrl":"https:\/\/pswp.fra1.digitaloceanspaces.com\/w\/20250922171553\/stiegelmar-heideboden.png","width":450,"height":450},{"@type":"BreadcrumbList","@id":"https:\/\/whynotwein.eu\/en\/product\/heideboden\/#breadcrumb","itemListElement":[{"@type":"ListItem","position":1,"name":"Home","item":"https:\/\/whynotwein.eu\/en\/"},{"@type":"ListItem","position":2,"name":"Shop","item":"https:\/\/whynotwein.eu\/en\/shop\/"},{"@type":"ListItem","position":3,"name":"&#8222;Heideboden&#8220; 2020\/21 Cuv\u00e9e"}]},{"@type":"WebSite","@id":"https:\/\/whynotwein.eu\/en\/#website","url":"https:\/\/whynotwein.eu\/en\/","name":"WhyNotWein","description":"Austrian Wines in Belgium","publisher":{"@id":"https:\/\/whynotwein.eu\/en\/#organization"},"potentialAction":[{"@type":"SearchAction","target":{"@type":"EntryPoint","urlTemplate":"https:\/\/whynotwein.eu\/en\/?s={search_term_string}"},"query-input":{"@type":"PropertyValueSpecification","valueRequired":true,"valueName":"search_term_string"}}],"inLanguage":"en-US"},{"@type":"Organization","@id":"https:\/\/whynotwein.eu\/en\/#organization","name":"WhyNotWein","url":"https:\/\/whynotwein.eu\/en\/","logo":{"@type":"ImageObject","inLanguage":"en-US","@id":"https:\/\/whynotwein.eu\/en\/#\/schema\/logo\/image\/","url":"https:\/\/whynotwein.eu\/wp-content\/uploads\/2015\/12\/WhyNotWein_Logo_340.png","contentUrl":"https:\/\/whynotwein.eu\/wp-content\/uploads\/2015\/12\/WhyNotWein_Logo_340.png","width":340,"height":156,"caption":"WhyNotWein"},"image":{"@id":"https:\/\/whynotwein.eu\/en\/#\/schema\/logo\/image\/"}}]}},"uagb_featured_image_src":{"full":["https:\/\/pswp.fra1.digitaloceanspaces.com\/w\/20250922171553\/stiegelmar-heideboden.png",450,450,false],"thumbnail":["https:\/\/pswp.fra1.digitaloceanspaces.com\/w\/20250922171553\/stiegelmar-heideboden-80x80.png",80,80,true],"medium":["https:\/\/pswp.fra1.digitaloceanspaces.com\/w\/20250922171553\/stiegelmar-heideboden-300x300.png",300,300,true],"medium_large":["https:\/\/pswp.fra1.digitaloceanspaces.com\/w\/20250922171553\/stiegelmar-heideboden.png",450,450,false],"large":["https:\/\/pswp.fra1.digitaloceanspaces.com\/w\/20250922171553\/stiegelmar-heideboden.png",450,450,false],"1536x1536":["https:\/\/pswp.fra1.digitaloceanspaces.com\/w\/20250922171553\/stiegelmar-heideboden.png",450,450,false],"2048x2048":["https:\/\/pswp.fra1.digitaloceanspaces.com\/w\/20250922171553\/stiegelmar-heideboden.png",450,450,false],"gform-image-choice-sm":["https:\/\/pswp.fra1.digitaloceanspaces.com\/w\/20250922171553\/stiegelmar-heideboden.png",300,300,false],"gform-image-choice-md":["https:\/\/pswp.fra1.digitaloceanspaces.com\/w\/20250922171553\/stiegelmar-heideboden.png",400,400,false],"gform-image-choice-lg":["https:\/\/pswp.fra1.digitaloceanspaces.com\/w\/20250922171553\/stiegelmar-heideboden.png",450,450,false],"woocommerce_thumbnail":["https:\/\/pswp.fra1.digitaloceanspaces.com\/w\/20250922171553\/stiegelmar-heideboden-450x450.png",450,450,true],"woocommerce_single":["https:\/\/pswp.fra1.digitaloceanspaces.com\/w\/20250922171553\/stiegelmar-heideboden-450x450.png",450,450,true],"woocommerce_gallery_thumbnail":["https:\/\/pswp.fra1.digitaloceanspaces.com\/w\/20250922171553\/stiegelmar-heideboden-100x100.png",100,100,true]},"uagb_author_info":{"display_name":"Christian Meixner","author_link":"https:\/\/whynotwein.eu\/en\/author\/"},"uagb_comment_info":0,"uagb_excerpt":"Juicy soft with compact tannins","_links":{"self":[{"href":"https:\/\/whynotwein.eu\/en\/wp-json\/wp\/v2\/product\/3941","targetHints":{"allow":["GET"]}}],"collection":[{"href":"https:\/\/whynotwein.eu\/en\/wp-json\/wp\/v2\/product"}],"about":[{"href":"https:\/\/whynotwein.eu\/en\/wp-json\/wp\/v2\/types\/product"}],"replies":[{"embeddable":true,"href":"https:\/\/whynotwein.eu\/en\/wp-json\/wp\/v2\/comments?post=3941"}],"wp:featuredmedia":[{"embeddable":true,"href":"https:\/\/whynotwein.eu\/en\/wp-json\/wp\/v2\/media\/5396"}],"wp:attachment":[{"href":"https:\/\/whynotwein.eu\/en\/wp-json\/wp\/v2\/media?parent=3941"}],"wp:term":[{"taxonomy":"product_brand","embeddable":true,"href":"https:\/\/whynotwein.eu\/en\/wp-json\/wp\/v2\/product_brand?post=3941"},{"taxonomy":"product_cat","embeddable":true,"href":"https:\/\/whynotwein.eu\/en\/wp-json\/wp\/v2\/product_cat?post=3941"},{"taxonomy":"product_tag","embeddable":true,"href":"https:\/\/whynotwein.eu\/en\/wp-json\/wp\/v2\/product_tag?post=3941"}],"curies":[{"name":"wp","href":"https:\/\/api.w.org\/{rel}","templated":true}]}}