{"id":6638,"date":"2015-10-12T14:02:23","date_gmt":"2015-10-12T12:02:23","guid":{"rendered":"http:\/\/k047968.hosting.kinamo.be\/en\/produkt\/gruener-veltliner-bruch-201314\/"},"modified":"2025-04-28T17:21:48","modified_gmt":"2025-04-28T15:21:48","slug":"gruener-veltliner-bruch","status":"publish","type":"product","link":"https:\/\/whynotwein.eu\/en\/product\/gruener-veltliner-bruch\/","title":{"rendered":"Gr\u00fcner Veltliner &#8220;Bruch&#8221; 2024"},"content":{"rendered":"<p>The Parade Gr\u00fcner Veltliner &#8211; elegant, charming and juicy is our most important Gr\u00fcner Veltliner and knows how to convince year after year.<\/p>\n<p>hand-picked, organically produced, vegan<\/p>\n<p>Fresh, juicy and animating, notes of green apple, ripe grapefruit and lime, with peppery spice.<\/p>\n<p>The &#8220;Bruch&#8221;, the parade site for Gr\u00fcner Veltliner, lies on a steep south-facing slope on Vienna&#8217;s Bisamberg.<\/p>\n<p>The soil conditions are characterised by alluvial glacial terrace gravel that rises to the surface.<\/p>\n<p>These conditions along the Danube offer the Gr\u00fcner Veltliner ideal conditions and support the development of its crisp, fresh, peppery fruit<\/p>\n<p><strong>92 FALSTAFF points, Gault&amp;Millau 2022 &#8211; 15.5 points<\/strong><\/p>\n<p>With screw top<\/p>\n","protected":false},"excerpt":{"rendered":"<p>Delicately floral<\/p>\n","protected":false},"featured_media":23636,"comment_status":"closed","ping_status":"closed","template":"","meta":{"_eb_attr":"","_uag_custom_page_level_css":"","site-sidebar-layout":"default","site-content-layout":"","ast-site-content-layout":"default","site-content-style":"default","site-sidebar-style":"default","ast-global-header-display":"","ast-banner-title-visibility":"","ast-main-header-display":"","ast-hfb-above-header-display":"","ast-hfb-below-header-display":"","ast-hfb-mobile-header-display":"","site-post-title":"","ast-breadcrumbs-content":"","ast-featured-img":"","footer-sml-layout":"","ast-disable-related-posts":"","theme-transparent-header-meta":"default","adv-header-id-meta":"","stick-header-meta":"default","header-above-stick-meta":"","header-main-stick-meta":"","header-below-stick-meta":"","astra-migrate-meta-layouts":"set","ast-page-background-enabled":"default","ast-page-background-meta":{"desktop":{"background-color":"var(--ast-global-color-4)","background-image":"","background-repeat":"repeat","background-position":"center center","background-size":"auto","background-attachment":"scroll","background-type":"","background-media":"","overlay-type":"","overlay-color":"","overlay-opacity":"","overlay-gradient":""},"tablet":{"background-color":"","background-image":"","background-repeat":"repeat","background-position":"center center","background-size":"auto","background-attachment":"scroll","background-type":"","background-media":"","overlay-type":"","overlay-color":"","overlay-opacity":"","overlay-gradient":""},"mobile":{"background-color":"","background-image":"","background-repeat":"repeat","background-position":"center center","background-size":"auto","background-attachment":"scroll","background-type":"","background-media":"","overlay-type":"","overlay-color":"","overlay-opacity":"","overlay-gradient":""}},"ast-content-background-meta":{"desktop":{"background-color":"var(--ast-global-color-5)","background-image":"","background-repeat":"repeat","background-position":"center center","background-size":"auto","background-attachment":"scroll","background-type":"","background-media":"","overlay-type":"","overlay-color":"","overlay-opacity":"","overlay-gradient":""},"tablet":{"background-color":"var(--ast-global-color-5)","background-image":"","background-repeat":"repeat","background-position":"center center","background-size":"auto","background-attachment":"scroll","background-type":"","background-media":"","overlay-type":"","overlay-color":"","overlay-opacity":"","overlay-gradient":""},"mobile":{"background-color":"var(--ast-global-color-5)","background-image":"","background-repeat":"repeat","background-position":"center center","background-size":"auto","background-attachment":"scroll","background-type":"","background-media":"","overlay-type":"","overlay-color":"","overlay-opacity":"","overlay-gradient":""}}},"product_brand":[],"product_cat":[643,311,284],"product_tag":[],"class_list":{"0":"post-6638","1":"product","2":"type-product","3":"status-publish","4":"has-post-thumbnail","6":"product_cat-min-6-en","7":"product_cat-vienna-2","8":"product_cat-white-wines","9":"pa_weingut-christ-vienna-en","10":"pa_whynotwein-siegel-2-of-3-en","11":"desktop-align-left","12":"tablet-align-left","13":"mobile-align-left","14":"ast-product-gallery-layout-horizontal-slider","15":"ast-product-gallery-with-no-image","16":"ast-product-tabs-layout-vertical","17":"ast-qv-on-image","19":"first","20":"instock","21":"featured","22":"taxable","23":"shipping-taxable","24":"purchasable","25":"product-type-simple"},"yoast_head":"<!-- This site is optimized with the Yoast SEO plugin v27.3 - https:\/\/yoast.com\/product\/yoast-seo-wordpress\/ -->\n<title>Gr\u00fcner Veltliner &quot;Bruch&quot; 2024 - WhyNotWein<\/title>\n<meta name=\"robots\" content=\"index, follow, max-snippet:-1, max-image-preview:large, max-video-preview:-1\" \/>\n<link rel=\"canonical\" href=\"https:\/\/whynotwein.eu\/en\/product\/gruener-veltliner-bruch\/\" \/>\n<meta property=\"og:locale\" content=\"en_US\" \/>\n<meta property=\"og:type\" content=\"article\" \/>\n<meta property=\"og:title\" content=\"Gr\u00fcner Veltliner &quot;Bruch&quot; 2024 - WhyNotWein\" \/>\n<meta property=\"og:description\" content=\"Delicately floral\" \/>\n<meta property=\"og:url\" content=\"https:\/\/whynotwein.eu\/en\/product\/gruener-veltliner-bruch\/\" \/>\n<meta property=\"og:site_name\" content=\"WhyNotWein\" \/>\n<meta property=\"article:modified_time\" content=\"2025-04-28T15:21:48+00:00\" \/>\n<meta property=\"og:image\" content=\"https:\/\/wnwfra.s3.eu-central-1.amazonaws.com\/wp-content\/uploads\/2015\/10\/23160536\/christ-gv-bruch.png\" \/>\n\t<meta property=\"og:image:width\" content=\"450\" \/>\n\t<meta property=\"og:image:height\" content=\"450\" \/>\n\t<meta property=\"og:image:type\" content=\"image\/png\" \/>\n<meta name=\"twitter:card\" content=\"summary_large_image\" \/>\n<meta name=\"twitter:label1\" content=\"Est. reading time\" \/>\n\t<meta name=\"twitter:data1\" content=\"1 minute\" \/>\n<script type=\"application\/ld+json\" class=\"yoast-schema-graph\">{\"@context\":\"https:\\\/\\\/schema.org\",\"@graph\":[{\"@type\":\"WebPage\",\"@id\":\"https:\\\/\\\/whynotwein.eu\\\/en\\\/product\\\/gruener-veltliner-bruch\\\/\",\"url\":\"https:\\\/\\\/whynotwein.eu\\\/en\\\/product\\\/gruener-veltliner-bruch\\\/\",\"name\":\"Gr\u00fcner Veltliner \\\"Bruch\\\" 2024 - WhyNotWein\",\"isPartOf\":{\"@id\":\"https:\\\/\\\/whynotwein.eu\\\/en\\\/#website\"},\"primaryImageOfPage\":{\"@id\":\"https:\\\/\\\/whynotwein.eu\\\/en\\\/product\\\/gruener-veltliner-bruch\\\/#primaryimage\"},\"image\":{\"@id\":\"https:\\\/\\\/whynotwein.eu\\\/en\\\/product\\\/gruener-veltliner-bruch\\\/#primaryimage\"},\"thumbnailUrl\":\"https:\\\/\\\/pswp.fra1.digitaloceanspaces.com\\\/w\\\/20250922170059\\\/christ-gv-bruch.png\",\"datePublished\":\"2015-10-12T12:02:23+00:00\",\"dateModified\":\"2025-04-28T15:21:48+00:00\",\"breadcrumb\":{\"@id\":\"https:\\\/\\\/whynotwein.eu\\\/en\\\/product\\\/gruener-veltliner-bruch\\\/#breadcrumb\"},\"inLanguage\":\"en-US\",\"potentialAction\":[{\"@type\":\"ReadAction\",\"target\":[\"https:\\\/\\\/whynotwein.eu\\\/en\\\/product\\\/gruener-veltliner-bruch\\\/\"]}]},{\"@type\":\"ImageObject\",\"inLanguage\":\"en-US\",\"@id\":\"https:\\\/\\\/whynotwein.eu\\\/en\\\/product\\\/gruener-veltliner-bruch\\\/#primaryimage\",\"url\":\"https:\\\/\\\/pswp.fra1.digitaloceanspaces.com\\\/w\\\/20250922170059\\\/christ-gv-bruch.png\",\"contentUrl\":\"https:\\\/\\\/pswp.fra1.digitaloceanspaces.com\\\/w\\\/20250922170059\\\/christ-gv-bruch.png\",\"width\":450,\"height\":450},{\"@type\":\"BreadcrumbList\",\"@id\":\"https:\\\/\\\/whynotwein.eu\\\/en\\\/product\\\/gruener-veltliner-bruch\\\/#breadcrumb\",\"itemListElement\":[{\"@type\":\"ListItem\",\"position\":1,\"name\":\"Home\",\"item\":\"https:\\\/\\\/whynotwein.eu\\\/en\\\/\"},{\"@type\":\"ListItem\",\"position\":2,\"name\":\"Shop\",\"item\":\"https:\\\/\\\/whynotwein.eu\\\/en\\\/shop\\\/\"},{\"@type\":\"ListItem\",\"position\":3,\"name\":\"Gr\u00fcner Veltliner &#8222;Bruch&#8220; 2024\"}]},{\"@type\":\"WebSite\",\"@id\":\"https:\\\/\\\/whynotwein.eu\\\/en\\\/#website\",\"url\":\"https:\\\/\\\/whynotwein.eu\\\/en\\\/\",\"name\":\"WhyNotWein\",\"description\":\"Austrian Wines in Belgium\",\"publisher\":{\"@id\":\"https:\\\/\\\/whynotwein.eu\\\/en\\\/#organization\"},\"potentialAction\":[{\"@type\":\"SearchAction\",\"target\":{\"@type\":\"EntryPoint\",\"urlTemplate\":\"https:\\\/\\\/whynotwein.eu\\\/en\\\/?s={search_term_string}\"},\"query-input\":{\"@type\":\"PropertyValueSpecification\",\"valueRequired\":true,\"valueName\":\"search_term_string\"}}],\"inLanguage\":\"en-US\"},{\"@type\":\"Organization\",\"@id\":\"https:\\\/\\\/whynotwein.eu\\\/en\\\/#organization\",\"name\":\"WhyNotWein\",\"url\":\"https:\\\/\\\/whynotwein.eu\\\/en\\\/\",\"logo\":{\"@type\":\"ImageObject\",\"inLanguage\":\"en-US\",\"@id\":\"https:\\\/\\\/whynotwein.eu\\\/en\\\/#\\\/schema\\\/logo\\\/image\\\/\",\"url\":\"https:\\\/\\\/whynotwein.eu\\\/wp-content\\\/uploads\\\/2015\\\/12\\\/WhyNotWein_Logo_340.png\",\"contentUrl\":\"https:\\\/\\\/whynotwein.eu\\\/wp-content\\\/uploads\\\/2015\\\/12\\\/WhyNotWein_Logo_340.png\",\"width\":340,\"height\":156,\"caption\":\"WhyNotWein\"},\"image\":{\"@id\":\"https:\\\/\\\/whynotwein.eu\\\/en\\\/#\\\/schema\\\/logo\\\/image\\\/\"}}]}<\/script>\n<!-- \/ Yoast SEO plugin. -->","yoast_head_json":{"title":"Gr\u00fcner Veltliner \"Bruch\" 2024 - WhyNotWein","robots":{"index":"index","follow":"follow","max-snippet":"max-snippet:-1","max-image-preview":"max-image-preview:large","max-video-preview":"max-video-preview:-1"},"canonical":"https:\/\/whynotwein.eu\/en\/product\/gruener-veltliner-bruch\/","og_locale":"en_US","og_type":"article","og_title":"Gr\u00fcner Veltliner \"Bruch\" 2024 - WhyNotWein","og_description":"Delicately floral","og_url":"https:\/\/whynotwein.eu\/en\/product\/gruener-veltliner-bruch\/","og_site_name":"WhyNotWein","article_modified_time":"2025-04-28T15:21:48+00:00","og_image":[{"width":450,"height":450,"url":"https:\/\/wnwfra.s3.eu-central-1.amazonaws.com\/wp-content\/uploads\/2015\/10\/23160536\/christ-gv-bruch.png","type":"image\/png"}],"twitter_card":"summary_large_image","twitter_misc":{"Est. reading time":"1 minute"},"schema":{"@context":"https:\/\/schema.org","@graph":[{"@type":"WebPage","@id":"https:\/\/whynotwein.eu\/en\/product\/gruener-veltliner-bruch\/","url":"https:\/\/whynotwein.eu\/en\/product\/gruener-veltliner-bruch\/","name":"Gr\u00fcner Veltliner \"Bruch\" 2024 - WhyNotWein","isPartOf":{"@id":"https:\/\/whynotwein.eu\/en\/#website"},"primaryImageOfPage":{"@id":"https:\/\/whynotwein.eu\/en\/product\/gruener-veltliner-bruch\/#primaryimage"},"image":{"@id":"https:\/\/whynotwein.eu\/en\/product\/gruener-veltliner-bruch\/#primaryimage"},"thumbnailUrl":"https:\/\/pswp.fra1.digitaloceanspaces.com\/w\/20250922170059\/christ-gv-bruch.png","datePublished":"2015-10-12T12:02:23+00:00","dateModified":"2025-04-28T15:21:48+00:00","breadcrumb":{"@id":"https:\/\/whynotwein.eu\/en\/product\/gruener-veltliner-bruch\/#breadcrumb"},"inLanguage":"en-US","potentialAction":[{"@type":"ReadAction","target":["https:\/\/whynotwein.eu\/en\/product\/gruener-veltliner-bruch\/"]}]},{"@type":"ImageObject","inLanguage":"en-US","@id":"https:\/\/whynotwein.eu\/en\/product\/gruener-veltliner-bruch\/#primaryimage","url":"https:\/\/pswp.fra1.digitaloceanspaces.com\/w\/20250922170059\/christ-gv-bruch.png","contentUrl":"https:\/\/pswp.fra1.digitaloceanspaces.com\/w\/20250922170059\/christ-gv-bruch.png","width":450,"height":450},{"@type":"BreadcrumbList","@id":"https:\/\/whynotwein.eu\/en\/product\/gruener-veltliner-bruch\/#breadcrumb","itemListElement":[{"@type":"ListItem","position":1,"name":"Home","item":"https:\/\/whynotwein.eu\/en\/"},{"@type":"ListItem","position":2,"name":"Shop","item":"https:\/\/whynotwein.eu\/en\/shop\/"},{"@type":"ListItem","position":3,"name":"Gr\u00fcner Veltliner &#8222;Bruch&#8220; 2024"}]},{"@type":"WebSite","@id":"https:\/\/whynotwein.eu\/en\/#website","url":"https:\/\/whynotwein.eu\/en\/","name":"WhyNotWein","description":"Austrian Wines in Belgium","publisher":{"@id":"https:\/\/whynotwein.eu\/en\/#organization"},"potentialAction":[{"@type":"SearchAction","target":{"@type":"EntryPoint","urlTemplate":"https:\/\/whynotwein.eu\/en\/?s={search_term_string}"},"query-input":{"@type":"PropertyValueSpecification","valueRequired":true,"valueName":"search_term_string"}}],"inLanguage":"en-US"},{"@type":"Organization","@id":"https:\/\/whynotwein.eu\/en\/#organization","name":"WhyNotWein","url":"https:\/\/whynotwein.eu\/en\/","logo":{"@type":"ImageObject","inLanguage":"en-US","@id":"https:\/\/whynotwein.eu\/en\/#\/schema\/logo\/image\/","url":"https:\/\/whynotwein.eu\/wp-content\/uploads\/2015\/12\/WhyNotWein_Logo_340.png","contentUrl":"https:\/\/whynotwein.eu\/wp-content\/uploads\/2015\/12\/WhyNotWein_Logo_340.png","width":340,"height":156,"caption":"WhyNotWein"},"image":{"@id":"https:\/\/whynotwein.eu\/en\/#\/schema\/logo\/image\/"}}]}},"uagb_featured_image_src":{"full":["https:\/\/pswp.fra1.digitaloceanspaces.com\/w\/20250922170059\/christ-gv-bruch.png",450,450,false],"thumbnail":["https:\/\/pswp.fra1.digitaloceanspaces.com\/w\/20250922170059\/christ-gv-bruch-80x80.png",80,80,true],"medium":["https:\/\/pswp.fra1.digitaloceanspaces.com\/w\/20250922170059\/christ-gv-bruch-300x300.png",300,300,true],"medium_large":["https:\/\/pswp.fra1.digitaloceanspaces.com\/w\/20250922170059\/christ-gv-bruch.png",450,450,false],"large":["https:\/\/pswp.fra1.digitaloceanspaces.com\/w\/20250922170059\/christ-gv-bruch.png",450,450,false],"1536x1536":["https:\/\/pswp.fra1.digitaloceanspaces.com\/w\/20250922170059\/christ-gv-bruch.png",450,450,false],"2048x2048":["https:\/\/pswp.fra1.digitaloceanspaces.com\/w\/20250922170059\/christ-gv-bruch.png",450,450,false],"gform-image-choice-sm":["https:\/\/pswp.fra1.digitaloceanspaces.com\/w\/20250922170059\/christ-gv-bruch.png",300,300,false],"gform-image-choice-md":["https:\/\/pswp.fra1.digitaloceanspaces.com\/w\/20250922170059\/christ-gv-bruch.png",400,400,false],"gform-image-choice-lg":["https:\/\/pswp.fra1.digitaloceanspaces.com\/w\/20250922170059\/christ-gv-bruch.png",450,450,false],"woocommerce_thumbnail":["https:\/\/pswp.fra1.digitaloceanspaces.com\/w\/20250922170059\/christ-gv-bruch-450x450.png",450,450,true],"woocommerce_single":["https:\/\/pswp.fra1.digitaloceanspaces.com\/w\/20250922170059\/christ-gv-bruch.png",450,450,false],"woocommerce_gallery_thumbnail":["https:\/\/pswp.fra1.digitaloceanspaces.com\/w\/20250922170059\/christ-gv-bruch-100x100.png",100,100,true]},"uagb_author_info":{"display_name":"Christian Meixner","author_link":"https:\/\/whynotwein.eu\/en\/author\/"},"uagb_comment_info":0,"uagb_excerpt":"Delicately floral","_links":{"self":[{"href":"https:\/\/whynotwein.eu\/en\/wp-json\/wp\/v2\/product\/6638","targetHints":{"allow":["GET"]}}],"collection":[{"href":"https:\/\/whynotwein.eu\/en\/wp-json\/wp\/v2\/product"}],"about":[{"href":"https:\/\/whynotwein.eu\/en\/wp-json\/wp\/v2\/types\/product"}],"replies":[{"embeddable":true,"href":"https:\/\/whynotwein.eu\/en\/wp-json\/wp\/v2\/comments?post=6638"}],"wp:featuredmedia":[{"embeddable":true,"href":"https:\/\/whynotwein.eu\/en\/wp-json\/wp\/v2\/media\/23636"}],"wp:attachment":[{"href":"https:\/\/whynotwein.eu\/en\/wp-json\/wp\/v2\/media?parent=6638"}],"wp:term":[{"taxonomy":"product_brand","embeddable":true,"href":"https:\/\/whynotwein.eu\/en\/wp-json\/wp\/v2\/product_brand?post=6638"},{"taxonomy":"product_cat","embeddable":true,"href":"https:\/\/whynotwein.eu\/en\/wp-json\/wp\/v2\/product_cat?post=6638"},{"taxonomy":"product_tag","embeddable":true,"href":"https:\/\/whynotwein.eu\/en\/wp-json\/wp\/v2\/product_tag?post=6638"}],"curies":[{"name":"wp","href":"https:\/\/api.w.org\/{rel}","templated":true}]}}