{"id":11909,"date":"2016-02-02T22:09:07","date_gmt":"2016-02-02T21:09:07","guid":{"rendered":"http:\/\/whynotwein.eu\/fr\/weinregionen\/burgenland\/"},"modified":"2022-11-29T17:23:37","modified_gmt":"2022-11-29T16:23:37","slug":"burgenland","status":"publish","type":"page","link":"https:\/\/whynotwein.eu\/fr\/regions-viticoles\/burgenland\/","title":{"rendered":"Burgenland"},"content":{"rendered":"\n<div class=\"wp-block-uagb-container uagb-block-14ba6441 alignfull uagb-is-root-container\"><div class=\"uagb-container-inner-blocks-wrap\">\n<div class=\"wp-block-uagb-container uagb-block-08cf0001 alignfull uagb-is-root-container\"><div class=\"uagb-container-inner-blocks-wrap\">\n<div class=\"wp-block-uagb-image uagb-block-d89216e1 wp-block-uagb-image--layout-default wp-block-uagb-image--effect-static wp-block-uagb-image--align-none\"><figure class=\"wp-block-uagb-image__figure\"><a class=\"\" href=\"https:\/\/pswp.fra1.digitaloceanspaces.com\/w\/20250922165938\/website-burgenland-wappen.png\" target=\"\" rel=\"noopener\"><img decoding=\"async\" srcset=\"https:\/\/pswp.fra1.digitaloceanspaces.com\/w\/20250922165938\/website-burgenland-wappen-248x300.png \" src=\"https:\/\/pswp.fra1.digitaloceanspaces.com\/w\/20250922165938\/website-burgenland-wappen-248x300.png\" alt=\"\" class=\"uag-image-26448\" width=\"248\" height=\"300\" title=\"\" loading=\"lazy\"\/><\/a><\/figure><\/div>\n\n\n\n<div class=\"wp-block-uagb-container uagb-block-f9f717e7\">\n<ul class=\"wp-block-list\">\n<li><a href=\"https:\/\/whynotwein.eu\/fr\/regions-viticoles\/burgenland\/neusiedlersee\/\">Neusiedlersee<\/a><\/li>\n\n\n\n<li><a href=\"https:\/\/whynotwein.eu\/fr\/regions-viticoles\/burgenland\/mittelburgenland\/\">Mittelburgenland<\/a><\/li>\n<\/ul>\n<\/div>\n<\/div><\/div>\n\n\n\n<div class=\"wp-block-uagb-container uagb-block-e4629fb2 alignfull uagb-is-root-container\"><div class=\"uagb-container-inner-blocks-wrap\">\n<h3 class=\"wp-block-heading\">R\u00e9gion viticole du Burgenland<\/h3>\n\n\n\n<p>Sous l&#8217;influence du climat pannonien continental chaud, les vins rouges les plus cors\u00e9s d&#8217;Autriche poussent dans le Land le plus \u00e0 l&#8217;est. Il existe des diff\u00e9rences non n\u00e9gligeables au niveau des conditions naturelles. Tout au sud par exemple, l&#8217;Eisenberg, avec son sol particulier et un soup\u00e7on de fra\u00eecheur styrienne dans le climat, offre au Blaufr\u00e4nkisch les meilleures conditions pour des vins rouges d&#8217;une min\u00e9ralit\u00e9 tr\u00e8s fine et d&#8217;une \u00e9l\u00e9gance incomparable.<\/p>\n\n\n\n<div class=\"wp-block-uagb-icon-list uagb-block-ff18f237\"><div class=\"uagb-icon-list__wrap\">\n<div class=\"wp-block-uagb-icon-list-child uagb-block-1f37d008\"><span class=\"uagb-icon-list__source-wrap\"><svg xmlns=\"https:\/\/www.w3.org\/2000\/svg\" viewbox=\"0 0 512 512\"><path d=\"M256 0C114.6 0 0 114.6 0 256c0 141.4 114.6 256 256 256s256-114.6 256-256C512 114.6 397.4 0 256 0zM406.6 278.6l-103.1 103.1c-12.5 12.5-32.75 12.5-45.25 0s-12.5-32.75 0-45.25L306.8 288H128C110.3 288 96 273.7 96 256s14.31-32 32-32h178.8l-49.38-49.38c-12.5-12.5-12.5-32.75 0-45.25s32.75-12.5 45.25 0l103.1 103.1C414.6 241.3 416 251.1 416 256C416 260.9 414.6 270.7 406.6 278.6z\"><\/path><\/svg><\/span><span class=\"uagb-icon-list__label\">Climat optimal<\/span><\/div>\n\n\n\n<div class=\"wp-block-uagb-icon-list-child uagb-block-483bcd85\"><span class=\"uagb-icon-list__source-wrap\"><svg xmlns=\"https:\/\/www.w3.org\/2000\/svg\" viewbox=\"0 0 512 512\"><path d=\"M256 0C114.6 0 0 114.6 0 256c0 141.4 114.6 256 256 256s256-114.6 256-256C512 114.6 397.4 0 256 0zM406.6 278.6l-103.1 103.1c-12.5 12.5-32.75 12.5-45.25 0s-12.5-32.75 0-45.25L306.8 288H128C110.3 288 96 273.7 96 256s14.31-32 32-32h178.8l-49.38-49.38c-12.5-12.5-12.5-32.75 0-45.25s32.75-12.5 45.25 0l103.1 103.1C414.6 241.3 416 251.1 416 256C416 260.9 414.6 270.7 406.6 278.6z\"><\/path><\/svg><\/span><span class=\"uagb-icon-list__label\">Prot\u00e9g\u00e9 dans la plaine pannonique<\/span><\/div>\n\n\n\n<div class=\"wp-block-uagb-icon-list-child uagb-block-7b3175e5\"><span class=\"uagb-icon-list__source-wrap\"><svg xmlns=\"https:\/\/www.w3.org\/2000\/svg\" viewbox=\"0 0 512 512\"><path d=\"M256 0C114.6 0 0 114.6 0 256c0 141.4 114.6 256 256 256s256-114.6 256-256C512 114.6 397.4 0 256 0zM406.6 278.6l-103.1 103.1c-12.5 12.5-32.75 12.5-45.25 0s-12.5-32.75 0-45.25L306.8 288H128C110.3 288 96 273.7 96 256s14.31-32 32-32h178.8l-49.38-49.38c-12.5-12.5-12.5-32.75 0-45.25s32.75-12.5 45.25 0l103.1 103.1C414.6 241.3 416 251.1 416 256C416 260.9 414.6 270.7 406.6 278.6z\"><\/path><\/svg><\/span><span class=\"uagb-icon-list__label\">Microclimat<\/span><\/div>\n<\/div><\/div>\n<\/div><\/div>\n<\/div><\/div>\n\n<figure class=\"wp-block-gallery has-nested-images columns-default is-cropped wp-block-gallery-1 is-layout-flex wp-block-gallery-is-layout-flex\">\n<figure class=\"wp-block-image size-large\"><a href=\"https:\/\/pswp.fra1.digitaloceanspaces.com\/w\/20250922165939\/website-mittelburgenland3.jpeg\"><img decoding=\"async\" width=\"1030\" height=\"479\" data-id=\"26425\" src=\"https:\/\/pswp.fra1.digitaloceanspaces.com\/w\/20250922165939\/website-mittelburgenland3-1030x479.jpeg\" alt=\"\" class=\"wp-image-26425\" srcset=\"https:\/\/pswp.fra1.digitaloceanspaces.com\/w\/20250922165939\/website-mittelburgenland3-1030x479.jpeg 1030w, https:\/\/pswp.fra1.digitaloceanspaces.com\/w\/20250922165939\/website-mittelburgenland3-300x140.jpeg 300w, https:\/\/pswp.fra1.digitaloceanspaces.com\/w\/20250922165939\/website-mittelburgenland3-768x358.jpeg 768w, https:\/\/pswp.fra1.digitaloceanspaces.com\/w\/20250922165939\/website-mittelburgenland3-1536x715.jpeg 1536w, https:\/\/pswp.fra1.digitaloceanspaces.com\/w\/20250922165939\/website-mittelburgenland3-450x209.jpeg 450w, https:\/\/pswp.fra1.digitaloceanspaces.com\/w\/20250922165939\/website-mittelburgenland3.jpeg 2000w\" sizes=\"(max-width: 1030px) 100vw, 1030px\" \/><\/a><\/figure>\n\n\n\n<figure class=\"wp-block-image size-large\"><a href=\"https:\/\/pswp.fra1.digitaloceanspaces.com\/w\/20250922170630\/website-weinregion-burgenland.png\"><img decoding=\"async\" width=\"850\" height=\"1000\" data-id=\"11326\" src=\"https:\/\/pswp.fra1.digitaloceanspaces.com\/w\/20250922170630\/website-weinregion-burgenland.png\" alt=\"\" class=\"wp-image-11326\" srcset=\"https:\/\/pswp.fra1.digitaloceanspaces.com\/w\/20250922170630\/website-weinregion-burgenland.png 850w, https:\/\/pswp.fra1.digitaloceanspaces.com\/w\/20250922170630\/website-weinregion-burgenland-450x529.png 450w, https:\/\/pswp.fra1.digitaloceanspaces.com\/w\/20250922170630\/website-weinregion-burgenland-255x300.png 255w, https:\/\/pswp.fra1.digitaloceanspaces.com\/w\/20250922170630\/website-weinregion-burgenland-768x904.png 768w, https:\/\/pswp.fra1.digitaloceanspaces.com\/w\/20250922170630\/website-weinregion-burgenland-599x705.png 599w\" sizes=\"(max-width: 850px) 100vw, 850px\" \/><\/a><\/figure>\n\n\n\n<figure class=\"wp-block-image size-large\"><a href=\"https:\/\/pswp.fra1.digitaloceanspaces.com\/w\/20250922170240\/website-fruehling-burgenland.jpg\"><img decoding=\"async\" width=\"1000\" height=\"600\" data-id=\"15619\" src=\"https:\/\/pswp.fra1.digitaloceanspaces.com\/w\/20250922170240\/website-fruehling-burgenland.jpg\" alt=\"\" class=\"wp-image-15619\" srcset=\"https:\/\/pswp.fra1.digitaloceanspaces.com\/w\/20250922170240\/website-fruehling-burgenland.jpg 1000w, https:\/\/pswp.fra1.digitaloceanspaces.com\/w\/20250922170240\/website-fruehling-burgenland-450x270.jpg 450w, https:\/\/pswp.fra1.digitaloceanspaces.com\/w\/20250922170240\/website-fruehling-burgenland-300x180.jpg 300w, https:\/\/pswp.fra1.digitaloceanspaces.com\/w\/20250922170240\/website-fruehling-burgenland-768x461.jpg 768w, https:\/\/pswp.fra1.digitaloceanspaces.com\/w\/20250922170240\/website-fruehling-burgenland-705x423.jpg 705w\" sizes=\"(max-width: 1000px) 100vw, 1000px\" \/><\/a><\/figure>\n\n\n\n<figure class=\"wp-block-image size-large\"><a href=\"https:\/\/pswp.fra1.digitaloceanspaces.com\/w\/20250922170158\/website-burgenland-scaled.jpg\"><img decoding=\"async\" width=\"1800\" height=\"1200\" data-id=\"21367\" src=\"https:\/\/pswp.fra1.digitaloceanspaces.com\/w\/20250922170158\/website-burgenland-scaled.jpg\" alt=\"\" class=\"wp-image-21367\" srcset=\"https:\/\/pswp.fra1.digitaloceanspaces.com\/w\/20250922170158\/website-burgenland-scaled.jpg 1800w, https:\/\/pswp.fra1.digitaloceanspaces.com\/w\/20250922170158\/website-burgenland-scaled-450x300.jpg 450w\" sizes=\"(max-width: 1800px) 100vw, 1800px\" \/><\/a><\/figure>\n<\/figure>\n","protected":false},"excerpt":{"rendered":"<p>R\u00e9gion viticole du Burgenland Sous l&#8217;influence du climat pannonien continental chaud, les vins rouges les plus cors\u00e9s d&#8217;Autriche poussent dans le Land le plus \u00e0 l&#8217;est. Il existe des diff\u00e9rences non n\u00e9gligeables au niveau des conditions naturelles. Tout au sud par exemple, l&#8217;Eisenberg, avec son sol particulier et un soup\u00e7on de fra\u00eecheur styrienne dans le [&hellip;]<\/p>\n","protected":false},"author":2539,"featured_media":26451,"parent":10186,"menu_order":0,"comment_status":"closed","ping_status":"closed","template":"","meta":{"_eb_attr":"","_uag_custom_page_level_css":"","site-sidebar-layout":"default","site-content-layout":"","ast-site-content-layout":"default","site-content-style":"default","site-sidebar-style":"default","ast-global-header-display":"","ast-banner-title-visibility":"","ast-main-header-display":"","ast-hfb-above-header-display":"","ast-hfb-below-header-display":"","ast-hfb-mobile-header-display":"","site-post-title":"","ast-breadcrumbs-content":"","ast-featured-img":"disabled","footer-sml-layout":"","ast-disable-related-posts":"","theme-transparent-header-meta":"","adv-header-id-meta":"","stick-header-meta":"","header-above-stick-meta":"","header-main-stick-meta":"","header-below-stick-meta":"","astra-migrate-meta-layouts":"default","ast-page-background-enabled":"default","ast-page-background-meta":{"desktop":{"background-color":"var(--ast-global-color-4)","background-image":"","background-repeat":"repeat","background-position":"center center","background-size":"auto","background-attachment":"scroll","background-type":"","background-media":"","overlay-type":"","overlay-color":"","overlay-opacity":"","overlay-gradient":""},"tablet":{"background-color":"","background-image":"","background-repeat":"repeat","background-position":"center center","background-size":"auto","background-attachment":"scroll","background-type":"","background-media":"","overlay-type":"","overlay-color":"","overlay-opacity":"","overlay-gradient":""},"mobile":{"background-color":"","background-image":"","background-repeat":"repeat","background-position":"center center","background-size":"auto","background-attachment":"scroll","background-type":"","background-media":"","overlay-type":"","overlay-color":"","overlay-opacity":"","overlay-gradient":""}},"ast-content-background-meta":{"desktop":{"background-color":"var(--ast-global-color-5)","background-image":"","background-repeat":"repeat","background-position":"center center","background-size":"auto","background-attachment":"scroll","background-type":"","background-media":"","overlay-type":"","overlay-color":"","overlay-opacity":"","overlay-gradient":""},"tablet":{"background-color":"var(--ast-global-color-5)","background-image":"","background-repeat":"repeat","background-position":"center center","background-size":"auto","background-attachment":"scroll","background-type":"","background-media":"","overlay-type":"","overlay-color":"","overlay-opacity":"","overlay-gradient":""},"mobile":{"background-color":"var(--ast-global-color-5)","background-image":"","background-repeat":"repeat","background-position":"center center","background-size":"auto","background-attachment":"scroll","background-type":"","background-media":"","overlay-type":"","overlay-color":"","overlay-opacity":"","overlay-gradient":""}},"footnotes":""},"class_list":["post-11909","page","type-page","status-publish","has-post-thumbnail","hentry"],"yoast_head":"<!-- This site is optimized with the Yoast SEO plugin v27.3 - https:\/\/yoast.com\/product\/yoast-seo-wordpress\/ -->\n<title>Burgenland - WhyNotWein<\/title>\n<meta name=\"robots\" content=\"index, follow, max-snippet:-1, max-image-preview:large, max-video-preview:-1\" \/>\n<link rel=\"canonical\" href=\"https:\/\/whynotwein.eu\/fr\/regions-viticoles\/burgenland\/\" \/>\n<meta property=\"og:locale\" content=\"fr_FR\" \/>\n<meta property=\"og:type\" content=\"article\" \/>\n<meta property=\"og:title\" content=\"Burgenland - WhyNotWein\" \/>\n<meta property=\"og:description\" content=\"R\u00e9gion viticole du Burgenland Sous l&#8217;influence du climat pannonien continental chaud, les vins rouges les plus cors\u00e9s d&#8217;Autriche poussent dans le Land le plus \u00e0 l&#8217;est. Il existe des diff\u00e9rences non n\u00e9gligeables au niveau des conditions naturelles. Tout au sud par exemple, l&#8217;Eisenberg, avec son sol particulier et un soup\u00e7on de fra\u00eecheur styrienne dans le [&hellip;]\" \/>\n<meta property=\"og:url\" content=\"https:\/\/whynotwein.eu\/fr\/regions-viticoles\/burgenland\/\" \/>\n<meta property=\"og:site_name\" content=\"WhyNotWein\" \/>\n<meta property=\"article:modified_time\" content=\"2022-11-29T16:23:37+00:00\" \/>\n<meta property=\"og:image\" content=\"https:\/\/wnwfra.s3.eu-central-1.amazonaws.com\/wp-content\/uploads\/2022\/11\/10155023\/website-burgenland-wappen.png\" \/>\n\t<meta property=\"og:image:width\" content=\"1200\" \/>\n\t<meta property=\"og:image:height\" content=\"1452\" \/>\n\t<meta property=\"og:image:type\" content=\"image\/png\" \/>\n<meta name=\"twitter:card\" content=\"summary_large_image\" \/>\n<script type=\"application\/ld+json\" class=\"yoast-schema-graph\">{\"@context\":\"https:\\\/\\\/schema.org\",\"@graph\":[{\"@type\":\"WebPage\",\"@id\":\"https:\\\/\\\/whynotwein.eu\\\/fr\\\/regions-viticoles\\\/burgenland\\\/\",\"url\":\"https:\\\/\\\/whynotwein.eu\\\/fr\\\/regions-viticoles\\\/burgenland\\\/\",\"name\":\"Burgenland - WhyNotWein\",\"isPartOf\":{\"@id\":\"https:\\\/\\\/whynotwein.eu\\\/fr\\\/#website\"},\"primaryImageOfPage\":{\"@id\":\"https:\\\/\\\/whynotwein.eu\\\/fr\\\/regions-viticoles\\\/burgenland\\\/#primaryimage\"},\"image\":{\"@id\":\"https:\\\/\\\/whynotwein.eu\\\/fr\\\/regions-viticoles\\\/burgenland\\\/#primaryimage\"},\"thumbnailUrl\":\"https:\\\/\\\/pswp.fra1.digitaloceanspaces.com\\\/w\\\/20250922165938\\\/website-burgenland-wappen.png\",\"datePublished\":\"2016-02-02T21:09:07+00:00\",\"dateModified\":\"2022-11-29T16:23:37+00:00\",\"breadcrumb\":{\"@id\":\"https:\\\/\\\/whynotwein.eu\\\/fr\\\/regions-viticoles\\\/burgenland\\\/#breadcrumb\"},\"inLanguage\":\"fr-FR\",\"potentialAction\":[{\"@type\":\"ReadAction\",\"target\":[\"https:\\\/\\\/whynotwein.eu\\\/fr\\\/regions-viticoles\\\/burgenland\\\/\"]}]},{\"@type\":\"ImageObject\",\"inLanguage\":\"fr-FR\",\"@id\":\"https:\\\/\\\/whynotwein.eu\\\/fr\\\/regions-viticoles\\\/burgenland\\\/#primaryimage\",\"url\":\"https:\\\/\\\/pswp.fra1.digitaloceanspaces.com\\\/w\\\/20250922165938\\\/website-burgenland-wappen.png\",\"contentUrl\":\"https:\\\/\\\/pswp.fra1.digitaloceanspaces.com\\\/w\\\/20250922165938\\\/website-burgenland-wappen.png\",\"width\":1200,\"height\":1452},{\"@type\":\"BreadcrumbList\",\"@id\":\"https:\\\/\\\/whynotwein.eu\\\/fr\\\/regions-viticoles\\\/burgenland\\\/#breadcrumb\",\"itemListElement\":[{\"@type\":\"ListItem\",\"position\":1,\"name\":\"Home\",\"item\":\"https:\\\/\\\/whynotwein.eu\\\/fr\\\/\"},{\"@type\":\"ListItem\",\"position\":2,\"name\":\"R\u00e9gions viticoles\",\"item\":\"https:\\\/\\\/whynotwein.eu\\\/fr\\\/regions-viticoles\\\/\"},{\"@type\":\"ListItem\",\"position\":3,\"name\":\"Burgenland\"}]},{\"@type\":\"WebSite\",\"@id\":\"https:\\\/\\\/whynotwein.eu\\\/fr\\\/#website\",\"url\":\"https:\\\/\\\/whynotwein.eu\\\/fr\\\/\",\"name\":\"WhyNotWein\",\"description\":\"Austrian Wines in Belgium\",\"publisher\":{\"@id\":\"https:\\\/\\\/whynotwein.eu\\\/fr\\\/#organization\"},\"potentialAction\":[{\"@type\":\"SearchAction\",\"target\":{\"@type\":\"EntryPoint\",\"urlTemplate\":\"https:\\\/\\\/whynotwein.eu\\\/fr\\\/?s={search_term_string}\"},\"query-input\":{\"@type\":\"PropertyValueSpecification\",\"valueRequired\":true,\"valueName\":\"search_term_string\"}}],\"inLanguage\":\"fr-FR\"},{\"@type\":\"Organization\",\"@id\":\"https:\\\/\\\/whynotwein.eu\\\/fr\\\/#organization\",\"name\":\"WhyNotWein\",\"url\":\"https:\\\/\\\/whynotwein.eu\\\/fr\\\/\",\"logo\":{\"@type\":\"ImageObject\",\"inLanguage\":\"fr-FR\",\"@id\":\"https:\\\/\\\/whynotwein.eu\\\/fr\\\/#\\\/schema\\\/logo\\\/image\\\/\",\"url\":\"https:\\\/\\\/whynotwein.eu\\\/wp-content\\\/uploads\\\/2015\\\/12\\\/WhyNotWein_Logo_340.png\",\"contentUrl\":\"https:\\\/\\\/whynotwein.eu\\\/wp-content\\\/uploads\\\/2015\\\/12\\\/WhyNotWein_Logo_340.png\",\"width\":340,\"height\":156,\"caption\":\"WhyNotWein\"},\"image\":{\"@id\":\"https:\\\/\\\/whynotwein.eu\\\/fr\\\/#\\\/schema\\\/logo\\\/image\\\/\"}}]}<\/script>\n<!-- \/ Yoast SEO plugin. -->","yoast_head_json":{"title":"Burgenland - WhyNotWein","robots":{"index":"index","follow":"follow","max-snippet":"max-snippet:-1","max-image-preview":"max-image-preview:large","max-video-preview":"max-video-preview:-1"},"canonical":"https:\/\/whynotwein.eu\/fr\/regions-viticoles\/burgenland\/","og_locale":"fr_FR","og_type":"article","og_title":"Burgenland - WhyNotWein","og_description":"R\u00e9gion viticole du Burgenland Sous l&#8217;influence du climat pannonien continental chaud, les vins rouges les plus cors\u00e9s d&#8217;Autriche poussent dans le Land le plus \u00e0 l&#8217;est. Il existe des diff\u00e9rences non n\u00e9gligeables au niveau des conditions naturelles. Tout au sud par exemple, l&#8217;Eisenberg, avec son sol particulier et un soup\u00e7on de fra\u00eecheur styrienne dans le [&hellip;]","og_url":"https:\/\/whynotwein.eu\/fr\/regions-viticoles\/burgenland\/","og_site_name":"WhyNotWein","article_modified_time":"2022-11-29T16:23:37+00:00","og_image":[{"width":1200,"height":1452,"url":"https:\/\/wnwfra.s3.eu-central-1.amazonaws.com\/wp-content\/uploads\/2022\/11\/10155023\/website-burgenland-wappen.png","type":"image\/png"}],"twitter_card":"summary_large_image","schema":{"@context":"https:\/\/schema.org","@graph":[{"@type":"WebPage","@id":"https:\/\/whynotwein.eu\/fr\/regions-viticoles\/burgenland\/","url":"https:\/\/whynotwein.eu\/fr\/regions-viticoles\/burgenland\/","name":"Burgenland - WhyNotWein","isPartOf":{"@id":"https:\/\/whynotwein.eu\/fr\/#website"},"primaryImageOfPage":{"@id":"https:\/\/whynotwein.eu\/fr\/regions-viticoles\/burgenland\/#primaryimage"},"image":{"@id":"https:\/\/whynotwein.eu\/fr\/regions-viticoles\/burgenland\/#primaryimage"},"thumbnailUrl":"https:\/\/pswp.fra1.digitaloceanspaces.com\/w\/20250922165938\/website-burgenland-wappen.png","datePublished":"2016-02-02T21:09:07+00:00","dateModified":"2022-11-29T16:23:37+00:00","breadcrumb":{"@id":"https:\/\/whynotwein.eu\/fr\/regions-viticoles\/burgenland\/#breadcrumb"},"inLanguage":"fr-FR","potentialAction":[{"@type":"ReadAction","target":["https:\/\/whynotwein.eu\/fr\/regions-viticoles\/burgenland\/"]}]},{"@type":"ImageObject","inLanguage":"fr-FR","@id":"https:\/\/whynotwein.eu\/fr\/regions-viticoles\/burgenland\/#primaryimage","url":"https:\/\/pswp.fra1.digitaloceanspaces.com\/w\/20250922165938\/website-burgenland-wappen.png","contentUrl":"https:\/\/pswp.fra1.digitaloceanspaces.com\/w\/20250922165938\/website-burgenland-wappen.png","width":1200,"height":1452},{"@type":"BreadcrumbList","@id":"https:\/\/whynotwein.eu\/fr\/regions-viticoles\/burgenland\/#breadcrumb","itemListElement":[{"@type":"ListItem","position":1,"name":"Home","item":"https:\/\/whynotwein.eu\/fr\/"},{"@type":"ListItem","position":2,"name":"R\u00e9gions viticoles","item":"https:\/\/whynotwein.eu\/fr\/regions-viticoles\/"},{"@type":"ListItem","position":3,"name":"Burgenland"}]},{"@type":"WebSite","@id":"https:\/\/whynotwein.eu\/fr\/#website","url":"https:\/\/whynotwein.eu\/fr\/","name":"WhyNotWein","description":"Austrian Wines in Belgium","publisher":{"@id":"https:\/\/whynotwein.eu\/fr\/#organization"},"potentialAction":[{"@type":"SearchAction","target":{"@type":"EntryPoint","urlTemplate":"https:\/\/whynotwein.eu\/fr\/?s={search_term_string}"},"query-input":{"@type":"PropertyValueSpecification","valueRequired":true,"valueName":"search_term_string"}}],"inLanguage":"fr-FR"},{"@type":"Organization","@id":"https:\/\/whynotwein.eu\/fr\/#organization","name":"WhyNotWein","url":"https:\/\/whynotwein.eu\/fr\/","logo":{"@type":"ImageObject","inLanguage":"fr-FR","@id":"https:\/\/whynotwein.eu\/fr\/#\/schema\/logo\/image\/","url":"https:\/\/whynotwein.eu\/wp-content\/uploads\/2015\/12\/WhyNotWein_Logo_340.png","contentUrl":"https:\/\/whynotwein.eu\/wp-content\/uploads\/2015\/12\/WhyNotWein_Logo_340.png","width":340,"height":156,"caption":"WhyNotWein"},"image":{"@id":"https:\/\/whynotwein.eu\/fr\/#\/schema\/logo\/image\/"}}]}},"uagb_featured_image_src":{"full":["https:\/\/pswp.fra1.digitaloceanspaces.com\/w\/20250922165938\/website-burgenland-wappen.png",1200,1452,false],"thumbnail":["https:\/\/pswp.fra1.digitaloceanspaces.com\/w\/20250922165938\/website-burgenland-wappen-80x80.png",80,80,true],"medium":["https:\/\/pswp.fra1.digitaloceanspaces.com\/w\/20250922165938\/website-burgenland-wappen-248x300.png",248,300,true],"medium_large":["https:\/\/pswp.fra1.digitaloceanspaces.com\/w\/20250922165938\/website-burgenland-wappen-768x929.png",768,929,true],"large":["https:\/\/pswp.fra1.digitaloceanspaces.com\/w\/20250922165938\/website-burgenland-wappen-851x1030.png",851,1030,true],"1536x1536":["https:\/\/pswp.fra1.digitaloceanspaces.com\/w\/20250922165938\/website-burgenland-wappen.png",1200,1452,false],"2048x2048":["https:\/\/pswp.fra1.digitaloceanspaces.com\/w\/20250922165938\/website-burgenland-wappen.png",1200,1452,false],"gform-image-choice-sm":["https:\/\/pswp.fra1.digitaloceanspaces.com\/w\/20250922165938\/website-burgenland-wappen.png",248,300,false],"gform-image-choice-md":["https:\/\/pswp.fra1.digitaloceanspaces.com\/w\/20250922165938\/website-burgenland-wappen.png",331,400,false],"gform-image-choice-lg":["https:\/\/pswp.fra1.digitaloceanspaces.com\/w\/20250922165938\/website-burgenland-wappen.png",496,600,false],"woocommerce_thumbnail":["https:\/\/pswp.fra1.digitaloceanspaces.com\/w\/20250922165938\/website-burgenland-wappen-450x450.png",450,450,true],"woocommerce_single":["https:\/\/pswp.fra1.digitaloceanspaces.com\/w\/20250922165938\/website-burgenland-wappen-450x545.png",450,545,true],"woocommerce_gallery_thumbnail":["https:\/\/pswp.fra1.digitaloceanspaces.com\/w\/20250922165938\/website-burgenland-wappen-100x100.png",100,100,true]},"uagb_author_info":{"display_name":"Thomas Buchst\u00e4tter","author_link":"https:\/\/whynotwein.eu\/fr\/author\/bukaznik\/"},"uagb_comment_info":0,"uagb_excerpt":"R\u00e9gion viticole du Burgenland Sous l&#8217;influence du climat pannonien continental chaud, les vins rouges les plus cors\u00e9s d&#8217;Autriche poussent dans le Land le plus \u00e0 l&#8217;est. Il existe des diff\u00e9rences non n\u00e9gligeables au niveau des conditions naturelles. Tout au sud par exemple, l&#8217;Eisenberg, avec son sol particulier et un soup\u00e7on de fra\u00eecheur styrienne dans le&hellip;","_links":{"self":[{"href":"https:\/\/whynotwein.eu\/fr\/wp-json\/wp\/v2\/pages\/11909","targetHints":{"allow":["GET"]}}],"collection":[{"href":"https:\/\/whynotwein.eu\/fr\/wp-json\/wp\/v2\/pages"}],"about":[{"href":"https:\/\/whynotwein.eu\/fr\/wp-json\/wp\/v2\/types\/page"}],"author":[{"embeddable":true,"href":"https:\/\/whynotwein.eu\/fr\/wp-json\/wp\/v2\/users\/2539"}],"replies":[{"embeddable":true,"href":"https:\/\/whynotwein.eu\/fr\/wp-json\/wp\/v2\/comments?post=11909"}],"version-history":[{"count":8,"href":"https:\/\/whynotwein.eu\/fr\/wp-json\/wp\/v2\/pages\/11909\/revisions"}],"predecessor-version":[{"id":27175,"href":"https:\/\/whynotwein.eu\/fr\/wp-json\/wp\/v2\/pages\/11909\/revisions\/27175"}],"up":[{"embeddable":true,"href":"https:\/\/whynotwein.eu\/fr\/wp-json\/wp\/v2\/pages\/10186"}],"wp:featuredmedia":[{"embeddable":true,"href":"https:\/\/whynotwein.eu\/fr\/wp-json\/wp\/v2\/media\/26451"}],"wp:attachment":[{"href":"https:\/\/whynotwein.eu\/fr\/wp-json\/wp\/v2\/media?parent=11909"}],"curies":[{"name":"wp","href":"https:\/\/api.w.org\/{rel}","templated":true}]}}