{"id":11930,"date":"2012-04-13T17:11:00","date_gmt":"2012-04-13T15:11:00","guid":{"rendered":"http:\/\/whynotwein.eu\/fr\/weinregionen\/deutschland\/"},"modified":"2022-11-29T17:24:55","modified_gmt":"2022-11-29T16:24:55","slug":"allemagne","status":"publish","type":"page","link":"https:\/\/whynotwein.eu\/fr\/regions-viticoles\/allemagne\/","title":{"rendered":"Allemagne"},"content":{"rendered":"\n<div class=\"wp-block-uagb-container uagb-block-6c04a1f7 alignfull uagb-is-root-container\"><div class=\"uagb-container-inner-blocks-wrap\">\n<div class=\"wp-block-uagb-container uagb-block-6f73299c alignfull uagb-is-root-container\"><div class=\"uagb-container-inner-blocks-wrap\">\n<div class=\"wp-block-uagb-image uagb-block-5df0baf1 wp-block-uagb-image--layout-default wp-block-uagb-image--effect-static wp-block-uagb-image--align-center\"><figure class=\"wp-block-uagb-image__figure\"><a class=\"\" href=\"https:\/\/pswp.fra1.digitaloceanspaces.com\/w\/20250922165918\/website-deutschland-flagge.jpeg\" target=\"\" rel=\"noopener\"><img decoding=\"async\" srcset=\"https:\/\/pswp.fra1.digitaloceanspaces.com\/w\/20250922165918\/website-deutschland-flagge-300x177.jpeg \" src=\"https:\/\/pswp.fra1.digitaloceanspaces.com\/w\/20250922165918\/website-deutschland-flagge-300x177.jpeg\" alt=\"\" class=\"uag-image-26922\" width=\"300\" height=\"177\" title=\"\" loading=\"lazy\"\/><\/a><\/figure><\/div>\n\n\n\n<div class=\"wp-block-uagb-icon-list uagb-block-0d0fd472\"><div class=\"uagb-icon-list__wrap\">\n<div class=\"wp-block-uagb-icon-list-child uagb-block-ea72c2a7\"><a target=\"_blank\" aria-label=\"Mosel\" rel=\"noopener noreferrer\" href=\"https:\/\/whynotwein.eu\/weinregionen\/deutschland\/mosel\/\"> <\/a><span class=\"uagb-icon-list__source-wrap\"><svg xmlns=\"https:\/\/www.w3.org\/2000\/svg\" viewbox=\"0 0 512 512\"><path d=\"M256 0C114.6 0 0 114.6 0 256c0 141.4 114.6 256 256 256s256-114.6 256-256C512 114.6 397.4 0 256 0zM406.6 278.6l-103.1 103.1c-12.5 12.5-32.75 12.5-45.25 0s-12.5-32.75 0-45.25L306.8 288H128C110.3 288 96 273.7 96 256s14.31-32 32-32h178.8l-49.38-49.38c-12.5-12.5-12.5-32.75 0-45.25s32.75-12.5 45.25 0l103.1 103.1C414.6 241.3 416 251.1 416 256C416 260.9 414.6 270.7 406.6 278.6z\"><\/path><\/svg><\/span><span class=\"uagb-icon-list__label\">Mosel<\/span><\/div>\n\n\n\n<div class=\"wp-block-uagb-icon-list-child uagb-block-0a607bb3\"><a target=\"_self\" aria-label=\"Pfalz\" rel=\"noopener noreferrer\" href=\"https:\/\/whynotwein.eu\/weinregionen\/deutschland\/pfalz\/\"> <\/a><span class=\"uagb-icon-list__source-wrap\"><svg xmlns=\"https:\/\/www.w3.org\/2000\/svg\" viewbox=\"0 0 512 512\"><path d=\"M256 0C114.6 0 0 114.6 0 256c0 141.4 114.6 256 256 256s256-114.6 256-256C512 114.6 397.4 0 256 0zM406.6 278.6l-103.1 103.1c-12.5 12.5-32.75 12.5-45.25 0s-12.5-32.75 0-45.25L306.8 288H128C110.3 288 96 273.7 96 256s14.31-32 32-32h178.8l-49.38-49.38c-12.5-12.5-12.5-32.75 0-45.25s32.75-12.5 45.25 0l103.1 103.1C414.6 241.3 416 251.1 416 256C416 260.9 414.6 270.7 406.6 278.6z\"><\/path><\/svg><\/span><span class=\"uagb-icon-list__label\">Pfalz<\/span><\/div>\n\n\n\n<div class=\"wp-block-uagb-icon-list-child uagb-block-161881c5\"><a target=\"_self\" aria-label=\"Rheingau-Rheinhessen\" rel=\"noopener noreferrer\" href=\"https:\/\/whynotwein.eu\/weinregionen\/deutschland\/rheingau\/\"> <\/a><span class=\"uagb-icon-list__source-wrap\"><svg xmlns=\"https:\/\/www.w3.org\/2000\/svg\" viewbox=\"0 0 512 512\"><path d=\"M256 0C114.6 0 0 114.6 0 256c0 141.4 114.6 256 256 256s256-114.6 256-256C512 114.6 397.4 0 256 0zM406.6 278.6l-103.1 103.1c-12.5 12.5-32.75 12.5-45.25 0s-12.5-32.75 0-45.25L306.8 288H128C110.3 288 96 273.7 96 256s14.31-32 32-32h178.8l-49.38-49.38c-12.5-12.5-12.5-32.75 0-45.25s32.75-12.5 45.25 0l103.1 103.1C414.6 241.3 416 251.1 416 256C416 260.9 414.6 270.7 406.6 278.6z\"><\/path><\/svg><\/span><span class=\"uagb-icon-list__label\">Rheingau-Rheinhessen<\/span><\/div>\n<\/div><\/div>\n<\/div><\/div>\n\n\n\n<div class=\"wp-block-uagb-container uagb-block-b399a6ec alignfull uagb-is-root-container\"><div class=\"uagb-container-inner-blocks-wrap\">\n<h3 class=\"wp-block-heading\">R\u00e9gion viticole d&#8217;Allemagne<\/h3>\n\n\n\n<p>Environ 80.000 viticulteurs cultivent environ 102.000 hectares de vigne et r\u00e9coltent en moyenne environ 9,25 millions d&#8217;hectolitres par mill\u00e9sime sur une p\u00e9riode de dix ans. Le rendement moyen est tr\u00e8s \u00e9lev\u00e9, entre 90 et 100 hectolitres par hectare. 3,9 millions d&#8217;hectolitres ont \u00e9t\u00e9 export\u00e9s, notamment vers les \u00c9tats-Unis (257.000 hl), les Pays-Bas (217.000 hl) et la Grande-Bretagne (173.000 hl).<\/p>\n\n\n\n<p>La plus grande r\u00e9gion viticole est la Hesse rh\u00e9nane avec 26.516 hectares, suivie du Palatinat avec 23.489 hectares et du Pays de Bade avec 15.815 hectares. La Hesse rh\u00e9nane et le Palatinat font partie de la Rh\u00e9nanie-Palatinat, le Land qui compte le plus de r\u00e9gions viticoles et les deux tiers de la surface viticole allemande.<\/p>\n<\/div><\/div>\n<\/div><\/div>\n\n<figure class=\"wp-block-gallery has-nested-images columns-default is-cropped wp-block-gallery-1 is-layout-flex wp-block-gallery-is-layout-flex\">\n<figure class=\"wp-block-image size-full\"><a href=\"https:\/\/pswp.fra1.digitaloceanspaces.com\/w\/20250922170243\/website-weinregion-deutschland.jpg\"><img decoding=\"async\" width=\"852\" height=\"1000\" data-id=\"15294\" src=\"https:\/\/pswp.fra1.digitaloceanspaces.com\/w\/20250922170243\/website-weinregion-deutschland.jpg\" alt=\"\" class=\"wp-image-15294\" srcset=\"https:\/\/pswp.fra1.digitaloceanspaces.com\/w\/20250922170243\/website-weinregion-deutschland.jpg 852w, https:\/\/pswp.fra1.digitaloceanspaces.com\/w\/20250922170243\/website-weinregion-deutschland-450x528.jpg 450w\" sizes=\"(max-width: 852px) 100vw, 852px\" \/><\/a><\/figure>\n\n\n\n<figure class=\"wp-block-image size-full\"><a href=\"https:\/\/pswp.fra1.digitaloceanspaces.com\/w\/20250922165918\/website-deutschland.jpeg\"><img decoding=\"async\" width=\"734\" height=\"650\" data-id=\"26926\" src=\"https:\/\/pswp.fra1.digitaloceanspaces.com\/w\/20250922165918\/website-deutschland.jpeg\" alt=\"\" class=\"wp-image-26926\" srcset=\"https:\/\/pswp.fra1.digitaloceanspaces.com\/w\/20250922165918\/website-deutschland.jpeg 734w, https:\/\/pswp.fra1.digitaloceanspaces.com\/w\/20250922165918\/website-deutschland-300x266.jpeg 300w, https:\/\/pswp.fra1.digitaloceanspaces.com\/w\/20250922165918\/website-deutschland-450x399.jpeg 450w\" sizes=\"(max-width: 734px) 100vw, 734px\" \/><\/a><\/figure>\n\n\n\n<figure class=\"wp-block-image size-full\"><a href=\"https:\/\/pswp.fra1.digitaloceanspaces.com\/w\/20250922165918\/website-deutschland1.jpeg\"><img decoding=\"async\" width=\"700\" height=\"394\" data-id=\"26930\" src=\"https:\/\/pswp.fra1.digitaloceanspaces.com\/w\/20250922165918\/website-deutschland1.jpeg\" alt=\"\" class=\"wp-image-26930\" srcset=\"https:\/\/pswp.fra1.digitaloceanspaces.com\/w\/20250922165918\/website-deutschland1.jpeg 700w, https:\/\/pswp.fra1.digitaloceanspaces.com\/w\/20250922165918\/website-deutschland1-300x169.jpeg 300w, https:\/\/pswp.fra1.digitaloceanspaces.com\/w\/20250922165918\/website-deutschland1-450x253.jpeg 450w\" sizes=\"(max-width: 700px) 100vw, 700px\" \/><\/a><\/figure>\n<\/figure>\n","protected":false},"excerpt":{"rendered":"<p>R\u00e9gion viticole d&#8217;Allemagne Environ 80.000 viticulteurs cultivent environ 102.000 hectares de vigne et r\u00e9coltent en moyenne environ 9,25 millions d&#8217;hectolitres par mill\u00e9sime sur une p\u00e9riode de dix ans. Le rendement moyen est tr\u00e8s \u00e9lev\u00e9, entre 90 et 100 hectolitres par hectare. 3,9 millions d&#8217;hectolitres ont \u00e9t\u00e9 export\u00e9s, notamment vers les \u00c9tats-Unis (257.000 hl), les Pays-Bas [&hellip;]<\/p>\n","protected":false},"author":2345,"featured_media":26925,"parent":10186,"menu_order":0,"comment_status":"closed","ping_status":"closed","template":"","meta":{"_eb_attr":"","_uag_custom_page_level_css":"","site-sidebar-layout":"default","site-content-layout":"","ast-site-content-layout":"default","site-content-style":"default","site-sidebar-style":"default","ast-global-header-display":"","ast-banner-title-visibility":"","ast-main-header-display":"","ast-hfb-above-header-display":"","ast-hfb-below-header-display":"","ast-hfb-mobile-header-display":"","site-post-title":"","ast-breadcrumbs-content":"","ast-featured-img":"disabled","footer-sml-layout":"","ast-disable-related-posts":"","theme-transparent-header-meta":"","adv-header-id-meta":"","stick-header-meta":"","header-above-stick-meta":"","header-main-stick-meta":"","header-below-stick-meta":"","astra-migrate-meta-layouts":"default","ast-page-background-enabled":"default","ast-page-background-meta":{"desktop":{"background-color":"var(--ast-global-color-4)","background-image":"","background-repeat":"repeat","background-position":"center center","background-size":"auto","background-attachment":"scroll","background-type":"","background-media":"","overlay-type":"","overlay-color":"","overlay-opacity":"","overlay-gradient":""},"tablet":{"background-color":"","background-image":"","background-repeat":"repeat","background-position":"center center","background-size":"auto","background-attachment":"scroll","background-type":"","background-media":"","overlay-type":"","overlay-color":"","overlay-opacity":"","overlay-gradient":""},"mobile":{"background-color":"","background-image":"","background-repeat":"repeat","background-position":"center center","background-size":"auto","background-attachment":"scroll","background-type":"","background-media":"","overlay-type":"","overlay-color":"","overlay-opacity":"","overlay-gradient":""}},"ast-content-background-meta":{"desktop":{"background-color":"var(--ast-global-color-5)","background-image":"","background-repeat":"repeat","background-position":"center center","background-size":"auto","background-attachment":"scroll","background-type":"","background-media":"","overlay-type":"","overlay-color":"","overlay-opacity":"","overlay-gradient":""},"tablet":{"background-color":"var(--ast-global-color-5)","background-image":"","background-repeat":"repeat","background-position":"center center","background-size":"auto","background-attachment":"scroll","background-type":"","background-media":"","overlay-type":"","overlay-color":"","overlay-opacity":"","overlay-gradient":""},"mobile":{"background-color":"var(--ast-global-color-5)","background-image":"","background-repeat":"repeat","background-position":"center center","background-size":"auto","background-attachment":"scroll","background-type":"","background-media":"","overlay-type":"","overlay-color":"","overlay-opacity":"","overlay-gradient":""}},"footnotes":""},"class_list":["post-11930","page","type-page","status-publish","has-post-thumbnail","hentry"],"yoast_head":"<!-- This site is optimized with the Yoast SEO plugin v27.3 - https:\/\/yoast.com\/product\/yoast-seo-wordpress\/ -->\n<title>Allemagne - WhyNotWein<\/title>\n<meta name=\"robots\" content=\"index, follow, max-snippet:-1, max-image-preview:large, max-video-preview:-1\" \/>\n<link rel=\"canonical\" href=\"https:\/\/whynotwein.eu\/fr\/regions-viticoles\/allemagne\/\" \/>\n<meta property=\"og:locale\" content=\"fr_FR\" \/>\n<meta property=\"og:type\" content=\"article\" \/>\n<meta property=\"og:title\" content=\"Allemagne - WhyNotWein\" \/>\n<meta property=\"og:description\" content=\"R\u00e9gion viticole d&#8217;Allemagne Environ 80.000 viticulteurs cultivent environ 102.000 hectares de vigne et r\u00e9coltent en moyenne environ 9,25 millions d&#8217;hectolitres par mill\u00e9sime sur une p\u00e9riode de dix ans. Le rendement moyen est tr\u00e8s \u00e9lev\u00e9, entre 90 et 100 hectolitres par hectare. 3,9 millions d&#8217;hectolitres ont \u00e9t\u00e9 export\u00e9s, notamment vers les \u00c9tats-Unis (257.000 hl), les Pays-Bas [&hellip;]\" \/>\n<meta property=\"og:url\" content=\"https:\/\/whynotwein.eu\/fr\/regions-viticoles\/allemagne\/\" \/>\n<meta property=\"og:site_name\" content=\"WhyNotWein\" \/>\n<meta property=\"article:modified_time\" content=\"2022-11-29T16:24:55+00:00\" \/>\n<meta property=\"og:image\" content=\"https:\/\/wnwfra.s3.eu-central-1.amazonaws.com\/wp-content\/uploads\/2022\/11\/23143322\/website-deutschland-flagge.jpeg\" \/>\n\t<meta property=\"og:image:width\" content=\"425\" \/>\n\t<meta property=\"og:image:height\" content=\"251\" \/>\n\t<meta property=\"og:image:type\" content=\"image\/jpeg\" \/>\n<meta name=\"twitter:card\" content=\"summary_large_image\" \/>\n<meta name=\"twitter:label1\" content=\"Dur\u00e9e de lecture estim\u00e9e\" \/>\n\t<meta name=\"twitter:data1\" content=\"1 minute\" \/>\n<script type=\"application\/ld+json\" class=\"yoast-schema-graph\">{\"@context\":\"https:\\\/\\\/schema.org\",\"@graph\":[{\"@type\":\"WebPage\",\"@id\":\"https:\\\/\\\/whynotwein.eu\\\/fr\\\/regions-viticoles\\\/allemagne\\\/\",\"url\":\"https:\\\/\\\/whynotwein.eu\\\/fr\\\/regions-viticoles\\\/allemagne\\\/\",\"name\":\"Allemagne - WhyNotWein\",\"isPartOf\":{\"@id\":\"https:\\\/\\\/whynotwein.eu\\\/fr\\\/#website\"},\"primaryImageOfPage\":{\"@id\":\"https:\\\/\\\/whynotwein.eu\\\/fr\\\/regions-viticoles\\\/allemagne\\\/#primaryimage\"},\"image\":{\"@id\":\"https:\\\/\\\/whynotwein.eu\\\/fr\\\/regions-viticoles\\\/allemagne\\\/#primaryimage\"},\"thumbnailUrl\":\"https:\\\/\\\/pswp.fra1.digitaloceanspaces.com\\\/w\\\/20250922165918\\\/website-deutschland-flagge.jpeg\",\"datePublished\":\"2012-04-13T15:11:00+00:00\",\"dateModified\":\"2022-11-29T16:24:55+00:00\",\"breadcrumb\":{\"@id\":\"https:\\\/\\\/whynotwein.eu\\\/fr\\\/regions-viticoles\\\/allemagne\\\/#breadcrumb\"},\"inLanguage\":\"fr-FR\",\"potentialAction\":[{\"@type\":\"ReadAction\",\"target\":[\"https:\\\/\\\/whynotwein.eu\\\/fr\\\/regions-viticoles\\\/allemagne\\\/\"]}]},{\"@type\":\"ImageObject\",\"inLanguage\":\"fr-FR\",\"@id\":\"https:\\\/\\\/whynotwein.eu\\\/fr\\\/regions-viticoles\\\/allemagne\\\/#primaryimage\",\"url\":\"https:\\\/\\\/pswp.fra1.digitaloceanspaces.com\\\/w\\\/20250922165918\\\/website-deutschland-flagge.jpeg\",\"contentUrl\":\"https:\\\/\\\/pswp.fra1.digitaloceanspaces.com\\\/w\\\/20250922165918\\\/website-deutschland-flagge.jpeg\",\"width\":425,\"height\":251},{\"@type\":\"BreadcrumbList\",\"@id\":\"https:\\\/\\\/whynotwein.eu\\\/fr\\\/regions-viticoles\\\/allemagne\\\/#breadcrumb\",\"itemListElement\":[{\"@type\":\"ListItem\",\"position\":1,\"name\":\"Home\",\"item\":\"https:\\\/\\\/whynotwein.eu\\\/fr\\\/\"},{\"@type\":\"ListItem\",\"position\":2,\"name\":\"R\u00e9gions viticoles\",\"item\":\"https:\\\/\\\/whynotwein.eu\\\/fr\\\/regions-viticoles\\\/\"},{\"@type\":\"ListItem\",\"position\":3,\"name\":\"Allemagne\"}]},{\"@type\":\"WebSite\",\"@id\":\"https:\\\/\\\/whynotwein.eu\\\/fr\\\/#website\",\"url\":\"https:\\\/\\\/whynotwein.eu\\\/fr\\\/\",\"name\":\"WhyNotWein\",\"description\":\"Austrian Wines in Belgium\",\"publisher\":{\"@id\":\"https:\\\/\\\/whynotwein.eu\\\/fr\\\/#organization\"},\"potentialAction\":[{\"@type\":\"SearchAction\",\"target\":{\"@type\":\"EntryPoint\",\"urlTemplate\":\"https:\\\/\\\/whynotwein.eu\\\/fr\\\/?s={search_term_string}\"},\"query-input\":{\"@type\":\"PropertyValueSpecification\",\"valueRequired\":true,\"valueName\":\"search_term_string\"}}],\"inLanguage\":\"fr-FR\"},{\"@type\":\"Organization\",\"@id\":\"https:\\\/\\\/whynotwein.eu\\\/fr\\\/#organization\",\"name\":\"WhyNotWein\",\"url\":\"https:\\\/\\\/whynotwein.eu\\\/fr\\\/\",\"logo\":{\"@type\":\"ImageObject\",\"inLanguage\":\"fr-FR\",\"@id\":\"https:\\\/\\\/whynotwein.eu\\\/fr\\\/#\\\/schema\\\/logo\\\/image\\\/\",\"url\":\"https:\\\/\\\/whynotwein.eu\\\/wp-content\\\/uploads\\\/2015\\\/12\\\/WhyNotWein_Logo_340.png\",\"contentUrl\":\"https:\\\/\\\/whynotwein.eu\\\/wp-content\\\/uploads\\\/2015\\\/12\\\/WhyNotWein_Logo_340.png\",\"width\":340,\"height\":156,\"caption\":\"WhyNotWein\"},\"image\":{\"@id\":\"https:\\\/\\\/whynotwein.eu\\\/fr\\\/#\\\/schema\\\/logo\\\/image\\\/\"}}]}<\/script>\n<!-- \/ Yoast SEO plugin. -->","yoast_head_json":{"title":"Allemagne - WhyNotWein","robots":{"index":"index","follow":"follow","max-snippet":"max-snippet:-1","max-image-preview":"max-image-preview:large","max-video-preview":"max-video-preview:-1"},"canonical":"https:\/\/whynotwein.eu\/fr\/regions-viticoles\/allemagne\/","og_locale":"fr_FR","og_type":"article","og_title":"Allemagne - WhyNotWein","og_description":"R\u00e9gion viticole d&#8217;Allemagne Environ 80.000 viticulteurs cultivent environ 102.000 hectares de vigne et r\u00e9coltent en moyenne environ 9,25 millions d&#8217;hectolitres par mill\u00e9sime sur une p\u00e9riode de dix ans. Le rendement moyen est tr\u00e8s \u00e9lev\u00e9, entre 90 et 100 hectolitres par hectare. 3,9 millions d&#8217;hectolitres ont \u00e9t\u00e9 export\u00e9s, notamment vers les \u00c9tats-Unis (257.000 hl), les Pays-Bas [&hellip;]","og_url":"https:\/\/whynotwein.eu\/fr\/regions-viticoles\/allemagne\/","og_site_name":"WhyNotWein","article_modified_time":"2022-11-29T16:24:55+00:00","og_image":[{"width":425,"height":251,"url":"https:\/\/wnwfra.s3.eu-central-1.amazonaws.com\/wp-content\/uploads\/2022\/11\/23143322\/website-deutschland-flagge.jpeg","type":"image\/jpeg"}],"twitter_card":"summary_large_image","twitter_misc":{"Dur\u00e9e de lecture estim\u00e9e":"1 minute"},"schema":{"@context":"https:\/\/schema.org","@graph":[{"@type":"WebPage","@id":"https:\/\/whynotwein.eu\/fr\/regions-viticoles\/allemagne\/","url":"https:\/\/whynotwein.eu\/fr\/regions-viticoles\/allemagne\/","name":"Allemagne - WhyNotWein","isPartOf":{"@id":"https:\/\/whynotwein.eu\/fr\/#website"},"primaryImageOfPage":{"@id":"https:\/\/whynotwein.eu\/fr\/regions-viticoles\/allemagne\/#primaryimage"},"image":{"@id":"https:\/\/whynotwein.eu\/fr\/regions-viticoles\/allemagne\/#primaryimage"},"thumbnailUrl":"https:\/\/pswp.fra1.digitaloceanspaces.com\/w\/20250922165918\/website-deutschland-flagge.jpeg","datePublished":"2012-04-13T15:11:00+00:00","dateModified":"2022-11-29T16:24:55+00:00","breadcrumb":{"@id":"https:\/\/whynotwein.eu\/fr\/regions-viticoles\/allemagne\/#breadcrumb"},"inLanguage":"fr-FR","potentialAction":[{"@type":"ReadAction","target":["https:\/\/whynotwein.eu\/fr\/regions-viticoles\/allemagne\/"]}]},{"@type":"ImageObject","inLanguage":"fr-FR","@id":"https:\/\/whynotwein.eu\/fr\/regions-viticoles\/allemagne\/#primaryimage","url":"https:\/\/pswp.fra1.digitaloceanspaces.com\/w\/20250922165918\/website-deutschland-flagge.jpeg","contentUrl":"https:\/\/pswp.fra1.digitaloceanspaces.com\/w\/20250922165918\/website-deutschland-flagge.jpeg","width":425,"height":251},{"@type":"BreadcrumbList","@id":"https:\/\/whynotwein.eu\/fr\/regions-viticoles\/allemagne\/#breadcrumb","itemListElement":[{"@type":"ListItem","position":1,"name":"Home","item":"https:\/\/whynotwein.eu\/fr\/"},{"@type":"ListItem","position":2,"name":"R\u00e9gions viticoles","item":"https:\/\/whynotwein.eu\/fr\/regions-viticoles\/"},{"@type":"ListItem","position":3,"name":"Allemagne"}]},{"@type":"WebSite","@id":"https:\/\/whynotwein.eu\/fr\/#website","url":"https:\/\/whynotwein.eu\/fr\/","name":"WhyNotWein","description":"Austrian Wines in Belgium","publisher":{"@id":"https:\/\/whynotwein.eu\/fr\/#organization"},"potentialAction":[{"@type":"SearchAction","target":{"@type":"EntryPoint","urlTemplate":"https:\/\/whynotwein.eu\/fr\/?s={search_term_string}"},"query-input":{"@type":"PropertyValueSpecification","valueRequired":true,"valueName":"search_term_string"}}],"inLanguage":"fr-FR"},{"@type":"Organization","@id":"https:\/\/whynotwein.eu\/fr\/#organization","name":"WhyNotWein","url":"https:\/\/whynotwein.eu\/fr\/","logo":{"@type":"ImageObject","inLanguage":"fr-FR","@id":"https:\/\/whynotwein.eu\/fr\/#\/schema\/logo\/image\/","url":"https:\/\/whynotwein.eu\/wp-content\/uploads\/2015\/12\/WhyNotWein_Logo_340.png","contentUrl":"https:\/\/whynotwein.eu\/wp-content\/uploads\/2015\/12\/WhyNotWein_Logo_340.png","width":340,"height":156,"caption":"WhyNotWein"},"image":{"@id":"https:\/\/whynotwein.eu\/fr\/#\/schema\/logo\/image\/"}}]}},"uagb_featured_image_src":{"full":["https:\/\/pswp.fra1.digitaloceanspaces.com\/w\/20250922165918\/website-deutschland-flagge.jpeg",425,251,false],"thumbnail":["https:\/\/pswp.fra1.digitaloceanspaces.com\/w\/20250922165918\/website-deutschland-flagge-80x80.jpeg",80,80,true],"medium":["https:\/\/pswp.fra1.digitaloceanspaces.com\/w\/20250922165918\/website-deutschland-flagge-300x177.jpeg",300,177,true],"medium_large":["https:\/\/pswp.fra1.digitaloceanspaces.com\/w\/20250922165918\/website-deutschland-flagge.jpeg",425,251,false],"large":["https:\/\/pswp.fra1.digitaloceanspaces.com\/w\/20250922165918\/website-deutschland-flagge.jpeg",425,251,false],"1536x1536":["https:\/\/pswp.fra1.digitaloceanspaces.com\/w\/20250922165918\/website-deutschland-flagge.jpeg",425,251,false],"2048x2048":["https:\/\/pswp.fra1.digitaloceanspaces.com\/w\/20250922165918\/website-deutschland-flagge.jpeg",425,251,false],"gform-image-choice-sm":["https:\/\/pswp.fra1.digitaloceanspaces.com\/w\/20250922165918\/website-deutschland-flagge.jpeg",300,177,false],"gform-image-choice-md":["https:\/\/pswp.fra1.digitaloceanspaces.com\/w\/20250922165918\/website-deutschland-flagge.jpeg",400,236,false],"gform-image-choice-lg":["https:\/\/pswp.fra1.digitaloceanspaces.com\/w\/20250922165918\/website-deutschland-flagge.jpeg",425,251,false],"woocommerce_thumbnail":["https:\/\/pswp.fra1.digitaloceanspaces.com\/w\/20250922165918\/website-deutschland-flagge.jpeg",425,251,false],"woocommerce_single":["https:\/\/pswp.fra1.digitaloceanspaces.com\/w\/20250922165918\/website-deutschland-flagge.jpeg",425,251,false],"woocommerce_gallery_thumbnail":["https:\/\/pswp.fra1.digitaloceanspaces.com\/w\/20250922165918\/website-deutschland-flagge-100x100.jpeg",100,100,true]},"uagb_author_info":{"display_name":"Ren\u00e9 Clausen","author_link":"https:\/\/whynotwein.eu\/fr\/author\/rene\/"},"uagb_comment_info":0,"uagb_excerpt":"R\u00e9gion viticole d&#8217;Allemagne Environ 80.000 viticulteurs cultivent environ 102.000 hectares de vigne et r\u00e9coltent en moyenne environ 9,25 millions d&#8217;hectolitres par mill\u00e9sime sur une p\u00e9riode de dix ans. Le rendement moyen est tr\u00e8s \u00e9lev\u00e9, entre 90 et 100 hectolitres par hectare. 3,9 millions d&#8217;hectolitres ont \u00e9t\u00e9 export\u00e9s, notamment vers les \u00c9tats-Unis (257.000 hl), les Pays-Bas&hellip;","_links":{"self":[{"href":"https:\/\/whynotwein.eu\/fr\/wp-json\/wp\/v2\/pages\/11930","targetHints":{"allow":["GET"]}}],"collection":[{"href":"https:\/\/whynotwein.eu\/fr\/wp-json\/wp\/v2\/pages"}],"about":[{"href":"https:\/\/whynotwein.eu\/fr\/wp-json\/wp\/v2\/types\/page"}],"author":[{"embeddable":true,"href":"https:\/\/whynotwein.eu\/fr\/wp-json\/wp\/v2\/users\/2345"}],"replies":[{"embeddable":true,"href":"https:\/\/whynotwein.eu\/fr\/wp-json\/wp\/v2\/comments?post=11930"}],"version-history":[{"count":8,"href":"https:\/\/whynotwein.eu\/fr\/wp-json\/wp\/v2\/pages\/11930\/revisions"}],"predecessor-version":[{"id":27178,"href":"https:\/\/whynotwein.eu\/fr\/wp-json\/wp\/v2\/pages\/11930\/revisions\/27178"}],"up":[{"embeddable":true,"href":"https:\/\/whynotwein.eu\/fr\/wp-json\/wp\/v2\/pages\/10186"}],"wp:featuredmedia":[{"embeddable":true,"href":"https:\/\/whynotwein.eu\/fr\/wp-json\/wp\/v2\/media\/26925"}],"wp:attachment":[{"href":"https:\/\/whynotwein.eu\/fr\/wp-json\/wp\/v2\/media?parent=11930"}],"curies":[{"name":"wp","href":"https:\/\/api.w.org\/{rel}","templated":true}]}}