{"id":11943,"date":"2016-04-19T14:29:31","date_gmt":"2016-04-19T12:29:31","guid":{"rendered":"http:\/\/whynotwein.eu\/fr\/weinregionen\/deutschland\/mosel\/"},"modified":"2022-11-28T10:49:34","modified_gmt":"2022-11-28T09:49:34","slug":"mosellle","status":"publish","type":"page","link":"https:\/\/whynotwein.eu\/fr\/regions-viticoles\/allemagne\/mosellle\/","title":{"rendered":"Moselle"},"content":{"rendered":"\n<div class=\"wp-block-uagb-container uagb-block-0e0c6efe alignfull uagb-is-root-container\"><div class=\"uagb-container-inner-blocks-wrap\">\n<div class=\"wp-block-uagb-container uagb-block-6af27d40 alignfull uagb-is-root-container\"><div class=\"uagb-container-inner-blocks-wrap\">\n<div class=\"wp-block-uagb-image uagb-block-d71fcbce wp-block-uagb-image--layout-default wp-block-uagb-image--effect-static wp-block-uagb-image--align-center\"><figure class=\"wp-block-uagb-image__figure\"><a class=\"\" href=\"https:\/\/pswp.fra1.digitaloceanspaces.com\/w\/20250922165918\/website-deutschland-flagge.jpeg\" target=\"\" rel=\"noopener\"><img decoding=\"async\" srcset=\"https:\/\/pswp.fra1.digitaloceanspaces.com\/w\/20250922165918\/website-deutschland-flagge-300x177.jpeg \" src=\"https:\/\/pswp.fra1.digitaloceanspaces.com\/w\/20250922165918\/website-deutschland-flagge-300x177.jpeg\" alt=\"\" class=\"uag-image-26922\" width=\"300\" height=\"177\" title=\"\"\/><\/a><\/figure><\/div>\n\n\n\n<div class=\"wp-block-uagb-icon-list uagb-block-489cfd42\"><div class=\"uagb-icon-list__wrap\">\n<div class=\"wp-block-uagb-icon-list-child uagb-block-862c644c\"><span class=\"uagb-icon-list__source-wrap\"><svg xmlns=\"https:\/\/www.w3.org\/2000\/svg\" viewbox=\"0 0 512 512\"><path d=\"M256 0C114.6 0 0 114.6 0 256c0 141.4 114.6 256 256 256s256-114.6 256-256C512 114.6 397.4 0 256 0zM406.6 278.6l-103.1 103.1c-12.5 12.5-32.75 12.5-45.25 0s-12.5-32.75 0-45.25L306.8 288H128C110.3 288 96 273.7 96 256s14.31-32 32-32h178.8l-49.38-49.38c-12.5-12.5-12.5-32.75 0-45.25s32.75-12.5 45.25 0l103.1 103.1C414.6 241.3 416 251.1 416 256C416 260.9 414.6 270.7 406.6 278.6z\"><\/path><\/svg><\/span><span class=\"uagb-icon-list__label\">Climat doux et \u00e9quilibr\u00e9<\/span><\/div>\n\n\n\n<div class=\"wp-block-uagb-icon-list-child uagb-block-418c38c4\"><span class=\"uagb-icon-list__source-wrap\"><svg xmlns=\"https:\/\/www.w3.org\/2000\/svg\" viewbox=\"0 0 512 512\"><path d=\"M256 0C114.6 0 0 114.6 0 256c0 141.4 114.6 256 256 256s256-114.6 256-256C512 114.6 397.4 0 256 0zM406.6 278.6l-103.1 103.1c-12.5 12.5-32.75 12.5-45.25 0s-12.5-32.75 0-45.25L306.8 288H128C110.3 288 96 273.7 96 256s14.31-32 32-32h178.8l-49.38-49.38c-12.5-12.5-12.5-32.75 0-45.25s32.75-12.5 45.25 0l103.1 103.1C414.6 241.3 416 251.1 416 256C416 260.9 414.6 270.7 406.6 278.6z\"><\/path><\/svg><\/span><span class=\"uagb-icon-list__label\">Principal c\u00e9page Riesling<\/span><\/div>\n<\/div><\/div>\n<\/div><\/div>\n\n\n\n<div class=\"wp-block-uagb-container uagb-block-a52b3274 alignfull uagb-is-root-container\"><div class=\"uagb-container-inner-blocks-wrap\">\n<h3 class=\"wp-block-heading\">R\u00e9gion viticole Moselle<\/h3>\n\n\n\n<p>La r\u00e9gion repr\u00e9sente le plus grand vignoble en forte pente du monde et, avec plus de 5.300 ha, la plus grande surface de riesling au monde. En 2012, 669.125 hl de vin ont \u00e9t\u00e9 produits dans la r\u00e9gion. Le vignoble le plus escarp\u00e9 du monde est le Bremmer Calmont, avec une pente d&#8217;environ 65 degr\u00e9s. La culture sur pieux individuels, connue depuis l&#8217;\u00e9poque romaine, domine encore souvent, mais elle est peu \u00e0 peu remplac\u00e9e par des installations modernes sur fils de fer, m\u00eame sur les pentes raides. Dans la r\u00e9gion viticole de la Moselle, les sols sont compos\u00e9s de schiste (Sarre, Ruwer, Moselle moyenne et basse) et de calcaire coquillier (Haute Moselle). En 1967, la confr\u00e9rie viticole Moselle-Sarre-Ruwer a vu le jour.<\/p>\n<\/div><\/div>\n<\/div><\/div>\n\n<figure class=\"wp-block-gallery has-nested-images columns-default is-cropped wp-block-gallery-1 is-layout-flex wp-block-gallery-is-layout-flex\">\n<figure class=\"wp-block-image size-large\"><a href=\"https:\/\/pswp.fra1.digitaloceanspaces.com\/w\/20250922165917\/website-mosel.jpeg\"><img decoding=\"async\" width=\"1030\" height=\"579\" data-id=\"26938\" src=\"https:\/\/pswp.fra1.digitaloceanspaces.com\/w\/20250922165917\/website-mosel-1030x579.jpeg\" alt=\"\" class=\"wp-image-26938\" srcset=\"https:\/\/pswp.fra1.digitaloceanspaces.com\/w\/20250922165917\/website-mosel-1030x579.jpeg 1030w, https:\/\/pswp.fra1.digitaloceanspaces.com\/w\/20250922165917\/website-mosel-300x169.jpeg 300w, https:\/\/pswp.fra1.digitaloceanspaces.com\/w\/20250922165917\/website-mosel-768x432.jpeg 768w, https:\/\/pswp.fra1.digitaloceanspaces.com\/w\/20250922165917\/website-mosel-450x253.jpeg 450w, https:\/\/pswp.fra1.digitaloceanspaces.com\/w\/20250922165917\/website-mosel.jpeg 1280w\" sizes=\"(max-width: 1030px) 100vw, 1030px\" \/><\/a><\/figure>\n\n\n\n<figure class=\"wp-block-image size-large\"><a href=\"https:\/\/pswp.fra1.digitaloceanspaces.com\/w\/20250922165917\/website-mosel1.jpeg\"><img decoding=\"async\" width=\"1030\" height=\"579\" data-id=\"26942\" src=\"https:\/\/pswp.fra1.digitaloceanspaces.com\/w\/20250922165917\/website-mosel1-1030x579.jpeg\" alt=\"\" class=\"wp-image-26942\" srcset=\"https:\/\/pswp.fra1.digitaloceanspaces.com\/w\/20250922165917\/website-mosel1-1030x579.jpeg 1030w, https:\/\/pswp.fra1.digitaloceanspaces.com\/w\/20250922165917\/website-mosel1-300x169.jpeg 300w, https:\/\/pswp.fra1.digitaloceanspaces.com\/w\/20250922165917\/website-mosel1-768x432.jpeg 768w, https:\/\/pswp.fra1.digitaloceanspaces.com\/w\/20250922165917\/website-mosel1-450x253.jpeg 450w, https:\/\/pswp.fra1.digitaloceanspaces.com\/w\/20250922165917\/website-mosel1.jpeg 1280w\" sizes=\"(max-width: 1030px) 100vw, 1030px\" \/><\/a><\/figure>\n\n\n\n<figure class=\"wp-block-image size-large\"><a href=\"https:\/\/pswp.fra1.digitaloceanspaces.com\/w\/20250922165916\/website-mosel2.png\"><img decoding=\"async\" width=\"1030\" height=\"742\" data-id=\"26946\" src=\"https:\/\/pswp.fra1.digitaloceanspaces.com\/w\/20250922165916\/website-mosel2-1030x742.png\" alt=\"\" class=\"wp-image-26946\" srcset=\"https:\/\/pswp.fra1.digitaloceanspaces.com\/w\/20250922165916\/website-mosel2-1030x742.png 1030w, https:\/\/pswp.fra1.digitaloceanspaces.com\/w\/20250922165916\/website-mosel2-300x216.png 300w, https:\/\/pswp.fra1.digitaloceanspaces.com\/w\/20250922165916\/website-mosel2-768x553.png 768w, https:\/\/pswp.fra1.digitaloceanspaces.com\/w\/20250922165916\/website-mosel2-450x324.png 450w, https:\/\/pswp.fra1.digitaloceanspaces.com\/w\/20250922165916\/website-mosel2.png 1250w\" sizes=\"(max-width: 1030px) 100vw, 1030px\" \/><\/a><\/figure>\n<\/figure>\n","protected":false},"excerpt":{"rendered":"<p>R\u00e9gion viticole Moselle La r\u00e9gion repr\u00e9sente le plus grand vignoble en forte pente du monde et, avec plus de 5.300 ha, la plus grande surface de riesling au monde. En 2012, 669.125 hl de vin ont \u00e9t\u00e9 produits dans la r\u00e9gion. Le vignoble le plus escarp\u00e9 du monde est le Bremmer Calmont, avec une pente [&hellip;]<\/p>\n","protected":false},"author":2345,"featured_media":0,"parent":11930,"menu_order":0,"comment_status":"closed","ping_status":"closed","template":"","meta":{"_eb_attr":"","_uag_custom_page_level_css":"","site-sidebar-layout":"default","site-content-layout":"","ast-site-content-layout":"default","site-content-style":"default","site-sidebar-style":"default","ast-global-header-display":"","ast-banner-title-visibility":"","ast-main-header-display":"","ast-hfb-above-header-display":"","ast-hfb-below-header-display":"","ast-hfb-mobile-header-display":"","site-post-title":"","ast-breadcrumbs-content":"","ast-featured-img":"","footer-sml-layout":"","ast-disable-related-posts":"","theme-transparent-header-meta":"","adv-header-id-meta":"","stick-header-meta":"","header-above-stick-meta":"","header-main-stick-meta":"","header-below-stick-meta":"","astra-migrate-meta-layouts":"default","ast-page-background-enabled":"default","ast-page-background-meta":{"desktop":{"background-color":"var(--ast-global-color-4)","background-image":"","background-repeat":"repeat","background-position":"center center","background-size":"auto","background-attachment":"scroll","background-type":"","background-media":"","overlay-type":"","overlay-color":"","overlay-opacity":"","overlay-gradient":""},"tablet":{"background-color":"","background-image":"","background-repeat":"repeat","background-position":"center center","background-size":"auto","background-attachment":"scroll","background-type":"","background-media":"","overlay-type":"","overlay-color":"","overlay-opacity":"","overlay-gradient":""},"mobile":{"background-color":"","background-image":"","background-repeat":"repeat","background-position":"center center","background-size":"auto","background-attachment":"scroll","background-type":"","background-media":"","overlay-type":"","overlay-color":"","overlay-opacity":"","overlay-gradient":""}},"ast-content-background-meta":{"desktop":{"background-color":"var(--ast-global-color-5)","background-image":"","background-repeat":"repeat","background-position":"center center","background-size":"auto","background-attachment":"scroll","background-type":"","background-media":"","overlay-type":"","overlay-color":"","overlay-opacity":"","overlay-gradient":""},"tablet":{"background-color":"var(--ast-global-color-5)","background-image":"","background-repeat":"repeat","background-position":"center center","background-size":"auto","background-attachment":"scroll","background-type":"","background-media":"","overlay-type":"","overlay-color":"","overlay-opacity":"","overlay-gradient":""},"mobile":{"background-color":"var(--ast-global-color-5)","background-image":"","background-repeat":"repeat","background-position":"center center","background-size":"auto","background-attachment":"scroll","background-type":"","background-media":"","overlay-type":"","overlay-color":"","overlay-opacity":"","overlay-gradient":""}},"footnotes":""},"class_list":["post-11943","page","type-page","status-publish","hentry"],"yoast_head":"<!-- This site is optimized with the Yoast SEO plugin v27.3 - https:\/\/yoast.com\/product\/yoast-seo-wordpress\/ -->\n<title>Moselle - WhyNotWein<\/title>\n<meta name=\"robots\" content=\"index, follow, max-snippet:-1, max-image-preview:large, max-video-preview:-1\" \/>\n<link rel=\"canonical\" href=\"https:\/\/whynotwein.eu\/fr\/regions-viticoles\/allemagne\/mosellle\/\" \/>\n<meta property=\"og:locale\" content=\"fr_FR\" \/>\n<meta property=\"og:type\" content=\"article\" \/>\n<meta property=\"og:title\" content=\"Moselle - WhyNotWein\" \/>\n<meta property=\"og:description\" content=\"R\u00e9gion viticole Moselle La r\u00e9gion repr\u00e9sente le plus grand vignoble en forte pente du monde et, avec plus de 5.300 ha, la plus grande surface de riesling au monde. En 2012, 669.125 hl de vin ont \u00e9t\u00e9 produits dans la r\u00e9gion. Le vignoble le plus escarp\u00e9 du monde est le Bremmer Calmont, avec une pente [&hellip;]\" \/>\n<meta property=\"og:url\" content=\"https:\/\/whynotwein.eu\/fr\/regions-viticoles\/allemagne\/mosellle\/\" \/>\n<meta property=\"og:site_name\" content=\"WhyNotWein\" \/>\n<meta property=\"article:modified_time\" content=\"2022-11-28T09:49:34+00:00\" \/>\n<meta property=\"og:image\" content=\"https:\/\/whynotwein.eu\/wp-content\/uploads\/2022\/11\/website-deutschland-flagge-300x177.jpeg\" \/>\n<meta name=\"twitter:card\" content=\"summary_large_image\" \/>\n<meta name=\"twitter:label1\" content=\"Dur\u00e9e de lecture estim\u00e9e\" \/>\n\t<meta name=\"twitter:data1\" content=\"1 minute\" \/>\n<script type=\"application\/ld+json\" class=\"yoast-schema-graph\">{\"@context\":\"https:\\\/\\\/schema.org\",\"@graph\":[{\"@type\":\"WebPage\",\"@id\":\"https:\\\/\\\/whynotwein.eu\\\/fr\\\/regions-viticoles\\\/allemagne\\\/mosellle\\\/\",\"url\":\"https:\\\/\\\/whynotwein.eu\\\/fr\\\/regions-viticoles\\\/allemagne\\\/mosellle\\\/\",\"name\":\"Moselle - WhyNotWein\",\"isPartOf\":{\"@id\":\"https:\\\/\\\/whynotwein.eu\\\/fr\\\/#website\"},\"primaryImageOfPage\":{\"@id\":\"https:\\\/\\\/whynotwein.eu\\\/fr\\\/regions-viticoles\\\/allemagne\\\/mosellle\\\/#primaryimage\"},\"image\":{\"@id\":\"https:\\\/\\\/whynotwein.eu\\\/fr\\\/regions-viticoles\\\/allemagne\\\/mosellle\\\/#primaryimage\"},\"thumbnailUrl\":\"https:\\\/\\\/whynotwein.eu\\\/wp-content\\\/uploads\\\/2022\\\/11\\\/website-deutschland-flagge-300x177.jpeg\",\"datePublished\":\"2016-04-19T12:29:31+00:00\",\"dateModified\":\"2022-11-28T09:49:34+00:00\",\"breadcrumb\":{\"@id\":\"https:\\\/\\\/whynotwein.eu\\\/fr\\\/regions-viticoles\\\/allemagne\\\/mosellle\\\/#breadcrumb\"},\"inLanguage\":\"fr-FR\",\"potentialAction\":[{\"@type\":\"ReadAction\",\"target\":[\"https:\\\/\\\/whynotwein.eu\\\/fr\\\/regions-viticoles\\\/allemagne\\\/mosellle\\\/\"]}]},{\"@type\":\"ImageObject\",\"inLanguage\":\"fr-FR\",\"@id\":\"https:\\\/\\\/whynotwein.eu\\\/fr\\\/regions-viticoles\\\/allemagne\\\/mosellle\\\/#primaryimage\",\"url\":\"https:\\\/\\\/whynotwein.eu\\\/wp-content\\\/uploads\\\/2022\\\/11\\\/website-deutschland-flagge-300x177.jpeg\",\"contentUrl\":\"https:\\\/\\\/whynotwein.eu\\\/wp-content\\\/uploads\\\/2022\\\/11\\\/website-deutschland-flagge-300x177.jpeg\"},{\"@type\":\"BreadcrumbList\",\"@id\":\"https:\\\/\\\/whynotwein.eu\\\/fr\\\/regions-viticoles\\\/allemagne\\\/mosellle\\\/#breadcrumb\",\"itemListElement\":[{\"@type\":\"ListItem\",\"position\":1,\"name\":\"Home\",\"item\":\"https:\\\/\\\/whynotwein.eu\\\/fr\\\/\"},{\"@type\":\"ListItem\",\"position\":2,\"name\":\"R\u00e9gions viticoles\",\"item\":\"https:\\\/\\\/whynotwein.eu\\\/fr\\\/regions-viticoles\\\/\"},{\"@type\":\"ListItem\",\"position\":3,\"name\":\"Allemagne\",\"item\":\"https:\\\/\\\/whynotwein.eu\\\/fr\\\/regions-viticoles\\\/allemagne\\\/\"},{\"@type\":\"ListItem\",\"position\":4,\"name\":\"Moselle\"}]},{\"@type\":\"WebSite\",\"@id\":\"https:\\\/\\\/whynotwein.eu\\\/fr\\\/#website\",\"url\":\"https:\\\/\\\/whynotwein.eu\\\/fr\\\/\",\"name\":\"WhyNotWein\",\"description\":\"Austrian Wines in Belgium\",\"publisher\":{\"@id\":\"https:\\\/\\\/whynotwein.eu\\\/fr\\\/#organization\"},\"potentialAction\":[{\"@type\":\"SearchAction\",\"target\":{\"@type\":\"EntryPoint\",\"urlTemplate\":\"https:\\\/\\\/whynotwein.eu\\\/fr\\\/?s={search_term_string}\"},\"query-input\":{\"@type\":\"PropertyValueSpecification\",\"valueRequired\":true,\"valueName\":\"search_term_string\"}}],\"inLanguage\":\"fr-FR\"},{\"@type\":\"Organization\",\"@id\":\"https:\\\/\\\/whynotwein.eu\\\/fr\\\/#organization\",\"name\":\"WhyNotWein\",\"url\":\"https:\\\/\\\/whynotwein.eu\\\/fr\\\/\",\"logo\":{\"@type\":\"ImageObject\",\"inLanguage\":\"fr-FR\",\"@id\":\"https:\\\/\\\/whynotwein.eu\\\/fr\\\/#\\\/schema\\\/logo\\\/image\\\/\",\"url\":\"https:\\\/\\\/whynotwein.eu\\\/wp-content\\\/uploads\\\/2015\\\/12\\\/WhyNotWein_Logo_340.png\",\"contentUrl\":\"https:\\\/\\\/whynotwein.eu\\\/wp-content\\\/uploads\\\/2015\\\/12\\\/WhyNotWein_Logo_340.png\",\"width\":340,\"height\":156,\"caption\":\"WhyNotWein\"},\"image\":{\"@id\":\"https:\\\/\\\/whynotwein.eu\\\/fr\\\/#\\\/schema\\\/logo\\\/image\\\/\"}}]}<\/script>\n<!-- \/ Yoast SEO plugin. -->","yoast_head_json":{"title":"Moselle - WhyNotWein","robots":{"index":"index","follow":"follow","max-snippet":"max-snippet:-1","max-image-preview":"max-image-preview:large","max-video-preview":"max-video-preview:-1"},"canonical":"https:\/\/whynotwein.eu\/fr\/regions-viticoles\/allemagne\/mosellle\/","og_locale":"fr_FR","og_type":"article","og_title":"Moselle - WhyNotWein","og_description":"R\u00e9gion viticole Moselle La r\u00e9gion repr\u00e9sente le plus grand vignoble en forte pente du monde et, avec plus de 5.300 ha, la plus grande surface de riesling au monde. En 2012, 669.125 hl de vin ont \u00e9t\u00e9 produits dans la r\u00e9gion. Le vignoble le plus escarp\u00e9 du monde est le Bremmer Calmont, avec une pente [&hellip;]","og_url":"https:\/\/whynotwein.eu\/fr\/regions-viticoles\/allemagne\/mosellle\/","og_site_name":"WhyNotWein","article_modified_time":"2022-11-28T09:49:34+00:00","og_image":[{"url":"https:\/\/whynotwein.eu\/wp-content\/uploads\/2022\/11\/website-deutschland-flagge-300x177.jpeg","type":"","width":"","height":""}],"twitter_card":"summary_large_image","twitter_misc":{"Dur\u00e9e de lecture estim\u00e9e":"1 minute"},"schema":{"@context":"https:\/\/schema.org","@graph":[{"@type":"WebPage","@id":"https:\/\/whynotwein.eu\/fr\/regions-viticoles\/allemagne\/mosellle\/","url":"https:\/\/whynotwein.eu\/fr\/regions-viticoles\/allemagne\/mosellle\/","name":"Moselle - WhyNotWein","isPartOf":{"@id":"https:\/\/whynotwein.eu\/fr\/#website"},"primaryImageOfPage":{"@id":"https:\/\/whynotwein.eu\/fr\/regions-viticoles\/allemagne\/mosellle\/#primaryimage"},"image":{"@id":"https:\/\/whynotwein.eu\/fr\/regions-viticoles\/allemagne\/mosellle\/#primaryimage"},"thumbnailUrl":"https:\/\/whynotwein.eu\/wp-content\/uploads\/2022\/11\/website-deutschland-flagge-300x177.jpeg","datePublished":"2016-04-19T12:29:31+00:00","dateModified":"2022-11-28T09:49:34+00:00","breadcrumb":{"@id":"https:\/\/whynotwein.eu\/fr\/regions-viticoles\/allemagne\/mosellle\/#breadcrumb"},"inLanguage":"fr-FR","potentialAction":[{"@type":"ReadAction","target":["https:\/\/whynotwein.eu\/fr\/regions-viticoles\/allemagne\/mosellle\/"]}]},{"@type":"ImageObject","inLanguage":"fr-FR","@id":"https:\/\/whynotwein.eu\/fr\/regions-viticoles\/allemagne\/mosellle\/#primaryimage","url":"https:\/\/whynotwein.eu\/wp-content\/uploads\/2022\/11\/website-deutschland-flagge-300x177.jpeg","contentUrl":"https:\/\/whynotwein.eu\/wp-content\/uploads\/2022\/11\/website-deutschland-flagge-300x177.jpeg"},{"@type":"BreadcrumbList","@id":"https:\/\/whynotwein.eu\/fr\/regions-viticoles\/allemagne\/mosellle\/#breadcrumb","itemListElement":[{"@type":"ListItem","position":1,"name":"Home","item":"https:\/\/whynotwein.eu\/fr\/"},{"@type":"ListItem","position":2,"name":"R\u00e9gions viticoles","item":"https:\/\/whynotwein.eu\/fr\/regions-viticoles\/"},{"@type":"ListItem","position":3,"name":"Allemagne","item":"https:\/\/whynotwein.eu\/fr\/regions-viticoles\/allemagne\/"},{"@type":"ListItem","position":4,"name":"Moselle"}]},{"@type":"WebSite","@id":"https:\/\/whynotwein.eu\/fr\/#website","url":"https:\/\/whynotwein.eu\/fr\/","name":"WhyNotWein","description":"Austrian Wines in Belgium","publisher":{"@id":"https:\/\/whynotwein.eu\/fr\/#organization"},"potentialAction":[{"@type":"SearchAction","target":{"@type":"EntryPoint","urlTemplate":"https:\/\/whynotwein.eu\/fr\/?s={search_term_string}"},"query-input":{"@type":"PropertyValueSpecification","valueRequired":true,"valueName":"search_term_string"}}],"inLanguage":"fr-FR"},{"@type":"Organization","@id":"https:\/\/whynotwein.eu\/fr\/#organization","name":"WhyNotWein","url":"https:\/\/whynotwein.eu\/fr\/","logo":{"@type":"ImageObject","inLanguage":"fr-FR","@id":"https:\/\/whynotwein.eu\/fr\/#\/schema\/logo\/image\/","url":"https:\/\/whynotwein.eu\/wp-content\/uploads\/2015\/12\/WhyNotWein_Logo_340.png","contentUrl":"https:\/\/whynotwein.eu\/wp-content\/uploads\/2015\/12\/WhyNotWein_Logo_340.png","width":340,"height":156,"caption":"WhyNotWein"},"image":{"@id":"https:\/\/whynotwein.eu\/fr\/#\/schema\/logo\/image\/"}}]}},"uagb_featured_image_src":{"full":false,"thumbnail":false,"medium":false,"medium_large":false,"large":false,"1536x1536":false,"2048x2048":false,"gform-image-choice-sm":false,"gform-image-choice-md":false,"gform-image-choice-lg":false,"woocommerce_thumbnail":false,"woocommerce_single":false,"woocommerce_gallery_thumbnail":false},"uagb_author_info":{"display_name":"Ren\u00e9 Clausen","author_link":"https:\/\/whynotwein.eu\/fr\/author\/rene\/"},"uagb_comment_info":0,"uagb_excerpt":"R\u00e9gion viticole Moselle La r\u00e9gion repr\u00e9sente le plus grand vignoble en forte pente du monde et, avec plus de 5.300 ha, la plus grande surface de riesling au monde. En 2012, 669.125 hl de vin ont \u00e9t\u00e9 produits dans la r\u00e9gion. Le vignoble le plus escarp\u00e9 du monde est le Bremmer Calmont, avec une pente&hellip;","_links":{"self":[{"href":"https:\/\/whynotwein.eu\/fr\/wp-json\/wp\/v2\/pages\/11943","targetHints":{"allow":["GET"]}}],"collection":[{"href":"https:\/\/whynotwein.eu\/fr\/wp-json\/wp\/v2\/pages"}],"about":[{"href":"https:\/\/whynotwein.eu\/fr\/wp-json\/wp\/v2\/types\/page"}],"author":[{"embeddable":true,"href":"https:\/\/whynotwein.eu\/fr\/wp-json\/wp\/v2\/users\/2345"}],"replies":[{"embeddable":true,"href":"https:\/\/whynotwein.eu\/fr\/wp-json\/wp\/v2\/comments?post=11943"}],"version-history":[{"count":5,"href":"https:\/\/whynotwein.eu\/fr\/wp-json\/wp\/v2\/pages\/11943\/revisions"}],"predecessor-version":[{"id":27056,"href":"https:\/\/whynotwein.eu\/fr\/wp-json\/wp\/v2\/pages\/11943\/revisions\/27056"}],"up":[{"embeddable":true,"href":"https:\/\/whynotwein.eu\/fr\/wp-json\/wp\/v2\/pages\/11930"}],"wp:attachment":[{"href":"https:\/\/whynotwein.eu\/fr\/wp-json\/wp\/v2\/media?parent=11943"}],"curies":[{"name":"wp","href":"https:\/\/api.w.org\/{rel}","templated":true}]}}