{"id":11951,"date":"2016-04-18T16:39:08","date_gmt":"2016-04-18T14:39:08","guid":{"rendered":"http:\/\/whynotwein.eu\/fr\/weinregionen\/deutschland\/pfalz\/"},"modified":"2022-11-28T11:25:06","modified_gmt":"2022-11-28T10:25:06","slug":"pfalz","status":"publish","type":"page","link":"https:\/\/whynotwein.eu\/fr\/regions-viticoles\/allemagne\/pfalz\/","title":{"rendered":"Pfalz"},"content":{"rendered":"\n<div class=\"wp-block-uagb-container uagb-block-a0f80e30 alignfull uagb-is-root-container\"><div class=\"uagb-container-inner-blocks-wrap\">\n<div class=\"wp-block-uagb-container uagb-block-72b8c83b alignfull uagb-is-root-container\"><div class=\"uagb-container-inner-blocks-wrap\">\n<div class=\"wp-block-uagb-image uagb-block-38883587 wp-block-uagb-image--layout-default wp-block-uagb-image--effect-static wp-block-uagb-image--align-center\"><figure class=\"wp-block-uagb-image__figure\"><a class=\"\" href=\"https:\/\/pswp.fra1.digitaloceanspaces.com\/w\/20250922165918\/website-deutschland-flagge.jpeg\" target=\"\" rel=\"noopener\"><img decoding=\"async\" srcset=\"https:\/\/pswp.fra1.digitaloceanspaces.com\/w\/20250922165918\/website-deutschland-flagge-300x177.jpeg \" src=\"https:\/\/pswp.fra1.digitaloceanspaces.com\/w\/20250922165918\/website-deutschland-flagge-300x177.jpeg\" alt=\"\" class=\"uag-image-26922\" width=\"300\" height=\"177\" title=\"\"\/><\/a><\/figure><\/div>\n\n\n\n<div class=\"wp-block-uagb-icon-list uagb-block-5fb45db1\"><div class=\"uagb-icon-list__wrap\">\n<div class=\"wp-block-uagb-icon-list-child uagb-block-0da9c2ee\"><span class=\"uagb-icon-list__source-wrap\"><svg xmlns=\"https:\/\/www.w3.org\/2000\/svg\" viewbox=\"0 0 512 512\"><path d=\"M256 0C114.6 0 0 114.6 0 256c0 141.4 114.6 256 256 256s256-114.6 256-256C512 114.6 397.4 0 256 0zM406.6 278.6l-103.1 103.1c-12.5 12.5-32.75 12.5-45.25 0s-12.5-32.75 0-45.25L306.8 288H128C110.3 288 96 273.7 96 256s14.31-32 32-32h178.8l-49.38-49.38c-12.5-12.5-12.5-32.75 0-45.25s32.75-12.5 45.25 0l103.1 103.1C414.6 241.3 416 251.1 416 256C416 260.9 414.6 270.7 406.6 278.6z\"><\/path><\/svg><\/span><span class=\"uagb-icon-list__label\">Temp\u00e9r\u00e9, climat humide<\/span><\/div>\n\n\n\n<div class=\"wp-block-uagb-icon-list-child uagb-block-6120cad7\"><span class=\"uagb-icon-list__source-wrap\"><svg xmlns=\"https:\/\/www.w3.org\/2000\/svg\" viewbox=\"0 0 512 512\"><path d=\"M256 0C114.6 0 0 114.6 0 256c0 141.4 114.6 256 256 256s256-114.6 256-256C512 114.6 397.4 0 256 0zM406.6 278.6l-103.1 103.1c-12.5 12.5-32.75 12.5-45.25 0s-12.5-32.75 0-45.25L306.8 288H128C110.3 288 96 273.7 96 256s14.31-32 32-32h178.8l-49.38-49.38c-12.5-12.5-12.5-32.75 0-45.25s32.75-12.5 45.25 0l103.1 103.1C414.6 241.3 416 251.1 416 256C416 260.9 414.6 270.7 406.6 278.6z\"><\/path><\/svg><\/span><span class=\"uagb-icon-list__label\">Abondantes pr\u00e9cipitations<\/span><\/div>\n\n\n\n<div class=\"wp-block-uagb-icon-list-child uagb-block-b9f5be17\"><span class=\"uagb-icon-list__source-wrap\"><svg xmlns=\"https:\/\/www.w3.org\/2000\/svg\" viewbox=\"0 0 512 512\"><path d=\"M256 0C114.6 0 0 114.6 0 256c0 141.4 114.6 256 256 256s256-114.6 256-256C512 114.6 397.4 0 256 0zM406.6 278.6l-103.1 103.1c-12.5 12.5-32.75 12.5-45.25 0s-12.5-32.75 0-45.25L306.8 288H128C110.3 288 96 273.7 96 256s14.31-32 32-32h178.8l-49.38-49.38c-12.5-12.5-12.5-32.75 0-45.25s32.75-12.5 45.25 0l103.1 103.1C414.6 241.3 416 251.1 416 256C416 260.9 414.6 270.7 406.6 278.6z\"><\/path><\/svg><\/span><span class=\"uagb-icon-list__label\">Sable, limon, marne et argile<\/span><\/div>\n<\/div><\/div>\n<\/div><\/div>\n\n\n\n<div class=\"wp-block-uagb-container uagb-block-2d9fb2c3 alignfull uagb-is-root-container\"><div class=\"uagb-container-inner-blocks-wrap\">\n<h3 class=\"wp-block-heading\">R\u00e9gion viticole du Pfalz<\/h3>\n\n\n\n<p>La r\u00e9gion viticole allemande du Palatinat est situ\u00e9e au sein de la r\u00e9gion du m\u00eame nom dans le Land de Rh\u00e9nanie-Palatinat. L&#8217;appellation d&#8217;origine contr\u00f4l\u00e9e &#8220;Pfalz&#8221; permet de produire des vins de qualit\u00e9 et des vins pr\u00e9dicats, appel\u00e9s &#8220;Pfalzweine&#8221;.<\/p>\n\n\n\n<p>Apr\u00e8s la Hesse rh\u00e9nane (environ 257 km\u00b2), le Palatinat est la deuxi\u00e8me plus grande r\u00e9gion viticole allemande avec 228 km\u00b2 de surface cultiv\u00e9e. Environ 3600 exploitations viticoles, dont moins de la moiti\u00e9 \u00e0 titre principal, cultivent ici plus de 100 millions de ceps et produisent chaque ann\u00e9e environ 2,5 millions d&#8217;hectolitres de vin. Le rapport entre les surfaces cultiv\u00e9es en c\u00e9pages blancs et rouges est d&#8217;environ 60\/40, bien que la culture des c\u00e9pages rouges ait l\u00e9g\u00e8rement diminu\u00e9 apr\u00e8s avoir augment\u00e9 au cours des derni\u00e8res d\u00e9cennies.<\/p>\n<\/div><\/div>\n<\/div><\/div>\n\n<figure class=\"wp-block-gallery has-nested-images columns-default is-cropped wp-block-gallery-1 is-layout-flex wp-block-gallery-is-layout-flex\">\n<figure class=\"wp-block-image size-large\"><a href=\"https:\/\/pswp.fra1.digitaloceanspaces.com\/w\/20250922165916\/website-pfalz.jpeg\"><img decoding=\"async\" width=\"1030\" height=\"579\" data-id=\"26954\" src=\"https:\/\/pswp.fra1.digitaloceanspaces.com\/w\/20250922165916\/website-pfalz-1030x579.jpeg\" alt=\"\" class=\"wp-image-26954\" srcset=\"https:\/\/pswp.fra1.digitaloceanspaces.com\/w\/20250922165916\/website-pfalz-1030x579.jpeg 1030w, https:\/\/pswp.fra1.digitaloceanspaces.com\/w\/20250922165916\/website-pfalz-300x169.jpeg 300w, https:\/\/pswp.fra1.digitaloceanspaces.com\/w\/20250922165916\/website-pfalz-768x432.jpeg 768w, https:\/\/pswp.fra1.digitaloceanspaces.com\/w\/20250922165916\/website-pfalz-1536x864.jpeg 1536w, https:\/\/pswp.fra1.digitaloceanspaces.com\/w\/20250922165916\/website-pfalz-450x253.jpeg 450w, https:\/\/pswp.fra1.digitaloceanspaces.com\/w\/20250922165916\/website-pfalz.jpeg 1600w\" sizes=\"(max-width: 1030px) 100vw, 1030px\" \/><\/a><\/figure>\n\n\n\n<figure class=\"wp-block-image size-large\"><a href=\"https:\/\/pswp.fra1.digitaloceanspaces.com\/w\/20250922165916\/website-pfalz1.jpeg\"><img decoding=\"async\" width=\"1030\" height=\"680\" data-id=\"26958\" src=\"https:\/\/pswp.fra1.digitaloceanspaces.com\/w\/20250922165916\/website-pfalz1-1030x680.jpeg\" alt=\"\" class=\"wp-image-26958\" srcset=\"https:\/\/pswp.fra1.digitaloceanspaces.com\/w\/20250922165916\/website-pfalz1-1030x680.jpeg 1030w, https:\/\/pswp.fra1.digitaloceanspaces.com\/w\/20250922165916\/website-pfalz1-300x198.jpeg 300w, https:\/\/pswp.fra1.digitaloceanspaces.com\/w\/20250922165916\/website-pfalz1-768x507.jpeg 768w, https:\/\/pswp.fra1.digitaloceanspaces.com\/w\/20250922165916\/website-pfalz1-450x297.jpeg 450w, https:\/\/pswp.fra1.digitaloceanspaces.com\/w\/20250922165916\/website-pfalz1.jpeg 1500w\" sizes=\"(max-width: 1030px) 100vw, 1030px\" \/><\/a><\/figure>\n\n\n\n<figure class=\"wp-block-image size-large\"><a href=\"https:\/\/pswp.fra1.digitaloceanspaces.com\/w\/20250922165915\/website-pfalz2.webp\"><img decoding=\"async\" width=\"1030\" height=\"524\" data-id=\"26963\" src=\"https:\/\/pswp.fra1.digitaloceanspaces.com\/w\/20250922165915\/website-pfalz2-1030x524.webp\" alt=\"\" class=\"wp-image-26963\" srcset=\"https:\/\/pswp.fra1.digitaloceanspaces.com\/w\/20250922165915\/website-pfalz2-1030x524.webp 1030w, https:\/\/pswp.fra1.digitaloceanspaces.com\/w\/20250922165915\/website-pfalz2-300x153.webp 300w, https:\/\/pswp.fra1.digitaloceanspaces.com\/w\/20250922165915\/website-pfalz2-768x391.webp 768w, https:\/\/pswp.fra1.digitaloceanspaces.com\/w\/20250922165915\/website-pfalz2-1536x781.webp 1536w, https:\/\/pswp.fra1.digitaloceanspaces.com\/w\/20250922165915\/website-pfalz2-450x229.webp 450w, https:\/\/pswp.fra1.digitaloceanspaces.com\/w\/20250922165915\/website-pfalz2.webp 1600w\" sizes=\"(max-width: 1030px) 100vw, 1030px\" \/><\/a><\/figure>\n<\/figure>\n","protected":false},"excerpt":{"rendered":"<p>R\u00e9gion viticole du Pfalz La r\u00e9gion viticole allemande du Palatinat est situ\u00e9e au sein de la r\u00e9gion du m\u00eame nom dans le Land de Rh\u00e9nanie-Palatinat. L&#8217;appellation d&#8217;origine contr\u00f4l\u00e9e &#8220;Pfalz&#8221; permet de produire des vins de qualit\u00e9 et des vins pr\u00e9dicats, appel\u00e9s &#8220;Pfalzweine&#8221;. Apr\u00e8s la Hesse rh\u00e9nane (environ 257 km\u00b2), le Palatinat est la deuxi\u00e8me plus [&hellip;]<\/p>\n","protected":false},"author":2345,"featured_media":0,"parent":11930,"menu_order":0,"comment_status":"closed","ping_status":"closed","template":"","meta":{"_eb_attr":"","_uag_custom_page_level_css":"","site-sidebar-layout":"default","site-content-layout":"","ast-site-content-layout":"default","site-content-style":"default","site-sidebar-style":"default","ast-global-header-display":"","ast-banner-title-visibility":"","ast-main-header-display":"","ast-hfb-above-header-display":"","ast-hfb-below-header-display":"","ast-hfb-mobile-header-display":"","site-post-title":"","ast-breadcrumbs-content":"","ast-featured-img":"","footer-sml-layout":"","ast-disable-related-posts":"","theme-transparent-header-meta":"","adv-header-id-meta":"","stick-header-meta":"","header-above-stick-meta":"","header-main-stick-meta":"","header-below-stick-meta":"","astra-migrate-meta-layouts":"default","ast-page-background-enabled":"default","ast-page-background-meta":{"desktop":{"background-color":"var(--ast-global-color-4)","background-image":"","background-repeat":"repeat","background-position":"center center","background-size":"auto","background-attachment":"scroll","background-type":"","background-media":"","overlay-type":"","overlay-color":"","overlay-opacity":"","overlay-gradient":""},"tablet":{"background-color":"","background-image":"","background-repeat":"repeat","background-position":"center center","background-size":"auto","background-attachment":"scroll","background-type":"","background-media":"","overlay-type":"","overlay-color":"","overlay-opacity":"","overlay-gradient":""},"mobile":{"background-color":"","background-image":"","background-repeat":"repeat","background-position":"center center","background-size":"auto","background-attachment":"scroll","background-type":"","background-media":"","overlay-type":"","overlay-color":"","overlay-opacity":"","overlay-gradient":""}},"ast-content-background-meta":{"desktop":{"background-color":"var(--ast-global-color-5)","background-image":"","background-repeat":"repeat","background-position":"center center","background-size":"auto","background-attachment":"scroll","background-type":"","background-media":"","overlay-type":"","overlay-color":"","overlay-opacity":"","overlay-gradient":""},"tablet":{"background-color":"var(--ast-global-color-5)","background-image":"","background-repeat":"repeat","background-position":"center center","background-size":"auto","background-attachment":"scroll","background-type":"","background-media":"","overlay-type":"","overlay-color":"","overlay-opacity":"","overlay-gradient":""},"mobile":{"background-color":"var(--ast-global-color-5)","background-image":"","background-repeat":"repeat","background-position":"center center","background-size":"auto","background-attachment":"scroll","background-type":"","background-media":"","overlay-type":"","overlay-color":"","overlay-opacity":"","overlay-gradient":""}},"footnotes":""},"class_list":["post-11951","page","type-page","status-publish","hentry"],"yoast_head":"<!-- This site is optimized with the Yoast SEO plugin v27.3 - https:\/\/yoast.com\/product\/yoast-seo-wordpress\/ -->\n<title>Pfalz - WhyNotWein<\/title>\n<meta name=\"robots\" content=\"index, follow, max-snippet:-1, max-image-preview:large, max-video-preview:-1\" \/>\n<link rel=\"canonical\" href=\"https:\/\/whynotwein.eu\/fr\/regions-viticoles\/allemagne\/pfalz\/\" \/>\n<meta property=\"og:locale\" content=\"fr_FR\" \/>\n<meta property=\"og:type\" content=\"article\" \/>\n<meta property=\"og:title\" content=\"Pfalz - WhyNotWein\" \/>\n<meta property=\"og:description\" content=\"R\u00e9gion viticole du Pfalz La r\u00e9gion viticole allemande du Palatinat est situ\u00e9e au sein de la r\u00e9gion du m\u00eame nom dans le Land de Rh\u00e9nanie-Palatinat. L&#8217;appellation d&#8217;origine contr\u00f4l\u00e9e &#8220;Pfalz&#8221; permet de produire des vins de qualit\u00e9 et des vins pr\u00e9dicats, appel\u00e9s &#8220;Pfalzweine&#8221;. Apr\u00e8s la Hesse rh\u00e9nane (environ 257 km\u00b2), le Palatinat est la deuxi\u00e8me plus [&hellip;]\" \/>\n<meta property=\"og:url\" content=\"https:\/\/whynotwein.eu\/fr\/regions-viticoles\/allemagne\/pfalz\/\" \/>\n<meta property=\"og:site_name\" content=\"WhyNotWein\" \/>\n<meta property=\"article:modified_time\" content=\"2022-11-28T10:25:06+00:00\" \/>\n<meta property=\"og:image\" content=\"https:\/\/whynotwein.eu\/wp-content\/uploads\/2022\/11\/website-deutschland-flagge-300x177.jpeg\" \/>\n<meta name=\"twitter:card\" content=\"summary_large_image\" \/>\n<meta name=\"twitter:label1\" content=\"Dur\u00e9e de lecture estim\u00e9e\" \/>\n\t<meta name=\"twitter:data1\" content=\"1 minute\" \/>\n<script type=\"application\/ld+json\" class=\"yoast-schema-graph\">{\"@context\":\"https:\\\/\\\/schema.org\",\"@graph\":[{\"@type\":\"WebPage\",\"@id\":\"https:\\\/\\\/whynotwein.eu\\\/fr\\\/regions-viticoles\\\/allemagne\\\/pfalz\\\/\",\"url\":\"https:\\\/\\\/whynotwein.eu\\\/fr\\\/regions-viticoles\\\/allemagne\\\/pfalz\\\/\",\"name\":\"Pfalz - WhyNotWein\",\"isPartOf\":{\"@id\":\"https:\\\/\\\/whynotwein.eu\\\/fr\\\/#website\"},\"primaryImageOfPage\":{\"@id\":\"https:\\\/\\\/whynotwein.eu\\\/fr\\\/regions-viticoles\\\/allemagne\\\/pfalz\\\/#primaryimage\"},\"image\":{\"@id\":\"https:\\\/\\\/whynotwein.eu\\\/fr\\\/regions-viticoles\\\/allemagne\\\/pfalz\\\/#primaryimage\"},\"thumbnailUrl\":\"https:\\\/\\\/whynotwein.eu\\\/wp-content\\\/uploads\\\/2022\\\/11\\\/website-deutschland-flagge-300x177.jpeg\",\"datePublished\":\"2016-04-18T14:39:08+00:00\",\"dateModified\":\"2022-11-28T10:25:06+00:00\",\"breadcrumb\":{\"@id\":\"https:\\\/\\\/whynotwein.eu\\\/fr\\\/regions-viticoles\\\/allemagne\\\/pfalz\\\/#breadcrumb\"},\"inLanguage\":\"fr-FR\",\"potentialAction\":[{\"@type\":\"ReadAction\",\"target\":[\"https:\\\/\\\/whynotwein.eu\\\/fr\\\/regions-viticoles\\\/allemagne\\\/pfalz\\\/\"]}]},{\"@type\":\"ImageObject\",\"inLanguage\":\"fr-FR\",\"@id\":\"https:\\\/\\\/whynotwein.eu\\\/fr\\\/regions-viticoles\\\/allemagne\\\/pfalz\\\/#primaryimage\",\"url\":\"https:\\\/\\\/whynotwein.eu\\\/wp-content\\\/uploads\\\/2022\\\/11\\\/website-deutschland-flagge-300x177.jpeg\",\"contentUrl\":\"https:\\\/\\\/whynotwein.eu\\\/wp-content\\\/uploads\\\/2022\\\/11\\\/website-deutschland-flagge-300x177.jpeg\"},{\"@type\":\"BreadcrumbList\",\"@id\":\"https:\\\/\\\/whynotwein.eu\\\/fr\\\/regions-viticoles\\\/allemagne\\\/pfalz\\\/#breadcrumb\",\"itemListElement\":[{\"@type\":\"ListItem\",\"position\":1,\"name\":\"Home\",\"item\":\"https:\\\/\\\/whynotwein.eu\\\/fr\\\/\"},{\"@type\":\"ListItem\",\"position\":2,\"name\":\"R\u00e9gions viticoles\",\"item\":\"https:\\\/\\\/whynotwein.eu\\\/fr\\\/regions-viticoles\\\/\"},{\"@type\":\"ListItem\",\"position\":3,\"name\":\"Allemagne\",\"item\":\"https:\\\/\\\/whynotwein.eu\\\/fr\\\/regions-viticoles\\\/allemagne\\\/\"},{\"@type\":\"ListItem\",\"position\":4,\"name\":\"Pfalz\"}]},{\"@type\":\"WebSite\",\"@id\":\"https:\\\/\\\/whynotwein.eu\\\/fr\\\/#website\",\"url\":\"https:\\\/\\\/whynotwein.eu\\\/fr\\\/\",\"name\":\"WhyNotWein\",\"description\":\"Austrian Wines in Belgium\",\"publisher\":{\"@id\":\"https:\\\/\\\/whynotwein.eu\\\/fr\\\/#organization\"},\"potentialAction\":[{\"@type\":\"SearchAction\",\"target\":{\"@type\":\"EntryPoint\",\"urlTemplate\":\"https:\\\/\\\/whynotwein.eu\\\/fr\\\/?s={search_term_string}\"},\"query-input\":{\"@type\":\"PropertyValueSpecification\",\"valueRequired\":true,\"valueName\":\"search_term_string\"}}],\"inLanguage\":\"fr-FR\"},{\"@type\":\"Organization\",\"@id\":\"https:\\\/\\\/whynotwein.eu\\\/fr\\\/#organization\",\"name\":\"WhyNotWein\",\"url\":\"https:\\\/\\\/whynotwein.eu\\\/fr\\\/\",\"logo\":{\"@type\":\"ImageObject\",\"inLanguage\":\"fr-FR\",\"@id\":\"https:\\\/\\\/whynotwein.eu\\\/fr\\\/#\\\/schema\\\/logo\\\/image\\\/\",\"url\":\"https:\\\/\\\/whynotwein.eu\\\/wp-content\\\/uploads\\\/2015\\\/12\\\/WhyNotWein_Logo_340.png\",\"contentUrl\":\"https:\\\/\\\/whynotwein.eu\\\/wp-content\\\/uploads\\\/2015\\\/12\\\/WhyNotWein_Logo_340.png\",\"width\":340,\"height\":156,\"caption\":\"WhyNotWein\"},\"image\":{\"@id\":\"https:\\\/\\\/whynotwein.eu\\\/fr\\\/#\\\/schema\\\/logo\\\/image\\\/\"}}]}<\/script>\n<!-- \/ Yoast SEO plugin. -->","yoast_head_json":{"title":"Pfalz - WhyNotWein","robots":{"index":"index","follow":"follow","max-snippet":"max-snippet:-1","max-image-preview":"max-image-preview:large","max-video-preview":"max-video-preview:-1"},"canonical":"https:\/\/whynotwein.eu\/fr\/regions-viticoles\/allemagne\/pfalz\/","og_locale":"fr_FR","og_type":"article","og_title":"Pfalz - WhyNotWein","og_description":"R\u00e9gion viticole du Pfalz La r\u00e9gion viticole allemande du Palatinat est situ\u00e9e au sein de la r\u00e9gion du m\u00eame nom dans le Land de Rh\u00e9nanie-Palatinat. L&#8217;appellation d&#8217;origine contr\u00f4l\u00e9e &#8220;Pfalz&#8221; permet de produire des vins de qualit\u00e9 et des vins pr\u00e9dicats, appel\u00e9s &#8220;Pfalzweine&#8221;. Apr\u00e8s la Hesse rh\u00e9nane (environ 257 km\u00b2), le Palatinat est la deuxi\u00e8me plus [&hellip;]","og_url":"https:\/\/whynotwein.eu\/fr\/regions-viticoles\/allemagne\/pfalz\/","og_site_name":"WhyNotWein","article_modified_time":"2022-11-28T10:25:06+00:00","og_image":[{"url":"https:\/\/whynotwein.eu\/wp-content\/uploads\/2022\/11\/website-deutschland-flagge-300x177.jpeg","type":"","width":"","height":""}],"twitter_card":"summary_large_image","twitter_misc":{"Dur\u00e9e de lecture estim\u00e9e":"1 minute"},"schema":{"@context":"https:\/\/schema.org","@graph":[{"@type":"WebPage","@id":"https:\/\/whynotwein.eu\/fr\/regions-viticoles\/allemagne\/pfalz\/","url":"https:\/\/whynotwein.eu\/fr\/regions-viticoles\/allemagne\/pfalz\/","name":"Pfalz - WhyNotWein","isPartOf":{"@id":"https:\/\/whynotwein.eu\/fr\/#website"},"primaryImageOfPage":{"@id":"https:\/\/whynotwein.eu\/fr\/regions-viticoles\/allemagne\/pfalz\/#primaryimage"},"image":{"@id":"https:\/\/whynotwein.eu\/fr\/regions-viticoles\/allemagne\/pfalz\/#primaryimage"},"thumbnailUrl":"https:\/\/whynotwein.eu\/wp-content\/uploads\/2022\/11\/website-deutschland-flagge-300x177.jpeg","datePublished":"2016-04-18T14:39:08+00:00","dateModified":"2022-11-28T10:25:06+00:00","breadcrumb":{"@id":"https:\/\/whynotwein.eu\/fr\/regions-viticoles\/allemagne\/pfalz\/#breadcrumb"},"inLanguage":"fr-FR","potentialAction":[{"@type":"ReadAction","target":["https:\/\/whynotwein.eu\/fr\/regions-viticoles\/allemagne\/pfalz\/"]}]},{"@type":"ImageObject","inLanguage":"fr-FR","@id":"https:\/\/whynotwein.eu\/fr\/regions-viticoles\/allemagne\/pfalz\/#primaryimage","url":"https:\/\/whynotwein.eu\/wp-content\/uploads\/2022\/11\/website-deutschland-flagge-300x177.jpeg","contentUrl":"https:\/\/whynotwein.eu\/wp-content\/uploads\/2022\/11\/website-deutschland-flagge-300x177.jpeg"},{"@type":"BreadcrumbList","@id":"https:\/\/whynotwein.eu\/fr\/regions-viticoles\/allemagne\/pfalz\/#breadcrumb","itemListElement":[{"@type":"ListItem","position":1,"name":"Home","item":"https:\/\/whynotwein.eu\/fr\/"},{"@type":"ListItem","position":2,"name":"R\u00e9gions viticoles","item":"https:\/\/whynotwein.eu\/fr\/regions-viticoles\/"},{"@type":"ListItem","position":3,"name":"Allemagne","item":"https:\/\/whynotwein.eu\/fr\/regions-viticoles\/allemagne\/"},{"@type":"ListItem","position":4,"name":"Pfalz"}]},{"@type":"WebSite","@id":"https:\/\/whynotwein.eu\/fr\/#website","url":"https:\/\/whynotwein.eu\/fr\/","name":"WhyNotWein","description":"Austrian Wines in Belgium","publisher":{"@id":"https:\/\/whynotwein.eu\/fr\/#organization"},"potentialAction":[{"@type":"SearchAction","target":{"@type":"EntryPoint","urlTemplate":"https:\/\/whynotwein.eu\/fr\/?s={search_term_string}"},"query-input":{"@type":"PropertyValueSpecification","valueRequired":true,"valueName":"search_term_string"}}],"inLanguage":"fr-FR"},{"@type":"Organization","@id":"https:\/\/whynotwein.eu\/fr\/#organization","name":"WhyNotWein","url":"https:\/\/whynotwein.eu\/fr\/","logo":{"@type":"ImageObject","inLanguage":"fr-FR","@id":"https:\/\/whynotwein.eu\/fr\/#\/schema\/logo\/image\/","url":"https:\/\/whynotwein.eu\/wp-content\/uploads\/2015\/12\/WhyNotWein_Logo_340.png","contentUrl":"https:\/\/whynotwein.eu\/wp-content\/uploads\/2015\/12\/WhyNotWein_Logo_340.png","width":340,"height":156,"caption":"WhyNotWein"},"image":{"@id":"https:\/\/whynotwein.eu\/fr\/#\/schema\/logo\/image\/"}}]}},"uagb_featured_image_src":{"full":false,"thumbnail":false,"medium":false,"medium_large":false,"large":false,"1536x1536":false,"2048x2048":false,"gform-image-choice-sm":false,"gform-image-choice-md":false,"gform-image-choice-lg":false,"woocommerce_thumbnail":false,"woocommerce_single":false,"woocommerce_gallery_thumbnail":false},"uagb_author_info":{"display_name":"Ren\u00e9 Clausen","author_link":"https:\/\/whynotwein.eu\/fr\/author\/rene\/"},"uagb_comment_info":0,"uagb_excerpt":"R\u00e9gion viticole du Pfalz La r\u00e9gion viticole allemande du Palatinat est situ\u00e9e au sein de la r\u00e9gion du m\u00eame nom dans le Land de Rh\u00e9nanie-Palatinat. L&#8217;appellation d&#8217;origine contr\u00f4l\u00e9e &#8220;Pfalz&#8221; permet de produire des vins de qualit\u00e9 et des vins pr\u00e9dicats, appel\u00e9s &#8220;Pfalzweine&#8221;. Apr\u00e8s la Hesse rh\u00e9nane (environ 257 km\u00b2), le Palatinat est la deuxi\u00e8me plus&hellip;","_links":{"self":[{"href":"https:\/\/whynotwein.eu\/fr\/wp-json\/wp\/v2\/pages\/11951","targetHints":{"allow":["GET"]}}],"collection":[{"href":"https:\/\/whynotwein.eu\/fr\/wp-json\/wp\/v2\/pages"}],"about":[{"href":"https:\/\/whynotwein.eu\/fr\/wp-json\/wp\/v2\/types\/page"}],"author":[{"embeddable":true,"href":"https:\/\/whynotwein.eu\/fr\/wp-json\/wp\/v2\/users\/2345"}],"replies":[{"embeddable":true,"href":"https:\/\/whynotwein.eu\/fr\/wp-json\/wp\/v2\/comments?post=11951"}],"version-history":[{"count":5,"href":"https:\/\/whynotwein.eu\/fr\/wp-json\/wp\/v2\/pages\/11951\/revisions"}],"predecessor-version":[{"id":27062,"href":"https:\/\/whynotwein.eu\/fr\/wp-json\/wp\/v2\/pages\/11951\/revisions\/27062"}],"up":[{"embeddable":true,"href":"https:\/\/whynotwein.eu\/fr\/wp-json\/wp\/v2\/pages\/11930"}],"wp:attachment":[{"href":"https:\/\/whynotwein.eu\/fr\/wp-json\/wp\/v2\/media?parent=11951"}],"curies":[{"name":"wp","href":"https:\/\/api.w.org\/{rel}","templated":true}]}}