{"id":11957,"date":"2016-04-18T16:14:49","date_gmt":"2016-04-18T14:14:49","guid":{"rendered":"http:\/\/whynotwein.eu\/fr\/weinregionen\/niederoesterreich\/thermenregion\/"},"modified":"2022-11-28T17:42:46","modified_gmt":"2022-11-28T16:42:46","slug":"region-thermale","status":"publish","type":"page","link":"https:\/\/whynotwein.eu\/fr\/regions-viticoles\/basse-autriche\/region-thermale\/","title":{"rendered":"R\u00e9gion thermale"},"content":{"rendered":"\n<div class=\"wp-block-uagb-container uagb-block-a9fe123b alignfull uagb-is-root-container\"><div class=\"uagb-container-inner-blocks-wrap\">\n<div class=\"wp-block-uagb-container uagb-block-1de0afe8 alignfull uagb-is-root-container\"><div class=\"uagb-container-inner-blocks-wrap\">\n<div class=\"wp-block-uagb-image uagb-block-94cb3474 wp-block-uagb-image--layout-default wp-block-uagb-image--effect-static wp-block-uagb-image--align-center\"><figure class=\"wp-block-uagb-image__figure\"><a class=\"\" href=\"https:\/\/pswp.fra1.digitaloceanspaces.com\/w\/20250922165934\/website-steiermark-wappen.jpeg\" target=\"\" rel=\"noopener\"><img decoding=\"async\" srcset=\"https:\/\/pswp.fra1.digitaloceanspaces.com\/w\/20250922165937\/website-niederoesterreich-wappen-176x300.png \" src=\"https:\/\/pswp.fra1.digitaloceanspaces.com\/w\/20250922165937\/website-niederoesterreich-wappen-176x300.png\" alt=\"\" class=\"uag-image-26454\" width=\"176\" height=\"300\" title=\"\"\/><\/a><\/figure><\/div>\n\n\n\n<div class=\"wp-block-uagb-icon-list uagb-block-ecf001fb\"><div class=\"uagb-icon-list__wrap\">\n<div class=\"wp-block-uagb-icon-list-child uagb-block-12fe5e99\"><span class=\"uagb-icon-list__source-wrap\"><svg xmlns=\"https:\/\/www.w3.org\/2000\/svg\" viewbox=\"0 0 512 512\"><path d=\"M256 0C114.6 0 0 114.6 0 256c0 141.4 114.6 256 256 256s256-114.6 256-256C512 114.6 397.4 0 256 0zM406.6 278.6l-103.1 103.1c-12.5 12.5-32.75 12.5-45.25 0s-12.5-32.75 0-45.25L306.8 288H128C110.3 288 96 273.7 96 256s14.31-32 32-32h178.8l-49.38-49.38c-12.5-12.5-12.5-32.75 0-45.25s32.75-12.5 45.25 0l103.1 103.1C414.6 241.3 416 251.1 416 256C416 260.9 414.6 270.7 406.6 278.6z\"><\/path><\/svg><\/span><span class=\"uagb-icon-list__label\">1800 heures de soleil par an<\/span><\/div>\n\n\n\n<div class=\"wp-block-uagb-icon-list-child uagb-block-d920517a\"><span class=\"uagb-icon-list__source-wrap\"><svg xmlns=\"https:\/\/www.w3.org\/2000\/svg\" viewbox=\"0 0 512 512\"><path d=\"M256 0C114.6 0 0 114.6 0 256c0 141.4 114.6 256 256 256s256-114.6 256-256C512 114.6 397.4 0 256 0zM406.6 278.6l-103.1 103.1c-12.5 12.5-32.75 12.5-45.25 0s-12.5-32.75 0-45.25L306.8 288H128C110.3 288 96 273.7 96 256s14.31-32 32-32h178.8l-49.38-49.38c-12.5-12.5-12.5-32.75 0-45.25s32.75-12.5 45.25 0l103.1 103.1C414.6 241.3 416 251.1 416 256C416 260.9 414.6 270.7 406.6 278.6z\"><\/path><\/svg><\/span><span class=\"uagb-icon-list__label\">Mouvement d&#8217;air constant<\/span><\/div>\n\n\n\n<div class=\"wp-block-uagb-icon-list-child uagb-block-0332fb34\"><span class=\"uagb-icon-list__source-wrap\"><svg xmlns=\"https:\/\/www.w3.org\/2000\/svg\" viewbox=\"0 0 512 512\"><path d=\"M256 0C114.6 0 0 114.6 0 256c0 141.4 114.6 256 256 256s256-114.6 256-256C512 114.6 397.4 0 256 0zM406.6 278.6l-103.1 103.1c-12.5 12.5-32.75 12.5-45.25 0s-12.5-32.75 0-45.25L306.8 288H128C110.3 288 96 273.7 96 256s14.31-32 32-32h178.8l-49.38-49.38c-12.5-12.5-12.5-32.75 0-45.25s32.75-12.5 45.25 0l103.1 103.1C414.6 241.3 416 251.1 416 256C416 260.9 414.6 270.7 406.6 278.6z\"><\/path><\/svg><\/span><span class=\"uagb-icon-list__label\">Gravier meuble et sable<\/span><\/div>\n<\/div><\/div>\n<\/div><\/div>\n\n\n\n<div class=\"wp-block-uagb-container uagb-block-8bc6ed30 alignfull uagb-is-root-container\"><div class=\"uagb-container-inner-blocks-wrap\">\n<h3 class=\"wp-block-heading\">R\u00e9gion viticole de la r\u00e9gion des thermes<\/h3>\n\n\n\n<p>La r\u00e9gion des thermes a \u00e9t\u00e9 cr\u00e9\u00e9e par la loi sur le vin de 1985, lorsque les anciennes r\u00e9gions viticoles de Gumpoldskirchen et de Bad V\u00f6slau ont \u00e9t\u00e9 r\u00e9unies. 2196 hectares de vignes s&#8217;appuient sur les contreforts de la for\u00eat viennoise, depuis la p\u00e9riph\u00e9rie de Vienne le long d&#8217;une cha\u00eene de collines dont le point culminant est l&#8217;Anninger, jusqu&#8217;au sud de Baden. Les c\u00e9pages autochtones comme le Zierfandler (\u00e9galement appel\u00e9 Sp\u00e4trot) et le Rotgipfler sont les sp\u00e9cialit\u00e9s de la r\u00e9gion. Il y a plus de 2000 ans, la vigne \u00e9tait d\u00e9j\u00e0 cultiv\u00e9e dans la r\u00e9gion au sud de Vienne, qui b\u00e9n\u00e9ficie d&#8217;un climat favorable. Les l\u00e9gionnaires romains stationn\u00e9s \u00e0 Carnuntum et Vindobona ont apport\u00e9 en Pannonie des pieds de vigne de leur pays et des connaissances sur la production de vin. Le nom de &#8220;r\u00e9gion thermale&#8221; fait r\u00e9f\u00e9rence aux sources chaudes sulfureuses d&#8217;Aquae (Baden).<\/p>\n\n\n\n<p>La vigne b\u00e9n\u00e9ficie de l&#8217;influence du climat pannonique, avec des \u00e9t\u00e9s chauds et des automnes secs ainsi que 1800 heures d&#8217;ensoleillement par an. En automne, les mouvements d&#8217;air permanents permettent aux raisins de s\u00e9cher rapidement apr\u00e8s la ros\u00e9e ou la pluie. En ce qui concerne la diversit\u00e9 g\u00e9ologique, les sols relativement lourds pr\u00e9dominent, comme les argiles limoneuses, les limons sableux et les sols bruns \u00e0 forte teneur en calcaire coquillier. Les d\u00e9bris d&#8217;alt\u00e9ration sous-jacents et les couches profondes d&#8217;alluvions contribuent au drainage et au r\u00e9chauffement. Dans le Steinfeld, les sols caillouteux plut\u00f4t pauvres offrent d&#8217;excellentes conditions aux c\u00e9pages de vin rouge. Les c\u00e9pages blancs typiques de la r\u00e9gion &#8211; que l&#8217;on ne trouve gu\u00e8re ailleurs -, le Zierfandler et le Rotgipfler, ont droit de cit\u00e9 et forment en tant que cuv\u00e9e le mariage l\u00e9gendaire du Sp\u00e4trot et du Rotgipfler. La diversit\u00e9 des c\u00e9pages traditionnels comprend \u00e9galement le Blaue Portugieser, autrefois appel\u00e9 V\u00f6slauer, ou le Neuburger, ainsi que des vins modernes de la famille des bourgognes comme le St. Laurent et le Zweigelt, mais aussi le Merlot et le Cabernet Sauvignon. Les centres de vin rouge sont Bad V\u00f6slau, Soo\u00df, Tattendorf et Teesdorf, les vins blancs classiques proviennent de Perchtoldsdorf, Gumpoldskirchen, Pfaffst\u00e4tten, Baden, Guntramsdorf et Traiskirchen. La nature et la culture permettent un programme de loisirs vari\u00e9 : de la visite du domaine libre de Thallern, qui a refleuri, de l&#8217;abbaye cistercienne de Heiligenkreuz, l&#8217;un des plus anciens domaines viticoles d&#8217;Autriche, aux excursions le long de la route des vins ou aux randonn\u00e9es \u00e0 travers les vignobles le long de la conduite des hautes sources de Vienne, en passant par la ville culturelle et thermale de Baden avec son th\u00e9\u00e2tre, son op\u00e9rette, son wellness ou sa cure de raisin. L&#8217;eau accompagnant le vin, excellent compagnon de repas, trouve ensuite sa place dans la gastronomie.<\/p>\n<\/div><\/div>\n<\/div><\/div>\n\n<figure class=\"wp-block-gallery has-nested-images columns-default is-cropped wp-block-gallery-1 is-layout-flex wp-block-gallery-is-layout-flex\">\n<figure class=\"wp-block-image size-large\"><a href=\"https:\/\/pswp.fra1.digitaloceanspaces.com\/w\/20250922165923\/website-thermenregion.jpeg\"><img decoding=\"async\" width=\"1030\" height=\"772\" data-id=\"26857\" src=\"https:\/\/pswp.fra1.digitaloceanspaces.com\/w\/20250922165923\/website-thermenregion-1030x772.jpeg\" alt=\"\" class=\"wp-image-26857\" srcset=\"https:\/\/pswp.fra1.digitaloceanspaces.com\/w\/20250922165923\/website-thermenregion-1030x772.jpeg 1030w, https:\/\/pswp.fra1.digitaloceanspaces.com\/w\/20250922165923\/website-thermenregion-300x225.jpeg 300w, https:\/\/pswp.fra1.digitaloceanspaces.com\/w\/20250922165923\/website-thermenregion-768x576.jpeg 768w, https:\/\/pswp.fra1.digitaloceanspaces.com\/w\/20250922165923\/website-thermenregion-1536x1151.jpeg 1536w, https:\/\/pswp.fra1.digitaloceanspaces.com\/w\/20250922165923\/website-thermenregion-450x337.jpeg 450w, https:\/\/pswp.fra1.digitaloceanspaces.com\/w\/20250922165923\/website-thermenregion.jpeg 2000w\" sizes=\"(max-width: 1030px) 100vw, 1030px\" \/><\/a><\/figure>\n\n\n\n<figure class=\"wp-block-image size-large\"><a href=\"https:\/\/pswp.fra1.digitaloceanspaces.com\/w\/20250922165923\/website-thermenregion1.jpeg\"><img decoding=\"async\" width=\"1030\" height=\"528\" data-id=\"26849\" src=\"https:\/\/pswp.fra1.digitaloceanspaces.com\/w\/20250922165923\/website-thermenregion1-1030x528.jpeg\" alt=\"\" class=\"wp-image-26849\" srcset=\"https:\/\/pswp.fra1.digitaloceanspaces.com\/w\/20250922165923\/website-thermenregion1-1030x528.jpeg 1030w, https:\/\/pswp.fra1.digitaloceanspaces.com\/w\/20250922165923\/website-thermenregion1-300x154.jpeg 300w, https:\/\/pswp.fra1.digitaloceanspaces.com\/w\/20250922165923\/website-thermenregion1-768x393.jpeg 768w, https:\/\/pswp.fra1.digitaloceanspaces.com\/w\/20250922165923\/website-thermenregion1-450x231.jpeg 450w, https:\/\/pswp.fra1.digitaloceanspaces.com\/w\/20250922165923\/website-thermenregion1.jpeg 1140w\" sizes=\"(max-width: 1030px) 100vw, 1030px\" \/><\/a><\/figure>\n\n\n\n<figure class=\"wp-block-image size-large\"><a href=\"https:\/\/pswp.fra1.digitaloceanspaces.com\/w\/20250922165923\/website-thermenregion2.jpeg\"><img decoding=\"async\" width=\"1030\" height=\"687\" data-id=\"26853\" src=\"https:\/\/pswp.fra1.digitaloceanspaces.com\/w\/20250922165923\/website-thermenregion2-1030x687.jpeg\" alt=\"\" class=\"wp-image-26853\" srcset=\"https:\/\/pswp.fra1.digitaloceanspaces.com\/w\/20250922165923\/website-thermenregion2-1030x687.jpeg 1030w, https:\/\/pswp.fra1.digitaloceanspaces.com\/w\/20250922165923\/website-thermenregion2-300x200.jpeg 300w, https:\/\/pswp.fra1.digitaloceanspaces.com\/w\/20250922165923\/website-thermenregion2-768x512.jpeg 768w, https:\/\/pswp.fra1.digitaloceanspaces.com\/w\/20250922165923\/website-thermenregion2-450x300.jpeg 450w, https:\/\/pswp.fra1.digitaloceanspaces.com\/w\/20250922165923\/website-thermenregion2.jpeg 1200w\" sizes=\"(max-width: 1030px) 100vw, 1030px\" \/><\/a><\/figure>\n<\/figure>\n","protected":false},"excerpt":{"rendered":"<p>R\u00e9gion viticole de la r\u00e9gion des thermes La r\u00e9gion des thermes a \u00e9t\u00e9 cr\u00e9\u00e9e par la loi sur le vin de 1985, lorsque les anciennes r\u00e9gions viticoles de Gumpoldskirchen et de Bad V\u00f6slau ont \u00e9t\u00e9 r\u00e9unies. 2196 hectares de vignes s&#8217;appuient sur les contreforts de la for\u00eat viennoise, depuis la p\u00e9riph\u00e9rie de Vienne le long [&hellip;]<\/p>\n","protected":false},"author":2345,"featured_media":0,"parent":11919,"menu_order":0,"comment_status":"closed","ping_status":"closed","template":"","meta":{"_eb_attr":"","_uag_custom_page_level_css":"","site-sidebar-layout":"default","site-content-layout":"","ast-site-content-layout":"default","site-content-style":"default","site-sidebar-style":"default","ast-global-header-display":"","ast-banner-title-visibility":"","ast-main-header-display":"","ast-hfb-above-header-display":"","ast-hfb-below-header-display":"","ast-hfb-mobile-header-display":"","site-post-title":"","ast-breadcrumbs-content":"","ast-featured-img":"","footer-sml-layout":"","ast-disable-related-posts":"","theme-transparent-header-meta":"","adv-header-id-meta":"","stick-header-meta":"","header-above-stick-meta":"","header-main-stick-meta":"","header-below-stick-meta":"","astra-migrate-meta-layouts":"default","ast-page-background-enabled":"default","ast-page-background-meta":{"desktop":{"background-color":"var(--ast-global-color-4)","background-image":"","background-repeat":"repeat","background-position":"center center","background-size":"auto","background-attachment":"scroll","background-type":"","background-media":"","overlay-type":"","overlay-color":"","overlay-opacity":"","overlay-gradient":""},"tablet":{"background-color":"","background-image":"","background-repeat":"repeat","background-position":"center center","background-size":"auto","background-attachment":"scroll","background-type":"","background-media":"","overlay-type":"","overlay-color":"","overlay-opacity":"","overlay-gradient":""},"mobile":{"background-color":"","background-image":"","background-repeat":"repeat","background-position":"center center","background-size":"auto","background-attachment":"scroll","background-type":"","background-media":"","overlay-type":"","overlay-color":"","overlay-opacity":"","overlay-gradient":""}},"ast-content-background-meta":{"desktop":{"background-color":"var(--ast-global-color-5)","background-image":"","background-repeat":"repeat","background-position":"center center","background-size":"auto","background-attachment":"scroll","background-type":"","background-media":"","overlay-type":"","overlay-color":"","overlay-opacity":"","overlay-gradient":""},"tablet":{"background-color":"var(--ast-global-color-5)","background-image":"","background-repeat":"repeat","background-position":"center center","background-size":"auto","background-attachment":"scroll","background-type":"","background-media":"","overlay-type":"","overlay-color":"","overlay-opacity":"","overlay-gradient":""},"mobile":{"background-color":"var(--ast-global-color-5)","background-image":"","background-repeat":"repeat","background-position":"center center","background-size":"auto","background-attachment":"scroll","background-type":"","background-media":"","overlay-type":"","overlay-color":"","overlay-opacity":"","overlay-gradient":""}},"footnotes":""},"class_list":["post-11957","page","type-page","status-publish","hentry"],"yoast_head":"<!-- This site is optimized with the Yoast SEO plugin v27.3 - https:\/\/yoast.com\/product\/yoast-seo-wordpress\/ -->\n<title>R\u00e9gion thermale - WhyNotWein<\/title>\n<meta name=\"robots\" content=\"index, follow, max-snippet:-1, max-image-preview:large, max-video-preview:-1\" \/>\n<link rel=\"canonical\" href=\"https:\/\/whynotwein.eu\/fr\/regions-viticoles\/basse-autriche\/region-thermale\/\" \/>\n<meta property=\"og:locale\" content=\"fr_FR\" \/>\n<meta property=\"og:type\" content=\"article\" \/>\n<meta property=\"og:title\" content=\"R\u00e9gion thermale - WhyNotWein\" \/>\n<meta property=\"og:description\" content=\"R\u00e9gion viticole de la r\u00e9gion des thermes La r\u00e9gion des thermes a \u00e9t\u00e9 cr\u00e9\u00e9e par la loi sur le vin de 1985, lorsque les anciennes r\u00e9gions viticoles de Gumpoldskirchen et de Bad V\u00f6slau ont \u00e9t\u00e9 r\u00e9unies. 2196 hectares de vignes s&#8217;appuient sur les contreforts de la for\u00eat viennoise, depuis la p\u00e9riph\u00e9rie de Vienne le long [&hellip;]\" \/>\n<meta property=\"og:url\" content=\"https:\/\/whynotwein.eu\/fr\/regions-viticoles\/basse-autriche\/region-thermale\/\" \/>\n<meta property=\"og:site_name\" content=\"WhyNotWein\" \/>\n<meta property=\"article:modified_time\" content=\"2022-11-28T16:42:46+00:00\" \/>\n<meta property=\"og:image\" content=\"https:\/\/whynotwein.eu\/wp-content\/uploads\/2022\/11\/website-niederoesterreich-wappen-176x300.png\" \/>\n<meta name=\"twitter:card\" content=\"summary_large_image\" \/>\n<meta name=\"twitter:label1\" content=\"Dur\u00e9e de lecture estim\u00e9e\" \/>\n\t<meta name=\"twitter:data1\" content=\"3 minutes\" \/>\n<script type=\"application\/ld+json\" class=\"yoast-schema-graph\">{\"@context\":\"https:\\\/\\\/schema.org\",\"@graph\":[{\"@type\":\"WebPage\",\"@id\":\"https:\\\/\\\/whynotwein.eu\\\/fr\\\/regions-viticoles\\\/basse-autriche\\\/region-thermale\\\/\",\"url\":\"https:\\\/\\\/whynotwein.eu\\\/fr\\\/regions-viticoles\\\/basse-autriche\\\/region-thermale\\\/\",\"name\":\"R\u00e9gion thermale - WhyNotWein\",\"isPartOf\":{\"@id\":\"https:\\\/\\\/whynotwein.eu\\\/fr\\\/#website\"},\"primaryImageOfPage\":{\"@id\":\"https:\\\/\\\/whynotwein.eu\\\/fr\\\/regions-viticoles\\\/basse-autriche\\\/region-thermale\\\/#primaryimage\"},\"image\":{\"@id\":\"https:\\\/\\\/whynotwein.eu\\\/fr\\\/regions-viticoles\\\/basse-autriche\\\/region-thermale\\\/#primaryimage\"},\"thumbnailUrl\":\"https:\\\/\\\/whynotwein.eu\\\/wp-content\\\/uploads\\\/2022\\\/11\\\/website-niederoesterreich-wappen-176x300.png\",\"datePublished\":\"2016-04-18T14:14:49+00:00\",\"dateModified\":\"2022-11-28T16:42:46+00:00\",\"breadcrumb\":{\"@id\":\"https:\\\/\\\/whynotwein.eu\\\/fr\\\/regions-viticoles\\\/basse-autriche\\\/region-thermale\\\/#breadcrumb\"},\"inLanguage\":\"fr-FR\",\"potentialAction\":[{\"@type\":\"ReadAction\",\"target\":[\"https:\\\/\\\/whynotwein.eu\\\/fr\\\/regions-viticoles\\\/basse-autriche\\\/region-thermale\\\/\"]}]},{\"@type\":\"ImageObject\",\"inLanguage\":\"fr-FR\",\"@id\":\"https:\\\/\\\/whynotwein.eu\\\/fr\\\/regions-viticoles\\\/basse-autriche\\\/region-thermale\\\/#primaryimage\",\"url\":\"https:\\\/\\\/whynotwein.eu\\\/wp-content\\\/uploads\\\/2022\\\/11\\\/website-niederoesterreich-wappen-176x300.png\",\"contentUrl\":\"https:\\\/\\\/whynotwein.eu\\\/wp-content\\\/uploads\\\/2022\\\/11\\\/website-niederoesterreich-wappen-176x300.png\"},{\"@type\":\"BreadcrumbList\",\"@id\":\"https:\\\/\\\/whynotwein.eu\\\/fr\\\/regions-viticoles\\\/basse-autriche\\\/region-thermale\\\/#breadcrumb\",\"itemListElement\":[{\"@type\":\"ListItem\",\"position\":1,\"name\":\"Home\",\"item\":\"https:\\\/\\\/whynotwein.eu\\\/fr\\\/\"},{\"@type\":\"ListItem\",\"position\":2,\"name\":\"R\u00e9gions viticoles\",\"item\":\"https:\\\/\\\/whynotwein.eu\\\/fr\\\/regions-viticoles\\\/\"},{\"@type\":\"ListItem\",\"position\":3,\"name\":\"Basse Autriche\",\"item\":\"https:\\\/\\\/whynotwein.eu\\\/fr\\\/regions-viticoles\\\/basse-autriche\\\/\"},{\"@type\":\"ListItem\",\"position\":4,\"name\":\"R\u00e9gion thermale\"}]},{\"@type\":\"WebSite\",\"@id\":\"https:\\\/\\\/whynotwein.eu\\\/fr\\\/#website\",\"url\":\"https:\\\/\\\/whynotwein.eu\\\/fr\\\/\",\"name\":\"WhyNotWein\",\"description\":\"Austrian Wines in Belgium\",\"publisher\":{\"@id\":\"https:\\\/\\\/whynotwein.eu\\\/fr\\\/#organization\"},\"potentialAction\":[{\"@type\":\"SearchAction\",\"target\":{\"@type\":\"EntryPoint\",\"urlTemplate\":\"https:\\\/\\\/whynotwein.eu\\\/fr\\\/?s={search_term_string}\"},\"query-input\":{\"@type\":\"PropertyValueSpecification\",\"valueRequired\":true,\"valueName\":\"search_term_string\"}}],\"inLanguage\":\"fr-FR\"},{\"@type\":\"Organization\",\"@id\":\"https:\\\/\\\/whynotwein.eu\\\/fr\\\/#organization\",\"name\":\"WhyNotWein\",\"url\":\"https:\\\/\\\/whynotwein.eu\\\/fr\\\/\",\"logo\":{\"@type\":\"ImageObject\",\"inLanguage\":\"fr-FR\",\"@id\":\"https:\\\/\\\/whynotwein.eu\\\/fr\\\/#\\\/schema\\\/logo\\\/image\\\/\",\"url\":\"https:\\\/\\\/whynotwein.eu\\\/wp-content\\\/uploads\\\/2015\\\/12\\\/WhyNotWein_Logo_340.png\",\"contentUrl\":\"https:\\\/\\\/whynotwein.eu\\\/wp-content\\\/uploads\\\/2015\\\/12\\\/WhyNotWein_Logo_340.png\",\"width\":340,\"height\":156,\"caption\":\"WhyNotWein\"},\"image\":{\"@id\":\"https:\\\/\\\/whynotwein.eu\\\/fr\\\/#\\\/schema\\\/logo\\\/image\\\/\"}}]}<\/script>\n<!-- \/ Yoast SEO plugin. -->","yoast_head_json":{"title":"R\u00e9gion thermale - WhyNotWein","robots":{"index":"index","follow":"follow","max-snippet":"max-snippet:-1","max-image-preview":"max-image-preview:large","max-video-preview":"max-video-preview:-1"},"canonical":"https:\/\/whynotwein.eu\/fr\/regions-viticoles\/basse-autriche\/region-thermale\/","og_locale":"fr_FR","og_type":"article","og_title":"R\u00e9gion thermale - WhyNotWein","og_description":"R\u00e9gion viticole de la r\u00e9gion des thermes La r\u00e9gion des thermes a \u00e9t\u00e9 cr\u00e9\u00e9e par la loi sur le vin de 1985, lorsque les anciennes r\u00e9gions viticoles de Gumpoldskirchen et de Bad V\u00f6slau ont \u00e9t\u00e9 r\u00e9unies. 2196 hectares de vignes s&#8217;appuient sur les contreforts de la for\u00eat viennoise, depuis la p\u00e9riph\u00e9rie de Vienne le long [&hellip;]","og_url":"https:\/\/whynotwein.eu\/fr\/regions-viticoles\/basse-autriche\/region-thermale\/","og_site_name":"WhyNotWein","article_modified_time":"2022-11-28T16:42:46+00:00","og_image":[{"url":"https:\/\/whynotwein.eu\/wp-content\/uploads\/2022\/11\/website-niederoesterreich-wappen-176x300.png","type":"","width":"","height":""}],"twitter_card":"summary_large_image","twitter_misc":{"Dur\u00e9e de lecture estim\u00e9e":"3 minutes"},"schema":{"@context":"https:\/\/schema.org","@graph":[{"@type":"WebPage","@id":"https:\/\/whynotwein.eu\/fr\/regions-viticoles\/basse-autriche\/region-thermale\/","url":"https:\/\/whynotwein.eu\/fr\/regions-viticoles\/basse-autriche\/region-thermale\/","name":"R\u00e9gion thermale - WhyNotWein","isPartOf":{"@id":"https:\/\/whynotwein.eu\/fr\/#website"},"primaryImageOfPage":{"@id":"https:\/\/whynotwein.eu\/fr\/regions-viticoles\/basse-autriche\/region-thermale\/#primaryimage"},"image":{"@id":"https:\/\/whynotwein.eu\/fr\/regions-viticoles\/basse-autriche\/region-thermale\/#primaryimage"},"thumbnailUrl":"https:\/\/whynotwein.eu\/wp-content\/uploads\/2022\/11\/website-niederoesterreich-wappen-176x300.png","datePublished":"2016-04-18T14:14:49+00:00","dateModified":"2022-11-28T16:42:46+00:00","breadcrumb":{"@id":"https:\/\/whynotwein.eu\/fr\/regions-viticoles\/basse-autriche\/region-thermale\/#breadcrumb"},"inLanguage":"fr-FR","potentialAction":[{"@type":"ReadAction","target":["https:\/\/whynotwein.eu\/fr\/regions-viticoles\/basse-autriche\/region-thermale\/"]}]},{"@type":"ImageObject","inLanguage":"fr-FR","@id":"https:\/\/whynotwein.eu\/fr\/regions-viticoles\/basse-autriche\/region-thermale\/#primaryimage","url":"https:\/\/whynotwein.eu\/wp-content\/uploads\/2022\/11\/website-niederoesterreich-wappen-176x300.png","contentUrl":"https:\/\/whynotwein.eu\/wp-content\/uploads\/2022\/11\/website-niederoesterreich-wappen-176x300.png"},{"@type":"BreadcrumbList","@id":"https:\/\/whynotwein.eu\/fr\/regions-viticoles\/basse-autriche\/region-thermale\/#breadcrumb","itemListElement":[{"@type":"ListItem","position":1,"name":"Home","item":"https:\/\/whynotwein.eu\/fr\/"},{"@type":"ListItem","position":2,"name":"R\u00e9gions viticoles","item":"https:\/\/whynotwein.eu\/fr\/regions-viticoles\/"},{"@type":"ListItem","position":3,"name":"Basse Autriche","item":"https:\/\/whynotwein.eu\/fr\/regions-viticoles\/basse-autriche\/"},{"@type":"ListItem","position":4,"name":"R\u00e9gion thermale"}]},{"@type":"WebSite","@id":"https:\/\/whynotwein.eu\/fr\/#website","url":"https:\/\/whynotwein.eu\/fr\/","name":"WhyNotWein","description":"Austrian Wines in Belgium","publisher":{"@id":"https:\/\/whynotwein.eu\/fr\/#organization"},"potentialAction":[{"@type":"SearchAction","target":{"@type":"EntryPoint","urlTemplate":"https:\/\/whynotwein.eu\/fr\/?s={search_term_string}"},"query-input":{"@type":"PropertyValueSpecification","valueRequired":true,"valueName":"search_term_string"}}],"inLanguage":"fr-FR"},{"@type":"Organization","@id":"https:\/\/whynotwein.eu\/fr\/#organization","name":"WhyNotWein","url":"https:\/\/whynotwein.eu\/fr\/","logo":{"@type":"ImageObject","inLanguage":"fr-FR","@id":"https:\/\/whynotwein.eu\/fr\/#\/schema\/logo\/image\/","url":"https:\/\/whynotwein.eu\/wp-content\/uploads\/2015\/12\/WhyNotWein_Logo_340.png","contentUrl":"https:\/\/whynotwein.eu\/wp-content\/uploads\/2015\/12\/WhyNotWein_Logo_340.png","width":340,"height":156,"caption":"WhyNotWein"},"image":{"@id":"https:\/\/whynotwein.eu\/fr\/#\/schema\/logo\/image\/"}}]}},"uagb_featured_image_src":{"full":false,"thumbnail":false,"medium":false,"medium_large":false,"large":false,"1536x1536":false,"2048x2048":false,"gform-image-choice-sm":false,"gform-image-choice-md":false,"gform-image-choice-lg":false,"woocommerce_thumbnail":false,"woocommerce_single":false,"woocommerce_gallery_thumbnail":false},"uagb_author_info":{"display_name":"Ren\u00e9 Clausen","author_link":"https:\/\/whynotwein.eu\/fr\/author\/rene\/"},"uagb_comment_info":0,"uagb_excerpt":"R\u00e9gion viticole de la r\u00e9gion des thermes La r\u00e9gion des thermes a \u00e9t\u00e9 cr\u00e9\u00e9e par la loi sur le vin de 1985, lorsque les anciennes r\u00e9gions viticoles de Gumpoldskirchen et de Bad V\u00f6slau ont \u00e9t\u00e9 r\u00e9unies. 2196 hectares de vignes s&#8217;appuient sur les contreforts de la for\u00eat viennoise, depuis la p\u00e9riph\u00e9rie de Vienne le long&hellip;","_links":{"self":[{"href":"https:\/\/whynotwein.eu\/fr\/wp-json\/wp\/v2\/pages\/11957","targetHints":{"allow":["GET"]}}],"collection":[{"href":"https:\/\/whynotwein.eu\/fr\/wp-json\/wp\/v2\/pages"}],"about":[{"href":"https:\/\/whynotwein.eu\/fr\/wp-json\/wp\/v2\/types\/page"}],"author":[{"embeddable":true,"href":"https:\/\/whynotwein.eu\/fr\/wp-json\/wp\/v2\/users\/2345"}],"replies":[{"embeddable":true,"href":"https:\/\/whynotwein.eu\/fr\/wp-json\/wp\/v2\/comments?post=11957"}],"version-history":[{"count":7,"href":"https:\/\/whynotwein.eu\/fr\/wp-json\/wp\/v2\/pages\/11957\/revisions"}],"predecessor-version":[{"id":27082,"href":"https:\/\/whynotwein.eu\/fr\/wp-json\/wp\/v2\/pages\/11957\/revisions\/27082"}],"up":[{"embeddable":true,"href":"https:\/\/whynotwein.eu\/fr\/wp-json\/wp\/v2\/pages\/11919"}],"wp:attachment":[{"href":"https:\/\/whynotwein.eu\/fr\/wp-json\/wp\/v2\/media?parent=11957"}],"curies":[{"name":"wp","href":"https:\/\/api.w.org\/{rel}","templated":true}]}}