{"id":11965,"date":"2016-04-18T15:50:43","date_gmt":"2016-04-18T13:50:43","guid":{"rendered":"http:\/\/whynotwein.eu\/fr\/weinregionen\/niederoesterreich\/carnuntum\/"},"modified":"2022-11-28T17:28:50","modified_gmt":"2022-11-28T16:28:50","slug":"carnuntum","status":"publish","type":"page","link":"https:\/\/whynotwein.eu\/fr\/regions-viticoles\/basse-autriche\/carnuntum\/","title":{"rendered":"Carnuntum"},"content":{"rendered":"\n<div class=\"wp-block-uagb-container uagb-block-a08ed225 alignfull uagb-is-root-container\"><div class=\"uagb-container-inner-blocks-wrap\">\n<div class=\"wp-block-uagb-container uagb-block-4afa29db alignfull uagb-is-root-container\"><div class=\"uagb-container-inner-blocks-wrap\">\n<div class=\"wp-block-uagb-image uagb-block-b2b7ab6a wp-block-uagb-image--layout-default wp-block-uagb-image--effect-static wp-block-uagb-image--align-center\"><figure class=\"wp-block-uagb-image__figure\"><a class=\"\" href=\"https:\/\/pswp.fra1.digitaloceanspaces.com\/w\/20250922165934\/website-steiermark-wappen.jpeg\" target=\"\" rel=\"noopener\"><img decoding=\"async\" srcset=\"https:\/\/pswp.fra1.digitaloceanspaces.com\/w\/20250922165937\/website-niederoesterreich-wappen-176x300.png \" src=\"https:\/\/pswp.fra1.digitaloceanspaces.com\/w\/20250922165937\/website-niederoesterreich-wappen-176x300.png\" alt=\"\" class=\"uag-image-26454\" width=\"176\" height=\"300\" title=\"\"\/><\/a><\/figure><\/div>\n\n\n\n<div class=\"wp-block-uagb-icon-list uagb-block-f68ea774\"><div class=\"uagb-icon-list__wrap\">\n<div class=\"wp-block-uagb-icon-list-child uagb-block-c78fc5d3\"><span class=\"uagb-icon-list__source-wrap\"><svg xmlns=\"https:\/\/www.w3.org\/2000\/svg\" viewbox=\"0 0 512 512\"><path d=\"M256 0C114.6 0 0 114.6 0 256c0 141.4 114.6 256 256 256s256-114.6 256-256C512 114.6 397.4 0 256 0zM406.6 278.6l-103.1 103.1c-12.5 12.5-32.75 12.5-45.25 0s-12.5-32.75 0-45.25L306.8 288H128C110.3 288 96 273.7 96 256s14.31-32 32-32h178.8l-49.38-49.38c-12.5-12.5-12.5-32.75 0-45.25s32.75-12.5 45.25 0l103.1 103.1C414.6 241.3 416 251.1 416 256C416 260.9 414.6 270.7 406.6 278.6z\"><\/path><\/svg><\/span><span class=\"uagb-icon-list__label\">Climat pannonique<\/span><\/div>\n\n\n\n<div class=\"wp-block-uagb-icon-list-child uagb-block-af8f3a97\"><span class=\"uagb-icon-list__source-wrap\"><svg xmlns=\"https:\/\/www.w3.org\/2000\/svg\" viewbox=\"0 0 512 512\"><path d=\"M256 0C114.6 0 0 114.6 0 256c0 141.4 114.6 256 256 256s256-114.6 256-256C512 114.6 397.4 0 256 0zM406.6 278.6l-103.1 103.1c-12.5 12.5-32.75 12.5-45.25 0s-12.5-32.75 0-45.25L306.8 288H128C110.3 288 96 273.7 96 256s14.31-32 32-32h178.8l-49.38-49.38c-12.5-12.5-12.5-32.75 0-45.25s32.75-12.5 45.25 0l103.1 103.1C414.6 241.3 416 251.1 416 256C416 260.9 414.6 270.7 406.6 278.6z\"><\/path><\/svg><\/span><span class=\"uagb-icon-list__label\">Vins de fruit et d&#8217;\u00e9l\u00e9gance<\/span><\/div>\n\n\n\n<div class=\"wp-block-uagb-icon-list-child uagb-block-c0bdd997\"><span class=\"uagb-icon-list__source-wrap\"><svg xmlns=\"https:\/\/www.w3.org\/2000\/svg\" viewbox=\"0 0 512 512\"><path d=\"M256 0C114.6 0 0 114.6 0 256c0 141.4 114.6 256 256 256s256-114.6 256-256C512 114.6 397.4 0 256 0zM406.6 278.6l-103.1 103.1c-12.5 12.5-32.75 12.5-45.25 0s-12.5-32.75 0-45.25L306.8 288H128C110.3 288 96 273.7 96 256s14.31-32 32-32h178.8l-49.38-49.38c-12.5-12.5-12.5-32.75 0-45.25s32.75-12.5 45.25 0l103.1 103.1C414.6 241.3 416 251.1 416 256C416 260.9 414.6 270.7 406.6 278.6z\"><\/path><\/svg><\/span><span class=\"uagb-icon-list__label\">Terrains sablo-caillouteux<\/span><\/div>\n<\/div><\/div>\n<\/div><\/div>\n\n\n\n<div class=\"wp-block-uagb-container uagb-block-d8701e81 alignfull uagb-is-root-container\"><div class=\"uagb-container-inner-blocks-wrap\">\n<h3 class=\"wp-block-heading\">R\u00e9gion viticole de Carnuntum<\/h3>\n\n\n\n<p>Les arch\u00e9ologues extraient depuis de nombreuses ann\u00e9es des t\u00e9moignages de la culture romaine du sol historique de Carnuntum. Mais les &#8220;richesses du sol&#8221; des quelque 910 hectares de vignes sont tout aussi \u00e9tonnantes, notamment les vins rouges typiques de la r\u00e9gion. Sous le nom de &#8220;Rubin Carnuntum&#8221; et avec le symbole de la porte pa\u00efenne, ils renforcent l&#8217;identit\u00e9 de cette r\u00e9gion en plein essor, port\u00e9e par une s\u00e9rie de personnalit\u00e9s viticoles dynamiques.<\/p>\n\n\n\n<p>Le climat pannonien, avec ses \u00e9t\u00e9s chauds et ses hivers froids, la proximit\u00e9 du Danube et le lac de Neusiedl, qui \u00e9quilibre la temp\u00e9rature, permettent aux raisins bleus de m\u00fbrir pleinement. La jeune g\u00e9n\u00e9ration de viticulteurs a su exploiter ce potentiel naturel et a men\u00e9 la r\u00e9gion au sommet en peu de temps : avec des vins rouges harmonieux qui allient fruit et \u00e9l\u00e9gance. Un style moderne, mais autonome et respectueux des origines. Il ne faut pas oublier que les vins blancs &#8211; notamment le Gr\u00fcner Veltliner, plus r\u00e9cemment le Sauvignon Blanc et les vari\u00e9t\u00e9s de Bourgogne, mais aussi le traditionnel Gemischte Satz &#8211; se distinguent ici par leur structure et leur puissance. L&#8217;orientation strat\u00e9gique de la r\u00e9gion en mati\u00e8re de tourisme, un facteur essentiel pour la vente de vin, est \u00e9galement excellente. La proximit\u00e9 des ch\u00e2teaux baroques brillamment r\u00e9nov\u00e9s dans le Marchfeld tout proche, le parc arch\u00e9ologique de Carnuntum riche en activit\u00e9s, le parc national Donau-Auen, sans oublier la zone d&#8217;influence de la capitale slovaque Bratislava, offrent de nombreuses opportunit\u00e9s pour faire d\u00e9couvrir aux visiteurs et aux h\u00f4tes les avantages des vins de Carnuntum. Des villages viticoles tels que G\u00f6ttlesbrunn, H\u00f6flein ou Prellenkirchen, connus \u00e9galement pour leurs nombreuses et agr\u00e9ables tavernes, ont toujours \u00e9t\u00e9 des points d&#8217;attraction pour les excursionnistes, surtout en raison de leur proximit\u00e9 avec Vienne. De plus, la gastronomie prend de plus en plus d&#8217;essor.<\/p>\n<\/div><\/div>\n<\/div><\/div>\n\n<figure class=\"wp-block-gallery has-nested-images columns-default is-cropped wp-block-gallery-1 is-layout-flex wp-block-gallery-is-layout-flex\">\n<figure class=\"wp-block-image size-full\"><a href=\"https:\/\/pswp.fra1.digitaloceanspaces.com\/w\/20250922165934\/website-carnuntum.webp\"><img decoding=\"async\" width=\"1024\" height=\"682\" data-id=\"26501\" src=\"https:\/\/pswp.fra1.digitaloceanspaces.com\/w\/20250922165934\/website-carnuntum.webp\" alt=\"\" class=\"wp-image-26501\" srcset=\"https:\/\/pswp.fra1.digitaloceanspaces.com\/w\/20250922165934\/website-carnuntum.webp 1024w, https:\/\/pswp.fra1.digitaloceanspaces.com\/w\/20250922165934\/website-carnuntum-300x200.webp 300w, https:\/\/pswp.fra1.digitaloceanspaces.com\/w\/20250922165934\/website-carnuntum-768x512.webp 768w, https:\/\/pswp.fra1.digitaloceanspaces.com\/w\/20250922165934\/website-carnuntum-450x300.webp 450w\" sizes=\"(max-width: 1024px) 100vw, 1024px\" \/><\/a><\/figure>\n\n\n\n<figure class=\"wp-block-image size-large\"><a href=\"https:\/\/pswp.fra1.digitaloceanspaces.com\/w\/20250922165935\/website-carnuntum3.jpeg\"><img decoding=\"async\" width=\"1030\" height=\"549\" data-id=\"26493\" src=\"https:\/\/pswp.fra1.digitaloceanspaces.com\/w\/20250922165935\/website-carnuntum3-1030x549.jpeg\" alt=\"\" class=\"wp-image-26493\" srcset=\"https:\/\/pswp.fra1.digitaloceanspaces.com\/w\/20250922165935\/website-carnuntum3-1030x549.jpeg 1030w, https:\/\/pswp.fra1.digitaloceanspaces.com\/w\/20250922165935\/website-carnuntum3-300x160.jpeg 300w, https:\/\/pswp.fra1.digitaloceanspaces.com\/w\/20250922165935\/website-carnuntum3-768x410.jpeg 768w, https:\/\/pswp.fra1.digitaloceanspaces.com\/w\/20250922165935\/website-carnuntum3-450x240.jpeg 450w, https:\/\/pswp.fra1.digitaloceanspaces.com\/w\/20250922165935\/website-carnuntum3.jpeg 1500w\" sizes=\"(max-width: 1030px) 100vw, 1030px\" \/><\/a><\/figure>\n\n\n\n<figure class=\"wp-block-image size-large\"><a href=\"https:\/\/pswp.fra1.digitaloceanspaces.com\/w\/20250922165934\/website-carnuntum2.jpeg\"><img decoding=\"async\" width=\"1030\" height=\"773\" data-id=\"26497\" src=\"https:\/\/pswp.fra1.digitaloceanspaces.com\/w\/20250922165934\/website-carnuntum2-1030x773.jpeg\" alt=\"\" class=\"wp-image-26497\" srcset=\"https:\/\/pswp.fra1.digitaloceanspaces.com\/w\/20250922165934\/website-carnuntum2-1030x773.jpeg 1030w, https:\/\/pswp.fra1.digitaloceanspaces.com\/w\/20250922165934\/website-carnuntum2-300x225.jpeg 300w, https:\/\/pswp.fra1.digitaloceanspaces.com\/w\/20250922165934\/website-carnuntum2-768x576.jpeg 768w, https:\/\/pswp.fra1.digitaloceanspaces.com\/w\/20250922165934\/website-carnuntum2-1536x1152.jpeg 1536w, https:\/\/pswp.fra1.digitaloceanspaces.com\/w\/20250922165934\/website-carnuntum2-450x338.jpeg 450w, https:\/\/pswp.fra1.digitaloceanspaces.com\/w\/20250922165934\/website-carnuntum2.jpeg 1900w\" sizes=\"(max-width: 1030px) 100vw, 1030px\" \/><\/a><\/figure>\n<\/figure>\n","protected":false},"excerpt":{"rendered":"<p>R\u00e9gion viticole de Carnuntum Les arch\u00e9ologues extraient depuis de nombreuses ann\u00e9es des t\u00e9moignages de la culture romaine du sol historique de Carnuntum. Mais les &#8220;richesses du sol&#8221; des quelque 910 hectares de vignes sont tout aussi \u00e9tonnantes, notamment les vins rouges typiques de la r\u00e9gion. Sous le nom de &#8220;Rubin Carnuntum&#8221; et avec le symbole [&hellip;]<\/p>\n","protected":false},"author":2345,"featured_media":0,"parent":11919,"menu_order":1,"comment_status":"closed","ping_status":"closed","template":"","meta":{"_eb_attr":"","_uag_custom_page_level_css":"","site-sidebar-layout":"default","site-content-layout":"","ast-site-content-layout":"default","site-content-style":"default","site-sidebar-style":"default","ast-global-header-display":"","ast-banner-title-visibility":"","ast-main-header-display":"","ast-hfb-above-header-display":"","ast-hfb-below-header-display":"","ast-hfb-mobile-header-display":"","site-post-title":"","ast-breadcrumbs-content":"","ast-featured-img":"","footer-sml-layout":"","ast-disable-related-posts":"","theme-transparent-header-meta":"","adv-header-id-meta":"","stick-header-meta":"","header-above-stick-meta":"","header-main-stick-meta":"","header-below-stick-meta":"","astra-migrate-meta-layouts":"default","ast-page-background-enabled":"default","ast-page-background-meta":{"desktop":{"background-color":"var(--ast-global-color-4)","background-image":"","background-repeat":"repeat","background-position":"center center","background-size":"auto","background-attachment":"scroll","background-type":"","background-media":"","overlay-type":"","overlay-color":"","overlay-opacity":"","overlay-gradient":""},"tablet":{"background-color":"","background-image":"","background-repeat":"repeat","background-position":"center center","background-size":"auto","background-attachment":"scroll","background-type":"","background-media":"","overlay-type":"","overlay-color":"","overlay-opacity":"","overlay-gradient":""},"mobile":{"background-color":"","background-image":"","background-repeat":"repeat","background-position":"center center","background-size":"auto","background-attachment":"scroll","background-type":"","background-media":"","overlay-type":"","overlay-color":"","overlay-opacity":"","overlay-gradient":""}},"ast-content-background-meta":{"desktop":{"background-color":"var(--ast-global-color-5)","background-image":"","background-repeat":"repeat","background-position":"center center","background-size":"auto","background-attachment":"scroll","background-type":"","background-media":"","overlay-type":"","overlay-color":"","overlay-opacity":"","overlay-gradient":""},"tablet":{"background-color":"var(--ast-global-color-5)","background-image":"","background-repeat":"repeat","background-position":"center center","background-size":"auto","background-attachment":"scroll","background-type":"","background-media":"","overlay-type":"","overlay-color":"","overlay-opacity":"","overlay-gradient":""},"mobile":{"background-color":"var(--ast-global-color-5)","background-image":"","background-repeat":"repeat","background-position":"center center","background-size":"auto","background-attachment":"scroll","background-type":"","background-media":"","overlay-type":"","overlay-color":"","overlay-opacity":"","overlay-gradient":""}},"footnotes":""},"class_list":["post-11965","page","type-page","status-publish","hentry"],"yoast_head":"<!-- This site is optimized with the Yoast SEO plugin v27.3 - https:\/\/yoast.com\/product\/yoast-seo-wordpress\/ -->\n<title>Carnuntum - WhyNotWein<\/title>\n<meta name=\"robots\" content=\"index, follow, max-snippet:-1, max-image-preview:large, max-video-preview:-1\" \/>\n<link rel=\"canonical\" href=\"https:\/\/whynotwein.eu\/fr\/regions-viticoles\/basse-autriche\/carnuntum\/\" \/>\n<meta property=\"og:locale\" content=\"fr_FR\" \/>\n<meta property=\"og:type\" content=\"article\" \/>\n<meta property=\"og:title\" content=\"Carnuntum - WhyNotWein\" \/>\n<meta property=\"og:description\" content=\"R\u00e9gion viticole de Carnuntum Les arch\u00e9ologues extraient depuis de nombreuses ann\u00e9es des t\u00e9moignages de la culture romaine du sol historique de Carnuntum. Mais les &#8220;richesses du sol&#8221; des quelque 910 hectares de vignes sont tout aussi \u00e9tonnantes, notamment les vins rouges typiques de la r\u00e9gion. Sous le nom de &#8220;Rubin Carnuntum&#8221; et avec le symbole [&hellip;]\" \/>\n<meta property=\"og:url\" content=\"https:\/\/whynotwein.eu\/fr\/regions-viticoles\/basse-autriche\/carnuntum\/\" \/>\n<meta property=\"og:site_name\" content=\"WhyNotWein\" \/>\n<meta property=\"article:modified_time\" content=\"2022-11-28T16:28:50+00:00\" \/>\n<meta property=\"og:image\" content=\"https:\/\/whynotwein.eu\/wp-content\/uploads\/2022\/11\/website-niederoesterreich-wappen-176x300.png\" \/>\n<meta name=\"twitter:card\" content=\"summary_large_image\" \/>\n<meta name=\"twitter:label1\" content=\"Dur\u00e9e de lecture estim\u00e9e\" \/>\n\t<meta name=\"twitter:data1\" content=\"2 minutes\" \/>\n<script type=\"application\/ld+json\" class=\"yoast-schema-graph\">{\"@context\":\"https:\\\/\\\/schema.org\",\"@graph\":[{\"@type\":\"WebPage\",\"@id\":\"https:\\\/\\\/whynotwein.eu\\\/fr\\\/regions-viticoles\\\/basse-autriche\\\/carnuntum\\\/\",\"url\":\"https:\\\/\\\/whynotwein.eu\\\/fr\\\/regions-viticoles\\\/basse-autriche\\\/carnuntum\\\/\",\"name\":\"Carnuntum - WhyNotWein\",\"isPartOf\":{\"@id\":\"https:\\\/\\\/whynotwein.eu\\\/fr\\\/#website\"},\"primaryImageOfPage\":{\"@id\":\"https:\\\/\\\/whynotwein.eu\\\/fr\\\/regions-viticoles\\\/basse-autriche\\\/carnuntum\\\/#primaryimage\"},\"image\":{\"@id\":\"https:\\\/\\\/whynotwein.eu\\\/fr\\\/regions-viticoles\\\/basse-autriche\\\/carnuntum\\\/#primaryimage\"},\"thumbnailUrl\":\"https:\\\/\\\/whynotwein.eu\\\/wp-content\\\/uploads\\\/2022\\\/11\\\/website-niederoesterreich-wappen-176x300.png\",\"datePublished\":\"2016-04-18T13:50:43+00:00\",\"dateModified\":\"2022-11-28T16:28:50+00:00\",\"breadcrumb\":{\"@id\":\"https:\\\/\\\/whynotwein.eu\\\/fr\\\/regions-viticoles\\\/basse-autriche\\\/carnuntum\\\/#breadcrumb\"},\"inLanguage\":\"fr-FR\",\"potentialAction\":[{\"@type\":\"ReadAction\",\"target\":[\"https:\\\/\\\/whynotwein.eu\\\/fr\\\/regions-viticoles\\\/basse-autriche\\\/carnuntum\\\/\"]}]},{\"@type\":\"ImageObject\",\"inLanguage\":\"fr-FR\",\"@id\":\"https:\\\/\\\/whynotwein.eu\\\/fr\\\/regions-viticoles\\\/basse-autriche\\\/carnuntum\\\/#primaryimage\",\"url\":\"https:\\\/\\\/whynotwein.eu\\\/wp-content\\\/uploads\\\/2022\\\/11\\\/website-niederoesterreich-wappen-176x300.png\",\"contentUrl\":\"https:\\\/\\\/whynotwein.eu\\\/wp-content\\\/uploads\\\/2022\\\/11\\\/website-niederoesterreich-wappen-176x300.png\"},{\"@type\":\"BreadcrumbList\",\"@id\":\"https:\\\/\\\/whynotwein.eu\\\/fr\\\/regions-viticoles\\\/basse-autriche\\\/carnuntum\\\/#breadcrumb\",\"itemListElement\":[{\"@type\":\"ListItem\",\"position\":1,\"name\":\"Home\",\"item\":\"https:\\\/\\\/whynotwein.eu\\\/fr\\\/\"},{\"@type\":\"ListItem\",\"position\":2,\"name\":\"R\u00e9gions viticoles\",\"item\":\"https:\\\/\\\/whynotwein.eu\\\/fr\\\/regions-viticoles\\\/\"},{\"@type\":\"ListItem\",\"position\":3,\"name\":\"Basse Autriche\",\"item\":\"https:\\\/\\\/whynotwein.eu\\\/fr\\\/regions-viticoles\\\/basse-autriche\\\/\"},{\"@type\":\"ListItem\",\"position\":4,\"name\":\"Carnuntum\"}]},{\"@type\":\"WebSite\",\"@id\":\"https:\\\/\\\/whynotwein.eu\\\/fr\\\/#website\",\"url\":\"https:\\\/\\\/whynotwein.eu\\\/fr\\\/\",\"name\":\"WhyNotWein\",\"description\":\"Austrian Wines in Belgium\",\"publisher\":{\"@id\":\"https:\\\/\\\/whynotwein.eu\\\/fr\\\/#organization\"},\"potentialAction\":[{\"@type\":\"SearchAction\",\"target\":{\"@type\":\"EntryPoint\",\"urlTemplate\":\"https:\\\/\\\/whynotwein.eu\\\/fr\\\/?s={search_term_string}\"},\"query-input\":{\"@type\":\"PropertyValueSpecification\",\"valueRequired\":true,\"valueName\":\"search_term_string\"}}],\"inLanguage\":\"fr-FR\"},{\"@type\":\"Organization\",\"@id\":\"https:\\\/\\\/whynotwein.eu\\\/fr\\\/#organization\",\"name\":\"WhyNotWein\",\"url\":\"https:\\\/\\\/whynotwein.eu\\\/fr\\\/\",\"logo\":{\"@type\":\"ImageObject\",\"inLanguage\":\"fr-FR\",\"@id\":\"https:\\\/\\\/whynotwein.eu\\\/fr\\\/#\\\/schema\\\/logo\\\/image\\\/\",\"url\":\"https:\\\/\\\/whynotwein.eu\\\/wp-content\\\/uploads\\\/2015\\\/12\\\/WhyNotWein_Logo_340.png\",\"contentUrl\":\"https:\\\/\\\/whynotwein.eu\\\/wp-content\\\/uploads\\\/2015\\\/12\\\/WhyNotWein_Logo_340.png\",\"width\":340,\"height\":156,\"caption\":\"WhyNotWein\"},\"image\":{\"@id\":\"https:\\\/\\\/whynotwein.eu\\\/fr\\\/#\\\/schema\\\/logo\\\/image\\\/\"}}]}<\/script>\n<!-- \/ Yoast SEO plugin. -->","yoast_head_json":{"title":"Carnuntum - WhyNotWein","robots":{"index":"index","follow":"follow","max-snippet":"max-snippet:-1","max-image-preview":"max-image-preview:large","max-video-preview":"max-video-preview:-1"},"canonical":"https:\/\/whynotwein.eu\/fr\/regions-viticoles\/basse-autriche\/carnuntum\/","og_locale":"fr_FR","og_type":"article","og_title":"Carnuntum - WhyNotWein","og_description":"R\u00e9gion viticole de Carnuntum Les arch\u00e9ologues extraient depuis de nombreuses ann\u00e9es des t\u00e9moignages de la culture romaine du sol historique de Carnuntum. Mais les &#8220;richesses du sol&#8221; des quelque 910 hectares de vignes sont tout aussi \u00e9tonnantes, notamment les vins rouges typiques de la r\u00e9gion. Sous le nom de &#8220;Rubin Carnuntum&#8221; et avec le symbole [&hellip;]","og_url":"https:\/\/whynotwein.eu\/fr\/regions-viticoles\/basse-autriche\/carnuntum\/","og_site_name":"WhyNotWein","article_modified_time":"2022-11-28T16:28:50+00:00","og_image":[{"url":"https:\/\/whynotwein.eu\/wp-content\/uploads\/2022\/11\/website-niederoesterreich-wappen-176x300.png","type":"","width":"","height":""}],"twitter_card":"summary_large_image","twitter_misc":{"Dur\u00e9e de lecture estim\u00e9e":"2 minutes"},"schema":{"@context":"https:\/\/schema.org","@graph":[{"@type":"WebPage","@id":"https:\/\/whynotwein.eu\/fr\/regions-viticoles\/basse-autriche\/carnuntum\/","url":"https:\/\/whynotwein.eu\/fr\/regions-viticoles\/basse-autriche\/carnuntum\/","name":"Carnuntum - WhyNotWein","isPartOf":{"@id":"https:\/\/whynotwein.eu\/fr\/#website"},"primaryImageOfPage":{"@id":"https:\/\/whynotwein.eu\/fr\/regions-viticoles\/basse-autriche\/carnuntum\/#primaryimage"},"image":{"@id":"https:\/\/whynotwein.eu\/fr\/regions-viticoles\/basse-autriche\/carnuntum\/#primaryimage"},"thumbnailUrl":"https:\/\/whynotwein.eu\/wp-content\/uploads\/2022\/11\/website-niederoesterreich-wappen-176x300.png","datePublished":"2016-04-18T13:50:43+00:00","dateModified":"2022-11-28T16:28:50+00:00","breadcrumb":{"@id":"https:\/\/whynotwein.eu\/fr\/regions-viticoles\/basse-autriche\/carnuntum\/#breadcrumb"},"inLanguage":"fr-FR","potentialAction":[{"@type":"ReadAction","target":["https:\/\/whynotwein.eu\/fr\/regions-viticoles\/basse-autriche\/carnuntum\/"]}]},{"@type":"ImageObject","inLanguage":"fr-FR","@id":"https:\/\/whynotwein.eu\/fr\/regions-viticoles\/basse-autriche\/carnuntum\/#primaryimage","url":"https:\/\/whynotwein.eu\/wp-content\/uploads\/2022\/11\/website-niederoesterreich-wappen-176x300.png","contentUrl":"https:\/\/whynotwein.eu\/wp-content\/uploads\/2022\/11\/website-niederoesterreich-wappen-176x300.png"},{"@type":"BreadcrumbList","@id":"https:\/\/whynotwein.eu\/fr\/regions-viticoles\/basse-autriche\/carnuntum\/#breadcrumb","itemListElement":[{"@type":"ListItem","position":1,"name":"Home","item":"https:\/\/whynotwein.eu\/fr\/"},{"@type":"ListItem","position":2,"name":"R\u00e9gions viticoles","item":"https:\/\/whynotwein.eu\/fr\/regions-viticoles\/"},{"@type":"ListItem","position":3,"name":"Basse Autriche","item":"https:\/\/whynotwein.eu\/fr\/regions-viticoles\/basse-autriche\/"},{"@type":"ListItem","position":4,"name":"Carnuntum"}]},{"@type":"WebSite","@id":"https:\/\/whynotwein.eu\/fr\/#website","url":"https:\/\/whynotwein.eu\/fr\/","name":"WhyNotWein","description":"Austrian Wines in Belgium","publisher":{"@id":"https:\/\/whynotwein.eu\/fr\/#organization"},"potentialAction":[{"@type":"SearchAction","target":{"@type":"EntryPoint","urlTemplate":"https:\/\/whynotwein.eu\/fr\/?s={search_term_string}"},"query-input":{"@type":"PropertyValueSpecification","valueRequired":true,"valueName":"search_term_string"}}],"inLanguage":"fr-FR"},{"@type":"Organization","@id":"https:\/\/whynotwein.eu\/fr\/#organization","name":"WhyNotWein","url":"https:\/\/whynotwein.eu\/fr\/","logo":{"@type":"ImageObject","inLanguage":"fr-FR","@id":"https:\/\/whynotwein.eu\/fr\/#\/schema\/logo\/image\/","url":"https:\/\/whynotwein.eu\/wp-content\/uploads\/2015\/12\/WhyNotWein_Logo_340.png","contentUrl":"https:\/\/whynotwein.eu\/wp-content\/uploads\/2015\/12\/WhyNotWein_Logo_340.png","width":340,"height":156,"caption":"WhyNotWein"},"image":{"@id":"https:\/\/whynotwein.eu\/fr\/#\/schema\/logo\/image\/"}}]}},"uagb_featured_image_src":{"full":false,"thumbnail":false,"medium":false,"medium_large":false,"large":false,"1536x1536":false,"2048x2048":false,"gform-image-choice-sm":false,"gform-image-choice-md":false,"gform-image-choice-lg":false,"woocommerce_thumbnail":false,"woocommerce_single":false,"woocommerce_gallery_thumbnail":false},"uagb_author_info":{"display_name":"Ren\u00e9 Clausen","author_link":"https:\/\/whynotwein.eu\/fr\/author\/rene\/"},"uagb_comment_info":0,"uagb_excerpt":"R\u00e9gion viticole de Carnuntum Les arch\u00e9ologues extraient depuis de nombreuses ann\u00e9es des t\u00e9moignages de la culture romaine du sol historique de Carnuntum. Mais les &#8220;richesses du sol&#8221; des quelque 910 hectares de vignes sont tout aussi \u00e9tonnantes, notamment les vins rouges typiques de la r\u00e9gion. Sous le nom de &#8220;Rubin Carnuntum&#8221; et avec le symbole&hellip;","_links":{"self":[{"href":"https:\/\/whynotwein.eu\/fr\/wp-json\/wp\/v2\/pages\/11965","targetHints":{"allow":["GET"]}}],"collection":[{"href":"https:\/\/whynotwein.eu\/fr\/wp-json\/wp\/v2\/pages"}],"about":[{"href":"https:\/\/whynotwein.eu\/fr\/wp-json\/wp\/v2\/types\/page"}],"author":[{"embeddable":true,"href":"https:\/\/whynotwein.eu\/fr\/wp-json\/wp\/v2\/users\/2345"}],"replies":[{"embeddable":true,"href":"https:\/\/whynotwein.eu\/fr\/wp-json\/wp\/v2\/comments?post=11965"}],"version-history":[{"count":10,"href":"https:\/\/whynotwein.eu\/fr\/wp-json\/wp\/v2\/pages\/11965\/revisions"}],"predecessor-version":[{"id":27076,"href":"https:\/\/whynotwein.eu\/fr\/wp-json\/wp\/v2\/pages\/11965\/revisions\/27076"}],"up":[{"embeddable":true,"href":"https:\/\/whynotwein.eu\/fr\/wp-json\/wp\/v2\/pages\/11919"}],"wp:attachment":[{"href":"https:\/\/whynotwein.eu\/fr\/wp-json\/wp\/v2\/media?parent=11965"}],"curies":[{"name":"wp","href":"https:\/\/api.w.org\/{rel}","templated":true}]}}