{"id":11970,"date":"2016-04-14T16:50:43","date_gmt":"2016-04-14T14:50:43","guid":{"rendered":"http:\/\/whynotwein.eu\/fr\/weinregionen\/niederoesterreich\/wachau\/"},"modified":"2022-11-29T09:05:14","modified_gmt":"2022-11-29T08:05:14","slug":"wachau","status":"publish","type":"page","link":"https:\/\/whynotwein.eu\/fr\/regions-viticoles\/basse-autriche\/wachau\/","title":{"rendered":"Wachau"},"content":{"rendered":"\n<div class=\"wp-block-uagb-container uagb-block-498466fc alignfull uagb-is-root-container\"><div class=\"uagb-container-inner-blocks-wrap\">\n<div class=\"wp-block-uagb-container uagb-block-b03e3121 alignfull uagb-is-root-container\"><div class=\"uagb-container-inner-blocks-wrap\">\n<div class=\"wp-block-uagb-image uagb-block-b86c5c4b wp-block-uagb-image--layout-default wp-block-uagb-image--effect-static wp-block-uagb-image--align-center\"><figure class=\"wp-block-uagb-image__figure\"><a class=\"\" href=\"https:\/\/pswp.fra1.digitaloceanspaces.com\/w\/20250922165934\/website-steiermark-wappen.jpeg\" target=\"\" rel=\"noopener\"><img decoding=\"async\" srcset=\"https:\/\/pswp.fra1.digitaloceanspaces.com\/w\/20250922165937\/website-niederoesterreich-wappen-176x300.png \" src=\"https:\/\/pswp.fra1.digitaloceanspaces.com\/w\/20250922165937\/website-niederoesterreich-wappen-176x300.png\" alt=\"\" class=\"uag-image-26454\" width=\"176\" height=\"300\" title=\"\"\/><\/a><\/figure><\/div>\n\n\n\n<div class=\"wp-block-uagb-icon-list uagb-block-c739a6ca\"><div class=\"uagb-icon-list__wrap\">\n<div class=\"wp-block-uagb-icon-list-child uagb-block-be41af99\"><span class=\"uagb-icon-list__source-wrap\"><svg xmlns=\"https:\/\/www.w3.org\/2000\/svg\" viewbox=\"0 0 512 512\"><path d=\"M256 0C114.6 0 0 114.6 0 256c0 141.4 114.6 256 256 256s256-114.6 256-256C512 114.6 397.4 0 256 0zM406.6 278.6l-103.1 103.1c-12.5 12.5-32.75 12.5-45.25 0s-12.5-32.75 0-45.25L306.8 288H128C110.3 288 96 273.7 96 256s14.31-32 32-32h178.8l-49.38-49.38c-12.5-12.5-12.5-32.75 0-45.25s32.75-12.5 45.25 0l103.1 103.1C414.6 241.3 416 251.1 416 256C416 260.9 414.6 270.7 406.6 278.6z\"><\/path><\/svg><\/span><span class=\"uagb-icon-list__label\">Des terrasses escarp\u00e9es, des c\u00e9pages nobles, des vins monumentaux<\/span><\/div>\n\n\n\n<div class=\"wp-block-uagb-icon-list-child uagb-block-f4ed8cbf\"><span class=\"uagb-icon-list__source-wrap\"><svg xmlns=\"https:\/\/www.w3.org\/2000\/svg\" viewbox=\"0 0 512 512\"><path d=\"M256 0C114.6 0 0 114.6 0 256c0 141.4 114.6 256 256 256s256-114.6 256-256C512 114.6 397.4 0 256 0zM406.6 278.6l-103.1 103.1c-12.5 12.5-32.75 12.5-45.25 0s-12.5-32.75 0-45.25L306.8 288H128C110.3 288 96 273.7 96 256s14.31-32 32-32h178.8l-49.38-49.38c-12.5-12.5-12.5-32.75 0-45.25s32.75-12.5 45.25 0l103.1 103.1C414.6 241.3 416 251.1 416 256C416 260.9 414.6 270.7 406.6 278.6z\"><\/path><\/svg><\/span><span class=\"uagb-icon-list__label\">Vents descendants frais<\/span><\/div>\n\n\n\n<div class=\"wp-block-uagb-icon-list-child uagb-block-debe96bb\"><span class=\"uagb-icon-list__source-wrap\"><svg xmlns=\"https:\/\/www.w3.org\/2000\/svg\" viewbox=\"0 0 512 512\"><path d=\"M256 0C114.6 0 0 114.6 0 256c0 141.4 114.6 256 256 256s256-114.6 256-256C512 114.6 397.4 0 256 0zM406.6 278.6l-103.1 103.1c-12.5 12.5-32.75 12.5-45.25 0s-12.5-32.75 0-45.25L306.8 288H128C110.3 288 96 273.7 96 256s14.31-32 32-32h178.8l-49.38-49.38c-12.5-12.5-12.5-32.75 0-45.25s32.75-12.5 45.25 0l103.1 103.1C414.6 241.3 416 251.1 416 256C416 260.9 414.6 270.7 406.6 278.6z\"><\/path><\/svg><\/span><span class=\"uagb-icon-list__label\">Terrains en pente<\/span><\/div>\n<\/div><\/div>\n<\/div><\/div>\n\n\n\n<div class=\"wp-block-uagb-container uagb-block-024dc45e alignfull uagb-is-root-container\"><div class=\"uagb-container-inner-blocks-wrap\">\n<h3 class=\"wp-block-heading\">R\u00e9gion viticole de Wachau<\/h3>\n\n\n\n<p>Patrimoine culturel mondial et paysage de bien-\u00eatre enchanteur &#8211; c&#8217;est la Wachau, l&#8217;\u00e9troite vall\u00e9e du Danube entre Melk et Krems. Sur 1350 hectares, en partie sur des terrasses abruptes, on trouve principalement du Gr\u00fcner Veltliner et du Riesling. Les cat\u00e9gories de vin &#8220;Steinfeder&#8221;, &#8220;Federspiel&#8221; et &#8220;Smaragd&#8221; symbolisent le caract\u00e8re naturel des vins de la Wachau. L&#8217;histoire de la cr\u00e9ation de l&#8217;une des r\u00e9gions viticoles les plus fascinantes d&#8217;Autriche est passionnante. Au cours de la p\u00e9riode postglaciaire, des sols poussi\u00e9reux se sont d\u00e9pos\u00e9s \u00e0 l&#8217;abri du vent des montagnes, donnant naissance d&#8217;une part aux sols de l\u0153ss actuels et d&#8217;autre part aux pentes abruptes de gneiss de Gf\u00f6hler. Le Danube a \u00e9galement apport\u00e9 sa contribution en d\u00e9posant du sable, des cailloux et des masses d&#8217;alluvions dans les zones plates de Rieden. Ces conditions g\u00e9ologiques du terrain, associ\u00e9es aux terrasses cr\u00e9\u00e9es par l&#8217;homme en tant que &#8220;gardien du paysage&#8221; pour exploiter les meilleures pentes, dessinent l&#8217;image marquante du paysage viticole de la Wachau. Le climat est \u00e9galement riche en tensions, car deux influences fortes se rencontrent ici &#8211; non pas de mani\u00e8re frontale, mais \u00e9troitement imbriqu\u00e9es : le climat ouest-atlantique et le climat est-pannonique. En fonction de la pente, de l&#8217;exposition, de la formation du terrain ainsi que des murs et des rochers qui emmagasinent la chaleur, des micro-climats entrent en jeu.<\/p>\n\n\n\n<p>Les \u00e9t\u00e9s chauds et secs et les hivers rigoureux sont compens\u00e9s par la grande surface d&#8217;eau du Danube. Les vents descendants frais en provenance du nord du Waldviertel provoquent de grandes variations entre les temp\u00e9ratures diurnes et nocturnes, en particulier pendant les mois pr\u00e9c\u00e9dant la r\u00e9colte. Du Spitzer Graben, plus frais, au Loibenberg, plus chaud, cette interaction donne naissance aux ar\u00f4mes complexes des raisins. Cela se ressent dans les vins sous la forme d&#8217;un fruit\u00e9 frais aux accents parfois exotiques : du svelte Steinfeder au noble Smaragd, d\u00e9fini par l&#8217;association de protection &#8220;Vinea Wachau&#8221; devenue indispensable, en passant par l&#8217;\u00e9l\u00e9gant Federspiel. Et il sera encore une fois passionnant de partir \u00e0 la recherche d&#8217;adresses \u0153nologiques et culinaires dans l&#8217;ambiance historique des villages viticoles. Les meilleurs viticulteurs et gastronomes se trouvent \u00e0 chaque pas dans la Wachau, de Spitz \u00e0 Wei\u00dfenkirchen, W\u00f6sendorf et Joching jusqu&#8217;\u00e0 D\u00fcrnstein et Loiben ; l&#8217;un ou l&#8217;autre saut lat\u00e9ral sur la rive droite du Danube est recommand\u00e9. Outre le couple souverain riesling et veltliner &#8211; r\u00e9put\u00e9 pour son potentiel de vieillissement exceptionnel &#8211; le pinot blanc, le neuburger, le muscat ou le sauvignon blanc garantissent \u00e9galement d&#8217;excellentes exp\u00e9riences gustatives.<\/p>\n<\/div><\/div>\n<\/div><\/div>\n\n<figure class=\"wp-block-gallery has-nested-images columns-default is-cropped wp-block-gallery-1 is-layout-flex wp-block-gallery-is-layout-flex\">\n<figure class=\"wp-block-image size-full\"><a href=\"https:\/\/pswp.fra1.digitaloceanspaces.com\/w\/20250922170208\/website-weinreben-wachau.jpg\"><img decoding=\"async\" data-id=\"21319\" src=\"https:\/\/pswp.fra1.digitaloceanspaces.com\/w\/20250922170208\/website-weinreben-wachau.jpg\" alt=\"\" class=\"wp-image-21319\"\/><\/a><\/figure>\n\n\n\n<figure class=\"wp-block-image size-full\"><a href=\"https:\/\/pswp.fra1.digitaloceanspaces.com\/w\/20250922170442\/website-domaene-wachau2.png\"><img decoding=\"async\" width=\"540\" height=\"359\" data-id=\"12920\" src=\"https:\/\/pswp.fra1.digitaloceanspaces.com\/w\/20250922170442\/website-domaene-wachau2.png\" alt=\"\" class=\"wp-image-12920\" srcset=\"https:\/\/pswp.fra1.digitaloceanspaces.com\/w\/20250922170442\/website-domaene-wachau2.png 540w, https:\/\/pswp.fra1.digitaloceanspaces.com\/w\/20250922170442\/website-domaene-wachau2-450x299.png 450w, https:\/\/pswp.fra1.digitaloceanspaces.com\/w\/20250922170442\/website-domaene-wachau2-300x199.png 300w\" sizes=\"(max-width: 540px) 100vw, 540px\" \/><\/a><\/figure>\n\n\n\n<figure class=\"wp-block-image size-large\"><a href=\"https:\/\/pswp.fra1.digitaloceanspaces.com\/w\/20250922170207\/website-weinreben-wachau-stein.jpg\"><img decoding=\"async\" width=\"1030\" height=\"773\" data-id=\"21324\" src=\"https:\/\/pswp.fra1.digitaloceanspaces.com\/w\/20250922170207\/website-weinreben-wachau-stein-1030x773.jpg\" alt=\"\" class=\"wp-image-21324\" srcset=\"https:\/\/pswp.fra1.digitaloceanspaces.com\/w\/20250922170207\/website-weinreben-wachau-stein-1030x773.jpg 1030w, https:\/\/pswp.fra1.digitaloceanspaces.com\/w\/20250922170207\/website-weinreben-wachau-stein-450x338.jpg 450w, https:\/\/pswp.fra1.digitaloceanspaces.com\/w\/20250922170207\/website-weinreben-wachau-stein-300x225.jpg 300w, https:\/\/pswp.fra1.digitaloceanspaces.com\/w\/20250922170207\/website-weinreben-wachau-stein-768x576.jpg 768w, https:\/\/pswp.fra1.digitaloceanspaces.com\/w\/20250922170207\/website-weinreben-wachau-stein-1536x1152.jpg 1536w, https:\/\/pswp.fra1.digitaloceanspaces.com\/w\/20250922170207\/website-weinreben-wachau-stein-2048x1536.jpg 2048w, https:\/\/pswp.fra1.digitaloceanspaces.com\/w\/20250922170207\/website-weinreben-wachau-stein-1500x1125.jpg 1500w, https:\/\/pswp.fra1.digitaloceanspaces.com\/w\/20250922170207\/website-weinreben-wachau-stein-705x529.jpg 705w, https:\/\/pswp.fra1.digitaloceanspaces.com\/w\/20250922170207\/website-weinreben-wachau-stein.jpg 1600w\" sizes=\"(max-width: 1030px) 100vw, 1030px\" \/><\/a><\/figure>\n<\/figure>\n","protected":false},"excerpt":{"rendered":"<p>R\u00e9gion viticole de Wachau Patrimoine culturel mondial et paysage de bien-\u00eatre enchanteur &#8211; c&#8217;est la Wachau, l&#8217;\u00e9troite vall\u00e9e du Danube entre Melk et Krems. Sur 1350 hectares, en partie sur des terrasses abruptes, on trouve principalement du Gr\u00fcner Veltliner et du Riesling. Les cat\u00e9gories de vin &#8220;Steinfeder&#8221;, &#8220;Federspiel&#8221; et &#8220;Smaragd&#8221; symbolisent le caract\u00e8re naturel des [&hellip;]<\/p>\n","protected":false},"author":2345,"featured_media":0,"parent":11919,"menu_order":0,"comment_status":"closed","ping_status":"closed","template":"","meta":{"_eb_attr":"","_uag_custom_page_level_css":"","site-sidebar-layout":"default","site-content-layout":"","ast-site-content-layout":"default","site-content-style":"default","site-sidebar-style":"default","ast-global-header-display":"","ast-banner-title-visibility":"","ast-main-header-display":"","ast-hfb-above-header-display":"","ast-hfb-below-header-display":"","ast-hfb-mobile-header-display":"","site-post-title":"","ast-breadcrumbs-content":"","ast-featured-img":"","footer-sml-layout":"","ast-disable-related-posts":"","theme-transparent-header-meta":"","adv-header-id-meta":"","stick-header-meta":"","header-above-stick-meta":"","header-main-stick-meta":"","header-below-stick-meta":"","astra-migrate-meta-layouts":"default","ast-page-background-enabled":"default","ast-page-background-meta":{"desktop":{"background-color":"var(--ast-global-color-4)","background-image":"","background-repeat":"repeat","background-position":"center center","background-size":"auto","background-attachment":"scroll","background-type":"","background-media":"","overlay-type":"","overlay-color":"","overlay-opacity":"","overlay-gradient":""},"tablet":{"background-color":"","background-image":"","background-repeat":"repeat","background-position":"center center","background-size":"auto","background-attachment":"scroll","background-type":"","background-media":"","overlay-type":"","overlay-color":"","overlay-opacity":"","overlay-gradient":""},"mobile":{"background-color":"","background-image":"","background-repeat":"repeat","background-position":"center center","background-size":"auto","background-attachment":"scroll","background-type":"","background-media":"","overlay-type":"","overlay-color":"","overlay-opacity":"","overlay-gradient":""}},"ast-content-background-meta":{"desktop":{"background-color":"var(--ast-global-color-5)","background-image":"","background-repeat":"repeat","background-position":"center center","background-size":"auto","background-attachment":"scroll","background-type":"","background-media":"","overlay-type":"","overlay-color":"","overlay-opacity":"","overlay-gradient":""},"tablet":{"background-color":"var(--ast-global-color-5)","background-image":"","background-repeat":"repeat","background-position":"center center","background-size":"auto","background-attachment":"scroll","background-type":"","background-media":"","overlay-type":"","overlay-color":"","overlay-opacity":"","overlay-gradient":""},"mobile":{"background-color":"var(--ast-global-color-5)","background-image":"","background-repeat":"repeat","background-position":"center center","background-size":"auto","background-attachment":"scroll","background-type":"","background-media":"","overlay-type":"","overlay-color":"","overlay-opacity":"","overlay-gradient":""}},"footnotes":""},"class_list":["post-11970","page","type-page","status-publish","hentry"],"yoast_head":"<!-- This site is optimized with the Yoast SEO plugin v27.3 - https:\/\/yoast.com\/product\/yoast-seo-wordpress\/ -->\n<title>Wachau - WhyNotWein<\/title>\n<meta name=\"robots\" content=\"index, follow, max-snippet:-1, max-image-preview:large, max-video-preview:-1\" \/>\n<link rel=\"canonical\" href=\"https:\/\/whynotwein.eu\/fr\/regions-viticoles\/basse-autriche\/wachau\/\" \/>\n<meta property=\"og:locale\" content=\"fr_FR\" \/>\n<meta property=\"og:type\" content=\"article\" \/>\n<meta property=\"og:title\" content=\"Wachau - WhyNotWein\" \/>\n<meta property=\"og:description\" content=\"R\u00e9gion viticole de Wachau Patrimoine culturel mondial et paysage de bien-\u00eatre enchanteur &#8211; c&#8217;est la Wachau, l&#8217;\u00e9troite vall\u00e9e du Danube entre Melk et Krems. Sur 1350 hectares, en partie sur des terrasses abruptes, on trouve principalement du Gr\u00fcner Veltliner et du Riesling. Les cat\u00e9gories de vin &#8220;Steinfeder&#8221;, &#8220;Federspiel&#8221; et &#8220;Smaragd&#8221; symbolisent le caract\u00e8re naturel des [&hellip;]\" \/>\n<meta property=\"og:url\" content=\"https:\/\/whynotwein.eu\/fr\/regions-viticoles\/basse-autriche\/wachau\/\" \/>\n<meta property=\"og:site_name\" content=\"WhyNotWein\" \/>\n<meta property=\"article:modified_time\" content=\"2022-11-29T08:05:14+00:00\" \/>\n<meta property=\"og:image\" content=\"https:\/\/whynotwein.eu\/wp-content\/uploads\/2022\/11\/website-niederoesterreich-wappen-176x300.png\" \/>\n<meta name=\"twitter:card\" content=\"summary_large_image\" \/>\n<meta name=\"twitter:label1\" content=\"Dur\u00e9e de lecture estim\u00e9e\" \/>\n\t<meta name=\"twitter:data1\" content=\"2 minutes\" \/>\n<script type=\"application\/ld+json\" class=\"yoast-schema-graph\">{\"@context\":\"https:\\\/\\\/schema.org\",\"@graph\":[{\"@type\":\"WebPage\",\"@id\":\"https:\\\/\\\/whynotwein.eu\\\/fr\\\/regions-viticoles\\\/basse-autriche\\\/wachau\\\/\",\"url\":\"https:\\\/\\\/whynotwein.eu\\\/fr\\\/regions-viticoles\\\/basse-autriche\\\/wachau\\\/\",\"name\":\"Wachau - WhyNotWein\",\"isPartOf\":{\"@id\":\"https:\\\/\\\/whynotwein.eu\\\/fr\\\/#website\"},\"primaryImageOfPage\":{\"@id\":\"https:\\\/\\\/whynotwein.eu\\\/fr\\\/regions-viticoles\\\/basse-autriche\\\/wachau\\\/#primaryimage\"},\"image\":{\"@id\":\"https:\\\/\\\/whynotwein.eu\\\/fr\\\/regions-viticoles\\\/basse-autriche\\\/wachau\\\/#primaryimage\"},\"thumbnailUrl\":\"https:\\\/\\\/whynotwein.eu\\\/wp-content\\\/uploads\\\/2022\\\/11\\\/website-niederoesterreich-wappen-176x300.png\",\"datePublished\":\"2016-04-14T14:50:43+00:00\",\"dateModified\":\"2022-11-29T08:05:14+00:00\",\"breadcrumb\":{\"@id\":\"https:\\\/\\\/whynotwein.eu\\\/fr\\\/regions-viticoles\\\/basse-autriche\\\/wachau\\\/#breadcrumb\"},\"inLanguage\":\"fr-FR\",\"potentialAction\":[{\"@type\":\"ReadAction\",\"target\":[\"https:\\\/\\\/whynotwein.eu\\\/fr\\\/regions-viticoles\\\/basse-autriche\\\/wachau\\\/\"]}]},{\"@type\":\"ImageObject\",\"inLanguage\":\"fr-FR\",\"@id\":\"https:\\\/\\\/whynotwein.eu\\\/fr\\\/regions-viticoles\\\/basse-autriche\\\/wachau\\\/#primaryimage\",\"url\":\"https:\\\/\\\/whynotwein.eu\\\/wp-content\\\/uploads\\\/2022\\\/11\\\/website-niederoesterreich-wappen-176x300.png\",\"contentUrl\":\"https:\\\/\\\/whynotwein.eu\\\/wp-content\\\/uploads\\\/2022\\\/11\\\/website-niederoesterreich-wappen-176x300.png\"},{\"@type\":\"BreadcrumbList\",\"@id\":\"https:\\\/\\\/whynotwein.eu\\\/fr\\\/regions-viticoles\\\/basse-autriche\\\/wachau\\\/#breadcrumb\",\"itemListElement\":[{\"@type\":\"ListItem\",\"position\":1,\"name\":\"Home\",\"item\":\"https:\\\/\\\/whynotwein.eu\\\/fr\\\/\"},{\"@type\":\"ListItem\",\"position\":2,\"name\":\"R\u00e9gions viticoles\",\"item\":\"https:\\\/\\\/whynotwein.eu\\\/fr\\\/regions-viticoles\\\/\"},{\"@type\":\"ListItem\",\"position\":3,\"name\":\"Basse Autriche\",\"item\":\"https:\\\/\\\/whynotwein.eu\\\/fr\\\/regions-viticoles\\\/basse-autriche\\\/\"},{\"@type\":\"ListItem\",\"position\":4,\"name\":\"Wachau\"}]},{\"@type\":\"WebSite\",\"@id\":\"https:\\\/\\\/whynotwein.eu\\\/fr\\\/#website\",\"url\":\"https:\\\/\\\/whynotwein.eu\\\/fr\\\/\",\"name\":\"WhyNotWein\",\"description\":\"Austrian Wines in Belgium\",\"publisher\":{\"@id\":\"https:\\\/\\\/whynotwein.eu\\\/fr\\\/#organization\"},\"potentialAction\":[{\"@type\":\"SearchAction\",\"target\":{\"@type\":\"EntryPoint\",\"urlTemplate\":\"https:\\\/\\\/whynotwein.eu\\\/fr\\\/?s={search_term_string}\"},\"query-input\":{\"@type\":\"PropertyValueSpecification\",\"valueRequired\":true,\"valueName\":\"search_term_string\"}}],\"inLanguage\":\"fr-FR\"},{\"@type\":\"Organization\",\"@id\":\"https:\\\/\\\/whynotwein.eu\\\/fr\\\/#organization\",\"name\":\"WhyNotWein\",\"url\":\"https:\\\/\\\/whynotwein.eu\\\/fr\\\/\",\"logo\":{\"@type\":\"ImageObject\",\"inLanguage\":\"fr-FR\",\"@id\":\"https:\\\/\\\/whynotwein.eu\\\/fr\\\/#\\\/schema\\\/logo\\\/image\\\/\",\"url\":\"https:\\\/\\\/whynotwein.eu\\\/wp-content\\\/uploads\\\/2015\\\/12\\\/WhyNotWein_Logo_340.png\",\"contentUrl\":\"https:\\\/\\\/whynotwein.eu\\\/wp-content\\\/uploads\\\/2015\\\/12\\\/WhyNotWein_Logo_340.png\",\"width\":340,\"height\":156,\"caption\":\"WhyNotWein\"},\"image\":{\"@id\":\"https:\\\/\\\/whynotwein.eu\\\/fr\\\/#\\\/schema\\\/logo\\\/image\\\/\"}}]}<\/script>\n<!-- \/ Yoast SEO plugin. -->","yoast_head_json":{"title":"Wachau - WhyNotWein","robots":{"index":"index","follow":"follow","max-snippet":"max-snippet:-1","max-image-preview":"max-image-preview:large","max-video-preview":"max-video-preview:-1"},"canonical":"https:\/\/whynotwein.eu\/fr\/regions-viticoles\/basse-autriche\/wachau\/","og_locale":"fr_FR","og_type":"article","og_title":"Wachau - WhyNotWein","og_description":"R\u00e9gion viticole de Wachau Patrimoine culturel mondial et paysage de bien-\u00eatre enchanteur &#8211; c&#8217;est la Wachau, l&#8217;\u00e9troite vall\u00e9e du Danube entre Melk et Krems. Sur 1350 hectares, en partie sur des terrasses abruptes, on trouve principalement du Gr\u00fcner Veltliner et du Riesling. Les cat\u00e9gories de vin &#8220;Steinfeder&#8221;, &#8220;Federspiel&#8221; et &#8220;Smaragd&#8221; symbolisent le caract\u00e8re naturel des [&hellip;]","og_url":"https:\/\/whynotwein.eu\/fr\/regions-viticoles\/basse-autriche\/wachau\/","og_site_name":"WhyNotWein","article_modified_time":"2022-11-29T08:05:14+00:00","og_image":[{"url":"https:\/\/whynotwein.eu\/wp-content\/uploads\/2022\/11\/website-niederoesterreich-wappen-176x300.png","type":"","width":"","height":""}],"twitter_card":"summary_large_image","twitter_misc":{"Dur\u00e9e de lecture estim\u00e9e":"2 minutes"},"schema":{"@context":"https:\/\/schema.org","@graph":[{"@type":"WebPage","@id":"https:\/\/whynotwein.eu\/fr\/regions-viticoles\/basse-autriche\/wachau\/","url":"https:\/\/whynotwein.eu\/fr\/regions-viticoles\/basse-autriche\/wachau\/","name":"Wachau - WhyNotWein","isPartOf":{"@id":"https:\/\/whynotwein.eu\/fr\/#website"},"primaryImageOfPage":{"@id":"https:\/\/whynotwein.eu\/fr\/regions-viticoles\/basse-autriche\/wachau\/#primaryimage"},"image":{"@id":"https:\/\/whynotwein.eu\/fr\/regions-viticoles\/basse-autriche\/wachau\/#primaryimage"},"thumbnailUrl":"https:\/\/whynotwein.eu\/wp-content\/uploads\/2022\/11\/website-niederoesterreich-wappen-176x300.png","datePublished":"2016-04-14T14:50:43+00:00","dateModified":"2022-11-29T08:05:14+00:00","breadcrumb":{"@id":"https:\/\/whynotwein.eu\/fr\/regions-viticoles\/basse-autriche\/wachau\/#breadcrumb"},"inLanguage":"fr-FR","potentialAction":[{"@type":"ReadAction","target":["https:\/\/whynotwein.eu\/fr\/regions-viticoles\/basse-autriche\/wachau\/"]}]},{"@type":"ImageObject","inLanguage":"fr-FR","@id":"https:\/\/whynotwein.eu\/fr\/regions-viticoles\/basse-autriche\/wachau\/#primaryimage","url":"https:\/\/whynotwein.eu\/wp-content\/uploads\/2022\/11\/website-niederoesterreich-wappen-176x300.png","contentUrl":"https:\/\/whynotwein.eu\/wp-content\/uploads\/2022\/11\/website-niederoesterreich-wappen-176x300.png"},{"@type":"BreadcrumbList","@id":"https:\/\/whynotwein.eu\/fr\/regions-viticoles\/basse-autriche\/wachau\/#breadcrumb","itemListElement":[{"@type":"ListItem","position":1,"name":"Home","item":"https:\/\/whynotwein.eu\/fr\/"},{"@type":"ListItem","position":2,"name":"R\u00e9gions viticoles","item":"https:\/\/whynotwein.eu\/fr\/regions-viticoles\/"},{"@type":"ListItem","position":3,"name":"Basse Autriche","item":"https:\/\/whynotwein.eu\/fr\/regions-viticoles\/basse-autriche\/"},{"@type":"ListItem","position":4,"name":"Wachau"}]},{"@type":"WebSite","@id":"https:\/\/whynotwein.eu\/fr\/#website","url":"https:\/\/whynotwein.eu\/fr\/","name":"WhyNotWein","description":"Austrian Wines in Belgium","publisher":{"@id":"https:\/\/whynotwein.eu\/fr\/#organization"},"potentialAction":[{"@type":"SearchAction","target":{"@type":"EntryPoint","urlTemplate":"https:\/\/whynotwein.eu\/fr\/?s={search_term_string}"},"query-input":{"@type":"PropertyValueSpecification","valueRequired":true,"valueName":"search_term_string"}}],"inLanguage":"fr-FR"},{"@type":"Organization","@id":"https:\/\/whynotwein.eu\/fr\/#organization","name":"WhyNotWein","url":"https:\/\/whynotwein.eu\/fr\/","logo":{"@type":"ImageObject","inLanguage":"fr-FR","@id":"https:\/\/whynotwein.eu\/fr\/#\/schema\/logo\/image\/","url":"https:\/\/whynotwein.eu\/wp-content\/uploads\/2015\/12\/WhyNotWein_Logo_340.png","contentUrl":"https:\/\/whynotwein.eu\/wp-content\/uploads\/2015\/12\/WhyNotWein_Logo_340.png","width":340,"height":156,"caption":"WhyNotWein"},"image":{"@id":"https:\/\/whynotwein.eu\/fr\/#\/schema\/logo\/image\/"}}]}},"uagb_featured_image_src":{"full":false,"thumbnail":false,"medium":false,"medium_large":false,"large":false,"1536x1536":false,"2048x2048":false,"gform-image-choice-sm":false,"gform-image-choice-md":false,"gform-image-choice-lg":false,"woocommerce_thumbnail":false,"woocommerce_single":false,"woocommerce_gallery_thumbnail":false},"uagb_author_info":{"display_name":"Ren\u00e9 Clausen","author_link":"https:\/\/whynotwein.eu\/fr\/author\/rene\/"},"uagb_comment_info":0,"uagb_excerpt":"R\u00e9gion viticole de Wachau Patrimoine culturel mondial et paysage de bien-\u00eatre enchanteur &#8211; c&#8217;est la Wachau, l&#8217;\u00e9troite vall\u00e9e du Danube entre Melk et Krems. Sur 1350 hectares, en partie sur des terrasses abruptes, on trouve principalement du Gr\u00fcner Veltliner et du Riesling. Les cat\u00e9gories de vin &#8220;Steinfeder&#8221;, &#8220;Federspiel&#8221; et &#8220;Smaragd&#8221; symbolisent le caract\u00e8re naturel des&hellip;","_links":{"self":[{"href":"https:\/\/whynotwein.eu\/fr\/wp-json\/wp\/v2\/pages\/11970","targetHints":{"allow":["GET"]}}],"collection":[{"href":"https:\/\/whynotwein.eu\/fr\/wp-json\/wp\/v2\/pages"}],"about":[{"href":"https:\/\/whynotwein.eu\/fr\/wp-json\/wp\/v2\/types\/page"}],"author":[{"embeddable":true,"href":"https:\/\/whynotwein.eu\/fr\/wp-json\/wp\/v2\/users\/2345"}],"replies":[{"embeddable":true,"href":"https:\/\/whynotwein.eu\/fr\/wp-json\/wp\/v2\/comments?post=11970"}],"version-history":[{"count":5,"href":"https:\/\/whynotwein.eu\/fr\/wp-json\/wp\/v2\/pages\/11970\/revisions"}],"predecessor-version":[{"id":27102,"href":"https:\/\/whynotwein.eu\/fr\/wp-json\/wp\/v2\/pages\/11970\/revisions\/27102"}],"up":[{"embeddable":true,"href":"https:\/\/whynotwein.eu\/fr\/wp-json\/wp\/v2\/pages\/11919"}],"wp:attachment":[{"href":"https:\/\/whynotwein.eu\/fr\/wp-json\/wp\/v2\/media?parent=11970"}],"curies":[{"name":"wp","href":"https:\/\/api.w.org\/{rel}","templated":true}]}}