{"id":12048,"date":"2016-04-14T16:08:39","date_gmt":"2016-04-14T14:08:39","guid":{"rendered":"http:\/\/whynotwein.eu\/fr\/weinregionen\/niederoesterreich\/kremstal\/"},"modified":"2022-11-28T15:05:02","modified_gmt":"2022-11-28T14:05:02","slug":"kremstal","status":"publish","type":"page","link":"https:\/\/whynotwein.eu\/fr\/regions-viticoles\/basse-autriche\/kremstal\/","title":{"rendered":"Kremstal"},"content":{"rendered":"\n<div class=\"wp-block-uagb-container uagb-block-274d4263 alignfull uagb-is-root-container\"><div class=\"uagb-container-inner-blocks-wrap\">\n<div class=\"wp-block-uagb-container uagb-block-b1f96653 alignfull uagb-is-root-container\"><div class=\"uagb-container-inner-blocks-wrap\">\n<div class=\"wp-block-uagb-image uagb-block-2e100e67 wp-block-uagb-image--layout-default wp-block-uagb-image--effect-static wp-block-uagb-image--align-center\"><figure class=\"wp-block-uagb-image__figure\"><a class=\"\" href=\"https:\/\/pswp.fra1.digitaloceanspaces.com\/w\/20250922165934\/website-steiermark-wappen.jpeg\" target=\"\" rel=\"noopener\"><img decoding=\"async\" srcset=\"https:\/\/pswp.fra1.digitaloceanspaces.com\/w\/20250922165937\/website-niederoesterreich-wappen-176x300.png \" src=\"https:\/\/pswp.fra1.digitaloceanspaces.com\/w\/20250922165937\/website-niederoesterreich-wappen-176x300.png\" alt=\"\" class=\"uag-image-26454\" width=\"176\" height=\"300\" title=\"\"\/><\/a><\/figure><\/div>\n\n\n\n<div class=\"wp-block-uagb-icon-list uagb-block-b920e59f\"><div class=\"uagb-icon-list__wrap\">\n<div class=\"wp-block-uagb-icon-list-child uagb-block-ee133d50\"><span class=\"uagb-icon-list__source-wrap\"><svg xmlns=\"https:\/\/www.w3.org\/2000\/svg\" viewbox=\"0 0 512 512\"><path d=\"M256 0C114.6 0 0 114.6 0 256c0 141.4 114.6 256 256 256s256-114.6 256-256C512 114.6 397.4 0 256 0zM406.6 278.6l-103.1 103.1c-12.5 12.5-32.75 12.5-45.25 0s-12.5-32.75 0-45.25L306.8 288H128C110.3 288 96 273.7 96 256s14.31-32 32-32h178.8l-49.38-49.38c-12.5-12.5-12.5-32.75 0-45.25s32.75-12.5 45.25 0l103.1 103.1C414.6 241.3 416 251.1 416 256C416 260.9 414.6 270.7 406.6 278.6z\"><\/path><\/svg><\/span><span class=\"uagb-icon-list__label\">Influences fra\u00eeches et humides en provenance du Waldviertel tout proche<\/span><\/div>\n\n\n\n<div class=\"wp-block-uagb-icon-list-child uagb-block-283d145a\"><span class=\"uagb-icon-list__source-wrap\"><svg xmlns=\"https:\/\/www.w3.org\/2000\/svg\" viewbox=\"0 0 512 512\"><path d=\"M256 0C114.6 0 0 114.6 0 256c0 141.4 114.6 256 256 256s256-114.6 256-256C512 114.6 397.4 0 256 0zM406.6 278.6l-103.1 103.1c-12.5 12.5-32.75 12.5-45.25 0s-12.5-32.75 0-45.25L306.8 288H128C110.3 288 96 273.7 96 256s14.31-32 32-32h178.8l-49.38-49.38c-12.5-12.5-12.5-32.75 0-45.25s32.75-12.5 45.25 0l103.1 103.1C414.6 241.3 416 251.1 416 256C416 260.9 414.6 270.7 406.6 278.6z\"><\/path><\/svg><\/span><span class=\"uagb-icon-list__label\">Terrasses du Soluble<\/span><\/div>\n\n\n\n<div class=\"wp-block-uagb-icon-list-child uagb-block-25826df2\"><span class=\"uagb-icon-list__source-wrap\"><svg xmlns=\"https:\/\/www.w3.org\/2000\/svg\" viewbox=\"0 0 512 512\"><path d=\"M256 0C114.6 0 0 114.6 0 256c0 141.4 114.6 256 256 256s256-114.6 256-256C512 114.6 397.4 0 256 0zM406.6 278.6l-103.1 103.1c-12.5 12.5-32.75 12.5-45.25 0s-12.5-32.75 0-45.25L306.8 288H128C110.3 288 96 273.7 96 256s14.31-32 32-32h178.8l-49.38-49.38c-12.5-12.5-12.5-32.75 0-45.25s32.75-12.5 45.25 0l103.1 103.1C414.6 241.3 416 251.1 416 256C416 260.9 414.6 270.7 406.6 278.6z\"><\/path><\/svg><\/span><span class=\"uagb-icon-list__label\">Pinot blanc et vins rouges \u00e9l\u00e9gants et expressifs<\/span><\/div>\n<\/div><\/div>\n<\/div><\/div>\n\n\n\n<div class=\"wp-block-uagb-container uagb-block-1c60a63b alignfull uagb-is-root-container\"><div class=\"uagb-container-inner-blocks-wrap\">\n<h3 class=\"wp-block-heading\">R\u00e9gion viticole du Kremstal<\/h3>\n\n\n\n<p>Si les vignobles pouvaient parler, des discussions passionnantes seraient au programme dans le Kremstal. En effet, les 2.243 hectares de vignes sont r\u00e9partis sur diff\u00e9rentes zones : les pittoresques villes jumelles de Krems et Stein, les r\u00e9gions situ\u00e9es plus \u00e0 l&#8217;est et les petits villages viticoles au sud du Danube autour de Stift G\u00f6ttweig. Les \u00e9l\u00e9ments qui les relient sont le Gr\u00fcner Veltliner et le Riesling en tant que repr\u00e9sentants de la r\u00e9gion &#8211; depuis le mill\u00e9sime 2007 sous l&#8217;appellation &#8220;Kremstal DAC&#8221; &#8211; et le message de l&#8217;art et de la culture. Dans l&#8217;ancienne ville de culture (viticole) de Krems, la r\u00e9f\u00e9rence au vin est partout perceptible. Elle est depuis longtemps \u00e0 la hauteur de sa position de vecteur d&#8217;image de la culture viticole autrichienne : d&#8217;un point de vue historique, avec d&#8217;anciennes fermes de vendanges et des t\u00e9moignages de la grande tradition viticole, et d&#8217;un point de vue actuel, avec de jeunes viticulteurs prosp\u00e8res ainsi qu&#8217;une coop\u00e9rative innovante et une \u00e9cole de viticulture moderne. G\u00e9ologiquement apparent\u00e9 \u00e0 la Wachau voisine \u00e0 l&#8217;ouest, le territoire de la ville et ses environs imm\u00e9diats sont domin\u00e9s par des sols d&#8217;alt\u00e9ration de roches primitives, dont les c\u00e9l\u00e8bres vignobles Steiner Pfaffenberg ou Steiner Hund, au type de vin \u00e9l\u00e9gant et min\u00e9ral, sont des exemples.<\/p>\n\n\n\n<p>Des vins tr\u00e8s originaux proviennent \u00e9galement de Senftenberg et des petits villages viticoles environnants, qui s&#8217;\u00e9tendent le long de la petite rivi\u00e8re Krems qui donne son nom \u00e0 la r\u00e9gion. Les vignobles situ\u00e9s \u00e0 l&#8217;est de la ville sont d&#8217;une toute autre nature et produisent des vins plus ronds et plus pleins. Les immenses terrasses de vignes dans les villages viticoles de Rohrendorf &#8211; o\u00f9 se trouvait le berceau du pionnier de la viticulture, le professeur Dr. h. c. Lenz Moser, connu bien au-del\u00e0 des fronti\u00e8res &#8211; et de Gedersdorf conf\u00e8rent au paysage un charme tout particulier. Au sud du Danube se trouvent Furth-Palt, Krustetten, H\u00f6benbach, Hollenburg, Oberfucha et Tiefenfucha, domin\u00e9s par l&#8217;abbaye de G\u00f6ttweig, visible de loin, avec son monast\u00e8re b\u00e9n\u00e9dictin fond\u00e9 en 1072. Dans cette partie de la r\u00e9gion viticole, de nombreuses petites tavernes contribuent \u00e9galement \u00e0 pr\u00e9server le caract\u00e8re ancestral et authentique de la r\u00e9gion. Comme dans les r\u00e9gions viticoles voisines de Wachau et de Kamptal, le climat de la vall\u00e9e de Krems est tr\u00e8s contrast\u00e9 : les influences fra\u00eeches et humides du Waldviertel tout proche rencontrent les influences chaudes et s\u00e8ches de la plaine pannonique \u00e0 l&#8217;est. La vall\u00e9e encaiss\u00e9e du Danube est particuli\u00e8rement favoris\u00e9e par l&#8217;effet de r\u00e9gulation de la temp\u00e9rature de la grande surface d&#8217;eau. Des vins blancs juteux et pleins de finesse, surtout le Gr\u00fcner Veltliner et le Riesling, mais aussi, dans une moindre mesure, des vins rouges denses et expressifs, caract\u00e9risent cette r\u00e9gion dont les viticulteurs se distinguent par leur grande conscience des terroirs &#8211; comme une possibilit\u00e9 de r\u00e9aliser la diversit\u00e9 \u00e0 petite \u00e9chelle.<\/p>\n<\/div><\/div>\n<\/div><\/div>\n\n<figure class=\"wp-block-gallery has-nested-images columns-default is-cropped wp-block-gallery-1 is-layout-flex wp-block-gallery-is-layout-flex\">\n<figure class=\"wp-block-image size-large\"><a href=\"https:\/\/pswp.fra1.digitaloceanspaces.com\/w\/20250922165926\/website-kremstal2.jpeg\"><img decoding=\"async\" width=\"1030\" height=\"773\" data-id=\"26833\" src=\"https:\/\/pswp.fra1.digitaloceanspaces.com\/w\/20250922165926\/website-kremstal2-1030x773.jpeg\" alt=\"\" class=\"wp-image-26833\" srcset=\"https:\/\/pswp.fra1.digitaloceanspaces.com\/w\/20250922165926\/website-kremstal2-1030x773.jpeg 1030w, https:\/\/pswp.fra1.digitaloceanspaces.com\/w\/20250922165926\/website-kremstal2-300x225.jpeg 300w, https:\/\/pswp.fra1.digitaloceanspaces.com\/w\/20250922165926\/website-kremstal2-768x576.jpeg 768w, https:\/\/pswp.fra1.digitaloceanspaces.com\/w\/20250922165926\/website-kremstal2-450x338.jpeg 450w, https:\/\/pswp.fra1.digitaloceanspaces.com\/w\/20250922165926\/website-kremstal2.jpeg 1200w\" sizes=\"(max-width: 1030px) 100vw, 1030px\" \/><\/a><\/figure>\n\n\n\n<figure class=\"wp-block-image size-large\"><a href=\"https:\/\/pswp.fra1.digitaloceanspaces.com\/w\/20250922165925\/website-kremstal1-1-scaled.jpeg\"><img decoding=\"async\" width=\"1030\" height=\"443\" data-id=\"26837\" src=\"https:\/\/pswp.fra1.digitaloceanspaces.com\/w\/20250922165925\/website-kremstal1-1-1030x443.jpeg\" alt=\"\" class=\"wp-image-26837\" srcset=\"https:\/\/pswp.fra1.digitaloceanspaces.com\/w\/20250922165925\/website-kremstal1-1-1030x443.jpeg 1030w, https:\/\/pswp.fra1.digitaloceanspaces.com\/w\/20250922165925\/website-kremstal1-1-300x129.jpeg 300w, https:\/\/pswp.fra1.digitaloceanspaces.com\/w\/20250922165925\/website-kremstal1-1-768x331.jpeg 768w, https:\/\/pswp.fra1.digitaloceanspaces.com\/w\/20250922165925\/website-kremstal1-1-1536x661.jpeg 1536w, https:\/\/pswp.fra1.digitaloceanspaces.com\/w\/20250922165925\/website-kremstal1-1-2048x882.jpeg 2048w, https:\/\/pswp.fra1.digitaloceanspaces.com\/w\/20250922165925\/website-kremstal1-1-450x194.jpeg 450w\" sizes=\"(max-width: 1030px) 100vw, 1030px\" \/><\/a><\/figure>\n\n\n\n<figure class=\"wp-block-image size-large\"><a href=\"https:\/\/pswp.fra1.digitaloceanspaces.com\/w\/20250922165927\/website-kremstal.jpeg\"><img decoding=\"async\" width=\"1030\" height=\"508\" data-id=\"26825\" src=\"https:\/\/pswp.fra1.digitaloceanspaces.com\/w\/20250922165927\/website-kremstal-1030x508.jpeg\" alt=\"\" class=\"wp-image-26825\" srcset=\"https:\/\/pswp.fra1.digitaloceanspaces.com\/w\/20250922165927\/website-kremstal-1030x508.jpeg 1030w, https:\/\/pswp.fra1.digitaloceanspaces.com\/w\/20250922165927\/website-kremstal-300x148.jpeg 300w, https:\/\/pswp.fra1.digitaloceanspaces.com\/w\/20250922165927\/website-kremstal-768x379.jpeg 768w, https:\/\/pswp.fra1.digitaloceanspaces.com\/w\/20250922165927\/website-kremstal-1536x757.jpeg 1536w, https:\/\/pswp.fra1.digitaloceanspaces.com\/w\/20250922165927\/website-kremstal-450x222.jpeg 450w, https:\/\/pswp.fra1.digitaloceanspaces.com\/w\/20250922165927\/website-kremstal.jpeg 2000w\" sizes=\"(max-width: 1030px) 100vw, 1030px\" \/><\/a><\/figure>\n<\/figure>\n","protected":false},"excerpt":{"rendered":"<p>R\u00e9gion viticole du Kremstal Si les vignobles pouvaient parler, des discussions passionnantes seraient au programme dans le Kremstal. En effet, les 2.243 hectares de vignes sont r\u00e9partis sur diff\u00e9rentes zones : les pittoresques villes jumelles de Krems et Stein, les r\u00e9gions situ\u00e9es plus \u00e0 l&#8217;est et les petits villages viticoles au sud du Danube autour [&hellip;]<\/p>\n","protected":false},"author":2345,"featured_media":0,"parent":11919,"menu_order":0,"comment_status":"closed","ping_status":"closed","template":"","meta":{"_eb_attr":"","_uag_custom_page_level_css":"","site-sidebar-layout":"default","site-content-layout":"","ast-site-content-layout":"default","site-content-style":"default","site-sidebar-style":"default","ast-global-header-display":"","ast-banner-title-visibility":"","ast-main-header-display":"","ast-hfb-above-header-display":"","ast-hfb-below-header-display":"","ast-hfb-mobile-header-display":"","site-post-title":"","ast-breadcrumbs-content":"","ast-featured-img":"","footer-sml-layout":"","ast-disable-related-posts":"","theme-transparent-header-meta":"","adv-header-id-meta":"","stick-header-meta":"","header-above-stick-meta":"","header-main-stick-meta":"","header-below-stick-meta":"","astra-migrate-meta-layouts":"default","ast-page-background-enabled":"default","ast-page-background-meta":{"desktop":{"background-color":"var(--ast-global-color-4)","background-image":"","background-repeat":"repeat","background-position":"center center","background-size":"auto","background-attachment":"scroll","background-type":"","background-media":"","overlay-type":"","overlay-color":"","overlay-opacity":"","overlay-gradient":""},"tablet":{"background-color":"","background-image":"","background-repeat":"repeat","background-position":"center center","background-size":"auto","background-attachment":"scroll","background-type":"","background-media":"","overlay-type":"","overlay-color":"","overlay-opacity":"","overlay-gradient":""},"mobile":{"background-color":"","background-image":"","background-repeat":"repeat","background-position":"center center","background-size":"auto","background-attachment":"scroll","background-type":"","background-media":"","overlay-type":"","overlay-color":"","overlay-opacity":"","overlay-gradient":""}},"ast-content-background-meta":{"desktop":{"background-color":"var(--ast-global-color-5)","background-image":"","background-repeat":"repeat","background-position":"center center","background-size":"auto","background-attachment":"scroll","background-type":"","background-media":"","overlay-type":"","overlay-color":"","overlay-opacity":"","overlay-gradient":""},"tablet":{"background-color":"var(--ast-global-color-5)","background-image":"","background-repeat":"repeat","background-position":"center center","background-size":"auto","background-attachment":"scroll","background-type":"","background-media":"","overlay-type":"","overlay-color":"","overlay-opacity":"","overlay-gradient":""},"mobile":{"background-color":"var(--ast-global-color-5)","background-image":"","background-repeat":"repeat","background-position":"center center","background-size":"auto","background-attachment":"scroll","background-type":"","background-media":"","overlay-type":"","overlay-color":"","overlay-opacity":"","overlay-gradient":""}},"footnotes":""},"class_list":["post-12048","page","type-page","status-publish","hentry"],"yoast_head":"<!-- This site is optimized with the Yoast SEO plugin v27.3 - https:\/\/yoast.com\/product\/yoast-seo-wordpress\/ -->\n<title>Kremstal - WhyNotWein<\/title>\n<meta name=\"robots\" content=\"index, follow, max-snippet:-1, max-image-preview:large, max-video-preview:-1\" \/>\n<link rel=\"canonical\" href=\"https:\/\/whynotwein.eu\/fr\/regions-viticoles\/basse-autriche\/kremstal\/\" \/>\n<meta property=\"og:locale\" content=\"fr_FR\" \/>\n<meta property=\"og:type\" content=\"article\" \/>\n<meta property=\"og:title\" content=\"Kremstal - WhyNotWein\" \/>\n<meta property=\"og:description\" content=\"R\u00e9gion viticole du Kremstal Si les vignobles pouvaient parler, des discussions passionnantes seraient au programme dans le Kremstal. En effet, les 2.243 hectares de vignes sont r\u00e9partis sur diff\u00e9rentes zones : les pittoresques villes jumelles de Krems et Stein, les r\u00e9gions situ\u00e9es plus \u00e0 l&#8217;est et les petits villages viticoles au sud du Danube autour [&hellip;]\" \/>\n<meta property=\"og:url\" content=\"https:\/\/whynotwein.eu\/fr\/regions-viticoles\/basse-autriche\/kremstal\/\" \/>\n<meta property=\"og:site_name\" content=\"WhyNotWein\" \/>\n<meta property=\"article:modified_time\" content=\"2022-11-28T14:05:02+00:00\" \/>\n<meta property=\"og:image\" content=\"https:\/\/whynotwein.eu\/wp-content\/uploads\/2022\/11\/website-niederoesterreich-wappen-176x300.png\" \/>\n<meta name=\"twitter:card\" content=\"summary_large_image\" \/>\n<meta name=\"twitter:label1\" content=\"Dur\u00e9e de lecture estim\u00e9e\" \/>\n\t<meta name=\"twitter:data1\" content=\"3 minutes\" \/>\n<script type=\"application\/ld+json\" class=\"yoast-schema-graph\">{\"@context\":\"https:\\\/\\\/schema.org\",\"@graph\":[{\"@type\":\"WebPage\",\"@id\":\"https:\\\/\\\/whynotwein.eu\\\/fr\\\/regions-viticoles\\\/basse-autriche\\\/kremstal\\\/\",\"url\":\"https:\\\/\\\/whynotwein.eu\\\/fr\\\/regions-viticoles\\\/basse-autriche\\\/kremstal\\\/\",\"name\":\"Kremstal - WhyNotWein\",\"isPartOf\":{\"@id\":\"https:\\\/\\\/whynotwein.eu\\\/fr\\\/#website\"},\"primaryImageOfPage\":{\"@id\":\"https:\\\/\\\/whynotwein.eu\\\/fr\\\/regions-viticoles\\\/basse-autriche\\\/kremstal\\\/#primaryimage\"},\"image\":{\"@id\":\"https:\\\/\\\/whynotwein.eu\\\/fr\\\/regions-viticoles\\\/basse-autriche\\\/kremstal\\\/#primaryimage\"},\"thumbnailUrl\":\"https:\\\/\\\/whynotwein.eu\\\/wp-content\\\/uploads\\\/2022\\\/11\\\/website-niederoesterreich-wappen-176x300.png\",\"datePublished\":\"2016-04-14T14:08:39+00:00\",\"dateModified\":\"2022-11-28T14:05:02+00:00\",\"breadcrumb\":{\"@id\":\"https:\\\/\\\/whynotwein.eu\\\/fr\\\/regions-viticoles\\\/basse-autriche\\\/kremstal\\\/#breadcrumb\"},\"inLanguage\":\"fr-FR\",\"potentialAction\":[{\"@type\":\"ReadAction\",\"target\":[\"https:\\\/\\\/whynotwein.eu\\\/fr\\\/regions-viticoles\\\/basse-autriche\\\/kremstal\\\/\"]}]},{\"@type\":\"ImageObject\",\"inLanguage\":\"fr-FR\",\"@id\":\"https:\\\/\\\/whynotwein.eu\\\/fr\\\/regions-viticoles\\\/basse-autriche\\\/kremstal\\\/#primaryimage\",\"url\":\"https:\\\/\\\/whynotwein.eu\\\/wp-content\\\/uploads\\\/2022\\\/11\\\/website-niederoesterreich-wappen-176x300.png\",\"contentUrl\":\"https:\\\/\\\/whynotwein.eu\\\/wp-content\\\/uploads\\\/2022\\\/11\\\/website-niederoesterreich-wappen-176x300.png\"},{\"@type\":\"BreadcrumbList\",\"@id\":\"https:\\\/\\\/whynotwein.eu\\\/fr\\\/regions-viticoles\\\/basse-autriche\\\/kremstal\\\/#breadcrumb\",\"itemListElement\":[{\"@type\":\"ListItem\",\"position\":1,\"name\":\"Home\",\"item\":\"https:\\\/\\\/whynotwein.eu\\\/fr\\\/\"},{\"@type\":\"ListItem\",\"position\":2,\"name\":\"R\u00e9gions viticoles\",\"item\":\"https:\\\/\\\/whynotwein.eu\\\/fr\\\/regions-viticoles\\\/\"},{\"@type\":\"ListItem\",\"position\":3,\"name\":\"Basse Autriche\",\"item\":\"https:\\\/\\\/whynotwein.eu\\\/fr\\\/regions-viticoles\\\/basse-autriche\\\/\"},{\"@type\":\"ListItem\",\"position\":4,\"name\":\"Kremstal\"}]},{\"@type\":\"WebSite\",\"@id\":\"https:\\\/\\\/whynotwein.eu\\\/fr\\\/#website\",\"url\":\"https:\\\/\\\/whynotwein.eu\\\/fr\\\/\",\"name\":\"WhyNotWein\",\"description\":\"Austrian Wines in Belgium\",\"publisher\":{\"@id\":\"https:\\\/\\\/whynotwein.eu\\\/fr\\\/#organization\"},\"potentialAction\":[{\"@type\":\"SearchAction\",\"target\":{\"@type\":\"EntryPoint\",\"urlTemplate\":\"https:\\\/\\\/whynotwein.eu\\\/fr\\\/?s={search_term_string}\"},\"query-input\":{\"@type\":\"PropertyValueSpecification\",\"valueRequired\":true,\"valueName\":\"search_term_string\"}}],\"inLanguage\":\"fr-FR\"},{\"@type\":\"Organization\",\"@id\":\"https:\\\/\\\/whynotwein.eu\\\/fr\\\/#organization\",\"name\":\"WhyNotWein\",\"url\":\"https:\\\/\\\/whynotwein.eu\\\/fr\\\/\",\"logo\":{\"@type\":\"ImageObject\",\"inLanguage\":\"fr-FR\",\"@id\":\"https:\\\/\\\/whynotwein.eu\\\/fr\\\/#\\\/schema\\\/logo\\\/image\\\/\",\"url\":\"https:\\\/\\\/whynotwein.eu\\\/wp-content\\\/uploads\\\/2015\\\/12\\\/WhyNotWein_Logo_340.png\",\"contentUrl\":\"https:\\\/\\\/whynotwein.eu\\\/wp-content\\\/uploads\\\/2015\\\/12\\\/WhyNotWein_Logo_340.png\",\"width\":340,\"height\":156,\"caption\":\"WhyNotWein\"},\"image\":{\"@id\":\"https:\\\/\\\/whynotwein.eu\\\/fr\\\/#\\\/schema\\\/logo\\\/image\\\/\"}}]}<\/script>\n<!-- \/ Yoast SEO plugin. -->","yoast_head_json":{"title":"Kremstal - WhyNotWein","robots":{"index":"index","follow":"follow","max-snippet":"max-snippet:-1","max-image-preview":"max-image-preview:large","max-video-preview":"max-video-preview:-1"},"canonical":"https:\/\/whynotwein.eu\/fr\/regions-viticoles\/basse-autriche\/kremstal\/","og_locale":"fr_FR","og_type":"article","og_title":"Kremstal - WhyNotWein","og_description":"R\u00e9gion viticole du Kremstal Si les vignobles pouvaient parler, des discussions passionnantes seraient au programme dans le Kremstal. En effet, les 2.243 hectares de vignes sont r\u00e9partis sur diff\u00e9rentes zones : les pittoresques villes jumelles de Krems et Stein, les r\u00e9gions situ\u00e9es plus \u00e0 l&#8217;est et les petits villages viticoles au sud du Danube autour [&hellip;]","og_url":"https:\/\/whynotwein.eu\/fr\/regions-viticoles\/basse-autriche\/kremstal\/","og_site_name":"WhyNotWein","article_modified_time":"2022-11-28T14:05:02+00:00","og_image":[{"url":"https:\/\/whynotwein.eu\/wp-content\/uploads\/2022\/11\/website-niederoesterreich-wappen-176x300.png","type":"","width":"","height":""}],"twitter_card":"summary_large_image","twitter_misc":{"Dur\u00e9e de lecture estim\u00e9e":"3 minutes"},"schema":{"@context":"https:\/\/schema.org","@graph":[{"@type":"WebPage","@id":"https:\/\/whynotwein.eu\/fr\/regions-viticoles\/basse-autriche\/kremstal\/","url":"https:\/\/whynotwein.eu\/fr\/regions-viticoles\/basse-autriche\/kremstal\/","name":"Kremstal - WhyNotWein","isPartOf":{"@id":"https:\/\/whynotwein.eu\/fr\/#website"},"primaryImageOfPage":{"@id":"https:\/\/whynotwein.eu\/fr\/regions-viticoles\/basse-autriche\/kremstal\/#primaryimage"},"image":{"@id":"https:\/\/whynotwein.eu\/fr\/regions-viticoles\/basse-autriche\/kremstal\/#primaryimage"},"thumbnailUrl":"https:\/\/whynotwein.eu\/wp-content\/uploads\/2022\/11\/website-niederoesterreich-wappen-176x300.png","datePublished":"2016-04-14T14:08:39+00:00","dateModified":"2022-11-28T14:05:02+00:00","breadcrumb":{"@id":"https:\/\/whynotwein.eu\/fr\/regions-viticoles\/basse-autriche\/kremstal\/#breadcrumb"},"inLanguage":"fr-FR","potentialAction":[{"@type":"ReadAction","target":["https:\/\/whynotwein.eu\/fr\/regions-viticoles\/basse-autriche\/kremstal\/"]}]},{"@type":"ImageObject","inLanguage":"fr-FR","@id":"https:\/\/whynotwein.eu\/fr\/regions-viticoles\/basse-autriche\/kremstal\/#primaryimage","url":"https:\/\/whynotwein.eu\/wp-content\/uploads\/2022\/11\/website-niederoesterreich-wappen-176x300.png","contentUrl":"https:\/\/whynotwein.eu\/wp-content\/uploads\/2022\/11\/website-niederoesterreich-wappen-176x300.png"},{"@type":"BreadcrumbList","@id":"https:\/\/whynotwein.eu\/fr\/regions-viticoles\/basse-autriche\/kremstal\/#breadcrumb","itemListElement":[{"@type":"ListItem","position":1,"name":"Home","item":"https:\/\/whynotwein.eu\/fr\/"},{"@type":"ListItem","position":2,"name":"R\u00e9gions viticoles","item":"https:\/\/whynotwein.eu\/fr\/regions-viticoles\/"},{"@type":"ListItem","position":3,"name":"Basse Autriche","item":"https:\/\/whynotwein.eu\/fr\/regions-viticoles\/basse-autriche\/"},{"@type":"ListItem","position":4,"name":"Kremstal"}]},{"@type":"WebSite","@id":"https:\/\/whynotwein.eu\/fr\/#website","url":"https:\/\/whynotwein.eu\/fr\/","name":"WhyNotWein","description":"Austrian Wines in Belgium","publisher":{"@id":"https:\/\/whynotwein.eu\/fr\/#organization"},"potentialAction":[{"@type":"SearchAction","target":{"@type":"EntryPoint","urlTemplate":"https:\/\/whynotwein.eu\/fr\/?s={search_term_string}"},"query-input":{"@type":"PropertyValueSpecification","valueRequired":true,"valueName":"search_term_string"}}],"inLanguage":"fr-FR"},{"@type":"Organization","@id":"https:\/\/whynotwein.eu\/fr\/#organization","name":"WhyNotWein","url":"https:\/\/whynotwein.eu\/fr\/","logo":{"@type":"ImageObject","inLanguage":"fr-FR","@id":"https:\/\/whynotwein.eu\/fr\/#\/schema\/logo\/image\/","url":"https:\/\/whynotwein.eu\/wp-content\/uploads\/2015\/12\/WhyNotWein_Logo_340.png","contentUrl":"https:\/\/whynotwein.eu\/wp-content\/uploads\/2015\/12\/WhyNotWein_Logo_340.png","width":340,"height":156,"caption":"WhyNotWein"},"image":{"@id":"https:\/\/whynotwein.eu\/fr\/#\/schema\/logo\/image\/"}}]}},"uagb_featured_image_src":{"full":false,"thumbnail":false,"medium":false,"medium_large":false,"large":false,"1536x1536":false,"2048x2048":false,"gform-image-choice-sm":false,"gform-image-choice-md":false,"gform-image-choice-lg":false,"woocommerce_thumbnail":false,"woocommerce_single":false,"woocommerce_gallery_thumbnail":false},"uagb_author_info":{"display_name":"Ren\u00e9 Clausen","author_link":"https:\/\/whynotwein.eu\/fr\/author\/rene\/"},"uagb_comment_info":0,"uagb_excerpt":"R\u00e9gion viticole du Kremstal Si les vignobles pouvaient parler, des discussions passionnantes seraient au programme dans le Kremstal. En effet, les 2.243 hectares de vignes sont r\u00e9partis sur diff\u00e9rentes zones : les pittoresques villes jumelles de Krems et Stein, les r\u00e9gions situ\u00e9es plus \u00e0 l&#8217;est et les petits villages viticoles au sud du Danube autour&hellip;","_links":{"self":[{"href":"https:\/\/whynotwein.eu\/fr\/wp-json\/wp\/v2\/pages\/12048","targetHints":{"allow":["GET"]}}],"collection":[{"href":"https:\/\/whynotwein.eu\/fr\/wp-json\/wp\/v2\/pages"}],"about":[{"href":"https:\/\/whynotwein.eu\/fr\/wp-json\/wp\/v2\/types\/page"}],"author":[{"embeddable":true,"href":"https:\/\/whynotwein.eu\/fr\/wp-json\/wp\/v2\/users\/2345"}],"replies":[{"embeddable":true,"href":"https:\/\/whynotwein.eu\/fr\/wp-json\/wp\/v2\/comments?post=12048"}],"version-history":[{"count":7,"href":"https:\/\/whynotwein.eu\/fr\/wp-json\/wp\/v2\/pages\/12048\/revisions"}],"predecessor-version":[{"id":27071,"href":"https:\/\/whynotwein.eu\/fr\/wp-json\/wp\/v2\/pages\/12048\/revisions\/27071"}],"up":[{"embeddable":true,"href":"https:\/\/whynotwein.eu\/fr\/wp-json\/wp\/v2\/pages\/11919"}],"wp:attachment":[{"href":"https:\/\/whynotwein.eu\/fr\/wp-json\/wp\/v2\/media?parent=12048"}],"curies":[{"name":"wp","href":"https:\/\/api.w.org\/{rel}","templated":true}]}}