{"id":12059,"date":"2016-04-13T17:40:58","date_gmt":"2016-04-13T15:40:58","guid":{"rendered":"http:\/\/whynotwein.eu\/fr\/weinregionen\/niederoesterreich\/traisental\/"},"modified":"2022-11-28T17:51:18","modified_gmt":"2022-11-28T16:51:18","slug":"traisental","status":"publish","type":"page","link":"https:\/\/whynotwein.eu\/fr\/regions-viticoles\/basse-autriche\/traisental\/","title":{"rendered":"Traisental"},"content":{"rendered":"\n<div class=\"wp-block-uagb-container uagb-block-0a47863e alignfull uagb-is-root-container\"><div class=\"uagb-container-inner-blocks-wrap\">\n<div class=\"wp-block-uagb-container uagb-block-1eafb91b alignfull uagb-is-root-container\"><div class=\"uagb-container-inner-blocks-wrap\">\n<div class=\"wp-block-uagb-image uagb-block-0b7d06c7 wp-block-uagb-image--layout-default wp-block-uagb-image--effect-static wp-block-uagb-image--align-center\"><figure class=\"wp-block-uagb-image__figure\"><a class=\"\" href=\"https:\/\/pswp.fra1.digitaloceanspaces.com\/w\/20250922165934\/website-steiermark-wappen.jpeg\" target=\"\" rel=\"noopener\"><img decoding=\"async\" srcset=\"https:\/\/pswp.fra1.digitaloceanspaces.com\/w\/20250922165937\/website-niederoesterreich-wappen-176x300.png \" src=\"https:\/\/pswp.fra1.digitaloceanspaces.com\/w\/20250922165937\/website-niederoesterreich-wappen-176x300.png\" alt=\"\" class=\"uag-image-26454\" width=\"176\" height=\"300\" title=\"\"\/><\/a><\/figure><\/div>\n\n\n\n<div class=\"wp-block-uagb-icon-list uagb-block-2d8b7011\"><div class=\"uagb-icon-list__wrap\">\n<div class=\"wp-block-uagb-icon-list-child uagb-block-54de3f5e\"><span class=\"uagb-icon-list__source-wrap\"><svg xmlns=\"https:\/\/www.w3.org\/2000\/svg\" viewbox=\"0 0 512 512\"><path d=\"M256 0C114.6 0 0 114.6 0 256c0 141.4 114.6 256 256 256s256-114.6 256-256C512 114.6 397.4 0 256 0zM406.6 278.6l-103.1 103.1c-12.5 12.5-32.75 12.5-45.25 0s-12.5-32.75 0-45.25L306.8 288H128C110.3 288 96 273.7 96 256s14.31-32 32-32h178.8l-49.38-49.38c-12.5-12.5-12.5-32.75 0-45.25s32.75-12.5 45.25 0l103.1 103.1C414.6 241.3 416 251.1 416 256C416 260.9 414.6 270.7 406.6 278.6z\"><\/path><\/svg><\/span><span class=\"uagb-icon-list__label\">60% Gr\u00fcner Veltliner<\/span><\/div>\n\n\n\n<div class=\"wp-block-uagb-icon-list-child uagb-block-8dc1e6c7\"><span class=\"uagb-icon-list__source-wrap\"><svg xmlns=\"https:\/\/www.w3.org\/2000\/svg\" viewbox=\"0 0 512 512\"><path d=\"M256 0C114.6 0 0 114.6 0 256c0 141.4 114.6 256 256 256s256-114.6 256-256C512 114.6 397.4 0 256 0zM406.6 278.6l-103.1 103.1c-12.5 12.5-32.75 12.5-45.25 0s-12.5-32.75 0-45.25L306.8 288H128C110.3 288 96 273.7 96 256s14.31-32 32-32h178.8l-49.38-49.38c-12.5-12.5-12.5-32.75 0-45.25s32.75-12.5 45.25 0l103.1 103.1C414.6 241.3 416 251.1 416 256C416 260.9 414.6 270.7 406.6 278.6z\"><\/path><\/svg><\/span><span class=\"uagb-icon-list__label\">Les vins DAC<\/span><\/div>\n\n\n\n<div class=\"wp-block-uagb-icon-list-child uagb-block-25c814e0\"><span class=\"uagb-icon-list__source-wrap\"><svg xmlns=\"https:\/\/www.w3.org\/2000\/svg\" viewbox=\"0 0 512 512\"><path d=\"M256 0C114.6 0 0 114.6 0 256c0 141.4 114.6 256 256 256s256-114.6 256-256C512 114.6 397.4 0 256 0zM406.6 278.6l-103.1 103.1c-12.5 12.5-32.75 12.5-45.25 0s-12.5-32.75 0-45.25L306.8 288H128C110.3 288 96 273.7 96 256s14.31-32 32-32h178.8l-49.38-49.38c-12.5-12.5-12.5-32.75 0-45.25s32.75-12.5 45.25 0l103.1 103.1C414.6 241.3 416 251.1 416 256C416 260.9 414.6 270.7 406.6 278.6z\"><\/path><\/svg><\/span><span class=\"uagb-icon-list__label\">Roche segmentaire calcaire<\/span><\/div>\n<\/div><\/div>\n<\/div><\/div>\n\n\n\n<div class=\"wp-block-uagb-container uagb-block-35850c9d alignfull uagb-is-root-container\"><div class=\"uagb-container-inner-blocks-wrap\">\n<h3 class=\"wp-block-heading\">R\u00e9gion viticole du Traisental<\/h3>\n\n\n\n<p>La plus jeune r\u00e9gion viticole d&#8217;Autriche &#8211; elle n&#8217;existe sous cette forme que depuis 1995 &#8211; est aussi l&#8217;une des plus petites du pays, avec une surface viticole d&#8217;environ 790 hectares, mais elle est tr\u00e8s grande \u00e0 un \u00e9gard : le Gr\u00fcne Veltliner y r\u00e8gne en ma\u00eetre. Les points de rep\u00e8re dans les petits villages viticoles sont les d\u00e9bits de boissons traditionnels, les excursions dans l&#8217;histoire accord\u00e9es \u00e0 Traismauer ou Herzogenburg. Depuis le mill\u00e9sime 2006, des Gr\u00fcne Veltliner fruit\u00e9s et \u00e9pic\u00e9s typiques et des Rieslings min\u00e9raux et cors\u00e9s sont commercialis\u00e9s sous l&#8217;appellation &#8220;Traisental DAC&#8221;. Dans aucune autre r\u00e9gion viticole autrichienne, le Gr\u00fcne Veltliner n&#8217;a une part de surface aussi dominante : avec 63 pour cent, le Traisental occupe la premi\u00e8re place incontest\u00e9e. Mais le riesling est \u00e9galement consid\u00e9r\u00e9 comme une sp\u00e9cialit\u00e9 de la vall\u00e9e de Traisen. Les vignes sont principalement situ\u00e9es sur des terrasses &#8211; souvent minuscules &#8211; avec des sols secs, caillouteux et tr\u00e8s riches en calcaire. Elles conf\u00e8rent aux vins un profil tr\u00e8s particulier, avec un corps puissant et une colonne vert\u00e9brale solide.<\/p>\n\n\n\n<p>La min\u00e9ralit\u00e9 est \u00e9galement porteuse de go\u00fbt, soutient la structure acide et favorise ainsi la long\u00e9vit\u00e9 des vins. Des facteurs climatiques particuliers &#8211; des influences pannoniennes et en m\u00eame temps l&#8217;air froid des Pr\u00e9alpes apportent des journ\u00e9es chaudes et des nuits fra\u00eeches &#8211; assurent une aromatique tr\u00e8s fine et une finesse \u00e9pic\u00e9e. Le Danube tout proche peut ici aussi jouer pleinement son r\u00f4le de r\u00e9gulateur de temp\u00e9rature. La vall\u00e9e de la Trais est une destination d&#8217;excursion attrayante pour les amateurs de vin, les randonneurs, les cyclistes et les personnes int\u00e9ress\u00e9es par la culture. Une tradition viticole ancestrale &#8211; datant de bien avant la culture du vin des Romains dans la r\u00e9gion &#8211; est confirm\u00e9e par la d\u00e9couverte de p\u00e9pins de raisin datant du d\u00e9but de l&#8217;\u00e2ge du bronze. La capitale de la Basse-Autriche, St. P\u00f6lten, toute proche, propose un programme culturel moderne et tr\u00e8s vari\u00e9. Depuis ce point le plus au sud de la r\u00e9gion viticole, de nombreux chemins s&#8217;ouvrent vers l&#8217;ouest et l&#8217;est : de Statzendorf, Unter- et Oberw\u00f6lbling \u00e0 Stollhofen, Frauendorf et Gemeinlebarn, en passant par Nussdorf, Reichersdorf, Getzersdorf, Inzersdorf et Herzogenburg avec son magnifique couvent. L&#8217;\u00e9l\u00e9ment f\u00e9d\u00e9rateur est la culture du vin, que les familles de viticulteurs transmettent de mani\u00e8re sympathique et savoureuse dans les nombreuses buvettes. Les viticulteurs sont tr\u00e8s conscients de l&#8217;importance du gr\u00fcner veltliner et du riesling en tant qu&#8217;ambassadeurs de la r\u00e9gion. Ils contribuent largement \u00e0 faire conna\u00eetre ce style de vin incomparable &#8211; les nuances personnelles apport\u00e9es par les d\u00e9lices culinaires du terroir servis en accompagnement. Mais il ne faut pas manquer de d\u00e9guster \u00e9galement d&#8217;autres sp\u00e9cialit\u00e9s vari\u00e9tales en blanc et en rouge.<\/p>\n<\/div><\/div>\n<\/div><\/div>\n\n<figure class=\"wp-block-gallery has-nested-images columns-default is-cropped wp-block-gallery-1 is-layout-flex wp-block-gallery-is-layout-flex\">\n<figure class=\"wp-block-image size-full\"><a href=\"https:\/\/pswp.fra1.digitaloceanspaces.com\/w\/20250922165922\/website-traisental.jpeg\"><img decoding=\"async\" width=\"259\" height=\"194\" data-id=\"26864\" src=\"https:\/\/pswp.fra1.digitaloceanspaces.com\/w\/20250922165922\/website-traisental.jpeg\" alt=\"\" class=\"wp-image-26864\"\/><\/a><\/figure>\n\n\n\n<figure class=\"wp-block-image size-large\"><a href=\"https:\/\/pswp.fra1.digitaloceanspaces.com\/w\/20250922165922\/website-traisental1.jpeg\"><img decoding=\"async\" width=\"1030\" height=\"686\" data-id=\"26868\" src=\"https:\/\/pswp.fra1.digitaloceanspaces.com\/w\/20250922165922\/website-traisental1-1030x686.jpeg\" alt=\"\" class=\"wp-image-26868\" srcset=\"https:\/\/pswp.fra1.digitaloceanspaces.com\/w\/20250922165922\/website-traisental1-1030x686.jpeg 1030w, https:\/\/pswp.fra1.digitaloceanspaces.com\/w\/20250922165922\/website-traisental1-300x200.jpeg 300w, https:\/\/pswp.fra1.digitaloceanspaces.com\/w\/20250922165922\/website-traisental1-768x511.jpeg 768w, https:\/\/pswp.fra1.digitaloceanspaces.com\/w\/20250922165922\/website-traisental1-1536x1022.jpeg 1536w, https:\/\/pswp.fra1.digitaloceanspaces.com\/w\/20250922165922\/website-traisental1-450x300.jpeg 450w, https:\/\/pswp.fra1.digitaloceanspaces.com\/w\/20250922165922\/website-traisental1.jpeg 1920w\" sizes=\"(max-width: 1030px) 100vw, 1030px\" \/><\/a><\/figure>\n\n\n\n<figure class=\"wp-block-image size-full\"><a href=\"https:\/\/pswp.fra1.digitaloceanspaces.com\/w\/20250922165922\/website-traisental2.jpeg\"><img decoding=\"async\" width=\"780\" height=\"440\" data-id=\"26872\" src=\"https:\/\/pswp.fra1.digitaloceanspaces.com\/w\/20250922165922\/website-traisental2.jpeg\" alt=\"\" class=\"wp-image-26872\" srcset=\"https:\/\/pswp.fra1.digitaloceanspaces.com\/w\/20250922165922\/website-traisental2.jpeg 780w, https:\/\/pswp.fra1.digitaloceanspaces.com\/w\/20250922165922\/website-traisental2-300x169.jpeg 300w, https:\/\/pswp.fra1.digitaloceanspaces.com\/w\/20250922165922\/website-traisental2-768x433.jpeg 768w, https:\/\/pswp.fra1.digitaloceanspaces.com\/w\/20250922165922\/website-traisental2-450x254.jpeg 450w\" sizes=\"(max-width: 780px) 100vw, 780px\" \/><\/a><\/figure>\n<\/figure>\n","protected":false},"excerpt":{"rendered":"<p>R\u00e9gion viticole du Traisental La plus jeune r\u00e9gion viticole d&#8217;Autriche &#8211; elle n&#8217;existe sous cette forme que depuis 1995 &#8211; est aussi l&#8217;une des plus petites du pays, avec une surface viticole d&#8217;environ 790 hectares, mais elle est tr\u00e8s grande \u00e0 un \u00e9gard : le Gr\u00fcne Veltliner y r\u00e8gne en ma\u00eetre. Les points de rep\u00e8re [&hellip;]<\/p>\n","protected":false},"author":2345,"featured_media":0,"parent":11919,"menu_order":0,"comment_status":"closed","ping_status":"closed","template":"","meta":{"_eb_attr":"","_uag_custom_page_level_css":"","site-sidebar-layout":"default","site-content-layout":"","ast-site-content-layout":"default","site-content-style":"default","site-sidebar-style":"default","ast-global-header-display":"","ast-banner-title-visibility":"","ast-main-header-display":"","ast-hfb-above-header-display":"","ast-hfb-below-header-display":"","ast-hfb-mobile-header-display":"","site-post-title":"","ast-breadcrumbs-content":"","ast-featured-img":"","footer-sml-layout":"","ast-disable-related-posts":"","theme-transparent-header-meta":"","adv-header-id-meta":"","stick-header-meta":"","header-above-stick-meta":"","header-main-stick-meta":"","header-below-stick-meta":"","astra-migrate-meta-layouts":"default","ast-page-background-enabled":"default","ast-page-background-meta":{"desktop":{"background-color":"var(--ast-global-color-4)","background-image":"","background-repeat":"repeat","background-position":"center center","background-size":"auto","background-attachment":"scroll","background-type":"","background-media":"","overlay-type":"","overlay-color":"","overlay-opacity":"","overlay-gradient":""},"tablet":{"background-color":"","background-image":"","background-repeat":"repeat","background-position":"center center","background-size":"auto","background-attachment":"scroll","background-type":"","background-media":"","overlay-type":"","overlay-color":"","overlay-opacity":"","overlay-gradient":""},"mobile":{"background-color":"","background-image":"","background-repeat":"repeat","background-position":"center center","background-size":"auto","background-attachment":"scroll","background-type":"","background-media":"","overlay-type":"","overlay-color":"","overlay-opacity":"","overlay-gradient":""}},"ast-content-background-meta":{"desktop":{"background-color":"var(--ast-global-color-5)","background-image":"","background-repeat":"repeat","background-position":"center center","background-size":"auto","background-attachment":"scroll","background-type":"","background-media":"","overlay-type":"","overlay-color":"","overlay-opacity":"","overlay-gradient":""},"tablet":{"background-color":"var(--ast-global-color-5)","background-image":"","background-repeat":"repeat","background-position":"center center","background-size":"auto","background-attachment":"scroll","background-type":"","background-media":"","overlay-type":"","overlay-color":"","overlay-opacity":"","overlay-gradient":""},"mobile":{"background-color":"var(--ast-global-color-5)","background-image":"","background-repeat":"repeat","background-position":"center center","background-size":"auto","background-attachment":"scroll","background-type":"","background-media":"","overlay-type":"","overlay-color":"","overlay-opacity":"","overlay-gradient":""}},"footnotes":""},"class_list":["post-12059","page","type-page","status-publish","hentry"],"yoast_head":"<!-- This site is optimized with the Yoast SEO plugin v27.3 - https:\/\/yoast.com\/product\/yoast-seo-wordpress\/ -->\n<title>Traisental - WhyNotWein<\/title>\n<meta name=\"robots\" content=\"index, follow, max-snippet:-1, max-image-preview:large, max-video-preview:-1\" \/>\n<link rel=\"canonical\" href=\"https:\/\/whynotwein.eu\/fr\/regions-viticoles\/basse-autriche\/traisental\/\" \/>\n<meta property=\"og:locale\" content=\"fr_FR\" \/>\n<meta property=\"og:type\" content=\"article\" \/>\n<meta property=\"og:title\" content=\"Traisental - WhyNotWein\" \/>\n<meta property=\"og:description\" content=\"R\u00e9gion viticole du Traisental La plus jeune r\u00e9gion viticole d&#8217;Autriche &#8211; elle n&#8217;existe sous cette forme que depuis 1995 &#8211; est aussi l&#8217;une des plus petites du pays, avec une surface viticole d&#8217;environ 790 hectares, mais elle est tr\u00e8s grande \u00e0 un \u00e9gard : le Gr\u00fcne Veltliner y r\u00e8gne en ma\u00eetre. Les points de rep\u00e8re [&hellip;]\" \/>\n<meta property=\"og:url\" content=\"https:\/\/whynotwein.eu\/fr\/regions-viticoles\/basse-autriche\/traisental\/\" \/>\n<meta property=\"og:site_name\" content=\"WhyNotWein\" \/>\n<meta property=\"article:modified_time\" content=\"2022-11-28T16:51:18+00:00\" \/>\n<meta property=\"og:image\" content=\"https:\/\/whynotwein.eu\/wp-content\/uploads\/2022\/11\/website-niederoesterreich-wappen-176x300.png\" \/>\n<meta name=\"twitter:card\" content=\"summary_large_image\" \/>\n<meta name=\"twitter:label1\" content=\"Dur\u00e9e de lecture estim\u00e9e\" \/>\n\t<meta name=\"twitter:data1\" content=\"3 minutes\" \/>\n<script type=\"application\/ld+json\" class=\"yoast-schema-graph\">{\"@context\":\"https:\\\/\\\/schema.org\",\"@graph\":[{\"@type\":\"WebPage\",\"@id\":\"https:\\\/\\\/whynotwein.eu\\\/fr\\\/regions-viticoles\\\/basse-autriche\\\/traisental\\\/\",\"url\":\"https:\\\/\\\/whynotwein.eu\\\/fr\\\/regions-viticoles\\\/basse-autriche\\\/traisental\\\/\",\"name\":\"Traisental - WhyNotWein\",\"isPartOf\":{\"@id\":\"https:\\\/\\\/whynotwein.eu\\\/fr\\\/#website\"},\"primaryImageOfPage\":{\"@id\":\"https:\\\/\\\/whynotwein.eu\\\/fr\\\/regions-viticoles\\\/basse-autriche\\\/traisental\\\/#primaryimage\"},\"image\":{\"@id\":\"https:\\\/\\\/whynotwein.eu\\\/fr\\\/regions-viticoles\\\/basse-autriche\\\/traisental\\\/#primaryimage\"},\"thumbnailUrl\":\"https:\\\/\\\/whynotwein.eu\\\/wp-content\\\/uploads\\\/2022\\\/11\\\/website-niederoesterreich-wappen-176x300.png\",\"datePublished\":\"2016-04-13T15:40:58+00:00\",\"dateModified\":\"2022-11-28T16:51:18+00:00\",\"breadcrumb\":{\"@id\":\"https:\\\/\\\/whynotwein.eu\\\/fr\\\/regions-viticoles\\\/basse-autriche\\\/traisental\\\/#breadcrumb\"},\"inLanguage\":\"fr-FR\",\"potentialAction\":[{\"@type\":\"ReadAction\",\"target\":[\"https:\\\/\\\/whynotwein.eu\\\/fr\\\/regions-viticoles\\\/basse-autriche\\\/traisental\\\/\"]}]},{\"@type\":\"ImageObject\",\"inLanguage\":\"fr-FR\",\"@id\":\"https:\\\/\\\/whynotwein.eu\\\/fr\\\/regions-viticoles\\\/basse-autriche\\\/traisental\\\/#primaryimage\",\"url\":\"https:\\\/\\\/whynotwein.eu\\\/wp-content\\\/uploads\\\/2022\\\/11\\\/website-niederoesterreich-wappen-176x300.png\",\"contentUrl\":\"https:\\\/\\\/whynotwein.eu\\\/wp-content\\\/uploads\\\/2022\\\/11\\\/website-niederoesterreich-wappen-176x300.png\"},{\"@type\":\"BreadcrumbList\",\"@id\":\"https:\\\/\\\/whynotwein.eu\\\/fr\\\/regions-viticoles\\\/basse-autriche\\\/traisental\\\/#breadcrumb\",\"itemListElement\":[{\"@type\":\"ListItem\",\"position\":1,\"name\":\"Home\",\"item\":\"https:\\\/\\\/whynotwein.eu\\\/fr\\\/\"},{\"@type\":\"ListItem\",\"position\":2,\"name\":\"R\u00e9gions viticoles\",\"item\":\"https:\\\/\\\/whynotwein.eu\\\/fr\\\/regions-viticoles\\\/\"},{\"@type\":\"ListItem\",\"position\":3,\"name\":\"Basse Autriche\",\"item\":\"https:\\\/\\\/whynotwein.eu\\\/fr\\\/regions-viticoles\\\/basse-autriche\\\/\"},{\"@type\":\"ListItem\",\"position\":4,\"name\":\"Traisental\"}]},{\"@type\":\"WebSite\",\"@id\":\"https:\\\/\\\/whynotwein.eu\\\/fr\\\/#website\",\"url\":\"https:\\\/\\\/whynotwein.eu\\\/fr\\\/\",\"name\":\"WhyNotWein\",\"description\":\"Austrian Wines in Belgium\",\"publisher\":{\"@id\":\"https:\\\/\\\/whynotwein.eu\\\/fr\\\/#organization\"},\"potentialAction\":[{\"@type\":\"SearchAction\",\"target\":{\"@type\":\"EntryPoint\",\"urlTemplate\":\"https:\\\/\\\/whynotwein.eu\\\/fr\\\/?s={search_term_string}\"},\"query-input\":{\"@type\":\"PropertyValueSpecification\",\"valueRequired\":true,\"valueName\":\"search_term_string\"}}],\"inLanguage\":\"fr-FR\"},{\"@type\":\"Organization\",\"@id\":\"https:\\\/\\\/whynotwein.eu\\\/fr\\\/#organization\",\"name\":\"WhyNotWein\",\"url\":\"https:\\\/\\\/whynotwein.eu\\\/fr\\\/\",\"logo\":{\"@type\":\"ImageObject\",\"inLanguage\":\"fr-FR\",\"@id\":\"https:\\\/\\\/whynotwein.eu\\\/fr\\\/#\\\/schema\\\/logo\\\/image\\\/\",\"url\":\"https:\\\/\\\/whynotwein.eu\\\/wp-content\\\/uploads\\\/2015\\\/12\\\/WhyNotWein_Logo_340.png\",\"contentUrl\":\"https:\\\/\\\/whynotwein.eu\\\/wp-content\\\/uploads\\\/2015\\\/12\\\/WhyNotWein_Logo_340.png\",\"width\":340,\"height\":156,\"caption\":\"WhyNotWein\"},\"image\":{\"@id\":\"https:\\\/\\\/whynotwein.eu\\\/fr\\\/#\\\/schema\\\/logo\\\/image\\\/\"}}]}<\/script>\n<!-- \/ Yoast SEO plugin. -->","yoast_head_json":{"title":"Traisental - WhyNotWein","robots":{"index":"index","follow":"follow","max-snippet":"max-snippet:-1","max-image-preview":"max-image-preview:large","max-video-preview":"max-video-preview:-1"},"canonical":"https:\/\/whynotwein.eu\/fr\/regions-viticoles\/basse-autriche\/traisental\/","og_locale":"fr_FR","og_type":"article","og_title":"Traisental - WhyNotWein","og_description":"R\u00e9gion viticole du Traisental La plus jeune r\u00e9gion viticole d&#8217;Autriche &#8211; elle n&#8217;existe sous cette forme que depuis 1995 &#8211; est aussi l&#8217;une des plus petites du pays, avec une surface viticole d&#8217;environ 790 hectares, mais elle est tr\u00e8s grande \u00e0 un \u00e9gard : le Gr\u00fcne Veltliner y r\u00e8gne en ma\u00eetre. Les points de rep\u00e8re [&hellip;]","og_url":"https:\/\/whynotwein.eu\/fr\/regions-viticoles\/basse-autriche\/traisental\/","og_site_name":"WhyNotWein","article_modified_time":"2022-11-28T16:51:18+00:00","og_image":[{"url":"https:\/\/whynotwein.eu\/wp-content\/uploads\/2022\/11\/website-niederoesterreich-wappen-176x300.png","type":"","width":"","height":""}],"twitter_card":"summary_large_image","twitter_misc":{"Dur\u00e9e de lecture estim\u00e9e":"3 minutes"},"schema":{"@context":"https:\/\/schema.org","@graph":[{"@type":"WebPage","@id":"https:\/\/whynotwein.eu\/fr\/regions-viticoles\/basse-autriche\/traisental\/","url":"https:\/\/whynotwein.eu\/fr\/regions-viticoles\/basse-autriche\/traisental\/","name":"Traisental - WhyNotWein","isPartOf":{"@id":"https:\/\/whynotwein.eu\/fr\/#website"},"primaryImageOfPage":{"@id":"https:\/\/whynotwein.eu\/fr\/regions-viticoles\/basse-autriche\/traisental\/#primaryimage"},"image":{"@id":"https:\/\/whynotwein.eu\/fr\/regions-viticoles\/basse-autriche\/traisental\/#primaryimage"},"thumbnailUrl":"https:\/\/whynotwein.eu\/wp-content\/uploads\/2022\/11\/website-niederoesterreich-wappen-176x300.png","datePublished":"2016-04-13T15:40:58+00:00","dateModified":"2022-11-28T16:51:18+00:00","breadcrumb":{"@id":"https:\/\/whynotwein.eu\/fr\/regions-viticoles\/basse-autriche\/traisental\/#breadcrumb"},"inLanguage":"fr-FR","potentialAction":[{"@type":"ReadAction","target":["https:\/\/whynotwein.eu\/fr\/regions-viticoles\/basse-autriche\/traisental\/"]}]},{"@type":"ImageObject","inLanguage":"fr-FR","@id":"https:\/\/whynotwein.eu\/fr\/regions-viticoles\/basse-autriche\/traisental\/#primaryimage","url":"https:\/\/whynotwein.eu\/wp-content\/uploads\/2022\/11\/website-niederoesterreich-wappen-176x300.png","contentUrl":"https:\/\/whynotwein.eu\/wp-content\/uploads\/2022\/11\/website-niederoesterreich-wappen-176x300.png"},{"@type":"BreadcrumbList","@id":"https:\/\/whynotwein.eu\/fr\/regions-viticoles\/basse-autriche\/traisental\/#breadcrumb","itemListElement":[{"@type":"ListItem","position":1,"name":"Home","item":"https:\/\/whynotwein.eu\/fr\/"},{"@type":"ListItem","position":2,"name":"R\u00e9gions viticoles","item":"https:\/\/whynotwein.eu\/fr\/regions-viticoles\/"},{"@type":"ListItem","position":3,"name":"Basse Autriche","item":"https:\/\/whynotwein.eu\/fr\/regions-viticoles\/basse-autriche\/"},{"@type":"ListItem","position":4,"name":"Traisental"}]},{"@type":"WebSite","@id":"https:\/\/whynotwein.eu\/fr\/#website","url":"https:\/\/whynotwein.eu\/fr\/","name":"WhyNotWein","description":"Austrian Wines in Belgium","publisher":{"@id":"https:\/\/whynotwein.eu\/fr\/#organization"},"potentialAction":[{"@type":"SearchAction","target":{"@type":"EntryPoint","urlTemplate":"https:\/\/whynotwein.eu\/fr\/?s={search_term_string}"},"query-input":{"@type":"PropertyValueSpecification","valueRequired":true,"valueName":"search_term_string"}}],"inLanguage":"fr-FR"},{"@type":"Organization","@id":"https:\/\/whynotwein.eu\/fr\/#organization","name":"WhyNotWein","url":"https:\/\/whynotwein.eu\/fr\/","logo":{"@type":"ImageObject","inLanguage":"fr-FR","@id":"https:\/\/whynotwein.eu\/fr\/#\/schema\/logo\/image\/","url":"https:\/\/whynotwein.eu\/wp-content\/uploads\/2015\/12\/WhyNotWein_Logo_340.png","contentUrl":"https:\/\/whynotwein.eu\/wp-content\/uploads\/2015\/12\/WhyNotWein_Logo_340.png","width":340,"height":156,"caption":"WhyNotWein"},"image":{"@id":"https:\/\/whynotwein.eu\/fr\/#\/schema\/logo\/image\/"}}]}},"uagb_featured_image_src":{"full":false,"thumbnail":false,"medium":false,"medium_large":false,"large":false,"1536x1536":false,"2048x2048":false,"gform-image-choice-sm":false,"gform-image-choice-md":false,"gform-image-choice-lg":false,"woocommerce_thumbnail":false,"woocommerce_single":false,"woocommerce_gallery_thumbnail":false},"uagb_author_info":{"display_name":"Ren\u00e9 Clausen","author_link":"https:\/\/whynotwein.eu\/fr\/author\/rene\/"},"uagb_comment_info":0,"uagb_excerpt":"R\u00e9gion viticole du Traisental La plus jeune r\u00e9gion viticole d&#8217;Autriche &#8211; elle n&#8217;existe sous cette forme que depuis 1995 &#8211; est aussi l&#8217;une des plus petites du pays, avec une surface viticole d&#8217;environ 790 hectares, mais elle est tr\u00e8s grande \u00e0 un \u00e9gard : le Gr\u00fcne Veltliner y r\u00e8gne en ma\u00eetre. Les points de rep\u00e8re&hellip;","_links":{"self":[{"href":"https:\/\/whynotwein.eu\/fr\/wp-json\/wp\/v2\/pages\/12059","targetHints":{"allow":["GET"]}}],"collection":[{"href":"https:\/\/whynotwein.eu\/fr\/wp-json\/wp\/v2\/pages"}],"about":[{"href":"https:\/\/whynotwein.eu\/fr\/wp-json\/wp\/v2\/types\/page"}],"author":[{"embeddable":true,"href":"https:\/\/whynotwein.eu\/fr\/wp-json\/wp\/v2\/users\/2345"}],"replies":[{"embeddable":true,"href":"https:\/\/whynotwein.eu\/fr\/wp-json\/wp\/v2\/comments?post=12059"}],"version-history":[{"count":6,"href":"https:\/\/whynotwein.eu\/fr\/wp-json\/wp\/v2\/pages\/12059\/revisions"}],"predecessor-version":[{"id":27088,"href":"https:\/\/whynotwein.eu\/fr\/wp-json\/wp\/v2\/pages\/12059\/revisions\/27088"}],"up":[{"embeddable":true,"href":"https:\/\/whynotwein.eu\/fr\/wp-json\/wp\/v2\/pages\/11919"}],"wp:attachment":[{"href":"https:\/\/whynotwein.eu\/fr\/wp-json\/wp\/v2\/media?parent=12059"}],"curies":[{"name":"wp","href":"https:\/\/api.w.org\/{rel}","templated":true}]}}