{"id":12169,"date":"2016-08-29T12:06:45","date_gmt":"2016-08-29T10:06:45","guid":{"rendered":"http:\/\/whynotwein.eu\/fr\/weinregionen\/niederoesterreich\/weinviertel\/"},"modified":"2022-11-29T09:24:09","modified_gmt":"2022-11-29T08:24:09","slug":"weinviertel","status":"publish","type":"page","link":"https:\/\/whynotwein.eu\/fr\/regions-viticoles\/basse-autriche\/weinviertel\/","title":{"rendered":"Weinviertel"},"content":{"rendered":"\n<div class=\"wp-block-uagb-container uagb-block-15749368 alignfull uagb-is-root-container\"><div class=\"uagb-container-inner-blocks-wrap\">\n<div class=\"wp-block-uagb-container uagb-block-3a0583e2 alignfull uagb-is-root-container\"><div class=\"uagb-container-inner-blocks-wrap\">\n<div class=\"wp-block-uagb-image uagb-block-4b8586a1 wp-block-uagb-image--layout-default wp-block-uagb-image--effect-static wp-block-uagb-image--align-center\"><figure class=\"wp-block-uagb-image__figure\"><a class=\"\" href=\"https:\/\/pswp.fra1.digitaloceanspaces.com\/w\/20250922165934\/website-steiermark-wappen.jpeg\" target=\"\" rel=\"noopener\"><img decoding=\"async\" srcset=\"https:\/\/pswp.fra1.digitaloceanspaces.com\/w\/20250922165937\/website-niederoesterreich-wappen-176x300.png \" src=\"https:\/\/pswp.fra1.digitaloceanspaces.com\/w\/20250922165937\/website-niederoesterreich-wappen-176x300.png\" alt=\"\" class=\"uag-image-26454\" width=\"176\" height=\"300\" title=\"\"\/><\/a><\/figure><\/div>\n\n\n\n<div class=\"wp-block-uagb-icon-list uagb-block-5fab277f\"><div class=\"uagb-icon-list__wrap\">\n<div class=\"wp-block-uagb-icon-list-child uagb-block-d8d4f0ba\"><span class=\"uagb-icon-list__source-wrap\"><svg xmlns=\"https:\/\/www.w3.org\/2000\/svg\" viewbox=\"0 0 512 512\"><path d=\"M256 0C114.6 0 0 114.6 0 256c0 141.4 114.6 256 256 256s256-114.6 256-256C512 114.6 397.4 0 256 0zM406.6 278.6l-103.1 103.1c-12.5 12.5-32.75 12.5-45.25 0s-12.5-32.75 0-45.25L306.8 288H128C110.3 288 96 273.7 96 256s14.31-32 32-32h178.8l-49.38-49.38c-12.5-12.5-12.5-32.75 0-45.25s32.75-12.5 45.25 0l103.1 103.1C414.6 241.3 416 251.1 416 256C416 260.9 414.6 270.7 406.6 278.6z\"><\/path><\/svg><\/span><span class=\"uagb-icon-list__label\">R\u00e9gion climatique pannonique<\/span><\/div>\n\n\n\n<div class=\"wp-block-uagb-icon-list-child uagb-block-0ce74a7e\"><span class=\"uagb-icon-list__source-wrap\"><svg xmlns=\"https:\/\/www.w3.org\/2000\/svg\" viewbox=\"0 0 512 512\"><path d=\"M256 0C114.6 0 0 114.6 0 256c0 141.4 114.6 256 256 256s256-114.6 256-256C512 114.6 397.4 0 256 0zM406.6 278.6l-103.1 103.1c-12.5 12.5-32.75 12.5-45.25 0s-12.5-32.75 0-45.25L306.8 288H128C110.3 288 96 273.7 96 256s14.31-32 32-32h178.8l-49.38-49.38c-12.5-12.5-12.5-32.75 0-45.25s32.75-12.5 45.25 0l103.1 103.1C414.6 241.3 416 251.1 416 256C416 260.9 414.6 270.7 406.6 278.6z\"><\/path><\/svg><\/span><span class=\"uagb-icon-list__label\">Gr\u00fcner Veltliner classique et poivr\u00e9<\/span><\/div>\n\n\n\n<div class=\"wp-block-uagb-icon-list-child uagb-block-421d6683\"><span class=\"uagb-icon-list__source-wrap\"><svg xmlns=\"https:\/\/www.w3.org\/2000\/svg\" viewbox=\"0 0 512 512\"><path d=\"M256 0C114.6 0 0 114.6 0 256c0 141.4 114.6 256 256 256s256-114.6 256-256C512 114.6 397.4 0 256 0zM406.6 278.6l-103.1 103.1c-12.5 12.5-32.75 12.5-45.25 0s-12.5-32.75 0-45.25L306.8 288H128C110.3 288 96 273.7 96 256s14.31-32 32-32h178.8l-49.38-49.38c-12.5-12.5-12.5-32.75 0-45.25s32.75-12.5 45.25 0l103.1 103.1C414.6 241.3 416 251.1 416 256C416 260.9 414.6 270.7 406.6 278.6z\"><\/path><\/svg><\/span><span class=\"uagb-icon-list__label\">Les sols les plus divers<\/span><\/div>\n<\/div><\/div>\n<\/div><\/div>\n\n\n\n<div class=\"wp-block-uagb-container uagb-block-985c70e4 alignfull uagb-is-root-container\"><div class=\"uagb-container-inner-blocks-wrap\">\n<h3 class=\"wp-block-heading\">R\u00e9gion viticole du Weinviertel<\/h3>\n\n\n\n<p>Le Weinviertel est une r\u00e9gion vari\u00e9e, ouverte et accueillante. Les vignobles sur les collines douces alternent avec les champs de bl\u00e9 qui ondulent au vent. Des monuments culturels extraordinaires et des ruelles de caves de r\u00eave caract\u00e9risent ce vaste paysage. Plus de 13.356 hectares sont plant\u00e9s de vignes. Environ la moiti\u00e9 des vignobles renferme la v\u00e9ritable recette du succ\u00e8s du Weinviertel : le Gr\u00fcner Veltliner, appel\u00e9 &#8220;Weinviertel DAC&#8221; dans sa forme typique. Cette puissante r\u00e9gion viticole s&#8217;\u00e9tend du Danube au sud jusqu&#8217;\u00e0 la fronti\u00e8re tch\u00e8que au nord, du Manhartsberg \u00e0 l&#8217;ouest jusqu&#8217;\u00e0 la fronti\u00e8re slovaque \u00e0 l&#8217;est.<\/p>\n\n\n\n<p>Le c\u00e9page le plus important est le Gr\u00fcne Veltliner, une v\u00e9ritable star bien enracin\u00e9e sur environ 8 500 hectares de vignes. \u00c0 cela s&#8217;ajoutent son bouquet fruit\u00e9 et sa fra\u00eeche acidit\u00e9. Ce caract\u00e8re sp\u00e9cifique du vin s&#8217;exprime depuis 2002 dans la premi\u00e8re appellation d&#8217;origine contr\u00f4l\u00e9e (DAC) d&#8217;Autriche. Le &#8220;Weinviertel DAC&#8221; est ainsi devenu le pr\u00e9curseur du nouveau marketing de l&#8217;origine autrichienne. Dans la r\u00e9gion autour de la ville viticole de Wolkersdorf, on trouve non seulement du Gr\u00fcner Veltliner, mais aussi du pinot blanc. Un autre c\u00e9page de vin blanc, le riesling, est chez lui sur les pentes du Bisamberg. Pr\u00e8s de Mannersdorf an der March, l&#8217;influence du climat pannonique offre les meilleures conditions pour les rieslings, les bourgognes et les traminers. Les viticulteurs de la partie nord-est du Weinviertel, autour de Poysdorf, vinifient surtout du Welschriesling et du Gr\u00fcner Veltliner. Sur la fronti\u00e8re nord, Falkenstein est un point fixe pour les vins blancs fruit\u00e9s. \u00c0 l&#8217;ouest du Weinviertel, entre Retz et R\u00f6schitz, les Gr\u00fcne Veltliner et les Riesling sont d&#8217;une finesse min\u00e9rale et d&#8217;une saveur profonde. Gr\u00e2ce \u00e0 son climat sec, l&#8217;\u00eele aux vins rouges de Haugsdorf est pr\u00e9destin\u00e9e aux Zweigelt et aux Blaue Portugieser fruit\u00e9s et riches.<\/p>\n<\/div><\/div>\n<\/div><\/div>\n\n<figure class=\"wp-block-gallery has-nested-images columns-default is-cropped wp-block-gallery-1 is-layout-flex wp-block-gallery-is-layout-flex\">\n<figure class=\"wp-block-image size-large\"><a href=\"https:\/\/pswp.fra1.digitaloceanspaces.com\/w\/20250922165919\/website-weinviertel-1-scaled.jpeg\"><img decoding=\"async\" width=\"1030\" height=\"581\" data-id=\"26907\" src=\"https:\/\/pswp.fra1.digitaloceanspaces.com\/w\/20250922165919\/website-weinviertel-1-1030x581.jpeg\" alt=\"\" class=\"wp-image-26907\" srcset=\"https:\/\/pswp.fra1.digitaloceanspaces.com\/w\/20250922165919\/website-weinviertel-1-1030x581.jpeg 1030w, https:\/\/pswp.fra1.digitaloceanspaces.com\/w\/20250922165919\/website-weinviertel-1-300x169.jpeg 300w, https:\/\/pswp.fra1.digitaloceanspaces.com\/w\/20250922165919\/website-weinviertel-1-768x433.jpeg 768w, https:\/\/pswp.fra1.digitaloceanspaces.com\/w\/20250922165919\/website-weinviertel-1-1536x866.jpeg 1536w, https:\/\/pswp.fra1.digitaloceanspaces.com\/w\/20250922165919\/website-weinviertel-1-2048x1155.jpeg 2048w, https:\/\/pswp.fra1.digitaloceanspaces.com\/w\/20250922165919\/website-weinviertel-1-450x254.jpeg 450w\" sizes=\"(max-width: 1030px) 100vw, 1030px\" \/><\/a><\/figure>\n\n\n\n<figure class=\"wp-block-image size-large\"><a href=\"https:\/\/pswp.fra1.digitaloceanspaces.com\/w\/20250922165919\/website-weinviertel1-3.webp\"><img decoding=\"async\" width=\"1030\" height=\"687\" data-id=\"26911\" src=\"https:\/\/pswp.fra1.digitaloceanspaces.com\/w\/20250922165919\/website-weinviertel1-3-1030x687.webp\" alt=\"\" class=\"wp-image-26911\" srcset=\"https:\/\/pswp.fra1.digitaloceanspaces.com\/w\/20250922165919\/website-weinviertel1-3-1030x687.webp 1030w, https:\/\/pswp.fra1.digitaloceanspaces.com\/w\/20250922165919\/website-weinviertel1-3-300x200.webp 300w, https:\/\/pswp.fra1.digitaloceanspaces.com\/w\/20250922165919\/website-weinviertel1-3-768x512.webp 768w, https:\/\/pswp.fra1.digitaloceanspaces.com\/w\/20250922165919\/website-weinviertel1-3-1536x1024.webp 1536w, https:\/\/pswp.fra1.digitaloceanspaces.com\/w\/20250922165919\/website-weinviertel1-3-2048x1366.webp 2048w, https:\/\/pswp.fra1.digitaloceanspaces.com\/w\/20250922165919\/website-weinviertel1-3-450x300.webp 450w\" sizes=\"(max-width: 1030px) 100vw, 1030px\" \/><\/a><\/figure>\n\n\n\n<figure class=\"wp-block-image size-large\"><a href=\"https:\/\/pswp.fra1.digitaloceanspaces.com\/w\/20250922165918\/website-weinviertel2.webp\"><img decoding=\"async\" width=\"1030\" height=\"468\" data-id=\"26915\" src=\"https:\/\/pswp.fra1.digitaloceanspaces.com\/w\/20250922165918\/website-weinviertel2-1030x468.webp\" alt=\"\" class=\"wp-image-26915\" srcset=\"https:\/\/pswp.fra1.digitaloceanspaces.com\/w\/20250922165918\/website-weinviertel2-1030x468.webp 1030w, https:\/\/pswp.fra1.digitaloceanspaces.com\/w\/20250922165918\/website-weinviertel2-300x136.webp 300w, https:\/\/pswp.fra1.digitaloceanspaces.com\/w\/20250922165918\/website-weinviertel2-768x349.webp 768w, https:\/\/pswp.fra1.digitaloceanspaces.com\/w\/20250922165918\/website-weinviertel2-450x205.webp 450w, https:\/\/pswp.fra1.digitaloceanspaces.com\/w\/20250922165918\/website-weinviertel2.webp 1320w\" sizes=\"(max-width: 1030px) 100vw, 1030px\" \/><\/a><\/figure>\n<\/figure>\n","protected":false},"excerpt":{"rendered":"<p>R\u00e9gion viticole du Weinviertel Le Weinviertel est une r\u00e9gion vari\u00e9e, ouverte et accueillante. Les vignobles sur les collines douces alternent avec les champs de bl\u00e9 qui ondulent au vent. Des monuments culturels extraordinaires et des ruelles de caves de r\u00eave caract\u00e9risent ce vaste paysage. Plus de 13.356 hectares sont plant\u00e9s de vignes. Environ la moiti\u00e9 [&hellip;]<\/p>\n","protected":false},"author":2345,"featured_media":0,"parent":11919,"menu_order":0,"comment_status":"closed","ping_status":"closed","template":"","meta":{"_eb_attr":"","_uag_custom_page_level_css":"","site-sidebar-layout":"default","site-content-layout":"","ast-site-content-layout":"default","site-content-style":"default","site-sidebar-style":"default","ast-global-header-display":"","ast-banner-title-visibility":"","ast-main-header-display":"","ast-hfb-above-header-display":"","ast-hfb-below-header-display":"","ast-hfb-mobile-header-display":"","site-post-title":"","ast-breadcrumbs-content":"","ast-featured-img":"","footer-sml-layout":"","ast-disable-related-posts":"","theme-transparent-header-meta":"","adv-header-id-meta":"","stick-header-meta":"","header-above-stick-meta":"","header-main-stick-meta":"","header-below-stick-meta":"","astra-migrate-meta-layouts":"default","ast-page-background-enabled":"default","ast-page-background-meta":{"desktop":{"background-color":"var(--ast-global-color-4)","background-image":"","background-repeat":"repeat","background-position":"center center","background-size":"auto","background-attachment":"scroll","background-type":"","background-media":"","overlay-type":"","overlay-color":"","overlay-opacity":"","overlay-gradient":""},"tablet":{"background-color":"","background-image":"","background-repeat":"repeat","background-position":"center center","background-size":"auto","background-attachment":"scroll","background-type":"","background-media":"","overlay-type":"","overlay-color":"","overlay-opacity":"","overlay-gradient":""},"mobile":{"background-color":"","background-image":"","background-repeat":"repeat","background-position":"center center","background-size":"auto","background-attachment":"scroll","background-type":"","background-media":"","overlay-type":"","overlay-color":"","overlay-opacity":"","overlay-gradient":""}},"ast-content-background-meta":{"desktop":{"background-color":"var(--ast-global-color-5)","background-image":"","background-repeat":"repeat","background-position":"center center","background-size":"auto","background-attachment":"scroll","background-type":"","background-media":"","overlay-type":"","overlay-color":"","overlay-opacity":"","overlay-gradient":""},"tablet":{"background-color":"var(--ast-global-color-5)","background-image":"","background-repeat":"repeat","background-position":"center center","background-size":"auto","background-attachment":"scroll","background-type":"","background-media":"","overlay-type":"","overlay-color":"","overlay-opacity":"","overlay-gradient":""},"mobile":{"background-color":"var(--ast-global-color-5)","background-image":"","background-repeat":"repeat","background-position":"center center","background-size":"auto","background-attachment":"scroll","background-type":"","background-media":"","overlay-type":"","overlay-color":"","overlay-opacity":"","overlay-gradient":""}},"footnotes":""},"class_list":["post-12169","page","type-page","status-publish","hentry"],"yoast_head":"<!-- This site is optimized with the Yoast SEO plugin v27.3 - https:\/\/yoast.com\/product\/yoast-seo-wordpress\/ -->\n<title>Weinviertel - WhyNotWein<\/title>\n<meta name=\"robots\" content=\"index, follow, max-snippet:-1, max-image-preview:large, max-video-preview:-1\" \/>\n<link rel=\"canonical\" href=\"https:\/\/whynotwein.eu\/fr\/regions-viticoles\/basse-autriche\/weinviertel\/\" \/>\n<meta property=\"og:locale\" content=\"fr_FR\" \/>\n<meta property=\"og:type\" content=\"article\" \/>\n<meta property=\"og:title\" content=\"Weinviertel - WhyNotWein\" \/>\n<meta property=\"og:description\" content=\"R\u00e9gion viticole du Weinviertel Le Weinviertel est une r\u00e9gion vari\u00e9e, ouverte et accueillante. Les vignobles sur les collines douces alternent avec les champs de bl\u00e9 qui ondulent au vent. Des monuments culturels extraordinaires et des ruelles de caves de r\u00eave caract\u00e9risent ce vaste paysage. Plus de 13.356 hectares sont plant\u00e9s de vignes. Environ la moiti\u00e9 [&hellip;]\" \/>\n<meta property=\"og:url\" content=\"https:\/\/whynotwein.eu\/fr\/regions-viticoles\/basse-autriche\/weinviertel\/\" \/>\n<meta property=\"og:site_name\" content=\"WhyNotWein\" \/>\n<meta property=\"article:modified_time\" content=\"2022-11-29T08:24:09+00:00\" \/>\n<meta property=\"og:image\" content=\"https:\/\/whynotwein.eu\/wp-content\/uploads\/2022\/11\/website-niederoesterreich-wappen-176x300.png\" \/>\n<meta name=\"twitter:card\" content=\"summary_large_image\" \/>\n<meta name=\"twitter:label1\" content=\"Dur\u00e9e de lecture estim\u00e9e\" \/>\n\t<meta name=\"twitter:data1\" content=\"2 minutes\" \/>\n<script type=\"application\/ld+json\" class=\"yoast-schema-graph\">{\"@context\":\"https:\\\/\\\/schema.org\",\"@graph\":[{\"@type\":\"WebPage\",\"@id\":\"https:\\\/\\\/whynotwein.eu\\\/fr\\\/regions-viticoles\\\/basse-autriche\\\/weinviertel\\\/\",\"url\":\"https:\\\/\\\/whynotwein.eu\\\/fr\\\/regions-viticoles\\\/basse-autriche\\\/weinviertel\\\/\",\"name\":\"Weinviertel - WhyNotWein\",\"isPartOf\":{\"@id\":\"https:\\\/\\\/whynotwein.eu\\\/fr\\\/#website\"},\"primaryImageOfPage\":{\"@id\":\"https:\\\/\\\/whynotwein.eu\\\/fr\\\/regions-viticoles\\\/basse-autriche\\\/weinviertel\\\/#primaryimage\"},\"image\":{\"@id\":\"https:\\\/\\\/whynotwein.eu\\\/fr\\\/regions-viticoles\\\/basse-autriche\\\/weinviertel\\\/#primaryimage\"},\"thumbnailUrl\":\"https:\\\/\\\/whynotwein.eu\\\/wp-content\\\/uploads\\\/2022\\\/11\\\/website-niederoesterreich-wappen-176x300.png\",\"datePublished\":\"2016-08-29T10:06:45+00:00\",\"dateModified\":\"2022-11-29T08:24:09+00:00\",\"breadcrumb\":{\"@id\":\"https:\\\/\\\/whynotwein.eu\\\/fr\\\/regions-viticoles\\\/basse-autriche\\\/weinviertel\\\/#breadcrumb\"},\"inLanguage\":\"fr-FR\",\"potentialAction\":[{\"@type\":\"ReadAction\",\"target\":[\"https:\\\/\\\/whynotwein.eu\\\/fr\\\/regions-viticoles\\\/basse-autriche\\\/weinviertel\\\/\"]}]},{\"@type\":\"ImageObject\",\"inLanguage\":\"fr-FR\",\"@id\":\"https:\\\/\\\/whynotwein.eu\\\/fr\\\/regions-viticoles\\\/basse-autriche\\\/weinviertel\\\/#primaryimage\",\"url\":\"https:\\\/\\\/whynotwein.eu\\\/wp-content\\\/uploads\\\/2022\\\/11\\\/website-niederoesterreich-wappen-176x300.png\",\"contentUrl\":\"https:\\\/\\\/whynotwein.eu\\\/wp-content\\\/uploads\\\/2022\\\/11\\\/website-niederoesterreich-wappen-176x300.png\"},{\"@type\":\"BreadcrumbList\",\"@id\":\"https:\\\/\\\/whynotwein.eu\\\/fr\\\/regions-viticoles\\\/basse-autriche\\\/weinviertel\\\/#breadcrumb\",\"itemListElement\":[{\"@type\":\"ListItem\",\"position\":1,\"name\":\"Home\",\"item\":\"https:\\\/\\\/whynotwein.eu\\\/fr\\\/\"},{\"@type\":\"ListItem\",\"position\":2,\"name\":\"R\u00e9gions viticoles\",\"item\":\"https:\\\/\\\/whynotwein.eu\\\/fr\\\/regions-viticoles\\\/\"},{\"@type\":\"ListItem\",\"position\":3,\"name\":\"Basse Autriche\",\"item\":\"https:\\\/\\\/whynotwein.eu\\\/fr\\\/regions-viticoles\\\/basse-autriche\\\/\"},{\"@type\":\"ListItem\",\"position\":4,\"name\":\"Weinviertel\"}]},{\"@type\":\"WebSite\",\"@id\":\"https:\\\/\\\/whynotwein.eu\\\/fr\\\/#website\",\"url\":\"https:\\\/\\\/whynotwein.eu\\\/fr\\\/\",\"name\":\"WhyNotWein\",\"description\":\"Austrian Wines in Belgium\",\"publisher\":{\"@id\":\"https:\\\/\\\/whynotwein.eu\\\/fr\\\/#organization\"},\"potentialAction\":[{\"@type\":\"SearchAction\",\"target\":{\"@type\":\"EntryPoint\",\"urlTemplate\":\"https:\\\/\\\/whynotwein.eu\\\/fr\\\/?s={search_term_string}\"},\"query-input\":{\"@type\":\"PropertyValueSpecification\",\"valueRequired\":true,\"valueName\":\"search_term_string\"}}],\"inLanguage\":\"fr-FR\"},{\"@type\":\"Organization\",\"@id\":\"https:\\\/\\\/whynotwein.eu\\\/fr\\\/#organization\",\"name\":\"WhyNotWein\",\"url\":\"https:\\\/\\\/whynotwein.eu\\\/fr\\\/\",\"logo\":{\"@type\":\"ImageObject\",\"inLanguage\":\"fr-FR\",\"@id\":\"https:\\\/\\\/whynotwein.eu\\\/fr\\\/#\\\/schema\\\/logo\\\/image\\\/\",\"url\":\"https:\\\/\\\/whynotwein.eu\\\/wp-content\\\/uploads\\\/2015\\\/12\\\/WhyNotWein_Logo_340.png\",\"contentUrl\":\"https:\\\/\\\/whynotwein.eu\\\/wp-content\\\/uploads\\\/2015\\\/12\\\/WhyNotWein_Logo_340.png\",\"width\":340,\"height\":156,\"caption\":\"WhyNotWein\"},\"image\":{\"@id\":\"https:\\\/\\\/whynotwein.eu\\\/fr\\\/#\\\/schema\\\/logo\\\/image\\\/\"}}]}<\/script>\n<!-- \/ Yoast SEO plugin. -->","yoast_head_json":{"title":"Weinviertel - WhyNotWein","robots":{"index":"index","follow":"follow","max-snippet":"max-snippet:-1","max-image-preview":"max-image-preview:large","max-video-preview":"max-video-preview:-1"},"canonical":"https:\/\/whynotwein.eu\/fr\/regions-viticoles\/basse-autriche\/weinviertel\/","og_locale":"fr_FR","og_type":"article","og_title":"Weinviertel - WhyNotWein","og_description":"R\u00e9gion viticole du Weinviertel Le Weinviertel est une r\u00e9gion vari\u00e9e, ouverte et accueillante. Les vignobles sur les collines douces alternent avec les champs de bl\u00e9 qui ondulent au vent. Des monuments culturels extraordinaires et des ruelles de caves de r\u00eave caract\u00e9risent ce vaste paysage. Plus de 13.356 hectares sont plant\u00e9s de vignes. Environ la moiti\u00e9 [&hellip;]","og_url":"https:\/\/whynotwein.eu\/fr\/regions-viticoles\/basse-autriche\/weinviertel\/","og_site_name":"WhyNotWein","article_modified_time":"2022-11-29T08:24:09+00:00","og_image":[{"url":"https:\/\/whynotwein.eu\/wp-content\/uploads\/2022\/11\/website-niederoesterreich-wappen-176x300.png","type":"","width":"","height":""}],"twitter_card":"summary_large_image","twitter_misc":{"Dur\u00e9e de lecture estim\u00e9e":"2 minutes"},"schema":{"@context":"https:\/\/schema.org","@graph":[{"@type":"WebPage","@id":"https:\/\/whynotwein.eu\/fr\/regions-viticoles\/basse-autriche\/weinviertel\/","url":"https:\/\/whynotwein.eu\/fr\/regions-viticoles\/basse-autriche\/weinviertel\/","name":"Weinviertel - WhyNotWein","isPartOf":{"@id":"https:\/\/whynotwein.eu\/fr\/#website"},"primaryImageOfPage":{"@id":"https:\/\/whynotwein.eu\/fr\/regions-viticoles\/basse-autriche\/weinviertel\/#primaryimage"},"image":{"@id":"https:\/\/whynotwein.eu\/fr\/regions-viticoles\/basse-autriche\/weinviertel\/#primaryimage"},"thumbnailUrl":"https:\/\/whynotwein.eu\/wp-content\/uploads\/2022\/11\/website-niederoesterreich-wappen-176x300.png","datePublished":"2016-08-29T10:06:45+00:00","dateModified":"2022-11-29T08:24:09+00:00","breadcrumb":{"@id":"https:\/\/whynotwein.eu\/fr\/regions-viticoles\/basse-autriche\/weinviertel\/#breadcrumb"},"inLanguage":"fr-FR","potentialAction":[{"@type":"ReadAction","target":["https:\/\/whynotwein.eu\/fr\/regions-viticoles\/basse-autriche\/weinviertel\/"]}]},{"@type":"ImageObject","inLanguage":"fr-FR","@id":"https:\/\/whynotwein.eu\/fr\/regions-viticoles\/basse-autriche\/weinviertel\/#primaryimage","url":"https:\/\/whynotwein.eu\/wp-content\/uploads\/2022\/11\/website-niederoesterreich-wappen-176x300.png","contentUrl":"https:\/\/whynotwein.eu\/wp-content\/uploads\/2022\/11\/website-niederoesterreich-wappen-176x300.png"},{"@type":"BreadcrumbList","@id":"https:\/\/whynotwein.eu\/fr\/regions-viticoles\/basse-autriche\/weinviertel\/#breadcrumb","itemListElement":[{"@type":"ListItem","position":1,"name":"Home","item":"https:\/\/whynotwein.eu\/fr\/"},{"@type":"ListItem","position":2,"name":"R\u00e9gions viticoles","item":"https:\/\/whynotwein.eu\/fr\/regions-viticoles\/"},{"@type":"ListItem","position":3,"name":"Basse Autriche","item":"https:\/\/whynotwein.eu\/fr\/regions-viticoles\/basse-autriche\/"},{"@type":"ListItem","position":4,"name":"Weinviertel"}]},{"@type":"WebSite","@id":"https:\/\/whynotwein.eu\/fr\/#website","url":"https:\/\/whynotwein.eu\/fr\/","name":"WhyNotWein","description":"Austrian Wines in Belgium","publisher":{"@id":"https:\/\/whynotwein.eu\/fr\/#organization"},"potentialAction":[{"@type":"SearchAction","target":{"@type":"EntryPoint","urlTemplate":"https:\/\/whynotwein.eu\/fr\/?s={search_term_string}"},"query-input":{"@type":"PropertyValueSpecification","valueRequired":true,"valueName":"search_term_string"}}],"inLanguage":"fr-FR"},{"@type":"Organization","@id":"https:\/\/whynotwein.eu\/fr\/#organization","name":"WhyNotWein","url":"https:\/\/whynotwein.eu\/fr\/","logo":{"@type":"ImageObject","inLanguage":"fr-FR","@id":"https:\/\/whynotwein.eu\/fr\/#\/schema\/logo\/image\/","url":"https:\/\/whynotwein.eu\/wp-content\/uploads\/2015\/12\/WhyNotWein_Logo_340.png","contentUrl":"https:\/\/whynotwein.eu\/wp-content\/uploads\/2015\/12\/WhyNotWein_Logo_340.png","width":340,"height":156,"caption":"WhyNotWein"},"image":{"@id":"https:\/\/whynotwein.eu\/fr\/#\/schema\/logo\/image\/"}}]}},"uagb_featured_image_src":{"full":false,"thumbnail":false,"medium":false,"medium_large":false,"large":false,"1536x1536":false,"2048x2048":false,"gform-image-choice-sm":false,"gform-image-choice-md":false,"gform-image-choice-lg":false,"woocommerce_thumbnail":false,"woocommerce_single":false,"woocommerce_gallery_thumbnail":false},"uagb_author_info":{"display_name":"Ren\u00e9 Clausen","author_link":"https:\/\/whynotwein.eu\/fr\/author\/rene\/"},"uagb_comment_info":0,"uagb_excerpt":"R\u00e9gion viticole du Weinviertel Le Weinviertel est une r\u00e9gion vari\u00e9e, ouverte et accueillante. Les vignobles sur les collines douces alternent avec les champs de bl\u00e9 qui ondulent au vent. Des monuments culturels extraordinaires et des ruelles de caves de r\u00eave caract\u00e9risent ce vaste paysage. Plus de 13.356 hectares sont plant\u00e9s de vignes. Environ la moiti\u00e9&hellip;","_links":{"self":[{"href":"https:\/\/whynotwein.eu\/fr\/wp-json\/wp\/v2\/pages\/12169","targetHints":{"allow":["GET"]}}],"collection":[{"href":"https:\/\/whynotwein.eu\/fr\/wp-json\/wp\/v2\/pages"}],"about":[{"href":"https:\/\/whynotwein.eu\/fr\/wp-json\/wp\/v2\/types\/page"}],"author":[{"embeddable":true,"href":"https:\/\/whynotwein.eu\/fr\/wp-json\/wp\/v2\/users\/2345"}],"replies":[{"embeddable":true,"href":"https:\/\/whynotwein.eu\/fr\/wp-json\/wp\/v2\/comments?post=12169"}],"version-history":[{"count":6,"href":"https:\/\/whynotwein.eu\/fr\/wp-json\/wp\/v2\/pages\/12169\/revisions"}],"predecessor-version":[{"id":27114,"href":"https:\/\/whynotwein.eu\/fr\/wp-json\/wp\/v2\/pages\/12169\/revisions\/27114"}],"up":[{"embeddable":true,"href":"https:\/\/whynotwein.eu\/fr\/wp-json\/wp\/v2\/pages\/11919"}],"wp:attachment":[{"href":"https:\/\/whynotwein.eu\/fr\/wp-json\/wp\/v2\/media?parent=12169"}],"curies":[{"name":"wp","href":"https:\/\/api.w.org\/{rel}","templated":true}]}}