{"id":13402,"date":"2015-12-10T13:08:03","date_gmt":"2015-12-10T12:08:03","guid":{"rendered":"https:\/\/whynotwein.eu\/information-client\/datenschutz\/"},"modified":"2022-10-03T14:02:08","modified_gmt":"2022-10-03T12:02:08","slug":"datenschutz","status":"publish","type":"page","link":"https:\/\/whynotwein.eu\/fr\/information-client\/datenschutz\/","title":{"rendered":"Protection des donn\u00e9es"},"content":{"rendered":"\n<div class=\"wp-block-uagb-container uagb-block-fd00a116 alignwide uagb-is-root-container\">\n<h3 class=\"wp-block-heading\">Champ d&#8217;application<\/h3>\n\n\n\n<p>Cette d\u00e9claration de confidentialit\u00e9 explique aux utilisateurs la nature, l&#8217;\u00e9tendue et les finalit\u00e9s de la collecte et de l&#8217;utilisation des donn\u00e9es personnelles par le fournisseur responsable WHY NOT WEIN, Rue des Bataves 19, B-1040 Bruxelles.<br\/>BELGIQUE, t\u00e9l. : +32 498 317 551, e-mail : office@whynotwein.eu, sur ce site web (ci-apr\u00e8s &#8220;l&#8217;offre&#8221;).<\/p>\n\n\n\n<h3 class=\"wp-block-heading\">Donn\u00e9es d&#8217;acc\u00e8s\/ fichiers journaux du serveur<\/h3>\n\n\n\n<p>Le fournisseur (ou son fournisseur d&#8217;espace web) recueille des donn\u00e9es sur chaque acc\u00e8s \u00e0 l&#8217;offre (appel\u00e9es fichiers journaux du serveur). Les donn\u00e9es d&#8217;acc\u00e8s comprennent<\/p>\n\n\n\n<p>Nom de la page web consult\u00e9e, fichier, date et heure de la consultation, quantit\u00e9 de donn\u00e9es transmises, notification de la r\u00e9ussite de la consultation, type et version du navigateur, syst\u00e8me d&#8217;exploitation de l&#8217;utilisateur, URL de r\u00e9f\u00e9rence (la page visit\u00e9e pr\u00e9c\u00e9demment), adresse IP et fournisseur d&#8217;acc\u00e8s.<\/p>\n\n\n\n<p>Le fournisseur utilise les donn\u00e9es du protocole uniquement pour des \u00e9valuations statistiques dans le but d&#8217;assurer le fonctionnement, la s\u00e9curit\u00e9 et l&#8217;optimisation de l&#8217;offre. Le fournisseur se r\u00e9serve toutefois le droit de v\u00e9rifier ult\u00e9rieurement les donn\u00e9es du protocole si, sur la base d&#8217;indices concrets, il existe un soup\u00e7on l\u00e9gitime d&#8217;utilisation ill\u00e9gale.<\/p>\n\n\n\n<h3 class=\"wp-block-heading\">Traitement des donn\u00e9es \u00e0 caract\u00e8re personnel<\/h3>\n\n\n\n<p>Les donn\u00e9es \u00e0 caract\u00e8re personnel sont des informations qui permettent d&#8217;identifier une personne, c&#8217;est-\u00e0-dire des donn\u00e9es qui peuvent \u00eatre retrac\u00e9es jusqu&#8217;\u00e0 une personne. Il s&#8217;agit notamment du nom, de l&#8217;adresse \u00e9lectronique ou du num\u00e9ro de t\u00e9l\u00e9phone.<\/p>\n\n\n\n<p>Les donn\u00e9es personnelles ne sont collect\u00e9es, utilis\u00e9es et transmises par le fournisseur que si la loi l&#8217;autorise ou si les utilisateurs consentent \u00e0 la collecte des donn\u00e9es.<\/p>\n\n\n\n<h3 class=\"wp-block-heading\">Prise de contact<\/h3>\n\n\n\n<p>Lors de la prise de contact avec le fournisseur (par exemple via le formulaire de contact ou par e-mail), les donn\u00e9es de l&#8217;utilisateur sont enregistr\u00e9es dans le but de traiter la demande ainsi que pour le cas o\u00f9 des questions de suivi se poseraient.<\/p>\n\n\n\n<h3 class=\"wp-block-heading\">Commentaires et contributions<\/h3>\n\n\n\n<p>Lorsque les utilisateurs laissent des commentaires sur le blog ou d&#8217;autres contributions, leur adresse IP est enregistr\u00e9e. Ceci est fait pour la s\u00e9curit\u00e9 du fournisseur, au cas o\u00f9 quelqu&#8217;un \u00e9crirait des contenus illicites dans les commentaires et les contributions (insultes, propagande politique interdite, etc.). Dans ce cas, le fournisseur lui-m\u00eame peut \u00eatre poursuivi pour le commentaire ou la contribution et est donc int\u00e9ress\u00e9 par l&#8217;identit\u00e9 de l&#8217;auteur.<\/p>\n\n\n\n<h3 class=\"wp-block-heading\">Abonnements aux commentaires<\/h3>\n\n\n\n<p>Les utilisateurs peuvent s&#8217;abonner aux commentaires de suivi. Les utilisateurs re\u00e7oivent un e-mail de confirmation afin de v\u00e9rifier qu&#8217;ils sont bien le titulaire de l&#8217;adresse e-mail saisie. Les utilisateurs peuvent \u00e0 tout moment se d\u00e9sabonner des commentaires en cours. L&#8217;e-mail de confirmation contiendra des indications \u00e0 ce sujet.<\/p>\n\n\n\n<h3 class=\"wp-block-heading\">Bulletin d&#8217;information<\/h3>\n\n\n\n<p>Avec la newsletter, nous vous informons sur nous et nos offres.<\/p>\n\n\n\n<p>Si vous souhaitez recevoir la newsletter, nous avons besoin d&#8217;une adresse e-mail valide ainsi que d&#8217;informations qui nous permettent de v\u00e9rifier que vous \u00eates le propri\u00e9taire de l&#8217;adresse e-mail indiqu\u00e9e ou que son propri\u00e9taire accepte de recevoir la newsletter. Aucune autre donn\u00e9e n&#8217;est collect\u00e9e. Ces donn\u00e9es ne sont utilis\u00e9es que pour l&#8217;envoi de la newsletter et ne sont pas transmises \u00e0 des tiers.<\/p>\n\n\n\n<p>En vous inscrivant \u00e0 la newsletter, nous enregistrons votre adresse IP et la date d&#8217;inscription. Ce stockage sert uniquement de preuve dans le cas o\u00f9 un tiers abuse d&#8217;une adresse e-mail et s&#8217;inscrit \u00e0 la r\u00e9ception de la newsletter \u00e0 l&#8217;insu de l&#8217;ayant droit.<\/p>\n\n\n\n<p>Vous pouvez \u00e0 tout moment r\u00e9voquer votre consentement \u00e0 l&#8217;enregistrement des donn\u00e9es, de l&#8217;adresse e-mail et de leur utilisation pour l&#8217;envoi de la newsletter. La r\u00e9vocation peut \u00eatre effectu\u00e9e via un lien dans les newsletters elles-m\u00eames, dans votre zone de profil ou par communication aux possibilit\u00e9s de contact ci-dessus.<\/p>\n\n\n\n<h3 class=\"wp-block-heading\">Int\u00e9gration de services et de contenus de tiers<\/h3>\n\n\n\n<p>Il peut arriver que des contenus de tiers soient int\u00e9gr\u00e9s dans cette offre en ligne, comme par exemple des vid\u00e9os de YouTube, des cartes de Google-Maps, des flux RSS ou des graphiques d&#8217;autres sites web. Cela suppose toujours que les fournisseurs de ces contenus (ci-apr\u00e8s d\u00e9nomm\u00e9s &#8220;fournisseurs tiers&#8221;) prennent connaissance de l&#8217;adresse IP des utilisateurs. En effet, sans l&#8217;adresse IP, ils ne pourraient pas envoyer les contenus au navigateur de l&#8217;utilisateur concern\u00e9. L&#8217;adresse IP est donc n\u00e9cessaire \u00e0 l&#8217;affichage de ces contenus. Nous nous effor\u00e7ons de n&#8217;utiliser que des contenus dont les fournisseurs respectifs utilisent l&#8217;adresse IP uniquement pour la livraison des contenus. Toutefois, nous n&#8217;avons aucune influence sur le fait que les fournisseurs tiers enregistrent l&#8217;adresse IP, par exemple \u00e0 des fins statistiques. Dans la mesure o\u00f9 nous en avons connaissance, nous en informons les utilisateurs.<\/p>\n\n\n\n<h3 class=\"wp-block-heading\">Cookies<\/h3>\n\n\n\n<p>Les cookies sont de petits fichiers qui permettent d&#8217;enregistrer sur l&#8217;appareil d&#8217;acc\u00e8s des utilisateurs (PC, smartphone ou autre) des informations sp\u00e9cifiques li\u00e9es \u00e0 cet appareil. Ils servent d&#8217;une part \u00e0 la convivialit\u00e9 des sites web et donc aux utilisateurs (p. ex. enregistrement des donn\u00e9es de connexion). D&#8217;autre part, ils servent \u00e0 saisir les donn\u00e9es statistiques de l&#8217;utilisation du site web et \u00e0 pouvoir les analyser en vue d&#8217;am\u00e9liorer l&#8217;offre. Les utilisateurs peuvent influer sur l&#8217;utilisation des cookies. La plupart des navigateurs disposent d&#8217;une option permettant de limiter ou d&#8217;emp\u00eacher compl\u00e8tement l&#8217;enregistrement de cookies. Il est toutefois pr\u00e9cis\u00e9 que sans cookies, l&#8217;utilisation et notamment le confort d&#8217;utilisation sont limit\u00e9s.<\/p>\n\n\n\n<p>Vous pouvez g\u00e9rer de nombreux cookies d&#8217;annonces en ligne d&#8217;entreprises via le site am\u00e9ricain http:\/\/www.aboutads.info\/choices\/ ou le site de l&#8217;UE http:\/\/www.youronlinechoices.com\/uk\/your-ad-choices\/.<\/p>\n\n\n\n<h3 class=\"wp-block-heading\">Fonction d&#8217;enregistrement<\/h3>\n\n\n\n<p>Les donn\u00e9es saisies dans le cadre de l&#8217;enregistrement sont utilis\u00e9es aux fins de l&#8217;utilisation de l&#8217;offre. Les utilisateurs peuvent \u00eatre inform\u00e9s par e-mail des informations relatives \u00e0 l&#8217;offre ou \u00e0 l&#8217;enregistrement, telles que les modifications de l&#8217;\u00e9tendue de l&#8217;offre ou les circonstances techniques. Les donn\u00e9es collect\u00e9es sont visibles dans le masque de saisie dans le cadre de l&#8217;enregistrement.<\/p>\n\n\n\n<h3 class=\"wp-block-heading\">Google Analytics<\/h3>\n\n\n\n<p>Cette offre utilise Google Analytics, un service d&#8217;analyse web de Google Inc. (&#8220;Google&#8221;). Google Analytics utilise des &#8220;cookies&#8221;, des fichiers texte qui sont enregistr\u00e9s sur les ordinateurs des utilisateurs et qui permettent d&#8217;analyser l&#8217;utilisation du site web par ces derniers. Les informations g\u00e9n\u00e9r\u00e9es par le cookie concernant l&#8217;utilisation de ce site web par les utilisateurs sont g\u00e9n\u00e9ralement transmises \u00e0 un serveur de Google aux \u00c9tats-Unis et y sont stock\u00e9es.<\/p>\n\n\n\n<p>Si l&#8217;anonymisation IP est activ\u00e9e sur ce site, l&#8217;adresse IP de l&#8217;utilisateur sera toutefois pr\u00e9alablement abr\u00e9g\u00e9e par Google dans les \u00c9tats membres de l&#8217;Union europ\u00e9enne ou dans d&#8217;autres \u00c9tats parties \u00e0 l&#8217;accord sur l&#8217;Espace \u00e9conomique europ\u00e9en. Ce n&#8217;est que dans des cas exceptionnels que l&#8217;adresse IP compl\u00e8te est transmise \u00e0 un serveur de Google aux \u00c9tats-Unis et y est raccourcie. L&#8217;anonymisation IP est active sur ce site. Google utilisera ces informations pour le compte de l&#8217;exploitant de ce site web afin d&#8217;\u00e9valuer l&#8217;utilisation du site web par les utilisateurs, de compiler des rapports sur les activit\u00e9s du site web et de fournir \u00e0 l&#8217;exploitant du site web d&#8217;autres services li\u00e9s \u00e0 l&#8217;utilisation du site web et d&#8217;Internet.<\/p>\n\n\n\n<p>L&#8217;adresse IP transmise par votre navigateur dans le cadre de Google Analytics n&#8217;est pas recoup\u00e9e avec d&#8217;autres donn\u00e9es de Google. Les utilisateurs peuvent emp\u00eacher l&#8217;enregistrement des cookies en configurant leur logiciel de navigation en cons\u00e9quence ; cette offre attire toutefois l&#8217;attention des utilisateurs sur le fait que, dans ce cas, ils ne pourront \u00e9ventuellement pas utiliser toutes les fonctions de ce site web dans leur int\u00e9gralit\u00e9. Les utilisateurs peuvent en outre emp\u00eacher la saisie par Google des donn\u00e9es g\u00e9n\u00e9r\u00e9es par le cookie et se rapportant \u00e0 leur utilisation du site web (y compris leur adresse IP) ainsi que le traitement de ces donn\u00e9es par Google en t\u00e9l\u00e9chargeant et en installant le plug-in de navigateur disponible sous le lien suivant : http:\/\/tools.google.com\/dlpage\/gaoptout?hl=de.<\/p>\n\n\n\n<p>Pour plus d&#8217;informations sur l&#8217;utilisation des donn\u00e9es \u00e0 des fins publicitaires par Google et sur les possibilit\u00e9s de param\u00e9trage et d&#8217;opposition, veuillez consulter les sites web de Google : https:\/\/www.google.com\/intl\/de\/policies\/privacy\/partners\/ (&#8220;Utilisation des donn\u00e9es par Google lors de votre utilisation de sites web ou d&#8217;applications de nos partenaires&#8221;), http:\/\/www.google.com\/policies\/technologies\/ads (&#8220;Utilisation des donn\u00e9es \u00e0 des fins publicitaires&#8221;), http:\/\/www.google.de\/settings\/ads (&#8220;G\u00e9rer les informations que Google utilise pour vous montrer des publicit\u00e9s&#8221;) et http:\/\/www.google.com\/ads\/preferences\/ (&#8220;D\u00e9finir les publicit\u00e9s que Google vous montre&#8221;).<\/p>\n\n\n\n<p>Comme alternative au module compl\u00e9mentaire du navigateur ou dans les navigateurs sur les appareils mobiles, veuillez cliquer sur ce lien pour emp\u00eacher \u00e0 l&#8217;avenir la saisie par Google Analytics dans ce site web. Un cookie opt-out est alors d\u00e9pos\u00e9 sur votre appareil. Si vous supprimez vos cookies, vous devez cliquer \u00e0 nouveau sur ce lien.<br\/>R\u00e9vocation, modifications, corrections et mises \u00e0 jour<\/p>\n\n\n\n<p>L&#8217;utilisateur a le droit d&#8217;obtenir gratuitement, sur demande, des informations sur les donn\u00e9es \u00e0 caract\u00e8re personnel le concernant qui ont \u00e9t\u00e9 enregistr\u00e9es. En outre, l&#8217;utilisateur a le droit de rectifier des donn\u00e9es inexactes, de bloquer et de supprimer ses donn\u00e9es personnelles, dans la mesure o\u00f9 aucune obligation l\u00e9gale de conservation ne s&#8217;y oppose.<\/p>\n<\/div>\n","protected":false},"excerpt":{"rendered":"<p>Champ d&#8217;application Cette d\u00e9claration de confidentialit\u00e9 explique aux utilisateurs la nature, l&#8217;\u00e9tendue et les finalit\u00e9s de la collecte et de l&#8217;utilisation des donn\u00e9es personnelles par le fournisseur responsable WHY NOT WEIN, Rue des Bataves 19, B-1040 Bruxelles.BELGIQUE, t\u00e9l. : +32 498 317 551, e-mail : office@whynotwein.eu, sur ce site web (ci-apr\u00e8s &#8220;l&#8217;offre&#8221;). Donn\u00e9es d&#8217;acc\u00e8s\/ fichiers [&hellip;]<\/p>\n","protected":false},"author":2539,"featured_media":0,"parent":4828,"menu_order":0,"comment_status":"closed","ping_status":"closed","template":"","meta":{"_eb_attr":"","_uag_custom_page_level_css":"","site-sidebar-layout":"default","site-content-layout":"","ast-site-content-layout":"default","site-content-style":"default","site-sidebar-style":"default","ast-global-header-display":"","ast-banner-title-visibility":"","ast-main-header-display":"","ast-hfb-above-header-display":"","ast-hfb-below-header-display":"","ast-hfb-mobile-header-display":"","site-post-title":"","ast-breadcrumbs-content":"","ast-featured-img":"","footer-sml-layout":"","ast-disable-related-posts":"","theme-transparent-header-meta":"","adv-header-id-meta":"","stick-header-meta":"","header-above-stick-meta":"","header-main-stick-meta":"","header-below-stick-meta":"","astra-migrate-meta-layouts":"default","ast-page-background-enabled":"default","ast-page-background-meta":{"desktop":{"background-color":"var(--ast-global-color-4)","background-image":"","background-repeat":"repeat","background-position":"center center","background-size":"auto","background-attachment":"scroll","background-type":"","background-media":"","overlay-type":"","overlay-color":"","overlay-opacity":"","overlay-gradient":""},"tablet":{"background-color":"","background-image":"","background-repeat":"repeat","background-position":"center center","background-size":"auto","background-attachment":"scroll","background-type":"","background-media":"","overlay-type":"","overlay-color":"","overlay-opacity":"","overlay-gradient":""},"mobile":{"background-color":"","background-image":"","background-repeat":"repeat","background-position":"center center","background-size":"auto","background-attachment":"scroll","background-type":"","background-media":"","overlay-type":"","overlay-color":"","overlay-opacity":"","overlay-gradient":""}},"ast-content-background-meta":{"desktop":{"background-color":"var(--ast-global-color-5)","background-image":"","background-repeat":"repeat","background-position":"center center","background-size":"auto","background-attachment":"scroll","background-type":"","background-media":"","overlay-type":"","overlay-color":"","overlay-opacity":"","overlay-gradient":""},"tablet":{"background-color":"var(--ast-global-color-5)","background-image":"","background-repeat":"repeat","background-position":"center center","background-size":"auto","background-attachment":"scroll","background-type":"","background-media":"","overlay-type":"","overlay-color":"","overlay-opacity":"","overlay-gradient":""},"mobile":{"background-color":"var(--ast-global-color-5)","background-image":"","background-repeat":"repeat","background-position":"center center","background-size":"auto","background-attachment":"scroll","background-type":"","background-media":"","overlay-type":"","overlay-color":"","overlay-opacity":"","overlay-gradient":""}},"footnotes":""},"class_list":["post-13402","page","type-page","status-publish","hentry"],"yoast_head":"<!-- This site is optimized with the Yoast SEO plugin v27.3 - https:\/\/yoast.com\/product\/yoast-seo-wordpress\/ -->\n<title>Protection des donn\u00e9es - WhyNotWein<\/title>\n<meta name=\"robots\" content=\"index, follow, max-snippet:-1, max-image-preview:large, max-video-preview:-1\" \/>\n<link rel=\"canonical\" href=\"https:\/\/whynotwein.eu\/fr\/information-client\/datenschutz\/\" \/>\n<meta property=\"og:locale\" content=\"fr_FR\" \/>\n<meta property=\"og:type\" content=\"article\" \/>\n<meta property=\"og:title\" content=\"Protection des donn\u00e9es - WhyNotWein\" \/>\n<meta property=\"og:description\" content=\"Champ d&#8217;application Cette d\u00e9claration de confidentialit\u00e9 explique aux utilisateurs la nature, l&#8217;\u00e9tendue et les finalit\u00e9s de la collecte et de l&#8217;utilisation des donn\u00e9es personnelles par le fournisseur responsable WHY NOT WEIN, Rue des Bataves 19, B-1040 Bruxelles.BELGIQUE, t\u00e9l. : +32 498 317 551, e-mail : office@whynotwein.eu, sur ce site web (ci-apr\u00e8s &#8220;l&#8217;offre&#8221;). Donn\u00e9es d&#8217;acc\u00e8s\/ fichiers [&hellip;]\" \/>\n<meta property=\"og:url\" content=\"https:\/\/whynotwein.eu\/fr\/information-client\/datenschutz\/\" \/>\n<meta property=\"og:site_name\" content=\"WhyNotWein\" \/>\n<meta property=\"article:modified_time\" content=\"2022-10-03T12:02:08+00:00\" \/>\n<meta name=\"twitter:card\" content=\"summary_large_image\" \/>\n<meta name=\"twitter:label1\" content=\"Dur\u00e9e de lecture estim\u00e9e\" \/>\n\t<meta name=\"twitter:data1\" content=\"8 minutes\" \/>\n<script type=\"application\/ld+json\" class=\"yoast-schema-graph\">{\"@context\":\"https:\\\/\\\/schema.org\",\"@graph\":[{\"@type\":\"WebPage\",\"@id\":\"https:\\\/\\\/whynotwein.eu\\\/fr\\\/information-client\\\/datenschutz\\\/\",\"url\":\"https:\\\/\\\/whynotwein.eu\\\/fr\\\/information-client\\\/datenschutz\\\/\",\"name\":\"Protection des donn\u00e9es - WhyNotWein\",\"isPartOf\":{\"@id\":\"https:\\\/\\\/whynotwein.eu\\\/fr\\\/#website\"},\"datePublished\":\"2015-12-10T12:08:03+00:00\",\"dateModified\":\"2022-10-03T12:02:08+00:00\",\"breadcrumb\":{\"@id\":\"https:\\\/\\\/whynotwein.eu\\\/fr\\\/information-client\\\/datenschutz\\\/#breadcrumb\"},\"inLanguage\":\"fr-FR\",\"potentialAction\":[{\"@type\":\"ReadAction\",\"target\":[\"https:\\\/\\\/whynotwein.eu\\\/fr\\\/information-client\\\/datenschutz\\\/\"]}]},{\"@type\":\"BreadcrumbList\",\"@id\":\"https:\\\/\\\/whynotwein.eu\\\/fr\\\/information-client\\\/datenschutz\\\/#breadcrumb\",\"itemListElement\":[{\"@type\":\"ListItem\",\"position\":1,\"name\":\"Home\",\"item\":\"https:\\\/\\\/whynotwein.eu\\\/fr\\\/\"},{\"@type\":\"ListItem\",\"position\":2,\"name\":\"Informations client\",\"item\":\"https:\\\/\\\/whynotwein.eu\\\/fr\\\/information-client\\\/\"},{\"@type\":\"ListItem\",\"position\":3,\"name\":\"Protection des donn\u00e9es\"}]},{\"@type\":\"WebSite\",\"@id\":\"https:\\\/\\\/whynotwein.eu\\\/fr\\\/#website\",\"url\":\"https:\\\/\\\/whynotwein.eu\\\/fr\\\/\",\"name\":\"WhyNotWein\",\"description\":\"Austrian Wines in Belgium\",\"publisher\":{\"@id\":\"https:\\\/\\\/whynotwein.eu\\\/fr\\\/#organization\"},\"potentialAction\":[{\"@type\":\"SearchAction\",\"target\":{\"@type\":\"EntryPoint\",\"urlTemplate\":\"https:\\\/\\\/whynotwein.eu\\\/fr\\\/?s={search_term_string}\"},\"query-input\":{\"@type\":\"PropertyValueSpecification\",\"valueRequired\":true,\"valueName\":\"search_term_string\"}}],\"inLanguage\":\"fr-FR\"},{\"@type\":\"Organization\",\"@id\":\"https:\\\/\\\/whynotwein.eu\\\/fr\\\/#organization\",\"name\":\"WhyNotWein\",\"url\":\"https:\\\/\\\/whynotwein.eu\\\/fr\\\/\",\"logo\":{\"@type\":\"ImageObject\",\"inLanguage\":\"fr-FR\",\"@id\":\"https:\\\/\\\/whynotwein.eu\\\/fr\\\/#\\\/schema\\\/logo\\\/image\\\/\",\"url\":\"https:\\\/\\\/whynotwein.eu\\\/wp-content\\\/uploads\\\/2015\\\/12\\\/WhyNotWein_Logo_340.png\",\"contentUrl\":\"https:\\\/\\\/whynotwein.eu\\\/wp-content\\\/uploads\\\/2015\\\/12\\\/WhyNotWein_Logo_340.png\",\"width\":340,\"height\":156,\"caption\":\"WhyNotWein\"},\"image\":{\"@id\":\"https:\\\/\\\/whynotwein.eu\\\/fr\\\/#\\\/schema\\\/logo\\\/image\\\/\"}}]}<\/script>\n<!-- \/ Yoast SEO plugin. -->","yoast_head_json":{"title":"Protection des donn\u00e9es - WhyNotWein","robots":{"index":"index","follow":"follow","max-snippet":"max-snippet:-1","max-image-preview":"max-image-preview:large","max-video-preview":"max-video-preview:-1"},"canonical":"https:\/\/whynotwein.eu\/fr\/information-client\/datenschutz\/","og_locale":"fr_FR","og_type":"article","og_title":"Protection des donn\u00e9es - WhyNotWein","og_description":"Champ d&#8217;application Cette d\u00e9claration de confidentialit\u00e9 explique aux utilisateurs la nature, l&#8217;\u00e9tendue et les finalit\u00e9s de la collecte et de l&#8217;utilisation des donn\u00e9es personnelles par le fournisseur responsable WHY NOT WEIN, Rue des Bataves 19, B-1040 Bruxelles.BELGIQUE, t\u00e9l. : +32 498 317 551, e-mail : office@whynotwein.eu, sur ce site web (ci-apr\u00e8s &#8220;l&#8217;offre&#8221;). Donn\u00e9es d&#8217;acc\u00e8s\/ fichiers [&hellip;]","og_url":"https:\/\/whynotwein.eu\/fr\/information-client\/datenschutz\/","og_site_name":"WhyNotWein","article_modified_time":"2022-10-03T12:02:08+00:00","twitter_card":"summary_large_image","twitter_misc":{"Dur\u00e9e de lecture estim\u00e9e":"8 minutes"},"schema":{"@context":"https:\/\/schema.org","@graph":[{"@type":"WebPage","@id":"https:\/\/whynotwein.eu\/fr\/information-client\/datenschutz\/","url":"https:\/\/whynotwein.eu\/fr\/information-client\/datenschutz\/","name":"Protection des donn\u00e9es - WhyNotWein","isPartOf":{"@id":"https:\/\/whynotwein.eu\/fr\/#website"},"datePublished":"2015-12-10T12:08:03+00:00","dateModified":"2022-10-03T12:02:08+00:00","breadcrumb":{"@id":"https:\/\/whynotwein.eu\/fr\/information-client\/datenschutz\/#breadcrumb"},"inLanguage":"fr-FR","potentialAction":[{"@type":"ReadAction","target":["https:\/\/whynotwein.eu\/fr\/information-client\/datenschutz\/"]}]},{"@type":"BreadcrumbList","@id":"https:\/\/whynotwein.eu\/fr\/information-client\/datenschutz\/#breadcrumb","itemListElement":[{"@type":"ListItem","position":1,"name":"Home","item":"https:\/\/whynotwein.eu\/fr\/"},{"@type":"ListItem","position":2,"name":"Informations client","item":"https:\/\/whynotwein.eu\/fr\/information-client\/"},{"@type":"ListItem","position":3,"name":"Protection des donn\u00e9es"}]},{"@type":"WebSite","@id":"https:\/\/whynotwein.eu\/fr\/#website","url":"https:\/\/whynotwein.eu\/fr\/","name":"WhyNotWein","description":"Austrian Wines in Belgium","publisher":{"@id":"https:\/\/whynotwein.eu\/fr\/#organization"},"potentialAction":[{"@type":"SearchAction","target":{"@type":"EntryPoint","urlTemplate":"https:\/\/whynotwein.eu\/fr\/?s={search_term_string}"},"query-input":{"@type":"PropertyValueSpecification","valueRequired":true,"valueName":"search_term_string"}}],"inLanguage":"fr-FR"},{"@type":"Organization","@id":"https:\/\/whynotwein.eu\/fr\/#organization","name":"WhyNotWein","url":"https:\/\/whynotwein.eu\/fr\/","logo":{"@type":"ImageObject","inLanguage":"fr-FR","@id":"https:\/\/whynotwein.eu\/fr\/#\/schema\/logo\/image\/","url":"https:\/\/whynotwein.eu\/wp-content\/uploads\/2015\/12\/WhyNotWein_Logo_340.png","contentUrl":"https:\/\/whynotwein.eu\/wp-content\/uploads\/2015\/12\/WhyNotWein_Logo_340.png","width":340,"height":156,"caption":"WhyNotWein"},"image":{"@id":"https:\/\/whynotwein.eu\/fr\/#\/schema\/logo\/image\/"}}]}},"uagb_featured_image_src":{"full":false,"thumbnail":false,"medium":false,"medium_large":false,"large":false,"1536x1536":false,"2048x2048":false,"gform-image-choice-sm":false,"gform-image-choice-md":false,"gform-image-choice-lg":false,"woocommerce_thumbnail":false,"woocommerce_single":false,"woocommerce_gallery_thumbnail":false},"uagb_author_info":{"display_name":"Thomas Buchst\u00e4tter","author_link":"https:\/\/whynotwein.eu\/fr\/author\/bukaznik\/"},"uagb_comment_info":0,"uagb_excerpt":"Champ d&#8217;application Cette d\u00e9claration de confidentialit\u00e9 explique aux utilisateurs la nature, l&#8217;\u00e9tendue et les finalit\u00e9s de la collecte et de l&#8217;utilisation des donn\u00e9es personnelles par le fournisseur responsable WHY NOT WEIN, Rue des Bataves 19, B-1040 Bruxelles.BELGIQUE, t\u00e9l. : +32 498 317 551, e-mail : office@whynotwein.eu, sur ce site web (ci-apr\u00e8s &#8220;l&#8217;offre&#8221;). Donn\u00e9es d&#8217;acc\u00e8s\/ fichiers&hellip;","_links":{"self":[{"href":"https:\/\/whynotwein.eu\/fr\/wp-json\/wp\/v2\/pages\/13402","targetHints":{"allow":["GET"]}}],"collection":[{"href":"https:\/\/whynotwein.eu\/fr\/wp-json\/wp\/v2\/pages"}],"about":[{"href":"https:\/\/whynotwein.eu\/fr\/wp-json\/wp\/v2\/types\/page"}],"author":[{"embeddable":true,"href":"https:\/\/whynotwein.eu\/fr\/wp-json\/wp\/v2\/users\/2539"}],"replies":[{"embeddable":true,"href":"https:\/\/whynotwein.eu\/fr\/wp-json\/wp\/v2\/comments?post=13402"}],"version-history":[{"count":5,"href":"https:\/\/whynotwein.eu\/fr\/wp-json\/wp\/v2\/pages\/13402\/revisions"}],"predecessor-version":[{"id":24707,"href":"https:\/\/whynotwein.eu\/fr\/wp-json\/wp\/v2\/pages\/13402\/revisions\/24707"}],"up":[{"embeddable":true,"href":"https:\/\/whynotwein.eu\/fr\/wp-json\/wp\/v2\/pages\/4828"}],"wp:attachment":[{"href":"https:\/\/whynotwein.eu\/fr\/wp-json\/wp\/v2\/media?parent=13402"}],"curies":[{"name":"wp","href":"https:\/\/api.w.org\/{rel}","templated":true}]}}