{"id":15311,"date":"2019-03-04T14:26:08","date_gmt":"2019-03-04T13:26:08","guid":{"rendered":"https:\/\/whynotwein.eu\/weinregionen\/burgenland\/mittelburgenland\/"},"modified":"2022-11-24T13:07:03","modified_gmt":"2022-11-24T12:07:03","slug":"mittelburgenland","status":"publish","type":"page","link":"https:\/\/whynotwein.eu\/fr\/regions-viticoles\/burgenland\/mittelburgenland\/","title":{"rendered":"Mittelburgenland"},"content":{"rendered":"\n<div class=\"wp-block-uagb-container uagb-block-fecaacdf alignfull uagb-is-root-container\"><div class=\"uagb-container-inner-blocks-wrap\">\n<div class=\"wp-block-uagb-container uagb-block-0a95a7a9 alignfull uagb-is-root-container\"><div class=\"uagb-container-inner-blocks-wrap\">\n<div class=\"wp-block-uagb-image uagb-block-d0e298cd wp-block-uagb-image--layout-default wp-block-uagb-image--effect-static wp-block-uagb-image--align-center\"><figure class=\"wp-block-uagb-image__figure\"><a class=\"\" href=\"https:\/\/pswp.fra1.digitaloceanspaces.com\/w\/20250922165938\/website-burgenland-wappen.png\" target=\"\" rel=\"noopener\"><img decoding=\"async\" srcset=\"https:\/\/pswp.fra1.digitaloceanspaces.com\/w\/20250922165938\/website-burgenland-wappen-248x300.png \" src=\"https:\/\/pswp.fra1.digitaloceanspaces.com\/w\/20250922165938\/website-burgenland-wappen-248x300.png\" alt=\"\" class=\"uag-image-26448\" width=\"248\" height=\"300\" title=\"\"\/><\/a><\/figure><\/div>\n\n\n\n<div class=\"wp-block-uagb-icon-list uagb-block-8a91bae3\"><div class=\"uagb-icon-list__wrap\">\n<div class=\"wp-block-uagb-icon-list-child uagb-block-bb2145e8\"><span class=\"uagb-icon-list__source-wrap\"><svg xmlns=\"https:\/\/www.w3.org\/2000\/svg\" viewbox=\"0 0 512 512\"><path d=\"M256 0C114.6 0 0 114.6 0 256c0 141.4 114.6 256 256 256s256-114.6 256-256C512 114.6 397.4 0 256 0zM406.6 278.6l-103.1 103.1c-12.5 12.5-32.75 12.5-45.25 0s-12.5-32.75 0-45.25L306.8 288H128C110.3 288 96 273.7 96 256s14.31-32 32-32h178.8l-49.38-49.38c-12.5-12.5-12.5-32.75 0-45.25s32.75-12.5 45.25 0l103.1 103.1C414.6 241.3 416 251.1 416 256C416 260.9 414.6 270.7 406.6 278.6z\"><\/path><\/svg><\/span><span class=\"uagb-icon-list__label\">Sols argileux profonds<\/span><\/div>\n\n\n\n<div class=\"wp-block-uagb-icon-list-child uagb-block-1ecb024d\"><span class=\"uagb-icon-list__source-wrap\"><svg xmlns=\"https:\/\/www.w3.org\/2000\/svg\" viewbox=\"0 0 512 512\"><path d=\"M256 0C114.6 0 0 114.6 0 256c0 141.4 114.6 256 256 256s256-114.6 256-256C512 114.6 397.4 0 256 0zM406.6 278.6l-103.1 103.1c-12.5 12.5-32.75 12.5-45.25 0s-12.5-32.75 0-45.25L306.8 288H128C110.3 288 96 273.7 96 256s14.31-32 32-32h178.8l-49.38-49.38c-12.5-12.5-12.5-32.75 0-45.25s32.75-12.5 45.25 0l103.1 103.1C414.6 241.3 416 251.1 416 256C416 260.9 414.6 270.7 406.6 278.6z\"><\/path><\/svg><\/span><span class=\"uagb-icon-list__label\">Sections avec roche calcaire<\/span><\/div>\n\n\n\n<div class=\"wp-block-uagb-icon-list-child uagb-block-7fc29c96\"><span class=\"uagb-icon-list__source-wrap\"><svg xmlns=\"https:\/\/www.w3.org\/2000\/svg\" viewbox=\"0 0 512 512\"><path d=\"M256 0C114.6 0 0 114.6 0 256c0 141.4 114.6 256 256 256s256-114.6 256-256C512 114.6 397.4 0 256 0zM406.6 278.6l-103.1 103.1c-12.5 12.5-32.75 12.5-45.25 0s-12.5-32.75 0-45.25L306.8 288H128C110.3 288 96 273.7 96 256s14.31-32 32-32h178.8l-49.38-49.38c-12.5-12.5-12.5-32.75 0-45.25s32.75-12.5 45.25 0l103.1 103.1C414.6 241.3 416 251.1 416 256C416 260.9 414.6 270.7 406.6 278.6z\"><\/path><\/svg><\/span><span class=\"uagb-icon-list__label\">Les meilleures conditions pour le raisin<\/span><\/div>\n<\/div><\/div>\n<\/div><\/div>\n\n\n\n<div class=\"wp-block-uagb-container uagb-block-c7d70573 alignfull uagb-is-root-container\"><div class=\"uagb-container-inner-blocks-wrap\">\n<h3 class=\"wp-block-heading\">R\u00e9gion viticole du Mittelburgenland<\/h3>\n\n\n\n<p>Un c\u00e9page de vin rouge joue le r\u00f4le principal sur les 2.118 hectares de vignoble de la r\u00e9gion viticole du Mittelburgenland : le Blaufr\u00e4nkisch, qui repr\u00e9sente id\u00e9alement son origine sous forme de vins DAC. Quatre communes donnent le ton : Deutschkreutz, Horitschon, Lutzmannsburg ainsi que Neckenmarkt, et deux coop\u00e9ratives modernes prouvent que la taille peut tr\u00e8s bien aller de pair avec la qualit\u00e9 la plus \u00e9lev\u00e9e. Les conditions topographiques et climatiques sont favorables : les vignobles sont prot\u00e9g\u00e9s par le Buckligen Welt \u00e0 l&#8217;ouest, les montagnes d&#8217;\u00d6denburg au nord et les montagnes de G\u00fcnser au sud. Le vent chaud et sec peut s&#8217;infiltrer librement depuis la plaine pannonique \u00e0 l&#8217;est. Les sols sont assez uniformes, il s&#8217;agit le plus souvent de sols argileux lourds et profonds avec une grande capacit\u00e9 de r\u00e9tention d&#8217;eau, ce qui a un effet positif, surtout les ann\u00e9es s\u00e8ches. Le Blaufr\u00e4nkisch, mais aussi le Zweigelt, le Cabernet Sauvignon et le Merlot peuvent ainsi gagner en force et en structure.<\/p>\n\n\n\n<p>On peut discuter de la question de savoir si les vins monoc\u00e9pages ou les cuv\u00e9es donnent un meilleur r\u00e9sultat. En tout cas, il est incontestable que le Blaufr\u00e4nkisch continuera \u00e0 jouer un r\u00f4le de premier plan sur la voie de l&#8217;avenir du vin. La qualit\u00e9 en est garantie par une communaut\u00e9 de viticulteurs en plein essor qui ont un grand sentiment d&#8217;appartenance. Mais deux coop\u00e9ratives de viticulteurs modernes renforcent \u00e9galement la strat\u00e9gie du succ\u00e8s. Elles ont reconnu tr\u00e8s t\u00f4t que des investissements modernes dans le vin rouge sont indispensables pour r\u00e9ussir sur le march\u00e9 et avoir des chances d&#8217;exporter. Sur le plan touristique, le Mittelburgenland est \u00e9galement devenu une destination attrayante, notamment gr\u00e2ce aux thermes qui ont litt\u00e9ralement pouss\u00e9 comme des champignons au cours des derni\u00e8res ann\u00e9es. Une offre de loisirs vari\u00e9e pour tous les groupes d&#8217;\u00e2ge est un autre atout de cette r\u00e9gion accueillante.<\/p>\n<\/div><\/div>\n<\/div><\/div>\n\n<figure class=\"wp-block-gallery has-nested-images columns-default is-cropped wp-block-gallery-1 is-layout-flex wp-block-gallery-is-layout-flex\">\n<figure class=\"wp-block-image size-large\"><a href=\"https:\/\/pswp.fra1.digitaloceanspaces.com\/w\/20250922165941\/website-mittelburgenland.jpeg\"><img decoding=\"async\" width=\"1030\" height=\"468\" data-id=\"26413\" src=\"https:\/\/pswp.fra1.digitaloceanspaces.com\/w\/20250922165941\/website-mittelburgenland-1030x468.jpeg\" alt=\"\" class=\"wp-image-26413\" srcset=\"https:\/\/pswp.fra1.digitaloceanspaces.com\/w\/20250922165941\/website-mittelburgenland-1030x468.jpeg 1030w, https:\/\/pswp.fra1.digitaloceanspaces.com\/w\/20250922165941\/website-mittelburgenland-300x136.jpeg 300w, https:\/\/pswp.fra1.digitaloceanspaces.com\/w\/20250922165941\/website-mittelburgenland-768x349.jpeg 768w, https:\/\/pswp.fra1.digitaloceanspaces.com\/w\/20250922165941\/website-mittelburgenland-450x205.jpeg 450w, https:\/\/pswp.fra1.digitaloceanspaces.com\/w\/20250922165941\/website-mittelburgenland.jpeg 1320w\" sizes=\"(max-width: 1030px) 100vw, 1030px\" \/><\/a><\/figure>\n\n\n\n<figure class=\"wp-block-image size-large\"><a href=\"https:\/\/pswp.fra1.digitaloceanspaces.com\/w\/20250922165940\/website-mittelburgenland2.jpeg\"><img decoding=\"async\" width=\"1030\" height=\"687\" data-id=\"26421\" src=\"https:\/\/pswp.fra1.digitaloceanspaces.com\/w\/20250922165940\/website-mittelburgenland2-1030x687.jpeg\" alt=\"\" class=\"wp-image-26421\" srcset=\"https:\/\/pswp.fra1.digitaloceanspaces.com\/w\/20250922165940\/website-mittelburgenland2-1030x687.jpeg 1030w, https:\/\/pswp.fra1.digitaloceanspaces.com\/w\/20250922165940\/website-mittelburgenland2-300x200.jpeg 300w, https:\/\/pswp.fra1.digitaloceanspaces.com\/w\/20250922165940\/website-mittelburgenland2-768x512.jpeg 768w, https:\/\/pswp.fra1.digitaloceanspaces.com\/w\/20250922165940\/website-mittelburgenland2-1536x1024.jpeg 1536w, https:\/\/pswp.fra1.digitaloceanspaces.com\/w\/20250922165940\/website-mittelburgenland2-450x300.jpeg 450w, https:\/\/pswp.fra1.digitaloceanspaces.com\/w\/20250922165940\/website-mittelburgenland2.jpeg 1920w\" sizes=\"(max-width: 1030px) 100vw, 1030px\" \/><\/a><\/figure>\n\n\n\n<figure class=\"wp-block-image size-large\"><a href=\"https:\/\/pswp.fra1.digitaloceanspaces.com\/w\/20250922165940\/website-mittelburgenland1.jpeg\"><img decoding=\"async\" width=\"1030\" height=\"468\" data-id=\"26417\" src=\"https:\/\/pswp.fra1.digitaloceanspaces.com\/w\/20250922165940\/website-mittelburgenland1-1030x468.jpeg\" alt=\"\" class=\"wp-image-26417\" srcset=\"https:\/\/pswp.fra1.digitaloceanspaces.com\/w\/20250922165940\/website-mittelburgenland1-1030x468.jpeg 1030w, https:\/\/pswp.fra1.digitaloceanspaces.com\/w\/20250922165940\/website-mittelburgenland1-300x136.jpeg 300w, https:\/\/pswp.fra1.digitaloceanspaces.com\/w\/20250922165940\/website-mittelburgenland1-768x349.jpeg 768w, https:\/\/pswp.fra1.digitaloceanspaces.com\/w\/20250922165940\/website-mittelburgenland1-450x205.jpeg 450w, https:\/\/pswp.fra1.digitaloceanspaces.com\/w\/20250922165940\/website-mittelburgenland1.jpeg 1320w\" sizes=\"(max-width: 1030px) 100vw, 1030px\" \/><\/a><\/figure>\n<\/figure>\n","protected":false},"excerpt":{"rendered":"<p>R\u00e9gion viticole du Mittelburgenland Un c\u00e9page de vin rouge joue le r\u00f4le principal sur les 2.118 hectares de vignoble de la r\u00e9gion viticole du Mittelburgenland : le Blaufr\u00e4nkisch, qui repr\u00e9sente id\u00e9alement son origine sous forme de vins DAC. Quatre communes donnent le ton : Deutschkreutz, Horitschon, Lutzmannsburg ainsi que Neckenmarkt, et deux coop\u00e9ratives modernes prouvent [&hellip;]<\/p>\n","protected":false},"author":2345,"featured_media":0,"parent":11909,"menu_order":0,"comment_status":"closed","ping_status":"closed","template":"","meta":{"_eb_attr":"","_uag_custom_page_level_css":"","site-sidebar-layout":"default","site-content-layout":"","ast-site-content-layout":"default","site-content-style":"default","site-sidebar-style":"default","ast-global-header-display":"","ast-banner-title-visibility":"","ast-main-header-display":"","ast-hfb-above-header-display":"","ast-hfb-below-header-display":"","ast-hfb-mobile-header-display":"","site-post-title":"","ast-breadcrumbs-content":"","ast-featured-img":"","footer-sml-layout":"","ast-disable-related-posts":"","theme-transparent-header-meta":"","adv-header-id-meta":"","stick-header-meta":"","header-above-stick-meta":"","header-main-stick-meta":"","header-below-stick-meta":"","astra-migrate-meta-layouts":"default","ast-page-background-enabled":"default","ast-page-background-meta":{"desktop":{"background-color":"var(--ast-global-color-4)","background-image":"","background-repeat":"repeat","background-position":"center center","background-size":"auto","background-attachment":"scroll","background-type":"","background-media":"","overlay-type":"","overlay-color":"","overlay-opacity":"","overlay-gradient":""},"tablet":{"background-color":"","background-image":"","background-repeat":"repeat","background-position":"center center","background-size":"auto","background-attachment":"scroll","background-type":"","background-media":"","overlay-type":"","overlay-color":"","overlay-opacity":"","overlay-gradient":""},"mobile":{"background-color":"","background-image":"","background-repeat":"repeat","background-position":"center center","background-size":"auto","background-attachment":"scroll","background-type":"","background-media":"","overlay-type":"","overlay-color":"","overlay-opacity":"","overlay-gradient":""}},"ast-content-background-meta":{"desktop":{"background-color":"var(--ast-global-color-5)","background-image":"","background-repeat":"repeat","background-position":"center center","background-size":"auto","background-attachment":"scroll","background-type":"","background-media":"","overlay-type":"","overlay-color":"","overlay-opacity":"","overlay-gradient":""},"tablet":{"background-color":"var(--ast-global-color-5)","background-image":"","background-repeat":"repeat","background-position":"center center","background-size":"auto","background-attachment":"scroll","background-type":"","background-media":"","overlay-type":"","overlay-color":"","overlay-opacity":"","overlay-gradient":""},"mobile":{"background-color":"var(--ast-global-color-5)","background-image":"","background-repeat":"repeat","background-position":"center center","background-size":"auto","background-attachment":"scroll","background-type":"","background-media":"","overlay-type":"","overlay-color":"","overlay-opacity":"","overlay-gradient":""}},"footnotes":""},"class_list":["post-15311","page","type-page","status-publish","hentry"],"yoast_head":"<!-- This site is optimized with the Yoast SEO plugin v27.3 - https:\/\/yoast.com\/product\/yoast-seo-wordpress\/ -->\n<title>Mittelburgenland - WhyNotWein<\/title>\n<meta name=\"robots\" content=\"index, follow, max-snippet:-1, max-image-preview:large, max-video-preview:-1\" \/>\n<link rel=\"canonical\" href=\"https:\/\/whynotwein.eu\/fr\/regions-viticoles\/burgenland\/mittelburgenland\/\" \/>\n<meta property=\"og:locale\" content=\"fr_FR\" \/>\n<meta property=\"og:type\" content=\"article\" \/>\n<meta property=\"og:title\" content=\"Mittelburgenland - WhyNotWein\" \/>\n<meta property=\"og:description\" content=\"R\u00e9gion viticole du Mittelburgenland Un c\u00e9page de vin rouge joue le r\u00f4le principal sur les 2.118 hectares de vignoble de la r\u00e9gion viticole du Mittelburgenland : le Blaufr\u00e4nkisch, qui repr\u00e9sente id\u00e9alement son origine sous forme de vins DAC. Quatre communes donnent le ton : Deutschkreutz, Horitschon, Lutzmannsburg ainsi que Neckenmarkt, et deux coop\u00e9ratives modernes prouvent [&hellip;]\" \/>\n<meta property=\"og:url\" content=\"https:\/\/whynotwein.eu\/fr\/regions-viticoles\/burgenland\/mittelburgenland\/\" \/>\n<meta property=\"og:site_name\" content=\"WhyNotWein\" \/>\n<meta property=\"article:modified_time\" content=\"2022-11-24T12:07:03+00:00\" \/>\n<meta property=\"og:image\" content=\"https:\/\/whynotwein.eu\/wp-content\/uploads\/2022\/11\/website-burgenland-wappen-248x300.png\" \/>\n<meta name=\"twitter:card\" content=\"summary_large_image\" \/>\n<meta name=\"twitter:label1\" content=\"Dur\u00e9e de lecture estim\u00e9e\" \/>\n\t<meta name=\"twitter:data1\" content=\"2 minutes\" \/>\n<script type=\"application\/ld+json\" class=\"yoast-schema-graph\">{\"@context\":\"https:\\\/\\\/schema.org\",\"@graph\":[{\"@type\":\"WebPage\",\"@id\":\"https:\\\/\\\/whynotwein.eu\\\/fr\\\/regions-viticoles\\\/burgenland\\\/mittelburgenland\\\/\",\"url\":\"https:\\\/\\\/whynotwein.eu\\\/fr\\\/regions-viticoles\\\/burgenland\\\/mittelburgenland\\\/\",\"name\":\"Mittelburgenland - WhyNotWein\",\"isPartOf\":{\"@id\":\"https:\\\/\\\/whynotwein.eu\\\/fr\\\/#website\"},\"primaryImageOfPage\":{\"@id\":\"https:\\\/\\\/whynotwein.eu\\\/fr\\\/regions-viticoles\\\/burgenland\\\/mittelburgenland\\\/#primaryimage\"},\"image\":{\"@id\":\"https:\\\/\\\/whynotwein.eu\\\/fr\\\/regions-viticoles\\\/burgenland\\\/mittelburgenland\\\/#primaryimage\"},\"thumbnailUrl\":\"https:\\\/\\\/whynotwein.eu\\\/wp-content\\\/uploads\\\/2022\\\/11\\\/website-burgenland-wappen-248x300.png\",\"datePublished\":\"2019-03-04T13:26:08+00:00\",\"dateModified\":\"2022-11-24T12:07:03+00:00\",\"breadcrumb\":{\"@id\":\"https:\\\/\\\/whynotwein.eu\\\/fr\\\/regions-viticoles\\\/burgenland\\\/mittelburgenland\\\/#breadcrumb\"},\"inLanguage\":\"fr-FR\",\"potentialAction\":[{\"@type\":\"ReadAction\",\"target\":[\"https:\\\/\\\/whynotwein.eu\\\/fr\\\/regions-viticoles\\\/burgenland\\\/mittelburgenland\\\/\"]}]},{\"@type\":\"ImageObject\",\"inLanguage\":\"fr-FR\",\"@id\":\"https:\\\/\\\/whynotwein.eu\\\/fr\\\/regions-viticoles\\\/burgenland\\\/mittelburgenland\\\/#primaryimage\",\"url\":\"https:\\\/\\\/whynotwein.eu\\\/wp-content\\\/uploads\\\/2022\\\/11\\\/website-burgenland-wappen-248x300.png\",\"contentUrl\":\"https:\\\/\\\/whynotwein.eu\\\/wp-content\\\/uploads\\\/2022\\\/11\\\/website-burgenland-wappen-248x300.png\"},{\"@type\":\"BreadcrumbList\",\"@id\":\"https:\\\/\\\/whynotwein.eu\\\/fr\\\/regions-viticoles\\\/burgenland\\\/mittelburgenland\\\/#breadcrumb\",\"itemListElement\":[{\"@type\":\"ListItem\",\"position\":1,\"name\":\"Home\",\"item\":\"https:\\\/\\\/whynotwein.eu\\\/fr\\\/\"},{\"@type\":\"ListItem\",\"position\":2,\"name\":\"R\u00e9gions viticoles\",\"item\":\"https:\\\/\\\/whynotwein.eu\\\/fr\\\/regions-viticoles\\\/\"},{\"@type\":\"ListItem\",\"position\":3,\"name\":\"Burgenland\",\"item\":\"https:\\\/\\\/whynotwein.eu\\\/fr\\\/regions-viticoles\\\/burgenland\\\/\"},{\"@type\":\"ListItem\",\"position\":4,\"name\":\"Mittelburgenland\"}]},{\"@type\":\"WebSite\",\"@id\":\"https:\\\/\\\/whynotwein.eu\\\/fr\\\/#website\",\"url\":\"https:\\\/\\\/whynotwein.eu\\\/fr\\\/\",\"name\":\"WhyNotWein\",\"description\":\"Austrian Wines in Belgium\",\"publisher\":{\"@id\":\"https:\\\/\\\/whynotwein.eu\\\/fr\\\/#organization\"},\"potentialAction\":[{\"@type\":\"SearchAction\",\"target\":{\"@type\":\"EntryPoint\",\"urlTemplate\":\"https:\\\/\\\/whynotwein.eu\\\/fr\\\/?s={search_term_string}\"},\"query-input\":{\"@type\":\"PropertyValueSpecification\",\"valueRequired\":true,\"valueName\":\"search_term_string\"}}],\"inLanguage\":\"fr-FR\"},{\"@type\":\"Organization\",\"@id\":\"https:\\\/\\\/whynotwein.eu\\\/fr\\\/#organization\",\"name\":\"WhyNotWein\",\"url\":\"https:\\\/\\\/whynotwein.eu\\\/fr\\\/\",\"logo\":{\"@type\":\"ImageObject\",\"inLanguage\":\"fr-FR\",\"@id\":\"https:\\\/\\\/whynotwein.eu\\\/fr\\\/#\\\/schema\\\/logo\\\/image\\\/\",\"url\":\"https:\\\/\\\/whynotwein.eu\\\/wp-content\\\/uploads\\\/2015\\\/12\\\/WhyNotWein_Logo_340.png\",\"contentUrl\":\"https:\\\/\\\/whynotwein.eu\\\/wp-content\\\/uploads\\\/2015\\\/12\\\/WhyNotWein_Logo_340.png\",\"width\":340,\"height\":156,\"caption\":\"WhyNotWein\"},\"image\":{\"@id\":\"https:\\\/\\\/whynotwein.eu\\\/fr\\\/#\\\/schema\\\/logo\\\/image\\\/\"}}]}<\/script>\n<!-- \/ Yoast SEO plugin. -->","yoast_head_json":{"title":"Mittelburgenland - WhyNotWein","robots":{"index":"index","follow":"follow","max-snippet":"max-snippet:-1","max-image-preview":"max-image-preview:large","max-video-preview":"max-video-preview:-1"},"canonical":"https:\/\/whynotwein.eu\/fr\/regions-viticoles\/burgenland\/mittelburgenland\/","og_locale":"fr_FR","og_type":"article","og_title":"Mittelburgenland - WhyNotWein","og_description":"R\u00e9gion viticole du Mittelburgenland Un c\u00e9page de vin rouge joue le r\u00f4le principal sur les 2.118 hectares de vignoble de la r\u00e9gion viticole du Mittelburgenland : le Blaufr\u00e4nkisch, qui repr\u00e9sente id\u00e9alement son origine sous forme de vins DAC. Quatre communes donnent le ton : Deutschkreutz, Horitschon, Lutzmannsburg ainsi que Neckenmarkt, et deux coop\u00e9ratives modernes prouvent [&hellip;]","og_url":"https:\/\/whynotwein.eu\/fr\/regions-viticoles\/burgenland\/mittelburgenland\/","og_site_name":"WhyNotWein","article_modified_time":"2022-11-24T12:07:03+00:00","og_image":[{"url":"https:\/\/whynotwein.eu\/wp-content\/uploads\/2022\/11\/website-burgenland-wappen-248x300.png","type":"","width":"","height":""}],"twitter_card":"summary_large_image","twitter_misc":{"Dur\u00e9e de lecture estim\u00e9e":"2 minutes"},"schema":{"@context":"https:\/\/schema.org","@graph":[{"@type":"WebPage","@id":"https:\/\/whynotwein.eu\/fr\/regions-viticoles\/burgenland\/mittelburgenland\/","url":"https:\/\/whynotwein.eu\/fr\/regions-viticoles\/burgenland\/mittelburgenland\/","name":"Mittelburgenland - WhyNotWein","isPartOf":{"@id":"https:\/\/whynotwein.eu\/fr\/#website"},"primaryImageOfPage":{"@id":"https:\/\/whynotwein.eu\/fr\/regions-viticoles\/burgenland\/mittelburgenland\/#primaryimage"},"image":{"@id":"https:\/\/whynotwein.eu\/fr\/regions-viticoles\/burgenland\/mittelburgenland\/#primaryimage"},"thumbnailUrl":"https:\/\/whynotwein.eu\/wp-content\/uploads\/2022\/11\/website-burgenland-wappen-248x300.png","datePublished":"2019-03-04T13:26:08+00:00","dateModified":"2022-11-24T12:07:03+00:00","breadcrumb":{"@id":"https:\/\/whynotwein.eu\/fr\/regions-viticoles\/burgenland\/mittelburgenland\/#breadcrumb"},"inLanguage":"fr-FR","potentialAction":[{"@type":"ReadAction","target":["https:\/\/whynotwein.eu\/fr\/regions-viticoles\/burgenland\/mittelburgenland\/"]}]},{"@type":"ImageObject","inLanguage":"fr-FR","@id":"https:\/\/whynotwein.eu\/fr\/regions-viticoles\/burgenland\/mittelburgenland\/#primaryimage","url":"https:\/\/whynotwein.eu\/wp-content\/uploads\/2022\/11\/website-burgenland-wappen-248x300.png","contentUrl":"https:\/\/whynotwein.eu\/wp-content\/uploads\/2022\/11\/website-burgenland-wappen-248x300.png"},{"@type":"BreadcrumbList","@id":"https:\/\/whynotwein.eu\/fr\/regions-viticoles\/burgenland\/mittelburgenland\/#breadcrumb","itemListElement":[{"@type":"ListItem","position":1,"name":"Home","item":"https:\/\/whynotwein.eu\/fr\/"},{"@type":"ListItem","position":2,"name":"R\u00e9gions viticoles","item":"https:\/\/whynotwein.eu\/fr\/regions-viticoles\/"},{"@type":"ListItem","position":3,"name":"Burgenland","item":"https:\/\/whynotwein.eu\/fr\/regions-viticoles\/burgenland\/"},{"@type":"ListItem","position":4,"name":"Mittelburgenland"}]},{"@type":"WebSite","@id":"https:\/\/whynotwein.eu\/fr\/#website","url":"https:\/\/whynotwein.eu\/fr\/","name":"WhyNotWein","description":"Austrian Wines in Belgium","publisher":{"@id":"https:\/\/whynotwein.eu\/fr\/#organization"},"potentialAction":[{"@type":"SearchAction","target":{"@type":"EntryPoint","urlTemplate":"https:\/\/whynotwein.eu\/fr\/?s={search_term_string}"},"query-input":{"@type":"PropertyValueSpecification","valueRequired":true,"valueName":"search_term_string"}}],"inLanguage":"fr-FR"},{"@type":"Organization","@id":"https:\/\/whynotwein.eu\/fr\/#organization","name":"WhyNotWein","url":"https:\/\/whynotwein.eu\/fr\/","logo":{"@type":"ImageObject","inLanguage":"fr-FR","@id":"https:\/\/whynotwein.eu\/fr\/#\/schema\/logo\/image\/","url":"https:\/\/whynotwein.eu\/wp-content\/uploads\/2015\/12\/WhyNotWein_Logo_340.png","contentUrl":"https:\/\/whynotwein.eu\/wp-content\/uploads\/2015\/12\/WhyNotWein_Logo_340.png","width":340,"height":156,"caption":"WhyNotWein"},"image":{"@id":"https:\/\/whynotwein.eu\/fr\/#\/schema\/logo\/image\/"}}]}},"uagb_featured_image_src":{"full":false,"thumbnail":false,"medium":false,"medium_large":false,"large":false,"1536x1536":false,"2048x2048":false,"gform-image-choice-sm":false,"gform-image-choice-md":false,"gform-image-choice-lg":false,"woocommerce_thumbnail":false,"woocommerce_single":false,"woocommerce_gallery_thumbnail":false},"uagb_author_info":{"display_name":"Ren\u00e9 Clausen","author_link":"https:\/\/whynotwein.eu\/fr\/author\/rene\/"},"uagb_comment_info":0,"uagb_excerpt":"R\u00e9gion viticole du Mittelburgenland Un c\u00e9page de vin rouge joue le r\u00f4le principal sur les 2.118 hectares de vignoble de la r\u00e9gion viticole du Mittelburgenland : le Blaufr\u00e4nkisch, qui repr\u00e9sente id\u00e9alement son origine sous forme de vins DAC. Quatre communes donnent le ton : Deutschkreutz, Horitschon, Lutzmannsburg ainsi que Neckenmarkt, et deux coop\u00e9ratives modernes prouvent&hellip;","_links":{"self":[{"href":"https:\/\/whynotwein.eu\/fr\/wp-json\/wp\/v2\/pages\/15311","targetHints":{"allow":["GET"]}}],"collection":[{"href":"https:\/\/whynotwein.eu\/fr\/wp-json\/wp\/v2\/pages"}],"about":[{"href":"https:\/\/whynotwein.eu\/fr\/wp-json\/wp\/v2\/types\/page"}],"author":[{"embeddable":true,"href":"https:\/\/whynotwein.eu\/fr\/wp-json\/wp\/v2\/users\/2345"}],"replies":[{"embeddable":true,"href":"https:\/\/whynotwein.eu\/fr\/wp-json\/wp\/v2\/comments?post=15311"}],"version-history":[{"count":8,"href":"https:\/\/whynotwein.eu\/fr\/wp-json\/wp\/v2\/pages\/15311\/revisions"}],"predecessor-version":[{"id":26989,"href":"https:\/\/whynotwein.eu\/fr\/wp-json\/wp\/v2\/pages\/15311\/revisions\/26989"}],"up":[{"embeddable":true,"href":"https:\/\/whynotwein.eu\/fr\/wp-json\/wp\/v2\/pages\/11909"}],"wp:attachment":[{"href":"https:\/\/whynotwein.eu\/fr\/wp-json\/wp\/v2\/media?parent=15311"}],"curies":[{"name":"wp","href":"https:\/\/api.w.org\/{rel}","templated":true}]}}