{"id":15342,"date":"2019-03-04T13:45:52","date_gmt":"2019-03-04T12:45:52","guid":{"rendered":"https:\/\/whynotwein.eu\/weinregionen\/burgenland\/neusiedlersee\/"},"modified":"2022-11-24T13:19:40","modified_gmt":"2022-11-24T12:19:40","slug":"neusiedlersee","status":"publish","type":"page","link":"https:\/\/whynotwein.eu\/fr\/regions-viticoles\/burgenland\/neusiedlersee\/","title":{"rendered":"Neusiedlersee"},"content":{"rendered":"\n<div class=\"wp-block-uagb-container uagb-block-14cab41b alignfull uagb-is-root-container\"><div class=\"uagb-container-inner-blocks-wrap\">\n<div class=\"wp-block-uagb-container uagb-block-8b6e1214 alignfull uagb-is-root-container\"><div class=\"uagb-container-inner-blocks-wrap\">\n<div class=\"wp-block-uagb-image uagb-block-4e9e9ee5 wp-block-uagb-image--layout-default wp-block-uagb-image--effect-static wp-block-uagb-image--align-center\"><figure class=\"wp-block-uagb-image__figure\"><a class=\"\" href=\"https:\/\/pswp.fra1.digitaloceanspaces.com\/w\/20250922165938\/website-burgenland-wappen.png\" target=\"\" rel=\"noopener\"><img decoding=\"async\" srcset=\"https:\/\/pswp.fra1.digitaloceanspaces.com\/w\/20250922165938\/website-burgenland-wappen-248x300.png \" src=\"https:\/\/pswp.fra1.digitaloceanspaces.com\/w\/20250922165938\/website-burgenland-wappen-248x300.png\" alt=\"\" class=\"uag-image-26448\" width=\"248\" height=\"300\" title=\"\"\/><\/a><\/figure><\/div>\n\n\n\n<div class=\"wp-block-uagb-icon-list uagb-block-1a68feb1\"><div class=\"uagb-icon-list__wrap\">\n<div class=\"wp-block-uagb-icon-list-child uagb-block-1ce46be7\"><span class=\"uagb-icon-list__source-wrap\"><svg xmlns=\"https:\/\/www.w3.org\/2000\/svg\" viewbox=\"0 0 512 512\"><path d=\"M256 0C114.6 0 0 114.6 0 256c0 141.4 114.6 256 256 256s256-114.6 256-256C512 114.6 397.4 0 256 0zM406.6 278.6l-103.1 103.1c-12.5 12.5-32.75 12.5-45.25 0s-12.5-32.75 0-45.25L306.8 288H128C110.3 288 96 273.7 96 256s14.31-32 32-32h178.8l-49.38-49.38c-12.5-12.5-12.5-32.75 0-45.25s32.75-12.5 45.25 0l103.1 103.1C414.6 241.3 416 251.1 416 256C416 260.9 414.6 270.7 406.6 278.6z\"><\/path><\/svg><\/span><span class=\"uagb-icon-list__label\">Climat optimal<\/span><\/div>\n\n\n\n<div class=\"wp-block-uagb-icon-list-child uagb-block-8e0c7e81\"><span class=\"uagb-icon-list__source-wrap\"><svg xmlns=\"https:\/\/www.w3.org\/2000\/svg\" viewbox=\"0 0 512 512\"><path d=\"M256 0C114.6 0 0 114.6 0 256c0 141.4 114.6 256 256 256s256-114.6 256-256C512 114.6 397.4 0 256 0zM406.6 278.6l-103.1 103.1c-12.5 12.5-32.75 12.5-45.25 0s-12.5-32.75 0-45.25L306.8 288H128C110.3 288 96 273.7 96 256s14.31-32 32-32h178.8l-49.38-49.38c-12.5-12.5-12.5-32.75 0-45.25s32.75-12.5 45.25 0l103.1 103.1C414.6 241.3 416 251.1 416 256C416 260.9 414.6 270.7 406.6 278.6z\"><\/path><\/svg><\/span><span class=\"uagb-icon-list__label\">Prot\u00e9g\u00e9 dans la plaine pannonique<\/span><\/div>\n\n\n\n<div class=\"wp-block-uagb-icon-list-child uagb-block-5f4249e2\"><span class=\"uagb-icon-list__source-wrap\"><svg xmlns=\"https:\/\/www.w3.org\/2000\/svg\" viewbox=\"0 0 512 512\"><path d=\"M256 0C114.6 0 0 114.6 0 256c0 141.4 114.6 256 256 256s256-114.6 256-256C512 114.6 397.4 0 256 0zM406.6 278.6l-103.1 103.1c-12.5 12.5-32.75 12.5-45.25 0s-12.5-32.75 0-45.25L306.8 288H128C110.3 288 96 273.7 96 256s14.31-32 32-32h178.8l-49.38-49.38c-12.5-12.5-12.5-32.75 0-45.25s32.75-12.5 45.25 0l103.1 103.1C414.6 241.3 416 251.1 416 256C416 260.9 414.6 270.7 406.6 278.6z\"><\/path><\/svg><\/span><span class=\"uagb-icon-list__label\">Des conditions optimales pour le raisin<\/span><\/div>\n<\/div><\/div>\n<\/div><\/div>\n\n\n\n<div class=\"wp-block-uagb-container uagb-block-bcb26614 alignfull uagb-is-root-container\"><div class=\"uagb-container-inner-blocks-wrap\">\n<h3 class=\"wp-block-heading\">R\u00e9gion viticole du lac de Neusiedl<\/h3>\n\n\n\n<p>Presque tout est possible dans la r\u00e9gion viticole du Neusiedlersee. Sur 7.649 hectares de vignes, une diversit\u00e9 de c\u00e9pages blancs, rouges et doux m\u00fbrit sur les rives de ce lac de steppe peu profond : des vins secs et frais aux vins doux mondialement connus, en passant par des vins riches et aromatiques, la diversit\u00e9 du Zweigelt \u00e9tant de plus en plus mise en avant ces derni\u00e8res ann\u00e9es. L&#8217;appellation d&#8217;origine contr\u00f4l\u00e9e Neusiedlersee DAC, introduite en 2012, lui est \u00e9galement d\u00e9di\u00e9e, elle compl\u00e8te d\u00e9sormais la famille des DAC du Burgenland. Avec 1.812 hectares, le Zweigelt est ici le c\u00e9page principal, pour le Neusiedlersee DAC classique, il est mis en bouteille en monoc\u00e9page, pour la cat\u00e9gorie r\u00e9serve, la part de Zweigelt doit \u00eatre d&#8217;au moins 60 pour cent, et seuls des c\u00e9pages autochtones peuvent \u00eatre utilis\u00e9s comme partenaires de cuv\u00e9e, l&#8217;\u00e9levage se fait sous bois. Les vignes peuvent emmagasiner du soleil pur dans les vastes vignobles ferm\u00e9s. Le climat pannonique pleinement efficace, avec ses \u00e9t\u00e9s chauds et secs et ses hivers froids, assure, avec le lac de Neusiedl comme r\u00e9gulateur de temp\u00e9rature, une longue p\u00e9riode de v\u00e9g\u00e9tation.<\/p>\n\n\n\n<p>L&#8217;humidit\u00e9 \u00e9lev\u00e9e de l&#8217;air et les pr\u00e9cipitations automnales favorisent la pourriture noble (Botrytis cinerea) qui appara\u00eet r\u00e9guli\u00e8rement ici et qui constitue la base des vins de pr\u00e9dicat les plus \u00e9lev\u00e9s tels que les s\u00e9lections de baies et les s\u00e9lections de grains secs. Ces sp\u00e9cialit\u00e9s ont largement contribu\u00e9 \u00e0 faire conna\u00eetre dans le monde entier le Seewinkel, qui est encore relativement jeune par rapport aux r\u00e9gions viticoles autrichiennes plus traditionnelles. La structure tr\u00e8s diff\u00e9renci\u00e9e des sols &#8211; du l\u0153ss et de la terre noire au gravier et au sable &#8211; permet \u00e0 une palette de c\u00e9pages tout aussi vari\u00e9e de s&#8217;\u00e9panouir. Pour le vin blanc, outre le c\u00e9page phare Welschriesling, ce sont surtout le pinot blanc et le chardonnay ainsi que des c\u00e9pages aromatiques qui sont en t\u00eate, alors que dans le segment rouge, c&#8217;est le Blaue Zweigelt qui est en t\u00eate, accompagn\u00e9 du Blaufr\u00e4nkisch, du St. Laurent et du Blauburgunder ainsi que d'&#8221;immigrants&#8221; internationaux. Qu&#8217;ils soient fruit\u00e9s, \u00e9lev\u00e9s en f\u00fbts de bois ou en barriques, en monoc\u00e9page ou en cuv\u00e9e, les vins rouges du Neusiedler See sont clairement sur la voie du succ\u00e8s. La gastronomie r\u00e9gionale s&#8217;est \u00e9galement lanc\u00e9e dans une v\u00e9ritable campagne de d\u00e9gustation, marquant des points avec une combinaison passionnante de cuisine moderne cr\u00e9ative et de produits du terroir. Des sp\u00e9cialit\u00e9s de l\u00e9gumes, de poissons ou d&#8217;anciennes races bovines enrichissent les menus, accompagn\u00e9s de mani\u00e8re cong\u00e9niale par des vins adapt\u00e9s \u00e0 tous les go\u00fbts. Pour compenser le programme gastronomique \u00e0 base de vin, il est possible de faire des randonn\u00e9es \u00e0 v\u00e9lo, de l&#8217;\u00e9quitation ou des sports nautiques. Le choix de chambres d&#8217;h\u00f4tes dans toutes les cat\u00e9gories ne laisse rien \u00e0 d\u00e9sirer &#8211; de Neusiedl am See et Gols sur la rive nord \u00e0 Andau, Frauenkirchen ou M\u00f6nchhof \u00e0 l&#8217;est de la r\u00e9gion, en passant par Podersdorf, Illmitz, Apetlon et Pamhagen au sud. Le ch\u00e2teau d&#8217;Halbturn, qui propose des expositions et des concerts tout au long de l&#8217;ann\u00e9e, est un lieu culturel incontournable.<\/p>\n<\/div><\/div>\n<\/div><\/div>\n\n<figure class=\"wp-block-gallery has-nested-images columns-default is-cropped wp-block-gallery-1 is-layout-flex wp-block-gallery-is-layout-flex\">\n<figure class=\"wp-block-image size-large\"><a href=\"https:\/\/pswp.fra1.digitaloceanspaces.com\/w\/20250922165938\/website-neusiedlersee3.jpeg\"><img decoding=\"async\" width=\"1030\" height=\"579\" data-id=\"26441\" src=\"https:\/\/pswp.fra1.digitaloceanspaces.com\/w\/20250922165938\/website-neusiedlersee3-1030x579.jpeg\" alt=\"\" class=\"wp-image-26441\" srcset=\"https:\/\/pswp.fra1.digitaloceanspaces.com\/w\/20250922165938\/website-neusiedlersee3-1030x579.jpeg 1030w, https:\/\/pswp.fra1.digitaloceanspaces.com\/w\/20250922165938\/website-neusiedlersee3-300x169.jpeg 300w, https:\/\/pswp.fra1.digitaloceanspaces.com\/w\/20250922165938\/website-neusiedlersee3-768x432.jpeg 768w, https:\/\/pswp.fra1.digitaloceanspaces.com\/w\/20250922165938\/website-neusiedlersee3-450x253.jpeg 450w, https:\/\/pswp.fra1.digitaloceanspaces.com\/w\/20250922165938\/website-neusiedlersee3.jpeg 1067w\" sizes=\"(max-width: 1030px) 100vw, 1030px\" \/><\/a><\/figure>\n\n\n\n<figure class=\"wp-block-image size-large\"><a href=\"https:\/\/pswp.fra1.digitaloceanspaces.com\/w\/20250922165939\/website-neusiedlersee1.webp\"><img decoding=\"async\" width=\"1030\" height=\"468\" data-id=\"26434\" src=\"https:\/\/pswp.fra1.digitaloceanspaces.com\/w\/20250922165939\/website-neusiedlersee1-1030x468.webp\" alt=\"\" class=\"wp-image-26434\" srcset=\"https:\/\/pswp.fra1.digitaloceanspaces.com\/w\/20250922165939\/website-neusiedlersee1-1030x468.webp 1030w, https:\/\/pswp.fra1.digitaloceanspaces.com\/w\/20250922165939\/website-neusiedlersee1-300x136.webp 300w, https:\/\/pswp.fra1.digitaloceanspaces.com\/w\/20250922165939\/website-neusiedlersee1-768x349.webp 768w, https:\/\/pswp.fra1.digitaloceanspaces.com\/w\/20250922165939\/website-neusiedlersee1-450x205.webp 450w, https:\/\/pswp.fra1.digitaloceanspaces.com\/w\/20250922165939\/website-neusiedlersee1.webp 1320w\" sizes=\"(max-width: 1030px) 100vw, 1030px\" \/><\/a><\/figure>\n\n\n\n<figure class=\"wp-block-image size-large\"><a href=\"https:\/\/pswp.fra1.digitaloceanspaces.com\/w\/20250922171207\/Website-Neusiedlersee.png\"><img decoding=\"async\" width=\"1030\" height=\"687\" data-id=\"8200\" src=\"https:\/\/pswp.fra1.digitaloceanspaces.com\/w\/20250922171207\/Website-Neusiedlersee-1030x687.png\" alt=\"\" class=\"wp-image-8200\" srcset=\"https:\/\/pswp.fra1.digitaloceanspaces.com\/w\/20250922171207\/Website-Neusiedlersee-1030x687.png 1030w, https:\/\/pswp.fra1.digitaloceanspaces.com\/w\/20250922171207\/Website-Neusiedlersee-450x300.png 450w, https:\/\/pswp.fra1.digitaloceanspaces.com\/w\/20250922171207\/Website-Neusiedlersee-300x200.png 300w, https:\/\/pswp.fra1.digitaloceanspaces.com\/w\/20250922171207\/Website-Neusiedlersee-768x512.png 768w, https:\/\/pswp.fra1.digitaloceanspaces.com\/w\/20250922171207\/Website-Neusiedlersee.png 1500w, https:\/\/pswp.fra1.digitaloceanspaces.com\/w\/20250922171207\/Website-Neusiedlersee-705x470.png 705w\" sizes=\"(max-width: 1030px) 100vw, 1030px\" \/><\/a><\/figure>\n<\/figure>\n","protected":false},"excerpt":{"rendered":"<p>R\u00e9gion viticole du lac de Neusiedl Presque tout est possible dans la r\u00e9gion viticole du Neusiedlersee. Sur 7.649 hectares de vignes, une diversit\u00e9 de c\u00e9pages blancs, rouges et doux m\u00fbrit sur les rives de ce lac de steppe peu profond : des vins secs et frais aux vins doux mondialement connus, en passant par des [&hellip;]<\/p>\n","protected":false},"author":2345,"featured_media":0,"parent":11909,"menu_order":0,"comment_status":"closed","ping_status":"closed","template":"","meta":{"_eb_attr":"","_uag_custom_page_level_css":"","site-sidebar-layout":"default","site-content-layout":"","ast-site-content-layout":"default","site-content-style":"default","site-sidebar-style":"default","ast-global-header-display":"","ast-banner-title-visibility":"","ast-main-header-display":"","ast-hfb-above-header-display":"","ast-hfb-below-header-display":"","ast-hfb-mobile-header-display":"","site-post-title":"","ast-breadcrumbs-content":"","ast-featured-img":"","footer-sml-layout":"","ast-disable-related-posts":"","theme-transparent-header-meta":"","adv-header-id-meta":"","stick-header-meta":"","header-above-stick-meta":"","header-main-stick-meta":"","header-below-stick-meta":"","astra-migrate-meta-layouts":"default","ast-page-background-enabled":"default","ast-page-background-meta":{"desktop":{"background-color":"var(--ast-global-color-4)","background-image":"","background-repeat":"repeat","background-position":"center center","background-size":"auto","background-attachment":"scroll","background-type":"","background-media":"","overlay-type":"","overlay-color":"","overlay-opacity":"","overlay-gradient":""},"tablet":{"background-color":"","background-image":"","background-repeat":"repeat","background-position":"center center","background-size":"auto","background-attachment":"scroll","background-type":"","background-media":"","overlay-type":"","overlay-color":"","overlay-opacity":"","overlay-gradient":""},"mobile":{"background-color":"","background-image":"","background-repeat":"repeat","background-position":"center center","background-size":"auto","background-attachment":"scroll","background-type":"","background-media":"","overlay-type":"","overlay-color":"","overlay-opacity":"","overlay-gradient":""}},"ast-content-background-meta":{"desktop":{"background-color":"var(--ast-global-color-5)","background-image":"","background-repeat":"repeat","background-position":"center center","background-size":"auto","background-attachment":"scroll","background-type":"","background-media":"","overlay-type":"","overlay-color":"","overlay-opacity":"","overlay-gradient":""},"tablet":{"background-color":"var(--ast-global-color-5)","background-image":"","background-repeat":"repeat","background-position":"center center","background-size":"auto","background-attachment":"scroll","background-type":"","background-media":"","overlay-type":"","overlay-color":"","overlay-opacity":"","overlay-gradient":""},"mobile":{"background-color":"var(--ast-global-color-5)","background-image":"","background-repeat":"repeat","background-position":"center center","background-size":"auto","background-attachment":"scroll","background-type":"","background-media":"","overlay-type":"","overlay-color":"","overlay-opacity":"","overlay-gradient":""}},"footnotes":""},"class_list":["post-15342","page","type-page","status-publish","hentry"],"yoast_head":"<!-- This site is optimized with the Yoast SEO plugin v27.3 - https:\/\/yoast.com\/product\/yoast-seo-wordpress\/ -->\n<title>Neusiedlersee - WhyNotWein<\/title>\n<meta name=\"robots\" content=\"index, follow, max-snippet:-1, max-image-preview:large, max-video-preview:-1\" \/>\n<link rel=\"canonical\" href=\"https:\/\/whynotwein.eu\/fr\/regions-viticoles\/burgenland\/neusiedlersee\/\" \/>\n<meta property=\"og:locale\" content=\"fr_FR\" \/>\n<meta property=\"og:type\" content=\"article\" \/>\n<meta property=\"og:title\" content=\"Neusiedlersee - WhyNotWein\" \/>\n<meta property=\"og:description\" content=\"R\u00e9gion viticole du lac de Neusiedl Presque tout est possible dans la r\u00e9gion viticole du Neusiedlersee. Sur 7.649 hectares de vignes, une diversit\u00e9 de c\u00e9pages blancs, rouges et doux m\u00fbrit sur les rives de ce lac de steppe peu profond : des vins secs et frais aux vins doux mondialement connus, en passant par des [&hellip;]\" \/>\n<meta property=\"og:url\" content=\"https:\/\/whynotwein.eu\/fr\/regions-viticoles\/burgenland\/neusiedlersee\/\" \/>\n<meta property=\"og:site_name\" content=\"WhyNotWein\" \/>\n<meta property=\"article:modified_time\" content=\"2022-11-24T12:19:40+00:00\" \/>\n<meta property=\"og:image\" content=\"https:\/\/whynotwein.eu\/wp-content\/uploads\/2022\/11\/website-burgenland-wappen-248x300.png\" \/>\n<meta name=\"twitter:card\" content=\"summary_large_image\" \/>\n<meta name=\"twitter:label1\" content=\"Dur\u00e9e de lecture estim\u00e9e\" \/>\n\t<meta name=\"twitter:data1\" content=\"3 minutes\" \/>\n<script type=\"application\/ld+json\" class=\"yoast-schema-graph\">{\"@context\":\"https:\\\/\\\/schema.org\",\"@graph\":[{\"@type\":\"WebPage\",\"@id\":\"https:\\\/\\\/whynotwein.eu\\\/fr\\\/regions-viticoles\\\/burgenland\\\/neusiedlersee\\\/\",\"url\":\"https:\\\/\\\/whynotwein.eu\\\/fr\\\/regions-viticoles\\\/burgenland\\\/neusiedlersee\\\/\",\"name\":\"Neusiedlersee - WhyNotWein\",\"isPartOf\":{\"@id\":\"https:\\\/\\\/whynotwein.eu\\\/fr\\\/#website\"},\"primaryImageOfPage\":{\"@id\":\"https:\\\/\\\/whynotwein.eu\\\/fr\\\/regions-viticoles\\\/burgenland\\\/neusiedlersee\\\/#primaryimage\"},\"image\":{\"@id\":\"https:\\\/\\\/whynotwein.eu\\\/fr\\\/regions-viticoles\\\/burgenland\\\/neusiedlersee\\\/#primaryimage\"},\"thumbnailUrl\":\"https:\\\/\\\/whynotwein.eu\\\/wp-content\\\/uploads\\\/2022\\\/11\\\/website-burgenland-wappen-248x300.png\",\"datePublished\":\"2019-03-04T12:45:52+00:00\",\"dateModified\":\"2022-11-24T12:19:40+00:00\",\"breadcrumb\":{\"@id\":\"https:\\\/\\\/whynotwein.eu\\\/fr\\\/regions-viticoles\\\/burgenland\\\/neusiedlersee\\\/#breadcrumb\"},\"inLanguage\":\"fr-FR\",\"potentialAction\":[{\"@type\":\"ReadAction\",\"target\":[\"https:\\\/\\\/whynotwein.eu\\\/fr\\\/regions-viticoles\\\/burgenland\\\/neusiedlersee\\\/\"]}]},{\"@type\":\"ImageObject\",\"inLanguage\":\"fr-FR\",\"@id\":\"https:\\\/\\\/whynotwein.eu\\\/fr\\\/regions-viticoles\\\/burgenland\\\/neusiedlersee\\\/#primaryimage\",\"url\":\"https:\\\/\\\/whynotwein.eu\\\/wp-content\\\/uploads\\\/2022\\\/11\\\/website-burgenland-wappen-248x300.png\",\"contentUrl\":\"https:\\\/\\\/whynotwein.eu\\\/wp-content\\\/uploads\\\/2022\\\/11\\\/website-burgenland-wappen-248x300.png\"},{\"@type\":\"BreadcrumbList\",\"@id\":\"https:\\\/\\\/whynotwein.eu\\\/fr\\\/regions-viticoles\\\/burgenland\\\/neusiedlersee\\\/#breadcrumb\",\"itemListElement\":[{\"@type\":\"ListItem\",\"position\":1,\"name\":\"Home\",\"item\":\"https:\\\/\\\/whynotwein.eu\\\/fr\\\/\"},{\"@type\":\"ListItem\",\"position\":2,\"name\":\"R\u00e9gions viticoles\",\"item\":\"https:\\\/\\\/whynotwein.eu\\\/fr\\\/regions-viticoles\\\/\"},{\"@type\":\"ListItem\",\"position\":3,\"name\":\"Burgenland\",\"item\":\"https:\\\/\\\/whynotwein.eu\\\/fr\\\/regions-viticoles\\\/burgenland\\\/\"},{\"@type\":\"ListItem\",\"position\":4,\"name\":\"Neusiedlersee\"}]},{\"@type\":\"WebSite\",\"@id\":\"https:\\\/\\\/whynotwein.eu\\\/fr\\\/#website\",\"url\":\"https:\\\/\\\/whynotwein.eu\\\/fr\\\/\",\"name\":\"WhyNotWein\",\"description\":\"Austrian Wines in Belgium\",\"publisher\":{\"@id\":\"https:\\\/\\\/whynotwein.eu\\\/fr\\\/#organization\"},\"potentialAction\":[{\"@type\":\"SearchAction\",\"target\":{\"@type\":\"EntryPoint\",\"urlTemplate\":\"https:\\\/\\\/whynotwein.eu\\\/fr\\\/?s={search_term_string}\"},\"query-input\":{\"@type\":\"PropertyValueSpecification\",\"valueRequired\":true,\"valueName\":\"search_term_string\"}}],\"inLanguage\":\"fr-FR\"},{\"@type\":\"Organization\",\"@id\":\"https:\\\/\\\/whynotwein.eu\\\/fr\\\/#organization\",\"name\":\"WhyNotWein\",\"url\":\"https:\\\/\\\/whynotwein.eu\\\/fr\\\/\",\"logo\":{\"@type\":\"ImageObject\",\"inLanguage\":\"fr-FR\",\"@id\":\"https:\\\/\\\/whynotwein.eu\\\/fr\\\/#\\\/schema\\\/logo\\\/image\\\/\",\"url\":\"https:\\\/\\\/whynotwein.eu\\\/wp-content\\\/uploads\\\/2015\\\/12\\\/WhyNotWein_Logo_340.png\",\"contentUrl\":\"https:\\\/\\\/whynotwein.eu\\\/wp-content\\\/uploads\\\/2015\\\/12\\\/WhyNotWein_Logo_340.png\",\"width\":340,\"height\":156,\"caption\":\"WhyNotWein\"},\"image\":{\"@id\":\"https:\\\/\\\/whynotwein.eu\\\/fr\\\/#\\\/schema\\\/logo\\\/image\\\/\"}}]}<\/script>\n<!-- \/ Yoast SEO plugin. -->","yoast_head_json":{"title":"Neusiedlersee - WhyNotWein","robots":{"index":"index","follow":"follow","max-snippet":"max-snippet:-1","max-image-preview":"max-image-preview:large","max-video-preview":"max-video-preview:-1"},"canonical":"https:\/\/whynotwein.eu\/fr\/regions-viticoles\/burgenland\/neusiedlersee\/","og_locale":"fr_FR","og_type":"article","og_title":"Neusiedlersee - WhyNotWein","og_description":"R\u00e9gion viticole du lac de Neusiedl Presque tout est possible dans la r\u00e9gion viticole du Neusiedlersee. Sur 7.649 hectares de vignes, une diversit\u00e9 de c\u00e9pages blancs, rouges et doux m\u00fbrit sur les rives de ce lac de steppe peu profond : des vins secs et frais aux vins doux mondialement connus, en passant par des [&hellip;]","og_url":"https:\/\/whynotwein.eu\/fr\/regions-viticoles\/burgenland\/neusiedlersee\/","og_site_name":"WhyNotWein","article_modified_time":"2022-11-24T12:19:40+00:00","og_image":[{"url":"https:\/\/whynotwein.eu\/wp-content\/uploads\/2022\/11\/website-burgenland-wappen-248x300.png","type":"","width":"","height":""}],"twitter_card":"summary_large_image","twitter_misc":{"Dur\u00e9e de lecture estim\u00e9e":"3 minutes"},"schema":{"@context":"https:\/\/schema.org","@graph":[{"@type":"WebPage","@id":"https:\/\/whynotwein.eu\/fr\/regions-viticoles\/burgenland\/neusiedlersee\/","url":"https:\/\/whynotwein.eu\/fr\/regions-viticoles\/burgenland\/neusiedlersee\/","name":"Neusiedlersee - WhyNotWein","isPartOf":{"@id":"https:\/\/whynotwein.eu\/fr\/#website"},"primaryImageOfPage":{"@id":"https:\/\/whynotwein.eu\/fr\/regions-viticoles\/burgenland\/neusiedlersee\/#primaryimage"},"image":{"@id":"https:\/\/whynotwein.eu\/fr\/regions-viticoles\/burgenland\/neusiedlersee\/#primaryimage"},"thumbnailUrl":"https:\/\/whynotwein.eu\/wp-content\/uploads\/2022\/11\/website-burgenland-wappen-248x300.png","datePublished":"2019-03-04T12:45:52+00:00","dateModified":"2022-11-24T12:19:40+00:00","breadcrumb":{"@id":"https:\/\/whynotwein.eu\/fr\/regions-viticoles\/burgenland\/neusiedlersee\/#breadcrumb"},"inLanguage":"fr-FR","potentialAction":[{"@type":"ReadAction","target":["https:\/\/whynotwein.eu\/fr\/regions-viticoles\/burgenland\/neusiedlersee\/"]}]},{"@type":"ImageObject","inLanguage":"fr-FR","@id":"https:\/\/whynotwein.eu\/fr\/regions-viticoles\/burgenland\/neusiedlersee\/#primaryimage","url":"https:\/\/whynotwein.eu\/wp-content\/uploads\/2022\/11\/website-burgenland-wappen-248x300.png","contentUrl":"https:\/\/whynotwein.eu\/wp-content\/uploads\/2022\/11\/website-burgenland-wappen-248x300.png"},{"@type":"BreadcrumbList","@id":"https:\/\/whynotwein.eu\/fr\/regions-viticoles\/burgenland\/neusiedlersee\/#breadcrumb","itemListElement":[{"@type":"ListItem","position":1,"name":"Home","item":"https:\/\/whynotwein.eu\/fr\/"},{"@type":"ListItem","position":2,"name":"R\u00e9gions viticoles","item":"https:\/\/whynotwein.eu\/fr\/regions-viticoles\/"},{"@type":"ListItem","position":3,"name":"Burgenland","item":"https:\/\/whynotwein.eu\/fr\/regions-viticoles\/burgenland\/"},{"@type":"ListItem","position":4,"name":"Neusiedlersee"}]},{"@type":"WebSite","@id":"https:\/\/whynotwein.eu\/fr\/#website","url":"https:\/\/whynotwein.eu\/fr\/","name":"WhyNotWein","description":"Austrian Wines in Belgium","publisher":{"@id":"https:\/\/whynotwein.eu\/fr\/#organization"},"potentialAction":[{"@type":"SearchAction","target":{"@type":"EntryPoint","urlTemplate":"https:\/\/whynotwein.eu\/fr\/?s={search_term_string}"},"query-input":{"@type":"PropertyValueSpecification","valueRequired":true,"valueName":"search_term_string"}}],"inLanguage":"fr-FR"},{"@type":"Organization","@id":"https:\/\/whynotwein.eu\/fr\/#organization","name":"WhyNotWein","url":"https:\/\/whynotwein.eu\/fr\/","logo":{"@type":"ImageObject","inLanguage":"fr-FR","@id":"https:\/\/whynotwein.eu\/fr\/#\/schema\/logo\/image\/","url":"https:\/\/whynotwein.eu\/wp-content\/uploads\/2015\/12\/WhyNotWein_Logo_340.png","contentUrl":"https:\/\/whynotwein.eu\/wp-content\/uploads\/2015\/12\/WhyNotWein_Logo_340.png","width":340,"height":156,"caption":"WhyNotWein"},"image":{"@id":"https:\/\/whynotwein.eu\/fr\/#\/schema\/logo\/image\/"}}]}},"uagb_featured_image_src":{"full":false,"thumbnail":false,"medium":false,"medium_large":false,"large":false,"1536x1536":false,"2048x2048":false,"gform-image-choice-sm":false,"gform-image-choice-md":false,"gform-image-choice-lg":false,"woocommerce_thumbnail":false,"woocommerce_single":false,"woocommerce_gallery_thumbnail":false},"uagb_author_info":{"display_name":"Ren\u00e9 Clausen","author_link":"https:\/\/whynotwein.eu\/fr\/author\/rene\/"},"uagb_comment_info":0,"uagb_excerpt":"R\u00e9gion viticole du lac de Neusiedl Presque tout est possible dans la r\u00e9gion viticole du Neusiedlersee. Sur 7.649 hectares de vignes, une diversit\u00e9 de c\u00e9pages blancs, rouges et doux m\u00fbrit sur les rives de ce lac de steppe peu profond : des vins secs et frais aux vins doux mondialement connus, en passant par des&hellip;","_links":{"self":[{"href":"https:\/\/whynotwein.eu\/fr\/wp-json\/wp\/v2\/pages\/15342","targetHints":{"allow":["GET"]}}],"collection":[{"href":"https:\/\/whynotwein.eu\/fr\/wp-json\/wp\/v2\/pages"}],"about":[{"href":"https:\/\/whynotwein.eu\/fr\/wp-json\/wp\/v2\/types\/page"}],"author":[{"embeddable":true,"href":"https:\/\/whynotwein.eu\/fr\/wp-json\/wp\/v2\/users\/2345"}],"replies":[{"embeddable":true,"href":"https:\/\/whynotwein.eu\/fr\/wp-json\/wp\/v2\/comments?post=15342"}],"version-history":[{"count":7,"href":"https:\/\/whynotwein.eu\/fr\/wp-json\/wp\/v2\/pages\/15342\/revisions"}],"predecessor-version":[{"id":26997,"href":"https:\/\/whynotwein.eu\/fr\/wp-json\/wp\/v2\/pages\/15342\/revisions\/26997"}],"up":[{"embeddable":true,"href":"https:\/\/whynotwein.eu\/fr\/wp-json\/wp\/v2\/pages\/11909"}],"wp:attachment":[{"href":"https:\/\/whynotwein.eu\/fr\/wp-json\/wp\/v2\/media?parent=15342"}],"curies":[{"name":"wp","href":"https:\/\/api.w.org\/{rel}","templated":true}]}}