{"id":26781,"date":"2022-11-11T11:43:28","date_gmt":"2022-11-11T10:43:28","guid":{"rendered":"https:\/\/whynotwein.eu\/weinregionen\/wien\/"},"modified":"2022-11-18T09:18:42","modified_gmt":"2022-11-18T08:18:42","slug":"vienne","status":"publish","type":"page","link":"https:\/\/whynotwein.eu\/fr\/regions-viticoles\/vienne\/","title":{"rendered":"Vienne"},"content":{"rendered":"\n<div class=\"wp-block-uagb-container uagb-block-9822fed0 alignfull uagb-is-root-container\"><div class=\"uagb-container-inner-blocks-wrap\">\n<div class=\"wp-block-uagb-container uagb-block-ef0927fe alignfull uagb-is-root-container\"><div class=\"uagb-container-inner-blocks-wrap\">\n<div class=\"wp-block-uagb-image uagb-block-5246fc15 wp-block-uagb-image--layout-default wp-block-uagb-image--effect-static wp-block-uagb-image--align-none\"><figure class=\"wp-block-uagb-image__figure\"><a class=\"\" href=\"https:\/\/pswp.fra1.digitaloceanspaces.com\/w\/20250922165932\/website-wien-wappen.png\" target=\"\" rel=\"noopener\"><img decoding=\"async\" srcset=\"https:\/\/pswp.fra1.digitaloceanspaces.com\/w\/20250922165932\/website-wien-wappen-231x300.png \" src=\"https:\/\/pswp.fra1.digitaloceanspaces.com\/w\/20250922165932\/website-wien-wappen-231x300.png\" alt=\"\" class=\"uag-image-26529\" width=\"231\" height=\"300\" title=\"\"\/><\/a><\/figure><\/div>\n<\/div><\/div>\n\n\n\n<div class=\"wp-block-uagb-container uagb-block-44cde96e alignfull uagb-is-root-container\"><div class=\"uagb-container-inner-blocks-wrap\">\n<div class=\"wp-block-uagb-advanced-heading uagb-block-a24d546f\"><h3 class=\"uagb-heading-text\">R\u00e9gion viticole de Vienne<\/h3><\/div>\n\n\n\n<p>La viticulture dans les grandes villes ? Il s&#8217;agit souvent de vignobles de d\u00e9monstration comme attraction touristique. Mais Vienne est diff\u00e9rente. Ici, 612 hectares de vignes sont un facteur \u00e9conomique essentiel, servent \u00e0 pr\u00e9server la ceinture verte et sont la base d&#8217;un vin de grande qualit\u00e9. \u00c0 la fin du Moyen \u00c2ge, il y avait encore des vignes \u00e0 l&#8217;int\u00e9rieur des murs de Vienne, jusque dans l&#8217;actuel premier arrondissement, mais aujourd&#8217;hui, l&#8217;essentiel de la viticulture se trouve dans les faubourgs, en p\u00e9riph\u00e9rie de la ville : les terrains du Bisamberg, au nord du Danube &#8211; exploit\u00e9s par des viticulteurs de Strebersdorf, Stammersdorf et Jedlersdorf &#8211; sont favorables \u00e0 la famille bourguignonne.<\/p>\n\n\n\n<div class=\"wp-block-uagb-icon-list uagb-block-41e066ef\"><div class=\"uagb-icon-list__wrap\">\n<div class=\"wp-block-uagb-icon-list-child uagb-block-c7efcdd7\"><span class=\"uagb-icon-list__source-wrap\"><svg xmlns=\"https:\/\/www.w3.org\/2000\/svg\" viewbox=\"0 0 512 512\"><path d=\"M256 0C114.6 0 0 114.6 0 256c0 141.4 114.6 256 256 256s256-114.6 256-256C512 114.6 397.4 0 256 0zM406.6 278.6l-103.1 103.1c-12.5 12.5-32.75 12.5-45.25 0s-12.5-32.75 0-45.25L306.8 288H128C110.3 288 96 273.7 96 256s14.31-32 32-32h178.8l-49.38-49.38c-12.5-12.5-12.5-32.75 0-45.25s32.75-12.5 45.25 0l103.1 103.1C414.6 241.3 416 251.1 416 256C416 260.9 414.6 270.7 406.6 278.6z\"><\/path><\/svg><\/span><span class=\"uagb-icon-list__label\">Un vent de fra\u00eecheur<\/span><\/div>\n\n\n\n<div class=\"wp-block-uagb-icon-list-child uagb-block-8a4f6154\"><span class=\"uagb-icon-list__source-wrap\"><svg xmlns=\"https:\/\/www.w3.org\/2000\/svg\" viewbox=\"0 0 512 512\"><path d=\"M256 0C114.6 0 0 114.6 0 256c0 141.4 114.6 256 256 256s256-114.6 256-256C512 114.6 397.4 0 256 0zM406.6 278.6l-103.1 103.1c-12.5 12.5-32.75 12.5-45.25 0s-12.5-32.75 0-45.25L306.8 288H128C110.3 288 96 273.7 96 256s14.31-32 32-32h178.8l-49.38-49.38c-12.5-12.5-12.5-32.75 0-45.25s32.75-12.5 45.25 0l103.1 103.1C414.6 241.3 416 251.1 416 256C416 260.9 414.6 270.7 406.6 278.6z\"><\/path><\/svg><\/span><span class=\"uagb-icon-list__label\">Influences pannoniennes, continentales et m\u00e9diterran\u00e9ennes<\/span><\/div>\n\n\n\n<div class=\"wp-block-uagb-icon-list-child uagb-block-3bed4dae\"><span class=\"uagb-icon-list__source-wrap\"><svg xmlns=\"https:\/\/www.w3.org\/2000\/svg\" viewbox=\"0 0 512 512\"><path d=\"M256 0C114.6 0 0 114.6 0 256c0 141.4 114.6 256 256 256s256-114.6 256-256C512 114.6 397.4 0 256 0zM406.6 278.6l-103.1 103.1c-12.5 12.5-32.75 12.5-45.25 0s-12.5-32.75 0-45.25L306.8 288H128C110.3 288 96 273.7 96 256s14.31-32 32-32h178.8l-49.38-49.38c-12.5-12.5-12.5-32.75 0-45.25s32.75-12.5 45.25 0l103.1 103.1C414.6 241.3 416 251.1 416 256C416 260.9 414.6 270.7 406.6 278.6z\"><\/path><\/svg><\/span><span class=\"uagb-icon-list__label\">Du sable \u00e0 l&#8217;argile et au calcaire coquillier<\/span><\/div>\n<\/div><\/div>\n<\/div><\/div>\n<\/div><\/div>\n\n<figure class=\"wp-block-gallery has-nested-images columns-default is-cropped wp-block-gallery-1 is-layout-flex wp-block-gallery-is-layout-flex\">\n<figure class=\"wp-block-image size-large\"><a href=\"https:\/\/pswp.fra1.digitaloceanspaces.com\/w\/20250922165930\/website-wien3-1.jpeg\"><img decoding=\"async\" width=\"800\" height=\"529\" data-id=\"26549\" src=\"https:\/\/pswp.fra1.digitaloceanspaces.com\/w\/20250922165930\/website-wien3-1.jpeg\" alt=\"\" class=\"wp-image-26549\" srcset=\"https:\/\/pswp.fra1.digitaloceanspaces.com\/w\/20250922165930\/website-wien3-1.jpeg 800w, https:\/\/pswp.fra1.digitaloceanspaces.com\/w\/20250922165930\/website-wien3-1-300x198.jpeg 300w, https:\/\/pswp.fra1.digitaloceanspaces.com\/w\/20250922165930\/website-wien3-1-768x508.jpeg 768w, https:\/\/pswp.fra1.digitaloceanspaces.com\/w\/20250922165930\/website-wien3-1-450x298.jpeg 450w\" sizes=\"(max-width: 800px) 100vw, 800px\" \/><\/a><\/figure>\n\n\n\n<figure class=\"wp-block-image size-large\"><a href=\"https:\/\/pswp.fra1.digitaloceanspaces.com\/w\/20250922165930\/website-wien3.webp\"><img decoding=\"async\" width=\"1030\" height=\"687\" data-id=\"26557\" src=\"https:\/\/pswp.fra1.digitaloceanspaces.com\/w\/20250922165930\/website-wien3-1030x687.webp\" alt=\"\" class=\"wp-image-26557\" srcset=\"https:\/\/pswp.fra1.digitaloceanspaces.com\/w\/20250922165930\/website-wien3-1030x687.webp 1030w, https:\/\/pswp.fra1.digitaloceanspaces.com\/w\/20250922165930\/website-wien3-300x200.webp 300w, https:\/\/pswp.fra1.digitaloceanspaces.com\/w\/20250922165930\/website-wien3-768x512.webp 768w, https:\/\/pswp.fra1.digitaloceanspaces.com\/w\/20250922165930\/website-wien3-450x300.webp 450w, https:\/\/pswp.fra1.digitaloceanspaces.com\/w\/20250922165930\/website-wien3.webp 1200w\" sizes=\"(max-width: 1030px) 100vw, 1030px\" \/><\/a><\/figure>\n\n\n\n<figure class=\"wp-block-image size-large\"><a href=\"https:\/\/pswp.fra1.digitaloceanspaces.com\/w\/20250922165930\/website-wien-1.jpeg\"><img decoding=\"async\" width=\"1024\" height=\"683\" data-id=\"26553\" src=\"https:\/\/pswp.fra1.digitaloceanspaces.com\/w\/20250922165930\/website-wien-1.jpeg\" alt=\"\" class=\"wp-image-26553\" srcset=\"https:\/\/pswp.fra1.digitaloceanspaces.com\/w\/20250922165930\/website-wien-1.jpeg 1024w, https:\/\/pswp.fra1.digitaloceanspaces.com\/w\/20250922165930\/website-wien-1-300x200.jpeg 300w, https:\/\/pswp.fra1.digitaloceanspaces.com\/w\/20250922165930\/website-wien-1-768x512.jpeg 768w, https:\/\/pswp.fra1.digitaloceanspaces.com\/w\/20250922165930\/website-wien-1-450x300.jpeg 450w\" sizes=\"(max-width: 1024px) 100vw, 1024px\" \/><\/a><\/figure>\n\n\n\n<figure class=\"wp-block-image size-large\"><a href=\"https:\/\/pswp.fra1.digitaloceanspaces.com\/w\/20250922165931\/website-wien2.jpeg\"><img decoding=\"async\" width=\"1030\" height=\"549\" data-id=\"26545\" src=\"https:\/\/pswp.fra1.digitaloceanspaces.com\/w\/20250922165931\/website-wien2-1030x549.jpeg\" alt=\"\" class=\"wp-image-26545\" srcset=\"https:\/\/pswp.fra1.digitaloceanspaces.com\/w\/20250922165931\/website-wien2-1030x549.jpeg 1030w, https:\/\/pswp.fra1.digitaloceanspaces.com\/w\/20250922165931\/website-wien2-300x160.jpeg 300w, https:\/\/pswp.fra1.digitaloceanspaces.com\/w\/20250922165931\/website-wien2-768x410.jpeg 768w, https:\/\/pswp.fra1.digitaloceanspaces.com\/w\/20250922165931\/website-wien2-450x240.jpeg 450w, https:\/\/pswp.fra1.digitaloceanspaces.com\/w\/20250922165931\/website-wien2.jpeg 1500w\" sizes=\"(max-width: 1030px) 100vw, 1030px\" \/><\/a><\/figure>\n<\/figure>\n","protected":false},"excerpt":{"rendered":"<p>R\u00e9gion viticole de Vienne La viticulture dans les grandes villes ? Il s&#8217;agit souvent de vignobles de d\u00e9monstration comme attraction touristique. Mais Vienne est diff\u00e9rente. Ici, 612 hectares de vignes sont un facteur \u00e9conomique essentiel, servent \u00e0 pr\u00e9server la ceinture verte et sont la base d&#8217;un vin de grande qualit\u00e9. \u00c0 la fin du Moyen [&hellip;]<\/p>\n","protected":false},"author":2345,"featured_media":26532,"parent":10186,"menu_order":1,"comment_status":"closed","ping_status":"closed","template":"","meta":{"_eb_attr":"","_uag_custom_page_level_css":"","site-sidebar-layout":"default","site-content-layout":"","ast-site-content-layout":"default","site-content-style":"default","site-sidebar-style":"default","ast-global-header-display":"","ast-banner-title-visibility":"","ast-main-header-display":"","ast-hfb-above-header-display":"","ast-hfb-below-header-display":"","ast-hfb-mobile-header-display":"","site-post-title":"","ast-breadcrumbs-content":"","ast-featured-img":"disabled","footer-sml-layout":"","ast-disable-related-posts":"","theme-transparent-header-meta":"","adv-header-id-meta":"","stick-header-meta":"","header-above-stick-meta":"","header-main-stick-meta":"","header-below-stick-meta":"","astra-migrate-meta-layouts":"default","ast-page-background-enabled":"default","ast-page-background-meta":{"desktop":{"background-color":"var(--ast-global-color-4)","background-image":"","background-repeat":"repeat","background-position":"center center","background-size":"auto","background-attachment":"scroll","background-type":"","background-media":"","overlay-type":"","overlay-color":"","overlay-opacity":"","overlay-gradient":""},"tablet":{"background-color":"","background-image":"","background-repeat":"repeat","background-position":"center center","background-size":"auto","background-attachment":"scroll","background-type":"","background-media":"","overlay-type":"","overlay-color":"","overlay-opacity":"","overlay-gradient":""},"mobile":{"background-color":"","background-image":"","background-repeat":"repeat","background-position":"center center","background-size":"auto","background-attachment":"scroll","background-type":"","background-media":"","overlay-type":"","overlay-color":"","overlay-opacity":"","overlay-gradient":""}},"ast-content-background-meta":{"desktop":{"background-color":"var(--ast-global-color-5)","background-image":"","background-repeat":"repeat","background-position":"center center","background-size":"auto","background-attachment":"scroll","background-type":"","background-media":"","overlay-type":"","overlay-color":"","overlay-opacity":"","overlay-gradient":""},"tablet":{"background-color":"var(--ast-global-color-5)","background-image":"","background-repeat":"repeat","background-position":"center center","background-size":"auto","background-attachment":"scroll","background-type":"","background-media":"","overlay-type":"","overlay-color":"","overlay-opacity":"","overlay-gradient":""},"mobile":{"background-color":"var(--ast-global-color-5)","background-image":"","background-repeat":"repeat","background-position":"center center","background-size":"auto","background-attachment":"scroll","background-type":"","background-media":"","overlay-type":"","overlay-color":"","overlay-opacity":"","overlay-gradient":""}},"footnotes":""},"class_list":["post-26781","page","type-page","status-publish","has-post-thumbnail","hentry"],"yoast_head":"<!-- This site is optimized with the Yoast SEO plugin v27.3 - https:\/\/yoast.com\/product\/yoast-seo-wordpress\/ -->\n<title>Vienne - WhyNotWein<\/title>\n<meta name=\"robots\" content=\"index, follow, max-snippet:-1, max-image-preview:large, max-video-preview:-1\" \/>\n<link rel=\"canonical\" href=\"https:\/\/whynotwein.eu\/fr\/regions-viticoles\/vienne\/\" \/>\n<meta property=\"og:locale\" content=\"fr_FR\" \/>\n<meta property=\"og:type\" content=\"article\" \/>\n<meta property=\"og:title\" content=\"Vienne - WhyNotWein\" \/>\n<meta property=\"og:description\" content=\"R\u00e9gion viticole de Vienne La viticulture dans les grandes villes ? Il s&#8217;agit souvent de vignobles de d\u00e9monstration comme attraction touristique. Mais Vienne est diff\u00e9rente. Ici, 612 hectares de vignes sont un facteur \u00e9conomique essentiel, servent \u00e0 pr\u00e9server la ceinture verte et sont la base d&#8217;un vin de grande qualit\u00e9. \u00c0 la fin du Moyen [&hellip;]\" \/>\n<meta property=\"og:url\" content=\"https:\/\/whynotwein.eu\/fr\/regions-viticoles\/vienne\/\" \/>\n<meta property=\"og:site_name\" content=\"WhyNotWein\" \/>\n<meta property=\"article:modified_time\" content=\"2022-11-18T08:18:42+00:00\" \/>\n<meta property=\"og:image\" content=\"https:\/\/wnwfra.s3.eu-central-1.amazonaws.com\/wp-content\/uploads\/2022\/11\/10164546\/website-wien-wappen.png\" \/>\n\t<meta property=\"og:image:width\" content=\"1200\" \/>\n\t<meta property=\"og:image:height\" content=\"1560\" \/>\n\t<meta property=\"og:image:type\" content=\"image\/png\" \/>\n<meta name=\"twitter:card\" content=\"summary_large_image\" \/>\n<meta name=\"twitter:label1\" content=\"Dur\u00e9e de lecture estim\u00e9e\" \/>\n\t<meta name=\"twitter:data1\" content=\"2 minutes\" \/>\n<script type=\"application\/ld+json\" class=\"yoast-schema-graph\">{\"@context\":\"https:\\\/\\\/schema.org\",\"@graph\":[{\"@type\":\"WebPage\",\"@id\":\"https:\\\/\\\/whynotwein.eu\\\/fr\\\/regions-viticoles\\\/vienne\\\/\",\"url\":\"https:\\\/\\\/whynotwein.eu\\\/fr\\\/regions-viticoles\\\/vienne\\\/\",\"name\":\"Vienne - WhyNotWein\",\"isPartOf\":{\"@id\":\"https:\\\/\\\/whynotwein.eu\\\/fr\\\/#website\"},\"primaryImageOfPage\":{\"@id\":\"https:\\\/\\\/whynotwein.eu\\\/fr\\\/regions-viticoles\\\/vienne\\\/#primaryimage\"},\"image\":{\"@id\":\"https:\\\/\\\/whynotwein.eu\\\/fr\\\/regions-viticoles\\\/vienne\\\/#primaryimage\"},\"thumbnailUrl\":\"https:\\\/\\\/pswp.fra1.digitaloceanspaces.com\\\/w\\\/20250922165932\\\/website-wien-wappen.png\",\"datePublished\":\"2022-11-11T10:43:28+00:00\",\"dateModified\":\"2022-11-18T08:18:42+00:00\",\"breadcrumb\":{\"@id\":\"https:\\\/\\\/whynotwein.eu\\\/fr\\\/regions-viticoles\\\/vienne\\\/#breadcrumb\"},\"inLanguage\":\"fr-FR\",\"potentialAction\":[{\"@type\":\"ReadAction\",\"target\":[\"https:\\\/\\\/whynotwein.eu\\\/fr\\\/regions-viticoles\\\/vienne\\\/\"]}]},{\"@type\":\"ImageObject\",\"inLanguage\":\"fr-FR\",\"@id\":\"https:\\\/\\\/whynotwein.eu\\\/fr\\\/regions-viticoles\\\/vienne\\\/#primaryimage\",\"url\":\"https:\\\/\\\/pswp.fra1.digitaloceanspaces.com\\\/w\\\/20250922165932\\\/website-wien-wappen.png\",\"contentUrl\":\"https:\\\/\\\/pswp.fra1.digitaloceanspaces.com\\\/w\\\/20250922165932\\\/website-wien-wappen.png\",\"width\":1200,\"height\":1560},{\"@type\":\"BreadcrumbList\",\"@id\":\"https:\\\/\\\/whynotwein.eu\\\/fr\\\/regions-viticoles\\\/vienne\\\/#breadcrumb\",\"itemListElement\":[{\"@type\":\"ListItem\",\"position\":1,\"name\":\"Home\",\"item\":\"https:\\\/\\\/whynotwein.eu\\\/fr\\\/\"},{\"@type\":\"ListItem\",\"position\":2,\"name\":\"R\u00e9gions viticoles\",\"item\":\"https:\\\/\\\/whynotwein.eu\\\/fr\\\/regions-viticoles\\\/\"},{\"@type\":\"ListItem\",\"position\":3,\"name\":\"Vienne\"}]},{\"@type\":\"WebSite\",\"@id\":\"https:\\\/\\\/whynotwein.eu\\\/fr\\\/#website\",\"url\":\"https:\\\/\\\/whynotwein.eu\\\/fr\\\/\",\"name\":\"WhyNotWein\",\"description\":\"Austrian Wines in Belgium\",\"publisher\":{\"@id\":\"https:\\\/\\\/whynotwein.eu\\\/fr\\\/#organization\"},\"potentialAction\":[{\"@type\":\"SearchAction\",\"target\":{\"@type\":\"EntryPoint\",\"urlTemplate\":\"https:\\\/\\\/whynotwein.eu\\\/fr\\\/?s={search_term_string}\"},\"query-input\":{\"@type\":\"PropertyValueSpecification\",\"valueRequired\":true,\"valueName\":\"search_term_string\"}}],\"inLanguage\":\"fr-FR\"},{\"@type\":\"Organization\",\"@id\":\"https:\\\/\\\/whynotwein.eu\\\/fr\\\/#organization\",\"name\":\"WhyNotWein\",\"url\":\"https:\\\/\\\/whynotwein.eu\\\/fr\\\/\",\"logo\":{\"@type\":\"ImageObject\",\"inLanguage\":\"fr-FR\",\"@id\":\"https:\\\/\\\/whynotwein.eu\\\/fr\\\/#\\\/schema\\\/logo\\\/image\\\/\",\"url\":\"https:\\\/\\\/whynotwein.eu\\\/wp-content\\\/uploads\\\/2015\\\/12\\\/WhyNotWein_Logo_340.png\",\"contentUrl\":\"https:\\\/\\\/whynotwein.eu\\\/wp-content\\\/uploads\\\/2015\\\/12\\\/WhyNotWein_Logo_340.png\",\"width\":340,\"height\":156,\"caption\":\"WhyNotWein\"},\"image\":{\"@id\":\"https:\\\/\\\/whynotwein.eu\\\/fr\\\/#\\\/schema\\\/logo\\\/image\\\/\"}}]}<\/script>\n<!-- \/ Yoast SEO plugin. -->","yoast_head_json":{"title":"Vienne - WhyNotWein","robots":{"index":"index","follow":"follow","max-snippet":"max-snippet:-1","max-image-preview":"max-image-preview:large","max-video-preview":"max-video-preview:-1"},"canonical":"https:\/\/whynotwein.eu\/fr\/regions-viticoles\/vienne\/","og_locale":"fr_FR","og_type":"article","og_title":"Vienne - WhyNotWein","og_description":"R\u00e9gion viticole de Vienne La viticulture dans les grandes villes ? Il s&#8217;agit souvent de vignobles de d\u00e9monstration comme attraction touristique. Mais Vienne est diff\u00e9rente. Ici, 612 hectares de vignes sont un facteur \u00e9conomique essentiel, servent \u00e0 pr\u00e9server la ceinture verte et sont la base d&#8217;un vin de grande qualit\u00e9. \u00c0 la fin du Moyen [&hellip;]","og_url":"https:\/\/whynotwein.eu\/fr\/regions-viticoles\/vienne\/","og_site_name":"WhyNotWein","article_modified_time":"2022-11-18T08:18:42+00:00","og_image":[{"width":1200,"height":1560,"url":"https:\/\/wnwfra.s3.eu-central-1.amazonaws.com\/wp-content\/uploads\/2022\/11\/10164546\/website-wien-wappen.png","type":"image\/png"}],"twitter_card":"summary_large_image","twitter_misc":{"Dur\u00e9e de lecture estim\u00e9e":"2 minutes"},"schema":{"@context":"https:\/\/schema.org","@graph":[{"@type":"WebPage","@id":"https:\/\/whynotwein.eu\/fr\/regions-viticoles\/vienne\/","url":"https:\/\/whynotwein.eu\/fr\/regions-viticoles\/vienne\/","name":"Vienne - WhyNotWein","isPartOf":{"@id":"https:\/\/whynotwein.eu\/fr\/#website"},"primaryImageOfPage":{"@id":"https:\/\/whynotwein.eu\/fr\/regions-viticoles\/vienne\/#primaryimage"},"image":{"@id":"https:\/\/whynotwein.eu\/fr\/regions-viticoles\/vienne\/#primaryimage"},"thumbnailUrl":"https:\/\/pswp.fra1.digitaloceanspaces.com\/w\/20250922165932\/website-wien-wappen.png","datePublished":"2022-11-11T10:43:28+00:00","dateModified":"2022-11-18T08:18:42+00:00","breadcrumb":{"@id":"https:\/\/whynotwein.eu\/fr\/regions-viticoles\/vienne\/#breadcrumb"},"inLanguage":"fr-FR","potentialAction":[{"@type":"ReadAction","target":["https:\/\/whynotwein.eu\/fr\/regions-viticoles\/vienne\/"]}]},{"@type":"ImageObject","inLanguage":"fr-FR","@id":"https:\/\/whynotwein.eu\/fr\/regions-viticoles\/vienne\/#primaryimage","url":"https:\/\/pswp.fra1.digitaloceanspaces.com\/w\/20250922165932\/website-wien-wappen.png","contentUrl":"https:\/\/pswp.fra1.digitaloceanspaces.com\/w\/20250922165932\/website-wien-wappen.png","width":1200,"height":1560},{"@type":"BreadcrumbList","@id":"https:\/\/whynotwein.eu\/fr\/regions-viticoles\/vienne\/#breadcrumb","itemListElement":[{"@type":"ListItem","position":1,"name":"Home","item":"https:\/\/whynotwein.eu\/fr\/"},{"@type":"ListItem","position":2,"name":"R\u00e9gions viticoles","item":"https:\/\/whynotwein.eu\/fr\/regions-viticoles\/"},{"@type":"ListItem","position":3,"name":"Vienne"}]},{"@type":"WebSite","@id":"https:\/\/whynotwein.eu\/fr\/#website","url":"https:\/\/whynotwein.eu\/fr\/","name":"WhyNotWein","description":"Austrian Wines in Belgium","publisher":{"@id":"https:\/\/whynotwein.eu\/fr\/#organization"},"potentialAction":[{"@type":"SearchAction","target":{"@type":"EntryPoint","urlTemplate":"https:\/\/whynotwein.eu\/fr\/?s={search_term_string}"},"query-input":{"@type":"PropertyValueSpecification","valueRequired":true,"valueName":"search_term_string"}}],"inLanguage":"fr-FR"},{"@type":"Organization","@id":"https:\/\/whynotwein.eu\/fr\/#organization","name":"WhyNotWein","url":"https:\/\/whynotwein.eu\/fr\/","logo":{"@type":"ImageObject","inLanguage":"fr-FR","@id":"https:\/\/whynotwein.eu\/fr\/#\/schema\/logo\/image\/","url":"https:\/\/whynotwein.eu\/wp-content\/uploads\/2015\/12\/WhyNotWein_Logo_340.png","contentUrl":"https:\/\/whynotwein.eu\/wp-content\/uploads\/2015\/12\/WhyNotWein_Logo_340.png","width":340,"height":156,"caption":"WhyNotWein"},"image":{"@id":"https:\/\/whynotwein.eu\/fr\/#\/schema\/logo\/image\/"}}]}},"uagb_featured_image_src":{"full":["https:\/\/pswp.fra1.digitaloceanspaces.com\/w\/20250922165932\/website-wien-wappen.png",1200,1560,false],"thumbnail":["https:\/\/pswp.fra1.digitaloceanspaces.com\/w\/20250922165932\/website-wien-wappen-80x80.png",80,80,true],"medium":["https:\/\/pswp.fra1.digitaloceanspaces.com\/w\/20250922165932\/website-wien-wappen-231x300.png",231,300,true],"medium_large":["https:\/\/pswp.fra1.digitaloceanspaces.com\/w\/20250922165932\/website-wien-wappen-768x998.png",768,998,true],"large":["https:\/\/pswp.fra1.digitaloceanspaces.com\/w\/20250922165932\/website-wien-wappen-792x1030.png",792,1030,true],"1536x1536":["https:\/\/pswp.fra1.digitaloceanspaces.com\/w\/20250922165932\/website-wien-wappen-1182x1536.png",1182,1536,true],"2048x2048":["https:\/\/pswp.fra1.digitaloceanspaces.com\/w\/20250922165932\/website-wien-wappen.png",1200,1560,false],"gform-image-choice-sm":["https:\/\/pswp.fra1.digitaloceanspaces.com\/w\/20250922165932\/website-wien-wappen.png",231,300,false],"gform-image-choice-md":["https:\/\/pswp.fra1.digitaloceanspaces.com\/w\/20250922165932\/website-wien-wappen.png",308,400,false],"gform-image-choice-lg":["https:\/\/pswp.fra1.digitaloceanspaces.com\/w\/20250922165932\/website-wien-wappen.png",462,600,false],"woocommerce_thumbnail":["https:\/\/pswp.fra1.digitaloceanspaces.com\/w\/20250922165932\/website-wien-wappen-450x450.png",450,450,true],"woocommerce_single":["https:\/\/pswp.fra1.digitaloceanspaces.com\/w\/20250922165932\/website-wien-wappen-450x585.png",450,585,true],"woocommerce_gallery_thumbnail":["https:\/\/pswp.fra1.digitaloceanspaces.com\/w\/20250922165932\/website-wien-wappen-100x100.png",100,100,true]},"uagb_author_info":{"display_name":"Ren\u00e9 Clausen","author_link":"https:\/\/whynotwein.eu\/fr\/author\/rene\/"},"uagb_comment_info":0,"uagb_excerpt":"R\u00e9gion viticole de Vienne La viticulture dans les grandes villes ? Il s&#8217;agit souvent de vignobles de d\u00e9monstration comme attraction touristique. Mais Vienne est diff\u00e9rente. Ici, 612 hectares de vignes sont un facteur \u00e9conomique essentiel, servent \u00e0 pr\u00e9server la ceinture verte et sont la base d&#8217;un vin de grande qualit\u00e9. \u00c0 la fin du Moyen&hellip;","_links":{"self":[{"href":"https:\/\/whynotwein.eu\/fr\/wp-json\/wp\/v2\/pages\/26781","targetHints":{"allow":["GET"]}}],"collection":[{"href":"https:\/\/whynotwein.eu\/fr\/wp-json\/wp\/v2\/pages"}],"about":[{"href":"https:\/\/whynotwein.eu\/fr\/wp-json\/wp\/v2\/types\/page"}],"author":[{"embeddable":true,"href":"https:\/\/whynotwein.eu\/fr\/wp-json\/wp\/v2\/users\/2345"}],"replies":[{"embeddable":true,"href":"https:\/\/whynotwein.eu\/fr\/wp-json\/wp\/v2\/comments?post=26781"}],"version-history":[{"count":2,"href":"https:\/\/whynotwein.eu\/fr\/wp-json\/wp\/v2\/pages\/26781\/revisions"}],"predecessor-version":[{"id":26783,"href":"https:\/\/whynotwein.eu\/fr\/wp-json\/wp\/v2\/pages\/26781\/revisions\/26783"}],"up":[{"embeddable":true,"href":"https:\/\/whynotwein.eu\/fr\/wp-json\/wp\/v2\/pages\/10186"}],"wp:featuredmedia":[{"embeddable":true,"href":"https:\/\/whynotwein.eu\/fr\/wp-json\/wp\/v2\/media\/26532"}],"wp:attachment":[{"href":"https:\/\/whynotwein.eu\/fr\/wp-json\/wp\/v2\/media?parent=26781"}],"curies":[{"name":"wp","href":"https:\/\/api.w.org\/{rel}","templated":true}]}}