{"id":4816,"date":"2015-10-07T15:57:22","date_gmt":"2015-10-07T13:57:22","guid":{"rendered":"http:\/\/k047968.hosting.kinamo.be\/fr\/?page_id=4816"},"modified":"2020-05-14T23:10:01","modified_gmt":"2020-05-14T21:10:01","slug":"kontakt","status":"publish","type":"page","link":"https:\/\/whynotwein.eu\/fr\/kontakt\/","title":{"rendered":"Contact"},"content":{"rendered":"\n<p>Vous avez une question? Je me r\u00e9jouis de votre message.<\/p>\n<p><strong>Les livraisons se font du: <\/strong><\/p>\n<p>Lundi au Mercredi de 09.30 \u00e0 12.30h<br \/>\nVendredi de 10:00 \u00e0 15:00h<br \/>\nLe samedi et dimanche de 10:30 \u00e0 13:00h<\/p>\n","protected":false},"excerpt":{"rendered":"<p>Vous avez une question? Je me r\u00e9jouis de votre message. Les livraisons se font du: Lundi au Mercredi de 09.30 \u00e0 12.30h Vendredi de 10:00 \u00e0 15:00h Le samedi et dimanche de 10:30 \u00e0 13:00h<\/p>\n","protected":false},"author":2,"featured_media":0,"parent":0,"menu_order":0,"comment_status":"closed","ping_status":"closed","template":"","meta":{"_eb_attr":"","_uag_custom_page_level_css":"","site-sidebar-layout":"default","site-content-layout":"","ast-site-content-layout":"default","site-content-style":"default","site-sidebar-style":"default","ast-global-header-display":"","ast-banner-title-visibility":"","ast-main-header-display":"","ast-hfb-above-header-display":"","ast-hfb-below-header-display":"","ast-hfb-mobile-header-display":"","site-post-title":"","ast-breadcrumbs-content":"","ast-featured-img":"","footer-sml-layout":"","ast-disable-related-posts":"","theme-transparent-header-meta":"","adv-header-id-meta":"","stick-header-meta":"","header-above-stick-meta":"","header-main-stick-meta":"","header-below-stick-meta":"","astra-migrate-meta-layouts":"default","ast-page-background-enabled":"default","ast-page-background-meta":{"desktop":{"background-color":"var(--ast-global-color-4)","background-image":"","background-repeat":"repeat","background-position":"center center","background-size":"auto","background-attachment":"scroll","background-type":"","background-media":"","overlay-type":"","overlay-color":"","overlay-opacity":"","overlay-gradient":""},"tablet":{"background-color":"","background-image":"","background-repeat":"repeat","background-position":"center center","background-size":"auto","background-attachment":"scroll","background-type":"","background-media":"","overlay-type":"","overlay-color":"","overlay-opacity":"","overlay-gradient":""},"mobile":{"background-color":"","background-image":"","background-repeat":"repeat","background-position":"center center","background-size":"auto","background-attachment":"scroll","background-type":"","background-media":"","overlay-type":"","overlay-color":"","overlay-opacity":"","overlay-gradient":""}},"ast-content-background-meta":{"desktop":{"background-color":"var(--ast-global-color-5)","background-image":"","background-repeat":"repeat","background-position":"center center","background-size":"auto","background-attachment":"scroll","background-type":"","background-media":"","overlay-type":"","overlay-color":"","overlay-opacity":"","overlay-gradient":""},"tablet":{"background-color":"var(--ast-global-color-5)","background-image":"","background-repeat":"repeat","background-position":"center center","background-size":"auto","background-attachment":"scroll","background-type":"","background-media":"","overlay-type":"","overlay-color":"","overlay-opacity":"","overlay-gradient":""},"mobile":{"background-color":"var(--ast-global-color-5)","background-image":"","background-repeat":"repeat","background-position":"center center","background-size":"auto","background-attachment":"scroll","background-type":"","background-media":"","overlay-type":"","overlay-color":"","overlay-opacity":"","overlay-gradient":""}},"footnotes":""},"class_list":["post-4816","page","type-page","status-publish","hentry"],"yoast_head":"<!-- This site is optimized with the Yoast SEO plugin v27.3 - https:\/\/yoast.com\/product\/yoast-seo-wordpress\/ -->\n<title>Contact - WhyNotWein<\/title>\n<meta name=\"robots\" content=\"index, follow, max-snippet:-1, max-image-preview:large, max-video-preview:-1\" \/>\n<link rel=\"canonical\" href=\"https:\/\/whynotwein.eu\/fr\/kontakt\/\" \/>\n<meta property=\"og:locale\" content=\"fr_FR\" \/>\n<meta property=\"og:type\" content=\"article\" \/>\n<meta property=\"og:title\" content=\"Contact - WhyNotWein\" \/>\n<meta property=\"og:description\" content=\"Vous avez une question? Je me r\u00e9jouis de votre message. Les livraisons se font du: Lundi au Mercredi de 09.30 \u00e0 12.30h Vendredi de 10:00 \u00e0 15:00h Le samedi et dimanche de 10:30 \u00e0 13:00h\" \/>\n<meta property=\"og:url\" content=\"https:\/\/whynotwein.eu\/fr\/kontakt\/\" \/>\n<meta property=\"og:site_name\" content=\"WhyNotWein\" \/>\n<meta property=\"article:modified_time\" content=\"2020-05-14T21:10:01+00:00\" \/>\n<meta name=\"twitter:card\" content=\"summary_large_image\" \/>\n<script type=\"application\/ld+json\" class=\"yoast-schema-graph\">{\"@context\":\"https:\\\/\\\/schema.org\",\"@graph\":[{\"@type\":\"WebPage\",\"@id\":\"https:\\\/\\\/whynotwein.eu\\\/fr\\\/kontakt\\\/\",\"url\":\"https:\\\/\\\/whynotwein.eu\\\/fr\\\/kontakt\\\/\",\"name\":\"Contact - WhyNotWein\",\"isPartOf\":{\"@id\":\"https:\\\/\\\/whynotwein.eu\\\/fr\\\/#website\"},\"datePublished\":\"2015-10-07T13:57:22+00:00\",\"dateModified\":\"2020-05-14T21:10:01+00:00\",\"breadcrumb\":{\"@id\":\"https:\\\/\\\/whynotwein.eu\\\/fr\\\/kontakt\\\/#breadcrumb\"},\"inLanguage\":\"fr-FR\",\"potentialAction\":[{\"@type\":\"ReadAction\",\"target\":[\"https:\\\/\\\/whynotwein.eu\\\/fr\\\/kontakt\\\/\"]}]},{\"@type\":\"BreadcrumbList\",\"@id\":\"https:\\\/\\\/whynotwein.eu\\\/fr\\\/kontakt\\\/#breadcrumb\",\"itemListElement\":[{\"@type\":\"ListItem\",\"position\":1,\"name\":\"Home\",\"item\":\"https:\\\/\\\/whynotwein.eu\\\/fr\\\/\"},{\"@type\":\"ListItem\",\"position\":2,\"name\":\"Contact\"}]},{\"@type\":\"WebSite\",\"@id\":\"https:\\\/\\\/whynotwein.eu\\\/fr\\\/#website\",\"url\":\"https:\\\/\\\/whynotwein.eu\\\/fr\\\/\",\"name\":\"WhyNotWein\",\"description\":\"Austrian Wines in Belgium\",\"publisher\":{\"@id\":\"https:\\\/\\\/whynotwein.eu\\\/fr\\\/#organization\"},\"potentialAction\":[{\"@type\":\"SearchAction\",\"target\":{\"@type\":\"EntryPoint\",\"urlTemplate\":\"https:\\\/\\\/whynotwein.eu\\\/fr\\\/?s={search_term_string}\"},\"query-input\":{\"@type\":\"PropertyValueSpecification\",\"valueRequired\":true,\"valueName\":\"search_term_string\"}}],\"inLanguage\":\"fr-FR\"},{\"@type\":\"Organization\",\"@id\":\"https:\\\/\\\/whynotwein.eu\\\/fr\\\/#organization\",\"name\":\"WhyNotWein\",\"url\":\"https:\\\/\\\/whynotwein.eu\\\/fr\\\/\",\"logo\":{\"@type\":\"ImageObject\",\"inLanguage\":\"fr-FR\",\"@id\":\"https:\\\/\\\/whynotwein.eu\\\/fr\\\/#\\\/schema\\\/logo\\\/image\\\/\",\"url\":\"https:\\\/\\\/whynotwein.eu\\\/wp-content\\\/uploads\\\/2015\\\/12\\\/WhyNotWein_Logo_340.png\",\"contentUrl\":\"https:\\\/\\\/whynotwein.eu\\\/wp-content\\\/uploads\\\/2015\\\/12\\\/WhyNotWein_Logo_340.png\",\"width\":340,\"height\":156,\"caption\":\"WhyNotWein\"},\"image\":{\"@id\":\"https:\\\/\\\/whynotwein.eu\\\/fr\\\/#\\\/schema\\\/logo\\\/image\\\/\"}}]}<\/script>\n<!-- \/ Yoast SEO plugin. -->","yoast_head_json":{"title":"Contact - WhyNotWein","robots":{"index":"index","follow":"follow","max-snippet":"max-snippet:-1","max-image-preview":"max-image-preview:large","max-video-preview":"max-video-preview:-1"},"canonical":"https:\/\/whynotwein.eu\/fr\/kontakt\/","og_locale":"fr_FR","og_type":"article","og_title":"Contact - WhyNotWein","og_description":"Vous avez une question? Je me r\u00e9jouis de votre message. Les livraisons se font du: Lundi au Mercredi de 09.30 \u00e0 12.30h Vendredi de 10:00 \u00e0 15:00h Le samedi et dimanche de 10:30 \u00e0 13:00h","og_url":"https:\/\/whynotwein.eu\/fr\/kontakt\/","og_site_name":"WhyNotWein","article_modified_time":"2020-05-14T21:10:01+00:00","twitter_card":"summary_large_image","schema":{"@context":"https:\/\/schema.org","@graph":[{"@type":"WebPage","@id":"https:\/\/whynotwein.eu\/fr\/kontakt\/","url":"https:\/\/whynotwein.eu\/fr\/kontakt\/","name":"Contact - WhyNotWein","isPartOf":{"@id":"https:\/\/whynotwein.eu\/fr\/#website"},"datePublished":"2015-10-07T13:57:22+00:00","dateModified":"2020-05-14T21:10:01+00:00","breadcrumb":{"@id":"https:\/\/whynotwein.eu\/fr\/kontakt\/#breadcrumb"},"inLanguage":"fr-FR","potentialAction":[{"@type":"ReadAction","target":["https:\/\/whynotwein.eu\/fr\/kontakt\/"]}]},{"@type":"BreadcrumbList","@id":"https:\/\/whynotwein.eu\/fr\/kontakt\/#breadcrumb","itemListElement":[{"@type":"ListItem","position":1,"name":"Home","item":"https:\/\/whynotwein.eu\/fr\/"},{"@type":"ListItem","position":2,"name":"Contact"}]},{"@type":"WebSite","@id":"https:\/\/whynotwein.eu\/fr\/#website","url":"https:\/\/whynotwein.eu\/fr\/","name":"WhyNotWein","description":"Austrian Wines in Belgium","publisher":{"@id":"https:\/\/whynotwein.eu\/fr\/#organization"},"potentialAction":[{"@type":"SearchAction","target":{"@type":"EntryPoint","urlTemplate":"https:\/\/whynotwein.eu\/fr\/?s={search_term_string}"},"query-input":{"@type":"PropertyValueSpecification","valueRequired":true,"valueName":"search_term_string"}}],"inLanguage":"fr-FR"},{"@type":"Organization","@id":"https:\/\/whynotwein.eu\/fr\/#organization","name":"WhyNotWein","url":"https:\/\/whynotwein.eu\/fr\/","logo":{"@type":"ImageObject","inLanguage":"fr-FR","@id":"https:\/\/whynotwein.eu\/fr\/#\/schema\/logo\/image\/","url":"https:\/\/whynotwein.eu\/wp-content\/uploads\/2015\/12\/WhyNotWein_Logo_340.png","contentUrl":"https:\/\/whynotwein.eu\/wp-content\/uploads\/2015\/12\/WhyNotWein_Logo_340.png","width":340,"height":156,"caption":"WhyNotWein"},"image":{"@id":"https:\/\/whynotwein.eu\/fr\/#\/schema\/logo\/image\/"}}]}},"uagb_featured_image_src":{"full":false,"thumbnail":false,"medium":false,"medium_large":false,"large":false,"1536x1536":false,"2048x2048":false,"gform-image-choice-sm":false,"gform-image-choice-md":false,"gform-image-choice-lg":false,"woocommerce_thumbnail":false,"woocommerce_single":false,"woocommerce_gallery_thumbnail":false},"uagb_author_info":{"display_name":"Christian Meixner","author_link":"https:\/\/whynotwein.eu\/fr\/author\/mexx\/"},"uagb_comment_info":0,"uagb_excerpt":"Vous avez une question? Je me r\u00e9jouis de votre message. Les livraisons se font du: Lundi au Mercredi de 09.30 \u00e0 12.30h Vendredi de 10:00 \u00e0 15:00h Le samedi et dimanche de 10:30 \u00e0 13:00h","_links":{"self":[{"href":"https:\/\/whynotwein.eu\/fr\/wp-json\/wp\/v2\/pages\/4816","targetHints":{"allow":["GET"]}}],"collection":[{"href":"https:\/\/whynotwein.eu\/fr\/wp-json\/wp\/v2\/pages"}],"about":[{"href":"https:\/\/whynotwein.eu\/fr\/wp-json\/wp\/v2\/types\/page"}],"author":[{"embeddable":true,"href":"https:\/\/whynotwein.eu\/fr\/wp-json\/wp\/v2\/users\/2"}],"replies":[{"embeddable":true,"href":"https:\/\/whynotwein.eu\/fr\/wp-json\/wp\/v2\/comments?post=4816"}],"version-history":[{"count":5,"href":"https:\/\/whynotwein.eu\/fr\/wp-json\/wp\/v2\/pages\/4816\/revisions"}],"predecessor-version":[{"id":21193,"href":"https:\/\/whynotwein.eu\/fr\/wp-json\/wp\/v2\/pages\/4816\/revisions\/21193"}],"wp:attachment":[{"href":"https:\/\/whynotwein.eu\/fr\/wp-json\/wp\/v2\/media?parent=4816"}],"curies":[{"name":"wp","href":"https:\/\/api.w.org\/{rel}","templated":true}]}}