{"id":4822,"date":"2015-09-22T15:45:37","date_gmt":"2015-09-22T13:45:37","guid":{"rendered":"http:\/\/k047968.hosting.kinamo.be\/fr\/?page_id=4822"},"modified":"2025-04-28T17:51:06","modified_gmt":"2025-04-28T15:51:06","slug":"a-propos-de-moi","status":"publish","type":"page","link":"https:\/\/whynotwein.eu\/fr\/a-propos-de-moi\/","title":{"rendered":"\u00c0 propos de moi"},"content":{"rendered":"\n<div class=\"wp-block-uagb-container uagb-block-092250d8 alignfull uagb-is-root-container\"><div class=\"uagb-container-inner-blocks-wrap\">\n<div class=\"wp-block-uagb-container uagb-block-bec9654e\">\n<div class=\"wp-block-slider-block-slider-block\"><div class=\"eb-parent-wrapper eb-parent-eb-slider-pwq5up4 \"><div class=\"eb-slider-wrapper eb-slider-pwq5up4\" data-settings=\"{&quot;arrows&quot;:true,&quot;adaptiveHeight&quot;:false,&quot;autoplay&quot;:true,&quot;autoplaySpeed&quot;:3000,&quot;dots&quot;:true,&quot;fade&quot;:false,&quot;infinite&quot;:true,&quot;pauseOnHover&quot;:true,&quot;slidesToShow&quot;:1,&quot;speed&quot;:500,&quot;vertical&quot;:false,&quot;currentSlide&quot;:0,&quot;rtl&quot;:false,&quot;responsive&quot;:[{&quot;breakpoint&quot;:1025,&quot;settings&quot;:{&quot;slidesToShow&quot;:1}},{&quot;breakpoint&quot;:767,&quot;settings&quot;:{&quot;slidesToShow&quot;:1}}]}\" data-images=\"[{&quot;url&quot;:&quot;https:\/\/pswp.fra1.digitaloceanspaces.com\/w\/20250922170741\/website-rene-ute.png&quot;,&quot;alt&quot;:&quot;&quot;,&quot;id&quot;:0,&quot;imageId&quot;:10408,&quot;caption&quot;:&quot;&quot;,&quot;title&quot;:&quot;Slider 1&quot;,&quot;subtitle&quot;:&quot;Essential Blocks Slider Subtitle&quot;,&quot;showButton&quot;:true,&quot;buttonText&quot;:&quot;See More&quot;,&quot;buttonUrl&quot;:&quot;&quot;,&quot;openNewTab&quot;:false,&quot;isValidUrl&quot;:true,&quot;showSecondButton&quot;:false,&quot;secondButtonText&quot;:&quot;See More&quot;,&quot;secondButtonUrl&quot;:&quot;&quot;,&quot;secondButtonOpenNewTab&quot;:false},{&quot;url&quot;:&quot;https:\/\/pswp.fra1.digitaloceanspaces.com\/w\/20250922170738\/website-rene-winzer.png&quot;,&quot;alt&quot;:&quot;&quot;,&quot;id&quot;:1,&quot;imageId&quot;:10424,&quot;caption&quot;:&quot;&quot;,&quot;title&quot;:&quot;Slider 2&quot;,&quot;subtitle&quot;:&quot;Essential Blocks Slider Subtitle&quot;,&quot;showButton&quot;:true,&quot;buttonText&quot;:&quot;See More&quot;,&quot;buttonUrl&quot;:&quot;&quot;,&quot;openNewTab&quot;:false,&quot;isValidUrl&quot;:true,&quot;showSecondButton&quot;:false,&quot;secondButtonText&quot;:&quot;See More&quot;,&quot;secondButtonUrl&quot;:&quot;&quot;,&quot;secondButtonOpenNewTab&quot;:false},{&quot;url&quot;:&quot;https:\/\/pswp.fra1.digitaloceanspaces.com\/w\/20250922170740\/website-rene-ute1.png&quot;,&quot;alt&quot;:&quot;&quot;,&quot;id&quot;:2,&quot;imageId&quot;:10415,&quot;caption&quot;:&quot;&quot;,&quot;title&quot;:&quot;Slider 3&quot;,&quot;subtitle&quot;:&quot;Essential Blocks Slider Subtitle&quot;,&quot;showButton&quot;:true,&quot;buttonText&quot;:&quot;See More&quot;,&quot;buttonUrl&quot;:&quot;&quot;,&quot;openNewTab&quot;:false,&quot;isValidUrl&quot;:true,&quot;showSecondButton&quot;:false,&quot;secondButtonText&quot;:&quot;See More&quot;,&quot;secondButtonUrl&quot;:&quot;&quot;,&quot;secondButtonOpenNewTab&quot;:false},{&quot;url&quot;:&quot;https:\/\/pswp.fra1.digitaloceanspaces.com\/w\/20250922170018\/website-ueber-mich1-scaled.jpeg&quot;,&quot;alt&quot;:&quot;&quot;,&quot;id&quot;:3,&quot;imageId&quot;:24019,&quot;caption&quot;:&quot;&quot;,&quot;title&quot;:&quot;Slider 4&quot;,&quot;subtitle&quot;:&quot;Essential Blocks Slider Subtitle&quot;,&quot;showButton&quot;:true,&quot;buttonText&quot;:&quot;See More&quot;,&quot;buttonUrl&quot;:&quot;&quot;,&quot;openNewTab&quot;:false,&quot;isValidUrl&quot;:true,&quot;showSecondButton&quot;:false,&quot;secondButtonText&quot;:&quot;See More&quot;,&quot;secondButtonUrl&quot;:&quot;&quot;,&quot;secondButtonOpenNewTab&quot;:false},{&quot;url&quot;:&quot;https:\/\/pswp.fra1.digitaloceanspaces.com\/w\/20250922170807\/IMG_5219.jpg&quot;,&quot;alt&quot;:&quot;&quot;,&quot;id&quot;:4,&quot;imageId&quot;:9949,&quot;caption&quot;:&quot;&quot;,&quot;title&quot;:&quot;Slider 5&quot;,&quot;subtitle&quot;:&quot;Essential Blocks Slider Subtitle&quot;,&quot;showButton&quot;:true,&quot;buttonText&quot;:&quot;See More&quot;,&quot;buttonUrl&quot;:&quot;&quot;,&quot;openNewTab&quot;:false,&quot;isValidUrl&quot;:true,&quot;showSecondButton&quot;:false,&quot;secondButtonText&quot;:&quot;See More&quot;,&quot;secondButtonUrl&quot;:&quot;&quot;,&quot;secondButtonOpenNewTab&quot;:false},{&quot;url&quot;:&quot;https:\/\/pswp.fra1.digitaloceanspaces.com\/w\/20250922165826\/IMG_1665-scaled.jpeg&quot;,&quot;alt&quot;:&quot;&quot;,&quot;id&quot;:5,&quot;imageId&quot;:29037,&quot;caption&quot;:&quot;&quot;,&quot;title&quot;:&quot;Slider 6&quot;,&quot;subtitle&quot;:&quot;Essential Blocks Slider Subtitle&quot;,&quot;showButton&quot;:true,&quot;buttonText&quot;:&quot;See More&quot;,&quot;buttonUrl&quot;:&quot;&quot;,&quot;openNewTab&quot;:false,&quot;isValidUrl&quot;:true,&quot;showSecondButton&quot;:false,&quot;secondButtonText&quot;:&quot;See More&quot;,&quot;secondButtonUrl&quot;:&quot;&quot;,&quot;secondButtonOpenNewTab&quot;:false},{&quot;url&quot;:&quot;https:\/\/pswp.fra1.digitaloceanspaces.com\/w\/20250922165827\/IMG_1643-scaled.jpeg&quot;,&quot;alt&quot;:&quot;&quot;,&quot;id&quot;:6,&quot;imageId&quot;:29033,&quot;caption&quot;:&quot;&quot;,&quot;title&quot;:&quot;Slider 7&quot;,&quot;subtitle&quot;:&quot;Essential Blocks Slider Subtitle&quot;,&quot;showButton&quot;:true,&quot;buttonText&quot;:&quot;See More&quot;,&quot;buttonUrl&quot;:&quot;&quot;,&quot;openNewTab&quot;:false,&quot;isValidUrl&quot;:true,&quot;showSecondButton&quot;:false,&quot;secondButtonText&quot;:&quot;See More&quot;,&quot;secondButtonUrl&quot;:&quot;&quot;,&quot;secondButtonOpenNewTab&quot;:false},{&quot;url&quot;:&quot;https:\/\/pswp.fra1.digitaloceanspaces.com\/w\/20250922165913\/website-stmk.neu1_-scaled.jpeg&quot;,&quot;alt&quot;:&quot;&quot;,&quot;id&quot;:7,&quot;imageId&quot;:27433,&quot;caption&quot;:&quot;&quot;,&quot;title&quot;:&quot;Slider 8&quot;,&quot;subtitle&quot;:&quot;Essential Blocks Slider Subtitle&quot;,&quot;showButton&quot;:true,&quot;buttonText&quot;:&quot;See More&quot;,&quot;buttonUrl&quot;:&quot;&quot;,&quot;openNewTab&quot;:false,&quot;isValidUrl&quot;:true,&quot;showSecondButton&quot;:false,&quot;secondButtonText&quot;:&quot;See More&quot;,&quot;secondButtonUrl&quot;:&quot;&quot;,&quot;secondButtonOpenNewTab&quot;:false}]\" data-slidercontenttype=\"content-1\" data-slidertype=\"image\" data-textalign=\"left\" data-arrownexticon=\"fas fa-arrow-alt-circle-right\" data-arrowprevicon=\"fas fa-arrow-alt-circle-left\"><div class=\"image\"><div class=\"eb-slider-item content-1\"><img decoding=\"async\" class=\"eb-slider-image\" src=\"https:\/\/pswp.fra1.digitaloceanspaces.com\/w\/20250922170741\/website-rene-ute.png\"\/><\/div><div class=\"eb-slider-item content-1\"><img decoding=\"async\" class=\"eb-slider-image\" src=\"https:\/\/pswp.fra1.digitaloceanspaces.com\/w\/20250922170738\/website-rene-winzer.png\"\/><\/div><div class=\"eb-slider-item content-1\"><img decoding=\"async\" class=\"eb-slider-image\" src=\"https:\/\/pswp.fra1.digitaloceanspaces.com\/w\/20250922170740\/website-rene-ute1.png\"\/><\/div><div class=\"eb-slider-item content-1\"><img decoding=\"async\" class=\"eb-slider-image\" src=\"https:\/\/pswp.fra1.digitaloceanspaces.com\/w\/20250922170018\/website-ueber-mich1-scaled.jpeg\"\/><\/div><div class=\"eb-slider-item content-1\"><img decoding=\"async\" class=\"eb-slider-image\" src=\"https:\/\/pswp.fra1.digitaloceanspaces.com\/w\/20250922170807\/IMG_5219.jpg\"\/><\/div><div class=\"eb-slider-item content-1\"><img decoding=\"async\" class=\"eb-slider-image\" src=\"https:\/\/pswp.fra1.digitaloceanspaces.com\/w\/20250922165826\/IMG_1665-scaled.jpeg\"\/><\/div><div class=\"eb-slider-item content-1\"><img decoding=\"async\" class=\"eb-slider-image\" src=\"https:\/\/pswp.fra1.digitaloceanspaces.com\/w\/20250922165827\/IMG_1643-scaled.jpeg\"\/><\/div><div class=\"eb-slider-item content-1\"><img decoding=\"async\" class=\"eb-slider-image\" src=\"https:\/\/pswp.fra1.digitaloceanspaces.com\/w\/20250922165913\/website-stmk.neu1_-scaled.jpeg\"\/><\/div><\/div><\/div><\/div><\/div>\n<\/div>\n\n\n\n<div class=\"wp-block-uagb-container uagb-block-9c76774e\">\n<p>En tant que gourmet et sommelier, j&#8217;ai toujours eu \u00e0 c\u0153ur de s\u00e9lectionner les vins les plus nobles et les plus naturels parmi la grande vari\u00e9t\u00e9 de vins disponibles. Pour moi, la qualit\u00e9 est la somme de l&#8217;origine, de la transformation et de la s\u00e9lection. Je m&#8217;efforce donc non seulement de d\u00e9guster moi-m\u00eame tous les vins, mais aussi de conna\u00eetre personnellement le viticulteur concern\u00e9 et ses m\u00e9thodes de production.<\/p>\n\n\n\n<p>Gr\u00e2ce \u00e0 ma longue exp\u00e9rience, je sais ce que le client souhaite. Pour moi, le service est donc une priorit\u00e9 absolue, car mon credo est le suivant :<\/p>\n\n\n\n<p class=\"has-ast-global-color-1-color has-text-color\"><strong>&#8220;LE CLIENT EST ROI &#8211; SANS COMPROMIS !&#8221;<\/strong><\/p>\n\n\n\n<p>Ren\u00e9 Emanuel Clausen<\/p>\n<\/div>\n<\/div><\/div>\n\n\n\n<div class=\"wp-block-uagb-container uagb-block-d9df192d alignfull uagb-is-root-container\"><div class=\"uagb-container-inner-blocks-wrap\">\n<div class=\"wp-block-uagb-container uagb-block-4f6104e9\">\n<div class=\"wp-block-uagb-advanced-heading uagb-block-8ec07c04\"><h2 class=\"uagb-heading-text\">Curriculum vitae<\/h2><\/div>\n\n\n\n<p>Originaire de Salzbourg, j&#8217;ai \u00e9t\u00e9 attir\u00e9 par l&#8217;\u00e9tranger d\u00e8s l&#8217;\u00e2ge de 18 ans, d&#8217;abord aux \u00c9tats-Unis, puis en Espagne. C&#8217;est l\u00e0 que j&#8217;ai pu faire mes premi\u00e8res exp\u00e9riences dans la restauration. Entre autres au &#8220;SAN FRANCIS-HOTEL&#8221; \u00e0 San Francisco, au service de restauration du &#8220;CARLTON-RITZ&#8221; de Madrid et dans diff\u00e9rents bars \u00e0 cocktails.<\/p>\n\n\n\n<p>J\u2019ai d\u00e9couvert tr\u00e8s t\u00f4t ma passion pour les excellents vins. L\u2019examen de sommellerie en Am\u00e9rique a fait le reste. La cueillette de \u201cbonnes gouttes\u201d fait partie de mes activit\u00e9s pr\u00e9f\u00e9r\u00e9es depuis cette \u00e9poque.\r\nApr\u00e8s quatre ann\u00e9es pass\u00e9es \u00e0 l\u2019\u00e9tranger, il \u00e9tait temps de revenir en Autriche. Les \u00e9tapes de ma carri\u00e8re saisonni\u00e8re ont \u00e9t\u00e9, entre autres, l&#8217;\u201dHOTEL EDELWEISS\u201d \u00e0 Z\u00fcrs\/Arlberg et le \u201cRAINER\u2019S BAR\u201d \u00e0 P\u00f6rtschach.\r\nIl a ensuite occup\u00e9 des postes dans des entreprises internationales, d\u2019abord chez \u201cLAUDA AIR\u201d en tant qu\u2019h\u00f4tesse de l\u2019air, puis au \u201cVIENNA MARRIOTT HOTEL\u201d en tant que responsable de la restauration. Chez \u201cDO&amp;CO\u201d, j\u2019ai ensuite \u00e9t\u00e9 responsable, entre autres, des achats dans le domaine de la restauration lors des courses de FORMULE 1.\r\nCes exp\u00e9riences \u00e9taient la base id\u00e9ale pour prendre la direction de \u201cDELICATERING by Merkur\u201d \u2013 une partie du groupe REWE. Pendant pr\u00e8s de dix ans, j\u2019y ai pr\u00e9sid\u00e9 avec beaucoup d\u2019engagement et d\u2019enthousiasme aux destin\u00e9es de l\u2019entreprise. Cette p\u00e9riode a certainement \u00e9t\u00e9 l\u2019un de mes d\u00e9fis les plus passionnants.\r\nParall\u00e8lement, j\u2019ai pris le temps d\u2019\u00e9crire des critiques gastronomiques pour deux magazines autrichiens. Cette activit\u00e9 secondaire m\u2019a permis d\u2019approfondir mes connaissances sur les vins autrichiens \u2013 j\u2019ai ainsi eu l\u2019occasion de visiter de nombreux domaines viticoles et de d\u00e9guster de nombreux vins de qualit\u00e9.\r\nPour des raisons familiales, je suis repartie \u00e0 l\u2019\u00e9tranger en janvier 2004, cette fois \u00e0 Bruxelles. Apr\u00e8s une belle ann\u00e9e sabbatique et des discussions avec de tr\u00e8s nombreuses personnes int\u00e9ress\u00e9es par le vin, j\u2019ai eu l\u2019id\u00e9e d\u2019utiliser ma passion personnelle \u00e0 des fins professionnelles \u2013 ma petite mais belle boutique de vins sur Internet, proposant de bons vins autrichiens, en est le r\u00e9sultat.<\/p>\n<\/div>\n\n\n\n<div class=\"wp-block-uagb-container uagb-block-e9ad72ac\">\n<div class=\"wp-block-uagb-image uagb-block-15bda1a9 wp-block-uagb-image--layout-default wp-block-uagb-image--effect-static wp-block-uagb-image--align-none\"><figure class=\"wp-block-uagb-image__figure\"><a class=\"\" href=\"https:\/\/pswp.fra1.digitaloceanspaces.com\/w\/20250922165827\/Ich-2025.jpeg\" target=\"\" rel=\"noopener\"><img decoding=\"async\" srcset=\"https:\/\/pswp.fra1.digitaloceanspaces.com\/w\/20250922165827\/Ich-2025-1002x1030.jpeg ,https:\/\/pswp.fra1.digitaloceanspaces.com\/w\/20250922165827\/Ich-2025.jpeg 780w, https:\/\/pswp.fra1.digitaloceanspaces.com\/w\/20250922165827\/Ich-2025.jpeg 360w\" sizes=\"auto, (max-width: 480px) 150px\" src=\"https:\/\/pswp.fra1.digitaloceanspaces.com\/w\/20250922165827\/Ich-2025-1002x1030.jpeg\" alt=\"\" class=\"uag-image-29028\" width=\"773\" height=\"1030\" title=\"Ich 2025\" loading=\"lazy\" role=\"img\"\/><\/a><\/figure><\/div>\n<\/div>\n<\/div><\/div>\n","protected":false},"excerpt":{"rendered":"<p>En tant que gourmet et sommelier, j&#8217;ai toujours eu \u00e0 c\u0153ur de s\u00e9lectionner les vins les plus nobles et les plus naturels parmi la grande vari\u00e9t\u00e9 de vins disponibles. Pour moi, la qualit\u00e9 est la somme de l&#8217;origine, de la transformation et de la s\u00e9lection. Je m&#8217;efforce donc non seulement de d\u00e9guster moi-m\u00eame tous les [&hellip;]<\/p>\n","protected":false},"author":2,"featured_media":0,"parent":0,"menu_order":0,"comment_status":"closed","ping_status":"closed","template":"","meta":{"_eb_attr":"","_uag_custom_page_level_css":"","site-sidebar-layout":"default","site-content-layout":"","ast-site-content-layout":"default","site-content-style":"default","site-sidebar-style":"default","ast-global-header-display":"","ast-banner-title-visibility":"","ast-main-header-display":"","ast-hfb-above-header-display":"","ast-hfb-below-header-display":"","ast-hfb-mobile-header-display":"","site-post-title":"","ast-breadcrumbs-content":"","ast-featured-img":"","footer-sml-layout":"","ast-disable-related-posts":"","theme-transparent-header-meta":"","adv-header-id-meta":"","stick-header-meta":"","header-above-stick-meta":"","header-main-stick-meta":"","header-below-stick-meta":"","astra-migrate-meta-layouts":"set","ast-page-background-enabled":"default","ast-page-background-meta":{"desktop":{"background-color":"var(--ast-global-color-4)","background-image":"","background-repeat":"repeat","background-position":"center center","background-size":"auto","background-attachment":"scroll","background-type":"","background-media":"","overlay-type":"","overlay-color":"","overlay-opacity":"","overlay-gradient":""},"tablet":{"background-color":"","background-image":"","background-repeat":"repeat","background-position":"center center","background-size":"auto","background-attachment":"scroll","background-type":"","background-media":"","overlay-type":"","overlay-color":"","overlay-opacity":"","overlay-gradient":""},"mobile":{"background-color":"","background-image":"","background-repeat":"repeat","background-position":"center center","background-size":"auto","background-attachment":"scroll","background-type":"","background-media":"","overlay-type":"","overlay-color":"","overlay-opacity":"","overlay-gradient":""}},"ast-content-background-meta":{"desktop":{"background-color":"var(--ast-global-color-5)","background-image":"","background-repeat":"repeat","background-position":"center center","background-size":"auto","background-attachment":"scroll","background-type":"","background-media":"","overlay-type":"","overlay-color":"","overlay-opacity":"","overlay-gradient":""},"tablet":{"background-color":"var(--ast-global-color-5)","background-image":"","background-repeat":"repeat","background-position":"center center","background-size":"auto","background-attachment":"scroll","background-type":"","background-media":"","overlay-type":"","overlay-color":"","overlay-opacity":"","overlay-gradient":""},"mobile":{"background-color":"var(--ast-global-color-5)","background-image":"","background-repeat":"repeat","background-position":"center center","background-size":"auto","background-attachment":"scroll","background-type":"","background-media":"","overlay-type":"","overlay-color":"","overlay-opacity":"","overlay-gradient":""}},"footnotes":""},"class_list":["post-4822","page","type-page","status-publish","hentry"],"yoast_head":"<!-- This site is optimized with the Yoast SEO plugin v27.3 - https:\/\/yoast.com\/product\/yoast-seo-wordpress\/ -->\n<title>\u00c0 propos de moi - WhyNotWein<\/title>\n<meta name=\"robots\" content=\"index, follow, max-snippet:-1, max-image-preview:large, max-video-preview:-1\" \/>\n<link rel=\"canonical\" href=\"https:\/\/whynotwein.eu\/fr\/a-propos-de-moi\/\" \/>\n<meta property=\"og:locale\" content=\"fr_FR\" \/>\n<meta property=\"og:type\" content=\"article\" \/>\n<meta property=\"og:title\" content=\"\u00c0 propos de moi - WhyNotWein\" \/>\n<meta property=\"og:description\" content=\"En tant que gourmet et sommelier, j&#8217;ai toujours eu \u00e0 c\u0153ur de s\u00e9lectionner les vins les plus nobles et les plus naturels parmi la grande vari\u00e9t\u00e9 de vins disponibles. Pour moi, la qualit\u00e9 est la somme de l&#8217;origine, de la transformation et de la s\u00e9lection. Je m&#8217;efforce donc non seulement de d\u00e9guster moi-m\u00eame tous les [&hellip;]\" \/>\n<meta property=\"og:url\" content=\"https:\/\/whynotwein.eu\/fr\/a-propos-de-moi\/\" \/>\n<meta property=\"og:site_name\" content=\"WhyNotWein\" \/>\n<meta property=\"article:modified_time\" content=\"2025-04-28T15:51:06+00:00\" \/>\n<meta property=\"og:image\" content=\"https:\/\/whynotwein.eu\/wp-content\/uploads\/2015\/09\/website-rene-ute.png\" \/>\n<meta name=\"twitter:card\" content=\"summary_large_image\" \/>\n<meta name=\"twitter:label1\" content=\"Dur\u00e9e de lecture estim\u00e9e\" \/>\n\t<meta name=\"twitter:data1\" content=\"5 minutes\" \/>\n<script type=\"application\/ld+json\" class=\"yoast-schema-graph\">{\"@context\":\"https:\\\/\\\/schema.org\",\"@graph\":[{\"@type\":\"WebPage\",\"@id\":\"https:\\\/\\\/whynotwein.eu\\\/fr\\\/a-propos-de-moi\\\/\",\"url\":\"https:\\\/\\\/whynotwein.eu\\\/fr\\\/a-propos-de-moi\\\/\",\"name\":\"\u00c0 propos de moi - WhyNotWein\",\"isPartOf\":{\"@id\":\"https:\\\/\\\/whynotwein.eu\\\/fr\\\/#website\"},\"primaryImageOfPage\":{\"@id\":\"https:\\\/\\\/whynotwein.eu\\\/fr\\\/a-propos-de-moi\\\/#primaryimage\"},\"image\":{\"@id\":\"https:\\\/\\\/whynotwein.eu\\\/fr\\\/a-propos-de-moi\\\/#primaryimage\"},\"thumbnailUrl\":\"https:\\\/\\\/whynotwein.eu\\\/wp-content\\\/uploads\\\/2015\\\/09\\\/website-rene-ute.png\",\"datePublished\":\"2015-09-22T13:45:37+00:00\",\"dateModified\":\"2025-04-28T15:51:06+00:00\",\"breadcrumb\":{\"@id\":\"https:\\\/\\\/whynotwein.eu\\\/fr\\\/a-propos-de-moi\\\/#breadcrumb\"},\"inLanguage\":\"fr-FR\",\"potentialAction\":[{\"@type\":\"ReadAction\",\"target\":[\"https:\\\/\\\/whynotwein.eu\\\/fr\\\/a-propos-de-moi\\\/\"]}]},{\"@type\":\"ImageObject\",\"inLanguage\":\"fr-FR\",\"@id\":\"https:\\\/\\\/whynotwein.eu\\\/fr\\\/a-propos-de-moi\\\/#primaryimage\",\"url\":\"https:\\\/\\\/whynotwein.eu\\\/wp-content\\\/uploads\\\/2015\\\/09\\\/website-rene-ute.png\",\"contentUrl\":\"https:\\\/\\\/whynotwein.eu\\\/wp-content\\\/uploads\\\/2015\\\/09\\\/website-rene-ute.png\"},{\"@type\":\"BreadcrumbList\",\"@id\":\"https:\\\/\\\/whynotwein.eu\\\/fr\\\/a-propos-de-moi\\\/#breadcrumb\",\"itemListElement\":[{\"@type\":\"ListItem\",\"position\":1,\"name\":\"Home\",\"item\":\"https:\\\/\\\/whynotwein.eu\\\/fr\\\/\"},{\"@type\":\"ListItem\",\"position\":2,\"name\":\"\u00c0 propos de moi\"}]},{\"@type\":\"WebSite\",\"@id\":\"https:\\\/\\\/whynotwein.eu\\\/fr\\\/#website\",\"url\":\"https:\\\/\\\/whynotwein.eu\\\/fr\\\/\",\"name\":\"WhyNotWein\",\"description\":\"Austrian Wines in Belgium\",\"publisher\":{\"@id\":\"https:\\\/\\\/whynotwein.eu\\\/fr\\\/#organization\"},\"potentialAction\":[{\"@type\":\"SearchAction\",\"target\":{\"@type\":\"EntryPoint\",\"urlTemplate\":\"https:\\\/\\\/whynotwein.eu\\\/fr\\\/?s={search_term_string}\"},\"query-input\":{\"@type\":\"PropertyValueSpecification\",\"valueRequired\":true,\"valueName\":\"search_term_string\"}}],\"inLanguage\":\"fr-FR\"},{\"@type\":\"Organization\",\"@id\":\"https:\\\/\\\/whynotwein.eu\\\/fr\\\/#organization\",\"name\":\"WhyNotWein\",\"url\":\"https:\\\/\\\/whynotwein.eu\\\/fr\\\/\",\"logo\":{\"@type\":\"ImageObject\",\"inLanguage\":\"fr-FR\",\"@id\":\"https:\\\/\\\/whynotwein.eu\\\/fr\\\/#\\\/schema\\\/logo\\\/image\\\/\",\"url\":\"https:\\\/\\\/whynotwein.eu\\\/wp-content\\\/uploads\\\/2015\\\/12\\\/WhyNotWein_Logo_340.png\",\"contentUrl\":\"https:\\\/\\\/whynotwein.eu\\\/wp-content\\\/uploads\\\/2015\\\/12\\\/WhyNotWein_Logo_340.png\",\"width\":340,\"height\":156,\"caption\":\"WhyNotWein\"},\"image\":{\"@id\":\"https:\\\/\\\/whynotwein.eu\\\/fr\\\/#\\\/schema\\\/logo\\\/image\\\/\"}}]}<\/script>\n<!-- \/ Yoast SEO plugin. -->","yoast_head_json":{"title":"\u00c0 propos de moi - WhyNotWein","robots":{"index":"index","follow":"follow","max-snippet":"max-snippet:-1","max-image-preview":"max-image-preview:large","max-video-preview":"max-video-preview:-1"},"canonical":"https:\/\/whynotwein.eu\/fr\/a-propos-de-moi\/","og_locale":"fr_FR","og_type":"article","og_title":"\u00c0 propos de moi - WhyNotWein","og_description":"En tant que gourmet et sommelier, j&#8217;ai toujours eu \u00e0 c\u0153ur de s\u00e9lectionner les vins les plus nobles et les plus naturels parmi la grande vari\u00e9t\u00e9 de vins disponibles. Pour moi, la qualit\u00e9 est la somme de l&#8217;origine, de la transformation et de la s\u00e9lection. Je m&#8217;efforce donc non seulement de d\u00e9guster moi-m\u00eame tous les [&hellip;]","og_url":"https:\/\/whynotwein.eu\/fr\/a-propos-de-moi\/","og_site_name":"WhyNotWein","article_modified_time":"2025-04-28T15:51:06+00:00","og_image":[{"url":"https:\/\/whynotwein.eu\/wp-content\/uploads\/2015\/09\/website-rene-ute.png","type":"","width":"","height":""}],"twitter_card":"summary_large_image","twitter_misc":{"Dur\u00e9e de lecture estim\u00e9e":"5 minutes"},"schema":{"@context":"https:\/\/schema.org","@graph":[{"@type":"WebPage","@id":"https:\/\/whynotwein.eu\/fr\/a-propos-de-moi\/","url":"https:\/\/whynotwein.eu\/fr\/a-propos-de-moi\/","name":"\u00c0 propos de moi - WhyNotWein","isPartOf":{"@id":"https:\/\/whynotwein.eu\/fr\/#website"},"primaryImageOfPage":{"@id":"https:\/\/whynotwein.eu\/fr\/a-propos-de-moi\/#primaryimage"},"image":{"@id":"https:\/\/whynotwein.eu\/fr\/a-propos-de-moi\/#primaryimage"},"thumbnailUrl":"https:\/\/whynotwein.eu\/wp-content\/uploads\/2015\/09\/website-rene-ute.png","datePublished":"2015-09-22T13:45:37+00:00","dateModified":"2025-04-28T15:51:06+00:00","breadcrumb":{"@id":"https:\/\/whynotwein.eu\/fr\/a-propos-de-moi\/#breadcrumb"},"inLanguage":"fr-FR","potentialAction":[{"@type":"ReadAction","target":["https:\/\/whynotwein.eu\/fr\/a-propos-de-moi\/"]}]},{"@type":"ImageObject","inLanguage":"fr-FR","@id":"https:\/\/whynotwein.eu\/fr\/a-propos-de-moi\/#primaryimage","url":"https:\/\/whynotwein.eu\/wp-content\/uploads\/2015\/09\/website-rene-ute.png","contentUrl":"https:\/\/whynotwein.eu\/wp-content\/uploads\/2015\/09\/website-rene-ute.png"},{"@type":"BreadcrumbList","@id":"https:\/\/whynotwein.eu\/fr\/a-propos-de-moi\/#breadcrumb","itemListElement":[{"@type":"ListItem","position":1,"name":"Home","item":"https:\/\/whynotwein.eu\/fr\/"},{"@type":"ListItem","position":2,"name":"\u00c0 propos de moi"}]},{"@type":"WebSite","@id":"https:\/\/whynotwein.eu\/fr\/#website","url":"https:\/\/whynotwein.eu\/fr\/","name":"WhyNotWein","description":"Austrian Wines in Belgium","publisher":{"@id":"https:\/\/whynotwein.eu\/fr\/#organization"},"potentialAction":[{"@type":"SearchAction","target":{"@type":"EntryPoint","urlTemplate":"https:\/\/whynotwein.eu\/fr\/?s={search_term_string}"},"query-input":{"@type":"PropertyValueSpecification","valueRequired":true,"valueName":"search_term_string"}}],"inLanguage":"fr-FR"},{"@type":"Organization","@id":"https:\/\/whynotwein.eu\/fr\/#organization","name":"WhyNotWein","url":"https:\/\/whynotwein.eu\/fr\/","logo":{"@type":"ImageObject","inLanguage":"fr-FR","@id":"https:\/\/whynotwein.eu\/fr\/#\/schema\/logo\/image\/","url":"https:\/\/whynotwein.eu\/wp-content\/uploads\/2015\/12\/WhyNotWein_Logo_340.png","contentUrl":"https:\/\/whynotwein.eu\/wp-content\/uploads\/2015\/12\/WhyNotWein_Logo_340.png","width":340,"height":156,"caption":"WhyNotWein"},"image":{"@id":"https:\/\/whynotwein.eu\/fr\/#\/schema\/logo\/image\/"}}]}},"uagb_featured_image_src":{"full":false,"thumbnail":false,"medium":false,"medium_large":false,"large":false,"1536x1536":false,"2048x2048":false,"gform-image-choice-sm":false,"gform-image-choice-md":false,"gform-image-choice-lg":false,"woocommerce_thumbnail":false,"woocommerce_single":false,"woocommerce_gallery_thumbnail":false},"uagb_author_info":{"display_name":"Christian Meixner","author_link":"https:\/\/whynotwein.eu\/fr\/author\/mexx\/"},"uagb_comment_info":0,"uagb_excerpt":"En tant que gourmet et sommelier, j&#8217;ai toujours eu \u00e0 c\u0153ur de s\u00e9lectionner les vins les plus nobles et les plus naturels parmi la grande vari\u00e9t\u00e9 de vins disponibles. Pour moi, la qualit\u00e9 est la somme de l&#8217;origine, de la transformation et de la s\u00e9lection. Je m&#8217;efforce donc non seulement de d\u00e9guster moi-m\u00eame tous les&hellip;","_links":{"self":[{"href":"https:\/\/whynotwein.eu\/fr\/wp-json\/wp\/v2\/pages\/4822","targetHints":{"allow":["GET"]}}],"collection":[{"href":"https:\/\/whynotwein.eu\/fr\/wp-json\/wp\/v2\/pages"}],"about":[{"href":"https:\/\/whynotwein.eu\/fr\/wp-json\/wp\/v2\/types\/page"}],"author":[{"embeddable":true,"href":"https:\/\/whynotwein.eu\/fr\/wp-json\/wp\/v2\/users\/2"}],"replies":[{"embeddable":true,"href":"https:\/\/whynotwein.eu\/fr\/wp-json\/wp\/v2\/comments?post=4822"}],"version-history":[{"count":8,"href":"https:\/\/whynotwein.eu\/fr\/wp-json\/wp\/v2\/pages\/4822\/revisions"}],"predecessor-version":[{"id":29044,"href":"https:\/\/whynotwein.eu\/fr\/wp-json\/wp\/v2\/pages\/4822\/revisions\/29044"}],"wp:attachment":[{"href":"https:\/\/whynotwein.eu\/fr\/wp-json\/wp\/v2\/media?parent=4822"}],"curies":[{"name":"wp","href":"https:\/\/api.w.org\/{rel}","templated":true}]}}