{"id":4834,"date":"2015-09-22T15:41:44","date_gmt":"2015-09-22T13:41:44","guid":{"rendered":"http:\/\/k047968.hosting.kinamo.be\/fr\/?page_id=4834"},"modified":"2022-10-03T14:05:29","modified_gmt":"2022-10-03T12:05:29","slug":"methode-de-paiement","status":"publish","type":"page","link":"https:\/\/whynotwein.eu\/fr\/information-client\/methode-de-paiement\/","title":{"rendered":"Informations sur les possibilit\u00e9s de paiement"},"content":{"rendered":"\n<p><\/p>\n\n<div class=\"wp-block-uagb-container uagb-block-5da1ecbc alignwide uagb-is-root-container\">\n<div class=\"wp-block-uagb-icon-list uagb-block-e252f9a9\"><div class=\"uagb-icon-list__wrap\">\n<div class=\"wp-block-uagb-icon-list-child uagb-block-8c4a64ab\"><span class=\"uagb-icon-list__source-wrap\"><svg xmlns=\"https:\/\/www.w3.org\/2000\/svg\" viewbox=\"0 0 576 512\"><path d=\"M96 0C107.5 0 117.4 8.19 119.6 19.51L121.1 32H541.8C562.1 32 578.3 52.25 572.6 72.66L518.6 264.7C514.7 278.5 502.1 288 487.8 288H170.7L179.9 336H488C501.3 336 512 346.7 512 360C512 373.3 501.3 384 488 384H159.1C148.5 384 138.6 375.8 136.4 364.5L76.14 48H24C10.75 48 0 37.25 0 24C0 10.75 10.75 0 24 0H96zM128 464C128 437.5 149.5 416 176 416C202.5 416 224 437.5 224 464C224 490.5 202.5 512 176 512C149.5 512 128 490.5 128 464zM512 464C512 490.5 490.5 512 464 512C437.5 512 416 490.5 416 464C416 437.5 437.5 416 464 416C490.5 416 512 437.5 512 464z\"><\/path><\/svg><\/span><span class=\"uagb-icon-list__label\"><strong>PAIEMENT EN ESP\u00c8CES \u00c0 LA LIVRAISON<\/strong><br\/>Tu paies le montant indiqu\u00e9 sur la facture en esp\u00e8ces \u00e0 la livraison. Veuillez pr\u00e9parer le montant appropri\u00e9.<\/span><\/div>\n\n\n\n<div class=\"wp-block-uagb-icon-list-child uagb-block-78bc85a9\"><span class=\"uagb-icon-list__source-wrap\"><svg xmlns=\"https:\/\/www.w3.org\/2000\/svg\" viewbox=\"0 0 576 512\"><path d=\"M512 448H64c-35.35 0-64-28.65-64-64V128c0-35.35 28.65-64 64-64h448c35.35 0 64 28.65 64 64v256C576 419.3 547.3 448 512 448zM128 180v-40C128 133.4 122.6 128 116 128h-40C69.38 128 64 133.4 64 140v40C64 186.6 69.38 192 76 192h40C122.6 192 128 186.6 128 180zM224 180v-40C224 133.4 218.6 128 212 128h-40C165.4 128 160 133.4 160 140v40C160 186.6 165.4 192 172 192h40C218.6 192 224 186.6 224 180zM320 180v-40C320 133.4 314.6 128 308 128h-40C261.4 128 256 133.4 256 140v40C256 186.6 261.4 192 268 192h40C314.6 192 320 186.6 320 180zM416 180v-40C416 133.4 410.6 128 404 128h-40C357.4 128 352 133.4 352 140v40C352 186.6 357.4 192 364 192h40C410.6 192 416 186.6 416 180zM512 180v-40C512 133.4 506.6 128 500 128h-40C453.4 128 448 133.4 448 140v40C448 186.6 453.4 192 460 192h40C506.6 192 512 186.6 512 180zM128 276v-40C128 229.4 122.6 224 116 224h-40C69.38 224 64 229.4 64 236v40C64 282.6 69.38 288 76 288h40C122.6 288 128 282.6 128 276zM224 276v-40C224 229.4 218.6 224 212 224h-40C165.4 224 160 229.4 160 236v40C160 282.6 165.4 288 172 288h40C218.6 288 224 282.6 224 276zM320 276v-40C320 229.4 314.6 224 308 224h-40C261.4 224 256 229.4 256 236v40C256 282.6 261.4 288 268 288h40C314.6 288 320 282.6 320 276zM416 276v-40C416 229.4 410.6 224 404 224h-40C357.4 224 352 229.4 352 236v40C352 282.6 357.4 288 364 288h40C410.6 288 416 282.6 416 276zM512 276v-40C512 229.4 506.6 224 500 224h-40C453.4 224 448 229.4 448 236v40C448 282.6 453.4 288 460 288h40C506.6 288 512 282.6 512 276zM128 372v-40C128 325.4 122.6 320 116 320h-40C69.38 320 64 325.4 64 332v40C64 378.6 69.38 384 76 384h40C122.6 384 128 378.6 128 372zM416 372v-40C416 325.4 410.6 320 404 320h-232C165.4 320 160 325.4 160 332v40C160 378.6 165.4 384 172 384h232C410.6 384 416 378.6 416 372zM512 372v-40C512 325.4 506.6 320 500 320h-40C453.4 320 448 325.4 448 332v40C448 378.6 453.4 384 460 384h40C506.6 384 512 378.6 512 372z\"><\/path><\/svg><\/span><span class=\"uagb-icon-list__label\"><strong>Virement \u00e0 l&#8217;avance<br\/><\/strong>Tu nous vires le montant de la facture sur notre compte. Tu trouveras les instructions de paiement dans la confirmation de commande que tu recevras par e-mail.<\/span><\/div>\n\n\n\n<div class=\"wp-block-uagb-icon-list-child uagb-block-05acaa84\"><span class=\"uagb-icon-list__source-wrap\"><svg xmlns=\"https:\/\/www.w3.org\/2000\/svg\" viewbox=\"0 0 576 512\"><path d=\"M512 448H64c-35.35 0-64-28.65-64-64V128c0-35.35 28.65-64 64-64h448c35.35 0 64 28.65 64 64v256C576 419.3 547.3 448 512 448zM128 180v-40C128 133.4 122.6 128 116 128h-40C69.38 128 64 133.4 64 140v40C64 186.6 69.38 192 76 192h40C122.6 192 128 186.6 128 180zM224 180v-40C224 133.4 218.6 128 212 128h-40C165.4 128 160 133.4 160 140v40C160 186.6 165.4 192 172 192h40C218.6 192 224 186.6 224 180zM320 180v-40C320 133.4 314.6 128 308 128h-40C261.4 128 256 133.4 256 140v40C256 186.6 261.4 192 268 192h40C314.6 192 320 186.6 320 180zM416 180v-40C416 133.4 410.6 128 404 128h-40C357.4 128 352 133.4 352 140v40C352 186.6 357.4 192 364 192h40C410.6 192 416 186.6 416 180zM512 180v-40C512 133.4 506.6 128 500 128h-40C453.4 128 448 133.4 448 140v40C448 186.6 453.4 192 460 192h40C506.6 192 512 186.6 512 180zM128 276v-40C128 229.4 122.6 224 116 224h-40C69.38 224 64 229.4 64 236v40C64 282.6 69.38 288 76 288h40C122.6 288 128 282.6 128 276zM224 276v-40C224 229.4 218.6 224 212 224h-40C165.4 224 160 229.4 160 236v40C160 282.6 165.4 288 172 288h40C218.6 288 224 282.6 224 276zM320 276v-40C320 229.4 314.6 224 308 224h-40C261.4 224 256 229.4 256 236v40C256 282.6 261.4 288 268 288h40C314.6 288 320 282.6 320 276zM416 276v-40C416 229.4 410.6 224 404 224h-40C357.4 224 352 229.4 352 236v40C352 282.6 357.4 288 364 288h40C410.6 288 416 282.6 416 276zM512 276v-40C512 229.4 506.6 224 500 224h-40C453.4 224 448 229.4 448 236v40C448 282.6 453.4 288 460 288h40C506.6 288 512 282.6 512 276zM128 372v-40C128 325.4 122.6 320 116 320h-40C69.38 320 64 325.4 64 332v40C64 378.6 69.38 384 76 384h40C122.6 384 128 378.6 128 372zM416 372v-40C416 325.4 410.6 320 404 320h-232C165.4 320 160 325.4 160 332v40C160 378.6 165.4 384 172 384h232C410.6 384 416 378.6 416 372zM512 372v-40C512 325.4 506.6 320 500 320h-40C453.4 320 448 325.4 448 332v40C448 378.6 453.4 384 460 384h40C506.6 384 512 378.6 512 372z\"><\/path><\/svg><\/span><span class=\"uagb-icon-list__label\"><strong>VERSEMENT APR\u00c8S LIVRAISON<br\/><\/strong>Tu re\u00e7ois la livraison et nous vire le montant de la facture sur notre compte dans un d\u00e9lai d&#8217;une semaine.<\/span><\/div>\n\n\n\n<div class=\"wp-block-uagb-icon-list-child uagb-block-152157b6\"><span class=\"uagb-icon-list__source-wrap\"><svg xmlns=\"https:\/\/www.w3.org\/2000\/svg\" viewbox=\"0 0 576 512\"><path d=\"M512 32C547.3 32 576 60.65 576 96V128H0V96C0 60.65 28.65 32 64 32H512zM576 416C576 451.3 547.3 480 512 480H64C28.65 480 0 451.3 0 416V224H576V416zM112 352C103.2 352 96 359.2 96 368C96 376.8 103.2 384 112 384H176C184.8 384 192 376.8 192 368C192 359.2 184.8 352 176 352H112zM240 384H368C376.8 384 384 376.8 384 368C384 359.2 376.8 352 368 352H240C231.2 352 224 359.2 224 368C224 376.8 231.2 384 240 384z\"><\/path><\/svg><\/span><span class=\"uagb-icon-list__label\"><strong>PAIEMENT PAR CARTE BANCAIRE<br\/><\/strong>Tu paies par carte bancaire belge.<\/span><\/div>\n\n\n\n<div class=\"wp-block-uagb-icon-list-child uagb-block-75b4e291\"><span class=\"uagb-icon-list__source-wrap\"><svg xmlns=\"https:\/\/www.w3.org\/2000\/svg\" viewbox=\"0 0 576 512\"><path d=\"M512 32C547.3 32 576 60.65 576 96V128H0V96C0 60.65 28.65 32 64 32H512zM576 416C576 451.3 547.3 480 512 480H64C28.65 480 0 451.3 0 416V224H576V416zM112 352C103.2 352 96 359.2 96 368C96 376.8 103.2 384 112 384H176C184.8 384 192 376.8 192 368C192 359.2 184.8 352 176 352H112zM240 384H368C376.8 384 384 376.8 384 368C384 359.2 376.8 352 368 352H240C231.2 352 224 359.2 224 368C224 376.8 231.2 384 240 384z\"><\/path><\/svg><\/span><span class=\"uagb-icon-list__label\"><strong>PAIEMENT PAR CARTE DE CR\u00c9DIT<br\/><\/strong>Tu paies par carte de cr\u00e9dit.<\/span><\/div>\n<\/div><\/div>\n<\/div>\n","protected":false},"excerpt":{"rendered":"","protected":false},"author":2,"featured_media":0,"parent":4828,"menu_order":0,"comment_status":"closed","ping_status":"closed","template":"","meta":{"_eb_attr":"","_uag_custom_page_level_css":"","site-sidebar-layout":"default","site-content-layout":"","ast-site-content-layout":"default","site-content-style":"default","site-sidebar-style":"default","ast-global-header-display":"","ast-banner-title-visibility":"","ast-main-header-display":"","ast-hfb-above-header-display":"","ast-hfb-below-header-display":"","ast-hfb-mobile-header-display":"","site-post-title":"","ast-breadcrumbs-content":"","ast-featured-img":"","footer-sml-layout":"","ast-disable-related-posts":"","theme-transparent-header-meta":"","adv-header-id-meta":"","stick-header-meta":"","header-above-stick-meta":"","header-main-stick-meta":"","header-below-stick-meta":"","astra-migrate-meta-layouts":"default","ast-page-background-enabled":"default","ast-page-background-meta":{"desktop":{"background-color":"var(--ast-global-color-4)","background-image":"","background-repeat":"repeat","background-position":"center center","background-size":"auto","background-attachment":"scroll","background-type":"","background-media":"","overlay-type":"","overlay-color":"","overlay-opacity":"","overlay-gradient":""},"tablet":{"background-color":"","background-image":"","background-repeat":"repeat","background-position":"center center","background-size":"auto","background-attachment":"scroll","background-type":"","background-media":"","overlay-type":"","overlay-color":"","overlay-opacity":"","overlay-gradient":""},"mobile":{"background-color":"","background-image":"","background-repeat":"repeat","background-position":"center center","background-size":"auto","background-attachment":"scroll","background-type":"","background-media":"","overlay-type":"","overlay-color":"","overlay-opacity":"","overlay-gradient":""}},"ast-content-background-meta":{"desktop":{"background-color":"var(--ast-global-color-5)","background-image":"","background-repeat":"repeat","background-position":"center center","background-size":"auto","background-attachment":"scroll","background-type":"","background-media":"","overlay-type":"","overlay-color":"","overlay-opacity":"","overlay-gradient":""},"tablet":{"background-color":"var(--ast-global-color-5)","background-image":"","background-repeat":"repeat","background-position":"center center","background-size":"auto","background-attachment":"scroll","background-type":"","background-media":"","overlay-type":"","overlay-color":"","overlay-opacity":"","overlay-gradient":""},"mobile":{"background-color":"var(--ast-global-color-5)","background-image":"","background-repeat":"repeat","background-position":"center center","background-size":"auto","background-attachment":"scroll","background-type":"","background-media":"","overlay-type":"","overlay-color":"","overlay-opacity":"","overlay-gradient":""}},"footnotes":""},"class_list":["post-4834","page","type-page","status-publish","hentry"],"yoast_head":"<!-- This site is optimized with the Yoast SEO plugin v27.3 - https:\/\/yoast.com\/product\/yoast-seo-wordpress\/ -->\n<title>Informations sur les possibilit\u00e9s de paiement - WhyNotWein<\/title>\n<meta name=\"robots\" content=\"index, follow, max-snippet:-1, max-image-preview:large, max-video-preview:-1\" \/>\n<link rel=\"canonical\" href=\"https:\/\/whynotwein.eu\/fr\/information-client\/methode-de-paiement\/\" \/>\n<meta property=\"og:locale\" content=\"fr_FR\" \/>\n<meta property=\"og:type\" content=\"article\" \/>\n<meta property=\"og:title\" content=\"Informations sur les possibilit\u00e9s de paiement - WhyNotWein\" \/>\n<meta property=\"og:url\" content=\"https:\/\/whynotwein.eu\/fr\/information-client\/methode-de-paiement\/\" \/>\n<meta property=\"og:site_name\" content=\"WhyNotWein\" \/>\n<meta property=\"article:modified_time\" content=\"2022-10-03T12:05:29+00:00\" \/>\n<meta name=\"twitter:card\" content=\"summary_large_image\" \/>\n<script type=\"application\/ld+json\" class=\"yoast-schema-graph\">{\"@context\":\"https:\\\/\\\/schema.org\",\"@graph\":[{\"@type\":\"WebPage\",\"@id\":\"https:\\\/\\\/whynotwein.eu\\\/fr\\\/information-client\\\/methode-de-paiement\\\/\",\"url\":\"https:\\\/\\\/whynotwein.eu\\\/fr\\\/information-client\\\/methode-de-paiement\\\/\",\"name\":\"Informations sur les possibilit\u00e9s de paiement - WhyNotWein\",\"isPartOf\":{\"@id\":\"https:\\\/\\\/whynotwein.eu\\\/fr\\\/#website\"},\"datePublished\":\"2015-09-22T13:41:44+00:00\",\"dateModified\":\"2022-10-03T12:05:29+00:00\",\"breadcrumb\":{\"@id\":\"https:\\\/\\\/whynotwein.eu\\\/fr\\\/information-client\\\/methode-de-paiement\\\/#breadcrumb\"},\"inLanguage\":\"fr-FR\",\"potentialAction\":[{\"@type\":\"ReadAction\",\"target\":[\"https:\\\/\\\/whynotwein.eu\\\/fr\\\/information-client\\\/methode-de-paiement\\\/\"]}]},{\"@type\":\"BreadcrumbList\",\"@id\":\"https:\\\/\\\/whynotwein.eu\\\/fr\\\/information-client\\\/methode-de-paiement\\\/#breadcrumb\",\"itemListElement\":[{\"@type\":\"ListItem\",\"position\":1,\"name\":\"Home\",\"item\":\"https:\\\/\\\/whynotwein.eu\\\/fr\\\/\"},{\"@type\":\"ListItem\",\"position\":2,\"name\":\"Informations client\",\"item\":\"https:\\\/\\\/whynotwein.eu\\\/fr\\\/information-client\\\/\"},{\"@type\":\"ListItem\",\"position\":3,\"name\":\"Informations sur les possibilit\u00e9s de paiement\"}]},{\"@type\":\"WebSite\",\"@id\":\"https:\\\/\\\/whynotwein.eu\\\/fr\\\/#website\",\"url\":\"https:\\\/\\\/whynotwein.eu\\\/fr\\\/\",\"name\":\"WhyNotWein\",\"description\":\"Austrian Wines in Belgium\",\"publisher\":{\"@id\":\"https:\\\/\\\/whynotwein.eu\\\/fr\\\/#organization\"},\"potentialAction\":[{\"@type\":\"SearchAction\",\"target\":{\"@type\":\"EntryPoint\",\"urlTemplate\":\"https:\\\/\\\/whynotwein.eu\\\/fr\\\/?s={search_term_string}\"},\"query-input\":{\"@type\":\"PropertyValueSpecification\",\"valueRequired\":true,\"valueName\":\"search_term_string\"}}],\"inLanguage\":\"fr-FR\"},{\"@type\":\"Organization\",\"@id\":\"https:\\\/\\\/whynotwein.eu\\\/fr\\\/#organization\",\"name\":\"WhyNotWein\",\"url\":\"https:\\\/\\\/whynotwein.eu\\\/fr\\\/\",\"logo\":{\"@type\":\"ImageObject\",\"inLanguage\":\"fr-FR\",\"@id\":\"https:\\\/\\\/whynotwein.eu\\\/fr\\\/#\\\/schema\\\/logo\\\/image\\\/\",\"url\":\"https:\\\/\\\/whynotwein.eu\\\/wp-content\\\/uploads\\\/2015\\\/12\\\/WhyNotWein_Logo_340.png\",\"contentUrl\":\"https:\\\/\\\/whynotwein.eu\\\/wp-content\\\/uploads\\\/2015\\\/12\\\/WhyNotWein_Logo_340.png\",\"width\":340,\"height\":156,\"caption\":\"WhyNotWein\"},\"image\":{\"@id\":\"https:\\\/\\\/whynotwein.eu\\\/fr\\\/#\\\/schema\\\/logo\\\/image\\\/\"}}]}<\/script>\n<!-- \/ Yoast SEO plugin. -->","yoast_head_json":{"title":"Informations sur les possibilit\u00e9s de paiement - WhyNotWein","robots":{"index":"index","follow":"follow","max-snippet":"max-snippet:-1","max-image-preview":"max-image-preview:large","max-video-preview":"max-video-preview:-1"},"canonical":"https:\/\/whynotwein.eu\/fr\/information-client\/methode-de-paiement\/","og_locale":"fr_FR","og_type":"article","og_title":"Informations sur les possibilit\u00e9s de paiement - WhyNotWein","og_url":"https:\/\/whynotwein.eu\/fr\/information-client\/methode-de-paiement\/","og_site_name":"WhyNotWein","article_modified_time":"2022-10-03T12:05:29+00:00","twitter_card":"summary_large_image","schema":{"@context":"https:\/\/schema.org","@graph":[{"@type":"WebPage","@id":"https:\/\/whynotwein.eu\/fr\/information-client\/methode-de-paiement\/","url":"https:\/\/whynotwein.eu\/fr\/information-client\/methode-de-paiement\/","name":"Informations sur les possibilit\u00e9s de paiement - WhyNotWein","isPartOf":{"@id":"https:\/\/whynotwein.eu\/fr\/#website"},"datePublished":"2015-09-22T13:41:44+00:00","dateModified":"2022-10-03T12:05:29+00:00","breadcrumb":{"@id":"https:\/\/whynotwein.eu\/fr\/information-client\/methode-de-paiement\/#breadcrumb"},"inLanguage":"fr-FR","potentialAction":[{"@type":"ReadAction","target":["https:\/\/whynotwein.eu\/fr\/information-client\/methode-de-paiement\/"]}]},{"@type":"BreadcrumbList","@id":"https:\/\/whynotwein.eu\/fr\/information-client\/methode-de-paiement\/#breadcrumb","itemListElement":[{"@type":"ListItem","position":1,"name":"Home","item":"https:\/\/whynotwein.eu\/fr\/"},{"@type":"ListItem","position":2,"name":"Informations client","item":"https:\/\/whynotwein.eu\/fr\/information-client\/"},{"@type":"ListItem","position":3,"name":"Informations sur les possibilit\u00e9s de paiement"}]},{"@type":"WebSite","@id":"https:\/\/whynotwein.eu\/fr\/#website","url":"https:\/\/whynotwein.eu\/fr\/","name":"WhyNotWein","description":"Austrian Wines in Belgium","publisher":{"@id":"https:\/\/whynotwein.eu\/fr\/#organization"},"potentialAction":[{"@type":"SearchAction","target":{"@type":"EntryPoint","urlTemplate":"https:\/\/whynotwein.eu\/fr\/?s={search_term_string}"},"query-input":{"@type":"PropertyValueSpecification","valueRequired":true,"valueName":"search_term_string"}}],"inLanguage":"fr-FR"},{"@type":"Organization","@id":"https:\/\/whynotwein.eu\/fr\/#organization","name":"WhyNotWein","url":"https:\/\/whynotwein.eu\/fr\/","logo":{"@type":"ImageObject","inLanguage":"fr-FR","@id":"https:\/\/whynotwein.eu\/fr\/#\/schema\/logo\/image\/","url":"https:\/\/whynotwein.eu\/wp-content\/uploads\/2015\/12\/WhyNotWein_Logo_340.png","contentUrl":"https:\/\/whynotwein.eu\/wp-content\/uploads\/2015\/12\/WhyNotWein_Logo_340.png","width":340,"height":156,"caption":"WhyNotWein"},"image":{"@id":"https:\/\/whynotwein.eu\/fr\/#\/schema\/logo\/image\/"}}]}},"uagb_featured_image_src":{"full":false,"thumbnail":false,"medium":false,"medium_large":false,"large":false,"1536x1536":false,"2048x2048":false,"gform-image-choice-sm":false,"gform-image-choice-md":false,"gform-image-choice-lg":false,"woocommerce_thumbnail":false,"woocommerce_single":false,"woocommerce_gallery_thumbnail":false},"uagb_author_info":{"display_name":"Christian Meixner","author_link":"https:\/\/whynotwein.eu\/fr\/author\/mexx\/"},"uagb_comment_info":0,"uagb_excerpt":null,"_links":{"self":[{"href":"https:\/\/whynotwein.eu\/fr\/wp-json\/wp\/v2\/pages\/4834","targetHints":{"allow":["GET"]}}],"collection":[{"href":"https:\/\/whynotwein.eu\/fr\/wp-json\/wp\/v2\/pages"}],"about":[{"href":"https:\/\/whynotwein.eu\/fr\/wp-json\/wp\/v2\/types\/page"}],"author":[{"embeddable":true,"href":"https:\/\/whynotwein.eu\/fr\/wp-json\/wp\/v2\/users\/2"}],"replies":[{"embeddable":true,"href":"https:\/\/whynotwein.eu\/fr\/wp-json\/wp\/v2\/comments?post=4834"}],"version-history":[{"count":5,"href":"https:\/\/whynotwein.eu\/fr\/wp-json\/wp\/v2\/pages\/4834\/revisions"}],"predecessor-version":[{"id":24713,"href":"https:\/\/whynotwein.eu\/fr\/wp-json\/wp\/v2\/pages\/4834\/revisions\/24713"}],"up":[{"embeddable":true,"href":"https:\/\/whynotwein.eu\/fr\/wp-json\/wp\/v2\/pages\/4828"}],"wp:attachment":[{"href":"https:\/\/whynotwein.eu\/fr\/wp-json\/wp\/v2\/media?parent=4834"}],"curies":[{"name":"wp","href":"https:\/\/api.w.org\/{rel}","templated":true}]}}