{"id":8343,"date":"2016-01-18T12:50:21","date_gmt":"2016-01-18T11:50:21","guid":{"rendered":"http:\/\/whynotwein.eu\/fr\/news\/"},"modified":"2022-11-29T14:02:07","modified_gmt":"2022-11-29T13:02:07","slug":"news","status":"publish","type":"page","link":"https:\/\/whynotwein.eu\/fr\/news\/","title":{"rendered":"Actualit\u00e9s"},"content":{"rendered":"\n\t\t\t<div class=\"wp-block-uagb-post-grid uagb-post-grid  uagb-post__image-position-top uagb-post__image-enabled uagb-block-3d676fc7     uagb-post__items uagb-post__columns-3 is-grid uagb-post__columns-tablet-2 uagb-post__columns-mobile-1 uagb-post__equal-height\" data-total=\"1\" style=\"\">\n\n\t\t\t\t\t\t\t\t\t\t\t\t<article class=\"uagb-post__inner-wrap\">\t\t\t\t\t\t\t\t<div class='uagb-post__image'>\n\t\t\t\t\t\t\t\t\t<a href=\"https:\/\/whynotwein.eu\/fr\/oesterreich-fr\/2024\/10\/22\/degustation-du-vin-stiegelmar\/\" target=\"_self\" rel=\"bookmark noopener noreferrer\" class='uagb-image-ratio-inherit'><img decoding=\"async\" width=\"450\" height=\"450\" src=\"https:\/\/pswp.fra1.digitaloceanspaces.com\/w\/20251127132139\/IMG_8165-450x450.jpeg\" class=\"attachment-woocommerce_thumbnail size-woocommerce_thumbnail\" alt=\"\" srcset=\"https:\/\/pswp.fra1.digitaloceanspaces.com\/w\/20251127132139\/IMG_8165-450x450.jpeg 450w, https:\/\/pswp.fra1.digitaloceanspaces.com\/w\/20251127132139\/IMG_8165-80x80.jpeg 80w, https:\/\/pswp.fra1.digitaloceanspaces.com\/w\/20251127132139\/IMG_8165-100x100.jpeg 100w\" sizes=\"(max-width: 450px) 100vw, 450px\" \/>\t\t\t\t\t<\/a>\n\t\t\t\t\t\t\t<\/div>\n\t\t\t\t\t\t<h4 class=\"uagb-post__title uagb-post__text\">\n\t\t\t\t<a href=\"https:\/\/whynotwein.eu\/fr\/oesterreich-fr\/2024\/10\/22\/degustation-du-vin-stiegelmar\/\" target=\"_self\" rel=\"bookmark noopener noreferrer\">D\u00e9gustation du vin STIEGELMAR<\/a>\n\t\t\t<\/h4>\n\t\t\t\t\t\t<div class='uagb-post__text uagb-post-grid-byline'>\n\t\t\t\t\t\t\t\t<time datetime=\"2024-10-22T14:48:00+02:00\" class=\"uagb-post__date\">\n\t\t\t\t<span class=\"dashicons-calendar dashicons\"><\/span>\t\t\t\t\tOctober 22, 2024\t\t\t\t<\/time>\n\t\t\t\t\t\t<\/div>\n\t\t\t\t\t\t\t<div class='uagb-post__text uagb-post__excerpt'>\n\t\t\t\t\t<p>Pour la deuxi\u00e8me fois d\u00e9j\u00e0, j&#8217;ai eu le plaisir d&#8217;organiser une d\u00e9gustation de vins au sein de mon Rotary Club Candersteen. Cette fois-ci, en compagnie&#8230;\t\t\t\t<\/div>\n\t\t\t\t\t\t<div class=\"uagb-post__text uagb-post__cta wp-block-button\">\n\t\t\t\t<a class=\"wp-block-button__link uagb-text-link\" style=\"\" href=\"https:\/\/whynotwein.eu\/fr\/oesterreich-fr\/2024\/10\/22\/degustation-du-vin-stiegelmar\/\" target=\"_self\" rel=\"bookmark noopener noreferrer\">Lire la suite<\/a>\n\t\t\t<\/div>\n\t\t\t\n\t\t\t\t\t\t\t\t\t<\/article>\n\t\t\t\t\t\t\t\t\t\t\t\t\t\t\t\t<article class=\"uagb-post__inner-wrap\">\t\t\t\t\t\t\t\t<div class='uagb-post__image'>\n\t\t\t\t\t\t\t\t\t<a href=\"https:\/\/whynotwein.eu\/fr\/oesterreich-fr\/2023\/10\/24\/degustation-du-vin-malat\/\" target=\"_self\" rel=\"bookmark noopener noreferrer\" class='uagb-image-ratio-inherit'><img decoding=\"async\" width=\"450\" height=\"450\" src=\"https:\/\/pswp.fra1.digitaloceanspaces.com\/w\/20251127132139\/IMG_8165-450x450.jpeg\" class=\"attachment-woocommerce_thumbnail size-woocommerce_thumbnail\" alt=\"\" srcset=\"https:\/\/pswp.fra1.digitaloceanspaces.com\/w\/20251127132139\/IMG_8165-450x450.jpeg 450w, https:\/\/pswp.fra1.digitaloceanspaces.com\/w\/20251127132139\/IMG_8165-80x80.jpeg 80w, https:\/\/pswp.fra1.digitaloceanspaces.com\/w\/20251127132139\/IMG_8165-100x100.jpeg 100w\" sizes=\"(max-width: 450px) 100vw, 450px\" \/>\t\t\t\t\t<\/a>\n\t\t\t\t\t\t\t<\/div>\n\t\t\t\t\t\t<h4 class=\"uagb-post__title uagb-post__text\">\n\t\t\t\t<a href=\"https:\/\/whynotwein.eu\/fr\/oesterreich-fr\/2023\/10\/24\/degustation-du-vin-malat\/\" target=\"_self\" rel=\"bookmark noopener noreferrer\">D\u00e9gustation du vin MALAT<\/a>\n\t\t\t<\/h4>\n\t\t\t\t\t\t<div class='uagb-post__text uagb-post-grid-byline'>\n\t\t\t\t\t\t\t\t<time datetime=\"2023-10-24T12:55:00+02:00\" class=\"uagb-post__date\">\n\t\t\t\t<span class=\"dashicons-calendar dashicons\"><\/span>\t\t\t\t\tOctober 24, 2023\t\t\t\t<\/time>\n\t\t\t\t\t\t<\/div>\n\t\t\t\t\t\t\t<div class='uagb-post__text uagb-post__excerpt'>\n\t\t\t\t\t<p>\u00c0 la mi-octobre 2023, j&#8217;ai eu le plaisir de pr\u00e9senter mon ami et vigneron Michael MALAT \u00e0 mon Rotary club Candersteen. Il en a r\u00e9sult\u00e9&#8230;\t\t\t\t<\/div>\n\t\t\t\t\t\t<div class=\"uagb-post__text uagb-post__cta wp-block-button\">\n\t\t\t\t<a class=\"wp-block-button__link uagb-text-link\" style=\"\" href=\"https:\/\/whynotwein.eu\/fr\/oesterreich-fr\/2023\/10\/24\/degustation-du-vin-malat\/\" target=\"_self\" rel=\"bookmark noopener noreferrer\">Lire la suite<\/a>\n\t\t\t<\/div>\n\t\t\t\n\t\t\t\t\t\t\t\t\t<\/article>\n\t\t\t\t\t\t\t\t\t\t\t\t\t\t\t\t<article class=\"uagb-post__inner-wrap\">\t\t\t\t\t\t\t\t<div class='uagb-post__image'>\n\t\t\t\t\t\t\t\t\t<a href=\"https:\/\/whynotwein.eu\/fr\/c42-fr-evenements\/2020\/09\/02\/weinreise-nach-niederoesterreich\/\" target=\"_self\" rel=\"bookmark noopener noreferrer\" class='uagb-image-ratio-inherit'><img decoding=\"async\" width=\"450\" height=\"450\" src=\"https:\/\/pswp.fra1.digitaloceanspaces.com\/w\/20250922170116\/website-weinreise35-450x450.jpg\" class=\"attachment-woocommerce_thumbnail size-woocommerce_thumbnail\" alt=\"\" srcset=\"https:\/\/pswp.fra1.digitaloceanspaces.com\/w\/20250922170116\/website-weinreise35-450x450.jpg 450w, https:\/\/pswp.fra1.digitaloceanspaces.com\/w\/20250922170116\/website-weinreise35-100x100.jpg 100w, https:\/\/pswp.fra1.digitaloceanspaces.com\/w\/20250922170116\/website-weinreise35-80x80.jpg 80w, https:\/\/pswp.fra1.digitaloceanspaces.com\/w\/20250922170116\/website-weinreise35-36x36.jpg 36w, https:\/\/pswp.fra1.digitaloceanspaces.com\/w\/20250922170116\/website-weinreise35-180x180.jpg 180w\" sizes=\"(max-width: 450px) 100vw, 450px\" \/>\t\t\t\t\t<\/a>\n\t\t\t\t\t\t\t<\/div>\n\t\t\t\t\t\t<h4 class=\"uagb-post__title uagb-post__text\">\n\t\t\t\t<a href=\"https:\/\/whynotwein.eu\/fr\/c42-fr-evenements\/2020\/09\/02\/weinreise-nach-niederoesterreich\/\" target=\"_self\" rel=\"bookmark noopener noreferrer\">Wine tour en Basse-Autriche<\/a>\n\t\t\t<\/h4>\n\t\t\t\t\t\t<div class='uagb-post__text uagb-post-grid-byline'>\n\t\t\t\t\t\t\t\t<time datetime=\"2020-09-02T15:18:01+02:00\" class=\"uagb-post__date\">\n\t\t\t\t<span class=\"dashicons-calendar dashicons\"><\/span>\t\t\t\t\tSeptember 2, 2020\t\t\t\t<\/time>\n\t\t\t\t\t\t<\/div>\n\t\t\t\t\t\t\t<div class='uagb-post__text uagb-post__excerpt'>\n\t\t\t\t\t<p>Au cours de mes vacances en Autriche, j\u2019ai eu l\u2019occasion de visiter plusieurs caves, comme la cave TOPF, la DOM\u00c4NE WACHAU et bien s\u00fbr l\u2019une&#8230;\t\t\t\t<\/div>\n\t\t\t\t\t\t<div class=\"uagb-post__text uagb-post__cta wp-block-button\">\n\t\t\t\t<a class=\"wp-block-button__link uagb-text-link\" style=\"\" href=\"https:\/\/whynotwein.eu\/fr\/c42-fr-evenements\/2020\/09\/02\/weinreise-nach-niederoesterreich\/\" target=\"_self\" rel=\"bookmark noopener noreferrer\">Lire la suite<\/a>\n\t\t\t<\/div>\n\t\t\t\n\t\t\t\t\t\t\t\t\t<\/article>\n\t\t\t\t\t\t\t\t\t\t\t\t\t\t\t\t<article class=\"uagb-post__inner-wrap\">\t\t\t\t\t\t\t\t<div class='uagb-post__image'>\n\t\t\t\t\t\t\t\t\t<a href=\"https:\/\/whynotwein.eu\/fr\/c42-fr-evenements\/2018\/07\/05\/rassemblement-au-residence-palace\/\" target=\"_self\" rel=\"bookmark noopener noreferrer\" class='uagb-image-ratio-inherit'><img decoding=\"async\" width=\"450\" height=\"450\" src=\"https:\/\/pswp.fra1.digitaloceanspaces.com\/w\/20250922170331\/RP10-450x450.jpg\" class=\"attachment-woocommerce_thumbnail size-woocommerce_thumbnail\" alt=\"\" srcset=\"https:\/\/pswp.fra1.digitaloceanspaces.com\/w\/20250922170331\/RP10-450x450.jpg 450w, https:\/\/pswp.fra1.digitaloceanspaces.com\/w\/20250922170331\/RP10-100x100.jpg 100w, https:\/\/pswp.fra1.digitaloceanspaces.com\/w\/20250922170331\/RP10-80x80.jpg 80w, https:\/\/pswp.fra1.digitaloceanspaces.com\/w\/20250922170331\/RP10-36x36.jpg 36w, https:\/\/pswp.fra1.digitaloceanspaces.com\/w\/20250922170331\/RP10-180x180.jpg 180w\" sizes=\"(max-width: 450px) 100vw, 450px\" \/>\t\t\t\t\t<\/a>\n\t\t\t\t\t\t\t<\/div>\n\t\t\t\t\t\t<h4 class=\"uagb-post__title uagb-post__text\">\n\t\t\t\t<a href=\"https:\/\/whynotwein.eu\/fr\/c42-fr-evenements\/2018\/07\/05\/rassemblement-au-residence-palace\/\" target=\"_self\" rel=\"bookmark noopener noreferrer\">Rassemblement au R\u00e9sidence Palace<\/a>\n\t\t\t<\/h4>\n\t\t\t\t\t\t<div class='uagb-post__text uagb-post-grid-byline'>\n\t\t\t\t\t\t\t\t<time datetime=\"2018-07-05T15:22:15+02:00\" class=\"uagb-post__date\">\n\t\t\t\t<span class=\"dashicons-calendar dashicons\"><\/span>\t\t\t\t\tJuly 5, 2018\t\t\t\t<\/time>\n\t\t\t\t\t\t<\/div>\n\t\t\t\t\t\t\t<div class='uagb-post__text uagb-post__excerpt'>\n\t\t\t\t\t<p>Encore une fois une belle r\u00e9ception de la Repr\u00e9sentation permanente de l\u2019Autriche, cette fois dans un endroit merveilleux, le R\u00e9sidence Palace au centre de l\u2019UE&#8230;.\t\t\t\t<\/div>\n\t\t\t\t\t\t<div class=\"uagb-post__text uagb-post__cta wp-block-button\">\n\t\t\t\t<a class=\"wp-block-button__link uagb-text-link\" style=\"\" href=\"https:\/\/whynotwein.eu\/fr\/c42-fr-evenements\/2018\/07\/05\/rassemblement-au-residence-palace\/\" target=\"_self\" rel=\"bookmark noopener noreferrer\">Lire la suite<\/a>\n\t\t\t<\/div>\n\t\t\t\n\t\t\t\t\t\t\t\t\t<\/article>\n\t\t\t\t\t\t\t\t\t\t\t\t\t\t\t\t<article class=\"uagb-post__inner-wrap\">\t\t\t\t\t\t\t\t<div class='uagb-post__image'>\n\t\t\t\t\t\t\t\t\t<a href=\"https:\/\/whynotwein.eu\/fr\/s5-news-fr\/2016\/01\/20\/weinbar-non-peut-etre\/\" target=\"_self\" rel=\"bookmark noopener noreferrer\" class='uagb-image-ratio-inherit'><img decoding=\"async\" width=\"450\" height=\"450\" src=\"https:\/\/pswp.fra1.digitaloceanspaces.com\/w\/20250922170736\/website-maedels-1-450x450.png\" class=\"attachment-woocommerce_thumbnail size-woocommerce_thumbnail\" alt=\"\" srcset=\"https:\/\/pswp.fra1.digitaloceanspaces.com\/w\/20250922170736\/website-maedels-1-450x450.png 450w, https:\/\/pswp.fra1.digitaloceanspaces.com\/w\/20250922170736\/website-maedels-1-100x100.png 100w, https:\/\/pswp.fra1.digitaloceanspaces.com\/w\/20250922170736\/website-maedels-1-80x80.png 80w, https:\/\/pswp.fra1.digitaloceanspaces.com\/w\/20250922170736\/website-maedels-1-36x36.png 36w, https:\/\/pswp.fra1.digitaloceanspaces.com\/w\/20250922170736\/website-maedels-1-180x180.png 180w\" sizes=\"(max-width: 450px) 100vw, 450px\" \/>\t\t\t\t\t<\/a>\n\t\t\t\t\t\t\t<\/div>\n\t\t\t\t\t\t<h4 class=\"uagb-post__title uagb-post__text\">\n\t\t\t\t<a href=\"https:\/\/whynotwein.eu\/fr\/s5-news-fr\/2016\/01\/20\/weinbar-non-peut-etre\/\" target=\"_self\" rel=\"bookmark noopener noreferrer\">Bar \u00e0 vin &#8220;NON PEUT \u00caTRE&#8221;<\/a>\n\t\t\t<\/h4>\n\t\t\t\t\t\t<div class='uagb-post__text uagb-post-grid-byline'>\n\t\t\t\t\t\t\t\t<time datetime=\"2016-01-20T10:12:41+01:00\" class=\"uagb-post__date\">\n\t\t\t\t<span class=\"dashicons-calendar dashicons\"><\/span>\t\t\t\t\tJanuary 20, 2016\t\t\t\t<\/time>\n\t\t\t\t\t\t<\/div>\n\t\t\t\t\t\t\t<div class='uagb-post__text uagb-post__excerpt'>\n\t\t\t\t\t<p>Petit droit agr\u00e9able bar \u00e0 vin \u00e0 la Place de Londres. Bonne s\u00e9lection de vins avec de tr\u00e8s bons snacks \u00e0 manger. Ouvert\u00a0Lu &#8211; Ve&#8230;\t\t\t\t<\/div>\n\t\t\t\t\t\t<div class=\"uagb-post__text uagb-post__cta wp-block-button\">\n\t\t\t\t<a class=\"wp-block-button__link uagb-text-link\" style=\"\" href=\"https:\/\/whynotwein.eu\/fr\/s5-news-fr\/2016\/01\/20\/weinbar-non-peut-etre\/\" target=\"_self\" rel=\"bookmark noopener noreferrer\">Lire la suite<\/a>\n\t\t\t<\/div>\n\t\t\t\n\t\t\t\t\t\t\t\t\t<\/article>\n\t\t\t\t\t\t\t\t\t\t\t\t\t<div class=\"uagb-post-pagination-wrap\">\n\t\t\t\t\t\t\t\t\t\t\t<\/div>\n\t\t\t\t\t\t\t\t<\/div>\n\t\t\t","protected":false},"excerpt":{"rendered":"","protected":false},"author":2539,"featured_media":0,"parent":0,"menu_order":0,"comment_status":"closed","ping_status":"closed","template":"","meta":{"_eb_attr":"","_uag_custom_page_level_css":"","site-sidebar-layout":"default","site-content-layout":"","ast-site-content-layout":"default","site-content-style":"default","site-sidebar-style":"default","ast-global-header-display":"","ast-banner-title-visibility":"","ast-main-header-display":"","ast-hfb-above-header-display":"","ast-hfb-below-header-display":"","ast-hfb-mobile-header-display":"","site-post-title":"","ast-breadcrumbs-content":"","ast-featured-img":"","footer-sml-layout":"","ast-disable-related-posts":"","theme-transparent-header-meta":"","adv-header-id-meta":"","stick-header-meta":"","header-above-stick-meta":"","header-main-stick-meta":"","header-below-stick-meta":"","astra-migrate-meta-layouts":"default","ast-page-background-enabled":"default","ast-page-background-meta":{"desktop":{"background-color":"var(--ast-global-color-4)","background-image":"","background-repeat":"repeat","background-position":"center center","background-size":"auto","background-attachment":"scroll","background-type":"","background-media":"","overlay-type":"","overlay-color":"","overlay-opacity":"","overlay-gradient":""},"tablet":{"background-color":"","background-image":"","background-repeat":"repeat","background-position":"center center","background-size":"auto","background-attachment":"scroll","background-type":"","background-media":"","overlay-type":"","overlay-color":"","overlay-opacity":"","overlay-gradient":""},"mobile":{"background-color":"","background-image":"","background-repeat":"repeat","background-position":"center center","background-size":"auto","background-attachment":"scroll","background-type":"","background-media":"","overlay-type":"","overlay-color":"","overlay-opacity":"","overlay-gradient":""}},"ast-content-background-meta":{"desktop":{"background-color":"var(--ast-global-color-5)","background-image":"","background-repeat":"repeat","background-position":"center center","background-size":"auto","background-attachment":"scroll","background-type":"","background-media":"","overlay-type":"","overlay-color":"","overlay-opacity":"","overlay-gradient":""},"tablet":{"background-color":"var(--ast-global-color-5)","background-image":"","background-repeat":"repeat","background-position":"center center","background-size":"auto","background-attachment":"scroll","background-type":"","background-media":"","overlay-type":"","overlay-color":"","overlay-opacity":"","overlay-gradient":""},"mobile":{"background-color":"var(--ast-global-color-5)","background-image":"","background-repeat":"repeat","background-position":"center center","background-size":"auto","background-attachment":"scroll","background-type":"","background-media":"","overlay-type":"","overlay-color":"","overlay-opacity":"","overlay-gradient":""}},"footnotes":""},"class_list":["post-8343","page","type-page","status-publish","hentry"],"yoast_head":"<!-- This site is optimized with the Yoast SEO plugin v27.3 - https:\/\/yoast.com\/product\/yoast-seo-wordpress\/ -->\n<title>News Nouveaut\u00e9s chez Why not Wein Internet Weinshop en Belgique<\/title>\n<meta name=\"description\" content=\"News Nouveaut\u00e9s chez Why not Wein Internet Weinshop en Belgique\" \/>\n<meta name=\"robots\" content=\"index, follow, max-snippet:-1, max-image-preview:large, max-video-preview:-1\" \/>\n<link rel=\"canonical\" href=\"https:\/\/whynotwein.eu\/fr\/news\/\" \/>\n<meta property=\"og:locale\" content=\"fr_FR\" \/>\n<meta property=\"og:type\" content=\"article\" \/>\n<meta property=\"og:title\" content=\"News Nouveaut\u00e9s chez Why not Wein Internet Weinshop en Belgique\" \/>\n<meta property=\"og:description\" content=\"News Nouveaut\u00e9s chez Why not Wein Internet Weinshop en Belgique\" \/>\n<meta property=\"og:url\" content=\"https:\/\/whynotwein.eu\/fr\/news\/\" \/>\n<meta property=\"og:site_name\" content=\"WhyNotWein\" \/>\n<meta property=\"article:modified_time\" content=\"2022-11-29T13:02:07+00:00\" \/>\n<meta name=\"twitter:card\" content=\"summary_large_image\" \/>\n<script type=\"application\/ld+json\" class=\"yoast-schema-graph\">{\"@context\":\"https:\\\/\\\/schema.org\",\"@graph\":[{\"@type\":\"WebPage\",\"@id\":\"https:\\\/\\\/whynotwein.eu\\\/fr\\\/news\\\/\",\"url\":\"https:\\\/\\\/whynotwein.eu\\\/fr\\\/news\\\/\",\"name\":\"News Nouveaut\u00e9s chez Why not Wein Internet Weinshop en Belgique\",\"isPartOf\":{\"@id\":\"https:\\\/\\\/whynotwein.eu\\\/fr\\\/#website\"},\"datePublished\":\"2016-01-18T11:50:21+00:00\",\"dateModified\":\"2022-11-29T13:02:07+00:00\",\"description\":\"News Nouveaut\u00e9s chez Why not Wein Internet Weinshop en Belgique\",\"breadcrumb\":{\"@id\":\"https:\\\/\\\/whynotwein.eu\\\/fr\\\/news\\\/#breadcrumb\"},\"inLanguage\":\"fr-FR\",\"potentialAction\":[{\"@type\":\"ReadAction\",\"target\":[\"https:\\\/\\\/whynotwein.eu\\\/fr\\\/news\\\/\"]}]},{\"@type\":\"BreadcrumbList\",\"@id\":\"https:\\\/\\\/whynotwein.eu\\\/fr\\\/news\\\/#breadcrumb\",\"itemListElement\":[{\"@type\":\"ListItem\",\"position\":1,\"name\":\"Home\",\"item\":\"https:\\\/\\\/whynotwein.eu\\\/fr\\\/\"},{\"@type\":\"ListItem\",\"position\":2,\"name\":\"Actualit\u00e9s\"}]},{\"@type\":\"WebSite\",\"@id\":\"https:\\\/\\\/whynotwein.eu\\\/fr\\\/#website\",\"url\":\"https:\\\/\\\/whynotwein.eu\\\/fr\\\/\",\"name\":\"WhyNotWein\",\"description\":\"Austrian Wines in Belgium\",\"publisher\":{\"@id\":\"https:\\\/\\\/whynotwein.eu\\\/fr\\\/#organization\"},\"potentialAction\":[{\"@type\":\"SearchAction\",\"target\":{\"@type\":\"EntryPoint\",\"urlTemplate\":\"https:\\\/\\\/whynotwein.eu\\\/fr\\\/?s={search_term_string}\"},\"query-input\":{\"@type\":\"PropertyValueSpecification\",\"valueRequired\":true,\"valueName\":\"search_term_string\"}}],\"inLanguage\":\"fr-FR\"},{\"@type\":\"Organization\",\"@id\":\"https:\\\/\\\/whynotwein.eu\\\/fr\\\/#organization\",\"name\":\"WhyNotWein\",\"url\":\"https:\\\/\\\/whynotwein.eu\\\/fr\\\/\",\"logo\":{\"@type\":\"ImageObject\",\"inLanguage\":\"fr-FR\",\"@id\":\"https:\\\/\\\/whynotwein.eu\\\/fr\\\/#\\\/schema\\\/logo\\\/image\\\/\",\"url\":\"https:\\\/\\\/whynotwein.eu\\\/wp-content\\\/uploads\\\/2015\\\/12\\\/WhyNotWein_Logo_340.png\",\"contentUrl\":\"https:\\\/\\\/whynotwein.eu\\\/wp-content\\\/uploads\\\/2015\\\/12\\\/WhyNotWein_Logo_340.png\",\"width\":340,\"height\":156,\"caption\":\"WhyNotWein\"},\"image\":{\"@id\":\"https:\\\/\\\/whynotwein.eu\\\/fr\\\/#\\\/schema\\\/logo\\\/image\\\/\"}}]}<\/script>\n<!-- \/ Yoast SEO plugin. -->","yoast_head_json":{"title":"News Nouveaut\u00e9s chez Why not Wein Internet Weinshop en Belgique","description":"News Nouveaut\u00e9s chez Why not Wein Internet Weinshop en Belgique","robots":{"index":"index","follow":"follow","max-snippet":"max-snippet:-1","max-image-preview":"max-image-preview:large","max-video-preview":"max-video-preview:-1"},"canonical":"https:\/\/whynotwein.eu\/fr\/news\/","og_locale":"fr_FR","og_type":"article","og_title":"News Nouveaut\u00e9s chez Why not Wein Internet Weinshop en Belgique","og_description":"News Nouveaut\u00e9s chez Why not Wein Internet Weinshop en Belgique","og_url":"https:\/\/whynotwein.eu\/fr\/news\/","og_site_name":"WhyNotWein","article_modified_time":"2022-11-29T13:02:07+00:00","twitter_card":"summary_large_image","schema":{"@context":"https:\/\/schema.org","@graph":[{"@type":"WebPage","@id":"https:\/\/whynotwein.eu\/fr\/news\/","url":"https:\/\/whynotwein.eu\/fr\/news\/","name":"News Nouveaut\u00e9s chez Why not Wein Internet Weinshop en Belgique","isPartOf":{"@id":"https:\/\/whynotwein.eu\/fr\/#website"},"datePublished":"2016-01-18T11:50:21+00:00","dateModified":"2022-11-29T13:02:07+00:00","description":"News Nouveaut\u00e9s chez Why not Wein Internet Weinshop en Belgique","breadcrumb":{"@id":"https:\/\/whynotwein.eu\/fr\/news\/#breadcrumb"},"inLanguage":"fr-FR","potentialAction":[{"@type":"ReadAction","target":["https:\/\/whynotwein.eu\/fr\/news\/"]}]},{"@type":"BreadcrumbList","@id":"https:\/\/whynotwein.eu\/fr\/news\/#breadcrumb","itemListElement":[{"@type":"ListItem","position":1,"name":"Home","item":"https:\/\/whynotwein.eu\/fr\/"},{"@type":"ListItem","position":2,"name":"Actualit\u00e9s"}]},{"@type":"WebSite","@id":"https:\/\/whynotwein.eu\/fr\/#website","url":"https:\/\/whynotwein.eu\/fr\/","name":"WhyNotWein","description":"Austrian Wines in Belgium","publisher":{"@id":"https:\/\/whynotwein.eu\/fr\/#organization"},"potentialAction":[{"@type":"SearchAction","target":{"@type":"EntryPoint","urlTemplate":"https:\/\/whynotwein.eu\/fr\/?s={search_term_string}"},"query-input":{"@type":"PropertyValueSpecification","valueRequired":true,"valueName":"search_term_string"}}],"inLanguage":"fr-FR"},{"@type":"Organization","@id":"https:\/\/whynotwein.eu\/fr\/#organization","name":"WhyNotWein","url":"https:\/\/whynotwein.eu\/fr\/","logo":{"@type":"ImageObject","inLanguage":"fr-FR","@id":"https:\/\/whynotwein.eu\/fr\/#\/schema\/logo\/image\/","url":"https:\/\/whynotwein.eu\/wp-content\/uploads\/2015\/12\/WhyNotWein_Logo_340.png","contentUrl":"https:\/\/whynotwein.eu\/wp-content\/uploads\/2015\/12\/WhyNotWein_Logo_340.png","width":340,"height":156,"caption":"WhyNotWein"},"image":{"@id":"https:\/\/whynotwein.eu\/fr\/#\/schema\/logo\/image\/"}}]}},"uagb_featured_image_src":{"full":false,"thumbnail":false,"medium":false,"medium_large":false,"large":false,"1536x1536":false,"2048x2048":false,"gform-image-choice-sm":false,"gform-image-choice-md":false,"gform-image-choice-lg":false,"woocommerce_thumbnail":false,"woocommerce_single":false,"woocommerce_gallery_thumbnail":false},"uagb_author_info":{"display_name":"Thomas Buchst\u00e4tter","author_link":"https:\/\/whynotwein.eu\/fr\/author\/bukaznik\/"},"uagb_comment_info":0,"uagb_excerpt":null,"_links":{"self":[{"href":"https:\/\/whynotwein.eu\/fr\/wp-json\/wp\/v2\/pages\/8343","targetHints":{"allow":["GET"]}}],"collection":[{"href":"https:\/\/whynotwein.eu\/fr\/wp-json\/wp\/v2\/pages"}],"about":[{"href":"https:\/\/whynotwein.eu\/fr\/wp-json\/wp\/v2\/types\/page"}],"author":[{"embeddable":true,"href":"https:\/\/whynotwein.eu\/fr\/wp-json\/wp\/v2\/users\/2539"}],"replies":[{"embeddable":true,"href":"https:\/\/whynotwein.eu\/fr\/wp-json\/wp\/v2\/comments?post=8343"}],"version-history":[{"count":4,"href":"https:\/\/whynotwein.eu\/fr\/wp-json\/wp\/v2\/pages\/8343\/revisions"}],"predecessor-version":[{"id":27128,"href":"https:\/\/whynotwein.eu\/fr\/wp-json\/wp\/v2\/pages\/8343\/revisions\/27128"}],"wp:attachment":[{"href":"https:\/\/whynotwein.eu\/fr\/wp-json\/wp\/v2\/media?parent=8343"}],"curies":[{"name":"wp","href":"https:\/\/api.w.org\/{rel}","templated":true}]}}