{"id":14721,"date":"2018-11-03T10:31:21","date_gmt":"2018-11-03T09:31:21","guid":{"rendered":"https:\/\/whynotwein.eu\/?post_type=product&#038;p=14721"},"modified":"2025-11-26T08:05:23","modified_gmt":"2025-11-26T07:05:23","slug":"gruener-veltliner-federspiel-terrassen","status":"publish","type":"product","link":"https:\/\/whynotwein.eu\/fr\/produit\/gruener-veltliner-federspiel-terrassen\/","title":{"rendered":"Gr\u00fcner Veltliner Federspiel &#8220;Terrassen&#8221; 2024"},"content":{"rendered":"<p>La r\u00e9gion d&#8217;origine est l&#8217;ensemble de la Wachau avec son microclimat particulier et ses sols rocheux primaires. Seuls les raisins r\u00e9colt\u00e9s \u00e0 la main dans des vignobles en terrasses abruptes sont utilis\u00e9s pour ce vin. Une partie importante des raisins provient des communes de Weissenkirchen, D\u00fcrnstein et Loiben, mais les raisins de la rive sud du Danube sont \u00e9galement trait\u00e9s. Le r\u00e9sultat est un style Wachauer clair et uniforme avec beaucoup de fruits<\/p>\n<p>Jaune verd\u00e2tre brillant<\/p>\n<p>Parfum prononc\u00e9 au nez avec des ar\u00f4mes de pomme verte et de poivre blanc, un peu de mangue et de d\u00e9licates notes d&#8217;herbes<\/p>\n<p>La bouche est de poids moyen avec une acidit\u00e9 rafra\u00eechissante, harmonieuse et juteuse avec une finale fruit\u00e9e et \u00e9pic\u00e9e. Un printemps caract\u00e9ristique du Gr\u00fcner Veltliner, bien \u00e9quilibr\u00e9 et tr\u00e8s typique<\/p>\n<p><strong>91 points WINE ENTHUSIAST<br \/>\n<\/strong><\/p>\n<p>Avec capsule \u00e0 vis<\/p>\n","protected":false},"excerpt":{"rendered":"<p>\u00c9l\u00e9gant et frais<\/p>\n","protected":false},"featured_media":14728,"comment_status":"closed","ping_status":"closed","template":"","meta":{"_eb_attr":"","_uag_custom_page_level_css":"","site-sidebar-layout":"default","site-content-layout":"default","ast-site-content-layout":"default","site-content-style":"default","site-sidebar-style":"default","ast-global-header-display":"","ast-banner-title-visibility":"","ast-main-header-display":"","ast-hfb-above-header-display":"","ast-hfb-below-header-display":"","ast-hfb-mobile-header-display":"","site-post-title":"","ast-breadcrumbs-content":"","ast-featured-img":"","footer-sml-layout":"","ast-disable-related-posts":"","theme-transparent-header-meta":"default","adv-header-id-meta":"","stick-header-meta":"default","header-above-stick-meta":"","header-main-stick-meta":"","header-below-stick-meta":"","astra-migrate-meta-layouts":"set","ast-page-background-enabled":"default","ast-page-background-meta":{"desktop":{"background-color":"var(--ast-global-color-4)","background-image":"","background-repeat":"repeat","background-position":"center center","background-size":"auto","background-attachment":"scroll","background-type":"","background-media":"","overlay-type":"","overlay-color":"","overlay-opacity":"","overlay-gradient":""},"tablet":{"background-color":"","background-image":"","background-repeat":"repeat","background-position":"center center","background-size":"auto","background-attachment":"scroll","background-type":"","background-media":"","overlay-type":"","overlay-color":"","overlay-opacity":"","overlay-gradient":""},"mobile":{"background-color":"","background-image":"","background-repeat":"repeat","background-position":"center center","background-size":"auto","background-attachment":"scroll","background-type":"","background-media":"","overlay-type":"","overlay-color":"","overlay-opacity":"","overlay-gradient":""}},"ast-content-background-meta":{"desktop":{"background-color":"var(--ast-global-color-5)","background-image":"","background-repeat":"repeat","background-position":"center center","background-size":"auto","background-attachment":"scroll","background-type":"","background-media":"","overlay-type":"","overlay-color":"","overlay-opacity":"","overlay-gradient":""},"tablet":{"background-color":"var(--ast-global-color-5)","background-image":"","background-repeat":"repeat","background-position":"center center","background-size":"auto","background-attachment":"scroll","background-type":"","background-media":"","overlay-type":"","overlay-color":"","overlay-opacity":"","overlay-gradient":""},"mobile":{"background-color":"var(--ast-global-color-5)","background-image":"","background-repeat":"repeat","background-position":"center center","background-size":"auto","background-attachment":"scroll","background-type":"","background-media":"","overlay-type":"","overlay-color":"","overlay-opacity":"","overlay-gradient":""}}},"product_brand":[],"product_cat":[305,645,286,815],"product_tag":[],"class_list":{"0":"post-14721","1":"product","2":"type-product","3":"status-publish","4":"has-post-thumbnail","6":"product_cat-basse-autriche","7":"product_cat-min-6-fr","8":"product_cat-vin-blanc","9":"product_cat-wachau-fr-3","10":"pa_weingut-domaene-wachau-fr","11":"pa_whynotwein-siegel-1-sur-3-fr","12":"desktop-align-left","13":"tablet-align-left","14":"mobile-align-left","15":"ast-product-gallery-layout-horizontal-slider","16":"ast-product-gallery-with-no-image","17":"ast-product-tabs-layout-vertical","18":"ast-qv-on-image","20":"first","21":"instock","22":"featured","23":"taxable","24":"shipping-taxable","25":"purchasable","26":"product-type-simple"},"yoast_head":"<!-- This site is optimized with the Yoast SEO plugin v27.3 - https:\/\/yoast.com\/product\/yoast-seo-wordpress\/ -->\n<title>Gr\u00fcner Veltliner Federspiel &quot;Terrassen&quot; 2024 - WhyNotWein<\/title>\n<meta name=\"robots\" content=\"index, follow, max-snippet:-1, max-image-preview:large, max-video-preview:-1\" \/>\n<link rel=\"canonical\" href=\"https:\/\/whynotwein.eu\/fr\/produit\/gruener-veltliner-federspiel-terrassen\/\" \/>\n<meta property=\"og:locale\" content=\"fr_FR\" \/>\n<meta property=\"og:type\" content=\"article\" \/>\n<meta property=\"og:title\" content=\"Gr\u00fcner Veltliner Federspiel &quot;Terrassen&quot; 2024 - WhyNotWein\" \/>\n<meta property=\"og:description\" content=\"\u00c9l\u00e9gant et frais\" \/>\n<meta property=\"og:url\" content=\"https:\/\/whynotwein.eu\/fr\/produit\/gruener-veltliner-federspiel-terrassen\/\" \/>\n<meta property=\"og:site_name\" content=\"WhyNotWein\" \/>\n<meta property=\"article:modified_time\" content=\"2025-11-26T07:05:23+00:00\" \/>\n<meta property=\"og:image\" content=\"https:\/\/pswp.fra1.digitaloceanspaces.com\/w\/20250922170255\/domaene-wachau-Federspiel-Terrassen.png\" \/>\n\t<meta property=\"og:image:width\" content=\"450\" \/>\n\t<meta property=\"og:image:height\" content=\"450\" \/>\n\t<meta property=\"og:image:type\" content=\"image\/png\" \/>\n<meta name=\"twitter:card\" content=\"summary_large_image\" \/>\n<meta name=\"twitter:label1\" content=\"Dur\u00e9e de lecture estim\u00e9e\" \/>\n\t<meta name=\"twitter:data1\" content=\"1 minute\" \/>\n<script type=\"application\/ld+json\" class=\"yoast-schema-graph\">{\"@context\":\"https:\\\/\\\/schema.org\",\"@graph\":[{\"@type\":\"WebPage\",\"@id\":\"https:\\\/\\\/whynotwein.eu\\\/fr\\\/produit\\\/gruener-veltliner-federspiel-terrassen\\\/\",\"url\":\"https:\\\/\\\/whynotwein.eu\\\/fr\\\/produit\\\/gruener-veltliner-federspiel-terrassen\\\/\",\"name\":\"Gr\u00fcner Veltliner Federspiel \\\"Terrassen\\\" 2024 - WhyNotWein\",\"isPartOf\":{\"@id\":\"https:\\\/\\\/whynotwein.eu\\\/fr\\\/#website\"},\"primaryImageOfPage\":{\"@id\":\"https:\\\/\\\/whynotwein.eu\\\/fr\\\/produit\\\/gruener-veltliner-federspiel-terrassen\\\/#primaryimage\"},\"image\":{\"@id\":\"https:\\\/\\\/whynotwein.eu\\\/fr\\\/produit\\\/gruener-veltliner-federspiel-terrassen\\\/#primaryimage\"},\"thumbnailUrl\":\"https:\\\/\\\/pswp.fra1.digitaloceanspaces.com\\\/w\\\/20250922170255\\\/domaene-wachau-Federspiel-Terrassen.png\",\"datePublished\":\"2018-11-03T09:31:21+00:00\",\"dateModified\":\"2025-11-26T07:05:23+00:00\",\"breadcrumb\":{\"@id\":\"https:\\\/\\\/whynotwein.eu\\\/fr\\\/produit\\\/gruener-veltliner-federspiel-terrassen\\\/#breadcrumb\"},\"inLanguage\":\"fr-FR\",\"potentialAction\":[{\"@type\":\"ReadAction\",\"target\":[\"https:\\\/\\\/whynotwein.eu\\\/fr\\\/produit\\\/gruener-veltliner-federspiel-terrassen\\\/\"]}]},{\"@type\":\"ImageObject\",\"inLanguage\":\"fr-FR\",\"@id\":\"https:\\\/\\\/whynotwein.eu\\\/fr\\\/produit\\\/gruener-veltliner-federspiel-terrassen\\\/#primaryimage\",\"url\":\"https:\\\/\\\/pswp.fra1.digitaloceanspaces.com\\\/w\\\/20250922170255\\\/domaene-wachau-Federspiel-Terrassen.png\",\"contentUrl\":\"https:\\\/\\\/pswp.fra1.digitaloceanspaces.com\\\/w\\\/20250922170255\\\/domaene-wachau-Federspiel-Terrassen.png\",\"width\":450,\"height\":450},{\"@type\":\"BreadcrumbList\",\"@id\":\"https:\\\/\\\/whynotwein.eu\\\/fr\\\/produit\\\/gruener-veltliner-federspiel-terrassen\\\/#breadcrumb\",\"itemListElement\":[{\"@type\":\"ListItem\",\"position\":1,\"name\":\"Home\",\"item\":\"https:\\\/\\\/whynotwein.eu\\\/fr\\\/\"},{\"@type\":\"ListItem\",\"position\":2,\"name\":\"Boutique\",\"item\":\"https:\\\/\\\/whynotwein.eu\\\/fr\\\/boutique\\\/\"},{\"@type\":\"ListItem\",\"position\":3,\"name\":\"Gr\u00fcner Veltliner Federspiel &#8222;Terrassen&#8220; 2024\"}]},{\"@type\":\"WebSite\",\"@id\":\"https:\\\/\\\/whynotwein.eu\\\/fr\\\/#website\",\"url\":\"https:\\\/\\\/whynotwein.eu\\\/fr\\\/\",\"name\":\"WhyNotWein\",\"description\":\"Austrian Wines in Belgium\",\"publisher\":{\"@id\":\"https:\\\/\\\/whynotwein.eu\\\/fr\\\/#organization\"},\"potentialAction\":[{\"@type\":\"SearchAction\",\"target\":{\"@type\":\"EntryPoint\",\"urlTemplate\":\"https:\\\/\\\/whynotwein.eu\\\/fr\\\/?s={search_term_string}\"},\"query-input\":{\"@type\":\"PropertyValueSpecification\",\"valueRequired\":true,\"valueName\":\"search_term_string\"}}],\"inLanguage\":\"fr-FR\"},{\"@type\":\"Organization\",\"@id\":\"https:\\\/\\\/whynotwein.eu\\\/fr\\\/#organization\",\"name\":\"WhyNotWein\",\"url\":\"https:\\\/\\\/whynotwein.eu\\\/fr\\\/\",\"logo\":{\"@type\":\"ImageObject\",\"inLanguage\":\"fr-FR\",\"@id\":\"https:\\\/\\\/whynotwein.eu\\\/fr\\\/#\\\/schema\\\/logo\\\/image\\\/\",\"url\":\"https:\\\/\\\/whynotwein.eu\\\/wp-content\\\/uploads\\\/2015\\\/12\\\/WhyNotWein_Logo_340.png\",\"contentUrl\":\"https:\\\/\\\/whynotwein.eu\\\/wp-content\\\/uploads\\\/2015\\\/12\\\/WhyNotWein_Logo_340.png\",\"width\":340,\"height\":156,\"caption\":\"WhyNotWein\"},\"image\":{\"@id\":\"https:\\\/\\\/whynotwein.eu\\\/fr\\\/#\\\/schema\\\/logo\\\/image\\\/\"}}]}<\/script>\n<!-- \/ Yoast SEO plugin. -->","yoast_head_json":{"title":"Gr\u00fcner Veltliner Federspiel \"Terrassen\" 2024 - WhyNotWein","robots":{"index":"index","follow":"follow","max-snippet":"max-snippet:-1","max-image-preview":"max-image-preview:large","max-video-preview":"max-video-preview:-1"},"canonical":"https:\/\/whynotwein.eu\/fr\/produit\/gruener-veltliner-federspiel-terrassen\/","og_locale":"fr_FR","og_type":"article","og_title":"Gr\u00fcner Veltliner Federspiel \"Terrassen\" 2024 - WhyNotWein","og_description":"\u00c9l\u00e9gant et frais","og_url":"https:\/\/whynotwein.eu\/fr\/produit\/gruener-veltliner-federspiel-terrassen\/","og_site_name":"WhyNotWein","article_modified_time":"2025-11-26T07:05:23+00:00","og_image":[{"width":450,"height":450,"url":"https:\/\/pswp.fra1.digitaloceanspaces.com\/w\/20250922170255\/domaene-wachau-Federspiel-Terrassen.png","type":"image\/png"}],"twitter_card":"summary_large_image","twitter_misc":{"Dur\u00e9e de lecture estim\u00e9e":"1 minute"},"schema":{"@context":"https:\/\/schema.org","@graph":[{"@type":"WebPage","@id":"https:\/\/whynotwein.eu\/fr\/produit\/gruener-veltliner-federspiel-terrassen\/","url":"https:\/\/whynotwein.eu\/fr\/produit\/gruener-veltliner-federspiel-terrassen\/","name":"Gr\u00fcner Veltliner Federspiel \"Terrassen\" 2024 - WhyNotWein","isPartOf":{"@id":"https:\/\/whynotwein.eu\/fr\/#website"},"primaryImageOfPage":{"@id":"https:\/\/whynotwein.eu\/fr\/produit\/gruener-veltliner-federspiel-terrassen\/#primaryimage"},"image":{"@id":"https:\/\/whynotwein.eu\/fr\/produit\/gruener-veltliner-federspiel-terrassen\/#primaryimage"},"thumbnailUrl":"https:\/\/pswp.fra1.digitaloceanspaces.com\/w\/20250922170255\/domaene-wachau-Federspiel-Terrassen.png","datePublished":"2018-11-03T09:31:21+00:00","dateModified":"2025-11-26T07:05:23+00:00","breadcrumb":{"@id":"https:\/\/whynotwein.eu\/fr\/produit\/gruener-veltliner-federspiel-terrassen\/#breadcrumb"},"inLanguage":"fr-FR","potentialAction":[{"@type":"ReadAction","target":["https:\/\/whynotwein.eu\/fr\/produit\/gruener-veltliner-federspiel-terrassen\/"]}]},{"@type":"ImageObject","inLanguage":"fr-FR","@id":"https:\/\/whynotwein.eu\/fr\/produit\/gruener-veltliner-federspiel-terrassen\/#primaryimage","url":"https:\/\/pswp.fra1.digitaloceanspaces.com\/w\/20250922170255\/domaene-wachau-Federspiel-Terrassen.png","contentUrl":"https:\/\/pswp.fra1.digitaloceanspaces.com\/w\/20250922170255\/domaene-wachau-Federspiel-Terrassen.png","width":450,"height":450},{"@type":"BreadcrumbList","@id":"https:\/\/whynotwein.eu\/fr\/produit\/gruener-veltliner-federspiel-terrassen\/#breadcrumb","itemListElement":[{"@type":"ListItem","position":1,"name":"Home","item":"https:\/\/whynotwein.eu\/fr\/"},{"@type":"ListItem","position":2,"name":"Boutique","item":"https:\/\/whynotwein.eu\/fr\/boutique\/"},{"@type":"ListItem","position":3,"name":"Gr\u00fcner Veltliner Federspiel &#8222;Terrassen&#8220; 2024"}]},{"@type":"WebSite","@id":"https:\/\/whynotwein.eu\/fr\/#website","url":"https:\/\/whynotwein.eu\/fr\/","name":"WhyNotWein","description":"Austrian Wines in Belgium","publisher":{"@id":"https:\/\/whynotwein.eu\/fr\/#organization"},"potentialAction":[{"@type":"SearchAction","target":{"@type":"EntryPoint","urlTemplate":"https:\/\/whynotwein.eu\/fr\/?s={search_term_string}"},"query-input":{"@type":"PropertyValueSpecification","valueRequired":true,"valueName":"search_term_string"}}],"inLanguage":"fr-FR"},{"@type":"Organization","@id":"https:\/\/whynotwein.eu\/fr\/#organization","name":"WhyNotWein","url":"https:\/\/whynotwein.eu\/fr\/","logo":{"@type":"ImageObject","inLanguage":"fr-FR","@id":"https:\/\/whynotwein.eu\/fr\/#\/schema\/logo\/image\/","url":"https:\/\/whynotwein.eu\/wp-content\/uploads\/2015\/12\/WhyNotWein_Logo_340.png","contentUrl":"https:\/\/whynotwein.eu\/wp-content\/uploads\/2015\/12\/WhyNotWein_Logo_340.png","width":340,"height":156,"caption":"WhyNotWein"},"image":{"@id":"https:\/\/whynotwein.eu\/fr\/#\/schema\/logo\/image\/"}}]}},"uagb_featured_image_src":{"full":["https:\/\/pswp.fra1.digitaloceanspaces.com\/w\/20250922170255\/domaene-wachau-Federspiel-Terrassen.png",450,450,false],"thumbnail":["https:\/\/pswp.fra1.digitaloceanspaces.com\/w\/20250922170255\/domaene-wachau-Federspiel-Terrassen-80x80.png",80,80,true],"medium":["https:\/\/pswp.fra1.digitaloceanspaces.com\/w\/20250922170255\/domaene-wachau-Federspiel-Terrassen-300x300.png",300,300,true],"medium_large":["https:\/\/pswp.fra1.digitaloceanspaces.com\/w\/20250922170255\/domaene-wachau-Federspiel-Terrassen.png",450,450,false],"large":["https:\/\/pswp.fra1.digitaloceanspaces.com\/w\/20250922170255\/domaene-wachau-Federspiel-Terrassen.png",450,450,false],"1536x1536":["https:\/\/pswp.fra1.digitaloceanspaces.com\/w\/20250922170255\/domaene-wachau-Federspiel-Terrassen.png",450,450,false],"2048x2048":["https:\/\/pswp.fra1.digitaloceanspaces.com\/w\/20250922170255\/domaene-wachau-Federspiel-Terrassen.png",450,450,false],"gform-image-choice-sm":["https:\/\/pswp.fra1.digitaloceanspaces.com\/w\/20250922170255\/domaene-wachau-Federspiel-Terrassen.png",300,300,false],"gform-image-choice-md":["https:\/\/pswp.fra1.digitaloceanspaces.com\/w\/20250922170255\/domaene-wachau-Federspiel-Terrassen.png",400,400,false],"gform-image-choice-lg":["https:\/\/pswp.fra1.digitaloceanspaces.com\/w\/20250922170255\/domaene-wachau-Federspiel-Terrassen.png",450,450,false],"woocommerce_thumbnail":["https:\/\/pswp.fra1.digitaloceanspaces.com\/w\/20250922170255\/domaene-wachau-Federspiel-Terrassen-450x450.png",450,450,true],"woocommerce_single":["https:\/\/pswp.fra1.digitaloceanspaces.com\/w\/20250922170255\/domaene-wachau-Federspiel-Terrassen-450x450.png",450,450,true],"woocommerce_gallery_thumbnail":["https:\/\/pswp.fra1.digitaloceanspaces.com\/w\/20250922170255\/domaene-wachau-Federspiel-Terrassen-100x100.png",100,100,true]},"uagb_author_info":{"display_name":"Ren\u00e9 Clausen","author_link":"https:\/\/whynotwein.eu\/fr\/author\/"},"uagb_comment_info":0,"uagb_excerpt":"\u00c9l\u00e9gant et frais","_links":{"self":[{"href":"https:\/\/whynotwein.eu\/fr\/wp-json\/wp\/v2\/product\/14721","targetHints":{"allow":["GET"]}}],"collection":[{"href":"https:\/\/whynotwein.eu\/fr\/wp-json\/wp\/v2\/product"}],"about":[{"href":"https:\/\/whynotwein.eu\/fr\/wp-json\/wp\/v2\/types\/product"}],"replies":[{"embeddable":true,"href":"https:\/\/whynotwein.eu\/fr\/wp-json\/wp\/v2\/comments?post=14721"}],"wp:featuredmedia":[{"embeddable":true,"href":"https:\/\/whynotwein.eu\/fr\/wp-json\/wp\/v2\/media\/14728"}],"wp:attachment":[{"href":"https:\/\/whynotwein.eu\/fr\/wp-json\/wp\/v2\/media?parent=14721"}],"wp:term":[{"taxonomy":"product_brand","embeddable":true,"href":"https:\/\/whynotwein.eu\/fr\/wp-json\/wp\/v2\/product_brand?post=14721"},{"taxonomy":"product_cat","embeddable":true,"href":"https:\/\/whynotwein.eu\/fr\/wp-json\/wp\/v2\/product_cat?post=14721"},{"taxonomy":"product_tag","embeddable":true,"href":"https:\/\/whynotwein.eu\/fr\/wp-json\/wp\/v2\/product_tag?post=14721"}],"curies":[{"name":"wp","href":"https:\/\/api.w.org\/{rel}","templated":true}]}}