{"id":4003,"date":"2015-10-12T15:46:55","date_gmt":"2015-10-12T13:46:55","guid":{"rendered":"http:\/\/k047968.hosting.kinamo.be\/fr\/produkt\/welschriesling-klassik-2013\/"},"modified":"2026-04-14T09:43:11","modified_gmt":"2026-04-14T07:43:11","slug":"welschriesling-suedsteiermark","status":"publish","type":"product","link":"https:\/\/whynotwein.eu\/fr\/produit\/welschriesling-suedsteiermark\/","title":{"rendered":"Welschriesling DAC &#8220;S\u00fcdsteiermark&#8221; 2025"},"content":{"rendered":"<p>Parfum de fleurs blanches et d&#8217;herbes de prairie<\/p>\n<p>La bouche est d\u00e9licatement juteuse et se caract\u00e9rise par des ar\u00f4mes de pomme fra\u00eeche ; elle est invitante \u00e0 chaque phase ; elle est vive et anim\u00e9e<\/p>\n<p><strong>Climat:<\/strong> Le climat m\u00e9diterran\u00e9en chaud et humide d\u00e9termine le long cours de v\u00e9g\u00e9tation. Les nuits fra\u00eeches fournissent les saveurs uniques<\/p>\n<p><strong>Sol:<\/strong>\u00a0La structure du sol est caract\u00e9ris\u00e9e par de puissantes couches de s\u00e9diments qui ont \u00e9t\u00e9 d\u00e9pos\u00e9s sur un bassin couvert de mer pendant des millions d&#8217;ann\u00e9es. Le sol est principalement constitu\u00e9 de pierres de slets marines, mais des sables, des conglom\u00e9rats et du gravier s&#8217;ajoutent \u00e0 sa formation<\/p>\n<p>Avec capsule \u00e0 vis<\/p>\n<p><strong>91 points du FALSTAFF<\/strong><\/p>\n","protected":false},"excerpt":{"rendered":"<p>Avec acidit\u00e9 vivante<\/p>\n","protected":false},"featured_media":27607,"comment_status":"closed","ping_status":"closed","template":"","meta":{"_eb_attr":"","_uag_custom_page_level_css":"","site-sidebar-layout":"default","site-content-layout":"","ast-site-content-layout":"default","site-content-style":"default","site-sidebar-style":"default","ast-global-header-display":"","ast-banner-title-visibility":"","ast-main-header-display":"","ast-hfb-above-header-display":"","ast-hfb-below-header-display":"","ast-hfb-mobile-header-display":"","site-post-title":"","ast-breadcrumbs-content":"","ast-featured-img":"","footer-sml-layout":"","ast-disable-related-posts":"","theme-transparent-header-meta":"default","adv-header-id-meta":"","stick-header-meta":"default","header-above-stick-meta":"","header-main-stick-meta":"","header-below-stick-meta":"","astra-migrate-meta-layouts":"set","ast-page-background-enabled":"default","ast-page-background-meta":{"desktop":{"background-color":"var(--ast-global-color-4)","background-image":"","background-repeat":"repeat","background-position":"center center","background-size":"auto","background-attachment":"scroll","background-type":"","background-media":"","overlay-type":"","overlay-color":"","overlay-opacity":"","overlay-gradient":""},"tablet":{"background-color":"","background-image":"","background-repeat":"repeat","background-position":"center center","background-size":"auto","background-attachment":"scroll","background-type":"","background-media":"","overlay-type":"","overlay-color":"","overlay-opacity":"","overlay-gradient":""},"mobile":{"background-color":"","background-image":"","background-repeat":"repeat","background-position":"center center","background-size":"auto","background-attachment":"scroll","background-type":"","background-media":"","overlay-type":"","overlay-color":"","overlay-opacity":"","overlay-gradient":""}},"ast-content-background-meta":{"desktop":{"background-color":"var(--ast-global-color-5)","background-image":"","background-repeat":"repeat","background-position":"center center","background-size":"auto","background-attachment":"scroll","background-type":"","background-media":"","overlay-type":"","overlay-color":"","overlay-opacity":"","overlay-gradient":""},"tablet":{"background-color":"var(--ast-global-color-5)","background-image":"","background-repeat":"repeat","background-position":"center center","background-size":"auto","background-attachment":"scroll","background-type":"","background-media":"","overlay-type":"","overlay-color":"","overlay-opacity":"","overlay-gradient":""},"mobile":{"background-color":"var(--ast-global-color-5)","background-image":"","background-repeat":"repeat","background-position":"center center","background-size":"auto","background-attachment":"scroll","background-type":"","background-media":"","overlay-type":"","overlay-color":"","overlay-opacity":"","overlay-gradient":""}}},"product_brand":[],"product_cat":[645,307,286],"product_tag":[],"class_list":{"0":"post-4003","1":"product","2":"type-product","3":"status-publish","4":"has-post-thumbnail","6":"product_cat-min-6-fr","7":"product_cat-styrie-fr","8":"product_cat-vin-blanc","9":"pa_weingut-sabathi-suedsteiermark-fr","10":"pa_whynotwein-siegel-1-sur-3-fr","11":"desktop-align-left","12":"tablet-align-left","13":"mobile-align-left","14":"ast-product-gallery-layout-horizontal-slider","15":"ast-product-gallery-with-no-image","16":"ast-product-tabs-layout-vertical","17":"ast-qv-on-image","19":"first","20":"instock","21":"featured","22":"taxable","23":"shipping-taxable","24":"purchasable","25":"product-type-simple"},"yoast_head":"<!-- This site is optimized with the Yoast SEO plugin v27.3 - https:\/\/yoast.com\/product\/yoast-seo-wordpress\/ -->\n<title>Welschriesling DAC &quot;S\u00fcdsteiermark&quot; 2025 - WhyNotWein<\/title>\n<meta name=\"robots\" content=\"index, follow, max-snippet:-1, max-image-preview:large, max-video-preview:-1\" \/>\n<link rel=\"canonical\" href=\"https:\/\/whynotwein.eu\/fr\/produit\/welschriesling-suedsteiermark\/\" \/>\n<meta property=\"og:locale\" content=\"fr_FR\" \/>\n<meta property=\"og:type\" content=\"article\" \/>\n<meta property=\"og:title\" content=\"Welschriesling DAC &quot;S\u00fcdsteiermark&quot; 2025 - WhyNotWein\" \/>\n<meta property=\"og:description\" content=\"Avec acidit\u00e9 vivante\" \/>\n<meta property=\"og:url\" content=\"https:\/\/whynotwein.eu\/fr\/produit\/welschriesling-suedsteiermark\/\" \/>\n<meta property=\"og:site_name\" content=\"WhyNotWein\" \/>\n<meta property=\"article:modified_time\" content=\"2026-04-14T07:43:11+00:00\" \/>\n<meta property=\"og:image\" content=\"https:\/\/pswp.fra1.digitaloceanspaces.com\/w\/20250922165907\/sabathi-welschriesling-sued.png\" \/>\n\t<meta property=\"og:image:width\" content=\"450\" \/>\n\t<meta property=\"og:image:height\" content=\"450\" \/>\n\t<meta property=\"og:image:type\" content=\"image\/png\" \/>\n<meta name=\"twitter:card\" content=\"summary_large_image\" \/>\n<meta name=\"twitter:label1\" content=\"Dur\u00e9e de lecture estim\u00e9e\" \/>\n\t<meta name=\"twitter:data1\" content=\"1 minute\" \/>\n<script type=\"application\/ld+json\" class=\"yoast-schema-graph\">{\"@context\":\"https:\\\/\\\/schema.org\",\"@graph\":[{\"@type\":\"WebPage\",\"@id\":\"https:\\\/\\\/whynotwein.eu\\\/fr\\\/produit\\\/welschriesling-suedsteiermark\\\/\",\"url\":\"https:\\\/\\\/whynotwein.eu\\\/fr\\\/produit\\\/welschriesling-suedsteiermark\\\/\",\"name\":\"Welschriesling DAC \\\"S\u00fcdsteiermark\\\" 2025 - WhyNotWein\",\"isPartOf\":{\"@id\":\"https:\\\/\\\/whynotwein.eu\\\/fr\\\/#website\"},\"primaryImageOfPage\":{\"@id\":\"https:\\\/\\\/whynotwein.eu\\\/fr\\\/produit\\\/welschriesling-suedsteiermark\\\/#primaryimage\"},\"image\":{\"@id\":\"https:\\\/\\\/whynotwein.eu\\\/fr\\\/produit\\\/welschriesling-suedsteiermark\\\/#primaryimage\"},\"thumbnailUrl\":\"https:\\\/\\\/pswp.fra1.digitaloceanspaces.com\\\/w\\\/20250922165907\\\/sabathi-welschriesling-sued.png\",\"datePublished\":\"2015-10-12T13:46:55+00:00\",\"dateModified\":\"2026-04-14T07:43:11+00:00\",\"breadcrumb\":{\"@id\":\"https:\\\/\\\/whynotwein.eu\\\/fr\\\/produit\\\/welschriesling-suedsteiermark\\\/#breadcrumb\"},\"inLanguage\":\"fr-FR\",\"potentialAction\":[{\"@type\":\"ReadAction\",\"target\":[\"https:\\\/\\\/whynotwein.eu\\\/fr\\\/produit\\\/welschriesling-suedsteiermark\\\/\"]}]},{\"@type\":\"ImageObject\",\"inLanguage\":\"fr-FR\",\"@id\":\"https:\\\/\\\/whynotwein.eu\\\/fr\\\/produit\\\/welschriesling-suedsteiermark\\\/#primaryimage\",\"url\":\"https:\\\/\\\/pswp.fra1.digitaloceanspaces.com\\\/w\\\/20250922165907\\\/sabathi-welschriesling-sued.png\",\"contentUrl\":\"https:\\\/\\\/pswp.fra1.digitaloceanspaces.com\\\/w\\\/20250922165907\\\/sabathi-welschriesling-sued.png\",\"width\":450,\"height\":450},{\"@type\":\"BreadcrumbList\",\"@id\":\"https:\\\/\\\/whynotwein.eu\\\/fr\\\/produit\\\/welschriesling-suedsteiermark\\\/#breadcrumb\",\"itemListElement\":[{\"@type\":\"ListItem\",\"position\":1,\"name\":\"Home\",\"item\":\"https:\\\/\\\/whynotwein.eu\\\/fr\\\/\"},{\"@type\":\"ListItem\",\"position\":2,\"name\":\"Boutique\",\"item\":\"https:\\\/\\\/whynotwein.eu\\\/fr\\\/boutique\\\/\"},{\"@type\":\"ListItem\",\"position\":3,\"name\":\"Welschriesling DAC &#8222;S\u00fcdsteiermark&#8220; 2025\"}]},{\"@type\":\"WebSite\",\"@id\":\"https:\\\/\\\/whynotwein.eu\\\/fr\\\/#website\",\"url\":\"https:\\\/\\\/whynotwein.eu\\\/fr\\\/\",\"name\":\"WhyNotWein\",\"description\":\"Austrian Wines in Belgium\",\"publisher\":{\"@id\":\"https:\\\/\\\/whynotwein.eu\\\/fr\\\/#organization\"},\"potentialAction\":[{\"@type\":\"SearchAction\",\"target\":{\"@type\":\"EntryPoint\",\"urlTemplate\":\"https:\\\/\\\/whynotwein.eu\\\/fr\\\/?s={search_term_string}\"},\"query-input\":{\"@type\":\"PropertyValueSpecification\",\"valueRequired\":true,\"valueName\":\"search_term_string\"}}],\"inLanguage\":\"fr-FR\"},{\"@type\":\"Organization\",\"@id\":\"https:\\\/\\\/whynotwein.eu\\\/fr\\\/#organization\",\"name\":\"WhyNotWein\",\"url\":\"https:\\\/\\\/whynotwein.eu\\\/fr\\\/\",\"logo\":{\"@type\":\"ImageObject\",\"inLanguage\":\"fr-FR\",\"@id\":\"https:\\\/\\\/whynotwein.eu\\\/fr\\\/#\\\/schema\\\/logo\\\/image\\\/\",\"url\":\"https:\\\/\\\/whynotwein.eu\\\/wp-content\\\/uploads\\\/2015\\\/12\\\/WhyNotWein_Logo_340.png\",\"contentUrl\":\"https:\\\/\\\/whynotwein.eu\\\/wp-content\\\/uploads\\\/2015\\\/12\\\/WhyNotWein_Logo_340.png\",\"width\":340,\"height\":156,\"caption\":\"WhyNotWein\"},\"image\":{\"@id\":\"https:\\\/\\\/whynotwein.eu\\\/fr\\\/#\\\/schema\\\/logo\\\/image\\\/\"}}]}<\/script>\n<!-- \/ Yoast SEO plugin. -->","yoast_head_json":{"title":"Welschriesling DAC \"S\u00fcdsteiermark\" 2025 - WhyNotWein","robots":{"index":"index","follow":"follow","max-snippet":"max-snippet:-1","max-image-preview":"max-image-preview:large","max-video-preview":"max-video-preview:-1"},"canonical":"https:\/\/whynotwein.eu\/fr\/produit\/welschriesling-suedsteiermark\/","og_locale":"fr_FR","og_type":"article","og_title":"Welschriesling DAC \"S\u00fcdsteiermark\" 2025 - WhyNotWein","og_description":"Avec acidit\u00e9 vivante","og_url":"https:\/\/whynotwein.eu\/fr\/produit\/welschriesling-suedsteiermark\/","og_site_name":"WhyNotWein","article_modified_time":"2026-04-14T07:43:11+00:00","og_image":[{"width":450,"height":450,"url":"https:\/\/pswp.fra1.digitaloceanspaces.com\/w\/20250922165907\/sabathi-welschriesling-sued.png","type":"image\/png"}],"twitter_card":"summary_large_image","twitter_misc":{"Dur\u00e9e de lecture estim\u00e9e":"1 minute"},"schema":{"@context":"https:\/\/schema.org","@graph":[{"@type":"WebPage","@id":"https:\/\/whynotwein.eu\/fr\/produit\/welschriesling-suedsteiermark\/","url":"https:\/\/whynotwein.eu\/fr\/produit\/welschriesling-suedsteiermark\/","name":"Welschriesling DAC \"S\u00fcdsteiermark\" 2025 - WhyNotWein","isPartOf":{"@id":"https:\/\/whynotwein.eu\/fr\/#website"},"primaryImageOfPage":{"@id":"https:\/\/whynotwein.eu\/fr\/produit\/welschriesling-suedsteiermark\/#primaryimage"},"image":{"@id":"https:\/\/whynotwein.eu\/fr\/produit\/welschriesling-suedsteiermark\/#primaryimage"},"thumbnailUrl":"https:\/\/pswp.fra1.digitaloceanspaces.com\/w\/20250922165907\/sabathi-welschriesling-sued.png","datePublished":"2015-10-12T13:46:55+00:00","dateModified":"2026-04-14T07:43:11+00:00","breadcrumb":{"@id":"https:\/\/whynotwein.eu\/fr\/produit\/welschriesling-suedsteiermark\/#breadcrumb"},"inLanguage":"fr-FR","potentialAction":[{"@type":"ReadAction","target":["https:\/\/whynotwein.eu\/fr\/produit\/welschriesling-suedsteiermark\/"]}]},{"@type":"ImageObject","inLanguage":"fr-FR","@id":"https:\/\/whynotwein.eu\/fr\/produit\/welschriesling-suedsteiermark\/#primaryimage","url":"https:\/\/pswp.fra1.digitaloceanspaces.com\/w\/20250922165907\/sabathi-welschriesling-sued.png","contentUrl":"https:\/\/pswp.fra1.digitaloceanspaces.com\/w\/20250922165907\/sabathi-welschriesling-sued.png","width":450,"height":450},{"@type":"BreadcrumbList","@id":"https:\/\/whynotwein.eu\/fr\/produit\/welschriesling-suedsteiermark\/#breadcrumb","itemListElement":[{"@type":"ListItem","position":1,"name":"Home","item":"https:\/\/whynotwein.eu\/fr\/"},{"@type":"ListItem","position":2,"name":"Boutique","item":"https:\/\/whynotwein.eu\/fr\/boutique\/"},{"@type":"ListItem","position":3,"name":"Welschriesling DAC &#8222;S\u00fcdsteiermark&#8220; 2025"}]},{"@type":"WebSite","@id":"https:\/\/whynotwein.eu\/fr\/#website","url":"https:\/\/whynotwein.eu\/fr\/","name":"WhyNotWein","description":"Austrian Wines in Belgium","publisher":{"@id":"https:\/\/whynotwein.eu\/fr\/#organization"},"potentialAction":[{"@type":"SearchAction","target":{"@type":"EntryPoint","urlTemplate":"https:\/\/whynotwein.eu\/fr\/?s={search_term_string}"},"query-input":{"@type":"PropertyValueSpecification","valueRequired":true,"valueName":"search_term_string"}}],"inLanguage":"fr-FR"},{"@type":"Organization","@id":"https:\/\/whynotwein.eu\/fr\/#organization","name":"WhyNotWein","url":"https:\/\/whynotwein.eu\/fr\/","logo":{"@type":"ImageObject","inLanguage":"fr-FR","@id":"https:\/\/whynotwein.eu\/fr\/#\/schema\/logo\/image\/","url":"https:\/\/whynotwein.eu\/wp-content\/uploads\/2015\/12\/WhyNotWein_Logo_340.png","contentUrl":"https:\/\/whynotwein.eu\/wp-content\/uploads\/2015\/12\/WhyNotWein_Logo_340.png","width":340,"height":156,"caption":"WhyNotWein"},"image":{"@id":"https:\/\/whynotwein.eu\/fr\/#\/schema\/logo\/image\/"}}]}},"uagb_featured_image_src":{"full":["https:\/\/pswp.fra1.digitaloceanspaces.com\/w\/20250922165907\/sabathi-welschriesling-sued.png",450,450,false],"thumbnail":["https:\/\/pswp.fra1.digitaloceanspaces.com\/w\/20250922165907\/sabathi-welschriesling-sued-80x80.png",80,80,true],"medium":["https:\/\/pswp.fra1.digitaloceanspaces.com\/w\/20250922165907\/sabathi-welschriesling-sued-300x300.png",300,300,true],"medium_large":["https:\/\/pswp.fra1.digitaloceanspaces.com\/w\/20250922165907\/sabathi-welschriesling-sued.png",450,450,false],"large":["https:\/\/pswp.fra1.digitaloceanspaces.com\/w\/20250922165907\/sabathi-welschriesling-sued.png",450,450,false],"1536x1536":["https:\/\/pswp.fra1.digitaloceanspaces.com\/w\/20250922165907\/sabathi-welschriesling-sued.png",450,450,false],"2048x2048":["https:\/\/pswp.fra1.digitaloceanspaces.com\/w\/20250922165907\/sabathi-welschriesling-sued.png",450,450,false],"gform-image-choice-sm":["https:\/\/pswp.fra1.digitaloceanspaces.com\/w\/20250922165907\/sabathi-welschriesling-sued.png",300,300,false],"gform-image-choice-md":["https:\/\/pswp.fra1.digitaloceanspaces.com\/w\/20250922165907\/sabathi-welschriesling-sued.png",400,400,false],"gform-image-choice-lg":["https:\/\/pswp.fra1.digitaloceanspaces.com\/w\/20250922165907\/sabathi-welschriesling-sued.png",450,450,false],"woocommerce_thumbnail":["https:\/\/pswp.fra1.digitaloceanspaces.com\/w\/20250922165907\/sabathi-welschriesling-sued.png",450,450,false],"woocommerce_single":["https:\/\/pswp.fra1.digitaloceanspaces.com\/w\/20250922165907\/sabathi-welschriesling-sued.png",450,450,false],"woocommerce_gallery_thumbnail":["https:\/\/pswp.fra1.digitaloceanspaces.com\/w\/20250922165907\/sabathi-welschriesling-sued-100x100.png",100,100,true]},"uagb_author_info":{"display_name":"Christian Meixner","author_link":"https:\/\/whynotwein.eu\/fr\/author\/"},"uagb_comment_info":0,"uagb_excerpt":"Avec acidit\u00e9 vivante","_links":{"self":[{"href":"https:\/\/whynotwein.eu\/fr\/wp-json\/wp\/v2\/product\/4003","targetHints":{"allow":["GET"]}}],"collection":[{"href":"https:\/\/whynotwein.eu\/fr\/wp-json\/wp\/v2\/product"}],"about":[{"href":"https:\/\/whynotwein.eu\/fr\/wp-json\/wp\/v2\/types\/product"}],"replies":[{"embeddable":true,"href":"https:\/\/whynotwein.eu\/fr\/wp-json\/wp\/v2\/comments?post=4003"}],"wp:featuredmedia":[{"embeddable":true,"href":"https:\/\/whynotwein.eu\/fr\/wp-json\/wp\/v2\/media\/27607"}],"wp:attachment":[{"href":"https:\/\/whynotwein.eu\/fr\/wp-json\/wp\/v2\/media?parent=4003"}],"wp:term":[{"taxonomy":"product_brand","embeddable":true,"href":"https:\/\/whynotwein.eu\/fr\/wp-json\/wp\/v2\/product_brand?post=4003"},{"taxonomy":"product_cat","embeddable":true,"href":"https:\/\/whynotwein.eu\/fr\/wp-json\/wp\/v2\/product_cat?post=4003"},{"taxonomy":"product_tag","embeddable":true,"href":"https:\/\/whynotwein.eu\/fr\/wp-json\/wp\/v2\/product_tag?post=4003"}],"curies":[{"name":"wp","href":"https:\/\/api.w.org\/{rel}","templated":true}]}}