{"id":6152,"date":"2015-10-12T15:04:51","date_gmt":"2015-10-12T13:04:51","guid":{"rendered":"http:\/\/k047968.hosting.kinamo.be\/fr\/produkt\/sauvignon-blanc-poharnig-2011\/"},"modified":"2024-09-04T15:49:41","modified_gmt":"2024-09-04T13:49:41","slug":"sauvignon-blanc-poessnitzberg","status":"publish","type":"product","link":"https:\/\/whynotwein.eu\/fr\/produit\/sauvignon-blanc-poessnitzberg\/","title":{"rendered":"Sauvignon Blanc &#8220;Ried P\u00f6ssnitzberg&#8221; 2022"},"content":{"rendered":"<p>Des notes de fleurs d&#8217;acacia, de groseilles rouges pures, de p\u00eaches blanches, associ\u00e9es \u00e0 des ar\u00f4mes \u00e9pic\u00e9s de pierre \u00e0 fusil ; noyau compact ; ar\u00f4mes nuanc\u00e9s de poivron rouge, min\u00e9ralit\u00e9 sal\u00e9e en bouche, arc acidul\u00e9 juteux avec une finale vibrante et captivante<\/p>\n<p><strong>Climat:<\/strong> Les vents chauds des vall\u00e9es slov\u00e8nes rencontrent les courants d&#8217;air frais de l&#8217;ouest de la Koralpe. Les grandes diff\u00e9rences de temp\u00e9rature provoquent un ar\u00f4me \u00e9pic\u00e9 et vari\u00e9<\/p>\n<p><strong>Terre:<\/strong>\u00a0D&#8217;un point de vue g\u00e9ologique, le P\u00f6ssnitzberg se trouve dans le sous-bassin maritime du sud-ouest de la Styrie. Ici, il y a environ 16 millions d&#8217;ann\u00e9es, des s\u00e9diments marins se sont form\u00e9s, certains atteignant plusieurs milliers de m\u00e8tres d&#8217;\u00e9paisseur. Ces fins s\u00e9diments marins sont connus en g\u00e9ologie sous le nom de &#8220;Schlier styrien&#8221;. Ce sont des marnes argileuses calcaires \u00e0 ardoise argileuse, argilo-sableuses et fines, de couleur gris-vert pour la plupart, avec des d\u00e9p\u00f4ts de sable, des fossiles de feuilles et des restes de charbon de bois lustr\u00e9s. Les caract\u00e9ristiques de ces sols st\u00e9riles et tr\u00e8s calcaires, appel\u00e9s &#8220;Opok&#8221; (marne calcaire), sont la couche arable humif\u00e8re, souvent de 20 centim\u00e8tres seulement, qui a \u00e9t\u00e9 form\u00e9e par les intemp\u00e9ries, et la roche s\u00e9dimentaire solide<\/p>\n<p><strong>95 points FALSTAFF, 96 A LA CARTE, 93 PARKER et 18 GAULT MILLAU<\/strong><\/p>\n","protected":false},"excerpt":{"rendered":"<p>Sensible et d\u00e9licat<\/p>\n","protected":false},"featured_media":28508,"comment_status":"closed","ping_status":"closed","template":"","meta":{"_eb_attr":"","_uag_custom_page_level_css":"","site-sidebar-layout":"default","site-content-layout":"","ast-site-content-layout":"default","site-content-style":"default","site-sidebar-style":"default","ast-global-header-display":"","ast-banner-title-visibility":"","ast-main-header-display":"","ast-hfb-above-header-display":"","ast-hfb-below-header-display":"","ast-hfb-mobile-header-display":"","site-post-title":"","ast-breadcrumbs-content":"","ast-featured-img":"","footer-sml-layout":"","ast-disable-related-posts":"","theme-transparent-header-meta":"default","adv-header-id-meta":"","stick-header-meta":"default","header-above-stick-meta":"","header-main-stick-meta":"","header-below-stick-meta":"","astra-migrate-meta-layouts":"set","ast-page-background-enabled":"default","ast-page-background-meta":{"desktop":{"background-color":"var(--ast-global-color-4)","background-image":"","background-repeat":"repeat","background-position":"center center","background-size":"auto","background-attachment":"scroll","background-type":"","background-media":"","overlay-type":"","overlay-color":"","overlay-opacity":"","overlay-gradient":""},"tablet":{"background-color":"","background-image":"","background-repeat":"repeat","background-position":"center center","background-size":"auto","background-attachment":"scroll","background-type":"","background-media":"","overlay-type":"","overlay-color":"","overlay-opacity":"","overlay-gradient":""},"mobile":{"background-color":"","background-image":"","background-repeat":"repeat","background-position":"center center","background-size":"auto","background-attachment":"scroll","background-type":"","background-media":"","overlay-type":"","overlay-color":"","overlay-opacity":"","overlay-gradient":""}},"ast-content-background-meta":{"desktop":{"background-color":"var(--ast-global-color-5)","background-image":"","background-repeat":"repeat","background-position":"center center","background-size":"auto","background-attachment":"scroll","background-type":"","background-media":"","overlay-type":"","overlay-color":"","overlay-opacity":"","overlay-gradient":""},"tablet":{"background-color":"var(--ast-global-color-5)","background-image":"","background-repeat":"repeat","background-position":"center center","background-size":"auto","background-attachment":"scroll","background-type":"","background-media":"","overlay-type":"","overlay-color":"","overlay-opacity":"","overlay-gradient":""},"mobile":{"background-color":"var(--ast-global-color-5)","background-image":"","background-repeat":"repeat","background-position":"center center","background-size":"auto","background-attachment":"scroll","background-type":"","background-media":"","overlay-type":"","overlay-color":"","overlay-opacity":"","overlay-gradient":""}}},"product_brand":[],"product_cat":[307,286],"product_tag":[],"class_list":{"0":"post-6152","1":"product","2":"type-product","3":"status-publish","4":"has-post-thumbnail","6":"product_cat-styrie-fr","7":"product_cat-vin-blanc","8":"pa_weingut-sabathi-suedsteiermark-fr","9":"pa_whynotwein-siegel-3-sur-3-fr","10":"desktop-align-left","11":"tablet-align-left","12":"mobile-align-left","13":"ast-product-gallery-layout-horizontal-slider","14":"ast-product-gallery-with-no-image","15":"ast-product-tabs-layout-vertical","16":"ast-qv-on-image","18":"first","19":"instock","20":"featured","21":"taxable","22":"shipping-taxable","23":"purchasable","24":"product-type-simple"},"yoast_head":"<!-- This site is optimized with the Yoast SEO plugin v27.3 - https:\/\/yoast.com\/product\/yoast-seo-wordpress\/ -->\n<title>Sauvignon Blanc &quot;Ried P\u00f6ssnitzberg&quot; 2022 - WhyNotWein<\/title>\n<meta name=\"robots\" content=\"index, follow, max-snippet:-1, max-image-preview:large, max-video-preview:-1\" \/>\n<link rel=\"canonical\" href=\"https:\/\/whynotwein.eu\/fr\/produit\/sauvignon-blanc-poessnitzberg\/\" \/>\n<meta property=\"og:locale\" content=\"fr_FR\" \/>\n<meta property=\"og:type\" content=\"article\" \/>\n<meta property=\"og:title\" content=\"Sauvignon Blanc &quot;Ried P\u00f6ssnitzberg&quot; 2022 - WhyNotWein\" \/>\n<meta property=\"og:description\" content=\"Sensible et d\u00e9licat\" \/>\n<meta property=\"og:url\" content=\"https:\/\/whynotwein.eu\/fr\/produit\/sauvignon-blanc-poessnitzberg\/\" \/>\n<meta property=\"og:site_name\" content=\"WhyNotWein\" \/>\n<meta property=\"article:modified_time\" content=\"2024-09-04T13:49:41+00:00\" \/>\n<meta property=\"og:image\" content=\"https:\/\/wnwfra.s3.eu-central-1.amazonaws.com\/wp-content\/uploads\/2015\/10\/23163354\/sabathi-poessnitzberg-sauvignon-blancc.jpg\" \/>\n\t<meta property=\"og:image:width\" content=\"450\" \/>\n\t<meta property=\"og:image:height\" content=\"450\" \/>\n\t<meta property=\"og:image:type\" content=\"image\/jpeg\" \/>\n<meta name=\"twitter:card\" content=\"summary_large_image\" \/>\n<meta name=\"twitter:label1\" content=\"Dur\u00e9e de lecture estim\u00e9e\" \/>\n\t<meta name=\"twitter:data1\" content=\"2 minutes\" \/>\n<script type=\"application\/ld+json\" class=\"yoast-schema-graph\">{\"@context\":\"https:\\\/\\\/schema.org\",\"@graph\":[{\"@type\":\"WebPage\",\"@id\":\"https:\\\/\\\/whynotwein.eu\\\/fr\\\/produit\\\/sauvignon-blanc-poessnitzberg\\\/\",\"url\":\"https:\\\/\\\/whynotwein.eu\\\/fr\\\/produit\\\/sauvignon-blanc-poessnitzberg\\\/\",\"name\":\"Sauvignon Blanc \\\"Ried P\u00f6ssnitzberg\\\" 2022 - WhyNotWein\",\"isPartOf\":{\"@id\":\"https:\\\/\\\/whynotwein.eu\\\/fr\\\/#website\"},\"primaryImageOfPage\":{\"@id\":\"https:\\\/\\\/whynotwein.eu\\\/fr\\\/produit\\\/sauvignon-blanc-poessnitzberg\\\/#primaryimage\"},\"image\":{\"@id\":\"https:\\\/\\\/whynotwein.eu\\\/fr\\\/produit\\\/sauvignon-blanc-poessnitzberg\\\/#primaryimage\"},\"thumbnailUrl\":\"https:\\\/\\\/pswp.fra1.digitaloceanspaces.com\\\/w\\\/20250922165845\\\/sabathi-poessnitzberg-sauvignon-blanc-21.png\",\"datePublished\":\"2015-10-12T13:04:51+00:00\",\"dateModified\":\"2024-09-04T13:49:41+00:00\",\"breadcrumb\":{\"@id\":\"https:\\\/\\\/whynotwein.eu\\\/fr\\\/produit\\\/sauvignon-blanc-poessnitzberg\\\/#breadcrumb\"},\"inLanguage\":\"fr-FR\",\"potentialAction\":[{\"@type\":\"ReadAction\",\"target\":[\"https:\\\/\\\/whynotwein.eu\\\/fr\\\/produit\\\/sauvignon-blanc-poessnitzberg\\\/\"]}]},{\"@type\":\"ImageObject\",\"inLanguage\":\"fr-FR\",\"@id\":\"https:\\\/\\\/whynotwein.eu\\\/fr\\\/produit\\\/sauvignon-blanc-poessnitzberg\\\/#primaryimage\",\"url\":\"https:\\\/\\\/pswp.fra1.digitaloceanspaces.com\\\/w\\\/20250922165845\\\/sabathi-poessnitzberg-sauvignon-blanc-21.png\",\"contentUrl\":\"https:\\\/\\\/pswp.fra1.digitaloceanspaces.com\\\/w\\\/20250922165845\\\/sabathi-poessnitzberg-sauvignon-blanc-21.png\",\"width\":450,\"height\":450},{\"@type\":\"BreadcrumbList\",\"@id\":\"https:\\\/\\\/whynotwein.eu\\\/fr\\\/produit\\\/sauvignon-blanc-poessnitzberg\\\/#breadcrumb\",\"itemListElement\":[{\"@type\":\"ListItem\",\"position\":1,\"name\":\"Home\",\"item\":\"https:\\\/\\\/whynotwein.eu\\\/fr\\\/\"},{\"@type\":\"ListItem\",\"position\":2,\"name\":\"Boutique\",\"item\":\"https:\\\/\\\/whynotwein.eu\\\/fr\\\/boutique\\\/\"},{\"@type\":\"ListItem\",\"position\":3,\"name\":\"Sauvignon Blanc &#8222;Ried P\u00f6ssnitzberg&#8220; 2022\"}]},{\"@type\":\"WebSite\",\"@id\":\"https:\\\/\\\/whynotwein.eu\\\/fr\\\/#website\",\"url\":\"https:\\\/\\\/whynotwein.eu\\\/fr\\\/\",\"name\":\"WhyNotWein\",\"description\":\"Austrian Wines in Belgium\",\"publisher\":{\"@id\":\"https:\\\/\\\/whynotwein.eu\\\/fr\\\/#organization\"},\"potentialAction\":[{\"@type\":\"SearchAction\",\"target\":{\"@type\":\"EntryPoint\",\"urlTemplate\":\"https:\\\/\\\/whynotwein.eu\\\/fr\\\/?s={search_term_string}\"},\"query-input\":{\"@type\":\"PropertyValueSpecification\",\"valueRequired\":true,\"valueName\":\"search_term_string\"}}],\"inLanguage\":\"fr-FR\"},{\"@type\":\"Organization\",\"@id\":\"https:\\\/\\\/whynotwein.eu\\\/fr\\\/#organization\",\"name\":\"WhyNotWein\",\"url\":\"https:\\\/\\\/whynotwein.eu\\\/fr\\\/\",\"logo\":{\"@type\":\"ImageObject\",\"inLanguage\":\"fr-FR\",\"@id\":\"https:\\\/\\\/whynotwein.eu\\\/fr\\\/#\\\/schema\\\/logo\\\/image\\\/\",\"url\":\"https:\\\/\\\/whynotwein.eu\\\/wp-content\\\/uploads\\\/2015\\\/12\\\/WhyNotWein_Logo_340.png\",\"contentUrl\":\"https:\\\/\\\/whynotwein.eu\\\/wp-content\\\/uploads\\\/2015\\\/12\\\/WhyNotWein_Logo_340.png\",\"width\":340,\"height\":156,\"caption\":\"WhyNotWein\"},\"image\":{\"@id\":\"https:\\\/\\\/whynotwein.eu\\\/fr\\\/#\\\/schema\\\/logo\\\/image\\\/\"}}]}<\/script>\n<!-- \/ Yoast SEO plugin. -->","yoast_head_json":{"title":"Sauvignon Blanc \"Ried P\u00f6ssnitzberg\" 2022 - WhyNotWein","robots":{"index":"index","follow":"follow","max-snippet":"max-snippet:-1","max-image-preview":"max-image-preview:large","max-video-preview":"max-video-preview:-1"},"canonical":"https:\/\/whynotwein.eu\/fr\/produit\/sauvignon-blanc-poessnitzberg\/","og_locale":"fr_FR","og_type":"article","og_title":"Sauvignon Blanc \"Ried P\u00f6ssnitzberg\" 2022 - WhyNotWein","og_description":"Sensible et d\u00e9licat","og_url":"https:\/\/whynotwein.eu\/fr\/produit\/sauvignon-blanc-poessnitzberg\/","og_site_name":"WhyNotWein","article_modified_time":"2024-09-04T13:49:41+00:00","og_image":[{"width":450,"height":450,"url":"https:\/\/wnwfra.s3.eu-central-1.amazonaws.com\/wp-content\/uploads\/2015\/10\/23163354\/sabathi-poessnitzberg-sauvignon-blancc.jpg","type":"image\/jpeg"}],"twitter_card":"summary_large_image","twitter_misc":{"Dur\u00e9e de lecture estim\u00e9e":"2 minutes"},"schema":{"@context":"https:\/\/schema.org","@graph":[{"@type":"WebPage","@id":"https:\/\/whynotwein.eu\/fr\/produit\/sauvignon-blanc-poessnitzberg\/","url":"https:\/\/whynotwein.eu\/fr\/produit\/sauvignon-blanc-poessnitzberg\/","name":"Sauvignon Blanc \"Ried P\u00f6ssnitzberg\" 2022 - WhyNotWein","isPartOf":{"@id":"https:\/\/whynotwein.eu\/fr\/#website"},"primaryImageOfPage":{"@id":"https:\/\/whynotwein.eu\/fr\/produit\/sauvignon-blanc-poessnitzberg\/#primaryimage"},"image":{"@id":"https:\/\/whynotwein.eu\/fr\/produit\/sauvignon-blanc-poessnitzberg\/#primaryimage"},"thumbnailUrl":"https:\/\/pswp.fra1.digitaloceanspaces.com\/w\/20250922165845\/sabathi-poessnitzberg-sauvignon-blanc-21.png","datePublished":"2015-10-12T13:04:51+00:00","dateModified":"2024-09-04T13:49:41+00:00","breadcrumb":{"@id":"https:\/\/whynotwein.eu\/fr\/produit\/sauvignon-blanc-poessnitzberg\/#breadcrumb"},"inLanguage":"fr-FR","potentialAction":[{"@type":"ReadAction","target":["https:\/\/whynotwein.eu\/fr\/produit\/sauvignon-blanc-poessnitzberg\/"]}]},{"@type":"ImageObject","inLanguage":"fr-FR","@id":"https:\/\/whynotwein.eu\/fr\/produit\/sauvignon-blanc-poessnitzberg\/#primaryimage","url":"https:\/\/pswp.fra1.digitaloceanspaces.com\/w\/20250922165845\/sabathi-poessnitzberg-sauvignon-blanc-21.png","contentUrl":"https:\/\/pswp.fra1.digitaloceanspaces.com\/w\/20250922165845\/sabathi-poessnitzberg-sauvignon-blanc-21.png","width":450,"height":450},{"@type":"BreadcrumbList","@id":"https:\/\/whynotwein.eu\/fr\/produit\/sauvignon-blanc-poessnitzberg\/#breadcrumb","itemListElement":[{"@type":"ListItem","position":1,"name":"Home","item":"https:\/\/whynotwein.eu\/fr\/"},{"@type":"ListItem","position":2,"name":"Boutique","item":"https:\/\/whynotwein.eu\/fr\/boutique\/"},{"@type":"ListItem","position":3,"name":"Sauvignon Blanc &#8222;Ried P\u00f6ssnitzberg&#8220; 2022"}]},{"@type":"WebSite","@id":"https:\/\/whynotwein.eu\/fr\/#website","url":"https:\/\/whynotwein.eu\/fr\/","name":"WhyNotWein","description":"Austrian Wines in Belgium","publisher":{"@id":"https:\/\/whynotwein.eu\/fr\/#organization"},"potentialAction":[{"@type":"SearchAction","target":{"@type":"EntryPoint","urlTemplate":"https:\/\/whynotwein.eu\/fr\/?s={search_term_string}"},"query-input":{"@type":"PropertyValueSpecification","valueRequired":true,"valueName":"search_term_string"}}],"inLanguage":"fr-FR"},{"@type":"Organization","@id":"https:\/\/whynotwein.eu\/fr\/#organization","name":"WhyNotWein","url":"https:\/\/whynotwein.eu\/fr\/","logo":{"@type":"ImageObject","inLanguage":"fr-FR","@id":"https:\/\/whynotwein.eu\/fr\/#\/schema\/logo\/image\/","url":"https:\/\/whynotwein.eu\/wp-content\/uploads\/2015\/12\/WhyNotWein_Logo_340.png","contentUrl":"https:\/\/whynotwein.eu\/wp-content\/uploads\/2015\/12\/WhyNotWein_Logo_340.png","width":340,"height":156,"caption":"WhyNotWein"},"image":{"@id":"https:\/\/whynotwein.eu\/fr\/#\/schema\/logo\/image\/"}}]}},"uagb_featured_image_src":{"full":["https:\/\/pswp.fra1.digitaloceanspaces.com\/w\/20250922165845\/sabathi-poessnitzberg-sauvignon-blanc-21.png",450,450,false],"thumbnail":["https:\/\/pswp.fra1.digitaloceanspaces.com\/w\/20250922165845\/sabathi-poessnitzberg-sauvignon-blanc-21-80x80.png",80,80,true],"medium":["https:\/\/pswp.fra1.digitaloceanspaces.com\/w\/20250922165845\/sabathi-poessnitzberg-sauvignon-blanc-21-300x300.png",300,300,true],"medium_large":["https:\/\/pswp.fra1.digitaloceanspaces.com\/w\/20250922165845\/sabathi-poessnitzberg-sauvignon-blanc-21.png",450,450,false],"large":["https:\/\/pswp.fra1.digitaloceanspaces.com\/w\/20250922165845\/sabathi-poessnitzberg-sauvignon-blanc-21.png",450,450,false],"1536x1536":["https:\/\/pswp.fra1.digitaloceanspaces.com\/w\/20250922165845\/sabathi-poessnitzberg-sauvignon-blanc-21.png",450,450,false],"2048x2048":["https:\/\/pswp.fra1.digitaloceanspaces.com\/w\/20250922165845\/sabathi-poessnitzberg-sauvignon-blanc-21.png",450,450,false],"gform-image-choice-sm":["https:\/\/pswp.fra1.digitaloceanspaces.com\/w\/20250922165845\/sabathi-poessnitzberg-sauvignon-blanc-21.png",300,300,false],"gform-image-choice-md":["https:\/\/pswp.fra1.digitaloceanspaces.com\/w\/20250922165845\/sabathi-poessnitzberg-sauvignon-blanc-21.png",400,400,false],"gform-image-choice-lg":["https:\/\/pswp.fra1.digitaloceanspaces.com\/w\/20250922165845\/sabathi-poessnitzberg-sauvignon-blanc-21.png",450,450,false],"woocommerce_thumbnail":["https:\/\/pswp.fra1.digitaloceanspaces.com\/w\/20250922165845\/sabathi-poessnitzberg-sauvignon-blanc-21.png",450,450,false],"woocommerce_single":["https:\/\/pswp.fra1.digitaloceanspaces.com\/w\/20250922165845\/sabathi-poessnitzberg-sauvignon-blanc-21.png",450,450,false],"woocommerce_gallery_thumbnail":["https:\/\/pswp.fra1.digitaloceanspaces.com\/w\/20250922165845\/sabathi-poessnitzberg-sauvignon-blanc-21-100x100.png",100,100,true]},"uagb_author_info":{"display_name":"Christian Meixner","author_link":"https:\/\/whynotwein.eu\/fr\/author\/"},"uagb_comment_info":0,"uagb_excerpt":"Sensible et d\u00e9licat","_links":{"self":[{"href":"https:\/\/whynotwein.eu\/fr\/wp-json\/wp\/v2\/product\/6152","targetHints":{"allow":["GET"]}}],"collection":[{"href":"https:\/\/whynotwein.eu\/fr\/wp-json\/wp\/v2\/product"}],"about":[{"href":"https:\/\/whynotwein.eu\/fr\/wp-json\/wp\/v2\/types\/product"}],"replies":[{"embeddable":true,"href":"https:\/\/whynotwein.eu\/fr\/wp-json\/wp\/v2\/comments?post=6152"}],"wp:featuredmedia":[{"embeddable":true,"href":"https:\/\/whynotwein.eu\/fr\/wp-json\/wp\/v2\/media\/28508"}],"wp:attachment":[{"href":"https:\/\/whynotwein.eu\/fr\/wp-json\/wp\/v2\/media?parent=6152"}],"wp:term":[{"taxonomy":"product_brand","embeddable":true,"href":"https:\/\/whynotwein.eu\/fr\/wp-json\/wp\/v2\/product_brand?post=6152"},{"taxonomy":"product_cat","embeddable":true,"href":"https:\/\/whynotwein.eu\/fr\/wp-json\/wp\/v2\/product_cat?post=6152"},{"taxonomy":"product_tag","embeddable":true,"href":"https:\/\/whynotwein.eu\/fr\/wp-json\/wp\/v2\/product_tag?post=6152"}],"curies":[{"name":"wp","href":"https:\/\/api.w.org\/{rel}","templated":true}]}}