{"id":6563,"date":"2015-10-20T14:57:08","date_gmt":"2015-10-20T12:57:08","guid":{"rendered":"http:\/\/k047968.hosting.kinamo.be\/fr\/produkt\/rosinante-2014\/"},"modified":"2025-06-27T13:05:31","modified_gmt":"2025-06-27T11:05:31","slug":"frizzante-sommerfrische","status":"publish","type":"product","link":"https:\/\/whynotwein.eu\/fr\/produit\/frizzante-sommerfrische\/","title":{"rendered":"Frizzante &#8220;fra\u00eecheur d&#8217;\u00e9t\u00e9&#8221;"},"content":{"rendered":"<p>Muscat jaune &#8211; Muskat Ottonel<\/p>\n<p>\u00c9levage : Frizzante &#8211; raisins r\u00e9colt\u00e9s \u00e0 la main, fermentation r\u00e9frig\u00e9r\u00e9e en inox, gaz carbonique ajout\u00e9<\/p>\n<p>Fruit muscat\u00e9 intense avec des r\u00e9miniscences de p\u00eache blanche et jaune et d&#8217;abricot bien m\u00fbr,<\/p>\n<p>en bouche, une fra\u00eecheur fruit\u00e9e vive avec un perlage fin et une acidit\u00e9 anim\u00e9e<\/p>\n<p><strong>G\u00e9nial en \u00e9t\u00e9 sur la terrasse !<\/strong><\/p>\n<p>A servir de pr\u00e9f\u00e9rence sur des gla\u00e7ons<\/p>\n<p>Avec bouchon \u00e0 vis<\/p>\n","protected":false},"excerpt":{"rendered":"<p>Fruit muscat\u00e9 intense<\/p>\n","protected":false},"featured_media":28948,"comment_status":"open","ping_status":"closed","template":"","meta":{"_eb_attr":"","_uag_custom_page_level_css":"","site-sidebar-layout":"default","site-content-layout":"","ast-site-content-layout":"default","site-content-style":"default","site-sidebar-style":"default","ast-global-header-display":"","ast-banner-title-visibility":"","ast-main-header-display":"","ast-hfb-above-header-display":"","ast-hfb-below-header-display":"","ast-hfb-mobile-header-display":"","site-post-title":"","ast-breadcrumbs-content":"","ast-featured-img":"","footer-sml-layout":"","ast-disable-related-posts":"","theme-transparent-header-meta":"default","adv-header-id-meta":"","stick-header-meta":"default","header-above-stick-meta":"","header-main-stick-meta":"","header-below-stick-meta":"","astra-migrate-meta-layouts":"set","ast-page-background-enabled":"default","ast-page-background-meta":{"desktop":{"background-color":"var(--ast-global-color-4)","background-image":"","background-repeat":"repeat","background-position":"center center","background-size":"auto","background-attachment":"scroll","background-type":"","background-media":"","overlay-type":"","overlay-color":"","overlay-opacity":"","overlay-gradient":""},"tablet":{"background-color":"","background-image":"","background-repeat":"repeat","background-position":"center center","background-size":"auto","background-attachment":"scroll","background-type":"","background-media":"","overlay-type":"","overlay-color":"","overlay-opacity":"","overlay-gradient":""},"mobile":{"background-color":"","background-image":"","background-repeat":"repeat","background-position":"center center","background-size":"auto","background-attachment":"scroll","background-type":"","background-media":"","overlay-type":"","overlay-color":"","overlay-opacity":"","overlay-gradient":""}},"ast-content-background-meta":{"desktop":{"background-color":"var(--ast-global-color-5)","background-image":"","background-repeat":"repeat","background-position":"center center","background-size":"auto","background-attachment":"scroll","background-type":"","background-media":"","overlay-type":"","overlay-color":"","overlay-opacity":"","overlay-gradient":""},"tablet":{"background-color":"var(--ast-global-color-5)","background-image":"","background-repeat":"repeat","background-position":"center center","background-size":"auto","background-attachment":"scroll","background-type":"","background-media":"","overlay-type":"","overlay-color":"","overlay-opacity":"","overlay-gradient":""},"mobile":{"background-color":"var(--ast-global-color-5)","background-image":"","background-repeat":"repeat","background-position":"center center","background-size":"auto","background-attachment":"scroll","background-type":"","background-media":"","overlay-type":"","overlay-color":"","overlay-opacity":"","overlay-gradient":""}}},"product_brand":[],"product_cat":[159,805,645,286],"product_tag":[],"class_list":{"0":"post-6563","1":"product","2":"type-product","3":"status-publish","4":"has-post-thumbnail","6":"product_cat-burgenland-fr","7":"product_cat-neusiedlersee-fr-4","8":"product_cat-min-6-fr","9":"product_cat-vin-blanc","10":"pa_weingut-stiegelmar-neusiedlersee-fr","11":"pa_whynotwein-siegel-2-sur-3-fr","12":"desktop-align-left","13":"tablet-align-left","14":"mobile-align-left","15":"ast-product-gallery-layout-horizontal-slider","16":"ast-product-gallery-with-no-image","17":"ast-product-tabs-layout-vertical","18":"ast-qv-on-image","20":"first","21":"outofstock","22":"featured","23":"taxable","24":"shipping-taxable","25":"purchasable","26":"product-type-simple"},"yoast_head":"<!-- This site is optimized with the Yoast SEO plugin v27.3 - https:\/\/yoast.com\/product\/yoast-seo-wordpress\/ -->\n<title>Frizzante &quot;fra\u00eecheur d&#039;\u00e9t\u00e9&quot; - WhyNotWein<\/title>\n<meta name=\"robots\" content=\"index, follow, max-snippet:-1, max-image-preview:large, max-video-preview:-1\" \/>\n<link rel=\"canonical\" href=\"https:\/\/whynotwein.eu\/fr\/produit\/frizzante-sommerfrische\/\" \/>\n<meta property=\"og:locale\" content=\"fr_FR\" \/>\n<meta property=\"og:type\" content=\"article\" \/>\n<meta property=\"og:title\" content=\"Frizzante &quot;fra\u00eecheur d&#039;\u00e9t\u00e9&quot; - WhyNotWein\" \/>\n<meta property=\"og:description\" content=\"Fruit muscat\u00e9 intense\" \/>\n<meta property=\"og:url\" content=\"https:\/\/whynotwein.eu\/fr\/produit\/frizzante-sommerfrische\/\" \/>\n<meta property=\"og:site_name\" content=\"WhyNotWein\" \/>\n<meta property=\"article:modified_time\" content=\"2025-06-27T11:05:31+00:00\" \/>\n<meta property=\"og:image\" content=\"https:\/\/pswp.fra1.digitaloceanspaces.com\/w\/20250922165828\/stiegelmar-sommerfrische.png\" \/>\n\t<meta property=\"og:image:width\" content=\"450\" \/>\n\t<meta property=\"og:image:height\" content=\"450\" \/>\n\t<meta property=\"og:image:type\" content=\"image\/png\" \/>\n<meta name=\"twitter:card\" content=\"summary_large_image\" \/>\n<meta name=\"twitter:label1\" content=\"Dur\u00e9e de lecture estim\u00e9e\" \/>\n\t<meta name=\"twitter:data1\" content=\"1 minute\" \/>\n<script type=\"application\/ld+json\" class=\"yoast-schema-graph\">{\"@context\":\"https:\\\/\\\/schema.org\",\"@graph\":[{\"@type\":\"WebPage\",\"@id\":\"https:\\\/\\\/whynotwein.eu\\\/fr\\\/produit\\\/frizzante-sommerfrische\\\/\",\"url\":\"https:\\\/\\\/whynotwein.eu\\\/fr\\\/produit\\\/frizzante-sommerfrische\\\/\",\"name\":\"Frizzante \\\"fra\u00eecheur d'\u00e9t\u00e9\\\" - WhyNotWein\",\"isPartOf\":{\"@id\":\"https:\\\/\\\/whynotwein.eu\\\/fr\\\/#website\"},\"primaryImageOfPage\":{\"@id\":\"https:\\\/\\\/whynotwein.eu\\\/fr\\\/produit\\\/frizzante-sommerfrische\\\/#primaryimage\"},\"image\":{\"@id\":\"https:\\\/\\\/whynotwein.eu\\\/fr\\\/produit\\\/frizzante-sommerfrische\\\/#primaryimage\"},\"thumbnailUrl\":\"https:\\\/\\\/pswp.fra1.digitaloceanspaces.com\\\/w\\\/20250922165828\\\/stiegelmar-sommerfrische.png\",\"datePublished\":\"2015-10-20T12:57:08+00:00\",\"dateModified\":\"2025-06-27T11:05:31+00:00\",\"breadcrumb\":{\"@id\":\"https:\\\/\\\/whynotwein.eu\\\/fr\\\/produit\\\/frizzante-sommerfrische\\\/#breadcrumb\"},\"inLanguage\":\"fr-FR\",\"potentialAction\":[{\"@type\":\"ReadAction\",\"target\":[\"https:\\\/\\\/whynotwein.eu\\\/fr\\\/produit\\\/frizzante-sommerfrische\\\/\"]}]},{\"@type\":\"ImageObject\",\"inLanguage\":\"fr-FR\",\"@id\":\"https:\\\/\\\/whynotwein.eu\\\/fr\\\/produit\\\/frizzante-sommerfrische\\\/#primaryimage\",\"url\":\"https:\\\/\\\/pswp.fra1.digitaloceanspaces.com\\\/w\\\/20250922165828\\\/stiegelmar-sommerfrische.png\",\"contentUrl\":\"https:\\\/\\\/pswp.fra1.digitaloceanspaces.com\\\/w\\\/20250922165828\\\/stiegelmar-sommerfrische.png\",\"width\":450,\"height\":450},{\"@type\":\"BreadcrumbList\",\"@id\":\"https:\\\/\\\/whynotwein.eu\\\/fr\\\/produit\\\/frizzante-sommerfrische\\\/#breadcrumb\",\"itemListElement\":[{\"@type\":\"ListItem\",\"position\":1,\"name\":\"Home\",\"item\":\"https:\\\/\\\/whynotwein.eu\\\/fr\\\/\"},{\"@type\":\"ListItem\",\"position\":2,\"name\":\"Boutique\",\"item\":\"https:\\\/\\\/whynotwein.eu\\\/fr\\\/boutique\\\/\"},{\"@type\":\"ListItem\",\"position\":3,\"name\":\"Frizzante &#8222;fra\u00eecheur d&#8217;\u00e9t\u00e9&#8220;\"}]},{\"@type\":\"WebSite\",\"@id\":\"https:\\\/\\\/whynotwein.eu\\\/fr\\\/#website\",\"url\":\"https:\\\/\\\/whynotwein.eu\\\/fr\\\/\",\"name\":\"WhyNotWein\",\"description\":\"Austrian Wines in Belgium\",\"publisher\":{\"@id\":\"https:\\\/\\\/whynotwein.eu\\\/fr\\\/#organization\"},\"potentialAction\":[{\"@type\":\"SearchAction\",\"target\":{\"@type\":\"EntryPoint\",\"urlTemplate\":\"https:\\\/\\\/whynotwein.eu\\\/fr\\\/?s={search_term_string}\"},\"query-input\":{\"@type\":\"PropertyValueSpecification\",\"valueRequired\":true,\"valueName\":\"search_term_string\"}}],\"inLanguage\":\"fr-FR\"},{\"@type\":\"Organization\",\"@id\":\"https:\\\/\\\/whynotwein.eu\\\/fr\\\/#organization\",\"name\":\"WhyNotWein\",\"url\":\"https:\\\/\\\/whynotwein.eu\\\/fr\\\/\",\"logo\":{\"@type\":\"ImageObject\",\"inLanguage\":\"fr-FR\",\"@id\":\"https:\\\/\\\/whynotwein.eu\\\/fr\\\/#\\\/schema\\\/logo\\\/image\\\/\",\"url\":\"https:\\\/\\\/whynotwein.eu\\\/wp-content\\\/uploads\\\/2015\\\/12\\\/WhyNotWein_Logo_340.png\",\"contentUrl\":\"https:\\\/\\\/whynotwein.eu\\\/wp-content\\\/uploads\\\/2015\\\/12\\\/WhyNotWein_Logo_340.png\",\"width\":340,\"height\":156,\"caption\":\"WhyNotWein\"},\"image\":{\"@id\":\"https:\\\/\\\/whynotwein.eu\\\/fr\\\/#\\\/schema\\\/logo\\\/image\\\/\"}}]}<\/script>\n<!-- \/ Yoast SEO plugin. -->","yoast_head_json":{"title":"Frizzante \"fra\u00eecheur d'\u00e9t\u00e9\" - WhyNotWein","robots":{"index":"index","follow":"follow","max-snippet":"max-snippet:-1","max-image-preview":"max-image-preview:large","max-video-preview":"max-video-preview:-1"},"canonical":"https:\/\/whynotwein.eu\/fr\/produit\/frizzante-sommerfrische\/","og_locale":"fr_FR","og_type":"article","og_title":"Frizzante \"fra\u00eecheur d'\u00e9t\u00e9\" - WhyNotWein","og_description":"Fruit muscat\u00e9 intense","og_url":"https:\/\/whynotwein.eu\/fr\/produit\/frizzante-sommerfrische\/","og_site_name":"WhyNotWein","article_modified_time":"2025-06-27T11:05:31+00:00","og_image":[{"width":450,"height":450,"url":"https:\/\/pswp.fra1.digitaloceanspaces.com\/w\/20250922165828\/stiegelmar-sommerfrische.png","type":"image\/png"}],"twitter_card":"summary_large_image","twitter_misc":{"Dur\u00e9e de lecture estim\u00e9e":"1 minute"},"schema":{"@context":"https:\/\/schema.org","@graph":[{"@type":"WebPage","@id":"https:\/\/whynotwein.eu\/fr\/produit\/frizzante-sommerfrische\/","url":"https:\/\/whynotwein.eu\/fr\/produit\/frizzante-sommerfrische\/","name":"Frizzante \"fra\u00eecheur d'\u00e9t\u00e9\" - WhyNotWein","isPartOf":{"@id":"https:\/\/whynotwein.eu\/fr\/#website"},"primaryImageOfPage":{"@id":"https:\/\/whynotwein.eu\/fr\/produit\/frizzante-sommerfrische\/#primaryimage"},"image":{"@id":"https:\/\/whynotwein.eu\/fr\/produit\/frizzante-sommerfrische\/#primaryimage"},"thumbnailUrl":"https:\/\/pswp.fra1.digitaloceanspaces.com\/w\/20250922165828\/stiegelmar-sommerfrische.png","datePublished":"2015-10-20T12:57:08+00:00","dateModified":"2025-06-27T11:05:31+00:00","breadcrumb":{"@id":"https:\/\/whynotwein.eu\/fr\/produit\/frizzante-sommerfrische\/#breadcrumb"},"inLanguage":"fr-FR","potentialAction":[{"@type":"ReadAction","target":["https:\/\/whynotwein.eu\/fr\/produit\/frizzante-sommerfrische\/"]}]},{"@type":"ImageObject","inLanguage":"fr-FR","@id":"https:\/\/whynotwein.eu\/fr\/produit\/frizzante-sommerfrische\/#primaryimage","url":"https:\/\/pswp.fra1.digitaloceanspaces.com\/w\/20250922165828\/stiegelmar-sommerfrische.png","contentUrl":"https:\/\/pswp.fra1.digitaloceanspaces.com\/w\/20250922165828\/stiegelmar-sommerfrische.png","width":450,"height":450},{"@type":"BreadcrumbList","@id":"https:\/\/whynotwein.eu\/fr\/produit\/frizzante-sommerfrische\/#breadcrumb","itemListElement":[{"@type":"ListItem","position":1,"name":"Home","item":"https:\/\/whynotwein.eu\/fr\/"},{"@type":"ListItem","position":2,"name":"Boutique","item":"https:\/\/whynotwein.eu\/fr\/boutique\/"},{"@type":"ListItem","position":3,"name":"Frizzante &#8222;fra\u00eecheur d&#8217;\u00e9t\u00e9&#8220;"}]},{"@type":"WebSite","@id":"https:\/\/whynotwein.eu\/fr\/#website","url":"https:\/\/whynotwein.eu\/fr\/","name":"WhyNotWein","description":"Austrian Wines in Belgium","publisher":{"@id":"https:\/\/whynotwein.eu\/fr\/#organization"},"potentialAction":[{"@type":"SearchAction","target":{"@type":"EntryPoint","urlTemplate":"https:\/\/whynotwein.eu\/fr\/?s={search_term_string}"},"query-input":{"@type":"PropertyValueSpecification","valueRequired":true,"valueName":"search_term_string"}}],"inLanguage":"fr-FR"},{"@type":"Organization","@id":"https:\/\/whynotwein.eu\/fr\/#organization","name":"WhyNotWein","url":"https:\/\/whynotwein.eu\/fr\/","logo":{"@type":"ImageObject","inLanguage":"fr-FR","@id":"https:\/\/whynotwein.eu\/fr\/#\/schema\/logo\/image\/","url":"https:\/\/whynotwein.eu\/wp-content\/uploads\/2015\/12\/WhyNotWein_Logo_340.png","contentUrl":"https:\/\/whynotwein.eu\/wp-content\/uploads\/2015\/12\/WhyNotWein_Logo_340.png","width":340,"height":156,"caption":"WhyNotWein"},"image":{"@id":"https:\/\/whynotwein.eu\/fr\/#\/schema\/logo\/image\/"}}]}},"uagb_featured_image_src":{"full":["https:\/\/pswp.fra1.digitaloceanspaces.com\/w\/20250922165828\/stiegelmar-sommerfrische.png",450,450,false],"thumbnail":["https:\/\/pswp.fra1.digitaloceanspaces.com\/w\/20250922165828\/stiegelmar-sommerfrische-80x80.png",80,80,true],"medium":["https:\/\/pswp.fra1.digitaloceanspaces.com\/w\/20250922165828\/stiegelmar-sommerfrische-300x300.png",300,300,true],"medium_large":["https:\/\/pswp.fra1.digitaloceanspaces.com\/w\/20250922165828\/stiegelmar-sommerfrische.png",450,450,false],"large":["https:\/\/pswp.fra1.digitaloceanspaces.com\/w\/20250922165828\/stiegelmar-sommerfrische.png",450,450,false],"1536x1536":["https:\/\/pswp.fra1.digitaloceanspaces.com\/w\/20250922165828\/stiegelmar-sommerfrische.png",450,450,false],"2048x2048":["https:\/\/pswp.fra1.digitaloceanspaces.com\/w\/20250922165828\/stiegelmar-sommerfrische.png",450,450,false],"gform-image-choice-sm":["https:\/\/pswp.fra1.digitaloceanspaces.com\/w\/20250922165828\/stiegelmar-sommerfrische.png",300,300,false],"gform-image-choice-md":["https:\/\/pswp.fra1.digitaloceanspaces.com\/w\/20250922165828\/stiegelmar-sommerfrische.png",400,400,false],"gform-image-choice-lg":["https:\/\/pswp.fra1.digitaloceanspaces.com\/w\/20250922165828\/stiegelmar-sommerfrische.png",450,450,false],"woocommerce_thumbnail":["https:\/\/pswp.fra1.digitaloceanspaces.com\/w\/20250922165828\/stiegelmar-sommerfrische.png",450,450,false],"woocommerce_single":["https:\/\/pswp.fra1.digitaloceanspaces.com\/w\/20250922165828\/stiegelmar-sommerfrische.png",450,450,false],"woocommerce_gallery_thumbnail":["https:\/\/pswp.fra1.digitaloceanspaces.com\/w\/20250922165828\/stiegelmar-sommerfrische-100x100.png",100,100,true]},"uagb_author_info":{"display_name":"Ren\u00e9 Clausen","author_link":"https:\/\/whynotwein.eu\/fr\/author\/"},"uagb_comment_info":0,"uagb_excerpt":"Fruit muscat\u00e9 intense","_links":{"self":[{"href":"https:\/\/whynotwein.eu\/fr\/wp-json\/wp\/v2\/product\/6563","targetHints":{"allow":["GET"]}}],"collection":[{"href":"https:\/\/whynotwein.eu\/fr\/wp-json\/wp\/v2\/product"}],"about":[{"href":"https:\/\/whynotwein.eu\/fr\/wp-json\/wp\/v2\/types\/product"}],"replies":[{"embeddable":true,"href":"https:\/\/whynotwein.eu\/fr\/wp-json\/wp\/v2\/comments?post=6563"}],"wp:featuredmedia":[{"embeddable":true,"href":"https:\/\/whynotwein.eu\/fr\/wp-json\/wp\/v2\/media\/28948"}],"wp:attachment":[{"href":"https:\/\/whynotwein.eu\/fr\/wp-json\/wp\/v2\/media?parent=6563"}],"wp:term":[{"taxonomy":"product_brand","embeddable":true,"href":"https:\/\/whynotwein.eu\/fr\/wp-json\/wp\/v2\/product_brand?post=6563"},{"taxonomy":"product_cat","embeddable":true,"href":"https:\/\/whynotwein.eu\/fr\/wp-json\/wp\/v2\/product_cat?post=6563"},{"taxonomy":"product_tag","embeddable":true,"href":"https:\/\/whynotwein.eu\/fr\/wp-json\/wp\/v2\/product_tag?post=6563"}],"curies":[{"name":"wp","href":"https:\/\/api.w.org\/{rel}","templated":true}]}}