{"id":6600,"date":"2015-10-16T08:09:11","date_gmt":"2015-10-16T06:09:11","guid":{"rendered":"http:\/\/k047968.hosting.kinamo.be\/fr\/produkt\/terzett-cuvee\/"},"modified":"2024-04-09T17:58:08","modified_gmt":"2024-04-09T15:58:08","slug":"kk-cuvee","status":"publish","type":"product","link":"https:\/\/whynotwein.eu\/fr\/produit\/kk-cuvee\/","title":{"rendered":"&#8220;K+K&#8221; Cuv\u00e9e 2021"},"content":{"rendered":"<p>C\u00e9pages : Blaufr\u00e4nkisch, Zweigelt, Merlot, Cabernet, Syrah<\/p>\n<p>Elevage : 16 mois en grands f\u00fbts de ch\u00eane slov\u00e8ne<\/p>\n<p>Un &#8220;petit&#8221; fant\u00f4me \u00e9lev\u00e9 en grands f\u00fbts de ch\u00eane (ch\u00eane slavonien).<\/p>\n<p>Rouge rubis brillant avec des reflets violets<\/p>\n<p>Des ar\u00f4mes ludiques et m\u00fbrs de canneberge et de mollet sont envelopp\u00e9s d&#8217;une structure sal\u00e9e et \u00e9pic\u00e9e.<\/p>\n<p>En bouche, le caract\u00e8re \u00e9pic\u00e9 du Blaufr\u00e4nkisch s&#8217;allie \u00e0 la douceur fruit\u00e9e du Merlot et \u00e0 la chaleur du Zweigelt pour donner un vin harmonieux, juteux et moelleux. Des tanins jeunes et juteux avec une finale fra\u00eeche et \u00e9pic\u00e9e<\/p>\n<p>Avec bouchon \u00e0 vis<\/p>\n","protected":false},"excerpt":{"rendered":"<p>Des ar\u00f4mes ludiques et m\u00fbrs de canneberge et de mollet<\/p>\n","protected":false},"featured_media":27985,"comment_status":"open","ping_status":"closed","template":"","meta":{"_eb_attr":"","_uag_custom_page_level_css":"","site-sidebar-layout":"default","site-content-layout":"","ast-site-content-layout":"default","site-content-style":"default","site-sidebar-style":"default","ast-global-header-display":"","ast-banner-title-visibility":"","ast-main-header-display":"","ast-hfb-above-header-display":"","ast-hfb-below-header-display":"","ast-hfb-mobile-header-display":"","site-post-title":"","ast-breadcrumbs-content":"","ast-featured-img":"","footer-sml-layout":"","ast-disable-related-posts":"","theme-transparent-header-meta":"default","adv-header-id-meta":"","stick-header-meta":"default","header-above-stick-meta":"","header-main-stick-meta":"","header-below-stick-meta":"","astra-migrate-meta-layouts":"set","ast-page-background-enabled":"default","ast-page-background-meta":{"desktop":{"background-color":"var(--ast-global-color-4)","background-image":"","background-repeat":"repeat","background-position":"center center","background-size":"auto","background-attachment":"scroll","background-type":"","background-media":"","overlay-type":"","overlay-color":"","overlay-opacity":"","overlay-gradient":""},"tablet":{"background-color":"","background-image":"","background-repeat":"repeat","background-position":"center center","background-size":"auto","background-attachment":"scroll","background-type":"","background-media":"","overlay-type":"","overlay-color":"","overlay-opacity":"","overlay-gradient":""},"mobile":{"background-color":"","background-image":"","background-repeat":"repeat","background-position":"center center","background-size":"auto","background-attachment":"scroll","background-type":"","background-media":"","overlay-type":"","overlay-color":"","overlay-opacity":"","overlay-gradient":""}},"ast-content-background-meta":{"desktop":{"background-color":"var(--ast-global-color-5)","background-image":"","background-repeat":"repeat","background-position":"center center","background-size":"auto","background-attachment":"scroll","background-type":"","background-media":"","overlay-type":"","overlay-color":"","overlay-opacity":"","overlay-gradient":""},"tablet":{"background-color":"var(--ast-global-color-5)","background-image":"","background-repeat":"repeat","background-position":"center center","background-size":"auto","background-attachment":"scroll","background-type":"","background-media":"","overlay-type":"","overlay-color":"","overlay-opacity":"","overlay-gradient":""},"mobile":{"background-color":"var(--ast-global-color-5)","background-image":"","background-repeat":"repeat","background-position":"center center","background-size":"auto","background-attachment":"scroll","background-type":"","background-media":"","overlay-type":"","overlay-color":"","overlay-opacity":"","overlay-gradient":""}}},"product_brand":[],"product_cat":[275,768,645,276],"product_tag":[],"class_list":{"0":"post-6600","1":"product","2":"type-product","3":"status-publish","4":"has-post-thumbnail","6":"product_cat-burgenland-fr-2","7":"product_cat-mittelburgenland-fr-2","8":"product_cat-min-6-fr","9":"product_cat-vin-rouges","10":"pa_weingut-kk-kirnbauer-deutschkreutz-fr","11":"pa_whynotwein-siegel-2-sur-3-fr","12":"desktop-align-left","13":"tablet-align-left","14":"mobile-align-left","15":"ast-product-gallery-layout-horizontal-slider","16":"ast-product-gallery-with-no-image","17":"ast-product-tabs-layout-vertical","18":"ast-qv-on-image","20":"first","21":"instock","22":"featured","23":"taxable","24":"shipping-taxable","25":"purchasable","26":"product-type-simple"},"yoast_head":"<!-- This site is optimized with the Yoast SEO plugin v27.3 - https:\/\/yoast.com\/product\/yoast-seo-wordpress\/ -->\n<title>&quot;K+K&quot; Cuv\u00e9e 2021 - WhyNotWein<\/title>\n<meta name=\"robots\" content=\"index, follow, max-snippet:-1, max-image-preview:large, max-video-preview:-1\" \/>\n<link rel=\"canonical\" href=\"https:\/\/whynotwein.eu\/fr\/produit\/kk-cuvee\/\" \/>\n<meta property=\"og:locale\" content=\"fr_FR\" \/>\n<meta property=\"og:type\" content=\"article\" \/>\n<meta property=\"og:title\" content=\"&quot;K+K&quot; Cuv\u00e9e 2021 - WhyNotWein\" \/>\n<meta property=\"og:description\" content=\"Des ar\u00f4mes ludiques et m\u00fbrs de canneberge et de mollet\" \/>\n<meta property=\"og:url\" content=\"https:\/\/whynotwein.eu\/fr\/produit\/kk-cuvee\/\" \/>\n<meta property=\"og:site_name\" content=\"WhyNotWein\" \/>\n<meta property=\"article:modified_time\" content=\"2024-04-09T15:58:08+00:00\" \/>\n<meta property=\"og:image\" content=\"https:\/\/wnwfra.s3.eu-central-1.amazonaws.com\/wp-content\/uploads\/2015\/10\/26101940\/kirnbauer-kk-cuvee1.png\" \/>\n\t<meta property=\"og:image:width\" content=\"450\" \/>\n\t<meta property=\"og:image:height\" content=\"450\" \/>\n\t<meta property=\"og:image:type\" content=\"image\/png\" \/>\n<meta name=\"twitter:card\" content=\"summary_large_image\" \/>\n<meta name=\"twitter:label1\" content=\"Dur\u00e9e de lecture estim\u00e9e\" \/>\n\t<meta name=\"twitter:data1\" content=\"1 minute\" \/>\n<script type=\"application\/ld+json\" class=\"yoast-schema-graph\">{\"@context\":\"https:\\\/\\\/schema.org\",\"@graph\":[{\"@type\":\"WebPage\",\"@id\":\"https:\\\/\\\/whynotwein.eu\\\/fr\\\/produit\\\/kk-cuvee\\\/\",\"url\":\"https:\\\/\\\/whynotwein.eu\\\/fr\\\/produit\\\/kk-cuvee\\\/\",\"name\":\"\\\"K+K\\\" Cuv\u00e9e 2021 - WhyNotWein\",\"isPartOf\":{\"@id\":\"https:\\\/\\\/whynotwein.eu\\\/fr\\\/#website\"},\"primaryImageOfPage\":{\"@id\":\"https:\\\/\\\/whynotwein.eu\\\/fr\\\/produit\\\/kk-cuvee\\\/#primaryimage\"},\"image\":{\"@id\":\"https:\\\/\\\/whynotwein.eu\\\/fr\\\/produit\\\/kk-cuvee\\\/#primaryimage\"},\"thumbnailUrl\":\"https:\\\/\\\/pswp.fra1.digitaloceanspaces.com\\\/w\\\/20250922165859\\\/kirnbauer-kk-cuvee1.png\",\"datePublished\":\"2015-10-16T06:09:11+00:00\",\"dateModified\":\"2024-04-09T15:58:08+00:00\",\"breadcrumb\":{\"@id\":\"https:\\\/\\\/whynotwein.eu\\\/fr\\\/produit\\\/kk-cuvee\\\/#breadcrumb\"},\"inLanguage\":\"fr-FR\",\"potentialAction\":[{\"@type\":\"ReadAction\",\"target\":[\"https:\\\/\\\/whynotwein.eu\\\/fr\\\/produit\\\/kk-cuvee\\\/\"]}]},{\"@type\":\"ImageObject\",\"inLanguage\":\"fr-FR\",\"@id\":\"https:\\\/\\\/whynotwein.eu\\\/fr\\\/produit\\\/kk-cuvee\\\/#primaryimage\",\"url\":\"https:\\\/\\\/pswp.fra1.digitaloceanspaces.com\\\/w\\\/20250922165859\\\/kirnbauer-kk-cuvee1.png\",\"contentUrl\":\"https:\\\/\\\/pswp.fra1.digitaloceanspaces.com\\\/w\\\/20250922165859\\\/kirnbauer-kk-cuvee1.png\",\"width\":450,\"height\":450},{\"@type\":\"BreadcrumbList\",\"@id\":\"https:\\\/\\\/whynotwein.eu\\\/fr\\\/produit\\\/kk-cuvee\\\/#breadcrumb\",\"itemListElement\":[{\"@type\":\"ListItem\",\"position\":1,\"name\":\"Home\",\"item\":\"https:\\\/\\\/whynotwein.eu\\\/fr\\\/\"},{\"@type\":\"ListItem\",\"position\":2,\"name\":\"Boutique\",\"item\":\"https:\\\/\\\/whynotwein.eu\\\/fr\\\/boutique\\\/\"},{\"@type\":\"ListItem\",\"position\":3,\"name\":\"&#8222;K+K&#8220; Cuv\u00e9e 2021\"}]},{\"@type\":\"WebSite\",\"@id\":\"https:\\\/\\\/whynotwein.eu\\\/fr\\\/#website\",\"url\":\"https:\\\/\\\/whynotwein.eu\\\/fr\\\/\",\"name\":\"WhyNotWein\",\"description\":\"Austrian Wines in Belgium\",\"publisher\":{\"@id\":\"https:\\\/\\\/whynotwein.eu\\\/fr\\\/#organization\"},\"potentialAction\":[{\"@type\":\"SearchAction\",\"target\":{\"@type\":\"EntryPoint\",\"urlTemplate\":\"https:\\\/\\\/whynotwein.eu\\\/fr\\\/?s={search_term_string}\"},\"query-input\":{\"@type\":\"PropertyValueSpecification\",\"valueRequired\":true,\"valueName\":\"search_term_string\"}}],\"inLanguage\":\"fr-FR\"},{\"@type\":\"Organization\",\"@id\":\"https:\\\/\\\/whynotwein.eu\\\/fr\\\/#organization\",\"name\":\"WhyNotWein\",\"url\":\"https:\\\/\\\/whynotwein.eu\\\/fr\\\/\",\"logo\":{\"@type\":\"ImageObject\",\"inLanguage\":\"fr-FR\",\"@id\":\"https:\\\/\\\/whynotwein.eu\\\/fr\\\/#\\\/schema\\\/logo\\\/image\\\/\",\"url\":\"https:\\\/\\\/whynotwein.eu\\\/wp-content\\\/uploads\\\/2015\\\/12\\\/WhyNotWein_Logo_340.png\",\"contentUrl\":\"https:\\\/\\\/whynotwein.eu\\\/wp-content\\\/uploads\\\/2015\\\/12\\\/WhyNotWein_Logo_340.png\",\"width\":340,\"height\":156,\"caption\":\"WhyNotWein\"},\"image\":{\"@id\":\"https:\\\/\\\/whynotwein.eu\\\/fr\\\/#\\\/schema\\\/logo\\\/image\\\/\"}}]}<\/script>\n<!-- \/ Yoast SEO plugin. -->","yoast_head_json":{"title":"\"K+K\" Cuv\u00e9e 2021 - WhyNotWein","robots":{"index":"index","follow":"follow","max-snippet":"max-snippet:-1","max-image-preview":"max-image-preview:large","max-video-preview":"max-video-preview:-1"},"canonical":"https:\/\/whynotwein.eu\/fr\/produit\/kk-cuvee\/","og_locale":"fr_FR","og_type":"article","og_title":"\"K+K\" Cuv\u00e9e 2021 - WhyNotWein","og_description":"Des ar\u00f4mes ludiques et m\u00fbrs de canneberge et de mollet","og_url":"https:\/\/whynotwein.eu\/fr\/produit\/kk-cuvee\/","og_site_name":"WhyNotWein","article_modified_time":"2024-04-09T15:58:08+00:00","og_image":[{"width":450,"height":450,"url":"https:\/\/wnwfra.s3.eu-central-1.amazonaws.com\/wp-content\/uploads\/2015\/10\/26101940\/kirnbauer-kk-cuvee1.png","type":"image\/png"}],"twitter_card":"summary_large_image","twitter_misc":{"Dur\u00e9e de lecture estim\u00e9e":"1 minute"},"schema":{"@context":"https:\/\/schema.org","@graph":[{"@type":"WebPage","@id":"https:\/\/whynotwein.eu\/fr\/produit\/kk-cuvee\/","url":"https:\/\/whynotwein.eu\/fr\/produit\/kk-cuvee\/","name":"\"K+K\" Cuv\u00e9e 2021 - WhyNotWein","isPartOf":{"@id":"https:\/\/whynotwein.eu\/fr\/#website"},"primaryImageOfPage":{"@id":"https:\/\/whynotwein.eu\/fr\/produit\/kk-cuvee\/#primaryimage"},"image":{"@id":"https:\/\/whynotwein.eu\/fr\/produit\/kk-cuvee\/#primaryimage"},"thumbnailUrl":"https:\/\/pswp.fra1.digitaloceanspaces.com\/w\/20250922165859\/kirnbauer-kk-cuvee1.png","datePublished":"2015-10-16T06:09:11+00:00","dateModified":"2024-04-09T15:58:08+00:00","breadcrumb":{"@id":"https:\/\/whynotwein.eu\/fr\/produit\/kk-cuvee\/#breadcrumb"},"inLanguage":"fr-FR","potentialAction":[{"@type":"ReadAction","target":["https:\/\/whynotwein.eu\/fr\/produit\/kk-cuvee\/"]}]},{"@type":"ImageObject","inLanguage":"fr-FR","@id":"https:\/\/whynotwein.eu\/fr\/produit\/kk-cuvee\/#primaryimage","url":"https:\/\/pswp.fra1.digitaloceanspaces.com\/w\/20250922165859\/kirnbauer-kk-cuvee1.png","contentUrl":"https:\/\/pswp.fra1.digitaloceanspaces.com\/w\/20250922165859\/kirnbauer-kk-cuvee1.png","width":450,"height":450},{"@type":"BreadcrumbList","@id":"https:\/\/whynotwein.eu\/fr\/produit\/kk-cuvee\/#breadcrumb","itemListElement":[{"@type":"ListItem","position":1,"name":"Home","item":"https:\/\/whynotwein.eu\/fr\/"},{"@type":"ListItem","position":2,"name":"Boutique","item":"https:\/\/whynotwein.eu\/fr\/boutique\/"},{"@type":"ListItem","position":3,"name":"&#8222;K+K&#8220; Cuv\u00e9e 2021"}]},{"@type":"WebSite","@id":"https:\/\/whynotwein.eu\/fr\/#website","url":"https:\/\/whynotwein.eu\/fr\/","name":"WhyNotWein","description":"Austrian Wines in Belgium","publisher":{"@id":"https:\/\/whynotwein.eu\/fr\/#organization"},"potentialAction":[{"@type":"SearchAction","target":{"@type":"EntryPoint","urlTemplate":"https:\/\/whynotwein.eu\/fr\/?s={search_term_string}"},"query-input":{"@type":"PropertyValueSpecification","valueRequired":true,"valueName":"search_term_string"}}],"inLanguage":"fr-FR"},{"@type":"Organization","@id":"https:\/\/whynotwein.eu\/fr\/#organization","name":"WhyNotWein","url":"https:\/\/whynotwein.eu\/fr\/","logo":{"@type":"ImageObject","inLanguage":"fr-FR","@id":"https:\/\/whynotwein.eu\/fr\/#\/schema\/logo\/image\/","url":"https:\/\/whynotwein.eu\/wp-content\/uploads\/2015\/12\/WhyNotWein_Logo_340.png","contentUrl":"https:\/\/whynotwein.eu\/wp-content\/uploads\/2015\/12\/WhyNotWein_Logo_340.png","width":340,"height":156,"caption":"WhyNotWein"},"image":{"@id":"https:\/\/whynotwein.eu\/fr\/#\/schema\/logo\/image\/"}}]}},"uagb_featured_image_src":{"full":["https:\/\/pswp.fra1.digitaloceanspaces.com\/w\/20250922165859\/kirnbauer-kk-cuvee1.png",450,450,false],"thumbnail":["https:\/\/pswp.fra1.digitaloceanspaces.com\/w\/20250922165859\/kirnbauer-kk-cuvee1-80x80.png",80,80,true],"medium":["https:\/\/pswp.fra1.digitaloceanspaces.com\/w\/20250922165859\/kirnbauer-kk-cuvee1-300x300.png",300,300,true],"medium_large":["https:\/\/pswp.fra1.digitaloceanspaces.com\/w\/20250922165859\/kirnbauer-kk-cuvee1.png",450,450,false],"large":["https:\/\/pswp.fra1.digitaloceanspaces.com\/w\/20250922165859\/kirnbauer-kk-cuvee1.png",450,450,false],"1536x1536":["https:\/\/pswp.fra1.digitaloceanspaces.com\/w\/20250922165859\/kirnbauer-kk-cuvee1.png",450,450,false],"2048x2048":["https:\/\/pswp.fra1.digitaloceanspaces.com\/w\/20250922165859\/kirnbauer-kk-cuvee1.png",450,450,false],"gform-image-choice-sm":["https:\/\/pswp.fra1.digitaloceanspaces.com\/w\/20250922165859\/kirnbauer-kk-cuvee1.png",300,300,false],"gform-image-choice-md":["https:\/\/pswp.fra1.digitaloceanspaces.com\/w\/20250922165859\/kirnbauer-kk-cuvee1.png",400,400,false],"gform-image-choice-lg":["https:\/\/pswp.fra1.digitaloceanspaces.com\/w\/20250922165859\/kirnbauer-kk-cuvee1.png",450,450,false],"woocommerce_thumbnail":["https:\/\/pswp.fra1.digitaloceanspaces.com\/w\/20250922165859\/kirnbauer-kk-cuvee1.png",450,450,false],"woocommerce_single":["https:\/\/pswp.fra1.digitaloceanspaces.com\/w\/20250922165859\/kirnbauer-kk-cuvee1.png",450,450,false],"woocommerce_gallery_thumbnail":["https:\/\/pswp.fra1.digitaloceanspaces.com\/w\/20250922165859\/kirnbauer-kk-cuvee1-100x100.png",100,100,true]},"uagb_author_info":{"display_name":"Ren\u00e9 Clausen","author_link":"https:\/\/whynotwein.eu\/fr\/author\/"},"uagb_comment_info":0,"uagb_excerpt":"Des ar\u00f4mes ludiques et m\u00fbrs de canneberge et de mollet","_links":{"self":[{"href":"https:\/\/whynotwein.eu\/fr\/wp-json\/wp\/v2\/product\/6600","targetHints":{"allow":["GET"]}}],"collection":[{"href":"https:\/\/whynotwein.eu\/fr\/wp-json\/wp\/v2\/product"}],"about":[{"href":"https:\/\/whynotwein.eu\/fr\/wp-json\/wp\/v2\/types\/product"}],"replies":[{"embeddable":true,"href":"https:\/\/whynotwein.eu\/fr\/wp-json\/wp\/v2\/comments?post=6600"}],"wp:featuredmedia":[{"embeddable":true,"href":"https:\/\/whynotwein.eu\/fr\/wp-json\/wp\/v2\/media\/27985"}],"wp:attachment":[{"href":"https:\/\/whynotwein.eu\/fr\/wp-json\/wp\/v2\/media?parent=6600"}],"wp:term":[{"taxonomy":"product_brand","embeddable":true,"href":"https:\/\/whynotwein.eu\/fr\/wp-json\/wp\/v2\/product_brand?post=6600"},{"taxonomy":"product_cat","embeddable":true,"href":"https:\/\/whynotwein.eu\/fr\/wp-json\/wp\/v2\/product_cat?post=6600"},{"taxonomy":"product_tag","embeddable":true,"href":"https:\/\/whynotwein.eu\/fr\/wp-json\/wp\/v2\/product_tag?post=6600"}],"curies":[{"name":"wp","href":"https:\/\/api.w.org\/{rel}","templated":true}]}}