{"id":11837,"date":"2016-04-18T15:50:43","date_gmt":"2016-04-18T13:50:43","guid":{"rendered":"http:\/\/whynotwein.eu\/nl\/carnuntum\/"},"modified":"2022-11-28T17:24:47","modified_gmt":"2022-11-28T16:24:47","slug":"carnuntum","status":"publish","type":"page","link":"https:\/\/whynotwein.eu\/nl\/wijngebieden\/niederoesterreich\/carnuntum\/","title":{"rendered":"Carnuntum"},"content":{"rendered":"\n<div class=\"wp-block-uagb-container uagb-block-a08ed225 alignfull uagb-is-root-container\"><div class=\"uagb-container-inner-blocks-wrap\">\n<div class=\"wp-block-uagb-container uagb-block-4afa29db alignfull uagb-is-root-container\"><div class=\"uagb-container-inner-blocks-wrap\">\n<div class=\"wp-block-uagb-image uagb-block-b2b7ab6a wp-block-uagb-image--layout-default wp-block-uagb-image--effect-static wp-block-uagb-image--align-center\"><figure class=\"wp-block-uagb-image__figure\"><a class=\"\" href=\"https:\/\/pswp.fra1.digitaloceanspaces.com\/w\/20250922165934\/website-steiermark-wappen.jpeg\" target=\"\" rel=\"noopener\"><img decoding=\"async\" srcset=\"https:\/\/pswp.fra1.digitaloceanspaces.com\/w\/20250922165937\/website-niederoesterreich-wappen-176x300.png \" src=\"https:\/\/pswp.fra1.digitaloceanspaces.com\/w\/20250922165937\/website-niederoesterreich-wappen-176x300.png\" alt=\"\" class=\"uag-image-26454\" width=\"176\" height=\"300\" title=\"\"\/><\/a><\/figure><\/div>\n\n\n\n<div class=\"wp-block-uagb-icon-list uagb-block-f68ea774\"><div class=\"uagb-icon-list__wrap\">\n<div class=\"wp-block-uagb-icon-list-child uagb-block-c78fc5d3\"><span class=\"uagb-icon-list__source-wrap\"><svg xmlns=\"https:\/\/www.w3.org\/2000\/svg\" viewbox=\"0 0 512 512\"><path d=\"M256 0C114.6 0 0 114.6 0 256c0 141.4 114.6 256 256 256s256-114.6 256-256C512 114.6 397.4 0 256 0zM406.6 278.6l-103.1 103.1c-12.5 12.5-32.75 12.5-45.25 0s-12.5-32.75 0-45.25L306.8 288H128C110.3 288 96 273.7 96 256s14.31-32 32-32h178.8l-49.38-49.38c-12.5-12.5-12.5-32.75 0-45.25s32.75-12.5 45.25 0l103.1 103.1C414.6 241.3 416 251.1 416 256C416 260.9 414.6 270.7 406.6 278.6z\"><\/path><\/svg><\/span><span class=\"uagb-icon-list__label\">Pannonisch klimaat<\/span><\/div>\n\n\n\n<div class=\"wp-block-uagb-icon-list-child uagb-block-af8f3a97\"><span class=\"uagb-icon-list__source-wrap\"><svg xmlns=\"https:\/\/www.w3.org\/2000\/svg\" viewbox=\"0 0 512 512\"><path d=\"M256 0C114.6 0 0 114.6 0 256c0 141.4 114.6 256 256 256s256-114.6 256-256C512 114.6 397.4 0 256 0zM406.6 278.6l-103.1 103.1c-12.5 12.5-32.75 12.5-45.25 0s-12.5-32.75 0-45.25L306.8 288H128C110.3 288 96 273.7 96 256s14.31-32 32-32h178.8l-49.38-49.38c-12.5-12.5-12.5-32.75 0-45.25s32.75-12.5 45.25 0l103.1 103.1C414.6 241.3 416 251.1 416 256C416 260.9 414.6 270.7 406.6 278.6z\"><\/path><\/svg><\/span><span class=\"uagb-icon-list__label\">Fruitige en elegante wijnen<\/span><\/div>\n\n\n\n<div class=\"wp-block-uagb-icon-list-child uagb-block-c0bdd997\"><span class=\"uagb-icon-list__source-wrap\"><svg xmlns=\"https:\/\/www.w3.org\/2000\/svg\" viewbox=\"0 0 512 512\"><path d=\"M256 0C114.6 0 0 114.6 0 256c0 141.4 114.6 256 256 256s256-114.6 256-256C512 114.6 397.4 0 256 0zM406.6 278.6l-103.1 103.1c-12.5 12.5-32.75 12.5-45.25 0s-12.5-32.75 0-45.25L306.8 288H128C110.3 288 96 273.7 96 256s14.31-32 32-32h178.8l-49.38-49.38c-12.5-12.5-12.5-32.75 0-45.25s32.75-12.5 45.25 0l103.1 103.1C414.6 241.3 416 251.1 416 256C416 260.9 414.6 270.7 406.6 278.6z\"><\/path><\/svg><\/span><span class=\"uagb-icon-list__label\">Zand-grindrijke terreinen<\/span><\/div>\n<\/div><\/div>\n<\/div><\/div>\n\n\n\n<div class=\"wp-block-uagb-container uagb-block-d8701e81 alignfull uagb-is-root-container\"><div class=\"uagb-container-inner-blocks-wrap\">\n<h3 class=\"wp-block-heading\">Wijngebied Carnuntum<\/h3>\n\n\n\n<p>Archeologen graven al vele jaren bewijzen op van de Romeinse cultuur in de historische bodem van Carnuntum. Maar net zo verbazingwekkend zijn de &#8220;schatten van de bodem&#8221; van de ongeveer 910 hectare wijngaarden, vooral de rode wijnen die typisch zijn voor de regio. Als &#8220;Rubin Carnuntum&#8221; met het symbool van de Heidentor versterken zij de identiteit van dit opkomende gebied, gedragen door een aantal dynamische wijnbouwers.<\/p>\n\n\n\n<p>Das pannonische Klima mit seinen hei\u00dfen Sommern und kalten Wintern, die N\u00e4he zur Donau und auch der auf die Temperatur ausgleichend wirkende Neusiedler See lassen die blauen Trauben voll ausreifen. Dieses nat\u00fcrliche Potenzial wusste die junge Winzergeneration zu nutzen und f\u00fchrte das Gebiet innerhalb kurzer Zeit an die Spitze: mit harmonischen Rotweinen, die Frucht und Eleganz vereinen. Modern in der Stilistik, aber eigenst\u00e4ndig und der Herkunft verpflichtet. Bei alldem soll nicht vergessen werden, dass auch Wei\u00dfweine \u2013 speziell Gr\u00fcner Veltliner, j\u00fcngst vermehrt Sauvignon Blanc und die Burgundersorten, aber auch der traditionelle Gemischte Satz \u2013 sich hier durch Struktur und Kraft auszeichnen. Ausgezeichnet ist auch die strategische Ausrichtung der Region im Tourismus, einem wesentlichen Faktor f\u00fcr den Weinabsatz. Die N\u00e4he der glanzvoll renovierten Barockschl\u00f6sser im nahen Marchfeld, der aktionsreiche Arch\u00e4ologiepark Carnuntum, der Nationalpark Donau-Auen und nicht zuletzt das Einzugsgebiet der slowakischen Hauptstadt Bratislava er\u00f6ffnen zahlreiche Chancen, Besucher und G\u00e4ste mit den Vorz\u00fcgen der Carnuntum-Weine vertraut zu machen. Weinorte wie G\u00f6ttlesbrunn, H\u00f6flein oder Prellenkirchen, bekannt auch durch zahlreiche gem\u00fctliche Buschenschankbetriebe, waren von jeher Anziehungspunkte f\u00fcr Ausfl\u00fcgler, vor allem durch die N\u00e4he zu Wien. Au\u00dferdem bekommt die Gastronomie immer mehr Aufschwung.<\/p>\n<\/div><\/div>\n<\/div><\/div>\n\n<figure class=\"wp-block-gallery has-nested-images columns-default is-cropped wp-block-gallery-1 is-layout-flex wp-block-gallery-is-layout-flex\">\n<figure class=\"wp-block-image size-full\"><a href=\"https:\/\/pswp.fra1.digitaloceanspaces.com\/w\/20250922165934\/website-carnuntum.webp\"><img decoding=\"async\" width=\"1024\" height=\"682\" data-id=\"26501\" src=\"https:\/\/pswp.fra1.digitaloceanspaces.com\/w\/20250922165934\/website-carnuntum.webp\" alt=\"\" class=\"wp-image-26501\" srcset=\"https:\/\/pswp.fra1.digitaloceanspaces.com\/w\/20250922165934\/website-carnuntum.webp 1024w, https:\/\/pswp.fra1.digitaloceanspaces.com\/w\/20250922165934\/website-carnuntum-300x200.webp 300w, https:\/\/pswp.fra1.digitaloceanspaces.com\/w\/20250922165934\/website-carnuntum-768x512.webp 768w, https:\/\/pswp.fra1.digitaloceanspaces.com\/w\/20250922165934\/website-carnuntum-450x300.webp 450w\" sizes=\"(max-width: 1024px) 100vw, 1024px\" \/><\/a><\/figure>\n\n\n\n<figure class=\"wp-block-image size-large\"><a href=\"https:\/\/pswp.fra1.digitaloceanspaces.com\/w\/20250922165935\/website-carnuntum3.jpeg\"><img decoding=\"async\" width=\"1030\" height=\"549\" data-id=\"26493\" src=\"https:\/\/pswp.fra1.digitaloceanspaces.com\/w\/20250922165935\/website-carnuntum3-1030x549.jpeg\" alt=\"\" class=\"wp-image-26493\" srcset=\"https:\/\/pswp.fra1.digitaloceanspaces.com\/w\/20250922165935\/website-carnuntum3-1030x549.jpeg 1030w, https:\/\/pswp.fra1.digitaloceanspaces.com\/w\/20250922165935\/website-carnuntum3-300x160.jpeg 300w, https:\/\/pswp.fra1.digitaloceanspaces.com\/w\/20250922165935\/website-carnuntum3-768x410.jpeg 768w, https:\/\/pswp.fra1.digitaloceanspaces.com\/w\/20250922165935\/website-carnuntum3-450x240.jpeg 450w, https:\/\/pswp.fra1.digitaloceanspaces.com\/w\/20250922165935\/website-carnuntum3.jpeg 1500w\" sizes=\"(max-width: 1030px) 100vw, 1030px\" \/><\/a><\/figure>\n\n\n\n<figure class=\"wp-block-image size-large\"><a href=\"https:\/\/pswp.fra1.digitaloceanspaces.com\/w\/20250922165934\/website-carnuntum2.jpeg\"><img decoding=\"async\" width=\"1030\" height=\"773\" data-id=\"26497\" src=\"https:\/\/pswp.fra1.digitaloceanspaces.com\/w\/20250922165934\/website-carnuntum2-1030x773.jpeg\" alt=\"\" class=\"wp-image-26497\" srcset=\"https:\/\/pswp.fra1.digitaloceanspaces.com\/w\/20250922165934\/website-carnuntum2-1030x773.jpeg 1030w, https:\/\/pswp.fra1.digitaloceanspaces.com\/w\/20250922165934\/website-carnuntum2-300x225.jpeg 300w, https:\/\/pswp.fra1.digitaloceanspaces.com\/w\/20250922165934\/website-carnuntum2-768x576.jpeg 768w, https:\/\/pswp.fra1.digitaloceanspaces.com\/w\/20250922165934\/website-carnuntum2-1536x1152.jpeg 1536w, https:\/\/pswp.fra1.digitaloceanspaces.com\/w\/20250922165934\/website-carnuntum2-450x338.jpeg 450w, https:\/\/pswp.fra1.digitaloceanspaces.com\/w\/20250922165934\/website-carnuntum2.jpeg 1900w\" sizes=\"(max-width: 1030px) 100vw, 1030px\" \/><\/a><\/figure>\n<\/figure>\n","protected":false},"excerpt":{"rendered":"<p>Wijngebied Carnuntum Archeologen graven al vele jaren bewijzen op van de Romeinse cultuur in de historische bodem van Carnuntum. Maar net zo verbazingwekkend zijn de &#8220;schatten van de bodem&#8221; van de ongeveer 910 hectare wijngaarden, vooral de rode wijnen die typisch zijn voor de regio. Als &#8220;Rubin Carnuntum&#8221; met het symbool van de Heidentor versterken [&hellip;]<\/p>\n","protected":false},"author":2345,"featured_media":0,"parent":11848,"menu_order":1,"comment_status":"closed","ping_status":"closed","template":"","meta":{"_eb_attr":"","_uag_custom_page_level_css":"","site-sidebar-layout":"default","site-content-layout":"","ast-site-content-layout":"default","site-content-style":"default","site-sidebar-style":"default","ast-global-header-display":"","ast-banner-title-visibility":"","ast-main-header-display":"","ast-hfb-above-header-display":"","ast-hfb-below-header-display":"","ast-hfb-mobile-header-display":"","site-post-title":"","ast-breadcrumbs-content":"","ast-featured-img":"","footer-sml-layout":"","ast-disable-related-posts":"","theme-transparent-header-meta":"","adv-header-id-meta":"","stick-header-meta":"","header-above-stick-meta":"","header-main-stick-meta":"","header-below-stick-meta":"","astra-migrate-meta-layouts":"default","ast-page-background-enabled":"default","ast-page-background-meta":{"desktop":{"background-color":"var(--ast-global-color-4)","background-image":"","background-repeat":"repeat","background-position":"center center","background-size":"auto","background-attachment":"scroll","background-type":"","background-media":"","overlay-type":"","overlay-color":"","overlay-opacity":"","overlay-gradient":""},"tablet":{"background-color":"","background-image":"","background-repeat":"repeat","background-position":"center center","background-size":"auto","background-attachment":"scroll","background-type":"","background-media":"","overlay-type":"","overlay-color":"","overlay-opacity":"","overlay-gradient":""},"mobile":{"background-color":"","background-image":"","background-repeat":"repeat","background-position":"center center","background-size":"auto","background-attachment":"scroll","background-type":"","background-media":"","overlay-type":"","overlay-color":"","overlay-opacity":"","overlay-gradient":""}},"ast-content-background-meta":{"desktop":{"background-color":"var(--ast-global-color-5)","background-image":"","background-repeat":"repeat","background-position":"center center","background-size":"auto","background-attachment":"scroll","background-type":"","background-media":"","overlay-type":"","overlay-color":"","overlay-opacity":"","overlay-gradient":""},"tablet":{"background-color":"var(--ast-global-color-5)","background-image":"","background-repeat":"repeat","background-position":"center center","background-size":"auto","background-attachment":"scroll","background-type":"","background-media":"","overlay-type":"","overlay-color":"","overlay-opacity":"","overlay-gradient":""},"mobile":{"background-color":"var(--ast-global-color-5)","background-image":"","background-repeat":"repeat","background-position":"center center","background-size":"auto","background-attachment":"scroll","background-type":"","background-media":"","overlay-type":"","overlay-color":"","overlay-opacity":"","overlay-gradient":""}},"footnotes":""},"class_list":["post-11837","page","type-page","status-publish","hentry"],"yoast_head":"<!-- This site is optimized with the Yoast SEO plugin v27.3 - https:\/\/yoast.com\/product\/yoast-seo-wordpress\/ -->\n<title>Carnuntum - WhyNotWein<\/title>\n<meta name=\"robots\" content=\"index, follow, max-snippet:-1, max-image-preview:large, max-video-preview:-1\" \/>\n<link rel=\"canonical\" href=\"https:\/\/whynotwein.eu\/nl\/wijngebieden\/niederoesterreich\/carnuntum\/\" \/>\n<meta property=\"og:locale\" content=\"nl_NL\" \/>\n<meta property=\"og:type\" content=\"article\" \/>\n<meta property=\"og:title\" content=\"Carnuntum - WhyNotWein\" \/>\n<meta property=\"og:description\" content=\"Wijngebied Carnuntum Archeologen graven al vele jaren bewijzen op van de Romeinse cultuur in de historische bodem van Carnuntum. Maar net zo verbazingwekkend zijn de &#8220;schatten van de bodem&#8221; van de ongeveer 910 hectare wijngaarden, vooral de rode wijnen die typisch zijn voor de regio. Als &#8220;Rubin Carnuntum&#8221; met het symbool van de Heidentor versterken [&hellip;]\" \/>\n<meta property=\"og:url\" content=\"https:\/\/whynotwein.eu\/nl\/wijngebieden\/niederoesterreich\/carnuntum\/\" \/>\n<meta property=\"og:site_name\" content=\"WhyNotWein\" \/>\n<meta property=\"article:modified_time\" content=\"2022-11-28T16:24:47+00:00\" \/>\n<meta property=\"og:image\" content=\"https:\/\/whynotwein.eu\/wp-content\/uploads\/2022\/11\/website-niederoesterreich-wappen-176x300.png\" \/>\n<meta name=\"twitter:card\" content=\"summary_large_image\" \/>\n<meta name=\"twitter:label1\" content=\"Geschatte leestijd\" \/>\n\t<meta name=\"twitter:data1\" content=\"1 minute\" \/>\n<script type=\"application\/ld+json\" class=\"yoast-schema-graph\">{\"@context\":\"https:\\\/\\\/schema.org\",\"@graph\":[{\"@type\":\"WebPage\",\"@id\":\"https:\\\/\\\/whynotwein.eu\\\/nl\\\/wijngebieden\\\/niederoesterreich\\\/carnuntum\\\/\",\"url\":\"https:\\\/\\\/whynotwein.eu\\\/nl\\\/wijngebieden\\\/niederoesterreich\\\/carnuntum\\\/\",\"name\":\"Carnuntum - WhyNotWein\",\"isPartOf\":{\"@id\":\"https:\\\/\\\/whynotwein.eu\\\/nl\\\/#website\"},\"primaryImageOfPage\":{\"@id\":\"https:\\\/\\\/whynotwein.eu\\\/nl\\\/wijngebieden\\\/niederoesterreich\\\/carnuntum\\\/#primaryimage\"},\"image\":{\"@id\":\"https:\\\/\\\/whynotwein.eu\\\/nl\\\/wijngebieden\\\/niederoesterreich\\\/carnuntum\\\/#primaryimage\"},\"thumbnailUrl\":\"https:\\\/\\\/whynotwein.eu\\\/wp-content\\\/uploads\\\/2022\\\/11\\\/website-niederoesterreich-wappen-176x300.png\",\"datePublished\":\"2016-04-18T13:50:43+00:00\",\"dateModified\":\"2022-11-28T16:24:47+00:00\",\"breadcrumb\":{\"@id\":\"https:\\\/\\\/whynotwein.eu\\\/nl\\\/wijngebieden\\\/niederoesterreich\\\/carnuntum\\\/#breadcrumb\"},\"inLanguage\":\"nl-NL\",\"potentialAction\":[{\"@type\":\"ReadAction\",\"target\":[\"https:\\\/\\\/whynotwein.eu\\\/nl\\\/wijngebieden\\\/niederoesterreich\\\/carnuntum\\\/\"]}]},{\"@type\":\"ImageObject\",\"inLanguage\":\"nl-NL\",\"@id\":\"https:\\\/\\\/whynotwein.eu\\\/nl\\\/wijngebieden\\\/niederoesterreich\\\/carnuntum\\\/#primaryimage\",\"url\":\"https:\\\/\\\/whynotwein.eu\\\/wp-content\\\/uploads\\\/2022\\\/11\\\/website-niederoesterreich-wappen-176x300.png\",\"contentUrl\":\"https:\\\/\\\/whynotwein.eu\\\/wp-content\\\/uploads\\\/2022\\\/11\\\/website-niederoesterreich-wappen-176x300.png\"},{\"@type\":\"BreadcrumbList\",\"@id\":\"https:\\\/\\\/whynotwein.eu\\\/nl\\\/wijngebieden\\\/niederoesterreich\\\/carnuntum\\\/#breadcrumb\",\"itemListElement\":[{\"@type\":\"ListItem\",\"position\":1,\"name\":\"Home\",\"item\":\"https:\\\/\\\/whynotwein.eu\\\/nl\\\/\"},{\"@type\":\"ListItem\",\"position\":2,\"name\":\"Wijngebieden\",\"item\":\"https:\\\/\\\/whynotwein.eu\\\/nl\\\/wijngebieden\\\/\"},{\"@type\":\"ListItem\",\"position\":3,\"name\":\"Neder-Oostenrijk\",\"item\":\"https:\\\/\\\/whynotwein.eu\\\/nl\\\/wijngebieden\\\/niederoesterreich\\\/\"},{\"@type\":\"ListItem\",\"position\":4,\"name\":\"Carnuntum\"}]},{\"@type\":\"WebSite\",\"@id\":\"https:\\\/\\\/whynotwein.eu\\\/nl\\\/#website\",\"url\":\"https:\\\/\\\/whynotwein.eu\\\/nl\\\/\",\"name\":\"WhyNotWein\",\"description\":\"Austrian Wines in Belgium\",\"publisher\":{\"@id\":\"https:\\\/\\\/whynotwein.eu\\\/nl\\\/#organization\"},\"potentialAction\":[{\"@type\":\"SearchAction\",\"target\":{\"@type\":\"EntryPoint\",\"urlTemplate\":\"https:\\\/\\\/whynotwein.eu\\\/nl\\\/?s={search_term_string}\"},\"query-input\":{\"@type\":\"PropertyValueSpecification\",\"valueRequired\":true,\"valueName\":\"search_term_string\"}}],\"inLanguage\":\"nl-NL\"},{\"@type\":\"Organization\",\"@id\":\"https:\\\/\\\/whynotwein.eu\\\/nl\\\/#organization\",\"name\":\"WhyNotWein\",\"url\":\"https:\\\/\\\/whynotwein.eu\\\/nl\\\/\",\"logo\":{\"@type\":\"ImageObject\",\"inLanguage\":\"nl-NL\",\"@id\":\"https:\\\/\\\/whynotwein.eu\\\/nl\\\/#\\\/schema\\\/logo\\\/image\\\/\",\"url\":\"https:\\\/\\\/whynotwein.eu\\\/wp-content\\\/uploads\\\/2015\\\/12\\\/WhyNotWein_Logo_340.png\",\"contentUrl\":\"https:\\\/\\\/whynotwein.eu\\\/wp-content\\\/uploads\\\/2015\\\/12\\\/WhyNotWein_Logo_340.png\",\"width\":340,\"height\":156,\"caption\":\"WhyNotWein\"},\"image\":{\"@id\":\"https:\\\/\\\/whynotwein.eu\\\/nl\\\/#\\\/schema\\\/logo\\\/image\\\/\"}}]}<\/script>\n<!-- \/ Yoast SEO plugin. -->","yoast_head_json":{"title":"Carnuntum - WhyNotWein","robots":{"index":"index","follow":"follow","max-snippet":"max-snippet:-1","max-image-preview":"max-image-preview:large","max-video-preview":"max-video-preview:-1"},"canonical":"https:\/\/whynotwein.eu\/nl\/wijngebieden\/niederoesterreich\/carnuntum\/","og_locale":"nl_NL","og_type":"article","og_title":"Carnuntum - WhyNotWein","og_description":"Wijngebied Carnuntum Archeologen graven al vele jaren bewijzen op van de Romeinse cultuur in de historische bodem van Carnuntum. Maar net zo verbazingwekkend zijn de &#8220;schatten van de bodem&#8221; van de ongeveer 910 hectare wijngaarden, vooral de rode wijnen die typisch zijn voor de regio. Als &#8220;Rubin Carnuntum&#8221; met het symbool van de Heidentor versterken [&hellip;]","og_url":"https:\/\/whynotwein.eu\/nl\/wijngebieden\/niederoesterreich\/carnuntum\/","og_site_name":"WhyNotWein","article_modified_time":"2022-11-28T16:24:47+00:00","og_image":[{"url":"https:\/\/whynotwein.eu\/wp-content\/uploads\/2022\/11\/website-niederoesterreich-wappen-176x300.png","type":"","width":"","height":""}],"twitter_card":"summary_large_image","twitter_misc":{"Geschatte leestijd":"1 minute"},"schema":{"@context":"https:\/\/schema.org","@graph":[{"@type":"WebPage","@id":"https:\/\/whynotwein.eu\/nl\/wijngebieden\/niederoesterreich\/carnuntum\/","url":"https:\/\/whynotwein.eu\/nl\/wijngebieden\/niederoesterreich\/carnuntum\/","name":"Carnuntum - WhyNotWein","isPartOf":{"@id":"https:\/\/whynotwein.eu\/nl\/#website"},"primaryImageOfPage":{"@id":"https:\/\/whynotwein.eu\/nl\/wijngebieden\/niederoesterreich\/carnuntum\/#primaryimage"},"image":{"@id":"https:\/\/whynotwein.eu\/nl\/wijngebieden\/niederoesterreich\/carnuntum\/#primaryimage"},"thumbnailUrl":"https:\/\/whynotwein.eu\/wp-content\/uploads\/2022\/11\/website-niederoesterreich-wappen-176x300.png","datePublished":"2016-04-18T13:50:43+00:00","dateModified":"2022-11-28T16:24:47+00:00","breadcrumb":{"@id":"https:\/\/whynotwein.eu\/nl\/wijngebieden\/niederoesterreich\/carnuntum\/#breadcrumb"},"inLanguage":"nl-NL","potentialAction":[{"@type":"ReadAction","target":["https:\/\/whynotwein.eu\/nl\/wijngebieden\/niederoesterreich\/carnuntum\/"]}]},{"@type":"ImageObject","inLanguage":"nl-NL","@id":"https:\/\/whynotwein.eu\/nl\/wijngebieden\/niederoesterreich\/carnuntum\/#primaryimage","url":"https:\/\/whynotwein.eu\/wp-content\/uploads\/2022\/11\/website-niederoesterreich-wappen-176x300.png","contentUrl":"https:\/\/whynotwein.eu\/wp-content\/uploads\/2022\/11\/website-niederoesterreich-wappen-176x300.png"},{"@type":"BreadcrumbList","@id":"https:\/\/whynotwein.eu\/nl\/wijngebieden\/niederoesterreich\/carnuntum\/#breadcrumb","itemListElement":[{"@type":"ListItem","position":1,"name":"Home","item":"https:\/\/whynotwein.eu\/nl\/"},{"@type":"ListItem","position":2,"name":"Wijngebieden","item":"https:\/\/whynotwein.eu\/nl\/wijngebieden\/"},{"@type":"ListItem","position":3,"name":"Neder-Oostenrijk","item":"https:\/\/whynotwein.eu\/nl\/wijngebieden\/niederoesterreich\/"},{"@type":"ListItem","position":4,"name":"Carnuntum"}]},{"@type":"WebSite","@id":"https:\/\/whynotwein.eu\/nl\/#website","url":"https:\/\/whynotwein.eu\/nl\/","name":"WhyNotWein","description":"Austrian Wines in Belgium","publisher":{"@id":"https:\/\/whynotwein.eu\/nl\/#organization"},"potentialAction":[{"@type":"SearchAction","target":{"@type":"EntryPoint","urlTemplate":"https:\/\/whynotwein.eu\/nl\/?s={search_term_string}"},"query-input":{"@type":"PropertyValueSpecification","valueRequired":true,"valueName":"search_term_string"}}],"inLanguage":"nl-NL"},{"@type":"Organization","@id":"https:\/\/whynotwein.eu\/nl\/#organization","name":"WhyNotWein","url":"https:\/\/whynotwein.eu\/nl\/","logo":{"@type":"ImageObject","inLanguage":"nl-NL","@id":"https:\/\/whynotwein.eu\/nl\/#\/schema\/logo\/image\/","url":"https:\/\/whynotwein.eu\/wp-content\/uploads\/2015\/12\/WhyNotWein_Logo_340.png","contentUrl":"https:\/\/whynotwein.eu\/wp-content\/uploads\/2015\/12\/WhyNotWein_Logo_340.png","width":340,"height":156,"caption":"WhyNotWein"},"image":{"@id":"https:\/\/whynotwein.eu\/nl\/#\/schema\/logo\/image\/"}}]}},"uagb_featured_image_src":{"full":false,"thumbnail":false,"medium":false,"medium_large":false,"large":false,"1536x1536":false,"2048x2048":false,"gform-image-choice-sm":false,"gform-image-choice-md":false,"gform-image-choice-lg":false,"woocommerce_thumbnail":false,"woocommerce_single":false,"woocommerce_gallery_thumbnail":false},"uagb_author_info":{"display_name":"Ren\u00e9 Clausen","author_link":"https:\/\/whynotwein.eu\/nl\/author\/rene\/"},"uagb_comment_info":0,"uagb_excerpt":"Wijngebied Carnuntum Archeologen graven al vele jaren bewijzen op van de Romeinse cultuur in de historische bodem van Carnuntum. Maar net zo verbazingwekkend zijn de &#8220;schatten van de bodem&#8221; van de ongeveer 910 hectare wijngaarden, vooral de rode wijnen die typisch zijn voor de regio. Als &#8220;Rubin Carnuntum&#8221; met het symbool van de Heidentor versterken&hellip;","_links":{"self":[{"href":"https:\/\/whynotwein.eu\/nl\/wp-json\/wp\/v2\/pages\/11837","targetHints":{"allow":["GET"]}}],"collection":[{"href":"https:\/\/whynotwein.eu\/nl\/wp-json\/wp\/v2\/pages"}],"about":[{"href":"https:\/\/whynotwein.eu\/nl\/wp-json\/wp\/v2\/types\/page"}],"author":[{"embeddable":true,"href":"https:\/\/whynotwein.eu\/nl\/wp-json\/wp\/v2\/users\/2345"}],"replies":[{"embeddable":true,"href":"https:\/\/whynotwein.eu\/nl\/wp-json\/wp\/v2\/comments?post=11837"}],"version-history":[{"count":12,"href":"https:\/\/whynotwein.eu\/nl\/wp-json\/wp\/v2\/pages\/11837\/revisions"}],"predecessor-version":[{"id":27072,"href":"https:\/\/whynotwein.eu\/nl\/wp-json\/wp\/v2\/pages\/11837\/revisions\/27072"}],"up":[{"embeddable":true,"href":"https:\/\/whynotwein.eu\/nl\/wp-json\/wp\/v2\/pages\/11848"}],"wp:attachment":[{"href":"https:\/\/whynotwein.eu\/nl\/wp-json\/wp\/v2\/media?parent=11837"}],"curies":[{"name":"wp","href":"https:\/\/api.w.org\/{rel}","templated":true}]}}