{"id":11857,"date":"2016-04-18T16:14:49","date_gmt":"2016-04-18T14:14:49","guid":{"rendered":"http:\/\/whynotwein.eu\/nl\/weinregionen\/niederoesterreich\/thermenregion\/"},"modified":"2022-11-28T17:32:41","modified_gmt":"2022-11-28T16:32:41","slug":"thermenregion","status":"publish","type":"page","link":"https:\/\/whynotwein.eu\/nl\/wijngebieden\/niederoesterreich\/thermenregion\/","title":{"rendered":"Thermenregion"},"content":{"rendered":"\n<div class=\"wp-block-uagb-container uagb-block-a9fe123b alignfull uagb-is-root-container\"><div class=\"uagb-container-inner-blocks-wrap\">\n<div class=\"wp-block-uagb-container uagb-block-1de0afe8 alignfull uagb-is-root-container\"><div class=\"uagb-container-inner-blocks-wrap\">\n<div class=\"wp-block-uagb-image uagb-block-94cb3474 wp-block-uagb-image--layout-default wp-block-uagb-image--effect-static wp-block-uagb-image--align-center\"><figure class=\"wp-block-uagb-image__figure\"><a class=\"\" href=\"https:\/\/pswp.fra1.digitaloceanspaces.com\/w\/20250922165934\/website-steiermark-wappen.jpeg\" target=\"\" rel=\"noopener\"><img decoding=\"async\" srcset=\"https:\/\/pswp.fra1.digitaloceanspaces.com\/w\/20250922165937\/website-niederoesterreich-wappen-176x300.png \" src=\"https:\/\/pswp.fra1.digitaloceanspaces.com\/w\/20250922165937\/website-niederoesterreich-wappen-176x300.png\" alt=\"\" class=\"uag-image-26454\" width=\"176\" height=\"300\" title=\"\"\/><\/a><\/figure><\/div>\n\n\n\n<div class=\"wp-block-uagb-icon-list uagb-block-ecf001fb\"><div class=\"uagb-icon-list__wrap\">\n<div class=\"wp-block-uagb-icon-list-child uagb-block-12fe5e99\"><span class=\"uagb-icon-list__source-wrap\"><svg xmlns=\"https:\/\/www.w3.org\/2000\/svg\" viewbox=\"0 0 512 512\"><path d=\"M256 0C114.6 0 0 114.6 0 256c0 141.4 114.6 256 256 256s256-114.6 256-256C512 114.6 397.4 0 256 0zM406.6 278.6l-103.1 103.1c-12.5 12.5-32.75 12.5-45.25 0s-12.5-32.75 0-45.25L306.8 288H128C110.3 288 96 273.7 96 256s14.31-32 32-32h178.8l-49.38-49.38c-12.5-12.5-12.5-32.75 0-45.25s32.75-12.5 45.25 0l103.1 103.1C414.6 241.3 416 251.1 416 256C416 260.9 414.6 270.7 406.6 278.6z\"><\/path><\/svg><\/span><span class=\"uagb-icon-list__label\">1800 zonuren per jaar<\/span><\/div>\n\n\n\n<div class=\"wp-block-uagb-icon-list-child uagb-block-d920517a\"><span class=\"uagb-icon-list__source-wrap\"><svg xmlns=\"https:\/\/www.w3.org\/2000\/svg\" viewbox=\"0 0 512 512\"><path d=\"M256 0C114.6 0 0 114.6 0 256c0 141.4 114.6 256 256 256s256-114.6 256-256C512 114.6 397.4 0 256 0zM406.6 278.6l-103.1 103.1c-12.5 12.5-32.75 12.5-45.25 0s-12.5-32.75 0-45.25L306.8 288H128C110.3 288 96 273.7 96 256s14.31-32 32-32h178.8l-49.38-49.38c-12.5-12.5-12.5-32.75 0-45.25s32.75-12.5 45.25 0l103.1 103.1C414.6 241.3 416 251.1 416 256C416 260.9 414.6 270.7 406.6 278.6z\"><\/path><\/svg><\/span><span class=\"uagb-icon-list__label\">Constante luchtbeweging<\/span><\/div>\n\n\n\n<div class=\"wp-block-uagb-icon-list-child uagb-block-0332fb34\"><span class=\"uagb-icon-list__source-wrap\"><svg xmlns=\"https:\/\/www.w3.org\/2000\/svg\" viewbox=\"0 0 512 512\"><path d=\"M256 0C114.6 0 0 114.6 0 256c0 141.4 114.6 256 256 256s256-114.6 256-256C512 114.6 397.4 0 256 0zM406.6 278.6l-103.1 103.1c-12.5 12.5-32.75 12.5-45.25 0s-12.5-32.75 0-45.25L306.8 288H128C110.3 288 96 273.7 96 256s14.31-32 32-32h178.8l-49.38-49.38c-12.5-12.5-12.5-32.75 0-45.25s32.75-12.5 45.25 0l103.1 103.1C414.6 241.3 416 251.1 416 256C416 260.9 414.6 270.7 406.6 278.6z\"><\/path><\/svg><\/span><span class=\"uagb-icon-list__label\">Los grind en zand<\/span><\/div>\n<\/div><\/div>\n<\/div><\/div>\n\n\n\n<div class=\"wp-block-uagb-container uagb-block-8bc6ed30 alignfull uagb-is-root-container\"><div class=\"uagb-container-inner-blocks-wrap\">\n<h3 class=\"wp-block-heading\">Wijngebied Thermenregio<\/h3>\n\n\n\n<p>De Thermenregio ontstond met de wijnwet van 1985 toen de voormalige wijnbouwgebieden Gumpoldskirchen en Bad V\u00f6slau werden samengevoegd. 2196 hectare wijngaarden leunen tegen de uitlopers van het Weense bos, van de buitenwijken van Wenen langs een keten van heuvels met de Anninger als hoogste hoogte tot het zuiden van Baden. Autochtone druivenrassen zoals Zierfandler (ook wel Sp\u00e4trot genoemd) en Rotgipfler zijn de specialiteiten van het gebied. Al meer dan 2000 jaar geleden werden in het klimatologisch gunstige gebied ten zuiden van Wenen wijnstokken geteeld. In Carnuntum en Vindobona gelegerde Romeinse legionairs brachten wijnstokken uit hun thuisland en kennis over de wijnproductie naar Pannoni\u00eb. De naam &#8220;thermale regio&#8221; verwijst naar de zwavelhoudende warmwaterbronnen van Aquae (Baden).<\/p>\n\n\n\n<p>De wijnstokken profiteren van de invloed van het Pannonische klimaat, met warme zomers en droge herfsts en 1800 zonuren per jaar. Door de constante luchtbeweging kunnen de druiven snel drogen na dauw of regen in de herfst. De geologische diversiteit wordt gedomineerd door relatief zware bodems zoals leem, zandleem en bruine aarde met een hoog gehalte aan schelpkalk. Het onderliggende verweringspuin en de diepe lagen alluvium helpen bij de drainage en het doorweken. In Steinfeld bieden vrij stenige, arme grindgronden uitstekende omstandigheden voor rode wijnsoorten. De witte druivenrassen Zierfandler en Rotgipfler, die typisch zijn voor het gebied en anders moeilijk te vinden zijn, hebben het recht van domicilie en vormen als cuv\u00e9e het legendarische wijnhuwelijk Sp\u00e4trot-Rotgipfler. De traditionele verscheidenheid aan rassen omvat ook de Blaue Portugieser, vroeger bekend als V\u00f6slauer, of de Neuburger, evenals moderne wijnen uit de Bourgogne-familie zoals St. Laurent en Zweigelt, maar ook Merlot en Cabernet Sauvignon. Centra voor rode wijn zijn Bad V\u00f6slau, Soo\u00df, Tattendorf en Teesdorf, de klassieke witte wijnen komen uit Perchtoldsdorf, Gumpoldskirchen, Pfaffst\u00e4tten, Baden, Guntramsdorf en Traiskirchen. Natuur en cultuur zorgen voor een gevarieerd vrijetijdsprogramma: van een bezoek aan het Thallern landgoed van het cisterci\u00ebnzerklooster Heiligenkreuz, een van de oudste weer opgebloeide wijnhuizen van Oostenrijk, tot het cultuur- en kuuroord Baden met theater, operette, wellness of druivenkuur, tot excursies langs de wijnroute of wandelingen door de wijngaarden langs de Weense hoogspanningsroute. Water met wijn als een uitstekende begeleider van voedsel komt dan ook tot zijn recht in de gastronomie.<\/p>\n<\/div><\/div>\n<\/div><\/div>\n\n<figure class=\"wp-block-gallery has-nested-images columns-default is-cropped wp-block-gallery-1 is-layout-flex wp-block-gallery-is-layout-flex\">\n<figure class=\"wp-block-image size-large\"><a href=\"https:\/\/pswp.fra1.digitaloceanspaces.com\/w\/20250922165923\/website-thermenregion.jpeg\"><img decoding=\"async\" width=\"1030\" height=\"772\" data-id=\"26857\" src=\"https:\/\/pswp.fra1.digitaloceanspaces.com\/w\/20250922165923\/website-thermenregion-1030x772.jpeg\" alt=\"\" class=\"wp-image-26857\" srcset=\"https:\/\/pswp.fra1.digitaloceanspaces.com\/w\/20250922165923\/website-thermenregion-1030x772.jpeg 1030w, https:\/\/pswp.fra1.digitaloceanspaces.com\/w\/20250922165923\/website-thermenregion-300x225.jpeg 300w, https:\/\/pswp.fra1.digitaloceanspaces.com\/w\/20250922165923\/website-thermenregion-768x576.jpeg 768w, https:\/\/pswp.fra1.digitaloceanspaces.com\/w\/20250922165923\/website-thermenregion-1536x1151.jpeg 1536w, https:\/\/pswp.fra1.digitaloceanspaces.com\/w\/20250922165923\/website-thermenregion-450x337.jpeg 450w, https:\/\/pswp.fra1.digitaloceanspaces.com\/w\/20250922165923\/website-thermenregion.jpeg 2000w\" sizes=\"(max-width: 1030px) 100vw, 1030px\" \/><\/a><\/figure>\n\n\n\n<figure class=\"wp-block-image size-large\"><a href=\"https:\/\/pswp.fra1.digitaloceanspaces.com\/w\/20250922165923\/website-thermenregion1.jpeg\"><img decoding=\"async\" width=\"1030\" height=\"528\" data-id=\"26849\" src=\"https:\/\/pswp.fra1.digitaloceanspaces.com\/w\/20250922165923\/website-thermenregion1-1030x528.jpeg\" alt=\"\" class=\"wp-image-26849\" srcset=\"https:\/\/pswp.fra1.digitaloceanspaces.com\/w\/20250922165923\/website-thermenregion1-1030x528.jpeg 1030w, https:\/\/pswp.fra1.digitaloceanspaces.com\/w\/20250922165923\/website-thermenregion1-300x154.jpeg 300w, https:\/\/pswp.fra1.digitaloceanspaces.com\/w\/20250922165923\/website-thermenregion1-768x393.jpeg 768w, https:\/\/pswp.fra1.digitaloceanspaces.com\/w\/20250922165923\/website-thermenregion1-450x231.jpeg 450w, https:\/\/pswp.fra1.digitaloceanspaces.com\/w\/20250922165923\/website-thermenregion1.jpeg 1140w\" sizes=\"(max-width: 1030px) 100vw, 1030px\" \/><\/a><\/figure>\n\n\n\n<figure class=\"wp-block-image size-large\"><a href=\"https:\/\/pswp.fra1.digitaloceanspaces.com\/w\/20250922165923\/website-thermenregion2.jpeg\"><img decoding=\"async\" width=\"1030\" height=\"687\" data-id=\"26853\" src=\"https:\/\/pswp.fra1.digitaloceanspaces.com\/w\/20250922165923\/website-thermenregion2-1030x687.jpeg\" alt=\"\" class=\"wp-image-26853\" srcset=\"https:\/\/pswp.fra1.digitaloceanspaces.com\/w\/20250922165923\/website-thermenregion2-1030x687.jpeg 1030w, https:\/\/pswp.fra1.digitaloceanspaces.com\/w\/20250922165923\/website-thermenregion2-300x200.jpeg 300w, https:\/\/pswp.fra1.digitaloceanspaces.com\/w\/20250922165923\/website-thermenregion2-768x512.jpeg 768w, https:\/\/pswp.fra1.digitaloceanspaces.com\/w\/20250922165923\/website-thermenregion2-450x300.jpeg 450w, https:\/\/pswp.fra1.digitaloceanspaces.com\/w\/20250922165923\/website-thermenregion2.jpeg 1200w\" sizes=\"(max-width: 1030px) 100vw, 1030px\" \/><\/a><\/figure>\n<\/figure>\n","protected":false},"excerpt":{"rendered":"<p>Wijngebied Thermenregio De Thermenregio ontstond met de wijnwet van 1985 toen de voormalige wijnbouwgebieden Gumpoldskirchen en Bad V\u00f6slau werden samengevoegd. 2196 hectare wijngaarden leunen tegen de uitlopers van het Weense bos, van de buitenwijken van Wenen langs een keten van heuvels met de Anninger als hoogste hoogte tot het zuiden van Baden. Autochtone druivenrassen zoals [&hellip;]<\/p>\n","protected":false},"author":2345,"featured_media":0,"parent":11848,"menu_order":0,"comment_status":"closed","ping_status":"closed","template":"","meta":{"_eb_attr":"","_uag_custom_page_level_css":"","site-sidebar-layout":"default","site-content-layout":"","ast-site-content-layout":"default","site-content-style":"default","site-sidebar-style":"default","ast-global-header-display":"","ast-banner-title-visibility":"","ast-main-header-display":"","ast-hfb-above-header-display":"","ast-hfb-below-header-display":"","ast-hfb-mobile-header-display":"","site-post-title":"","ast-breadcrumbs-content":"","ast-featured-img":"","footer-sml-layout":"","ast-disable-related-posts":"","theme-transparent-header-meta":"","adv-header-id-meta":"","stick-header-meta":"","header-above-stick-meta":"","header-main-stick-meta":"","header-below-stick-meta":"","astra-migrate-meta-layouts":"default","ast-page-background-enabled":"default","ast-page-background-meta":{"desktop":{"background-color":"var(--ast-global-color-4)","background-image":"","background-repeat":"repeat","background-position":"center center","background-size":"auto","background-attachment":"scroll","background-type":"","background-media":"","overlay-type":"","overlay-color":"","overlay-opacity":"","overlay-gradient":""},"tablet":{"background-color":"","background-image":"","background-repeat":"repeat","background-position":"center center","background-size":"auto","background-attachment":"scroll","background-type":"","background-media":"","overlay-type":"","overlay-color":"","overlay-opacity":"","overlay-gradient":""},"mobile":{"background-color":"","background-image":"","background-repeat":"repeat","background-position":"center center","background-size":"auto","background-attachment":"scroll","background-type":"","background-media":"","overlay-type":"","overlay-color":"","overlay-opacity":"","overlay-gradient":""}},"ast-content-background-meta":{"desktop":{"background-color":"var(--ast-global-color-5)","background-image":"","background-repeat":"repeat","background-position":"center center","background-size":"auto","background-attachment":"scroll","background-type":"","background-media":"","overlay-type":"","overlay-color":"","overlay-opacity":"","overlay-gradient":""},"tablet":{"background-color":"var(--ast-global-color-5)","background-image":"","background-repeat":"repeat","background-position":"center center","background-size":"auto","background-attachment":"scroll","background-type":"","background-media":"","overlay-type":"","overlay-color":"","overlay-opacity":"","overlay-gradient":""},"mobile":{"background-color":"var(--ast-global-color-5)","background-image":"","background-repeat":"repeat","background-position":"center center","background-size":"auto","background-attachment":"scroll","background-type":"","background-media":"","overlay-type":"","overlay-color":"","overlay-opacity":"","overlay-gradient":""}},"footnotes":""},"class_list":["post-11857","page","type-page","status-publish","hentry"],"yoast_head":"<!-- This site is optimized with the Yoast SEO plugin v27.3 - https:\/\/yoast.com\/product\/yoast-seo-wordpress\/ -->\n<title>Thermenregion - WhyNotWein<\/title>\n<meta name=\"robots\" content=\"index, follow, max-snippet:-1, max-image-preview:large, max-video-preview:-1\" \/>\n<link rel=\"canonical\" href=\"https:\/\/whynotwein.eu\/nl\/wijngebieden\/niederoesterreich\/thermenregion\/\" \/>\n<meta property=\"og:locale\" content=\"nl_NL\" \/>\n<meta property=\"og:type\" content=\"article\" \/>\n<meta property=\"og:title\" content=\"Thermenregion - WhyNotWein\" \/>\n<meta property=\"og:description\" content=\"Wijngebied Thermenregio De Thermenregio ontstond met de wijnwet van 1985 toen de voormalige wijnbouwgebieden Gumpoldskirchen en Bad V\u00f6slau werden samengevoegd. 2196 hectare wijngaarden leunen tegen de uitlopers van het Weense bos, van de buitenwijken van Wenen langs een keten van heuvels met de Anninger als hoogste hoogte tot het zuiden van Baden. Autochtone druivenrassen zoals [&hellip;]\" \/>\n<meta property=\"og:url\" content=\"https:\/\/whynotwein.eu\/nl\/wijngebieden\/niederoesterreich\/thermenregion\/\" \/>\n<meta property=\"og:site_name\" content=\"WhyNotWein\" \/>\n<meta property=\"article:modified_time\" content=\"2022-11-28T16:32:41+00:00\" \/>\n<meta property=\"og:image\" content=\"https:\/\/whynotwein.eu\/wp-content\/uploads\/2022\/11\/website-niederoesterreich-wappen-176x300.png\" \/>\n<meta name=\"twitter:card\" content=\"summary_large_image\" \/>\n<meta name=\"twitter:label1\" content=\"Geschatte leestijd\" \/>\n\t<meta name=\"twitter:data1\" content=\"2 minutes\" \/>\n<script type=\"application\/ld+json\" class=\"yoast-schema-graph\">{\"@context\":\"https:\\\/\\\/schema.org\",\"@graph\":[{\"@type\":\"WebPage\",\"@id\":\"https:\\\/\\\/whynotwein.eu\\\/nl\\\/wijngebieden\\\/niederoesterreich\\\/thermenregion\\\/\",\"url\":\"https:\\\/\\\/whynotwein.eu\\\/nl\\\/wijngebieden\\\/niederoesterreich\\\/thermenregion\\\/\",\"name\":\"Thermenregion - WhyNotWein\",\"isPartOf\":{\"@id\":\"https:\\\/\\\/whynotwein.eu\\\/nl\\\/#website\"},\"primaryImageOfPage\":{\"@id\":\"https:\\\/\\\/whynotwein.eu\\\/nl\\\/wijngebieden\\\/niederoesterreich\\\/thermenregion\\\/#primaryimage\"},\"image\":{\"@id\":\"https:\\\/\\\/whynotwein.eu\\\/nl\\\/wijngebieden\\\/niederoesterreich\\\/thermenregion\\\/#primaryimage\"},\"thumbnailUrl\":\"https:\\\/\\\/whynotwein.eu\\\/wp-content\\\/uploads\\\/2022\\\/11\\\/website-niederoesterreich-wappen-176x300.png\",\"datePublished\":\"2016-04-18T14:14:49+00:00\",\"dateModified\":\"2022-11-28T16:32:41+00:00\",\"breadcrumb\":{\"@id\":\"https:\\\/\\\/whynotwein.eu\\\/nl\\\/wijngebieden\\\/niederoesterreich\\\/thermenregion\\\/#breadcrumb\"},\"inLanguage\":\"nl-NL\",\"potentialAction\":[{\"@type\":\"ReadAction\",\"target\":[\"https:\\\/\\\/whynotwein.eu\\\/nl\\\/wijngebieden\\\/niederoesterreich\\\/thermenregion\\\/\"]}]},{\"@type\":\"ImageObject\",\"inLanguage\":\"nl-NL\",\"@id\":\"https:\\\/\\\/whynotwein.eu\\\/nl\\\/wijngebieden\\\/niederoesterreich\\\/thermenregion\\\/#primaryimage\",\"url\":\"https:\\\/\\\/whynotwein.eu\\\/wp-content\\\/uploads\\\/2022\\\/11\\\/website-niederoesterreich-wappen-176x300.png\",\"contentUrl\":\"https:\\\/\\\/whynotwein.eu\\\/wp-content\\\/uploads\\\/2022\\\/11\\\/website-niederoesterreich-wappen-176x300.png\"},{\"@type\":\"BreadcrumbList\",\"@id\":\"https:\\\/\\\/whynotwein.eu\\\/nl\\\/wijngebieden\\\/niederoesterreich\\\/thermenregion\\\/#breadcrumb\",\"itemListElement\":[{\"@type\":\"ListItem\",\"position\":1,\"name\":\"Home\",\"item\":\"https:\\\/\\\/whynotwein.eu\\\/nl\\\/\"},{\"@type\":\"ListItem\",\"position\":2,\"name\":\"Wijngebieden\",\"item\":\"https:\\\/\\\/whynotwein.eu\\\/nl\\\/wijngebieden\\\/\"},{\"@type\":\"ListItem\",\"position\":3,\"name\":\"Neder-Oostenrijk\",\"item\":\"https:\\\/\\\/whynotwein.eu\\\/nl\\\/wijngebieden\\\/niederoesterreich\\\/\"},{\"@type\":\"ListItem\",\"position\":4,\"name\":\"Thermenregion\"}]},{\"@type\":\"WebSite\",\"@id\":\"https:\\\/\\\/whynotwein.eu\\\/nl\\\/#website\",\"url\":\"https:\\\/\\\/whynotwein.eu\\\/nl\\\/\",\"name\":\"WhyNotWein\",\"description\":\"Austrian Wines in Belgium\",\"publisher\":{\"@id\":\"https:\\\/\\\/whynotwein.eu\\\/nl\\\/#organization\"},\"potentialAction\":[{\"@type\":\"SearchAction\",\"target\":{\"@type\":\"EntryPoint\",\"urlTemplate\":\"https:\\\/\\\/whynotwein.eu\\\/nl\\\/?s={search_term_string}\"},\"query-input\":{\"@type\":\"PropertyValueSpecification\",\"valueRequired\":true,\"valueName\":\"search_term_string\"}}],\"inLanguage\":\"nl-NL\"},{\"@type\":\"Organization\",\"@id\":\"https:\\\/\\\/whynotwein.eu\\\/nl\\\/#organization\",\"name\":\"WhyNotWein\",\"url\":\"https:\\\/\\\/whynotwein.eu\\\/nl\\\/\",\"logo\":{\"@type\":\"ImageObject\",\"inLanguage\":\"nl-NL\",\"@id\":\"https:\\\/\\\/whynotwein.eu\\\/nl\\\/#\\\/schema\\\/logo\\\/image\\\/\",\"url\":\"https:\\\/\\\/whynotwein.eu\\\/wp-content\\\/uploads\\\/2015\\\/12\\\/WhyNotWein_Logo_340.png\",\"contentUrl\":\"https:\\\/\\\/whynotwein.eu\\\/wp-content\\\/uploads\\\/2015\\\/12\\\/WhyNotWein_Logo_340.png\",\"width\":340,\"height\":156,\"caption\":\"WhyNotWein\"},\"image\":{\"@id\":\"https:\\\/\\\/whynotwein.eu\\\/nl\\\/#\\\/schema\\\/logo\\\/image\\\/\"}}]}<\/script>\n<!-- \/ Yoast SEO plugin. -->","yoast_head_json":{"title":"Thermenregion - WhyNotWein","robots":{"index":"index","follow":"follow","max-snippet":"max-snippet:-1","max-image-preview":"max-image-preview:large","max-video-preview":"max-video-preview:-1"},"canonical":"https:\/\/whynotwein.eu\/nl\/wijngebieden\/niederoesterreich\/thermenregion\/","og_locale":"nl_NL","og_type":"article","og_title":"Thermenregion - WhyNotWein","og_description":"Wijngebied Thermenregio De Thermenregio ontstond met de wijnwet van 1985 toen de voormalige wijnbouwgebieden Gumpoldskirchen en Bad V\u00f6slau werden samengevoegd. 2196 hectare wijngaarden leunen tegen de uitlopers van het Weense bos, van de buitenwijken van Wenen langs een keten van heuvels met de Anninger als hoogste hoogte tot het zuiden van Baden. Autochtone druivenrassen zoals [&hellip;]","og_url":"https:\/\/whynotwein.eu\/nl\/wijngebieden\/niederoesterreich\/thermenregion\/","og_site_name":"WhyNotWein","article_modified_time":"2022-11-28T16:32:41+00:00","og_image":[{"url":"https:\/\/whynotwein.eu\/wp-content\/uploads\/2022\/11\/website-niederoesterreich-wappen-176x300.png","type":"","width":"","height":""}],"twitter_card":"summary_large_image","twitter_misc":{"Geschatte leestijd":"2 minutes"},"schema":{"@context":"https:\/\/schema.org","@graph":[{"@type":"WebPage","@id":"https:\/\/whynotwein.eu\/nl\/wijngebieden\/niederoesterreich\/thermenregion\/","url":"https:\/\/whynotwein.eu\/nl\/wijngebieden\/niederoesterreich\/thermenregion\/","name":"Thermenregion - WhyNotWein","isPartOf":{"@id":"https:\/\/whynotwein.eu\/nl\/#website"},"primaryImageOfPage":{"@id":"https:\/\/whynotwein.eu\/nl\/wijngebieden\/niederoesterreich\/thermenregion\/#primaryimage"},"image":{"@id":"https:\/\/whynotwein.eu\/nl\/wijngebieden\/niederoesterreich\/thermenregion\/#primaryimage"},"thumbnailUrl":"https:\/\/whynotwein.eu\/wp-content\/uploads\/2022\/11\/website-niederoesterreich-wappen-176x300.png","datePublished":"2016-04-18T14:14:49+00:00","dateModified":"2022-11-28T16:32:41+00:00","breadcrumb":{"@id":"https:\/\/whynotwein.eu\/nl\/wijngebieden\/niederoesterreich\/thermenregion\/#breadcrumb"},"inLanguage":"nl-NL","potentialAction":[{"@type":"ReadAction","target":["https:\/\/whynotwein.eu\/nl\/wijngebieden\/niederoesterreich\/thermenregion\/"]}]},{"@type":"ImageObject","inLanguage":"nl-NL","@id":"https:\/\/whynotwein.eu\/nl\/wijngebieden\/niederoesterreich\/thermenregion\/#primaryimage","url":"https:\/\/whynotwein.eu\/wp-content\/uploads\/2022\/11\/website-niederoesterreich-wappen-176x300.png","contentUrl":"https:\/\/whynotwein.eu\/wp-content\/uploads\/2022\/11\/website-niederoesterreich-wappen-176x300.png"},{"@type":"BreadcrumbList","@id":"https:\/\/whynotwein.eu\/nl\/wijngebieden\/niederoesterreich\/thermenregion\/#breadcrumb","itemListElement":[{"@type":"ListItem","position":1,"name":"Home","item":"https:\/\/whynotwein.eu\/nl\/"},{"@type":"ListItem","position":2,"name":"Wijngebieden","item":"https:\/\/whynotwein.eu\/nl\/wijngebieden\/"},{"@type":"ListItem","position":3,"name":"Neder-Oostenrijk","item":"https:\/\/whynotwein.eu\/nl\/wijngebieden\/niederoesterreich\/"},{"@type":"ListItem","position":4,"name":"Thermenregion"}]},{"@type":"WebSite","@id":"https:\/\/whynotwein.eu\/nl\/#website","url":"https:\/\/whynotwein.eu\/nl\/","name":"WhyNotWein","description":"Austrian Wines in Belgium","publisher":{"@id":"https:\/\/whynotwein.eu\/nl\/#organization"},"potentialAction":[{"@type":"SearchAction","target":{"@type":"EntryPoint","urlTemplate":"https:\/\/whynotwein.eu\/nl\/?s={search_term_string}"},"query-input":{"@type":"PropertyValueSpecification","valueRequired":true,"valueName":"search_term_string"}}],"inLanguage":"nl-NL"},{"@type":"Organization","@id":"https:\/\/whynotwein.eu\/nl\/#organization","name":"WhyNotWein","url":"https:\/\/whynotwein.eu\/nl\/","logo":{"@type":"ImageObject","inLanguage":"nl-NL","@id":"https:\/\/whynotwein.eu\/nl\/#\/schema\/logo\/image\/","url":"https:\/\/whynotwein.eu\/wp-content\/uploads\/2015\/12\/WhyNotWein_Logo_340.png","contentUrl":"https:\/\/whynotwein.eu\/wp-content\/uploads\/2015\/12\/WhyNotWein_Logo_340.png","width":340,"height":156,"caption":"WhyNotWein"},"image":{"@id":"https:\/\/whynotwein.eu\/nl\/#\/schema\/logo\/image\/"}}]}},"uagb_featured_image_src":{"full":false,"thumbnail":false,"medium":false,"medium_large":false,"large":false,"1536x1536":false,"2048x2048":false,"gform-image-choice-sm":false,"gform-image-choice-md":false,"gform-image-choice-lg":false,"woocommerce_thumbnail":false,"woocommerce_single":false,"woocommerce_gallery_thumbnail":false},"uagb_author_info":{"display_name":"Ren\u00e9 Clausen","author_link":"https:\/\/whynotwein.eu\/nl\/author\/rene\/"},"uagb_comment_info":0,"uagb_excerpt":"Wijngebied Thermenregio De Thermenregio ontstond met de wijnwet van 1985 toen de voormalige wijnbouwgebieden Gumpoldskirchen en Bad V\u00f6slau werden samengevoegd. 2196 hectare wijngaarden leunen tegen de uitlopers van het Weense bos, van de buitenwijken van Wenen langs een keten van heuvels met de Anninger als hoogste hoogte tot het zuiden van Baden. Autochtone druivenrassen zoals&hellip;","_links":{"self":[{"href":"https:\/\/whynotwein.eu\/nl\/wp-json\/wp\/v2\/pages\/11857","targetHints":{"allow":["GET"]}}],"collection":[{"href":"https:\/\/whynotwein.eu\/nl\/wp-json\/wp\/v2\/pages"}],"about":[{"href":"https:\/\/whynotwein.eu\/nl\/wp-json\/wp\/v2\/types\/page"}],"author":[{"embeddable":true,"href":"https:\/\/whynotwein.eu\/nl\/wp-json\/wp\/v2\/users\/2345"}],"replies":[{"embeddable":true,"href":"https:\/\/whynotwein.eu\/nl\/wp-json\/wp\/v2\/comments?post=11857"}],"version-history":[{"count":6,"href":"https:\/\/whynotwein.eu\/nl\/wp-json\/wp\/v2\/pages\/11857\/revisions"}],"predecessor-version":[{"id":27078,"href":"https:\/\/whynotwein.eu\/nl\/wp-json\/wp\/v2\/pages\/11857\/revisions\/27078"}],"up":[{"embeddable":true,"href":"https:\/\/whynotwein.eu\/nl\/wp-json\/wp\/v2\/pages\/11848"}],"wp:attachment":[{"href":"https:\/\/whynotwein.eu\/nl\/wp-json\/wp\/v2\/media?parent=11857"}],"curies":[{"name":"wp","href":"https:\/\/api.w.org\/{rel}","templated":true}]}}