{"id":11894,"date":"2016-04-14T16:50:43","date_gmt":"2016-04-14T14:50:43","guid":{"rendered":"http:\/\/whynotwein.eu\/nl\/weinregionen\/niederoesterreich\/wachau\/"},"modified":"2022-11-29T08:58:06","modified_gmt":"2022-11-29T07:58:06","slug":"wachau","status":"publish","type":"page","link":"https:\/\/whynotwein.eu\/nl\/wijngebieden\/niederoesterreich\/wachau\/","title":{"rendered":"Wachau"},"content":{"rendered":"\n<div class=\"wp-block-uagb-container uagb-block-498466fc alignfull uagb-is-root-container\"><div class=\"uagb-container-inner-blocks-wrap\">\n<div class=\"wp-block-uagb-container uagb-block-b03e3121 alignfull uagb-is-root-container\"><div class=\"uagb-container-inner-blocks-wrap\">\n<div class=\"wp-block-uagb-image uagb-block-b86c5c4b wp-block-uagb-image--layout-default wp-block-uagb-image--effect-static wp-block-uagb-image--align-center\"><figure class=\"wp-block-uagb-image__figure\"><a class=\"\" href=\"https:\/\/pswp.fra1.digitaloceanspaces.com\/w\/20250922165934\/website-steiermark-wappen.jpeg\" target=\"\" rel=\"noopener\"><img decoding=\"async\" srcset=\"https:\/\/pswp.fra1.digitaloceanspaces.com\/w\/20250922165937\/website-niederoesterreich-wappen-176x300.png \" src=\"https:\/\/pswp.fra1.digitaloceanspaces.com\/w\/20250922165937\/website-niederoesterreich-wappen-176x300.png\" alt=\"\" class=\"uag-image-26454\" width=\"176\" height=\"300\" title=\"\"\/><\/a><\/figure><\/div>\n\n\n\n<div class=\"wp-block-uagb-icon-list uagb-block-c739a6ca\"><div class=\"uagb-icon-list__wrap\">\n<div class=\"wp-block-uagb-icon-list-child uagb-block-be41af99\"><span class=\"uagb-icon-list__source-wrap\"><svg xmlns=\"https:\/\/www.w3.org\/2000\/svg\" viewbox=\"0 0 512 512\"><path d=\"M256 0C114.6 0 0 114.6 0 256c0 141.4 114.6 256 256 256s256-114.6 256-256C512 114.6 397.4 0 256 0zM406.6 278.6l-103.1 103.1c-12.5 12.5-32.75 12.5-45.25 0s-12.5-32.75 0-45.25L306.8 288H128C110.3 288 96 273.7 96 256s14.31-32 32-32h178.8l-49.38-49.38c-12.5-12.5-12.5-32.75 0-45.25s32.75-12.5 45.25 0l103.1 103.1C414.6 241.3 416 251.1 416 256C416 260.9 414.6 270.7 406.6 278.6z\"><\/path><\/svg><\/span><span class=\"uagb-icon-list__label\">Steile terrassen, edele druivensoorten, monumentale wijnen<\/span><\/div>\n\n\n\n<div class=\"wp-block-uagb-icon-list-child uagb-block-f4ed8cbf\"><span class=\"uagb-icon-list__source-wrap\"><svg xmlns=\"https:\/\/www.w3.org\/2000\/svg\" viewbox=\"0 0 512 512\"><path d=\"M256 0C114.6 0 0 114.6 0 256c0 141.4 114.6 256 256 256s256-114.6 256-256C512 114.6 397.4 0 256 0zM406.6 278.6l-103.1 103.1c-12.5 12.5-32.75 12.5-45.25 0s-12.5-32.75 0-45.25L306.8 288H128C110.3 288 96 273.7 96 256s14.31-32 32-32h178.8l-49.38-49.38c-12.5-12.5-12.5-32.75 0-45.25s32.75-12.5 45.25 0l103.1 103.1C414.6 241.3 416 251.1 416 256C416 260.9 414.6 270.7 406.6 278.6z\"><\/path><\/svg><\/span><span class=\"uagb-icon-list__label\">Koele valwinden<\/span><\/div>\n\n\n\n<div class=\"wp-block-uagb-icon-list-child uagb-block-debe96bb\"><span class=\"uagb-icon-list__source-wrap\"><svg xmlns=\"https:\/\/www.w3.org\/2000\/svg\" viewbox=\"0 0 512 512\"><path d=\"M256 0C114.6 0 0 114.6 0 256c0 141.4 114.6 256 256 256s256-114.6 256-256C512 114.6 397.4 0 256 0zM406.6 278.6l-103.1 103.1c-12.5 12.5-32.75 12.5-45.25 0s-12.5-32.75 0-45.25L306.8 288H128C110.3 288 96 273.7 96 256s14.31-32 32-32h178.8l-49.38-49.38c-12.5-12.5-12.5-32.75 0-45.25s32.75-12.5 45.25 0l103.1 103.1C414.6 241.3 416 251.1 416 256C416 260.9 414.6 270.7 406.6 278.6z\"><\/path><\/svg><\/span><span class=\"uagb-icon-list__label\">Hellingen<\/span><\/div>\n<\/div><\/div>\n<\/div><\/div>\n\n\n\n<div class=\"wp-block-uagb-container uagb-block-024dc45e alignfull uagb-is-root-container\"><div class=\"uagb-container-inner-blocks-wrap\">\n<h3 class=\"wp-block-heading\">Wijngebied Wachau<\/h3>\n\n\n\n<p>Werelderfgoed en betoverend mooi landschap &#8211; dat is de Wachau, het smalle Donaudal tussen Melk en Krems. Op 1350 hectare, deels op steile terrassen, worden voornamelijk Gr\u00fcner Veltliner en Riesling verbouwd. De wijncategorie\u00ebn &#8220;Steinfeder&#8221;, &#8220;Federspiel&#8221; en &#8220;Smaragd&#8221; staan voor de natuurlijkheid van de Wachau-wijnen. De ontstaansgeschiedenis van een van de meest fascinerende wijnbouwgebieden van Oostenrijk is boeiend. In de post-glaciale periode vestigden zich in de luwte van de bergen stoffige gronden, die enerzijds de huidige l\u00f6ssgronden en anderzijds de steile hellingen van het Gf\u00f6hler gneis vormden. De Donau droeg ook bij door zand, grind en alluviale l\u00f6ss af te zetten in de vlakke gebieden. Deze geologische terreinomstandigheden in combinatie met de terrassen die de mensen als &#8220;landschapsonderhouders&#8221; hebben aangelegd om de beste steile hellingen te bewerken, tekenen het markante beeld van het Wachauer wijnlandschap. Ook het klimaat is spannend, want hier komen twee sterke invloeden samen &#8211; niet frontaal, maar nauw verweven: het westelijke Atlantische en het oostelijke Pannonische klimaat. Afhankelijk van de helling, de blootstelling, de terreinvorming en de warmtevasthoudende muren en rotsen ontstaan microklimaatzones.<\/p>\n\n\n\n<p>De hete, droge zomers en de strenge winters worden gecompenseerd door het grote wateroppervlak van de Donau. De koele wind uit het noordelijke Waldviertel zorgt voor grote temperatuurschommelingen tussen dag en nacht, vooral in de maanden voor de oogst. Van de koelere Spitzer Graben tot de warmere Loibenberg geeft dit samenspel aanleiding tot de gelaagde aroma&#8217;s van de druiven. Dit wordt voelbaar in de wijnen als koel fruit met deels exotische hints: van de slanke Steinfeder over de elegante Federspiel tot de edele Smaragd, gedefinieerd door de onmisbare beschermende vereniging &#8220;Vinea Wachau&#8221;. En opnieuw is het spannend om op zoek te gaan naar wijn-culinaire adressen in de historische ambiance van de wijndorpen. In de Wachau, van Spitz tot Wei\u00dfenkirchen, van W\u00f6sendorf en Joching tot D\u00fcrnstein en Loiben, zijn overal topwijnboeren en toprestaurateurs te vinden; een of twee uitstapjes naar de rechteroever van de Donau zijn aan te bevelen. Naast het heersende paar Riesling en Veltliner &#8211; geprezen om hun uitzonderlijke rijpingspotentieel &#8211; staan ook Pinot Blanc, Neuburger, Muscat of Sauvignon Blanc garant voor uitstekende smaakervaringen.<\/p>\n<\/div><\/div>\n<\/div><\/div>\n\n<figure class=\"wp-block-gallery has-nested-images columns-default is-cropped wp-block-gallery-1 is-layout-flex wp-block-gallery-is-layout-flex\">\n<figure class=\"wp-block-image size-full\"><a href=\"https:\/\/pswp.fra1.digitaloceanspaces.com\/w\/20250922170208\/website-weinreben-wachau.jpg\"><img decoding=\"async\" data-id=\"21319\" src=\"https:\/\/pswp.fra1.digitaloceanspaces.com\/w\/20250922170208\/website-weinreben-wachau.jpg\" alt=\"\" class=\"wp-image-21319\"\/><\/a><\/figure>\n\n\n\n<figure class=\"wp-block-image size-full\"><a href=\"https:\/\/pswp.fra1.digitaloceanspaces.com\/w\/20250922170442\/website-domaene-wachau2.png\"><img decoding=\"async\" width=\"540\" height=\"359\" data-id=\"12920\" src=\"https:\/\/pswp.fra1.digitaloceanspaces.com\/w\/20250922170442\/website-domaene-wachau2.png\" alt=\"\" class=\"wp-image-12920\" srcset=\"https:\/\/pswp.fra1.digitaloceanspaces.com\/w\/20250922170442\/website-domaene-wachau2.png 540w, https:\/\/pswp.fra1.digitaloceanspaces.com\/w\/20250922170442\/website-domaene-wachau2-450x299.png 450w, https:\/\/pswp.fra1.digitaloceanspaces.com\/w\/20250922170442\/website-domaene-wachau2-300x199.png 300w\" sizes=\"(max-width: 540px) 100vw, 540px\" \/><\/a><\/figure>\n\n\n\n<figure class=\"wp-block-image size-large\"><a href=\"https:\/\/pswp.fra1.digitaloceanspaces.com\/w\/20250922170207\/website-weinreben-wachau-stein.jpg\"><img decoding=\"async\" width=\"1030\" height=\"773\" data-id=\"21324\" src=\"https:\/\/pswp.fra1.digitaloceanspaces.com\/w\/20250922170207\/website-weinreben-wachau-stein-1030x773.jpg\" alt=\"\" class=\"wp-image-21324\" srcset=\"https:\/\/pswp.fra1.digitaloceanspaces.com\/w\/20250922170207\/website-weinreben-wachau-stein-1030x773.jpg 1030w, https:\/\/pswp.fra1.digitaloceanspaces.com\/w\/20250922170207\/website-weinreben-wachau-stein-450x338.jpg 450w, https:\/\/pswp.fra1.digitaloceanspaces.com\/w\/20250922170207\/website-weinreben-wachau-stein-300x225.jpg 300w, https:\/\/pswp.fra1.digitaloceanspaces.com\/w\/20250922170207\/website-weinreben-wachau-stein-768x576.jpg 768w, https:\/\/pswp.fra1.digitaloceanspaces.com\/w\/20250922170207\/website-weinreben-wachau-stein-1536x1152.jpg 1536w, https:\/\/pswp.fra1.digitaloceanspaces.com\/w\/20250922170207\/website-weinreben-wachau-stein-2048x1536.jpg 2048w, https:\/\/pswp.fra1.digitaloceanspaces.com\/w\/20250922170207\/website-weinreben-wachau-stein-1500x1125.jpg 1500w, https:\/\/pswp.fra1.digitaloceanspaces.com\/w\/20250922170207\/website-weinreben-wachau-stein-705x529.jpg 705w, https:\/\/pswp.fra1.digitaloceanspaces.com\/w\/20250922170207\/website-weinreben-wachau-stein.jpg 1600w\" sizes=\"(max-width: 1030px) 100vw, 1030px\" \/><\/a><\/figure>\n<\/figure>\n","protected":false},"excerpt":{"rendered":"<p>Wijngebied Wachau Werelderfgoed en betoverend mooi landschap &#8211; dat is de Wachau, het smalle Donaudal tussen Melk en Krems. Op 1350 hectare, deels op steile terrassen, worden voornamelijk Gr\u00fcner Veltliner en Riesling verbouwd. De wijncategorie\u00ebn &#8220;Steinfeder&#8221;, &#8220;Federspiel&#8221; en &#8220;Smaragd&#8221; staan voor de natuurlijkheid van de Wachau-wijnen. De ontstaansgeschiedenis van een van de meest fascinerende wijnbouwgebieden [&hellip;]<\/p>\n","protected":false},"author":2345,"featured_media":0,"parent":11848,"menu_order":0,"comment_status":"closed","ping_status":"closed","template":"","meta":{"_eb_attr":"","_uag_custom_page_level_css":"","site-sidebar-layout":"default","site-content-layout":"","ast-site-content-layout":"default","site-content-style":"default","site-sidebar-style":"default","ast-global-header-display":"","ast-banner-title-visibility":"","ast-main-header-display":"","ast-hfb-above-header-display":"","ast-hfb-below-header-display":"","ast-hfb-mobile-header-display":"","site-post-title":"","ast-breadcrumbs-content":"","ast-featured-img":"","footer-sml-layout":"","ast-disable-related-posts":"","theme-transparent-header-meta":"","adv-header-id-meta":"","stick-header-meta":"","header-above-stick-meta":"","header-main-stick-meta":"","header-below-stick-meta":"","astra-migrate-meta-layouts":"default","ast-page-background-enabled":"default","ast-page-background-meta":{"desktop":{"background-color":"var(--ast-global-color-4)","background-image":"","background-repeat":"repeat","background-position":"center center","background-size":"auto","background-attachment":"scroll","background-type":"","background-media":"","overlay-type":"","overlay-color":"","overlay-opacity":"","overlay-gradient":""},"tablet":{"background-color":"","background-image":"","background-repeat":"repeat","background-position":"center center","background-size":"auto","background-attachment":"scroll","background-type":"","background-media":"","overlay-type":"","overlay-color":"","overlay-opacity":"","overlay-gradient":""},"mobile":{"background-color":"","background-image":"","background-repeat":"repeat","background-position":"center center","background-size":"auto","background-attachment":"scroll","background-type":"","background-media":"","overlay-type":"","overlay-color":"","overlay-opacity":"","overlay-gradient":""}},"ast-content-background-meta":{"desktop":{"background-color":"var(--ast-global-color-5)","background-image":"","background-repeat":"repeat","background-position":"center center","background-size":"auto","background-attachment":"scroll","background-type":"","background-media":"","overlay-type":"","overlay-color":"","overlay-opacity":"","overlay-gradient":""},"tablet":{"background-color":"var(--ast-global-color-5)","background-image":"","background-repeat":"repeat","background-position":"center center","background-size":"auto","background-attachment":"scroll","background-type":"","background-media":"","overlay-type":"","overlay-color":"","overlay-opacity":"","overlay-gradient":""},"mobile":{"background-color":"var(--ast-global-color-5)","background-image":"","background-repeat":"repeat","background-position":"center center","background-size":"auto","background-attachment":"scroll","background-type":"","background-media":"","overlay-type":"","overlay-color":"","overlay-opacity":"","overlay-gradient":""}},"footnotes":""},"class_list":["post-11894","page","type-page","status-publish","hentry"],"yoast_head":"<!-- This site is optimized with the Yoast SEO plugin v27.3 - https:\/\/yoast.com\/product\/yoast-seo-wordpress\/ -->\n<title>Wachau - WhyNotWein<\/title>\n<meta name=\"robots\" content=\"index, follow, max-snippet:-1, max-image-preview:large, max-video-preview:-1\" \/>\n<link rel=\"canonical\" href=\"https:\/\/whynotwein.eu\/nl\/wijngebieden\/niederoesterreich\/wachau\/\" \/>\n<meta property=\"og:locale\" content=\"nl_NL\" \/>\n<meta property=\"og:type\" content=\"article\" \/>\n<meta property=\"og:title\" content=\"Wachau - WhyNotWein\" \/>\n<meta property=\"og:description\" content=\"Wijngebied Wachau Werelderfgoed en betoverend mooi landschap &#8211; dat is de Wachau, het smalle Donaudal tussen Melk en Krems. Op 1350 hectare, deels op steile terrassen, worden voornamelijk Gr\u00fcner Veltliner en Riesling verbouwd. De wijncategorie\u00ebn &#8220;Steinfeder&#8221;, &#8220;Federspiel&#8221; en &#8220;Smaragd&#8221; staan voor de natuurlijkheid van de Wachau-wijnen. De ontstaansgeschiedenis van een van de meest fascinerende wijnbouwgebieden [&hellip;]\" \/>\n<meta property=\"og:url\" content=\"https:\/\/whynotwein.eu\/nl\/wijngebieden\/niederoesterreich\/wachau\/\" \/>\n<meta property=\"og:site_name\" content=\"WhyNotWein\" \/>\n<meta property=\"article:modified_time\" content=\"2022-11-29T07:58:06+00:00\" \/>\n<meta property=\"og:image\" content=\"https:\/\/whynotwein.eu\/wp-content\/uploads\/2022\/11\/website-niederoesterreich-wappen-176x300.png\" \/>\n<meta name=\"twitter:card\" content=\"summary_large_image\" \/>\n<meta name=\"twitter:label1\" content=\"Geschatte leestijd\" \/>\n\t<meta name=\"twitter:data1\" content=\"2 minutes\" \/>\n<script type=\"application\/ld+json\" class=\"yoast-schema-graph\">{\"@context\":\"https:\\\/\\\/schema.org\",\"@graph\":[{\"@type\":\"WebPage\",\"@id\":\"https:\\\/\\\/whynotwein.eu\\\/nl\\\/wijngebieden\\\/niederoesterreich\\\/wachau\\\/\",\"url\":\"https:\\\/\\\/whynotwein.eu\\\/nl\\\/wijngebieden\\\/niederoesterreich\\\/wachau\\\/\",\"name\":\"Wachau - WhyNotWein\",\"isPartOf\":{\"@id\":\"https:\\\/\\\/whynotwein.eu\\\/nl\\\/#website\"},\"primaryImageOfPage\":{\"@id\":\"https:\\\/\\\/whynotwein.eu\\\/nl\\\/wijngebieden\\\/niederoesterreich\\\/wachau\\\/#primaryimage\"},\"image\":{\"@id\":\"https:\\\/\\\/whynotwein.eu\\\/nl\\\/wijngebieden\\\/niederoesterreich\\\/wachau\\\/#primaryimage\"},\"thumbnailUrl\":\"https:\\\/\\\/whynotwein.eu\\\/wp-content\\\/uploads\\\/2022\\\/11\\\/website-niederoesterreich-wappen-176x300.png\",\"datePublished\":\"2016-04-14T14:50:43+00:00\",\"dateModified\":\"2022-11-29T07:58:06+00:00\",\"breadcrumb\":{\"@id\":\"https:\\\/\\\/whynotwein.eu\\\/nl\\\/wijngebieden\\\/niederoesterreich\\\/wachau\\\/#breadcrumb\"},\"inLanguage\":\"nl-NL\",\"potentialAction\":[{\"@type\":\"ReadAction\",\"target\":[\"https:\\\/\\\/whynotwein.eu\\\/nl\\\/wijngebieden\\\/niederoesterreich\\\/wachau\\\/\"]}]},{\"@type\":\"ImageObject\",\"inLanguage\":\"nl-NL\",\"@id\":\"https:\\\/\\\/whynotwein.eu\\\/nl\\\/wijngebieden\\\/niederoesterreich\\\/wachau\\\/#primaryimage\",\"url\":\"https:\\\/\\\/whynotwein.eu\\\/wp-content\\\/uploads\\\/2022\\\/11\\\/website-niederoesterreich-wappen-176x300.png\",\"contentUrl\":\"https:\\\/\\\/whynotwein.eu\\\/wp-content\\\/uploads\\\/2022\\\/11\\\/website-niederoesterreich-wappen-176x300.png\"},{\"@type\":\"BreadcrumbList\",\"@id\":\"https:\\\/\\\/whynotwein.eu\\\/nl\\\/wijngebieden\\\/niederoesterreich\\\/wachau\\\/#breadcrumb\",\"itemListElement\":[{\"@type\":\"ListItem\",\"position\":1,\"name\":\"Home\",\"item\":\"https:\\\/\\\/whynotwein.eu\\\/nl\\\/\"},{\"@type\":\"ListItem\",\"position\":2,\"name\":\"Wijngebieden\",\"item\":\"https:\\\/\\\/whynotwein.eu\\\/nl\\\/wijngebieden\\\/\"},{\"@type\":\"ListItem\",\"position\":3,\"name\":\"Neder-Oostenrijk\",\"item\":\"https:\\\/\\\/whynotwein.eu\\\/nl\\\/wijngebieden\\\/niederoesterreich\\\/\"},{\"@type\":\"ListItem\",\"position\":4,\"name\":\"Wachau\"}]},{\"@type\":\"WebSite\",\"@id\":\"https:\\\/\\\/whynotwein.eu\\\/nl\\\/#website\",\"url\":\"https:\\\/\\\/whynotwein.eu\\\/nl\\\/\",\"name\":\"WhyNotWein\",\"description\":\"Austrian Wines in Belgium\",\"publisher\":{\"@id\":\"https:\\\/\\\/whynotwein.eu\\\/nl\\\/#organization\"},\"potentialAction\":[{\"@type\":\"SearchAction\",\"target\":{\"@type\":\"EntryPoint\",\"urlTemplate\":\"https:\\\/\\\/whynotwein.eu\\\/nl\\\/?s={search_term_string}\"},\"query-input\":{\"@type\":\"PropertyValueSpecification\",\"valueRequired\":true,\"valueName\":\"search_term_string\"}}],\"inLanguage\":\"nl-NL\"},{\"@type\":\"Organization\",\"@id\":\"https:\\\/\\\/whynotwein.eu\\\/nl\\\/#organization\",\"name\":\"WhyNotWein\",\"url\":\"https:\\\/\\\/whynotwein.eu\\\/nl\\\/\",\"logo\":{\"@type\":\"ImageObject\",\"inLanguage\":\"nl-NL\",\"@id\":\"https:\\\/\\\/whynotwein.eu\\\/nl\\\/#\\\/schema\\\/logo\\\/image\\\/\",\"url\":\"https:\\\/\\\/whynotwein.eu\\\/wp-content\\\/uploads\\\/2015\\\/12\\\/WhyNotWein_Logo_340.png\",\"contentUrl\":\"https:\\\/\\\/whynotwein.eu\\\/wp-content\\\/uploads\\\/2015\\\/12\\\/WhyNotWein_Logo_340.png\",\"width\":340,\"height\":156,\"caption\":\"WhyNotWein\"},\"image\":{\"@id\":\"https:\\\/\\\/whynotwein.eu\\\/nl\\\/#\\\/schema\\\/logo\\\/image\\\/\"}}]}<\/script>\n<!-- \/ Yoast SEO plugin. -->","yoast_head_json":{"title":"Wachau - WhyNotWein","robots":{"index":"index","follow":"follow","max-snippet":"max-snippet:-1","max-image-preview":"max-image-preview:large","max-video-preview":"max-video-preview:-1"},"canonical":"https:\/\/whynotwein.eu\/nl\/wijngebieden\/niederoesterreich\/wachau\/","og_locale":"nl_NL","og_type":"article","og_title":"Wachau - WhyNotWein","og_description":"Wijngebied Wachau Werelderfgoed en betoverend mooi landschap &#8211; dat is de Wachau, het smalle Donaudal tussen Melk en Krems. Op 1350 hectare, deels op steile terrassen, worden voornamelijk Gr\u00fcner Veltliner en Riesling verbouwd. De wijncategorie\u00ebn &#8220;Steinfeder&#8221;, &#8220;Federspiel&#8221; en &#8220;Smaragd&#8221; staan voor de natuurlijkheid van de Wachau-wijnen. De ontstaansgeschiedenis van een van de meest fascinerende wijnbouwgebieden [&hellip;]","og_url":"https:\/\/whynotwein.eu\/nl\/wijngebieden\/niederoesterreich\/wachau\/","og_site_name":"WhyNotWein","article_modified_time":"2022-11-29T07:58:06+00:00","og_image":[{"url":"https:\/\/whynotwein.eu\/wp-content\/uploads\/2022\/11\/website-niederoesterreich-wappen-176x300.png","type":"","width":"","height":""}],"twitter_card":"summary_large_image","twitter_misc":{"Geschatte leestijd":"2 minutes"},"schema":{"@context":"https:\/\/schema.org","@graph":[{"@type":"WebPage","@id":"https:\/\/whynotwein.eu\/nl\/wijngebieden\/niederoesterreich\/wachau\/","url":"https:\/\/whynotwein.eu\/nl\/wijngebieden\/niederoesterreich\/wachau\/","name":"Wachau - WhyNotWein","isPartOf":{"@id":"https:\/\/whynotwein.eu\/nl\/#website"},"primaryImageOfPage":{"@id":"https:\/\/whynotwein.eu\/nl\/wijngebieden\/niederoesterreich\/wachau\/#primaryimage"},"image":{"@id":"https:\/\/whynotwein.eu\/nl\/wijngebieden\/niederoesterreich\/wachau\/#primaryimage"},"thumbnailUrl":"https:\/\/whynotwein.eu\/wp-content\/uploads\/2022\/11\/website-niederoesterreich-wappen-176x300.png","datePublished":"2016-04-14T14:50:43+00:00","dateModified":"2022-11-29T07:58:06+00:00","breadcrumb":{"@id":"https:\/\/whynotwein.eu\/nl\/wijngebieden\/niederoesterreich\/wachau\/#breadcrumb"},"inLanguage":"nl-NL","potentialAction":[{"@type":"ReadAction","target":["https:\/\/whynotwein.eu\/nl\/wijngebieden\/niederoesterreich\/wachau\/"]}]},{"@type":"ImageObject","inLanguage":"nl-NL","@id":"https:\/\/whynotwein.eu\/nl\/wijngebieden\/niederoesterreich\/wachau\/#primaryimage","url":"https:\/\/whynotwein.eu\/wp-content\/uploads\/2022\/11\/website-niederoesterreich-wappen-176x300.png","contentUrl":"https:\/\/whynotwein.eu\/wp-content\/uploads\/2022\/11\/website-niederoesterreich-wappen-176x300.png"},{"@type":"BreadcrumbList","@id":"https:\/\/whynotwein.eu\/nl\/wijngebieden\/niederoesterreich\/wachau\/#breadcrumb","itemListElement":[{"@type":"ListItem","position":1,"name":"Home","item":"https:\/\/whynotwein.eu\/nl\/"},{"@type":"ListItem","position":2,"name":"Wijngebieden","item":"https:\/\/whynotwein.eu\/nl\/wijngebieden\/"},{"@type":"ListItem","position":3,"name":"Neder-Oostenrijk","item":"https:\/\/whynotwein.eu\/nl\/wijngebieden\/niederoesterreich\/"},{"@type":"ListItem","position":4,"name":"Wachau"}]},{"@type":"WebSite","@id":"https:\/\/whynotwein.eu\/nl\/#website","url":"https:\/\/whynotwein.eu\/nl\/","name":"WhyNotWein","description":"Austrian Wines in Belgium","publisher":{"@id":"https:\/\/whynotwein.eu\/nl\/#organization"},"potentialAction":[{"@type":"SearchAction","target":{"@type":"EntryPoint","urlTemplate":"https:\/\/whynotwein.eu\/nl\/?s={search_term_string}"},"query-input":{"@type":"PropertyValueSpecification","valueRequired":true,"valueName":"search_term_string"}}],"inLanguage":"nl-NL"},{"@type":"Organization","@id":"https:\/\/whynotwein.eu\/nl\/#organization","name":"WhyNotWein","url":"https:\/\/whynotwein.eu\/nl\/","logo":{"@type":"ImageObject","inLanguage":"nl-NL","@id":"https:\/\/whynotwein.eu\/nl\/#\/schema\/logo\/image\/","url":"https:\/\/whynotwein.eu\/wp-content\/uploads\/2015\/12\/WhyNotWein_Logo_340.png","contentUrl":"https:\/\/whynotwein.eu\/wp-content\/uploads\/2015\/12\/WhyNotWein_Logo_340.png","width":340,"height":156,"caption":"WhyNotWein"},"image":{"@id":"https:\/\/whynotwein.eu\/nl\/#\/schema\/logo\/image\/"}}]}},"uagb_featured_image_src":{"full":false,"thumbnail":false,"medium":false,"medium_large":false,"large":false,"1536x1536":false,"2048x2048":false,"gform-image-choice-sm":false,"gform-image-choice-md":false,"gform-image-choice-lg":false,"woocommerce_thumbnail":false,"woocommerce_single":false,"woocommerce_gallery_thumbnail":false},"uagb_author_info":{"display_name":"Ren\u00e9 Clausen","author_link":"https:\/\/whynotwein.eu\/nl\/author\/rene\/"},"uagb_comment_info":0,"uagb_excerpt":"Wijngebied Wachau Werelderfgoed en betoverend mooi landschap &#8211; dat is de Wachau, het smalle Donaudal tussen Melk en Krems. Op 1350 hectare, deels op steile terrassen, worden voornamelijk Gr\u00fcner Veltliner en Riesling verbouwd. De wijncategorie\u00ebn &#8220;Steinfeder&#8221;, &#8220;Federspiel&#8221; en &#8220;Smaragd&#8221; staan voor de natuurlijkheid van de Wachau-wijnen. De ontstaansgeschiedenis van een van de meest fascinerende wijnbouwgebieden&hellip;","_links":{"self":[{"href":"https:\/\/whynotwein.eu\/nl\/wp-json\/wp\/v2\/pages\/11894","targetHints":{"allow":["GET"]}}],"collection":[{"href":"https:\/\/whynotwein.eu\/nl\/wp-json\/wp\/v2\/pages"}],"about":[{"href":"https:\/\/whynotwein.eu\/nl\/wp-json\/wp\/v2\/types\/page"}],"author":[{"embeddable":true,"href":"https:\/\/whynotwein.eu\/nl\/wp-json\/wp\/v2\/users\/2345"}],"replies":[{"embeddable":true,"href":"https:\/\/whynotwein.eu\/nl\/wp-json\/wp\/v2\/comments?post=11894"}],"version-history":[{"count":7,"href":"https:\/\/whynotwein.eu\/nl\/wp-json\/wp\/v2\/pages\/11894\/revisions"}],"predecessor-version":[{"id":27098,"href":"https:\/\/whynotwein.eu\/nl\/wp-json\/wp\/v2\/pages\/11894\/revisions\/27098"}],"up":[{"embeddable":true,"href":"https:\/\/whynotwein.eu\/nl\/wp-json\/wp\/v2\/pages\/11848"}],"wp:attachment":[{"href":"https:\/\/whynotwein.eu\/nl\/wp-json\/wp\/v2\/media?parent=11894"}],"curies":[{"name":"wp","href":"https:\/\/api.w.org\/{rel}","templated":true}]}}