{"id":11899,"date":"2016-04-13T17:40:58","date_gmt":"2016-04-13T15:40:58","guid":{"rendered":"http:\/\/whynotwein.eu\/nl\/weinregionen\/niederoesterreich\/traisental\/"},"modified":"2022-11-28T17:45:40","modified_gmt":"2022-11-28T16:45:40","slug":"traisental","status":"publish","type":"page","link":"https:\/\/whynotwein.eu\/nl\/wijngebieden\/niederoesterreich\/traisental\/","title":{"rendered":"Traisental"},"content":{"rendered":"\n<div class=\"wp-block-uagb-container uagb-block-0a47863e alignfull uagb-is-root-container\"><div class=\"uagb-container-inner-blocks-wrap\">\n<div class=\"wp-block-uagb-container uagb-block-1eafb91b alignfull uagb-is-root-container\"><div class=\"uagb-container-inner-blocks-wrap\">\n<div class=\"wp-block-uagb-image uagb-block-0b7d06c7 wp-block-uagb-image--layout-default wp-block-uagb-image--effect-static wp-block-uagb-image--align-center\"><figure class=\"wp-block-uagb-image__figure\"><a class=\"\" href=\"https:\/\/pswp.fra1.digitaloceanspaces.com\/w\/20250922165934\/website-steiermark-wappen.jpeg\" target=\"\" rel=\"noopener\"><img decoding=\"async\" srcset=\"https:\/\/pswp.fra1.digitaloceanspaces.com\/w\/20250922165937\/website-niederoesterreich-wappen-176x300.png \" src=\"https:\/\/pswp.fra1.digitaloceanspaces.com\/w\/20250922165937\/website-niederoesterreich-wappen-176x300.png\" alt=\"\" class=\"uag-image-26454\" width=\"176\" height=\"300\" title=\"\"\/><\/a><\/figure><\/div>\n\n\n\n<div class=\"wp-block-uagb-icon-list uagb-block-2d8b7011\"><div class=\"uagb-icon-list__wrap\">\n<div class=\"wp-block-uagb-icon-list-child uagb-block-54de3f5e\"><span class=\"uagb-icon-list__source-wrap\"><svg xmlns=\"https:\/\/www.w3.org\/2000\/svg\" viewbox=\"0 0 512 512\"><path d=\"M256 0C114.6 0 0 114.6 0 256c0 141.4 114.6 256 256 256s256-114.6 256-256C512 114.6 397.4 0 256 0zM406.6 278.6l-103.1 103.1c-12.5 12.5-32.75 12.5-45.25 0s-12.5-32.75 0-45.25L306.8 288H128C110.3 288 96 273.7 96 256s14.31-32 32-32h178.8l-49.38-49.38c-12.5-12.5-12.5-32.75 0-45.25s32.75-12.5 45.25 0l103.1 103.1C414.6 241.3 416 251.1 416 256C416 260.9 414.6 270.7 406.6 278.6z\"><\/path><\/svg><\/span><span class=\"uagb-icon-list__label\">60% Gr\u00fcner Veltliner<\/span><\/div>\n\n\n\n<div class=\"wp-block-uagb-icon-list-child uagb-block-8dc1e6c7\"><span class=\"uagb-icon-list__source-wrap\"><svg xmlns=\"https:\/\/www.w3.org\/2000\/svg\" viewbox=\"0 0 512 512\"><path d=\"M256 0C114.6 0 0 114.6 0 256c0 141.4 114.6 256 256 256s256-114.6 256-256C512 114.6 397.4 0 256 0zM406.6 278.6l-103.1 103.1c-12.5 12.5-32.75 12.5-45.25 0s-12.5-32.75 0-45.25L306.8 288H128C110.3 288 96 273.7 96 256s14.31-32 32-32h178.8l-49.38-49.38c-12.5-12.5-12.5-32.75 0-45.25s32.75-12.5 45.25 0l103.1 103.1C414.6 241.3 416 251.1 416 256C416 260.9 414.6 270.7 406.6 278.6z\"><\/path><\/svg><\/span><span class=\"uagb-icon-list__label\">DAC Wijnen<\/span><\/div>\n\n\n\n<div class=\"wp-block-uagb-icon-list-child uagb-block-25c814e0\"><span class=\"uagb-icon-list__source-wrap\"><svg xmlns=\"https:\/\/www.w3.org\/2000\/svg\" viewbox=\"0 0 512 512\"><path d=\"M256 0C114.6 0 0 114.6 0 256c0 141.4 114.6 256 256 256s256-114.6 256-256C512 114.6 397.4 0 256 0zM406.6 278.6l-103.1 103.1c-12.5 12.5-32.75 12.5-45.25 0s-12.5-32.75 0-45.25L306.8 288H128C110.3 288 96 273.7 96 256s14.31-32 32-32h178.8l-49.38-49.38c-12.5-12.5-12.5-32.75 0-45.25s32.75-12.5 45.25 0l103.1 103.1C414.6 241.3 416 251.1 416 256C416 260.9 414.6 270.7 406.6 278.6z\"><\/path><\/svg><\/span><span class=\"uagb-icon-list__label\">Kalkrijk segmentgesteente<\/span><\/div>\n<\/div><\/div>\n<\/div><\/div>\n\n\n\n<div class=\"wp-block-uagb-container uagb-block-35850c9d alignfull uagb-is-root-container\"><div class=\"uagb-container-inner-blocks-wrap\">\n<h3 class=\"wp-block-heading\">Traisental wijngebied<\/h3>\n\n\n\n<p>Het jongste wijnbouwgebied van Oostenrijk &#8211; het bestaat in deze vorm pas sinds 1995 &#8211; is met ongeveer 790 hectare wijngaarden ook een van de kleinste van het land, maar in \u00e9\u00e9n opzicht is het heel groot: hier heerst de Gr\u00fcner Veltliner. Vaste punten in de kleine wijndorpen zijn nuchtere wijnlokalen, uitstapjes in de geschiedenisbeurs Traismauer of Herzogenburg. Sinds het oogstjaar 2006 worden typisch fruitige, kruidige Gr\u00fcner Veltliner en pittige, minerale Rieslings op de markt gebracht onder de benaming &#8220;Traisental DAC&#8221;. In geen enkel ander Oostenrijks wijnbouwgebied heeft de Gr\u00fcner Veltliner zo&#8217;n dominant aandeel: met 63 procent is het Traisental de onbetwiste leider. Maar Riesling wordt ook beschouwd als een specialiteit van het Traisental. De wijnstokken zijn voornamelijk aangeplant op &#8211; vaak kleine &#8211; terrassen met een droge, kiezelachtige, zeer kalkhoudende bodem. Zij geven de wijnen een zeer kenmerkend profiel, met een sterke body en een stevige ruggengraat.<\/p>\n\n\n\n<p>De mineraliteit is ook een smaakdrager, ondersteunt de zuurstructuur en bevordert zo de levensduur van de wijnen. Speciale klimatologische factoren &#8211; Pannonische invloeden en tegelijkertijd koude lucht uit de Alpen zorgen voor warme dagen en koele nachten &#8211; zorgen voor een zeer fijn aroma en kruidige finesse. De nabijgelegen Donau kan hier ook volledig haar temperatuur-balancerende rol spelen. Het Traisental is een aantrekkelijke bestemming voor wijnliefhebbers, wandelaars, fietsers en cultuurliefhebbers. De oude wijntraditie &#8211; die dateert van ver voor de wijncultuur van de Romeinen in de regio &#8211; wordt bevestigd door vondsten van druivenpitten uit de vroege bronstijd. De nabijgelegen Neder-Oostenrijkse hoofdstad St. P\u00f6lten biedt een modern cultureel programma in grote verscheidenheid. Vanuit dit zuidelijkste punt van het wijnbouwgebied openen zich vele wegen naar het westen en oosten: van Statzendorf, Unter- en Oberw\u00f6lbling naar Nussdorf, Reichersdorf, Getzersdorf, Inzersdorf en Herzogenburg met zijn prachtige klooster tot Stollhofen, Frauendorf en Gemeinlebarn. Het bindende element is de wijncultuur, die door de wijnbouwersfamilies in de talrijke vestigingen van Buschenschank op vriendelijke en plezierige wijze wordt overgebracht. De wijnboeren zijn zich terdege bewust van het belang van Gr\u00fcner Veltliner en Riesling als ambassadeurs van de regio. Zij dragen er in belangrijke mate toe bij dat de kenmerkende wijnstijl nog bekender wordt &#8211; persoonlijke nuances brengen de nuchtere culinaire lekkernijen die erbij geserveerd worden. Maar men mag het proeven van andere druivenspecialiteiten in wit en rood niet missen.<\/p>\n<\/div><\/div>\n<\/div><\/div>\n\n<figure class=\"wp-block-gallery has-nested-images columns-default is-cropped wp-block-gallery-1 is-layout-flex wp-block-gallery-is-layout-flex\">\n<figure class=\"wp-block-image size-full\"><a href=\"https:\/\/pswp.fra1.digitaloceanspaces.com\/w\/20250922165922\/website-traisental.jpeg\"><img decoding=\"async\" width=\"259\" height=\"194\" data-id=\"26864\" src=\"https:\/\/pswp.fra1.digitaloceanspaces.com\/w\/20250922165922\/website-traisental.jpeg\" alt=\"\" class=\"wp-image-26864\"\/><\/a><\/figure>\n\n\n\n<figure class=\"wp-block-image size-large\"><a href=\"https:\/\/pswp.fra1.digitaloceanspaces.com\/w\/20250922165922\/website-traisental1.jpeg\"><img decoding=\"async\" width=\"1030\" height=\"686\" data-id=\"26868\" src=\"https:\/\/pswp.fra1.digitaloceanspaces.com\/w\/20250922165922\/website-traisental1-1030x686.jpeg\" alt=\"\" class=\"wp-image-26868\" srcset=\"https:\/\/pswp.fra1.digitaloceanspaces.com\/w\/20250922165922\/website-traisental1-1030x686.jpeg 1030w, https:\/\/pswp.fra1.digitaloceanspaces.com\/w\/20250922165922\/website-traisental1-300x200.jpeg 300w, https:\/\/pswp.fra1.digitaloceanspaces.com\/w\/20250922165922\/website-traisental1-768x511.jpeg 768w, https:\/\/pswp.fra1.digitaloceanspaces.com\/w\/20250922165922\/website-traisental1-1536x1022.jpeg 1536w, https:\/\/pswp.fra1.digitaloceanspaces.com\/w\/20250922165922\/website-traisental1-450x300.jpeg 450w, https:\/\/pswp.fra1.digitaloceanspaces.com\/w\/20250922165922\/website-traisental1.jpeg 1920w\" sizes=\"(max-width: 1030px) 100vw, 1030px\" \/><\/a><\/figure>\n\n\n\n<figure class=\"wp-block-image size-full\"><a href=\"https:\/\/pswp.fra1.digitaloceanspaces.com\/w\/20250922165922\/website-traisental2.jpeg\"><img decoding=\"async\" width=\"780\" height=\"440\" data-id=\"26872\" src=\"https:\/\/pswp.fra1.digitaloceanspaces.com\/w\/20250922165922\/website-traisental2.jpeg\" alt=\"\" class=\"wp-image-26872\" srcset=\"https:\/\/pswp.fra1.digitaloceanspaces.com\/w\/20250922165922\/website-traisental2.jpeg 780w, https:\/\/pswp.fra1.digitaloceanspaces.com\/w\/20250922165922\/website-traisental2-300x169.jpeg 300w, https:\/\/pswp.fra1.digitaloceanspaces.com\/w\/20250922165922\/website-traisental2-768x433.jpeg 768w, https:\/\/pswp.fra1.digitaloceanspaces.com\/w\/20250922165922\/website-traisental2-450x254.jpeg 450w\" sizes=\"(max-width: 780px) 100vw, 780px\" \/><\/a><\/figure>\n<\/figure>\n","protected":false},"excerpt":{"rendered":"<p>Traisental wijngebied Het jongste wijnbouwgebied van Oostenrijk &#8211; het bestaat in deze vorm pas sinds 1995 &#8211; is met ongeveer 790 hectare wijngaarden ook een van de kleinste van het land, maar in \u00e9\u00e9n opzicht is het heel groot: hier heerst de Gr\u00fcner Veltliner. Vaste punten in de kleine wijndorpen zijn nuchtere wijnlokalen, uitstapjes in [&hellip;]<\/p>\n","protected":false},"author":2345,"featured_media":0,"parent":11848,"menu_order":0,"comment_status":"closed","ping_status":"closed","template":"","meta":{"_eb_attr":"","_uag_custom_page_level_css":"","site-sidebar-layout":"default","site-content-layout":"","ast-site-content-layout":"default","site-content-style":"default","site-sidebar-style":"default","ast-global-header-display":"","ast-banner-title-visibility":"","ast-main-header-display":"","ast-hfb-above-header-display":"","ast-hfb-below-header-display":"","ast-hfb-mobile-header-display":"","site-post-title":"","ast-breadcrumbs-content":"","ast-featured-img":"","footer-sml-layout":"","ast-disable-related-posts":"","theme-transparent-header-meta":"","adv-header-id-meta":"","stick-header-meta":"","header-above-stick-meta":"","header-main-stick-meta":"","header-below-stick-meta":"","astra-migrate-meta-layouts":"default","ast-page-background-enabled":"default","ast-page-background-meta":{"desktop":{"background-color":"var(--ast-global-color-4)","background-image":"","background-repeat":"repeat","background-position":"center center","background-size":"auto","background-attachment":"scroll","background-type":"","background-media":"","overlay-type":"","overlay-color":"","overlay-opacity":"","overlay-gradient":""},"tablet":{"background-color":"","background-image":"","background-repeat":"repeat","background-position":"center center","background-size":"auto","background-attachment":"scroll","background-type":"","background-media":"","overlay-type":"","overlay-color":"","overlay-opacity":"","overlay-gradient":""},"mobile":{"background-color":"","background-image":"","background-repeat":"repeat","background-position":"center center","background-size":"auto","background-attachment":"scroll","background-type":"","background-media":"","overlay-type":"","overlay-color":"","overlay-opacity":"","overlay-gradient":""}},"ast-content-background-meta":{"desktop":{"background-color":"var(--ast-global-color-5)","background-image":"","background-repeat":"repeat","background-position":"center center","background-size":"auto","background-attachment":"scroll","background-type":"","background-media":"","overlay-type":"","overlay-color":"","overlay-opacity":"","overlay-gradient":""},"tablet":{"background-color":"var(--ast-global-color-5)","background-image":"","background-repeat":"repeat","background-position":"center center","background-size":"auto","background-attachment":"scroll","background-type":"","background-media":"","overlay-type":"","overlay-color":"","overlay-opacity":"","overlay-gradient":""},"mobile":{"background-color":"var(--ast-global-color-5)","background-image":"","background-repeat":"repeat","background-position":"center center","background-size":"auto","background-attachment":"scroll","background-type":"","background-media":"","overlay-type":"","overlay-color":"","overlay-opacity":"","overlay-gradient":""}},"footnotes":""},"class_list":["post-11899","page","type-page","status-publish","hentry"],"yoast_head":"<!-- This site is optimized with the Yoast SEO plugin v27.3 - https:\/\/yoast.com\/product\/yoast-seo-wordpress\/ -->\n<title>Traisental - WhyNotWein<\/title>\n<meta name=\"robots\" content=\"index, follow, max-snippet:-1, max-image-preview:large, max-video-preview:-1\" \/>\n<link rel=\"canonical\" href=\"https:\/\/whynotwein.eu\/nl\/wijngebieden\/niederoesterreich\/traisental\/\" \/>\n<meta property=\"og:locale\" content=\"nl_NL\" \/>\n<meta property=\"og:type\" content=\"article\" \/>\n<meta property=\"og:title\" content=\"Traisental - WhyNotWein\" \/>\n<meta property=\"og:description\" content=\"Traisental wijngebied Het jongste wijnbouwgebied van Oostenrijk &#8211; het bestaat in deze vorm pas sinds 1995 &#8211; is met ongeveer 790 hectare wijngaarden ook een van de kleinste van het land, maar in \u00e9\u00e9n opzicht is het heel groot: hier heerst de Gr\u00fcner Veltliner. Vaste punten in de kleine wijndorpen zijn nuchtere wijnlokalen, uitstapjes in [&hellip;]\" \/>\n<meta property=\"og:url\" content=\"https:\/\/whynotwein.eu\/nl\/wijngebieden\/niederoesterreich\/traisental\/\" \/>\n<meta property=\"og:site_name\" content=\"WhyNotWein\" \/>\n<meta property=\"article:modified_time\" content=\"2022-11-28T16:45:40+00:00\" \/>\n<meta property=\"og:image\" content=\"https:\/\/whynotwein.eu\/wp-content\/uploads\/2022\/11\/website-niederoesterreich-wappen-176x300.png\" \/>\n<meta name=\"twitter:card\" content=\"summary_large_image\" \/>\n<meta name=\"twitter:label1\" content=\"Geschatte leestijd\" \/>\n\t<meta name=\"twitter:data1\" content=\"2 minutes\" \/>\n<script type=\"application\/ld+json\" class=\"yoast-schema-graph\">{\"@context\":\"https:\\\/\\\/schema.org\",\"@graph\":[{\"@type\":\"WebPage\",\"@id\":\"https:\\\/\\\/whynotwein.eu\\\/nl\\\/wijngebieden\\\/niederoesterreich\\\/traisental\\\/\",\"url\":\"https:\\\/\\\/whynotwein.eu\\\/nl\\\/wijngebieden\\\/niederoesterreich\\\/traisental\\\/\",\"name\":\"Traisental - WhyNotWein\",\"isPartOf\":{\"@id\":\"https:\\\/\\\/whynotwein.eu\\\/nl\\\/#website\"},\"primaryImageOfPage\":{\"@id\":\"https:\\\/\\\/whynotwein.eu\\\/nl\\\/wijngebieden\\\/niederoesterreich\\\/traisental\\\/#primaryimage\"},\"image\":{\"@id\":\"https:\\\/\\\/whynotwein.eu\\\/nl\\\/wijngebieden\\\/niederoesterreich\\\/traisental\\\/#primaryimage\"},\"thumbnailUrl\":\"https:\\\/\\\/whynotwein.eu\\\/wp-content\\\/uploads\\\/2022\\\/11\\\/website-niederoesterreich-wappen-176x300.png\",\"datePublished\":\"2016-04-13T15:40:58+00:00\",\"dateModified\":\"2022-11-28T16:45:40+00:00\",\"breadcrumb\":{\"@id\":\"https:\\\/\\\/whynotwein.eu\\\/nl\\\/wijngebieden\\\/niederoesterreich\\\/traisental\\\/#breadcrumb\"},\"inLanguage\":\"nl-NL\",\"potentialAction\":[{\"@type\":\"ReadAction\",\"target\":[\"https:\\\/\\\/whynotwein.eu\\\/nl\\\/wijngebieden\\\/niederoesterreich\\\/traisental\\\/\"]}]},{\"@type\":\"ImageObject\",\"inLanguage\":\"nl-NL\",\"@id\":\"https:\\\/\\\/whynotwein.eu\\\/nl\\\/wijngebieden\\\/niederoesterreich\\\/traisental\\\/#primaryimage\",\"url\":\"https:\\\/\\\/whynotwein.eu\\\/wp-content\\\/uploads\\\/2022\\\/11\\\/website-niederoesterreich-wappen-176x300.png\",\"contentUrl\":\"https:\\\/\\\/whynotwein.eu\\\/wp-content\\\/uploads\\\/2022\\\/11\\\/website-niederoesterreich-wappen-176x300.png\"},{\"@type\":\"BreadcrumbList\",\"@id\":\"https:\\\/\\\/whynotwein.eu\\\/nl\\\/wijngebieden\\\/niederoesterreich\\\/traisental\\\/#breadcrumb\",\"itemListElement\":[{\"@type\":\"ListItem\",\"position\":1,\"name\":\"Home\",\"item\":\"https:\\\/\\\/whynotwein.eu\\\/nl\\\/\"},{\"@type\":\"ListItem\",\"position\":2,\"name\":\"Wijngebieden\",\"item\":\"https:\\\/\\\/whynotwein.eu\\\/nl\\\/wijngebieden\\\/\"},{\"@type\":\"ListItem\",\"position\":3,\"name\":\"Neder-Oostenrijk\",\"item\":\"https:\\\/\\\/whynotwein.eu\\\/nl\\\/wijngebieden\\\/niederoesterreich\\\/\"},{\"@type\":\"ListItem\",\"position\":4,\"name\":\"Traisental\"}]},{\"@type\":\"WebSite\",\"@id\":\"https:\\\/\\\/whynotwein.eu\\\/nl\\\/#website\",\"url\":\"https:\\\/\\\/whynotwein.eu\\\/nl\\\/\",\"name\":\"WhyNotWein\",\"description\":\"Austrian Wines in Belgium\",\"publisher\":{\"@id\":\"https:\\\/\\\/whynotwein.eu\\\/nl\\\/#organization\"},\"potentialAction\":[{\"@type\":\"SearchAction\",\"target\":{\"@type\":\"EntryPoint\",\"urlTemplate\":\"https:\\\/\\\/whynotwein.eu\\\/nl\\\/?s={search_term_string}\"},\"query-input\":{\"@type\":\"PropertyValueSpecification\",\"valueRequired\":true,\"valueName\":\"search_term_string\"}}],\"inLanguage\":\"nl-NL\"},{\"@type\":\"Organization\",\"@id\":\"https:\\\/\\\/whynotwein.eu\\\/nl\\\/#organization\",\"name\":\"WhyNotWein\",\"url\":\"https:\\\/\\\/whynotwein.eu\\\/nl\\\/\",\"logo\":{\"@type\":\"ImageObject\",\"inLanguage\":\"nl-NL\",\"@id\":\"https:\\\/\\\/whynotwein.eu\\\/nl\\\/#\\\/schema\\\/logo\\\/image\\\/\",\"url\":\"https:\\\/\\\/whynotwein.eu\\\/wp-content\\\/uploads\\\/2015\\\/12\\\/WhyNotWein_Logo_340.png\",\"contentUrl\":\"https:\\\/\\\/whynotwein.eu\\\/wp-content\\\/uploads\\\/2015\\\/12\\\/WhyNotWein_Logo_340.png\",\"width\":340,\"height\":156,\"caption\":\"WhyNotWein\"},\"image\":{\"@id\":\"https:\\\/\\\/whynotwein.eu\\\/nl\\\/#\\\/schema\\\/logo\\\/image\\\/\"}}]}<\/script>\n<!-- \/ Yoast SEO plugin. -->","yoast_head_json":{"title":"Traisental - WhyNotWein","robots":{"index":"index","follow":"follow","max-snippet":"max-snippet:-1","max-image-preview":"max-image-preview:large","max-video-preview":"max-video-preview:-1"},"canonical":"https:\/\/whynotwein.eu\/nl\/wijngebieden\/niederoesterreich\/traisental\/","og_locale":"nl_NL","og_type":"article","og_title":"Traisental - WhyNotWein","og_description":"Traisental wijngebied Het jongste wijnbouwgebied van Oostenrijk &#8211; het bestaat in deze vorm pas sinds 1995 &#8211; is met ongeveer 790 hectare wijngaarden ook een van de kleinste van het land, maar in \u00e9\u00e9n opzicht is het heel groot: hier heerst de Gr\u00fcner Veltliner. Vaste punten in de kleine wijndorpen zijn nuchtere wijnlokalen, uitstapjes in [&hellip;]","og_url":"https:\/\/whynotwein.eu\/nl\/wijngebieden\/niederoesterreich\/traisental\/","og_site_name":"WhyNotWein","article_modified_time":"2022-11-28T16:45:40+00:00","og_image":[{"url":"https:\/\/whynotwein.eu\/wp-content\/uploads\/2022\/11\/website-niederoesterreich-wappen-176x300.png","type":"","width":"","height":""}],"twitter_card":"summary_large_image","twitter_misc":{"Geschatte leestijd":"2 minutes"},"schema":{"@context":"https:\/\/schema.org","@graph":[{"@type":"WebPage","@id":"https:\/\/whynotwein.eu\/nl\/wijngebieden\/niederoesterreich\/traisental\/","url":"https:\/\/whynotwein.eu\/nl\/wijngebieden\/niederoesterreich\/traisental\/","name":"Traisental - WhyNotWein","isPartOf":{"@id":"https:\/\/whynotwein.eu\/nl\/#website"},"primaryImageOfPage":{"@id":"https:\/\/whynotwein.eu\/nl\/wijngebieden\/niederoesterreich\/traisental\/#primaryimage"},"image":{"@id":"https:\/\/whynotwein.eu\/nl\/wijngebieden\/niederoesterreich\/traisental\/#primaryimage"},"thumbnailUrl":"https:\/\/whynotwein.eu\/wp-content\/uploads\/2022\/11\/website-niederoesterreich-wappen-176x300.png","datePublished":"2016-04-13T15:40:58+00:00","dateModified":"2022-11-28T16:45:40+00:00","breadcrumb":{"@id":"https:\/\/whynotwein.eu\/nl\/wijngebieden\/niederoesterreich\/traisental\/#breadcrumb"},"inLanguage":"nl-NL","potentialAction":[{"@type":"ReadAction","target":["https:\/\/whynotwein.eu\/nl\/wijngebieden\/niederoesterreich\/traisental\/"]}]},{"@type":"ImageObject","inLanguage":"nl-NL","@id":"https:\/\/whynotwein.eu\/nl\/wijngebieden\/niederoesterreich\/traisental\/#primaryimage","url":"https:\/\/whynotwein.eu\/wp-content\/uploads\/2022\/11\/website-niederoesterreich-wappen-176x300.png","contentUrl":"https:\/\/whynotwein.eu\/wp-content\/uploads\/2022\/11\/website-niederoesterreich-wappen-176x300.png"},{"@type":"BreadcrumbList","@id":"https:\/\/whynotwein.eu\/nl\/wijngebieden\/niederoesterreich\/traisental\/#breadcrumb","itemListElement":[{"@type":"ListItem","position":1,"name":"Home","item":"https:\/\/whynotwein.eu\/nl\/"},{"@type":"ListItem","position":2,"name":"Wijngebieden","item":"https:\/\/whynotwein.eu\/nl\/wijngebieden\/"},{"@type":"ListItem","position":3,"name":"Neder-Oostenrijk","item":"https:\/\/whynotwein.eu\/nl\/wijngebieden\/niederoesterreich\/"},{"@type":"ListItem","position":4,"name":"Traisental"}]},{"@type":"WebSite","@id":"https:\/\/whynotwein.eu\/nl\/#website","url":"https:\/\/whynotwein.eu\/nl\/","name":"WhyNotWein","description":"Austrian Wines in Belgium","publisher":{"@id":"https:\/\/whynotwein.eu\/nl\/#organization"},"potentialAction":[{"@type":"SearchAction","target":{"@type":"EntryPoint","urlTemplate":"https:\/\/whynotwein.eu\/nl\/?s={search_term_string}"},"query-input":{"@type":"PropertyValueSpecification","valueRequired":true,"valueName":"search_term_string"}}],"inLanguage":"nl-NL"},{"@type":"Organization","@id":"https:\/\/whynotwein.eu\/nl\/#organization","name":"WhyNotWein","url":"https:\/\/whynotwein.eu\/nl\/","logo":{"@type":"ImageObject","inLanguage":"nl-NL","@id":"https:\/\/whynotwein.eu\/nl\/#\/schema\/logo\/image\/","url":"https:\/\/whynotwein.eu\/wp-content\/uploads\/2015\/12\/WhyNotWein_Logo_340.png","contentUrl":"https:\/\/whynotwein.eu\/wp-content\/uploads\/2015\/12\/WhyNotWein_Logo_340.png","width":340,"height":156,"caption":"WhyNotWein"},"image":{"@id":"https:\/\/whynotwein.eu\/nl\/#\/schema\/logo\/image\/"}}]}},"uagb_featured_image_src":{"full":false,"thumbnail":false,"medium":false,"medium_large":false,"large":false,"1536x1536":false,"2048x2048":false,"gform-image-choice-sm":false,"gform-image-choice-md":false,"gform-image-choice-lg":false,"woocommerce_thumbnail":false,"woocommerce_single":false,"woocommerce_gallery_thumbnail":false},"uagb_author_info":{"display_name":"Ren\u00e9 Clausen","author_link":"https:\/\/whynotwein.eu\/nl\/author\/rene\/"},"uagb_comment_info":0,"uagb_excerpt":"Traisental wijngebied Het jongste wijnbouwgebied van Oostenrijk &#8211; het bestaat in deze vorm pas sinds 1995 &#8211; is met ongeveer 790 hectare wijngaarden ook een van de kleinste van het land, maar in \u00e9\u00e9n opzicht is het heel groot: hier heerst de Gr\u00fcner Veltliner. Vaste punten in de kleine wijndorpen zijn nuchtere wijnlokalen, uitstapjes in&hellip;","_links":{"self":[{"href":"https:\/\/whynotwein.eu\/nl\/wp-json\/wp\/v2\/pages\/11899","targetHints":{"allow":["GET"]}}],"collection":[{"href":"https:\/\/whynotwein.eu\/nl\/wp-json\/wp\/v2\/pages"}],"about":[{"href":"https:\/\/whynotwein.eu\/nl\/wp-json\/wp\/v2\/types\/page"}],"author":[{"embeddable":true,"href":"https:\/\/whynotwein.eu\/nl\/wp-json\/wp\/v2\/users\/2345"}],"replies":[{"embeddable":true,"href":"https:\/\/whynotwein.eu\/nl\/wp-json\/wp\/v2\/comments?post=11899"}],"version-history":[{"count":5,"href":"https:\/\/whynotwein.eu\/nl\/wp-json\/wp\/v2\/pages\/11899\/revisions"}],"predecessor-version":[{"id":27084,"href":"https:\/\/whynotwein.eu\/nl\/wp-json\/wp\/v2\/pages\/11899\/revisions\/27084"}],"up":[{"embeddable":true,"href":"https:\/\/whynotwein.eu\/nl\/wp-json\/wp\/v2\/pages\/11848"}],"wp:attachment":[{"href":"https:\/\/whynotwein.eu\/nl\/wp-json\/wp\/v2\/media?parent=11899"}],"curies":[{"name":"wp","href":"https:\/\/api.w.org\/{rel}","templated":true}]}}