{"id":15321,"date":"2019-03-04T14:26:08","date_gmt":"2019-03-04T13:26:08","guid":{"rendered":"https:\/\/whynotwein.eu\/weinregionen\/burgenland\/mittelburgenland\/"},"modified":"2022-11-24T13:03:33","modified_gmt":"2022-11-24T12:03:33","slug":"mittelburgenland","status":"publish","type":"page","link":"https:\/\/whynotwein.eu\/nl\/wijngebieden\/burgenland\/mittelburgenland\/","title":{"rendered":"Mittelburgenland"},"content":{"rendered":"\n<div class=\"wp-block-uagb-container uagb-block-fecaacdf alignfull uagb-is-root-container\"><div class=\"uagb-container-inner-blocks-wrap\">\n<div class=\"wp-block-uagb-container uagb-block-0a95a7a9 alignfull uagb-is-root-container\"><div class=\"uagb-container-inner-blocks-wrap\">\n<div class=\"wp-block-uagb-image uagb-block-d0e298cd wp-block-uagb-image--layout-default wp-block-uagb-image--effect-static wp-block-uagb-image--align-center\"><figure class=\"wp-block-uagb-image__figure\"><a class=\"\" href=\"https:\/\/pswp.fra1.digitaloceanspaces.com\/w\/20250922165938\/website-burgenland-wappen.png\" target=\"\" rel=\"noopener\"><img decoding=\"async\" srcset=\"https:\/\/pswp.fra1.digitaloceanspaces.com\/w\/20250922165938\/website-burgenland-wappen-248x300.png \" src=\"https:\/\/pswp.fra1.digitaloceanspaces.com\/w\/20250922165938\/website-burgenland-wappen-248x300.png\" alt=\"\" class=\"uag-image-26448\" width=\"248\" height=\"300\" title=\"\"\/><\/a><\/figure><\/div>\n\n\n\n<div class=\"wp-block-uagb-icon-list uagb-block-8a91bae3\"><div class=\"uagb-icon-list__wrap\">\n<div class=\"wp-block-uagb-icon-list-child uagb-block-bb2145e8\"><span class=\"uagb-icon-list__source-wrap\"><svg xmlns=\"https:\/\/www.w3.org\/2000\/svg\" viewbox=\"0 0 512 512\"><path d=\"M256 0C114.6 0 0 114.6 0 256c0 141.4 114.6 256 256 256s256-114.6 256-256C512 114.6 397.4 0 256 0zM406.6 278.6l-103.1 103.1c-12.5 12.5-32.75 12.5-45.25 0s-12.5-32.75 0-45.25L306.8 288H128C110.3 288 96 273.7 96 256s14.31-32 32-32h178.8l-49.38-49.38c-12.5-12.5-12.5-32.75 0-45.25s32.75-12.5 45.25 0l103.1 103.1C414.6 241.3 416 251.1 416 256C416 260.9 414.6 270.7 406.6 278.6z\"><\/path><\/svg><\/span><span class=\"uagb-icon-list__label\">Diepe kleigronden<\/span><\/div>\n\n\n\n<div class=\"wp-block-uagb-icon-list-child uagb-block-1ecb024d\"><span class=\"uagb-icon-list__source-wrap\"><svg xmlns=\"https:\/\/www.w3.org\/2000\/svg\" viewbox=\"0 0 512 512\"><path d=\"M256 0C114.6 0 0 114.6 0 256c0 141.4 114.6 256 256 256s256-114.6 256-256C512 114.6 397.4 0 256 0zM406.6 278.6l-103.1 103.1c-12.5 12.5-32.75 12.5-45.25 0s-12.5-32.75 0-45.25L306.8 288H128C110.3 288 96 273.7 96 256s14.31-32 32-32h178.8l-49.38-49.38c-12.5-12.5-12.5-32.75 0-45.25s32.75-12.5 45.25 0l103.1 103.1C414.6 241.3 416 251.1 416 256C416 260.9 414.6 270.7 406.6 278.6z\"><\/path><\/svg><\/span><span class=\"uagb-icon-list__label\">Secties met kalksteen<\/span><\/div>\n\n\n\n<div class=\"wp-block-uagb-icon-list-child uagb-block-7fc29c96\"><span class=\"uagb-icon-list__source-wrap\"><svg xmlns=\"https:\/\/www.w3.org\/2000\/svg\" viewbox=\"0 0 512 512\"><path d=\"M256 0C114.6 0 0 114.6 0 256c0 141.4 114.6 256 256 256s256-114.6 256-256C512 114.6 397.4 0 256 0zM406.6 278.6l-103.1 103.1c-12.5 12.5-32.75 12.5-45.25 0s-12.5-32.75 0-45.25L306.8 288H128C110.3 288 96 273.7 96 256s14.31-32 32-32h178.8l-49.38-49.38c-12.5-12.5-12.5-32.75 0-45.25s32.75-12.5 45.25 0l103.1 103.1C414.6 241.3 416 251.1 416 256C416 260.9 414.6 270.7 406.6 278.6z\"><\/path><\/svg><\/span><span class=\"uagb-icon-list__label\">De beste omstandigheden voor de druiven<\/span><\/div>\n<\/div><\/div>\n<\/div><\/div>\n\n\n\n<div class=\"wp-block-uagb-container uagb-block-c7d70573 alignfull uagb-is-root-container\"><div class=\"uagb-container-inner-blocks-wrap\">\n<h3 class=\"wp-block-heading\">Wijnbouwgebied Mittelburgenland<\/h3>\n\n\n\n<p>Op de 2.118 hectare aan wijngaarden in het wijnbouwgebied Mittelburgenland speelt \u00e9\u00e9n rode wijnsoort de hoofdrol: het Blaufr\u00e4nkisch, dat in de vorm van DAC-wijnen zijn oorsprong idealiter vertegenwoordigt. Vier gemeenten zetten de toon: Deutschkreutz, Horitschon, Lutzmannsburg en Neckenmarkt en twee moderne co\u00f6peraties bewijzen dat grootte heel goed samen kan gaan met topkwaliteit. De topografische en klimatologische omstandigheden zijn gunstig: de wijngaarden worden beschermd door de Bucklige Welt in het westen, de \u00d6denburg in het noorden en de G\u00fcnser in het zuiden. Vanaf de Pannonische vlakte in het oosten kan de warme, droge wind ongehinderd binnenstromen. De bodems zijn vrij uniform, meestal zware, diepe leemgronden met een groot waterbergend vermogen, wat vooral in droge jaren een positief effect heeft. Hierdoor winnen Blaufr\u00e4nkisch, maar ook Zweigelt, Cabernet Sauvignon en Merlot aan kracht en structuur.<\/p>\n\n\n\n<p>Of single-varietal wijnen of cuv\u00e9es het betere resultaat opleveren is discutabel. In ieder geval staat vast dat de Blaufr\u00e4nkisch een hoofdrol zal blijven spelen op de weg naar de toekomst van de wijn. De garantie voor kwaliteit is een opkomende wijnbouwersvereniging met een groot gevoel van saamhorigheid. Maar ook twee moderne wijnbouwco\u00f6peraties versterken de strategie voor succes. Zij zagen al vroeg in dat moderne investeringen in rode wijn essentieel zijn voor marktsucces en exportmogelijkheden. Ook in toeristisch opzicht is Midden-Burgenland een aantrekkelijke bestemming geworden, niet in de laatste plaats vanwege de thermen die de laatste jaren letterlijk zijn ontstaan. Een kleurrijk aanbod van vrijetijdsactiviteiten voor alle leeftijdsgroepen is een ander pluspunt van deze gastvrije regio.<\/p>\n<\/div><\/div>\n<\/div><\/div>\n\n<figure class=\"wp-block-gallery has-nested-images columns-default is-cropped wp-block-gallery-1 is-layout-flex wp-block-gallery-is-layout-flex\">\n<figure class=\"wp-block-image size-large\"><a href=\"https:\/\/pswp.fra1.digitaloceanspaces.com\/w\/20250922165941\/website-mittelburgenland.jpeg\"><img decoding=\"async\" width=\"1030\" height=\"468\" data-id=\"26413\" src=\"https:\/\/pswp.fra1.digitaloceanspaces.com\/w\/20250922165941\/website-mittelburgenland-1030x468.jpeg\" alt=\"\" class=\"wp-image-26413\" srcset=\"https:\/\/pswp.fra1.digitaloceanspaces.com\/w\/20250922165941\/website-mittelburgenland-1030x468.jpeg 1030w, https:\/\/pswp.fra1.digitaloceanspaces.com\/w\/20250922165941\/website-mittelburgenland-300x136.jpeg 300w, https:\/\/pswp.fra1.digitaloceanspaces.com\/w\/20250922165941\/website-mittelburgenland-768x349.jpeg 768w, https:\/\/pswp.fra1.digitaloceanspaces.com\/w\/20250922165941\/website-mittelburgenland-450x205.jpeg 450w, https:\/\/pswp.fra1.digitaloceanspaces.com\/w\/20250922165941\/website-mittelburgenland.jpeg 1320w\" sizes=\"(max-width: 1030px) 100vw, 1030px\" \/><\/a><\/figure>\n\n\n\n<figure class=\"wp-block-image size-large\"><a href=\"https:\/\/pswp.fra1.digitaloceanspaces.com\/w\/20250922165940\/website-mittelburgenland2.jpeg\"><img decoding=\"async\" width=\"1030\" height=\"687\" data-id=\"26421\" src=\"https:\/\/pswp.fra1.digitaloceanspaces.com\/w\/20250922165940\/website-mittelburgenland2-1030x687.jpeg\" alt=\"\" class=\"wp-image-26421\" srcset=\"https:\/\/pswp.fra1.digitaloceanspaces.com\/w\/20250922165940\/website-mittelburgenland2-1030x687.jpeg 1030w, https:\/\/pswp.fra1.digitaloceanspaces.com\/w\/20250922165940\/website-mittelburgenland2-300x200.jpeg 300w, https:\/\/pswp.fra1.digitaloceanspaces.com\/w\/20250922165940\/website-mittelburgenland2-768x512.jpeg 768w, https:\/\/pswp.fra1.digitaloceanspaces.com\/w\/20250922165940\/website-mittelburgenland2-1536x1024.jpeg 1536w, https:\/\/pswp.fra1.digitaloceanspaces.com\/w\/20250922165940\/website-mittelburgenland2-450x300.jpeg 450w, https:\/\/pswp.fra1.digitaloceanspaces.com\/w\/20250922165940\/website-mittelburgenland2.jpeg 1920w\" sizes=\"(max-width: 1030px) 100vw, 1030px\" \/><\/a><\/figure>\n\n\n\n<figure class=\"wp-block-image size-large\"><a href=\"https:\/\/pswp.fra1.digitaloceanspaces.com\/w\/20250922165940\/website-mittelburgenland1.jpeg\"><img decoding=\"async\" width=\"1030\" height=\"468\" data-id=\"26417\" src=\"https:\/\/pswp.fra1.digitaloceanspaces.com\/w\/20250922165940\/website-mittelburgenland1-1030x468.jpeg\" alt=\"\" class=\"wp-image-26417\" srcset=\"https:\/\/pswp.fra1.digitaloceanspaces.com\/w\/20250922165940\/website-mittelburgenland1-1030x468.jpeg 1030w, https:\/\/pswp.fra1.digitaloceanspaces.com\/w\/20250922165940\/website-mittelburgenland1-300x136.jpeg 300w, https:\/\/pswp.fra1.digitaloceanspaces.com\/w\/20250922165940\/website-mittelburgenland1-768x349.jpeg 768w, https:\/\/pswp.fra1.digitaloceanspaces.com\/w\/20250922165940\/website-mittelburgenland1-450x205.jpeg 450w, https:\/\/pswp.fra1.digitaloceanspaces.com\/w\/20250922165940\/website-mittelburgenland1.jpeg 1320w\" sizes=\"(max-width: 1030px) 100vw, 1030px\" \/><\/a><\/figure>\n<\/figure>\n","protected":false},"excerpt":{"rendered":"<p>Wijnbouwgebied Mittelburgenland Op de 2.118 hectare aan wijngaarden in het wijnbouwgebied Mittelburgenland speelt \u00e9\u00e9n rode wijnsoort de hoofdrol: het Blaufr\u00e4nkisch, dat in de vorm van DAC-wijnen zijn oorsprong idealiter vertegenwoordigt. Vier gemeenten zetten de toon: Deutschkreutz, Horitschon, Lutzmannsburg en Neckenmarkt en twee moderne co\u00f6peraties bewijzen dat grootte heel goed samen kan gaan met topkwaliteit. De [&hellip;]<\/p>\n","protected":false},"author":2345,"featured_media":0,"parent":11784,"menu_order":0,"comment_status":"closed","ping_status":"closed","template":"","meta":{"_eb_attr":"","_uag_custom_page_level_css":"","site-sidebar-layout":"default","site-content-layout":"","ast-site-content-layout":"default","site-content-style":"default","site-sidebar-style":"default","ast-global-header-display":"","ast-banner-title-visibility":"","ast-main-header-display":"","ast-hfb-above-header-display":"","ast-hfb-below-header-display":"","ast-hfb-mobile-header-display":"","site-post-title":"","ast-breadcrumbs-content":"","ast-featured-img":"","footer-sml-layout":"","ast-disable-related-posts":"","theme-transparent-header-meta":"","adv-header-id-meta":"","stick-header-meta":"","header-above-stick-meta":"","header-main-stick-meta":"","header-below-stick-meta":"","astra-migrate-meta-layouts":"default","ast-page-background-enabled":"default","ast-page-background-meta":{"desktop":{"background-color":"var(--ast-global-color-4)","background-image":"","background-repeat":"repeat","background-position":"center center","background-size":"auto","background-attachment":"scroll","background-type":"","background-media":"","overlay-type":"","overlay-color":"","overlay-opacity":"","overlay-gradient":""},"tablet":{"background-color":"","background-image":"","background-repeat":"repeat","background-position":"center center","background-size":"auto","background-attachment":"scroll","background-type":"","background-media":"","overlay-type":"","overlay-color":"","overlay-opacity":"","overlay-gradient":""},"mobile":{"background-color":"","background-image":"","background-repeat":"repeat","background-position":"center center","background-size":"auto","background-attachment":"scroll","background-type":"","background-media":"","overlay-type":"","overlay-color":"","overlay-opacity":"","overlay-gradient":""}},"ast-content-background-meta":{"desktop":{"background-color":"var(--ast-global-color-5)","background-image":"","background-repeat":"repeat","background-position":"center center","background-size":"auto","background-attachment":"scroll","background-type":"","background-media":"","overlay-type":"","overlay-color":"","overlay-opacity":"","overlay-gradient":""},"tablet":{"background-color":"var(--ast-global-color-5)","background-image":"","background-repeat":"repeat","background-position":"center center","background-size":"auto","background-attachment":"scroll","background-type":"","background-media":"","overlay-type":"","overlay-color":"","overlay-opacity":"","overlay-gradient":""},"mobile":{"background-color":"var(--ast-global-color-5)","background-image":"","background-repeat":"repeat","background-position":"center center","background-size":"auto","background-attachment":"scroll","background-type":"","background-media":"","overlay-type":"","overlay-color":"","overlay-opacity":"","overlay-gradient":""}},"footnotes":""},"class_list":["post-15321","page","type-page","status-publish","hentry"],"yoast_head":"<!-- This site is optimized with the Yoast SEO plugin v27.3 - https:\/\/yoast.com\/product\/yoast-seo-wordpress\/ -->\n<title>Mittelburgenland - WhyNotWein<\/title>\n<meta name=\"robots\" content=\"index, follow, max-snippet:-1, max-image-preview:large, max-video-preview:-1\" \/>\n<link rel=\"canonical\" href=\"https:\/\/whynotwein.eu\/nl\/wijngebieden\/burgenland\/mittelburgenland\/\" \/>\n<meta property=\"og:locale\" content=\"nl_NL\" \/>\n<meta property=\"og:type\" content=\"article\" \/>\n<meta property=\"og:title\" content=\"Mittelburgenland - WhyNotWein\" \/>\n<meta property=\"og:description\" content=\"Wijnbouwgebied Mittelburgenland Op de 2.118 hectare aan wijngaarden in het wijnbouwgebied Mittelburgenland speelt \u00e9\u00e9n rode wijnsoort de hoofdrol: het Blaufr\u00e4nkisch, dat in de vorm van DAC-wijnen zijn oorsprong idealiter vertegenwoordigt. Vier gemeenten zetten de toon: Deutschkreutz, Horitschon, Lutzmannsburg en Neckenmarkt en twee moderne co\u00f6peraties bewijzen dat grootte heel goed samen kan gaan met topkwaliteit. De [&hellip;]\" \/>\n<meta property=\"og:url\" content=\"https:\/\/whynotwein.eu\/nl\/wijngebieden\/burgenland\/mittelburgenland\/\" \/>\n<meta property=\"og:site_name\" content=\"WhyNotWein\" \/>\n<meta property=\"article:modified_time\" content=\"2022-11-24T12:03:33+00:00\" \/>\n<meta property=\"og:image\" content=\"https:\/\/whynotwein.eu\/wp-content\/uploads\/2022\/11\/website-burgenland-wappen-248x300.png\" \/>\n<meta name=\"twitter:card\" content=\"summary_large_image\" \/>\n<meta name=\"twitter:label1\" content=\"Geschatte leestijd\" \/>\n\t<meta name=\"twitter:data1\" content=\"1 minute\" \/>\n<script type=\"application\/ld+json\" class=\"yoast-schema-graph\">{\"@context\":\"https:\\\/\\\/schema.org\",\"@graph\":[{\"@type\":\"WebPage\",\"@id\":\"https:\\\/\\\/whynotwein.eu\\\/nl\\\/wijngebieden\\\/burgenland\\\/mittelburgenland\\\/\",\"url\":\"https:\\\/\\\/whynotwein.eu\\\/nl\\\/wijngebieden\\\/burgenland\\\/mittelburgenland\\\/\",\"name\":\"Mittelburgenland - WhyNotWein\",\"isPartOf\":{\"@id\":\"https:\\\/\\\/whynotwein.eu\\\/nl\\\/#website\"},\"primaryImageOfPage\":{\"@id\":\"https:\\\/\\\/whynotwein.eu\\\/nl\\\/wijngebieden\\\/burgenland\\\/mittelburgenland\\\/#primaryimage\"},\"image\":{\"@id\":\"https:\\\/\\\/whynotwein.eu\\\/nl\\\/wijngebieden\\\/burgenland\\\/mittelburgenland\\\/#primaryimage\"},\"thumbnailUrl\":\"https:\\\/\\\/whynotwein.eu\\\/wp-content\\\/uploads\\\/2022\\\/11\\\/website-burgenland-wappen-248x300.png\",\"datePublished\":\"2019-03-04T13:26:08+00:00\",\"dateModified\":\"2022-11-24T12:03:33+00:00\",\"breadcrumb\":{\"@id\":\"https:\\\/\\\/whynotwein.eu\\\/nl\\\/wijngebieden\\\/burgenland\\\/mittelburgenland\\\/#breadcrumb\"},\"inLanguage\":\"nl-NL\",\"potentialAction\":[{\"@type\":\"ReadAction\",\"target\":[\"https:\\\/\\\/whynotwein.eu\\\/nl\\\/wijngebieden\\\/burgenland\\\/mittelburgenland\\\/\"]}]},{\"@type\":\"ImageObject\",\"inLanguage\":\"nl-NL\",\"@id\":\"https:\\\/\\\/whynotwein.eu\\\/nl\\\/wijngebieden\\\/burgenland\\\/mittelburgenland\\\/#primaryimage\",\"url\":\"https:\\\/\\\/whynotwein.eu\\\/wp-content\\\/uploads\\\/2022\\\/11\\\/website-burgenland-wappen-248x300.png\",\"contentUrl\":\"https:\\\/\\\/whynotwein.eu\\\/wp-content\\\/uploads\\\/2022\\\/11\\\/website-burgenland-wappen-248x300.png\"},{\"@type\":\"BreadcrumbList\",\"@id\":\"https:\\\/\\\/whynotwein.eu\\\/nl\\\/wijngebieden\\\/burgenland\\\/mittelburgenland\\\/#breadcrumb\",\"itemListElement\":[{\"@type\":\"ListItem\",\"position\":1,\"name\":\"Home\",\"item\":\"https:\\\/\\\/whynotwein.eu\\\/nl\\\/\"},{\"@type\":\"ListItem\",\"position\":2,\"name\":\"Wijngebieden\",\"item\":\"https:\\\/\\\/whynotwein.eu\\\/nl\\\/wijngebieden\\\/\"},{\"@type\":\"ListItem\",\"position\":3,\"name\":\"Burgenland\",\"item\":\"https:\\\/\\\/whynotwein.eu\\\/nl\\\/wijngebieden\\\/burgenland\\\/\"},{\"@type\":\"ListItem\",\"position\":4,\"name\":\"Mittelburgenland\"}]},{\"@type\":\"WebSite\",\"@id\":\"https:\\\/\\\/whynotwein.eu\\\/nl\\\/#website\",\"url\":\"https:\\\/\\\/whynotwein.eu\\\/nl\\\/\",\"name\":\"WhyNotWein\",\"description\":\"Austrian Wines in Belgium\",\"publisher\":{\"@id\":\"https:\\\/\\\/whynotwein.eu\\\/nl\\\/#organization\"},\"potentialAction\":[{\"@type\":\"SearchAction\",\"target\":{\"@type\":\"EntryPoint\",\"urlTemplate\":\"https:\\\/\\\/whynotwein.eu\\\/nl\\\/?s={search_term_string}\"},\"query-input\":{\"@type\":\"PropertyValueSpecification\",\"valueRequired\":true,\"valueName\":\"search_term_string\"}}],\"inLanguage\":\"nl-NL\"},{\"@type\":\"Organization\",\"@id\":\"https:\\\/\\\/whynotwein.eu\\\/nl\\\/#organization\",\"name\":\"WhyNotWein\",\"url\":\"https:\\\/\\\/whynotwein.eu\\\/nl\\\/\",\"logo\":{\"@type\":\"ImageObject\",\"inLanguage\":\"nl-NL\",\"@id\":\"https:\\\/\\\/whynotwein.eu\\\/nl\\\/#\\\/schema\\\/logo\\\/image\\\/\",\"url\":\"https:\\\/\\\/whynotwein.eu\\\/wp-content\\\/uploads\\\/2015\\\/12\\\/WhyNotWein_Logo_340.png\",\"contentUrl\":\"https:\\\/\\\/whynotwein.eu\\\/wp-content\\\/uploads\\\/2015\\\/12\\\/WhyNotWein_Logo_340.png\",\"width\":340,\"height\":156,\"caption\":\"WhyNotWein\"},\"image\":{\"@id\":\"https:\\\/\\\/whynotwein.eu\\\/nl\\\/#\\\/schema\\\/logo\\\/image\\\/\"}}]}<\/script>\n<!-- \/ Yoast SEO plugin. -->","yoast_head_json":{"title":"Mittelburgenland - WhyNotWein","robots":{"index":"index","follow":"follow","max-snippet":"max-snippet:-1","max-image-preview":"max-image-preview:large","max-video-preview":"max-video-preview:-1"},"canonical":"https:\/\/whynotwein.eu\/nl\/wijngebieden\/burgenland\/mittelburgenland\/","og_locale":"nl_NL","og_type":"article","og_title":"Mittelburgenland - WhyNotWein","og_description":"Wijnbouwgebied Mittelburgenland Op de 2.118 hectare aan wijngaarden in het wijnbouwgebied Mittelburgenland speelt \u00e9\u00e9n rode wijnsoort de hoofdrol: het Blaufr\u00e4nkisch, dat in de vorm van DAC-wijnen zijn oorsprong idealiter vertegenwoordigt. Vier gemeenten zetten de toon: Deutschkreutz, Horitschon, Lutzmannsburg en Neckenmarkt en twee moderne co\u00f6peraties bewijzen dat grootte heel goed samen kan gaan met topkwaliteit. De [&hellip;]","og_url":"https:\/\/whynotwein.eu\/nl\/wijngebieden\/burgenland\/mittelburgenland\/","og_site_name":"WhyNotWein","article_modified_time":"2022-11-24T12:03:33+00:00","og_image":[{"url":"https:\/\/whynotwein.eu\/wp-content\/uploads\/2022\/11\/website-burgenland-wappen-248x300.png","type":"","width":"","height":""}],"twitter_card":"summary_large_image","twitter_misc":{"Geschatte leestijd":"1 minute"},"schema":{"@context":"https:\/\/schema.org","@graph":[{"@type":"WebPage","@id":"https:\/\/whynotwein.eu\/nl\/wijngebieden\/burgenland\/mittelburgenland\/","url":"https:\/\/whynotwein.eu\/nl\/wijngebieden\/burgenland\/mittelburgenland\/","name":"Mittelburgenland - WhyNotWein","isPartOf":{"@id":"https:\/\/whynotwein.eu\/nl\/#website"},"primaryImageOfPage":{"@id":"https:\/\/whynotwein.eu\/nl\/wijngebieden\/burgenland\/mittelburgenland\/#primaryimage"},"image":{"@id":"https:\/\/whynotwein.eu\/nl\/wijngebieden\/burgenland\/mittelburgenland\/#primaryimage"},"thumbnailUrl":"https:\/\/whynotwein.eu\/wp-content\/uploads\/2022\/11\/website-burgenland-wappen-248x300.png","datePublished":"2019-03-04T13:26:08+00:00","dateModified":"2022-11-24T12:03:33+00:00","breadcrumb":{"@id":"https:\/\/whynotwein.eu\/nl\/wijngebieden\/burgenland\/mittelburgenland\/#breadcrumb"},"inLanguage":"nl-NL","potentialAction":[{"@type":"ReadAction","target":["https:\/\/whynotwein.eu\/nl\/wijngebieden\/burgenland\/mittelburgenland\/"]}]},{"@type":"ImageObject","inLanguage":"nl-NL","@id":"https:\/\/whynotwein.eu\/nl\/wijngebieden\/burgenland\/mittelburgenland\/#primaryimage","url":"https:\/\/whynotwein.eu\/wp-content\/uploads\/2022\/11\/website-burgenland-wappen-248x300.png","contentUrl":"https:\/\/whynotwein.eu\/wp-content\/uploads\/2022\/11\/website-burgenland-wappen-248x300.png"},{"@type":"BreadcrumbList","@id":"https:\/\/whynotwein.eu\/nl\/wijngebieden\/burgenland\/mittelburgenland\/#breadcrumb","itemListElement":[{"@type":"ListItem","position":1,"name":"Home","item":"https:\/\/whynotwein.eu\/nl\/"},{"@type":"ListItem","position":2,"name":"Wijngebieden","item":"https:\/\/whynotwein.eu\/nl\/wijngebieden\/"},{"@type":"ListItem","position":3,"name":"Burgenland","item":"https:\/\/whynotwein.eu\/nl\/wijngebieden\/burgenland\/"},{"@type":"ListItem","position":4,"name":"Mittelburgenland"}]},{"@type":"WebSite","@id":"https:\/\/whynotwein.eu\/nl\/#website","url":"https:\/\/whynotwein.eu\/nl\/","name":"WhyNotWein","description":"Austrian Wines in Belgium","publisher":{"@id":"https:\/\/whynotwein.eu\/nl\/#organization"},"potentialAction":[{"@type":"SearchAction","target":{"@type":"EntryPoint","urlTemplate":"https:\/\/whynotwein.eu\/nl\/?s={search_term_string}"},"query-input":{"@type":"PropertyValueSpecification","valueRequired":true,"valueName":"search_term_string"}}],"inLanguage":"nl-NL"},{"@type":"Organization","@id":"https:\/\/whynotwein.eu\/nl\/#organization","name":"WhyNotWein","url":"https:\/\/whynotwein.eu\/nl\/","logo":{"@type":"ImageObject","inLanguage":"nl-NL","@id":"https:\/\/whynotwein.eu\/nl\/#\/schema\/logo\/image\/","url":"https:\/\/whynotwein.eu\/wp-content\/uploads\/2015\/12\/WhyNotWein_Logo_340.png","contentUrl":"https:\/\/whynotwein.eu\/wp-content\/uploads\/2015\/12\/WhyNotWein_Logo_340.png","width":340,"height":156,"caption":"WhyNotWein"},"image":{"@id":"https:\/\/whynotwein.eu\/nl\/#\/schema\/logo\/image\/"}}]}},"uagb_featured_image_src":{"full":false,"thumbnail":false,"medium":false,"medium_large":false,"large":false,"1536x1536":false,"2048x2048":false,"gform-image-choice-sm":false,"gform-image-choice-md":false,"gform-image-choice-lg":false,"woocommerce_thumbnail":false,"woocommerce_single":false,"woocommerce_gallery_thumbnail":false},"uagb_author_info":{"display_name":"Ren\u00e9 Clausen","author_link":"https:\/\/whynotwein.eu\/nl\/author\/rene\/"},"uagb_comment_info":0,"uagb_excerpt":"Wijnbouwgebied Mittelburgenland Op de 2.118 hectare aan wijngaarden in het wijnbouwgebied Mittelburgenland speelt \u00e9\u00e9n rode wijnsoort de hoofdrol: het Blaufr\u00e4nkisch, dat in de vorm van DAC-wijnen zijn oorsprong idealiter vertegenwoordigt. Vier gemeenten zetten de toon: Deutschkreutz, Horitschon, Lutzmannsburg en Neckenmarkt en twee moderne co\u00f6peraties bewijzen dat grootte heel goed samen kan gaan met topkwaliteit. De&hellip;","_links":{"self":[{"href":"https:\/\/whynotwein.eu\/nl\/wp-json\/wp\/v2\/pages\/15321","targetHints":{"allow":["GET"]}}],"collection":[{"href":"https:\/\/whynotwein.eu\/nl\/wp-json\/wp\/v2\/pages"}],"about":[{"href":"https:\/\/whynotwein.eu\/nl\/wp-json\/wp\/v2\/types\/page"}],"author":[{"embeddable":true,"href":"https:\/\/whynotwein.eu\/nl\/wp-json\/wp\/v2\/users\/2345"}],"replies":[{"embeddable":true,"href":"https:\/\/whynotwein.eu\/nl\/wp-json\/wp\/v2\/comments?post=15321"}],"version-history":[{"count":9,"href":"https:\/\/whynotwein.eu\/nl\/wp-json\/wp\/v2\/pages\/15321\/revisions"}],"predecessor-version":[{"id":26987,"href":"https:\/\/whynotwein.eu\/nl\/wp-json\/wp\/v2\/pages\/15321\/revisions\/26987"}],"up":[{"embeddable":true,"href":"https:\/\/whynotwein.eu\/nl\/wp-json\/wp\/v2\/pages\/11784"}],"wp:attachment":[{"href":"https:\/\/whynotwein.eu\/nl\/wp-json\/wp\/v2\/media?parent=15321"}],"curies":[{"name":"wp","href":"https:\/\/api.w.org\/{rel}","templated":true}]}}