{"id":15353,"date":"2019-03-04T13:45:52","date_gmt":"2019-03-04T12:45:52","guid":{"rendered":"https:\/\/whynotwein.eu\/weinregionen\/burgenland\/neusiedlersee\/"},"modified":"2022-11-24T13:09:34","modified_gmt":"2022-11-24T12:09:34","slug":"neusiedlersee","status":"publish","type":"page","link":"https:\/\/whynotwein.eu\/nl\/wijngebieden\/burgenland\/neusiedlersee\/","title":{"rendered":"Neusiedlersee"},"content":{"rendered":"\n<div class=\"wp-block-uagb-container uagb-block-14cab41b alignfull uagb-is-root-container\"><div class=\"uagb-container-inner-blocks-wrap\">\n<div class=\"wp-block-uagb-container uagb-block-8b6e1214 alignfull uagb-is-root-container\"><div class=\"uagb-container-inner-blocks-wrap\">\n<div class=\"wp-block-uagb-image uagb-block-4e9e9ee5 wp-block-uagb-image--layout-default wp-block-uagb-image--effect-static wp-block-uagb-image--align-center\"><figure class=\"wp-block-uagb-image__figure\"><a class=\"\" href=\"https:\/\/pswp.fra1.digitaloceanspaces.com\/w\/20250922165938\/website-burgenland-wappen.png\" target=\"\" rel=\"noopener\"><img decoding=\"async\" srcset=\"https:\/\/pswp.fra1.digitaloceanspaces.com\/w\/20250922165938\/website-burgenland-wappen-248x300.png \" src=\"https:\/\/pswp.fra1.digitaloceanspaces.com\/w\/20250922165938\/website-burgenland-wappen-248x300.png\" alt=\"\" class=\"uag-image-26448\" width=\"248\" height=\"300\" title=\"\"\/><\/a><\/figure><\/div>\n\n\n\n<div class=\"wp-block-uagb-icon-list uagb-block-1a68feb1\"><div class=\"uagb-icon-list__wrap\">\n<div class=\"wp-block-uagb-icon-list-child uagb-block-1ce46be7\"><span class=\"uagb-icon-list__source-wrap\"><svg xmlns=\"https:\/\/www.w3.org\/2000\/svg\" viewbox=\"0 0 512 512\"><path d=\"M256 0C114.6 0 0 114.6 0 256c0 141.4 114.6 256 256 256s256-114.6 256-256C512 114.6 397.4 0 256 0zM406.6 278.6l-103.1 103.1c-12.5 12.5-32.75 12.5-45.25 0s-12.5-32.75 0-45.25L306.8 288H128C110.3 288 96 273.7 96 256s14.31-32 32-32h178.8l-49.38-49.38c-12.5-12.5-12.5-32.75 0-45.25s32.75-12.5 45.25 0l103.1 103.1C414.6 241.3 416 251.1 416 256C416 260.9 414.6 270.7 406.6 278.6z\"><\/path><\/svg><\/span><span class=\"uagb-icon-list__label\">Optimaal klimaat<\/span><\/div>\n\n\n\n<div class=\"wp-block-uagb-icon-list-child uagb-block-8e0c7e81\"><span class=\"uagb-icon-list__source-wrap\"><svg xmlns=\"https:\/\/www.w3.org\/2000\/svg\" viewbox=\"0 0 512 512\"><path d=\"M256 0C114.6 0 0 114.6 0 256c0 141.4 114.6 256 256 256s256-114.6 256-256C512 114.6 397.4 0 256 0zM406.6 278.6l-103.1 103.1c-12.5 12.5-32.75 12.5-45.25 0s-12.5-32.75 0-45.25L306.8 288H128C110.3 288 96 273.7 96 256s14.31-32 32-32h178.8l-49.38-49.38c-12.5-12.5-12.5-32.75 0-45.25s32.75-12.5 45.25 0l103.1 103.1C414.6 241.3 416 251.1 416 256C416 260.9 414.6 270.7 406.6 278.6z\"><\/path><\/svg><\/span><span class=\"uagb-icon-list__label\">Beschermd in de Pannonische vlakte<\/span><\/div>\n\n\n\n<div class=\"wp-block-uagb-icon-list-child uagb-block-5f4249e2\"><span class=\"uagb-icon-list__source-wrap\"><svg xmlns=\"https:\/\/www.w3.org\/2000\/svg\" viewbox=\"0 0 512 512\"><path d=\"M256 0C114.6 0 0 114.6 0 256c0 141.4 114.6 256 256 256s256-114.6 256-256C512 114.6 397.4 0 256 0zM406.6 278.6l-103.1 103.1c-12.5 12.5-32.75 12.5-45.25 0s-12.5-32.75 0-45.25L306.8 288H128C110.3 288 96 273.7 96 256s14.31-32 32-32h178.8l-49.38-49.38c-12.5-12.5-12.5-32.75 0-45.25s32.75-12.5 45.25 0l103.1 103.1C414.6 241.3 416 251.1 416 256C416 260.9 414.6 270.7 406.6 278.6z\"><\/path><\/svg><\/span><span class=\"uagb-icon-list__label\">Beste condities voor druiven<\/span><\/div>\n<\/div><\/div>\n<\/div><\/div>\n\n\n\n<div class=\"wp-block-uagb-container uagb-block-bcb26614 alignfull uagb-is-root-container\"><div class=\"uagb-container-inner-blocks-wrap\">\n<h3 class=\"wp-block-heading\">Wijngebied Neusiedlersee<\/h3>\n\n\n\n<p>In de wijnstreek Neusiedlersee is bijna alles mogelijk. Op 7.649 hectare wijngaarden rijpen aan de oevers van het ondiepe steppemeer verschillende witte, rode en zoete wijnen: van droge, frisse wijnen over volle en aromatische wijnen tot de wereldberoemde zoete wijnen, waarbij de diversiteit van de Zweigelt de laatste jaren steeds meer op de voorgrond treedt. De oorsprongsbenaming Neusiedlersee DAC, ingevoerd in 2012, is ook gewijd aan deze wijn en maakt de Burgenland DAC-familie nu compleet. Met 1.812 hectare is Zweigelt hier de hoofdvari\u00ebteit; voor de klassieke Neusiedlersee DAC wordt hij als \u00e9\u00e9n vari\u00ebteit gebotteld; in de reservecategorie moet het aandeel Zweigelt minstens 60 procent bedragen en mogen alleen autochtone druivensoorten als cuvee-partner worden gebruikt; de rijping vindt plaats op hout. De wijnstokken kunnen in de uitgestrekte gesloten wijngaarden pure zonneschijn opslaan. Het volledig effectieve Pannonische klimaat met zijn hete, droge zomers en koude winters, in combinatie met het Neusiedl-meer als temperatuurregelaar, zorgt voor een lang groeiseizoen.<\/p>\n\n\n\n<p>De hoge luchtvochtigheid en de herfstmist bevorderen het edelrot (Botrytis cinerea) dat hier regelmatig voorkomt als basis voor de hoogste predicaatwijnen zoals Beerenauslesen en Trockenbeerenauslesen. Deze specialiteiten hebben er in belangrijke mate toe bijgedragen dat de Seewinkel, die nog relatief jong is in vergelijking met meer traditionele Oostenrijkse wijnbouwgebieden, over de hele wereld bekend is. De zeer gedifferentieerde bodemstructuur &#8211; van l\u00f6ss en zwarte aarde tot grind en zand &#8211; laat een al even gevarieerde reeks druivenrassen gedijen. In het witte wijnsegment zijn het vooral Pinot Blanc en Chardonnay en aromatische rassen, naast de hoofdvari\u00ebteit Welschriesling, terwijl in het rode segment de Blaue Zweigelt aan de top staat, vergezeld van Blaufr\u00e4nkisch, St. Laurent en Pinot Noir en internationale &#8220;immigranten&#8221;. Of ze nu ontwikkeld zijn met fruitcharme, gerijpt in houten vaten of barriques, of single-variietal of als cuv\u00e9e &#8211; de rode wijnen uit het Neusiedl meer zijn duidelijk op weg naar succes. Ook de regionale gastronomie is een ware genietcampagne begonnen en scoort punten met een spannende combinatie van een creatieve moderne keuken en nuchtere producten. Groentespecialiteiten, vis of oude runderrassen verrijken de menu&#8217;s, in combinatie met passende wijnen voor elke smaak. Als tegenwicht voor het wijn-spijs-programma worden fietstochten, paardrijden of watersporten aangeboden en het aanbod aan gastenkamers in alle categorie\u00ebn laat niets te wensen over &#8211; van Neusiedl am See en Gols aan de noordoever tot Podersdorf, Illmitz, Apetlon en Pamhagen in het zuiden tot Andau, Frauenkirchen of M\u00f6nchhof in het oosten van het gebied. Halbturn Castle biedt het hele jaar door culturele hoogtepunten met tentoonstellingen en concerten.<\/p>\n<\/div><\/div>\n<\/div><\/div>\n\n<figure class=\"wp-block-gallery has-nested-images columns-default is-cropped wp-block-gallery-1 is-layout-flex wp-block-gallery-is-layout-flex\">\n<figure class=\"wp-block-image size-large\"><a href=\"https:\/\/pswp.fra1.digitaloceanspaces.com\/w\/20250922165938\/website-neusiedlersee3.jpeg\"><img decoding=\"async\" width=\"1030\" height=\"579\" data-id=\"26441\" src=\"https:\/\/pswp.fra1.digitaloceanspaces.com\/w\/20250922165938\/website-neusiedlersee3-1030x579.jpeg\" alt=\"\" class=\"wp-image-26441\" srcset=\"https:\/\/pswp.fra1.digitaloceanspaces.com\/w\/20250922165938\/website-neusiedlersee3-1030x579.jpeg 1030w, https:\/\/pswp.fra1.digitaloceanspaces.com\/w\/20250922165938\/website-neusiedlersee3-300x169.jpeg 300w, https:\/\/pswp.fra1.digitaloceanspaces.com\/w\/20250922165938\/website-neusiedlersee3-768x432.jpeg 768w, https:\/\/pswp.fra1.digitaloceanspaces.com\/w\/20250922165938\/website-neusiedlersee3-450x253.jpeg 450w, https:\/\/pswp.fra1.digitaloceanspaces.com\/w\/20250922165938\/website-neusiedlersee3.jpeg 1067w\" sizes=\"(max-width: 1030px) 100vw, 1030px\" \/><\/a><\/figure>\n\n\n\n<figure class=\"wp-block-image size-large\"><a href=\"https:\/\/pswp.fra1.digitaloceanspaces.com\/w\/20250922165939\/website-neusiedlersee1.webp\"><img decoding=\"async\" width=\"1030\" height=\"468\" data-id=\"26434\" src=\"https:\/\/pswp.fra1.digitaloceanspaces.com\/w\/20250922165939\/website-neusiedlersee1-1030x468.webp\" alt=\"\" class=\"wp-image-26434\" srcset=\"https:\/\/pswp.fra1.digitaloceanspaces.com\/w\/20250922165939\/website-neusiedlersee1-1030x468.webp 1030w, https:\/\/pswp.fra1.digitaloceanspaces.com\/w\/20250922165939\/website-neusiedlersee1-300x136.webp 300w, https:\/\/pswp.fra1.digitaloceanspaces.com\/w\/20250922165939\/website-neusiedlersee1-768x349.webp 768w, https:\/\/pswp.fra1.digitaloceanspaces.com\/w\/20250922165939\/website-neusiedlersee1-450x205.webp 450w, https:\/\/pswp.fra1.digitaloceanspaces.com\/w\/20250922165939\/website-neusiedlersee1.webp 1320w\" sizes=\"(max-width: 1030px) 100vw, 1030px\" \/><\/a><\/figure>\n\n\n\n<figure class=\"wp-block-image size-large\"><a href=\"https:\/\/pswp.fra1.digitaloceanspaces.com\/w\/20250922171207\/Website-Neusiedlersee.png\"><img decoding=\"async\" width=\"1030\" height=\"687\" data-id=\"8200\" src=\"https:\/\/pswp.fra1.digitaloceanspaces.com\/w\/20250922171207\/Website-Neusiedlersee-1030x687.png\" alt=\"\" class=\"wp-image-8200\" srcset=\"https:\/\/pswp.fra1.digitaloceanspaces.com\/w\/20250922171207\/Website-Neusiedlersee-1030x687.png 1030w, https:\/\/pswp.fra1.digitaloceanspaces.com\/w\/20250922171207\/Website-Neusiedlersee-450x300.png 450w, https:\/\/pswp.fra1.digitaloceanspaces.com\/w\/20250922171207\/Website-Neusiedlersee-300x200.png 300w, https:\/\/pswp.fra1.digitaloceanspaces.com\/w\/20250922171207\/Website-Neusiedlersee-768x512.png 768w, https:\/\/pswp.fra1.digitaloceanspaces.com\/w\/20250922171207\/Website-Neusiedlersee.png 1500w, https:\/\/pswp.fra1.digitaloceanspaces.com\/w\/20250922171207\/Website-Neusiedlersee-705x470.png 705w\" sizes=\"(max-width: 1030px) 100vw, 1030px\" \/><\/a><\/figure>\n<\/figure>\n","protected":false},"excerpt":{"rendered":"<p>Wijngebied Neusiedlersee In de wijnstreek Neusiedlersee is bijna alles mogelijk. Op 7.649 hectare wijngaarden rijpen aan de oevers van het ondiepe steppemeer verschillende witte, rode en zoete wijnen: van droge, frisse wijnen over volle en aromatische wijnen tot de wereldberoemde zoete wijnen, waarbij de diversiteit van de Zweigelt de laatste jaren steeds meer op de [&hellip;]<\/p>\n","protected":false},"author":2345,"featured_media":0,"parent":11784,"menu_order":0,"comment_status":"closed","ping_status":"closed","template":"","meta":{"_eb_attr":"","_uag_custom_page_level_css":"","site-sidebar-layout":"default","site-content-layout":"","ast-site-content-layout":"default","site-content-style":"default","site-sidebar-style":"default","ast-global-header-display":"","ast-banner-title-visibility":"","ast-main-header-display":"","ast-hfb-above-header-display":"","ast-hfb-below-header-display":"","ast-hfb-mobile-header-display":"","site-post-title":"","ast-breadcrumbs-content":"","ast-featured-img":"","footer-sml-layout":"","ast-disable-related-posts":"","theme-transparent-header-meta":"","adv-header-id-meta":"","stick-header-meta":"","header-above-stick-meta":"","header-main-stick-meta":"","header-below-stick-meta":"","astra-migrate-meta-layouts":"default","ast-page-background-enabled":"default","ast-page-background-meta":{"desktop":{"background-color":"var(--ast-global-color-4)","background-image":"","background-repeat":"repeat","background-position":"center center","background-size":"auto","background-attachment":"scroll","background-type":"","background-media":"","overlay-type":"","overlay-color":"","overlay-opacity":"","overlay-gradient":""},"tablet":{"background-color":"","background-image":"","background-repeat":"repeat","background-position":"center center","background-size":"auto","background-attachment":"scroll","background-type":"","background-media":"","overlay-type":"","overlay-color":"","overlay-opacity":"","overlay-gradient":""},"mobile":{"background-color":"","background-image":"","background-repeat":"repeat","background-position":"center center","background-size":"auto","background-attachment":"scroll","background-type":"","background-media":"","overlay-type":"","overlay-color":"","overlay-opacity":"","overlay-gradient":""}},"ast-content-background-meta":{"desktop":{"background-color":"var(--ast-global-color-5)","background-image":"","background-repeat":"repeat","background-position":"center center","background-size":"auto","background-attachment":"scroll","background-type":"","background-media":"","overlay-type":"","overlay-color":"","overlay-opacity":"","overlay-gradient":""},"tablet":{"background-color":"var(--ast-global-color-5)","background-image":"","background-repeat":"repeat","background-position":"center center","background-size":"auto","background-attachment":"scroll","background-type":"","background-media":"","overlay-type":"","overlay-color":"","overlay-opacity":"","overlay-gradient":""},"mobile":{"background-color":"var(--ast-global-color-5)","background-image":"","background-repeat":"repeat","background-position":"center center","background-size":"auto","background-attachment":"scroll","background-type":"","background-media":"","overlay-type":"","overlay-color":"","overlay-opacity":"","overlay-gradient":""}},"footnotes":""},"class_list":["post-15353","page","type-page","status-publish","hentry"],"yoast_head":"<!-- This site is optimized with the Yoast SEO plugin v27.3 - https:\/\/yoast.com\/product\/yoast-seo-wordpress\/ -->\n<title>Neusiedlersee - WhyNotWein<\/title>\n<meta name=\"robots\" content=\"index, follow, max-snippet:-1, max-image-preview:large, max-video-preview:-1\" \/>\n<link rel=\"canonical\" href=\"https:\/\/whynotwein.eu\/nl\/wijngebieden\/burgenland\/neusiedlersee\/\" \/>\n<meta property=\"og:locale\" content=\"nl_NL\" \/>\n<meta property=\"og:type\" content=\"article\" \/>\n<meta property=\"og:title\" content=\"Neusiedlersee - WhyNotWein\" \/>\n<meta property=\"og:description\" content=\"Wijngebied Neusiedlersee In de wijnstreek Neusiedlersee is bijna alles mogelijk. Op 7.649 hectare wijngaarden rijpen aan de oevers van het ondiepe steppemeer verschillende witte, rode en zoete wijnen: van droge, frisse wijnen over volle en aromatische wijnen tot de wereldberoemde zoete wijnen, waarbij de diversiteit van de Zweigelt de laatste jaren steeds meer op de [&hellip;]\" \/>\n<meta property=\"og:url\" content=\"https:\/\/whynotwein.eu\/nl\/wijngebieden\/burgenland\/neusiedlersee\/\" \/>\n<meta property=\"og:site_name\" content=\"WhyNotWein\" \/>\n<meta property=\"article:modified_time\" content=\"2022-11-24T12:09:34+00:00\" \/>\n<meta property=\"og:image\" content=\"https:\/\/whynotwein.eu\/wp-content\/uploads\/2022\/11\/website-burgenland-wappen-248x300.png\" \/>\n<meta name=\"twitter:card\" content=\"summary_large_image\" \/>\n<meta name=\"twitter:label1\" content=\"Geschatte leestijd\" \/>\n\t<meta name=\"twitter:data1\" content=\"2 minutes\" \/>\n<script type=\"application\/ld+json\" class=\"yoast-schema-graph\">{\"@context\":\"https:\\\/\\\/schema.org\",\"@graph\":[{\"@type\":\"WebPage\",\"@id\":\"https:\\\/\\\/whynotwein.eu\\\/nl\\\/wijngebieden\\\/burgenland\\\/neusiedlersee\\\/\",\"url\":\"https:\\\/\\\/whynotwein.eu\\\/nl\\\/wijngebieden\\\/burgenland\\\/neusiedlersee\\\/\",\"name\":\"Neusiedlersee - WhyNotWein\",\"isPartOf\":{\"@id\":\"https:\\\/\\\/whynotwein.eu\\\/nl\\\/#website\"},\"primaryImageOfPage\":{\"@id\":\"https:\\\/\\\/whynotwein.eu\\\/nl\\\/wijngebieden\\\/burgenland\\\/neusiedlersee\\\/#primaryimage\"},\"image\":{\"@id\":\"https:\\\/\\\/whynotwein.eu\\\/nl\\\/wijngebieden\\\/burgenland\\\/neusiedlersee\\\/#primaryimage\"},\"thumbnailUrl\":\"https:\\\/\\\/whynotwein.eu\\\/wp-content\\\/uploads\\\/2022\\\/11\\\/website-burgenland-wappen-248x300.png\",\"datePublished\":\"2019-03-04T12:45:52+00:00\",\"dateModified\":\"2022-11-24T12:09:34+00:00\",\"breadcrumb\":{\"@id\":\"https:\\\/\\\/whynotwein.eu\\\/nl\\\/wijngebieden\\\/burgenland\\\/neusiedlersee\\\/#breadcrumb\"},\"inLanguage\":\"nl-NL\",\"potentialAction\":[{\"@type\":\"ReadAction\",\"target\":[\"https:\\\/\\\/whynotwein.eu\\\/nl\\\/wijngebieden\\\/burgenland\\\/neusiedlersee\\\/\"]}]},{\"@type\":\"ImageObject\",\"inLanguage\":\"nl-NL\",\"@id\":\"https:\\\/\\\/whynotwein.eu\\\/nl\\\/wijngebieden\\\/burgenland\\\/neusiedlersee\\\/#primaryimage\",\"url\":\"https:\\\/\\\/whynotwein.eu\\\/wp-content\\\/uploads\\\/2022\\\/11\\\/website-burgenland-wappen-248x300.png\",\"contentUrl\":\"https:\\\/\\\/whynotwein.eu\\\/wp-content\\\/uploads\\\/2022\\\/11\\\/website-burgenland-wappen-248x300.png\"},{\"@type\":\"BreadcrumbList\",\"@id\":\"https:\\\/\\\/whynotwein.eu\\\/nl\\\/wijngebieden\\\/burgenland\\\/neusiedlersee\\\/#breadcrumb\",\"itemListElement\":[{\"@type\":\"ListItem\",\"position\":1,\"name\":\"Home\",\"item\":\"https:\\\/\\\/whynotwein.eu\\\/nl\\\/\"},{\"@type\":\"ListItem\",\"position\":2,\"name\":\"Wijngebieden\",\"item\":\"https:\\\/\\\/whynotwein.eu\\\/nl\\\/wijngebieden\\\/\"},{\"@type\":\"ListItem\",\"position\":3,\"name\":\"Burgenland\",\"item\":\"https:\\\/\\\/whynotwein.eu\\\/nl\\\/wijngebieden\\\/burgenland\\\/\"},{\"@type\":\"ListItem\",\"position\":4,\"name\":\"Neusiedlersee\"}]},{\"@type\":\"WebSite\",\"@id\":\"https:\\\/\\\/whynotwein.eu\\\/nl\\\/#website\",\"url\":\"https:\\\/\\\/whynotwein.eu\\\/nl\\\/\",\"name\":\"WhyNotWein\",\"description\":\"Austrian Wines in Belgium\",\"publisher\":{\"@id\":\"https:\\\/\\\/whynotwein.eu\\\/nl\\\/#organization\"},\"potentialAction\":[{\"@type\":\"SearchAction\",\"target\":{\"@type\":\"EntryPoint\",\"urlTemplate\":\"https:\\\/\\\/whynotwein.eu\\\/nl\\\/?s={search_term_string}\"},\"query-input\":{\"@type\":\"PropertyValueSpecification\",\"valueRequired\":true,\"valueName\":\"search_term_string\"}}],\"inLanguage\":\"nl-NL\"},{\"@type\":\"Organization\",\"@id\":\"https:\\\/\\\/whynotwein.eu\\\/nl\\\/#organization\",\"name\":\"WhyNotWein\",\"url\":\"https:\\\/\\\/whynotwein.eu\\\/nl\\\/\",\"logo\":{\"@type\":\"ImageObject\",\"inLanguage\":\"nl-NL\",\"@id\":\"https:\\\/\\\/whynotwein.eu\\\/nl\\\/#\\\/schema\\\/logo\\\/image\\\/\",\"url\":\"https:\\\/\\\/whynotwein.eu\\\/wp-content\\\/uploads\\\/2015\\\/12\\\/WhyNotWein_Logo_340.png\",\"contentUrl\":\"https:\\\/\\\/whynotwein.eu\\\/wp-content\\\/uploads\\\/2015\\\/12\\\/WhyNotWein_Logo_340.png\",\"width\":340,\"height\":156,\"caption\":\"WhyNotWein\"},\"image\":{\"@id\":\"https:\\\/\\\/whynotwein.eu\\\/nl\\\/#\\\/schema\\\/logo\\\/image\\\/\"}}]}<\/script>\n<!-- \/ Yoast SEO plugin. -->","yoast_head_json":{"title":"Neusiedlersee - WhyNotWein","robots":{"index":"index","follow":"follow","max-snippet":"max-snippet:-1","max-image-preview":"max-image-preview:large","max-video-preview":"max-video-preview:-1"},"canonical":"https:\/\/whynotwein.eu\/nl\/wijngebieden\/burgenland\/neusiedlersee\/","og_locale":"nl_NL","og_type":"article","og_title":"Neusiedlersee - WhyNotWein","og_description":"Wijngebied Neusiedlersee In de wijnstreek Neusiedlersee is bijna alles mogelijk. Op 7.649 hectare wijngaarden rijpen aan de oevers van het ondiepe steppemeer verschillende witte, rode en zoete wijnen: van droge, frisse wijnen over volle en aromatische wijnen tot de wereldberoemde zoete wijnen, waarbij de diversiteit van de Zweigelt de laatste jaren steeds meer op de [&hellip;]","og_url":"https:\/\/whynotwein.eu\/nl\/wijngebieden\/burgenland\/neusiedlersee\/","og_site_name":"WhyNotWein","article_modified_time":"2022-11-24T12:09:34+00:00","og_image":[{"url":"https:\/\/whynotwein.eu\/wp-content\/uploads\/2022\/11\/website-burgenland-wappen-248x300.png","type":"","width":"","height":""}],"twitter_card":"summary_large_image","twitter_misc":{"Geschatte leestijd":"2 minutes"},"schema":{"@context":"https:\/\/schema.org","@graph":[{"@type":"WebPage","@id":"https:\/\/whynotwein.eu\/nl\/wijngebieden\/burgenland\/neusiedlersee\/","url":"https:\/\/whynotwein.eu\/nl\/wijngebieden\/burgenland\/neusiedlersee\/","name":"Neusiedlersee - WhyNotWein","isPartOf":{"@id":"https:\/\/whynotwein.eu\/nl\/#website"},"primaryImageOfPage":{"@id":"https:\/\/whynotwein.eu\/nl\/wijngebieden\/burgenland\/neusiedlersee\/#primaryimage"},"image":{"@id":"https:\/\/whynotwein.eu\/nl\/wijngebieden\/burgenland\/neusiedlersee\/#primaryimage"},"thumbnailUrl":"https:\/\/whynotwein.eu\/wp-content\/uploads\/2022\/11\/website-burgenland-wappen-248x300.png","datePublished":"2019-03-04T12:45:52+00:00","dateModified":"2022-11-24T12:09:34+00:00","breadcrumb":{"@id":"https:\/\/whynotwein.eu\/nl\/wijngebieden\/burgenland\/neusiedlersee\/#breadcrumb"},"inLanguage":"nl-NL","potentialAction":[{"@type":"ReadAction","target":["https:\/\/whynotwein.eu\/nl\/wijngebieden\/burgenland\/neusiedlersee\/"]}]},{"@type":"ImageObject","inLanguage":"nl-NL","@id":"https:\/\/whynotwein.eu\/nl\/wijngebieden\/burgenland\/neusiedlersee\/#primaryimage","url":"https:\/\/whynotwein.eu\/wp-content\/uploads\/2022\/11\/website-burgenland-wappen-248x300.png","contentUrl":"https:\/\/whynotwein.eu\/wp-content\/uploads\/2022\/11\/website-burgenland-wappen-248x300.png"},{"@type":"BreadcrumbList","@id":"https:\/\/whynotwein.eu\/nl\/wijngebieden\/burgenland\/neusiedlersee\/#breadcrumb","itemListElement":[{"@type":"ListItem","position":1,"name":"Home","item":"https:\/\/whynotwein.eu\/nl\/"},{"@type":"ListItem","position":2,"name":"Wijngebieden","item":"https:\/\/whynotwein.eu\/nl\/wijngebieden\/"},{"@type":"ListItem","position":3,"name":"Burgenland","item":"https:\/\/whynotwein.eu\/nl\/wijngebieden\/burgenland\/"},{"@type":"ListItem","position":4,"name":"Neusiedlersee"}]},{"@type":"WebSite","@id":"https:\/\/whynotwein.eu\/nl\/#website","url":"https:\/\/whynotwein.eu\/nl\/","name":"WhyNotWein","description":"Austrian Wines in Belgium","publisher":{"@id":"https:\/\/whynotwein.eu\/nl\/#organization"},"potentialAction":[{"@type":"SearchAction","target":{"@type":"EntryPoint","urlTemplate":"https:\/\/whynotwein.eu\/nl\/?s={search_term_string}"},"query-input":{"@type":"PropertyValueSpecification","valueRequired":true,"valueName":"search_term_string"}}],"inLanguage":"nl-NL"},{"@type":"Organization","@id":"https:\/\/whynotwein.eu\/nl\/#organization","name":"WhyNotWein","url":"https:\/\/whynotwein.eu\/nl\/","logo":{"@type":"ImageObject","inLanguage":"nl-NL","@id":"https:\/\/whynotwein.eu\/nl\/#\/schema\/logo\/image\/","url":"https:\/\/whynotwein.eu\/wp-content\/uploads\/2015\/12\/WhyNotWein_Logo_340.png","contentUrl":"https:\/\/whynotwein.eu\/wp-content\/uploads\/2015\/12\/WhyNotWein_Logo_340.png","width":340,"height":156,"caption":"WhyNotWein"},"image":{"@id":"https:\/\/whynotwein.eu\/nl\/#\/schema\/logo\/image\/"}}]}},"uagb_featured_image_src":{"full":false,"thumbnail":false,"medium":false,"medium_large":false,"large":false,"1536x1536":false,"2048x2048":false,"gform-image-choice-sm":false,"gform-image-choice-md":false,"gform-image-choice-lg":false,"woocommerce_thumbnail":false,"woocommerce_single":false,"woocommerce_gallery_thumbnail":false},"uagb_author_info":{"display_name":"Ren\u00e9 Clausen","author_link":"https:\/\/whynotwein.eu\/nl\/author\/rene\/"},"uagb_comment_info":0,"uagb_excerpt":"Wijngebied Neusiedlersee In de wijnstreek Neusiedlersee is bijna alles mogelijk. Op 7.649 hectare wijngaarden rijpen aan de oevers van het ondiepe steppemeer verschillende witte, rode en zoete wijnen: van droge, frisse wijnen over volle en aromatische wijnen tot de wereldberoemde zoete wijnen, waarbij de diversiteit van de Zweigelt de laatste jaren steeds meer op de&hellip;","_links":{"self":[{"href":"https:\/\/whynotwein.eu\/nl\/wp-json\/wp\/v2\/pages\/15353","targetHints":{"allow":["GET"]}}],"collection":[{"href":"https:\/\/whynotwein.eu\/nl\/wp-json\/wp\/v2\/pages"}],"about":[{"href":"https:\/\/whynotwein.eu\/nl\/wp-json\/wp\/v2\/types\/page"}],"author":[{"embeddable":true,"href":"https:\/\/whynotwein.eu\/nl\/wp-json\/wp\/v2\/users\/2345"}],"replies":[{"embeddable":true,"href":"https:\/\/whynotwein.eu\/nl\/wp-json\/wp\/v2\/comments?post=15353"}],"version-history":[{"count":7,"href":"https:\/\/whynotwein.eu\/nl\/wp-json\/wp\/v2\/pages\/15353\/revisions"}],"predecessor-version":[{"id":26991,"href":"https:\/\/whynotwein.eu\/nl\/wp-json\/wp\/v2\/pages\/15353\/revisions\/26991"}],"up":[{"embeddable":true,"href":"https:\/\/whynotwein.eu\/nl\/wp-json\/wp\/v2\/pages\/11784"}],"wp:attachment":[{"href":"https:\/\/whynotwein.eu\/nl\/wp-json\/wp\/v2\/media?parent=15353"}],"curies":[{"name":"wp","href":"https:\/\/api.w.org\/{rel}","templated":true}]}}