{"id":27671,"date":"2023-12-06T10:51:44","date_gmt":"2023-12-06T09:51:44","guid":{"rendered":"https:\/\/whynotwein.eu\/?post_type=product&#038;p=27671"},"modified":"2025-11-11T10:30:49","modified_gmt":"2025-11-11T09:30:49","slug":"cuvee-stiegelmar-6-liter","status":"publish","type":"product","link":"https:\/\/whynotwein.eu\/nl\/product\/cuvee-stiegelmar-6-liter\/","title":{"rendered":"\u201cStiegelmar\u201d 2012 Cuv\u00e9e 6 liter"},"content":{"rendered":"<p>De Zweigelt en Blaufr\u00e4nkisch-druiven van deze cuv\u00e9e komen uit de gebieden Goldberg, Altenberg en Ungerberg. Ze vormen een complex frame door de gelaagdheid van de aparte bodems. De Cabernet uit de gebieden Kalbskopf en Altenberg staat borg voor een maximale concentratie en gerijptheid door de zuidwest geori\u00ebnteerde kalkhoudende zand en leem bodem en het speciale bodemklimaat<\/p>\n<p>Donker purperrood met lichte rand<\/p>\n<p>In de neus vriendelijk-vegetaal met duidelijk fruit van framboos en kersen alsook een vleugje vanille<\/p>\n<p>In de mond komt het zelfde fruit opnieuw naar voren vervolledigd met zoethout, fruitig, met een stevige zuurbalans en bescheiden golfje van gevrand hout in de afdronk<\/p>\n<p><strong>93 FALSTAFF punten<\/strong><\/p>\n<p><strong>6 liter<\/strong><\/p>\n","protected":false},"excerpt":{"rendered":"<p>Stevige zuurbalans<\/p>\n","protected":false},"featured_media":12510,"comment_status":"closed","ping_status":"closed","template":"","meta":{"_eb_attr":"","_uag_custom_page_level_css":"","site-sidebar-layout":"default","site-content-layout":"","ast-site-content-layout":"default","site-content-style":"default","site-sidebar-style":"default","ast-global-header-display":"","ast-banner-title-visibility":"","ast-main-header-display":"","ast-hfb-above-header-display":"","ast-hfb-below-header-display":"","ast-hfb-mobile-header-display":"","site-post-title":"","ast-breadcrumbs-content":"","ast-featured-img":"","footer-sml-layout":"","ast-disable-related-posts":"","theme-transparent-header-meta":"default","adv-header-id-meta":"","stick-header-meta":"default","header-above-stick-meta":"","header-main-stick-meta":"","header-below-stick-meta":"","astra-migrate-meta-layouts":"set","ast-page-background-enabled":"default","ast-page-background-meta":{"desktop":{"background-color":"var(--ast-global-color-4)","background-image":"","background-repeat":"repeat","background-position":"center center","background-size":"auto","background-attachment":"scroll","background-type":"","background-media":"","overlay-type":"","overlay-color":"","overlay-opacity":"","overlay-gradient":""},"tablet":{"background-color":"","background-image":"","background-repeat":"repeat","background-position":"center center","background-size":"auto","background-attachment":"scroll","background-type":"","background-media":"","overlay-type":"","overlay-color":"","overlay-opacity":"","overlay-gradient":""},"mobile":{"background-color":"","background-image":"","background-repeat":"repeat","background-position":"center center","background-size":"auto","background-attachment":"scroll","background-type":"","background-media":"","overlay-type":"","overlay-color":"","overlay-opacity":"","overlay-gradient":""}},"ast-content-background-meta":{"desktop":{"background-color":"var(--ast-global-color-5)","background-image":"","background-repeat":"repeat","background-position":"center center","background-size":"auto","background-attachment":"scroll","background-type":"","background-media":"","overlay-type":"","overlay-color":"","overlay-opacity":"","overlay-gradient":""},"tablet":{"background-color":"var(--ast-global-color-5)","background-image":"","background-repeat":"repeat","background-position":"center center","background-size":"auto","background-attachment":"scroll","background-type":"","background-media":"","overlay-type":"","overlay-color":"","overlay-opacity":"","overlay-gradient":""},"mobile":{"background-color":"var(--ast-global-color-5)","background-image":"","background-repeat":"repeat","background-position":"center center","background-size":"auto","background-attachment":"scroll","background-type":"","background-media":"","overlay-type":"","overlay-color":"","overlay-opacity":"","overlay-gradient":""}}},"product_brand":[],"product_cat":[265,833,266],"product_tag":[],"class_list":{"0":"post-27671","1":"product","2":"type-product","3":"status-publish","4":"has-post-thumbnail","6":"product_cat-burgenland-de-nl","7":"product_cat-neusiedlersee-nl-2","8":"product_cat-rode-wijnen","9":"pa_weingut-stiegelmar-neusiedlersee-nl","10":"pa_whynotwein-siegel-2-van-3-nl","11":"desktop-align-left","12":"tablet-align-left","13":"mobile-align-left","14":"ast-product-gallery-layout-horizontal-slider","15":"ast-product-gallery-with-no-image","16":"ast-product-tabs-layout-vertical","17":"ast-qv-on-image","19":"first","20":"outofstock","21":"featured","22":"taxable","23":"shipping-taxable","24":"purchasable","25":"product-type-simple"},"yoast_head":"<!-- This site is optimized with the Yoast SEO plugin v27.3 - https:\/\/yoast.com\/product\/yoast-seo-wordpress\/ -->\n<title>\u201cStiegelmar\u201d 2012 Cuv\u00e9e 6 liter - WhyNotWein<\/title>\n<meta name=\"robots\" content=\"index, follow, max-snippet:-1, max-image-preview:large, max-video-preview:-1\" \/>\n<link rel=\"canonical\" href=\"https:\/\/whynotwein.eu\/nl\/product\/cuvee-stiegelmar-6-liter\/\" \/>\n<meta property=\"og:locale\" content=\"nl_NL\" \/>\n<meta property=\"og:type\" content=\"article\" \/>\n<meta property=\"og:title\" content=\"\u201cStiegelmar\u201d 2012 Cuv\u00e9e 6 liter - WhyNotWein\" \/>\n<meta property=\"og:description\" content=\"Stevige zuurbalans\" \/>\n<meta property=\"og:url\" content=\"https:\/\/whynotwein.eu\/nl\/product\/cuvee-stiegelmar-6-liter\/\" \/>\n<meta property=\"og:site_name\" content=\"WhyNotWein\" \/>\n<meta property=\"article:modified_time\" content=\"2025-11-11T09:30:49+00:00\" \/>\n<meta property=\"og:image\" content=\"https:\/\/pswp.fra1.digitaloceanspaces.com\/w\/20250922170509\/stiegelmar-blauer-zweigelt-3L.png\" \/>\n\t<meta property=\"og:image:width\" content=\"450\" \/>\n\t<meta property=\"og:image:height\" content=\"450\" \/>\n\t<meta property=\"og:image:type\" content=\"image\/png\" \/>\n<meta name=\"twitter:card\" content=\"summary_large_image\" \/>\n<meta name=\"twitter:label1\" content=\"Geschatte leestijd\" \/>\n\t<meta name=\"twitter:data1\" content=\"1 minute\" \/>\n<script type=\"application\/ld+json\" class=\"yoast-schema-graph\">{\"@context\":\"https:\\\/\\\/schema.org\",\"@graph\":[{\"@type\":\"WebPage\",\"@id\":\"https:\\\/\\\/whynotwein.eu\\\/nl\\\/product\\\/cuvee-stiegelmar-6-liter\\\/\",\"url\":\"https:\\\/\\\/whynotwein.eu\\\/nl\\\/product\\\/cuvee-stiegelmar-6-liter\\\/\",\"name\":\"\u201cStiegelmar\u201d 2012 Cuv\u00e9e 6 liter - WhyNotWein\",\"isPartOf\":{\"@id\":\"https:\\\/\\\/whynotwein.eu\\\/nl\\\/#website\"},\"primaryImageOfPage\":{\"@id\":\"https:\\\/\\\/whynotwein.eu\\\/nl\\\/product\\\/cuvee-stiegelmar-6-liter\\\/#primaryimage\"},\"image\":{\"@id\":\"https:\\\/\\\/whynotwein.eu\\\/nl\\\/product\\\/cuvee-stiegelmar-6-liter\\\/#primaryimage\"},\"thumbnailUrl\":\"https:\\\/\\\/pswp.fra1.digitaloceanspaces.com\\\/w\\\/20250922170509\\\/stiegelmar-blauer-zweigelt-3L.png\",\"datePublished\":\"2023-12-06T09:51:44+00:00\",\"dateModified\":\"2025-11-11T09:30:49+00:00\",\"breadcrumb\":{\"@id\":\"https:\\\/\\\/whynotwein.eu\\\/nl\\\/product\\\/cuvee-stiegelmar-6-liter\\\/#breadcrumb\"},\"inLanguage\":\"nl-NL\",\"potentialAction\":[{\"@type\":\"ReadAction\",\"target\":[\"https:\\\/\\\/whynotwein.eu\\\/nl\\\/product\\\/cuvee-stiegelmar-6-liter\\\/\"]}]},{\"@type\":\"ImageObject\",\"inLanguage\":\"nl-NL\",\"@id\":\"https:\\\/\\\/whynotwein.eu\\\/nl\\\/product\\\/cuvee-stiegelmar-6-liter\\\/#primaryimage\",\"url\":\"https:\\\/\\\/pswp.fra1.digitaloceanspaces.com\\\/w\\\/20250922170509\\\/stiegelmar-blauer-zweigelt-3L.png\",\"contentUrl\":\"https:\\\/\\\/pswp.fra1.digitaloceanspaces.com\\\/w\\\/20250922170509\\\/stiegelmar-blauer-zweigelt-3L.png\",\"width\":450,\"height\":450},{\"@type\":\"BreadcrumbList\",\"@id\":\"https:\\\/\\\/whynotwein.eu\\\/nl\\\/product\\\/cuvee-stiegelmar-6-liter\\\/#breadcrumb\",\"itemListElement\":[{\"@type\":\"ListItem\",\"position\":1,\"name\":\"Home\",\"item\":\"https:\\\/\\\/whynotwein.eu\\\/nl\\\/\"},{\"@type\":\"ListItem\",\"position\":2,\"name\":\"Winkel\",\"item\":\"https:\\\/\\\/whynotwein.eu\\\/nl\\\/winkel\\\/\"},{\"@type\":\"ListItem\",\"position\":3,\"name\":\"\u201cStiegelmar\u201d 2012 Cuv\u00e9e 6 liter\"}]},{\"@type\":\"WebSite\",\"@id\":\"https:\\\/\\\/whynotwein.eu\\\/nl\\\/#website\",\"url\":\"https:\\\/\\\/whynotwein.eu\\\/nl\\\/\",\"name\":\"WhyNotWein\",\"description\":\"Austrian Wines in Belgium\",\"publisher\":{\"@id\":\"https:\\\/\\\/whynotwein.eu\\\/nl\\\/#organization\"},\"potentialAction\":[{\"@type\":\"SearchAction\",\"target\":{\"@type\":\"EntryPoint\",\"urlTemplate\":\"https:\\\/\\\/whynotwein.eu\\\/nl\\\/?s={search_term_string}\"},\"query-input\":{\"@type\":\"PropertyValueSpecification\",\"valueRequired\":true,\"valueName\":\"search_term_string\"}}],\"inLanguage\":\"nl-NL\"},{\"@type\":\"Organization\",\"@id\":\"https:\\\/\\\/whynotwein.eu\\\/nl\\\/#organization\",\"name\":\"WhyNotWein\",\"url\":\"https:\\\/\\\/whynotwein.eu\\\/nl\\\/\",\"logo\":{\"@type\":\"ImageObject\",\"inLanguage\":\"nl-NL\",\"@id\":\"https:\\\/\\\/whynotwein.eu\\\/nl\\\/#\\\/schema\\\/logo\\\/image\\\/\",\"url\":\"https:\\\/\\\/whynotwein.eu\\\/wp-content\\\/uploads\\\/2015\\\/12\\\/WhyNotWein_Logo_340.png\",\"contentUrl\":\"https:\\\/\\\/whynotwein.eu\\\/wp-content\\\/uploads\\\/2015\\\/12\\\/WhyNotWein_Logo_340.png\",\"width\":340,\"height\":156,\"caption\":\"WhyNotWein\"},\"image\":{\"@id\":\"https:\\\/\\\/whynotwein.eu\\\/nl\\\/#\\\/schema\\\/logo\\\/image\\\/\"}}]}<\/script>\n<!-- \/ Yoast SEO plugin. -->","yoast_head_json":{"title":"\u201cStiegelmar\u201d 2012 Cuv\u00e9e 6 liter - WhyNotWein","robots":{"index":"index","follow":"follow","max-snippet":"max-snippet:-1","max-image-preview":"max-image-preview:large","max-video-preview":"max-video-preview:-1"},"canonical":"https:\/\/whynotwein.eu\/nl\/product\/cuvee-stiegelmar-6-liter\/","og_locale":"nl_NL","og_type":"article","og_title":"\u201cStiegelmar\u201d 2012 Cuv\u00e9e 6 liter - WhyNotWein","og_description":"Stevige zuurbalans","og_url":"https:\/\/whynotwein.eu\/nl\/product\/cuvee-stiegelmar-6-liter\/","og_site_name":"WhyNotWein","article_modified_time":"2025-11-11T09:30:49+00:00","og_image":[{"width":450,"height":450,"url":"https:\/\/pswp.fra1.digitaloceanspaces.com\/w\/20250922170509\/stiegelmar-blauer-zweigelt-3L.png","type":"image\/png"}],"twitter_card":"summary_large_image","twitter_misc":{"Geschatte leestijd":"1 minute"},"schema":{"@context":"https:\/\/schema.org","@graph":[{"@type":"WebPage","@id":"https:\/\/whynotwein.eu\/nl\/product\/cuvee-stiegelmar-6-liter\/","url":"https:\/\/whynotwein.eu\/nl\/product\/cuvee-stiegelmar-6-liter\/","name":"\u201cStiegelmar\u201d 2012 Cuv\u00e9e 6 liter - WhyNotWein","isPartOf":{"@id":"https:\/\/whynotwein.eu\/nl\/#website"},"primaryImageOfPage":{"@id":"https:\/\/whynotwein.eu\/nl\/product\/cuvee-stiegelmar-6-liter\/#primaryimage"},"image":{"@id":"https:\/\/whynotwein.eu\/nl\/product\/cuvee-stiegelmar-6-liter\/#primaryimage"},"thumbnailUrl":"https:\/\/pswp.fra1.digitaloceanspaces.com\/w\/20250922170509\/stiegelmar-blauer-zweigelt-3L.png","datePublished":"2023-12-06T09:51:44+00:00","dateModified":"2025-11-11T09:30:49+00:00","breadcrumb":{"@id":"https:\/\/whynotwein.eu\/nl\/product\/cuvee-stiegelmar-6-liter\/#breadcrumb"},"inLanguage":"nl-NL","potentialAction":[{"@type":"ReadAction","target":["https:\/\/whynotwein.eu\/nl\/product\/cuvee-stiegelmar-6-liter\/"]}]},{"@type":"ImageObject","inLanguage":"nl-NL","@id":"https:\/\/whynotwein.eu\/nl\/product\/cuvee-stiegelmar-6-liter\/#primaryimage","url":"https:\/\/pswp.fra1.digitaloceanspaces.com\/w\/20250922170509\/stiegelmar-blauer-zweigelt-3L.png","contentUrl":"https:\/\/pswp.fra1.digitaloceanspaces.com\/w\/20250922170509\/stiegelmar-blauer-zweigelt-3L.png","width":450,"height":450},{"@type":"BreadcrumbList","@id":"https:\/\/whynotwein.eu\/nl\/product\/cuvee-stiegelmar-6-liter\/#breadcrumb","itemListElement":[{"@type":"ListItem","position":1,"name":"Home","item":"https:\/\/whynotwein.eu\/nl\/"},{"@type":"ListItem","position":2,"name":"Winkel","item":"https:\/\/whynotwein.eu\/nl\/winkel\/"},{"@type":"ListItem","position":3,"name":"\u201cStiegelmar\u201d 2012 Cuv\u00e9e 6 liter"}]},{"@type":"WebSite","@id":"https:\/\/whynotwein.eu\/nl\/#website","url":"https:\/\/whynotwein.eu\/nl\/","name":"WhyNotWein","description":"Austrian Wines in Belgium","publisher":{"@id":"https:\/\/whynotwein.eu\/nl\/#organization"},"potentialAction":[{"@type":"SearchAction","target":{"@type":"EntryPoint","urlTemplate":"https:\/\/whynotwein.eu\/nl\/?s={search_term_string}"},"query-input":{"@type":"PropertyValueSpecification","valueRequired":true,"valueName":"search_term_string"}}],"inLanguage":"nl-NL"},{"@type":"Organization","@id":"https:\/\/whynotwein.eu\/nl\/#organization","name":"WhyNotWein","url":"https:\/\/whynotwein.eu\/nl\/","logo":{"@type":"ImageObject","inLanguage":"nl-NL","@id":"https:\/\/whynotwein.eu\/nl\/#\/schema\/logo\/image\/","url":"https:\/\/whynotwein.eu\/wp-content\/uploads\/2015\/12\/WhyNotWein_Logo_340.png","contentUrl":"https:\/\/whynotwein.eu\/wp-content\/uploads\/2015\/12\/WhyNotWein_Logo_340.png","width":340,"height":156,"caption":"WhyNotWein"},"image":{"@id":"https:\/\/whynotwein.eu\/nl\/#\/schema\/logo\/image\/"}}]}},"uagb_featured_image_src":{"full":["https:\/\/pswp.fra1.digitaloceanspaces.com\/w\/20250922170509\/stiegelmar-blauer-zweigelt-3L.png",450,450,false],"thumbnail":["https:\/\/pswp.fra1.digitaloceanspaces.com\/w\/20250922170509\/stiegelmar-blauer-zweigelt-3L-80x80.png",80,80,true],"medium":["https:\/\/pswp.fra1.digitaloceanspaces.com\/w\/20250922170509\/stiegelmar-blauer-zweigelt-3L-300x300.png",300,300,true],"medium_large":["https:\/\/pswp.fra1.digitaloceanspaces.com\/w\/20250922170509\/stiegelmar-blauer-zweigelt-3L.png",450,450,false],"large":["https:\/\/pswp.fra1.digitaloceanspaces.com\/w\/20250922170509\/stiegelmar-blauer-zweigelt-3L.png",450,450,false],"1536x1536":["https:\/\/pswp.fra1.digitaloceanspaces.com\/w\/20250922170509\/stiegelmar-blauer-zweigelt-3L.png",450,450,false],"2048x2048":["https:\/\/pswp.fra1.digitaloceanspaces.com\/w\/20250922170509\/stiegelmar-blauer-zweigelt-3L.png",450,450,false],"gform-image-choice-sm":["https:\/\/pswp.fra1.digitaloceanspaces.com\/w\/20250922170509\/stiegelmar-blauer-zweigelt-3L.png",300,300,false],"gform-image-choice-md":["https:\/\/pswp.fra1.digitaloceanspaces.com\/w\/20250922170509\/stiegelmar-blauer-zweigelt-3L.png",400,400,false],"gform-image-choice-lg":["https:\/\/pswp.fra1.digitaloceanspaces.com\/w\/20250922170509\/stiegelmar-blauer-zweigelt-3L.png",450,450,false],"woocommerce_thumbnail":["https:\/\/pswp.fra1.digitaloceanspaces.com\/w\/20250922170509\/stiegelmar-blauer-zweigelt-3L-450x450.png",450,450,true],"woocommerce_single":["https:\/\/pswp.fra1.digitaloceanspaces.com\/w\/20250922170509\/stiegelmar-blauer-zweigelt-3L-450x450.png",450,450,true],"woocommerce_gallery_thumbnail":["https:\/\/pswp.fra1.digitaloceanspaces.com\/w\/20250922170509\/stiegelmar-blauer-zweigelt-3L-100x100.png",100,100,true]},"uagb_author_info":{"display_name":"Ren\u00e9 Clausen","author_link":"https:\/\/whynotwein.eu\/nl\/author\/"},"uagb_comment_info":0,"uagb_excerpt":"Stevige zuurbalans","_links":{"self":[{"href":"https:\/\/whynotwein.eu\/nl\/wp-json\/wp\/v2\/product\/27671","targetHints":{"allow":["GET"]}}],"collection":[{"href":"https:\/\/whynotwein.eu\/nl\/wp-json\/wp\/v2\/product"}],"about":[{"href":"https:\/\/whynotwein.eu\/nl\/wp-json\/wp\/v2\/types\/product"}],"replies":[{"embeddable":true,"href":"https:\/\/whynotwein.eu\/nl\/wp-json\/wp\/v2\/comments?post=27671"}],"wp:featuredmedia":[{"embeddable":true,"href":"https:\/\/whynotwein.eu\/nl\/wp-json\/wp\/v2\/media\/12510"}],"wp:attachment":[{"href":"https:\/\/whynotwein.eu\/nl\/wp-json\/wp\/v2\/media?parent=27671"}],"wp:term":[{"taxonomy":"product_brand","embeddable":true,"href":"https:\/\/whynotwein.eu\/nl\/wp-json\/wp\/v2\/product_brand?post=27671"},{"taxonomy":"product_cat","embeddable":true,"href":"https:\/\/whynotwein.eu\/nl\/wp-json\/wp\/v2\/product_cat?post=27671"},{"taxonomy":"product_tag","embeddable":true,"href":"https:\/\/whynotwein.eu\/nl\/wp-json\/wp\/v2\/product_tag?post=27671"}],"curies":[{"name":"wp","href":"https:\/\/api.w.org\/{rel}","templated":true}]}}