{"id":3939,"date":"2015-10-12T15:34:40","date_gmt":"2015-10-12T13:34:40","guid":{"rendered":"http:\/\/k047968.hosting.kinamo.be\/nl\/produkt\/heideboden-2011-cuvee-zw-bf\/"},"modified":"2026-03-06T09:02:22","modified_gmt":"2026-03-06T08:02:22","slug":"heideboden","status":"publish","type":"product","link":"https:\/\/whynotwein.eu\/nl\/product\/heideboden\/","title":{"rendered":"&#8220;Heideboden&#8221; 2020\/21 Cuv\u00e9e"},"content":{"rendered":"<p>Cuv\u00e9e van Blaufr\u00e4nkisch en Zweigelt<\/p>\n<p>Medium robijnrode granaat, violette reflecties, bredere randverlichting<\/p>\n<p>Teder na gedroogde pruimen en vijgen, chocola-achtige toets, bloemige nuances<\/p>\n<p>Medium lichaam, enigszins wijdmazig, pruimen in de nagalm, biedt ongecompliceerd drinkgenot<\/p>\n<p><strong>89 FALSTAFF-punten<\/strong><\/p>\n<p>Met schroefdop<\/p>\n<p>Ook verkrijgbaar in 1,5 liter magum en 3 liter dubbele magnumflessen<\/p>\n","protected":false},"excerpt":{"rendered":"<p>Sappig zacht met compacte tannines<\/p>\n","protected":false},"featured_media":5395,"comment_status":"closed","ping_status":"closed","template":"","meta":{"_eb_attr":"","_uag_custom_page_level_css":"","site-sidebar-layout":"default","site-content-layout":"default","ast-site-content-layout":"default","site-content-style":"default","site-sidebar-style":"default","ast-global-header-display":"","ast-banner-title-visibility":"","ast-main-header-display":"","ast-hfb-above-header-display":"","ast-hfb-below-header-display":"","ast-hfb-mobile-header-display":"","site-post-title":"","ast-breadcrumbs-content":"","ast-featured-img":"","footer-sml-layout":"","ast-disable-related-posts":"","theme-transparent-header-meta":"default","adv-header-id-meta":"","stick-header-meta":"default","header-above-stick-meta":"","header-main-stick-meta":"","header-below-stick-meta":"","astra-migrate-meta-layouts":"set","ast-page-background-enabled":"default","ast-page-background-meta":{"desktop":{"background-color":"var(--ast-global-color-4)","background-image":"","background-repeat":"repeat","background-position":"center center","background-size":"auto","background-attachment":"scroll","background-type":"","background-media":"","overlay-type":"","overlay-color":"","overlay-opacity":"","overlay-gradient":""},"tablet":{"background-color":"","background-image":"","background-repeat":"repeat","background-position":"center center","background-size":"auto","background-attachment":"scroll","background-type":"","background-media":"","overlay-type":"","overlay-color":"","overlay-opacity":"","overlay-gradient":""},"mobile":{"background-color":"","background-image":"","background-repeat":"repeat","background-position":"center center","background-size":"auto","background-attachment":"scroll","background-type":"","background-media":"","overlay-type":"","overlay-color":"","overlay-opacity":"","overlay-gradient":""}},"ast-content-background-meta":{"desktop":{"background-color":"var(--ast-global-color-5)","background-image":"","background-repeat":"repeat","background-position":"center center","background-size":"auto","background-attachment":"scroll","background-type":"","background-media":"","overlay-type":"","overlay-color":"","overlay-opacity":"","overlay-gradient":""},"tablet":{"background-color":"var(--ast-global-color-5)","background-image":"","background-repeat":"repeat","background-position":"center center","background-size":"auto","background-attachment":"scroll","background-type":"","background-media":"","overlay-type":"","overlay-color":"","overlay-opacity":"","overlay-gradient":""},"mobile":{"background-color":"var(--ast-global-color-5)","background-image":"","background-repeat":"repeat","background-position":"center center","background-size":"auto","background-attachment":"scroll","background-type":"","background-media":"","overlay-type":"","overlay-color":"","overlay-opacity":"","overlay-gradient":""}}},"product_brand":[],"product_cat":[265,644,833,266],"product_tag":[],"class_list":{"0":"post-3939","1":"product","2":"type-product","3":"status-publish","4":"has-post-thumbnail","6":"product_cat-burgenland-de-nl","7":"product_cat-min-6-nl","8":"product_cat-neusiedlersee-nl-2","9":"product_cat-rode-wijnen","10":"pa_weingut-stiegelmar-neusiedlersee-nl","11":"pa_whynotwein-siegel-2-van-3-nl","12":"desktop-align-left","13":"tablet-align-left","14":"mobile-align-left","15":"ast-product-gallery-layout-horizontal-slider","16":"ast-product-gallery-with-no-image","17":"ast-product-tabs-layout-vertical","18":"ast-qv-on-image","20":"first","21":"instock","22":"featured","23":"taxable","24":"shipping-taxable","25":"purchasable","26":"product-type-simple"},"yoast_head":"<!-- This site is optimized with the Yoast SEO plugin v27.3 - https:\/\/yoast.com\/product\/yoast-seo-wordpress\/ -->\n<title>&quot;Heideboden&quot; 2020\/21 Cuv\u00e9e - WhyNotWein<\/title>\n<meta name=\"robots\" content=\"index, follow, max-snippet:-1, max-image-preview:large, max-video-preview:-1\" \/>\n<link rel=\"canonical\" href=\"https:\/\/whynotwein.eu\/nl\/product\/heideboden\/\" \/>\n<meta property=\"og:locale\" content=\"nl_NL\" \/>\n<meta property=\"og:type\" content=\"article\" \/>\n<meta property=\"og:title\" content=\"&quot;Heideboden&quot; 2020\/21 Cuv\u00e9e - WhyNotWein\" \/>\n<meta property=\"og:description\" content=\"Sappig zacht met compacte tannines\" \/>\n<meta property=\"og:url\" content=\"https:\/\/whynotwein.eu\/nl\/product\/heideboden\/\" \/>\n<meta property=\"og:site_name\" content=\"WhyNotWein\" \/>\n<meta property=\"article:modified_time\" content=\"2026-03-06T08:02:22+00:00\" \/>\n<meta property=\"og:image\" content=\"https:\/\/pswp.fra1.digitaloceanspaces.com\/w\/20250922171553\/stiegelmar-heideboden.png\" \/>\n\t<meta property=\"og:image:width\" content=\"450\" \/>\n\t<meta property=\"og:image:height\" content=\"450\" \/>\n\t<meta property=\"og:image:type\" content=\"image\/png\" \/>\n<meta name=\"twitter:card\" content=\"summary_large_image\" \/>\n<meta name=\"twitter:label1\" content=\"Geschatte leestijd\" \/>\n\t<meta name=\"twitter:data1\" content=\"1 minute\" \/>\n<script type=\"application\/ld+json\" class=\"yoast-schema-graph\">{\"@context\":\"https:\\\/\\\/schema.org\",\"@graph\":[{\"@type\":\"WebPage\",\"@id\":\"https:\\\/\\\/whynotwein.eu\\\/nl\\\/product\\\/heideboden\\\/\",\"url\":\"https:\\\/\\\/whynotwein.eu\\\/nl\\\/product\\\/heideboden\\\/\",\"name\":\"\\\"Heideboden\\\" 2020\\\/21 Cuv\u00e9e - WhyNotWein\",\"isPartOf\":{\"@id\":\"https:\\\/\\\/whynotwein.eu\\\/nl\\\/#website\"},\"primaryImageOfPage\":{\"@id\":\"https:\\\/\\\/whynotwein.eu\\\/nl\\\/product\\\/heideboden\\\/#primaryimage\"},\"image\":{\"@id\":\"https:\\\/\\\/whynotwein.eu\\\/nl\\\/product\\\/heideboden\\\/#primaryimage\"},\"thumbnailUrl\":\"https:\\\/\\\/pswp.fra1.digitaloceanspaces.com\\\/w\\\/20250922171553\\\/stiegelmar-heideboden.png\",\"datePublished\":\"2015-10-12T13:34:40+00:00\",\"dateModified\":\"2026-03-06T08:02:22+00:00\",\"breadcrumb\":{\"@id\":\"https:\\\/\\\/whynotwein.eu\\\/nl\\\/product\\\/heideboden\\\/#breadcrumb\"},\"inLanguage\":\"nl-NL\",\"potentialAction\":[{\"@type\":\"ReadAction\",\"target\":[\"https:\\\/\\\/whynotwein.eu\\\/nl\\\/product\\\/heideboden\\\/\"]}]},{\"@type\":\"ImageObject\",\"inLanguage\":\"nl-NL\",\"@id\":\"https:\\\/\\\/whynotwein.eu\\\/nl\\\/product\\\/heideboden\\\/#primaryimage\",\"url\":\"https:\\\/\\\/pswp.fra1.digitaloceanspaces.com\\\/w\\\/20250922171553\\\/stiegelmar-heideboden.png\",\"contentUrl\":\"https:\\\/\\\/pswp.fra1.digitaloceanspaces.com\\\/w\\\/20250922171553\\\/stiegelmar-heideboden.png\",\"width\":450,\"height\":450},{\"@type\":\"BreadcrumbList\",\"@id\":\"https:\\\/\\\/whynotwein.eu\\\/nl\\\/product\\\/heideboden\\\/#breadcrumb\",\"itemListElement\":[{\"@type\":\"ListItem\",\"position\":1,\"name\":\"Home\",\"item\":\"https:\\\/\\\/whynotwein.eu\\\/nl\\\/\"},{\"@type\":\"ListItem\",\"position\":2,\"name\":\"Winkel\",\"item\":\"https:\\\/\\\/whynotwein.eu\\\/nl\\\/winkel\\\/\"},{\"@type\":\"ListItem\",\"position\":3,\"name\":\"&#8222;Heideboden&#8220; 2020\\\/21 Cuv\u00e9e\"}]},{\"@type\":\"WebSite\",\"@id\":\"https:\\\/\\\/whynotwein.eu\\\/nl\\\/#website\",\"url\":\"https:\\\/\\\/whynotwein.eu\\\/nl\\\/\",\"name\":\"WhyNotWein\",\"description\":\"Austrian Wines in Belgium\",\"publisher\":{\"@id\":\"https:\\\/\\\/whynotwein.eu\\\/nl\\\/#organization\"},\"potentialAction\":[{\"@type\":\"SearchAction\",\"target\":{\"@type\":\"EntryPoint\",\"urlTemplate\":\"https:\\\/\\\/whynotwein.eu\\\/nl\\\/?s={search_term_string}\"},\"query-input\":{\"@type\":\"PropertyValueSpecification\",\"valueRequired\":true,\"valueName\":\"search_term_string\"}}],\"inLanguage\":\"nl-NL\"},{\"@type\":\"Organization\",\"@id\":\"https:\\\/\\\/whynotwein.eu\\\/nl\\\/#organization\",\"name\":\"WhyNotWein\",\"url\":\"https:\\\/\\\/whynotwein.eu\\\/nl\\\/\",\"logo\":{\"@type\":\"ImageObject\",\"inLanguage\":\"nl-NL\",\"@id\":\"https:\\\/\\\/whynotwein.eu\\\/nl\\\/#\\\/schema\\\/logo\\\/image\\\/\",\"url\":\"https:\\\/\\\/whynotwein.eu\\\/wp-content\\\/uploads\\\/2015\\\/12\\\/WhyNotWein_Logo_340.png\",\"contentUrl\":\"https:\\\/\\\/whynotwein.eu\\\/wp-content\\\/uploads\\\/2015\\\/12\\\/WhyNotWein_Logo_340.png\",\"width\":340,\"height\":156,\"caption\":\"WhyNotWein\"},\"image\":{\"@id\":\"https:\\\/\\\/whynotwein.eu\\\/nl\\\/#\\\/schema\\\/logo\\\/image\\\/\"}}]}<\/script>\n<!-- \/ Yoast SEO plugin. -->","yoast_head_json":{"title":"\"Heideboden\" 2020\/21 Cuv\u00e9e - WhyNotWein","robots":{"index":"index","follow":"follow","max-snippet":"max-snippet:-1","max-image-preview":"max-image-preview:large","max-video-preview":"max-video-preview:-1"},"canonical":"https:\/\/whynotwein.eu\/nl\/product\/heideboden\/","og_locale":"nl_NL","og_type":"article","og_title":"\"Heideboden\" 2020\/21 Cuv\u00e9e - WhyNotWein","og_description":"Sappig zacht met compacte tannines","og_url":"https:\/\/whynotwein.eu\/nl\/product\/heideboden\/","og_site_name":"WhyNotWein","article_modified_time":"2026-03-06T08:02:22+00:00","og_image":[{"width":450,"height":450,"url":"https:\/\/pswp.fra1.digitaloceanspaces.com\/w\/20250922171553\/stiegelmar-heideboden.png","type":"image\/png"}],"twitter_card":"summary_large_image","twitter_misc":{"Geschatte leestijd":"1 minute"},"schema":{"@context":"https:\/\/schema.org","@graph":[{"@type":"WebPage","@id":"https:\/\/whynotwein.eu\/nl\/product\/heideboden\/","url":"https:\/\/whynotwein.eu\/nl\/product\/heideboden\/","name":"\"Heideboden\" 2020\/21 Cuv\u00e9e - WhyNotWein","isPartOf":{"@id":"https:\/\/whynotwein.eu\/nl\/#website"},"primaryImageOfPage":{"@id":"https:\/\/whynotwein.eu\/nl\/product\/heideboden\/#primaryimage"},"image":{"@id":"https:\/\/whynotwein.eu\/nl\/product\/heideboden\/#primaryimage"},"thumbnailUrl":"https:\/\/pswp.fra1.digitaloceanspaces.com\/w\/20250922171553\/stiegelmar-heideboden.png","datePublished":"2015-10-12T13:34:40+00:00","dateModified":"2026-03-06T08:02:22+00:00","breadcrumb":{"@id":"https:\/\/whynotwein.eu\/nl\/product\/heideboden\/#breadcrumb"},"inLanguage":"nl-NL","potentialAction":[{"@type":"ReadAction","target":["https:\/\/whynotwein.eu\/nl\/product\/heideboden\/"]}]},{"@type":"ImageObject","inLanguage":"nl-NL","@id":"https:\/\/whynotwein.eu\/nl\/product\/heideboden\/#primaryimage","url":"https:\/\/pswp.fra1.digitaloceanspaces.com\/w\/20250922171553\/stiegelmar-heideboden.png","contentUrl":"https:\/\/pswp.fra1.digitaloceanspaces.com\/w\/20250922171553\/stiegelmar-heideboden.png","width":450,"height":450},{"@type":"BreadcrumbList","@id":"https:\/\/whynotwein.eu\/nl\/product\/heideboden\/#breadcrumb","itemListElement":[{"@type":"ListItem","position":1,"name":"Home","item":"https:\/\/whynotwein.eu\/nl\/"},{"@type":"ListItem","position":2,"name":"Winkel","item":"https:\/\/whynotwein.eu\/nl\/winkel\/"},{"@type":"ListItem","position":3,"name":"&#8222;Heideboden&#8220; 2020\/21 Cuv\u00e9e"}]},{"@type":"WebSite","@id":"https:\/\/whynotwein.eu\/nl\/#website","url":"https:\/\/whynotwein.eu\/nl\/","name":"WhyNotWein","description":"Austrian Wines in Belgium","publisher":{"@id":"https:\/\/whynotwein.eu\/nl\/#organization"},"potentialAction":[{"@type":"SearchAction","target":{"@type":"EntryPoint","urlTemplate":"https:\/\/whynotwein.eu\/nl\/?s={search_term_string}"},"query-input":{"@type":"PropertyValueSpecification","valueRequired":true,"valueName":"search_term_string"}}],"inLanguage":"nl-NL"},{"@type":"Organization","@id":"https:\/\/whynotwein.eu\/nl\/#organization","name":"WhyNotWein","url":"https:\/\/whynotwein.eu\/nl\/","logo":{"@type":"ImageObject","inLanguage":"nl-NL","@id":"https:\/\/whynotwein.eu\/nl\/#\/schema\/logo\/image\/","url":"https:\/\/whynotwein.eu\/wp-content\/uploads\/2015\/12\/WhyNotWein_Logo_340.png","contentUrl":"https:\/\/whynotwein.eu\/wp-content\/uploads\/2015\/12\/WhyNotWein_Logo_340.png","width":340,"height":156,"caption":"WhyNotWein"},"image":{"@id":"https:\/\/whynotwein.eu\/nl\/#\/schema\/logo\/image\/"}}]}},"uagb_featured_image_src":{"full":["https:\/\/pswp.fra1.digitaloceanspaces.com\/w\/20250922171553\/stiegelmar-heideboden.png",450,450,false],"thumbnail":["https:\/\/pswp.fra1.digitaloceanspaces.com\/w\/20250922171553\/stiegelmar-heideboden-80x80.png",80,80,true],"medium":["https:\/\/pswp.fra1.digitaloceanspaces.com\/w\/20250922171553\/stiegelmar-heideboden-300x300.png",300,300,true],"medium_large":["https:\/\/pswp.fra1.digitaloceanspaces.com\/w\/20250922171553\/stiegelmar-heideboden.png",450,450,false],"large":["https:\/\/pswp.fra1.digitaloceanspaces.com\/w\/20250922171553\/stiegelmar-heideboden.png",450,450,false],"1536x1536":["https:\/\/pswp.fra1.digitaloceanspaces.com\/w\/20250922171553\/stiegelmar-heideboden.png",450,450,false],"2048x2048":["https:\/\/pswp.fra1.digitaloceanspaces.com\/w\/20250922171553\/stiegelmar-heideboden.png",450,450,false],"gform-image-choice-sm":["https:\/\/pswp.fra1.digitaloceanspaces.com\/w\/20250922171553\/stiegelmar-heideboden.png",300,300,false],"gform-image-choice-md":["https:\/\/pswp.fra1.digitaloceanspaces.com\/w\/20250922171553\/stiegelmar-heideboden.png",400,400,false],"gform-image-choice-lg":["https:\/\/pswp.fra1.digitaloceanspaces.com\/w\/20250922171553\/stiegelmar-heideboden.png",450,450,false],"woocommerce_thumbnail":["https:\/\/pswp.fra1.digitaloceanspaces.com\/w\/20250922171553\/stiegelmar-heideboden-450x450.png",450,450,true],"woocommerce_single":["https:\/\/pswp.fra1.digitaloceanspaces.com\/w\/20250922171553\/stiegelmar-heideboden-450x450.png",450,450,true],"woocommerce_gallery_thumbnail":["https:\/\/pswp.fra1.digitaloceanspaces.com\/w\/20250922171553\/stiegelmar-heideboden-100x100.png",100,100,true]},"uagb_author_info":{"display_name":"Christian Meixner","author_link":"https:\/\/whynotwein.eu\/nl\/author\/"},"uagb_comment_info":0,"uagb_excerpt":"Sappig zacht met compacte tannines","_links":{"self":[{"href":"https:\/\/whynotwein.eu\/nl\/wp-json\/wp\/v2\/product\/3939","targetHints":{"allow":["GET"]}}],"collection":[{"href":"https:\/\/whynotwein.eu\/nl\/wp-json\/wp\/v2\/product"}],"about":[{"href":"https:\/\/whynotwein.eu\/nl\/wp-json\/wp\/v2\/types\/product"}],"replies":[{"embeddable":true,"href":"https:\/\/whynotwein.eu\/nl\/wp-json\/wp\/v2\/comments?post=3939"}],"wp:featuredmedia":[{"embeddable":true,"href":"https:\/\/whynotwein.eu\/nl\/wp-json\/wp\/v2\/media\/5395"}],"wp:attachment":[{"href":"https:\/\/whynotwein.eu\/nl\/wp-json\/wp\/v2\/media?parent=3939"}],"wp:term":[{"taxonomy":"product_brand","embeddable":true,"href":"https:\/\/whynotwein.eu\/nl\/wp-json\/wp\/v2\/product_brand?post=3939"},{"taxonomy":"product_cat","embeddable":true,"href":"https:\/\/whynotwein.eu\/nl\/wp-json\/wp\/v2\/product_cat?post=3939"},{"taxonomy":"product_tag","embeddable":true,"href":"https:\/\/whynotwein.eu\/nl\/wp-json\/wp\/v2\/product_tag?post=3939"}],"curies":[{"name":"wp","href":"https:\/\/api.w.org\/{rel}","templated":true}]}}